{"id":4219,"date":"2020-08-04T14:23:50","date_gmt":"2020-08-04T12:23:50","guid":{"rendered":"https:\/\/deliciaspersas.com\/?post_type=product&#038;p=4219"},"modified":"2024-08-21T11:51:05","modified_gmt":"2024-08-21T09:51:05","slug":"pistacho-con-azafran-peste-zafarani-granel-dayan","status":"publish","type":"product","link":"https:\/\/deliciaspersas.com\/en\/tienda\/secos\/pistacho-con-azafran-peste-zafarani-granel-dayan\/","title":{"rendered":"Pistacho con azafr\u00e1n ( peste zafarani ) granel Dayan"},"content":{"rendered":"<h1>Pistacho con azafr\u00e1n ( peste zafarani ) granel Dayan<\/h1>\n<h6>Informaci\u00f3n del producto:<\/h6>\n<p>Deliciosos pistachos persas con sabor a lim\u00f3n.<\/p>\n<h6>Usos:<\/h6>\n<p>Se utilizan como un tentempi\u00e9.<\/p>\n<h6>Beneficios:<\/h6>\n<p>Los pistachos son uno de los frutos secos m\u00e1s valorados y no solo por su suculento sabor, tambi\u00e9n cuentan con\u00a0numerosos beneficios para la salud\u00a0gracias a su alto contenido en nutrientes como calcio, prote\u00edna, fibra o vitaminas.<\/p>\n<p><span style=\"font-size: 16px; font-style: normal; font-weight: 400;\">Estos pistachos, a parte de ser deliciosos; son ricos en vitimina (vitamina B1) y vitamina B6, son una fuente de riboflavina, vitamina E, vitamina K y \u00e1cido f\u00f3lico. Adem\u00e1s, contienen cromato de potasio, cobre, manganeso, hierro, selenio y zinc; as\u00ed como fitoqu\u00edmicos, lute\u00edna y zeaxantina (carotenoides).Adem\u00e1s, favorecen el control de los niveles de az\u00facar en sangre.<\/span><\/p>\n<p>El pistacho es uno de los alimentos no l\u00e1cteos que m\u00e1s calcio posee. Un pu\u00f1adito de estos frutos secos puede ser una opci\u00f3n saludable siempre.<\/p>\n<p>Los pistachos poseen un alto contenido en\u00a0fibra, por lo que ayudan a prevenir el estre\u00f1imiento.<\/p>\n<p>Veinticinco gramos de este producto \u2014entre 40 y 49 pistachos\u2014, aportan el ocho por ciento del valor diario recomendado de magnesio, potasio, hierro y grasas saludables.<\/p>\n<p>El magnesio regula la funci\u00f3n de los m\u00fasculos corporales, del sistema nervioso, de la presi\u00f3n sangu\u00ednea y de los niveles de az\u00facar en sangre. Las personas que sufren migra\u00f1as a veces tienen bajos niveles de magnesio en la sangre y en otros tejidos. Los suplementos de magnesio pueden reducir un poco la frecuencia de las migra\u00f1as.<\/p>\n<p>Los pistachos no solo contienen vitaminas E, B2 y B6, magnesio, potasio y fibra, sino que tambi\u00e9n poseen una gran cantidad de hierro. Por eso, generalmente son productos beneficiosos para deportistas o para personas con anemia ferrop\u00e9nica.<\/p>\n<div class=\"step\">\n<div class=\"paragraph\">\n<p><span style=\"font-size: 1.1em; font-weight: bold;\">Ingredientes y al\u00e9rgenos:<\/span><\/p>\n<\/div>\n<\/div>\n<p>Pistachos persas.<\/p>\n<h6>Condiciones de conservaci\u00f3n:<\/h6>\n<p>Conservar en un lugar fresco, seco y protegido de la luz.<\/p>\n<h6>Informaci\u00f3n adicional:<\/h6>\n<p>Fabricado por: Donya<\/p>\n<p><span class=\"LrzXr\">UNIT 1B, 6 Greycaine Rd<\/span><\/p>\n<p><span class=\"LrzXr\">Watford WD24 7GP, <\/span><\/p>\n<p><span class=\"LrzXr\">Reino Unido<\/span><\/p>\n","protected":false},"excerpt":{"rendered":"<p>Pistacho con azafr\u00e1n ( peste zafarani ) granel Dayan Informaci\u00f3n del producto: Deliciosos pistachos persas con sabor a lim\u00f3n. Usos: Se utilizan como un tentempi\u00e9. Beneficios: Los pistachos son uno de los frutos secos m\u00e1s valorados y no solo por su suculento sabor, tambi\u00e9n cuentan con\u00a0numerosos beneficios para la salud\u00a0gracias a su alto contenido en [&hellip;]<\/p>\n","protected":false},"featured_media":15073,"template":"","meta":{"_surecart_dashboard_logo_width":"180px","_surecart_dashboard_show_logo":true,"_surecart_dashboard_navigation_orders":true,"_surecart_dashboard_navigation_invoices":true,"_surecart_dashboard_navigation_subscriptions":true,"_surecart_dashboard_navigation_downloads":true,"_surecart_dashboard_navigation_billing":true,"_surecart_dashboard_navigation_account":true,"_uag_custom_page_level_css":"","site-sidebar-layout":"default","site-content-layout":"default","ast-site-content-layout":"default","site-content-style":"default","site-sidebar-style":"default","ast-global-header-display":"","ast-banner-title-visibility":"","ast-main-header-display":"","ast-hfb-above-header-display":"","ast-hfb-below-header-display":"","ast-hfb-mobile-header-display":"","site-post-title":"","ast-breadcrumbs-content":"","ast-featured-img":"","footer-sml-layout":"","theme-transparent-header-meta":"default","adv-header-id-meta":"","stick-header-meta":"","header-above-stick-meta":"","header-main-stick-meta":"","header-below-stick-meta":"","astra-migrate-meta-layouts":"set","ast-page-background-enabled":"default","ast-page-background-meta":{"desktop":{"background-color":"","background-image":"","background-repeat":"repeat","background-position":"center center","background-size":"auto","background-attachment":"scroll","background-type":"","background-media":"","overlay-type":"","overlay-color":"","overlay-opacity":"","overlay-gradient":""},"tablet":{"background-color":"","background-image":"","background-repeat":"repeat","background-position":"center center","background-size":"auto","background-attachment":"scroll","background-type":"","background-media":"","overlay-type":"","overlay-color":"","overlay-opacity":"","overlay-gradient":""},"mobile":{"background-color":"","background-image":"","background-repeat":"repeat","background-position":"center center","background-size":"auto","background-attachment":"scroll","background-type":"","background-media":"","overlay-type":"","overlay-color":"","overlay-opacity":"","overlay-gradient":""}},"ast-content-background-meta":{"desktop":{"background-color":"var(--ast-global-color-5)","background-image":"","background-repeat":"repeat","background-position":"center center","background-size":"auto","background-attachment":"scroll","background-type":"","background-media":"","overlay-type":"","overlay-color":"","overlay-opacity":"","overlay-gradient":""},"tablet":{"background-color":"var(--ast-global-color-5)","background-image":"","background-repeat":"repeat","background-position":"center center","background-size":"auto","background-attachment":"scroll","background-type":"","background-media":"","overlay-type":"","overlay-color":"","overlay-opacity":"","overlay-gradient":""},"mobile":{"background-color":"var(--ast-global-color-5)","background-image":"","background-repeat":"repeat","background-position":"center center","background-size":"auto","background-attachment":"scroll","background-type":"","background-media":"","overlay-type":"","overlay-color":"","overlay-opacity":"","overlay-gradient":""}}},"pwb-brand":[113],"product_cat":[40],"product_tag":[717,556,1319,1552,679,874,1553,681],"class_list":{"0":"post-4219","1":"product","2":"type-product","3":"status-publish","4":"has-post-thumbnail","6":"pwb-brand-dayan-2","7":"product_cat-secos","8":"product_tag-azafran","9":"product_tag-frutos-secos","10":"product_tag-peste","11":"product_tag-pistachio","12":"product_tag-pistacho","13":"product_tag-pistachos","14":"product_tag-zafarani","15":"product_tag-681","16":"desktop-align-center","17":"tablet-align-center","18":"mobile-align-center","20":"first","21":"instock","22":"taxable","23":"shipping-taxable","24":"purchasable","25":"product-type-variable"},"yoast_head":"<!-- This site is optimized with the Yoast SEO plugin v23.6 - https:\/\/yoast.com\/wordpress\/plugins\/seo\/ -->\n<title>Pistacho con azafr\u00e1n ( peste zafarani ) granel Dayan - Delicias Persas<\/title>\n<meta name=\"description\" content=\"Deliciosos pistachos persas, ricos en vitiminas y \u00e1cido f\u00f3lico. Adem\u00e1s, favorecen el control de los niveles de az\u00facar en sangre....\" \/>\n<meta name=\"robots\" content=\"index, follow, max-snippet:-1, max-image-preview:large, max-video-preview:-1\" \/>\n<link rel=\"canonical\" href=\"https:\/\/deliciaspersas.com\/en\/tienda\/secos\/pistacho-con-azafran-peste-zafarani-granel-dayan\/\" \/>\n<meta property=\"og:locale\" content=\"en_US\" \/>\n<meta property=\"og:type\" content=\"article\" \/>\n<meta property=\"og:title\" content=\"Pistacho con azafr\u00e1n ( peste zafarani ) granel Dayan - Delicias Persas\" \/>\n<meta property=\"og:description\" content=\"Deliciosos pistachos persas, ricos en vitiminas y \u00e1cido f\u00f3lico. Adem\u00e1s, favorecen el control de los niveles de az\u00facar en sangre....\" \/>\n<meta property=\"og:url\" content=\"https:\/\/deliciaspersas.com\/en\/tienda\/secos\/pistacho-con-azafran-peste-zafarani-granel-dayan\/\" \/>\n<meta property=\"og:site_name\" content=\"Delicias Persas\" \/>\n<meta property=\"article:publisher\" content=\"https:\/\/www.facebook.com\/Deliciaspersas\" \/>\n<meta property=\"article:modified_time\" content=\"2024-08-21T09:51:05+00:00\" \/>\n<meta property=\"og:image\" content=\"https:\/\/deliciaspersas.com\/wp-content\/uploads\/Pistachio-Azafran-Dayan.webp\" \/>\n\t<meta property=\"og:image:width\" content=\"1000\" \/>\n\t<meta property=\"og:image:height\" content=\"1000\" \/>\n\t<meta property=\"og:image:type\" content=\"image\/webp\" \/>\n<meta name=\"twitter:card\" content=\"summary_large_image\" \/>\n<meta name=\"twitter:label1\" content=\"Est. reading time\" \/>\n\t<meta name=\"twitter:data1\" content=\"2 minutes\" \/>\n<script type=\"application\/ld+json\" class=\"yoast-schema-graph\">{\"@context\":\"https:\/\/schema.org\",\"@graph\":[{\"@type\":\"WebPage\",\"@id\":\"https:\/\/deliciaspersas.com\/en\/tienda\/secos\/pistacho-con-azafran-peste-zafarani-granel-dayan\/\",\"url\":\"https:\/\/deliciaspersas.com\/en\/tienda\/secos\/pistacho-con-azafran-peste-zafarani-granel-dayan\/\",\"name\":\"Pistacho con azafr\u00e1n ( peste zafarani ) granel Dayan - Delicias Persas\",\"isPartOf\":{\"@id\":\"https:\/\/deliciaspersas.com\/en\/#website\"},\"primaryImageOfPage\":{\"@id\":\"https:\/\/deliciaspersas.com\/en\/tienda\/secos\/pistacho-con-azafran-peste-zafarani-granel-dayan\/#primaryimage\"},\"image\":{\"@id\":\"https:\/\/deliciaspersas.com\/en\/tienda\/secos\/pistacho-con-azafran-peste-zafarani-granel-dayan\/#primaryimage\"},\"thumbnailUrl\":\"https:\/\/deliciaspersas.com\/wp-content\/uploads\/Pistachio-Azafran-Dayan.webp\",\"datePublished\":\"2020-08-04T12:23:50+00:00\",\"dateModified\":\"2024-08-21T09:51:05+00:00\",\"description\":\"Deliciosos pistachos persas, ricos en vitiminas y \u00e1cido f\u00f3lico. Adem\u00e1s, favorecen el control de los niveles de az\u00facar en sangre....\",\"breadcrumb\":{\"@id\":\"https:\/\/deliciaspersas.com\/en\/tienda\/secos\/pistacho-con-azafran-peste-zafarani-granel-dayan\/#breadcrumb\"},\"inLanguage\":\"en-US\",\"potentialAction\":[{\"@type\":\"ReadAction\",\"target\":[\"https:\/\/deliciaspersas.com\/en\/tienda\/secos\/pistacho-con-azafran-peste-zafarani-granel-dayan\/\"]}]},{\"@type\":\"ImageObject\",\"inLanguage\":\"en-US\",\"@id\":\"https:\/\/deliciaspersas.com\/en\/tienda\/secos\/pistacho-con-azafran-peste-zafarani-granel-dayan\/#primaryimage\",\"url\":\"https:\/\/deliciaspersas.com\/wp-content\/uploads\/Pistachio-Azafran-Dayan.webp\",\"contentUrl\":\"https:\/\/deliciaspersas.com\/wp-content\/uploads\/Pistachio-Azafran-Dayan.webp\",\"width\":1000,\"height\":1000},{\"@type\":\"BreadcrumbList\",\"@id\":\"https:\/\/deliciaspersas.com\/en\/tienda\/secos\/pistacho-con-azafran-peste-zafarani-granel-dayan\/#breadcrumb\",\"itemListElement\":[{\"@type\":\"ListItem\",\"position\":1,\"name\":\"Portada\",\"item\":\"https:\/\/deliciaspersas.com\/en\/\"},{\"@type\":\"ListItem\",\"position\":2,\"name\":\"Tienda\",\"item\":\"https:\/\/deliciaspersas.com\/\"},{\"@type\":\"ListItem\",\"position\":3,\"name\":\"Pistacho con azafr\u00e1n ( peste zafarani ) granel Dayan\"}]},{\"@type\":\"WebSite\",\"@id\":\"https:\/\/deliciaspersas.com\/en\/#website\",\"url\":\"https:\/\/deliciaspersas.com\/en\/\",\"name\":\"Delicias Persas\",\"description\":\"Gastronom&iacute;a persa al alcance de tus manos\",\"publisher\":{\"@id\":\"https:\/\/deliciaspersas.com\/en\/#organization\"},\"potentialAction\":[{\"@type\":\"SearchAction\",\"target\":{\"@type\":\"EntryPoint\",\"urlTemplate\":\"https:\/\/deliciaspersas.com\/en\/?s={search_term_string}\"},\"query-input\":{\"@type\":\"PropertyValueSpecification\",\"valueRequired\":true,\"valueName\":\"search_term_string\"}}],\"inLanguage\":\"en-US\"},{\"@type\":\"Organization\",\"@id\":\"https:\/\/deliciaspersas.com\/en\/#organization\",\"name\":\"Delicias Persas\",\"url\":\"https:\/\/deliciaspersas.com\/en\/\",\"logo\":{\"@type\":\"ImageObject\",\"inLanguage\":\"en-US\",\"@id\":\"https:\/\/deliciaspersas.com\/en\/#\/schema\/logo\/image\/\",\"url\":\"https:\/\/deliciaspersas.com\/wp-content\/uploads\/2020\/07\/logo-2020.png\",\"contentUrl\":\"https:\/\/deliciaspersas.com\/wp-content\/uploads\/2020\/07\/logo-2020.png\",\"width\":520,\"height\":490,\"caption\":\"Delicias Persas\"},\"image\":{\"@id\":\"https:\/\/deliciaspersas.com\/en\/#\/schema\/logo\/image\/\"},\"sameAs\":[\"https:\/\/www.facebook.com\/Deliciaspersas\",\"https:\/\/www.instagram.com\/delicias_persas\/\",\"https:\/\/www.linkedin.com\/delicias-persas\"]}]}<\/script>\n<!-- \/ Yoast SEO plugin. -->","yoast_head_json":{"title":"Pistacho con azafr\u00e1n ( peste zafarani ) granel Dayan - Delicias Persas","description":"Deliciosos pistachos persas, ricos en vitiminas y \u00e1cido f\u00f3lico. Adem\u00e1s, favorecen el control de los niveles de az\u00facar en sangre....","robots":{"index":"index","follow":"follow","max-snippet":"max-snippet:-1","max-image-preview":"max-image-preview:large","max-video-preview":"max-video-preview:-1"},"canonical":"https:\/\/deliciaspersas.com\/en\/tienda\/secos\/pistacho-con-azafran-peste-zafarani-granel-dayan\/","og_locale":"en_US","og_type":"article","og_title":"Pistacho con azafr\u00e1n ( peste zafarani ) granel Dayan - Delicias Persas","og_description":"Deliciosos pistachos persas, ricos en vitiminas y \u00e1cido f\u00f3lico. Adem\u00e1s, favorecen el control de los niveles de az\u00facar en sangre....","og_url":"https:\/\/deliciaspersas.com\/en\/tienda\/secos\/pistacho-con-azafran-peste-zafarani-granel-dayan\/","og_site_name":"Delicias Persas","article_publisher":"https:\/\/www.facebook.com\/Deliciaspersas","article_modified_time":"2024-08-21T09:51:05+00:00","og_image":[{"width":1000,"height":1000,"url":"https:\/\/deliciaspersas.com\/wp-content\/uploads\/Pistachio-Azafran-Dayan.webp","type":"image\/webp"}],"twitter_card":"summary_large_image","twitter_misc":{"Est. reading time":"2 minutes"},"schema":{"@context":"https:\/\/schema.org","@graph":[{"@type":"WebPage","@id":"https:\/\/deliciaspersas.com\/en\/tienda\/secos\/pistacho-con-azafran-peste-zafarani-granel-dayan\/","url":"https:\/\/deliciaspersas.com\/en\/tienda\/secos\/pistacho-con-azafran-peste-zafarani-granel-dayan\/","name":"Pistacho con azafr\u00e1n ( peste zafarani ) granel Dayan - Delicias Persas","isPartOf":{"@id":"https:\/\/deliciaspersas.com\/en\/#website"},"primaryImageOfPage":{"@id":"https:\/\/deliciaspersas.com\/en\/tienda\/secos\/pistacho-con-azafran-peste-zafarani-granel-dayan\/#primaryimage"},"image":{"@id":"https:\/\/deliciaspersas.com\/en\/tienda\/secos\/pistacho-con-azafran-peste-zafarani-granel-dayan\/#primaryimage"},"thumbnailUrl":"https:\/\/deliciaspersas.com\/wp-content\/uploads\/Pistachio-Azafran-Dayan.webp","datePublished":"2020-08-04T12:23:50+00:00","dateModified":"2024-08-21T09:51:05+00:00","description":"Deliciosos pistachos persas, ricos en vitiminas y \u00e1cido f\u00f3lico. Adem\u00e1s, favorecen el control de los niveles de az\u00facar en sangre....","breadcrumb":{"@id":"https:\/\/deliciaspersas.com\/en\/tienda\/secos\/pistacho-con-azafran-peste-zafarani-granel-dayan\/#breadcrumb"},"inLanguage":"en-US","potentialAction":[{"@type":"ReadAction","target":["https:\/\/deliciaspersas.com\/en\/tienda\/secos\/pistacho-con-azafran-peste-zafarani-granel-dayan\/"]}]},{"@type":"ImageObject","inLanguage":"en-US","@id":"https:\/\/deliciaspersas.com\/en\/tienda\/secos\/pistacho-con-azafran-peste-zafarani-granel-dayan\/#primaryimage","url":"https:\/\/deliciaspersas.com\/wp-content\/uploads\/Pistachio-Azafran-Dayan.webp","contentUrl":"https:\/\/deliciaspersas.com\/wp-content\/uploads\/Pistachio-Azafran-Dayan.webp","width":1000,"height":1000},{"@type":"BreadcrumbList","@id":"https:\/\/deliciaspersas.com\/en\/tienda\/secos\/pistacho-con-azafran-peste-zafarani-granel-dayan\/#breadcrumb","itemListElement":[{"@type":"ListItem","position":1,"name":"Portada","item":"https:\/\/deliciaspersas.com\/en\/"},{"@type":"ListItem","position":2,"name":"Tienda","item":"https:\/\/deliciaspersas.com\/"},{"@type":"ListItem","position":3,"name":"Pistacho con azafr\u00e1n ( peste zafarani ) granel Dayan"}]},{"@type":"WebSite","@id":"https:\/\/deliciaspersas.com\/en\/#website","url":"https:\/\/deliciaspersas.com\/en\/","name":"Delicias Persas","description":"Gastronom&iacute;a persa al alcance de tus manos","publisher":{"@id":"https:\/\/deliciaspersas.com\/en\/#organization"},"potentialAction":[{"@type":"SearchAction","target":{"@type":"EntryPoint","urlTemplate":"https:\/\/deliciaspersas.com\/en\/?s={search_term_string}"},"query-input":{"@type":"PropertyValueSpecification","valueRequired":true,"valueName":"search_term_string"}}],"inLanguage":"en-US"},{"@type":"Organization","@id":"https:\/\/deliciaspersas.com\/en\/#organization","name":"Delicias Persas","url":"https:\/\/deliciaspersas.com\/en\/","logo":{"@type":"ImageObject","inLanguage":"en-US","@id":"https:\/\/deliciaspersas.com\/en\/#\/schema\/logo\/image\/","url":"https:\/\/deliciaspersas.com\/wp-content\/uploads\/2020\/07\/logo-2020.png","contentUrl":"https:\/\/deliciaspersas.com\/wp-content\/uploads\/2020\/07\/logo-2020.png","width":520,"height":490,"caption":"Delicias Persas"},"image":{"@id":"https:\/\/deliciaspersas.com\/en\/#\/schema\/logo\/image\/"},"sameAs":["https:\/\/www.facebook.com\/Deliciaspersas","https:\/\/www.instagram.com\/delicias_persas\/","https:\/\/www.linkedin.com\/delicias-persas"]}]}},"uagb_featured_image_src":{"full":["https:\/\/deliciaspersas.com\/wp-content\/uploads\/Pistachio-Azafran-Dayan.webp",1000,1000,false],"thumbnail":["https:\/\/deliciaspersas.com\/wp-content\/uploads\/Pistachio-Azafran-Dayan-150x150.webp",150,150,true],"medium":["https:\/\/deliciaspersas.com\/wp-content\/uploads\/Pistachio-Azafran-Dayan-300x300.webp",300,300,true],"medium_large":["https:\/\/deliciaspersas.com\/wp-content\/uploads\/Pistachio-Azafran-Dayan-768x768.webp",768,768,true],"large":["https:\/\/deliciaspersas.com\/wp-content\/uploads\/Pistachio-Azafran-Dayan.webp",1000,1000,false],"1536x1536":["https:\/\/deliciaspersas.com\/wp-content\/uploads\/Pistachio-Azafran-Dayan.webp",1000,1000,false],"2048x2048":["https:\/\/deliciaspersas.com\/wp-content\/uploads\/Pistachio-Azafran-Dayan.webp",1000,1000,false],"woocommerce_thumbnail":["https:\/\/deliciaspersas.com\/wp-content\/uploads\/Pistachio-Azafran-Dayan-300x300.webp",300,300,true],"woocommerce_single":["https:\/\/deliciaspersas.com\/wp-content\/uploads\/Pistachio-Azafran-Dayan-600x600.webp",600,600,true],"woocommerce_gallery_thumbnail":["https:\/\/deliciaspersas.com\/wp-content\/uploads\/Pistachio-Azafran-Dayan-100x100.webp",100,100,true]},"uagb_author_info":{"display_name":"ventas.dayan","author_link":"https:\/\/deliciaspersas.com\/en\/author\/"},"uagb_comment_info":0,"uagb_excerpt":"Pistacho con azafr\u00e1n ( peste zafarani ) granel Dayan Informaci\u00f3n del producto: Deliciosos pistachos persas con sabor a lim\u00f3n. Usos: Se utilizan como un tentempi\u00e9. Beneficios: Los pistachos son uno de los frutos secos m\u00e1s valorados y no solo por su suculento sabor, tambi\u00e9n cuentan con\u00a0numerosos beneficios para la salud\u00a0gracias a su alto contenido en&hellip;","brands":[{"id":113,"name":"Dayan","slug":"dayan-2"}],"_links":{"self":[{"href":"https:\/\/deliciaspersas.com\/en\/wp-json\/wp\/v2\/product\/4219"}],"collection":[{"href":"https:\/\/deliciaspersas.com\/en\/wp-json\/wp\/v2\/product"}],"about":[{"href":"https:\/\/deliciaspersas.com\/en\/wp-json\/wp\/v2\/types\/product"}],"wp:featuredmedia":[{"embeddable":true,"href":"https:\/\/deliciaspersas.com\/en\/wp-json\/wp\/v2\/media\/15073"}],"wp:attachment":[{"href":"https:\/\/deliciaspersas.com\/en\/wp-json\/wp\/v2\/media?parent=4219"}],"wp:term":[{"taxonomy":"pwb-brand","embeddable":true,"href":"https:\/\/deliciaspersas.com\/en\/wp-json\/wp\/v2\/pwb-brand?post=4219"},{"taxonomy":"product_cat","embeddable":true,"href":"https:\/\/deliciaspersas.com\/en\/wp-json\/wp\/v2\/product_cat?post=4219"},{"taxonomy":"product_tag","embeddable":true,"href":"https:\/\/deliciaspersas.com\/en\/wp-json\/wp\/v2\/product_tag?post=4219"}],"curies":[{"name":"wp","href":"https:\/\/api.w.org\/{rel}","templated":true}]}}