{"id":4530,"date":"2020-08-18T17:01:43","date_gmt":"2020-08-18T15:01:43","guid":{"rendered":"https:\/\/deliciaspersas.com\/?post_type=product&#038;p=4530"},"modified":"2025-12-11T14:06:41","modified_gmt":"2025-12-11T13:06:41","slug":"zumo-de-zereshk-ab-zereshk-15-l-tofigh","status":"publish","type":"product","link":"https:\/\/deliciaspersas.com\/en\/tienda\/bebidas\/zumo-de-zereshk-ab-zereshk-15-l-tofigh\/","title":{"rendered":"Zumo de Zereshk ( Ab zereshk ) 1,5 L Tofigh"},"content":{"rendered":"<h1>Zumo de Zereshk ( Ab zereshk ) 1,5 L Tofigh<\/h1>\n<h6>Informaci\u00f3n del producto:<\/h6>\n<p class=\"title\" data-asset-id=\"967547802\">Zumo de zereshk (agracejo)<\/p>\n<h6>Ingredientes y al\u00e9rgenos:<\/h6>\n<p>Exprimido de Zereshk (agracejo) y az\u00facar.<\/p>\n<h6>Usos:<\/h6>\n<div class=\"step\">\n<div class=\"paragraph\">\n<p>El zumo de zereshk, aporta el sabor y los beneficios del agracejo, ya que\u00a0promueve la secreci\u00f3n de bilis por la ves\u00edcula y ayuda a prevenir los c\u00e1lculos biliares. Act\u00faa como un excelente agente antibacteriano en infecciones del tracto digestivo que pueden manifestarse con c\u00f3licos o diarreas.<\/p>\n<h6>Beneficios:<\/h6>\n<p>El zumo de Zereshk ayuda a reducir la inflamaci\u00f3n. De hecho, la inflamaci\u00f3n es la causa principal de algunas enfermedades infecciosas, y el tratamiento de estas inflamaciones puede ser tolerable al causar pocos s\u00edntomas.<\/p>\n<p>Otro beneficio de zumo de Zereshk es el tratamiento de las infecciones del tracto urinario.<br \/>\nUno de los beneficios m\u00e1s importantes de este producto es que, debido a la presencia de algunos agentes antibacterianos y antif\u00fangicos, puede ayudar a tratar las infecciones gastrointestinales.<br \/>\nAs\u00ed mismo ayuda a tratar el dolor de garganta y algunas afecciones leves, como los resfriados. Esto se debe a la presencia de vitamina C en este alimento.<\/p>\n<p>La diarrea es causada por ciertas bacterias que se tratan naturalmente con agracejo. Sin embargo, cuando la afecci\u00f3n sea grave, llame a su m\u00e9dico.<br \/>\nTodas las frutas contienen mucha fibra, lo que es bueno para la digesti\u00f3n. Zereshk tambi\u00e9n es \u00fatil para mejorar la digesti\u00f3n debido a su rico contenido en fibra. Adem\u00e1s, los efectos antibacterianos y antif\u00fangicos de Zereshk puede ayudar a mantener un cuerpo sano y libre de infecciones.<br \/>\nEn casos de intoxicaci\u00f3n alimentaria, esta fruta se puede utilizar como remedio casero. Esto se debe a la presencia de agentes antibacterianos en Zereshk, sin embargo, en casos graves, se debe consultar a un m\u00e9dico.<\/p>\n<\/div>\n<\/div>\n<h6>Condiciones de conservaci\u00f3n:<\/h6>\n<p>Conservar en un lugar fresco, seco y protegido de la luz.<\/p>\n<h6>Informaci\u00f3n adicional:<\/h6>\n<p>Fabricado por: Tofigh<\/p>\n","protected":false},"excerpt":{"rendered":"<p>Zumo de Zereshk ( Ab zereshk ) 1,5 L Tofigh Informaci\u00f3n del producto: Zumo de zereshk (agracejo) Ingredientes y al\u00e9rgenos: Exprimido de Zereshk (agracejo) y az\u00facar. Usos: El zumo de zereshk, aporta el sabor y los beneficios del agracejo, ya que\u00a0promueve la secreci\u00f3n de bilis por la ves\u00edcula y ayuda a prevenir los c\u00e1lculos biliares. [&hellip;]<\/p>\n","protected":false},"featured_media":15171,"template":"","meta":{"_surecart_dashboard_logo_width":"180px","_surecart_dashboard_show_logo":true,"_surecart_dashboard_navigation_orders":true,"_surecart_dashboard_navigation_invoices":true,"_surecart_dashboard_navigation_subscriptions":true,"_surecart_dashboard_navigation_downloads":true,"_surecart_dashboard_navigation_billing":true,"_surecart_dashboard_navigation_account":true,"_uag_custom_page_level_css":"","site-sidebar-layout":"default","site-content-layout":"default","ast-site-content-layout":"default","site-content-style":"default","site-sidebar-style":"default","ast-global-header-display":"","ast-banner-title-visibility":"","ast-main-header-display":"","ast-hfb-above-header-display":"","ast-hfb-below-header-display":"","ast-hfb-mobile-header-display":"","site-post-title":"","ast-breadcrumbs-content":"","ast-featured-img":"","footer-sml-layout":"","theme-transparent-header-meta":"default","adv-header-id-meta":"","stick-header-meta":"","header-above-stick-meta":"","header-main-stick-meta":"","header-below-stick-meta":"","astra-migrate-meta-layouts":"set","ast-page-background-enabled":"default","ast-page-background-meta":{"desktop":{"background-color":"","background-image":"","background-repeat":"repeat","background-position":"center center","background-size":"auto","background-attachment":"scroll","background-type":"","background-media":"","overlay-type":"","overlay-color":"","overlay-opacity":"","overlay-gradient":""},"tablet":{"background-color":"","background-image":"","background-repeat":"repeat","background-position":"center center","background-size":"auto","background-attachment":"scroll","background-type":"","background-media":"","overlay-type":"","overlay-color":"","overlay-opacity":"","overlay-gradient":""},"mobile":{"background-color":"","background-image":"","background-repeat":"repeat","background-position":"center center","background-size":"auto","background-attachment":"scroll","background-type":"","background-media":"","overlay-type":"","overlay-color":"","overlay-opacity":"","overlay-gradient":""}},"ast-content-background-meta":{"desktop":{"background-color":"var(--ast-global-color-5)","background-image":"","background-repeat":"repeat","background-position":"center center","background-size":"auto","background-attachment":"scroll","background-type":"","background-media":"","overlay-type":"","overlay-color":"","overlay-opacity":"","overlay-gradient":""},"tablet":{"background-color":"var(--ast-global-color-5)","background-image":"","background-repeat":"repeat","background-position":"center center","background-size":"auto","background-attachment":"scroll","background-type":"","background-media":"","overlay-type":"","overlay-color":"","overlay-opacity":"","overlay-gradient":""},"mobile":{"background-color":"var(--ast-global-color-5)","background-image":"","background-repeat":"repeat","background-position":"center center","background-size":"auto","background-attachment":"scroll","background-type":"","background-media":"","overlay-type":"","overlay-color":"","overlay-opacity":"","overlay-gradient":""}}},"pwb-brand":[1564],"product_cat":[37],"product_tag":[],"class_list":{"0":"post-4530","1":"product","2":"type-product","3":"status-publish","4":"has-post-thumbnail","6":"pwb-brand-tofigh","7":"product_cat-bebidas","8":"desktop-align-center","9":"tablet-align-center","10":"mobile-align-center","12":"first","13":"instock","14":"taxable","15":"shipping-taxable","16":"purchasable","17":"product-type-simple"},"yoast_head":"<!-- This site is optimized with the Yoast SEO plugin v23.6 - https:\/\/yoast.com\/wordpress\/plugins\/seo\/ -->\n<title>Zumo de Zereshk ( Ab zereshk ) 1,5 L Tofigh - Delicias Persas<\/title>\n<meta name=\"description\" content=\"Zumo de zereshk. Este zumo\u00a0promueve la secreci\u00f3n de bilis por la ves\u00edcula y ayuda a prevenir los c\u00e1lculos biliares.\" \/>\n<meta name=\"robots\" content=\"index, follow, max-snippet:-1, max-image-preview:large, max-video-preview:-1\" \/>\n<link rel=\"canonical\" href=\"https:\/\/deliciaspersas.com\/en\/tienda\/bebidas\/zumo-de-zereshk-ab-zereshk-15-l-tofigh\/\" \/>\n<meta property=\"og:locale\" content=\"en_US\" \/>\n<meta property=\"og:type\" content=\"article\" \/>\n<meta property=\"og:title\" content=\"Zumo de Zereshk ( Ab zereshk ) 1,5 L Tofigh - Delicias Persas\" \/>\n<meta property=\"og:description\" content=\"Zumo de zereshk. Este zumo\u00a0promueve la secreci\u00f3n de bilis por la ves\u00edcula y ayuda a prevenir los c\u00e1lculos biliares.\" \/>\n<meta property=\"og:url\" content=\"https:\/\/deliciaspersas.com\/en\/tienda\/bebidas\/zumo-de-zereshk-ab-zereshk-15-l-tofigh\/\" \/>\n<meta property=\"og:site_name\" content=\"Delicias Persas\" \/>\n<meta property=\"article:publisher\" content=\"https:\/\/www.facebook.com\/Deliciaspersas\" \/>\n<meta property=\"article:modified_time\" content=\"2025-12-11T13:06:41+00:00\" \/>\n<meta property=\"og:image\" content=\"https:\/\/deliciaspersas.com\/wp-content\/uploads\/Zumo-de-Agresejos-Dayan.jpg\" \/>\n\t<meta property=\"og:image:width\" content=\"600\" \/>\n\t<meta property=\"og:image:height\" content=\"600\" \/>\n\t<meta property=\"og:image:type\" content=\"image\/jpeg\" \/>\n<meta name=\"twitter:card\" content=\"summary_large_image\" \/>\n<meta name=\"twitter:label1\" content=\"Est. reading time\" \/>\n\t<meta name=\"twitter:data1\" content=\"2 minutes\" \/>\n<script type=\"application\/ld+json\" class=\"yoast-schema-graph\">{\"@context\":\"https:\/\/schema.org\",\"@graph\":[{\"@type\":\"WebPage\",\"@id\":\"https:\/\/deliciaspersas.com\/en\/tienda\/bebidas\/zumo-de-zereshk-ab-zereshk-15-l-tofigh\/\",\"url\":\"https:\/\/deliciaspersas.com\/en\/tienda\/bebidas\/zumo-de-zereshk-ab-zereshk-15-l-tofigh\/\",\"name\":\"Zumo de Zereshk ( Ab zereshk ) 1,5 L Tofigh - Delicias Persas\",\"isPartOf\":{\"@id\":\"https:\/\/deliciaspersas.com\/en\/#website\"},\"primaryImageOfPage\":{\"@id\":\"https:\/\/deliciaspersas.com\/en\/tienda\/bebidas\/zumo-de-zereshk-ab-zereshk-15-l-tofigh\/#primaryimage\"},\"image\":{\"@id\":\"https:\/\/deliciaspersas.com\/en\/tienda\/bebidas\/zumo-de-zereshk-ab-zereshk-15-l-tofigh\/#primaryimage\"},\"thumbnailUrl\":\"https:\/\/deliciaspersas.com\/wp-content\/uploads\/Zumo-de-Agresejos-Dayan.jpg\",\"datePublished\":\"2020-08-18T15:01:43+00:00\",\"dateModified\":\"2025-12-11T13:06:41+00:00\",\"description\":\"Zumo de zereshk. Este zumo\u00a0promueve la secreci\u00f3n de bilis por la ves\u00edcula y ayuda a prevenir los c\u00e1lculos biliares.\",\"breadcrumb\":{\"@id\":\"https:\/\/deliciaspersas.com\/en\/tienda\/bebidas\/zumo-de-zereshk-ab-zereshk-15-l-tofigh\/#breadcrumb\"},\"inLanguage\":\"en-US\",\"potentialAction\":[{\"@type\":\"ReadAction\",\"target\":[\"https:\/\/deliciaspersas.com\/en\/tienda\/bebidas\/zumo-de-zereshk-ab-zereshk-15-l-tofigh\/\"]}]},{\"@type\":\"ImageObject\",\"inLanguage\":\"en-US\",\"@id\":\"https:\/\/deliciaspersas.com\/en\/tienda\/bebidas\/zumo-de-zereshk-ab-zereshk-15-l-tofigh\/#primaryimage\",\"url\":\"https:\/\/deliciaspersas.com\/wp-content\/uploads\/Zumo-de-Agresejos-Dayan.jpg\",\"contentUrl\":\"https:\/\/deliciaspersas.com\/wp-content\/uploads\/Zumo-de-Agresejos-Dayan.jpg\",\"width\":600,\"height\":600},{\"@type\":\"BreadcrumbList\",\"@id\":\"https:\/\/deliciaspersas.com\/en\/tienda\/bebidas\/zumo-de-zereshk-ab-zereshk-15-l-tofigh\/#breadcrumb\",\"itemListElement\":[{\"@type\":\"ListItem\",\"position\":1,\"name\":\"Portada\",\"item\":\"https:\/\/deliciaspersas.com\/en\/\"},{\"@type\":\"ListItem\",\"position\":2,\"name\":\"Tienda\",\"item\":\"https:\/\/deliciaspersas.com\/\"},{\"@type\":\"ListItem\",\"position\":3,\"name\":\"Zumo de Zereshk ( Ab zereshk ) 1,5 L Tofigh\"}]},{\"@type\":\"WebSite\",\"@id\":\"https:\/\/deliciaspersas.com\/en\/#website\",\"url\":\"https:\/\/deliciaspersas.com\/en\/\",\"name\":\"Delicias Persas\",\"description\":\"Gastronom&iacute;a persa al alcance de tus manos\",\"publisher\":{\"@id\":\"https:\/\/deliciaspersas.com\/en\/#organization\"},\"potentialAction\":[{\"@type\":\"SearchAction\",\"target\":{\"@type\":\"EntryPoint\",\"urlTemplate\":\"https:\/\/deliciaspersas.com\/en\/?s={search_term_string}\"},\"query-input\":{\"@type\":\"PropertyValueSpecification\",\"valueRequired\":true,\"valueName\":\"search_term_string\"}}],\"inLanguage\":\"en-US\"},{\"@type\":\"Organization\",\"@id\":\"https:\/\/deliciaspersas.com\/en\/#organization\",\"name\":\"Delicias Persas\",\"url\":\"https:\/\/deliciaspersas.com\/en\/\",\"logo\":{\"@type\":\"ImageObject\",\"inLanguage\":\"en-US\",\"@id\":\"https:\/\/deliciaspersas.com\/en\/#\/schema\/logo\/image\/\",\"url\":\"https:\/\/deliciaspersas.com\/wp-content\/uploads\/2020\/07\/logo-2020.png\",\"contentUrl\":\"https:\/\/deliciaspersas.com\/wp-content\/uploads\/2020\/07\/logo-2020.png\",\"width\":520,\"height\":490,\"caption\":\"Delicias Persas\"},\"image\":{\"@id\":\"https:\/\/deliciaspersas.com\/en\/#\/schema\/logo\/image\/\"},\"sameAs\":[\"https:\/\/www.facebook.com\/Deliciaspersas\",\"https:\/\/www.instagram.com\/delicias_persas\/\",\"https:\/\/www.linkedin.com\/delicias-persas\"]}]}<\/script>\n<!-- \/ Yoast SEO plugin. -->","yoast_head_json":{"title":"Zumo de Zereshk ( Ab zereshk ) 1,5 L Tofigh - Delicias Persas","description":"Zumo de zereshk. Este zumo\u00a0promueve la secreci\u00f3n de bilis por la ves\u00edcula y ayuda a prevenir los c\u00e1lculos biliares.","robots":{"index":"index","follow":"follow","max-snippet":"max-snippet:-1","max-image-preview":"max-image-preview:large","max-video-preview":"max-video-preview:-1"},"canonical":"https:\/\/deliciaspersas.com\/en\/tienda\/bebidas\/zumo-de-zereshk-ab-zereshk-15-l-tofigh\/","og_locale":"en_US","og_type":"article","og_title":"Zumo de Zereshk ( Ab zereshk ) 1,5 L Tofigh - Delicias Persas","og_description":"Zumo de zereshk. Este zumo\u00a0promueve la secreci\u00f3n de bilis por la ves\u00edcula y ayuda a prevenir los c\u00e1lculos biliares.","og_url":"https:\/\/deliciaspersas.com\/en\/tienda\/bebidas\/zumo-de-zereshk-ab-zereshk-15-l-tofigh\/","og_site_name":"Delicias Persas","article_publisher":"https:\/\/www.facebook.com\/Deliciaspersas","article_modified_time":"2025-12-11T13:06:41+00:00","og_image":[{"width":600,"height":600,"url":"https:\/\/deliciaspersas.com\/wp-content\/uploads\/Zumo-de-Agresejos-Dayan.jpg","type":"image\/jpeg"}],"twitter_card":"summary_large_image","twitter_misc":{"Est. reading time":"2 minutes"},"schema":{"@context":"https:\/\/schema.org","@graph":[{"@type":"WebPage","@id":"https:\/\/deliciaspersas.com\/en\/tienda\/bebidas\/zumo-de-zereshk-ab-zereshk-15-l-tofigh\/","url":"https:\/\/deliciaspersas.com\/en\/tienda\/bebidas\/zumo-de-zereshk-ab-zereshk-15-l-tofigh\/","name":"Zumo de Zereshk ( Ab zereshk ) 1,5 L Tofigh - Delicias Persas","isPartOf":{"@id":"https:\/\/deliciaspersas.com\/en\/#website"},"primaryImageOfPage":{"@id":"https:\/\/deliciaspersas.com\/en\/tienda\/bebidas\/zumo-de-zereshk-ab-zereshk-15-l-tofigh\/#primaryimage"},"image":{"@id":"https:\/\/deliciaspersas.com\/en\/tienda\/bebidas\/zumo-de-zereshk-ab-zereshk-15-l-tofigh\/#primaryimage"},"thumbnailUrl":"https:\/\/deliciaspersas.com\/wp-content\/uploads\/Zumo-de-Agresejos-Dayan.jpg","datePublished":"2020-08-18T15:01:43+00:00","dateModified":"2025-12-11T13:06:41+00:00","description":"Zumo de zereshk. Este zumo\u00a0promueve la secreci\u00f3n de bilis por la ves\u00edcula y ayuda a prevenir los c\u00e1lculos biliares.","breadcrumb":{"@id":"https:\/\/deliciaspersas.com\/en\/tienda\/bebidas\/zumo-de-zereshk-ab-zereshk-15-l-tofigh\/#breadcrumb"},"inLanguage":"en-US","potentialAction":[{"@type":"ReadAction","target":["https:\/\/deliciaspersas.com\/en\/tienda\/bebidas\/zumo-de-zereshk-ab-zereshk-15-l-tofigh\/"]}]},{"@type":"ImageObject","inLanguage":"en-US","@id":"https:\/\/deliciaspersas.com\/en\/tienda\/bebidas\/zumo-de-zereshk-ab-zereshk-15-l-tofigh\/#primaryimage","url":"https:\/\/deliciaspersas.com\/wp-content\/uploads\/Zumo-de-Agresejos-Dayan.jpg","contentUrl":"https:\/\/deliciaspersas.com\/wp-content\/uploads\/Zumo-de-Agresejos-Dayan.jpg","width":600,"height":600},{"@type":"BreadcrumbList","@id":"https:\/\/deliciaspersas.com\/en\/tienda\/bebidas\/zumo-de-zereshk-ab-zereshk-15-l-tofigh\/#breadcrumb","itemListElement":[{"@type":"ListItem","position":1,"name":"Portada","item":"https:\/\/deliciaspersas.com\/en\/"},{"@type":"ListItem","position":2,"name":"Tienda","item":"https:\/\/deliciaspersas.com\/"},{"@type":"ListItem","position":3,"name":"Zumo de Zereshk ( Ab zereshk ) 1,5 L Tofigh"}]},{"@type":"WebSite","@id":"https:\/\/deliciaspersas.com\/en\/#website","url":"https:\/\/deliciaspersas.com\/en\/","name":"Delicias Persas","description":"Gastronom&iacute;a persa al alcance de tus manos","publisher":{"@id":"https:\/\/deliciaspersas.com\/en\/#organization"},"potentialAction":[{"@type":"SearchAction","target":{"@type":"EntryPoint","urlTemplate":"https:\/\/deliciaspersas.com\/en\/?s={search_term_string}"},"query-input":{"@type":"PropertyValueSpecification","valueRequired":true,"valueName":"search_term_string"}}],"inLanguage":"en-US"},{"@type":"Organization","@id":"https:\/\/deliciaspersas.com\/en\/#organization","name":"Delicias Persas","url":"https:\/\/deliciaspersas.com\/en\/","logo":{"@type":"ImageObject","inLanguage":"en-US","@id":"https:\/\/deliciaspersas.com\/en\/#\/schema\/logo\/image\/","url":"https:\/\/deliciaspersas.com\/wp-content\/uploads\/2020\/07\/logo-2020.png","contentUrl":"https:\/\/deliciaspersas.com\/wp-content\/uploads\/2020\/07\/logo-2020.png","width":520,"height":490,"caption":"Delicias Persas"},"image":{"@id":"https:\/\/deliciaspersas.com\/en\/#\/schema\/logo\/image\/"},"sameAs":["https:\/\/www.facebook.com\/Deliciaspersas","https:\/\/www.instagram.com\/delicias_persas\/","https:\/\/www.linkedin.com\/delicias-persas"]}]}},"uagb_featured_image_src":{"full":["https:\/\/deliciaspersas.com\/wp-content\/uploads\/Zumo-de-Agresejos-Dayan.jpg",600,600,false],"thumbnail":["https:\/\/deliciaspersas.com\/wp-content\/uploads\/Zumo-de-Agresejos-Dayan-150x150.jpg",150,150,true],"medium":["https:\/\/deliciaspersas.com\/wp-content\/uploads\/Zumo-de-Agresejos-Dayan-300x300.jpg",300,300,true],"medium_large":["https:\/\/deliciaspersas.com\/wp-content\/uploads\/Zumo-de-Agresejos-Dayan.jpg",600,600,false],"large":["https:\/\/deliciaspersas.com\/wp-content\/uploads\/Zumo-de-Agresejos-Dayan.jpg",600,600,false],"1536x1536":["https:\/\/deliciaspersas.com\/wp-content\/uploads\/Zumo-de-Agresejos-Dayan.jpg",600,600,false],"2048x2048":["https:\/\/deliciaspersas.com\/wp-content\/uploads\/Zumo-de-Agresejos-Dayan.jpg",600,600,false],"woocommerce_thumbnail":["https:\/\/deliciaspersas.com\/wp-content\/uploads\/Zumo-de-Agresejos-Dayan-300x300.jpg",300,300,true],"woocommerce_single":["https:\/\/deliciaspersas.com\/wp-content\/uploads\/Zumo-de-Agresejos-Dayan.jpg",600,600,false],"woocommerce_gallery_thumbnail":["https:\/\/deliciaspersas.com\/wp-content\/uploads\/Zumo-de-Agresejos-Dayan-100x100.jpg",100,100,true]},"uagb_author_info":{"display_name":"admin","author_link":"https:\/\/deliciaspersas.com\/en\/author\/"},"uagb_comment_info":0,"uagb_excerpt":"Zumo de Zereshk ( Ab zereshk ) 1,5 L Tofigh Informaci\u00f3n del producto: Zumo de zereshk (agracejo) Ingredientes y al\u00e9rgenos: Exprimido de Zereshk (agracejo) y az\u00facar. Usos: El zumo de zereshk, aporta el sabor y los beneficios del agracejo, ya que\u00a0promueve la secreci\u00f3n de bilis por la ves\u00edcula y ayuda a prevenir los c\u00e1lculos biliares.&hellip;","brands":[{"id":1564,"name":"Tofigh","slug":"tofigh"}],"_links":{"self":[{"href":"https:\/\/deliciaspersas.com\/en\/wp-json\/wp\/v2\/product\/4530"}],"collection":[{"href":"https:\/\/deliciaspersas.com\/en\/wp-json\/wp\/v2\/product"}],"about":[{"href":"https:\/\/deliciaspersas.com\/en\/wp-json\/wp\/v2\/types\/product"}],"wp:featuredmedia":[{"embeddable":true,"href":"https:\/\/deliciaspersas.com\/en\/wp-json\/wp\/v2\/media\/15171"}],"wp:attachment":[{"href":"https:\/\/deliciaspersas.com\/en\/wp-json\/wp\/v2\/media?parent=4530"}],"wp:term":[{"taxonomy":"pwb-brand","embeddable":true,"href":"https:\/\/deliciaspersas.com\/en\/wp-json\/wp\/v2\/pwb-brand?post=4530"},{"taxonomy":"product_cat","embeddable":true,"href":"https:\/\/deliciaspersas.com\/en\/wp-json\/wp\/v2\/product_cat?post=4530"},{"taxonomy":"product_tag","embeddable":true,"href":"https:\/\/deliciaspersas.com\/en\/wp-json\/wp\/v2\/product_tag?post=4530"}],"curies":[{"name":"wp","href":"https:\/\/api.w.org\/{rel}","templated":true}]}}