{"id":4600,"date":"2020-08-23T20:56:53","date_gmt":"2020-08-23T18:56:53","guid":{"rendered":"https:\/\/deliciaspersas.com\/?post_type=product&#038;p=4600"},"modified":"2025-09-22T12:25:17","modified_gmt":"2025-09-22T10:25:17","slug":"semillas-de-descurainia-sophia-khakshir-granel-dayan","status":"publish","type":"product","link":"https:\/\/deliciaspersas.com\/en\/tienda\/especias\/semillas-de-descurainia-sophia-khakshir-granel-dayan\/","title":{"rendered":"Semillas de Descurainia sophia (Khakshir)  Granel Dayan"},"content":{"rendered":"<h1>Semillas de Descurainia sophia (Khakshir) Granel Dayan<\/h1>\n<p>Ajenjo serifio.<\/p>\n<h6>Informaci\u00f3n del producto:<\/h6>\n<p>Esta especia tiene propiedades antiescorb\u00faticas, adelgazantes estimulants y oftalmol\u00f3gicas. Adem\u00e1s, tambi\u00e9n es un buen expectorantes.<\/p>\n<h6>Usos:<\/h6>\n<p>Bebidas fr\u00edas, mezclalo con az\u00facar y abundante agua y saldr\u00e1 una bebida exquisita.<\/p>\n<h6>Beneficios:<\/h6>\n<p>El Khakeh Shir tiene propiedades antiinflamatorias y antibacterianas, as\u00ed que beba de 2 a 3 vasos al d\u00eda para liberar el cabello de caspa.<\/p>\n<p>Este producto puede cura el acn\u00e9 y las espinillas y limpia la cara. Para tratar el acn\u00e9.<\/p>\n<p>Tambi\u00e9n puede aclarar la piel del rostro y tratar las imperfecciones de la piel.<br \/>\nSi sufre de estre\u00f1imiento durante el embarazo, Khakeh Shir puede ser una cura para tu dolor, pero debido a que es laxante, su alto consumo durante el embarazo es peligroso debido al aflojamiento del cuello uterino y conlleva el riesgo de aborto espont\u00e1neo en los primeros meses, pero en los \u00faltimos meses del embarazo facilita el parto.<\/p>\n<p>Si su hijo tiene estre\u00f1imiento, este producto act\u00faa como un laxante natural, trat\u00e1ndolo y digiriendo los alimentos, y sus propiedades antibacterianas reducen el riesgo de diarrea.<\/p>\n<p>Para aumentar el peso, puede tomar este producto, de forma de un batido, con leche todas las ma\u00f1anas antes del desayuno. Si la leche es fresca y natural, la efectividad de esta versi\u00f3n aumentar\u00e1.<br \/>\nPara adelgazar con Khakeh Shir, se recomienda lavar la cantidad de una cucharada de Khakeh Shir y disolverla en un vaso de agua tibia y endulzarla con az\u00facar. Come esta bebida todas las ma\u00f1anas en el desayuno. Usar esta bebida durante mucho tiempo te ayudar\u00e1 a perder peso. Adem\u00e1s de ayudar a adelgazar con sus m\u00faltiples propiedades, tambi\u00e9n es eficaz para mantener la salud del organismo.<\/p>\n<h6>Ingredientes y al\u00e9rgenos:<\/h6>\n<p>London Rockets.<\/p>\n<h6>Condiciones de conservaci\u00f3n:<\/h6>\n<p>Conservar en un lugar fresco, seco y protegido de la luz.<\/p>\n","protected":false},"excerpt":{"rendered":"<p>Semillas de Descurainia sophia (Khakshir) Granel Dayan Ajenjo serifio. Informaci\u00f3n del producto: Esta especia tiene propiedades antiescorb\u00faticas, adelgazantes estimulants y oftalmol\u00f3gicas. Adem\u00e1s, tambi\u00e9n es un buen expectorantes. Usos: Bebidas fr\u00edas, mezclalo con az\u00facar y abundante agua y saldr\u00e1 una bebida exquisita. Beneficios: El Khakeh Shir tiene propiedades antiinflamatorias y antibacterianas, as\u00ed que beba de 2 [&hellip;]<\/p>\n","protected":false},"featured_media":9107,"template":"","meta":{"_surecart_dashboard_logo_width":"180px","_surecart_dashboard_show_logo":true,"_surecart_dashboard_navigation_orders":true,"_surecart_dashboard_navigation_invoices":true,"_surecart_dashboard_navigation_subscriptions":true,"_surecart_dashboard_navigation_downloads":true,"_surecart_dashboard_navigation_billing":true,"_surecart_dashboard_navigation_account":true,"_uag_custom_page_level_css":"","site-sidebar-layout":"default","site-content-layout":"default","ast-site-content-layout":"default","site-content-style":"default","site-sidebar-style":"default","ast-global-header-display":"","ast-banner-title-visibility":"","ast-main-header-display":"","ast-hfb-above-header-display":"","ast-hfb-below-header-display":"","ast-hfb-mobile-header-display":"","site-post-title":"","ast-breadcrumbs-content":"","ast-featured-img":"","footer-sml-layout":"","theme-transparent-header-meta":"default","adv-header-id-meta":"","stick-header-meta":"","header-above-stick-meta":"","header-main-stick-meta":"","header-below-stick-meta":"","astra-migrate-meta-layouts":"set","ast-page-background-enabled":"default","ast-page-background-meta":{"desktop":{"background-color":"","background-image":"","background-repeat":"repeat","background-position":"center center","background-size":"auto","background-attachment":"scroll","background-type":"","background-media":"","overlay-type":"","overlay-color":"","overlay-opacity":"","overlay-gradient":""},"tablet":{"background-color":"","background-image":"","background-repeat":"repeat","background-position":"center center","background-size":"auto","background-attachment":"scroll","background-type":"","background-media":"","overlay-type":"","overlay-color":"","overlay-opacity":"","overlay-gradient":""},"mobile":{"background-color":"","background-image":"","background-repeat":"repeat","background-position":"center center","background-size":"auto","background-attachment":"scroll","background-type":"","background-media":"","overlay-type":"","overlay-color":"","overlay-opacity":"","overlay-gradient":""}},"ast-content-background-meta":{"desktop":{"background-color":"var(--ast-global-color-5)","background-image":"","background-repeat":"repeat","background-position":"center center","background-size":"auto","background-attachment":"scroll","background-type":"","background-media":"","overlay-type":"","overlay-color":"","overlay-opacity":"","overlay-gradient":""},"tablet":{"background-color":"var(--ast-global-color-5)","background-image":"","background-repeat":"repeat","background-position":"center center","background-size":"auto","background-attachment":"scroll","background-type":"","background-media":"","overlay-type":"","overlay-color":"","overlay-opacity":"","overlay-gradient":""},"mobile":{"background-color":"var(--ast-global-color-5)","background-image":"","background-repeat":"repeat","background-position":"center center","background-size":"auto","background-attachment":"scroll","background-type":"","background-media":"","overlay-type":"","overlay-color":"","overlay-opacity":"","overlay-gradient":""}}},"pwb-brand":[113],"product_cat":[37,39,32,1099],"product_tag":[567,1014,793,1704,690],"class_list":{"0":"post-4600","1":"product","2":"type-product","3":"status-publish","4":"has-post-thumbnail","6":"pwb-brand-dayan-2","7":"product_cat-bebidas","8":"product_cat-destilados","9":"product_cat-especias","10":"product_cat-granel","11":"product_tag-aderezo","12":"product_tag-ajenjo-serifio","13":"product_tag-bebida","14":"product_tag-semillas-de-descurainia-sophia","15":"product_tag-690","16":"desktop-align-center","17":"tablet-align-center","18":"mobile-align-center","20":"first","21":"instock","22":"taxable","23":"shipping-taxable","24":"purchasable","25":"product-type-variable"},"yoast_head":"<!-- This site is optimized with the Yoast SEO plugin v23.6 - https:\/\/yoast.com\/wordpress\/plugins\/seo\/ -->\n<title>Semillas de Descurainia sophia (Khakshir) Granel Dayan - Delicias Persas<\/title>\n<meta name=\"description\" content=\"Khakeh Shir Donya. El uso de esta especia en tus platos aportara propiedades adelgazantes, expectorantes, analg\u00e9sicas y antibacterianas.\" \/>\n<meta name=\"robots\" content=\"index, follow, max-snippet:-1, max-image-preview:large, max-video-preview:-1\" \/>\n<link rel=\"canonical\" href=\"https:\/\/deliciaspersas.com\/en\/tienda\/especias\/semillas-de-descurainia-sophia-khakshir-granel-dayan\/\" \/>\n<meta property=\"og:locale\" content=\"en_US\" \/>\n<meta property=\"og:type\" content=\"article\" \/>\n<meta property=\"og:title\" content=\"Semillas de Descurainia sophia (Khakshir) Granel Dayan - Delicias Persas\" \/>\n<meta property=\"og:description\" content=\"Khakeh Shir Donya. El uso de esta especia en tus platos aportara propiedades adelgazantes, expectorantes, analg\u00e9sicas y antibacterianas.\" \/>\n<meta property=\"og:url\" content=\"https:\/\/deliciaspersas.com\/en\/tienda\/especias\/semillas-de-descurainia-sophia-khakshir-granel-dayan\/\" \/>\n<meta property=\"og:site_name\" content=\"Delicias Persas\" \/>\n<meta property=\"article:publisher\" content=\"https:\/\/www.facebook.com\/Deliciaspersas\" \/>\n<meta property=\"article:modified_time\" content=\"2025-09-22T10:25:17+00:00\" \/>\n<meta property=\"og:image\" content=\"https:\/\/deliciaspersas.com\/wp-content\/uploads\/descarga-69-1.jpg\" \/>\n\t<meta property=\"og:image:width\" content=\"251\" \/>\n\t<meta property=\"og:image:height\" content=\"201\" \/>\n\t<meta property=\"og:image:type\" content=\"image\/jpeg\" \/>\n<meta name=\"twitter:card\" content=\"summary_large_image\" \/>\n<meta name=\"twitter:label1\" content=\"Est. reading time\" \/>\n\t<meta name=\"twitter:data1\" content=\"2 minutes\" \/>\n<script type=\"application\/ld+json\" class=\"yoast-schema-graph\">{\"@context\":\"https:\/\/schema.org\",\"@graph\":[{\"@type\":\"WebPage\",\"@id\":\"https:\/\/deliciaspersas.com\/en\/tienda\/especias\/semillas-de-descurainia-sophia-khakshir-granel-dayan\/\",\"url\":\"https:\/\/deliciaspersas.com\/en\/tienda\/especias\/semillas-de-descurainia-sophia-khakshir-granel-dayan\/\",\"name\":\"Semillas de Descurainia sophia (Khakshir) Granel Dayan - Delicias Persas\",\"isPartOf\":{\"@id\":\"https:\/\/deliciaspersas.com\/en\/#website\"},\"primaryImageOfPage\":{\"@id\":\"https:\/\/deliciaspersas.com\/en\/tienda\/especias\/semillas-de-descurainia-sophia-khakshir-granel-dayan\/#primaryimage\"},\"image\":{\"@id\":\"https:\/\/deliciaspersas.com\/en\/tienda\/especias\/semillas-de-descurainia-sophia-khakshir-granel-dayan\/#primaryimage\"},\"thumbnailUrl\":\"https:\/\/deliciaspersas.com\/wp-content\/uploads\/descarga-69-1.jpg\",\"datePublished\":\"2020-08-23T18:56:53+00:00\",\"dateModified\":\"2025-09-22T10:25:17+00:00\",\"description\":\"Khakeh Shir Donya. El uso de esta especia en tus platos aportara propiedades adelgazantes, expectorantes, analg\u00e9sicas y antibacterianas.\",\"breadcrumb\":{\"@id\":\"https:\/\/deliciaspersas.com\/en\/tienda\/especias\/semillas-de-descurainia-sophia-khakshir-granel-dayan\/#breadcrumb\"},\"inLanguage\":\"en-US\",\"potentialAction\":[{\"@type\":\"ReadAction\",\"target\":[\"https:\/\/deliciaspersas.com\/en\/tienda\/especias\/semillas-de-descurainia-sophia-khakshir-granel-dayan\/\"]}]},{\"@type\":\"ImageObject\",\"inLanguage\":\"en-US\",\"@id\":\"https:\/\/deliciaspersas.com\/en\/tienda\/especias\/semillas-de-descurainia-sophia-khakshir-granel-dayan\/#primaryimage\",\"url\":\"https:\/\/deliciaspersas.com\/wp-content\/uploads\/descarga-69-1.jpg\",\"contentUrl\":\"https:\/\/deliciaspersas.com\/wp-content\/uploads\/descarga-69-1.jpg\",\"width\":251,\"height\":201},{\"@type\":\"BreadcrumbList\",\"@id\":\"https:\/\/deliciaspersas.com\/en\/tienda\/especias\/semillas-de-descurainia-sophia-khakshir-granel-dayan\/#breadcrumb\",\"itemListElement\":[{\"@type\":\"ListItem\",\"position\":1,\"name\":\"Portada\",\"item\":\"https:\/\/deliciaspersas.com\/en\/\"},{\"@type\":\"ListItem\",\"position\":2,\"name\":\"Tienda\",\"item\":\"https:\/\/deliciaspersas.com\/\"},{\"@type\":\"ListItem\",\"position\":3,\"name\":\"Semillas de Descurainia sophia (Khakshir) Granel Dayan\"}]},{\"@type\":\"WebSite\",\"@id\":\"https:\/\/deliciaspersas.com\/en\/#website\",\"url\":\"https:\/\/deliciaspersas.com\/en\/\",\"name\":\"Delicias Persas\",\"description\":\"Gastronom&iacute;a persa al alcance de tus manos\",\"publisher\":{\"@id\":\"https:\/\/deliciaspersas.com\/en\/#organization\"},\"potentialAction\":[{\"@type\":\"SearchAction\",\"target\":{\"@type\":\"EntryPoint\",\"urlTemplate\":\"https:\/\/deliciaspersas.com\/en\/?s={search_term_string}\"},\"query-input\":{\"@type\":\"PropertyValueSpecification\",\"valueRequired\":true,\"valueName\":\"search_term_string\"}}],\"inLanguage\":\"en-US\"},{\"@type\":\"Organization\",\"@id\":\"https:\/\/deliciaspersas.com\/en\/#organization\",\"name\":\"Delicias Persas\",\"url\":\"https:\/\/deliciaspersas.com\/en\/\",\"logo\":{\"@type\":\"ImageObject\",\"inLanguage\":\"en-US\",\"@id\":\"https:\/\/deliciaspersas.com\/en\/#\/schema\/logo\/image\/\",\"url\":\"https:\/\/deliciaspersas.com\/wp-content\/uploads\/2020\/07\/logo-2020.png\",\"contentUrl\":\"https:\/\/deliciaspersas.com\/wp-content\/uploads\/2020\/07\/logo-2020.png\",\"width\":520,\"height\":490,\"caption\":\"Delicias Persas\"},\"image\":{\"@id\":\"https:\/\/deliciaspersas.com\/en\/#\/schema\/logo\/image\/\"},\"sameAs\":[\"https:\/\/www.facebook.com\/Deliciaspersas\",\"https:\/\/www.instagram.com\/delicias_persas\/\",\"https:\/\/www.linkedin.com\/delicias-persas\"]}]}<\/script>\n<!-- \/ Yoast SEO plugin. -->","yoast_head_json":{"title":"Semillas de Descurainia sophia (Khakshir) Granel Dayan - Delicias Persas","description":"Khakeh Shir Donya. El uso de esta especia en tus platos aportara propiedades adelgazantes, expectorantes, analg\u00e9sicas y antibacterianas.","robots":{"index":"index","follow":"follow","max-snippet":"max-snippet:-1","max-image-preview":"max-image-preview:large","max-video-preview":"max-video-preview:-1"},"canonical":"https:\/\/deliciaspersas.com\/en\/tienda\/especias\/semillas-de-descurainia-sophia-khakshir-granel-dayan\/","og_locale":"en_US","og_type":"article","og_title":"Semillas de Descurainia sophia (Khakshir) Granel Dayan - Delicias Persas","og_description":"Khakeh Shir Donya. El uso de esta especia en tus platos aportara propiedades adelgazantes, expectorantes, analg\u00e9sicas y antibacterianas.","og_url":"https:\/\/deliciaspersas.com\/en\/tienda\/especias\/semillas-de-descurainia-sophia-khakshir-granel-dayan\/","og_site_name":"Delicias Persas","article_publisher":"https:\/\/www.facebook.com\/Deliciaspersas","article_modified_time":"2025-09-22T10:25:17+00:00","og_image":[{"width":251,"height":201,"url":"https:\/\/deliciaspersas.com\/wp-content\/uploads\/descarga-69-1.jpg","type":"image\/jpeg"}],"twitter_card":"summary_large_image","twitter_misc":{"Est. reading time":"2 minutes"},"schema":{"@context":"https:\/\/schema.org","@graph":[{"@type":"WebPage","@id":"https:\/\/deliciaspersas.com\/en\/tienda\/especias\/semillas-de-descurainia-sophia-khakshir-granel-dayan\/","url":"https:\/\/deliciaspersas.com\/en\/tienda\/especias\/semillas-de-descurainia-sophia-khakshir-granel-dayan\/","name":"Semillas de Descurainia sophia (Khakshir) Granel Dayan - Delicias Persas","isPartOf":{"@id":"https:\/\/deliciaspersas.com\/en\/#website"},"primaryImageOfPage":{"@id":"https:\/\/deliciaspersas.com\/en\/tienda\/especias\/semillas-de-descurainia-sophia-khakshir-granel-dayan\/#primaryimage"},"image":{"@id":"https:\/\/deliciaspersas.com\/en\/tienda\/especias\/semillas-de-descurainia-sophia-khakshir-granel-dayan\/#primaryimage"},"thumbnailUrl":"https:\/\/deliciaspersas.com\/wp-content\/uploads\/descarga-69-1.jpg","datePublished":"2020-08-23T18:56:53+00:00","dateModified":"2025-09-22T10:25:17+00:00","description":"Khakeh Shir Donya. El uso de esta especia en tus platos aportara propiedades adelgazantes, expectorantes, analg\u00e9sicas y antibacterianas.","breadcrumb":{"@id":"https:\/\/deliciaspersas.com\/en\/tienda\/especias\/semillas-de-descurainia-sophia-khakshir-granel-dayan\/#breadcrumb"},"inLanguage":"en-US","potentialAction":[{"@type":"ReadAction","target":["https:\/\/deliciaspersas.com\/en\/tienda\/especias\/semillas-de-descurainia-sophia-khakshir-granel-dayan\/"]}]},{"@type":"ImageObject","inLanguage":"en-US","@id":"https:\/\/deliciaspersas.com\/en\/tienda\/especias\/semillas-de-descurainia-sophia-khakshir-granel-dayan\/#primaryimage","url":"https:\/\/deliciaspersas.com\/wp-content\/uploads\/descarga-69-1.jpg","contentUrl":"https:\/\/deliciaspersas.com\/wp-content\/uploads\/descarga-69-1.jpg","width":251,"height":201},{"@type":"BreadcrumbList","@id":"https:\/\/deliciaspersas.com\/en\/tienda\/especias\/semillas-de-descurainia-sophia-khakshir-granel-dayan\/#breadcrumb","itemListElement":[{"@type":"ListItem","position":1,"name":"Portada","item":"https:\/\/deliciaspersas.com\/en\/"},{"@type":"ListItem","position":2,"name":"Tienda","item":"https:\/\/deliciaspersas.com\/"},{"@type":"ListItem","position":3,"name":"Semillas de Descurainia sophia (Khakshir) Granel Dayan"}]},{"@type":"WebSite","@id":"https:\/\/deliciaspersas.com\/en\/#website","url":"https:\/\/deliciaspersas.com\/en\/","name":"Delicias Persas","description":"Gastronom&iacute;a persa al alcance de tus manos","publisher":{"@id":"https:\/\/deliciaspersas.com\/en\/#organization"},"potentialAction":[{"@type":"SearchAction","target":{"@type":"EntryPoint","urlTemplate":"https:\/\/deliciaspersas.com\/en\/?s={search_term_string}"},"query-input":{"@type":"PropertyValueSpecification","valueRequired":true,"valueName":"search_term_string"}}],"inLanguage":"en-US"},{"@type":"Organization","@id":"https:\/\/deliciaspersas.com\/en\/#organization","name":"Delicias Persas","url":"https:\/\/deliciaspersas.com\/en\/","logo":{"@type":"ImageObject","inLanguage":"en-US","@id":"https:\/\/deliciaspersas.com\/en\/#\/schema\/logo\/image\/","url":"https:\/\/deliciaspersas.com\/wp-content\/uploads\/2020\/07\/logo-2020.png","contentUrl":"https:\/\/deliciaspersas.com\/wp-content\/uploads\/2020\/07\/logo-2020.png","width":520,"height":490,"caption":"Delicias Persas"},"image":{"@id":"https:\/\/deliciaspersas.com\/en\/#\/schema\/logo\/image\/"},"sameAs":["https:\/\/www.facebook.com\/Deliciaspersas","https:\/\/www.instagram.com\/delicias_persas\/","https:\/\/www.linkedin.com\/delicias-persas"]}]}},"uagb_featured_image_src":{"full":["https:\/\/deliciaspersas.com\/wp-content\/uploads\/descarga-69-1.jpg",251,201,false],"thumbnail":["https:\/\/deliciaspersas.com\/wp-content\/uploads\/descarga-69-1-150x150.jpg",150,150,true],"medium":["https:\/\/deliciaspersas.com\/wp-content\/uploads\/descarga-69-1.jpg",251,201,false],"medium_large":["https:\/\/deliciaspersas.com\/wp-content\/uploads\/descarga-69-1.jpg",251,201,false],"large":["https:\/\/deliciaspersas.com\/wp-content\/uploads\/descarga-69-1.jpg",251,201,false],"1536x1536":["https:\/\/deliciaspersas.com\/wp-content\/uploads\/descarga-69-1.jpg",251,201,false],"2048x2048":["https:\/\/deliciaspersas.com\/wp-content\/uploads\/descarga-69-1.jpg",251,201,false],"woocommerce_thumbnail":["https:\/\/deliciaspersas.com\/wp-content\/uploads\/descarga-69-1.jpg",251,201,false],"woocommerce_single":["https:\/\/deliciaspersas.com\/wp-content\/uploads\/descarga-69-1.jpg",251,201,false],"woocommerce_gallery_thumbnail":["https:\/\/deliciaspersas.com\/wp-content\/uploads\/descarga-69-1-100x100.jpg",100,100,true]},"uagb_author_info":{"display_name":"ventas.dayan","author_link":"https:\/\/deliciaspersas.com\/en\/author\/"},"uagb_comment_info":0,"uagb_excerpt":"Semillas de Descurainia sophia (Khakshir) Granel Dayan Ajenjo serifio. Informaci\u00f3n del producto: Esta especia tiene propiedades antiescorb\u00faticas, adelgazantes estimulants y oftalmol\u00f3gicas. Adem\u00e1s, tambi\u00e9n es un buen expectorantes. Usos: Bebidas fr\u00edas, mezclalo con az\u00facar y abundante agua y saldr\u00e1 una bebida exquisita. Beneficios: El Khakeh Shir tiene propiedades antiinflamatorias y antibacterianas, as\u00ed que beba de 2&hellip;","brands":[{"id":113,"name":"Dayan","slug":"dayan-2"}],"_links":{"self":[{"href":"https:\/\/deliciaspersas.com\/en\/wp-json\/wp\/v2\/product\/4600"}],"collection":[{"href":"https:\/\/deliciaspersas.com\/en\/wp-json\/wp\/v2\/product"}],"about":[{"href":"https:\/\/deliciaspersas.com\/en\/wp-json\/wp\/v2\/types\/product"}],"wp:featuredmedia":[{"embeddable":true,"href":"https:\/\/deliciaspersas.com\/en\/wp-json\/wp\/v2\/media\/9107"}],"wp:attachment":[{"href":"https:\/\/deliciaspersas.com\/en\/wp-json\/wp\/v2\/media?parent=4600"}],"wp:term":[{"taxonomy":"pwb-brand","embeddable":true,"href":"https:\/\/deliciaspersas.com\/en\/wp-json\/wp\/v2\/pwb-brand?post=4600"},{"taxonomy":"product_cat","embeddable":true,"href":"https:\/\/deliciaspersas.com\/en\/wp-json\/wp\/v2\/product_cat?post=4600"},{"taxonomy":"product_tag","embeddable":true,"href":"https:\/\/deliciaspersas.com\/en\/wp-json\/wp\/v2\/product_tag?post=4600"}],"curies":[{"name":"wp","href":"https:\/\/api.w.org\/{rel}","templated":true}]}}