{"id":4605,"date":"2020-08-23T21:34:46","date_gmt":"2020-08-23T19:34:46","guid":{"rendered":"https:\/\/deliciaspersas.com\/?post_type=product&#038;p=4605"},"modified":"2024-08-13T11:38:32","modified_gmt":"2024-08-13T09:38:32","slug":"pasas-verdes-180g-donya","status":"publish","type":"product","link":"https:\/\/deliciaspersas.com\/en\/tienda\/frutas\/pasas-verdes-180g-donya\/","title":{"rendered":"Pasas Verdes 200g Dayan"},"content":{"rendered":"<h1>Pasas 180g Donya<\/h1>\n<h6>Informaci\u00f3n del producto:<\/h6>\n<p>Pasas naturales, tambi\u00e9n llamadas uvas pasas, son uvas secas que poseen un sabor dulce, debido a su contenido de fructosa y glucosa, pudiendo ser ingeridas crudas o en diversas preparaciones culinarias.<\/p>\n<p>Este producto puede ser de diferentes colores amarillas, marrones y p\u00farpuras, dependiendo del tipo de uva que fue deshidratada.<\/p>\n<h6>Usos:<\/h6>\n<p>Se usan en guisos o como una merienda saludable.<\/p>\n<h6>Beneficios:<\/h6>\n<p>Las pasas contienen altos niveles de magnesio, calcio y otros nutrientes especialmente id\u00f3neos para el fortalecimiento de los huesos y el desarrollo \u00f3seo, sobre todo en ni\u00f1os y j\u00f3venes que est\u00e1n en edad de crecimiento.<\/p>\n<div class=\"RqBzHd\">\n<p>Las pasas son ricas en fibras tanto solubles como insolubles, por lo que ayudan\u00a0a aumentar el volumen de las heces y a suavizarlas,\u00a0estimulando\u00a0el intestino y facilitando su expulsi\u00f3n.<\/p>\n<p>Adem\u00e1s de esto, proporcionan una mayor sensaci\u00f3n de saciedad, por lo que si se consumen en peque\u00f1as cantidades, podr\u00eda contribuir en la p\u00e9rdida de peso.<\/p>\n<p>Las pasas son ricas en antioxidantes como los flavonoides, fenoles y polifenoles, estos compuestos ayudan a reducir el estr\u00e9s oxidativo y previenen el da\u00f1o celular, disminuyendo el riesgo de sufrir enfermedades cr\u00f3nicas como enfermedades cardiovasculares o c\u00e1ncer, por ejemplo.<\/p>\n<p>Tambi\u00e9n son una buena fuente de hierro, por lo que favorece el transporte de ox\u00edgeno a las c\u00e9lulas del organismo y favorece la producci\u00f3n de gl\u00f3bulos rojos, previniendo el surgimiento de anemia por deficiencia de hierro.<\/p>\n<p>Este producto previene el estre\u00f1imiento. Son ricas en fibras tanto solubles como insolubles, por lo que ayudan a aumentar el volumen de las heces y a suavizarlas, estimulando el intestino y facilitando su expulsi\u00f3n.<\/p>\n<p>Favorece la salud de los huesos y p<span style=\"font-size: 16px;\">reviene la anemia.<\/span><\/p>\n<\/div>\n<h6>Ingredientes y al\u00e9rgenos:<\/h6>\n<p>Pasas 100% naturales.<\/p>\n<h6>Condiciones de conservaci\u00f3n:<\/h6>\n<p>Conservar en un lugar fresco, seco y protegido de la luz.<\/p>\n<h6>Informaci\u00f3n adicional:<\/h6>\n<p>Fabricado por: Donya<\/p>\n","protected":false},"excerpt":{"rendered":"<p>Pasas 180g Donya Informaci\u00f3n del producto: Pasas naturales, tambi\u00e9n llamadas uvas pasas, son uvas secas que poseen un sabor dulce, debido a su contenido de fructosa y glucosa, pudiendo ser ingeridas crudas o en diversas preparaciones culinarias. Este producto puede ser de diferentes colores amarillas, marrones y p\u00farpuras, dependiendo del tipo de uva que fue [&hellip;]<\/p>\n","protected":false},"featured_media":4591,"template":"","meta":{"_surecart_dashboard_logo_width":"180px","_surecart_dashboard_show_logo":true,"_surecart_dashboard_navigation_orders":true,"_surecart_dashboard_navigation_invoices":true,"_surecart_dashboard_navigation_subscriptions":true,"_surecart_dashboard_navigation_downloads":true,"_surecart_dashboard_navigation_billing":true,"_surecart_dashboard_navigation_account":true,"_uag_custom_page_level_css":"","site-sidebar-layout":"default","site-content-layout":"default","ast-site-content-layout":"default","site-content-style":"default","site-sidebar-style":"default","ast-global-header-display":"","ast-banner-title-visibility":"","ast-main-header-display":"","ast-hfb-above-header-display":"","ast-hfb-below-header-display":"","ast-hfb-mobile-header-display":"","site-post-title":"","ast-breadcrumbs-content":"","ast-featured-img":"","footer-sml-layout":"","theme-transparent-header-meta":"default","adv-header-id-meta":"","stick-header-meta":"","header-above-stick-meta":"","header-main-stick-meta":"","header-below-stick-meta":"","astra-migrate-meta-layouts":"set","ast-page-background-enabled":"default","ast-page-background-meta":{"desktop":{"background-color":"","background-image":"","background-repeat":"repeat","background-position":"center center","background-size":"auto","background-attachment":"scroll","background-type":"","background-media":"","overlay-type":"","overlay-color":"","overlay-opacity":"","overlay-gradient":""},"tablet":{"background-color":"","background-image":"","background-repeat":"repeat","background-position":"center center","background-size":"auto","background-attachment":"scroll","background-type":"","background-media":"","overlay-type":"","overlay-color":"","overlay-opacity":"","overlay-gradient":""},"mobile":{"background-color":"","background-image":"","background-repeat":"repeat","background-position":"center center","background-size":"auto","background-attachment":"scroll","background-type":"","background-media":"","overlay-type":"","overlay-color":"","overlay-opacity":"","overlay-gradient":""}},"ast-content-background-meta":{"desktop":{"background-color":"var(--ast-global-color-5)","background-image":"","background-repeat":"repeat","background-position":"center center","background-size":"auto","background-attachment":"scroll","background-type":"","background-media":"","overlay-type":"","overlay-color":"","overlay-opacity":"","overlay-gradient":""},"tablet":{"background-color":"var(--ast-global-color-5)","background-image":"","background-repeat":"repeat","background-position":"center center","background-size":"auto","background-attachment":"scroll","background-type":"","background-media":"","overlay-type":"","overlay-color":"","overlay-opacity":"","overlay-gradient":""},"mobile":{"background-color":"var(--ast-global-color-5)","background-image":"","background-repeat":"repeat","background-position":"center center","background-size":"auto","background-attachment":"scroll","background-type":"","background-media":"","overlay-type":"","overlay-color":"","overlay-opacity":"","overlay-gradient":""}}},"pwb-brand":[52],"product_cat":[38,33,40],"product_tag":[646,1042,1043],"class_list":{"0":"post-4605","1":"product","2":"type-product","3":"status-publish","4":"has-post-thumbnail","6":"pwb-brand-donya","7":"product_cat-encurtidos","8":"product_cat-frutas","9":"product_cat-secos","10":"product_tag-frutas-deshidratadas","11":"product_tag-pasas","12":"product_tag-1043","13":"desktop-align-center","14":"tablet-align-center","15":"mobile-align-center","17":"first","18":"outofstock","19":"taxable","20":"shipping-taxable","21":"purchasable","22":"product-type-simple"},"yoast_head":"<!-- This site is optimized with the Yoast SEO plugin v23.6 - https:\/\/yoast.com\/wordpress\/plugins\/seo\/ -->\n<title>Pasas Verdes 200g Dayan - Delicias Persas<\/title>\n<meta name=\"description\" content=\"Pasas Donya. Las\u00a0pasas\u00a0contienen altos niveles de magnesio y calcio, id\u00f3neos para el fortalecimiento de los huesos y el desarrollo \u00f3seo.\" \/>\n<meta name=\"robots\" content=\"index, follow, max-snippet:-1, max-image-preview:large, max-video-preview:-1\" \/>\n<link rel=\"canonical\" href=\"https:\/\/deliciaspersas.com\/en\/tienda\/frutas\/pasas-verdes-180g-donya\/\" \/>\n<meta property=\"og:locale\" content=\"en_US\" \/>\n<meta property=\"og:type\" content=\"article\" \/>\n<meta property=\"og:title\" content=\"Pasas Verdes 200g Dayan - Delicias Persas\" \/>\n<meta property=\"og:description\" content=\"Pasas Donya. Las\u00a0pasas\u00a0contienen altos niveles de magnesio y calcio, id\u00f3neos para el fortalecimiento de los huesos y el desarrollo \u00f3seo.\" \/>\n<meta property=\"og:url\" content=\"https:\/\/deliciaspersas.com\/en\/tienda\/frutas\/pasas-verdes-180g-donya\/\" \/>\n<meta property=\"og:site_name\" content=\"Delicias Persas\" \/>\n<meta property=\"article:publisher\" content=\"https:\/\/www.facebook.com\/Deliciaspersas\" \/>\n<meta property=\"article:modified_time\" content=\"2024-08-13T09:38:32+00:00\" \/>\n<meta property=\"og:image\" content=\"https:\/\/deliciaspersas.com\/wp-content\/uploads\/WhatsApp-Image-2020-08-22-at-11.16.48-1.jpeg\" \/>\n\t<meta property=\"og:image:width\" content=\"739\" \/>\n\t<meta property=\"og:image:height\" content=\"732\" \/>\n\t<meta property=\"og:image:type\" content=\"image\/jpeg\" \/>\n<meta name=\"twitter:card\" content=\"summary_large_image\" \/>\n<meta name=\"twitter:label1\" content=\"Est. reading time\" \/>\n\t<meta name=\"twitter:data1\" content=\"2 minutes\" \/>\n<script type=\"application\/ld+json\" class=\"yoast-schema-graph\">{\"@context\":\"https:\/\/schema.org\",\"@graph\":[{\"@type\":\"WebPage\",\"@id\":\"https:\/\/deliciaspersas.com\/en\/tienda\/frutas\/pasas-verdes-180g-donya\/\",\"url\":\"https:\/\/deliciaspersas.com\/en\/tienda\/frutas\/pasas-verdes-180g-donya\/\",\"name\":\"Pasas Verdes 200g Dayan - Delicias Persas\",\"isPartOf\":{\"@id\":\"https:\/\/deliciaspersas.com\/en\/#website\"},\"primaryImageOfPage\":{\"@id\":\"https:\/\/deliciaspersas.com\/en\/tienda\/frutas\/pasas-verdes-180g-donya\/#primaryimage\"},\"image\":{\"@id\":\"https:\/\/deliciaspersas.com\/en\/tienda\/frutas\/pasas-verdes-180g-donya\/#primaryimage\"},\"thumbnailUrl\":\"https:\/\/deliciaspersas.com\/wp-content\/uploads\/WhatsApp-Image-2020-08-22-at-11.16.48-1.jpeg\",\"datePublished\":\"2020-08-23T19:34:46+00:00\",\"dateModified\":\"2024-08-13T09:38:32+00:00\",\"description\":\"Pasas Donya. Las\u00a0pasas\u00a0contienen altos niveles de magnesio y calcio, id\u00f3neos para el fortalecimiento de los huesos y el desarrollo \u00f3seo.\",\"breadcrumb\":{\"@id\":\"https:\/\/deliciaspersas.com\/en\/tienda\/frutas\/pasas-verdes-180g-donya\/#breadcrumb\"},\"inLanguage\":\"en-US\",\"potentialAction\":[{\"@type\":\"ReadAction\",\"target\":[\"https:\/\/deliciaspersas.com\/en\/tienda\/frutas\/pasas-verdes-180g-donya\/\"]}]},{\"@type\":\"ImageObject\",\"inLanguage\":\"en-US\",\"@id\":\"https:\/\/deliciaspersas.com\/en\/tienda\/frutas\/pasas-verdes-180g-donya\/#primaryimage\",\"url\":\"https:\/\/deliciaspersas.com\/wp-content\/uploads\/WhatsApp-Image-2020-08-22-at-11.16.48-1.jpeg\",\"contentUrl\":\"https:\/\/deliciaspersas.com\/wp-content\/uploads\/WhatsApp-Image-2020-08-22-at-11.16.48-1.jpeg\",\"width\":739,\"height\":732,\"caption\":\"Pasas 100g Donya\"},{\"@type\":\"BreadcrumbList\",\"@id\":\"https:\/\/deliciaspersas.com\/en\/tienda\/frutas\/pasas-verdes-180g-donya\/#breadcrumb\",\"itemListElement\":[{\"@type\":\"ListItem\",\"position\":1,\"name\":\"Portada\",\"item\":\"https:\/\/deliciaspersas.com\/en\/\"},{\"@type\":\"ListItem\",\"position\":2,\"name\":\"Tienda\",\"item\":\"https:\/\/deliciaspersas.com\/\"},{\"@type\":\"ListItem\",\"position\":3,\"name\":\"Pasas Verdes 200g Dayan\"}]},{\"@type\":\"WebSite\",\"@id\":\"https:\/\/deliciaspersas.com\/en\/#website\",\"url\":\"https:\/\/deliciaspersas.com\/en\/\",\"name\":\"Delicias Persas\",\"description\":\"Gastronom&iacute;a persa al alcance de tus manos\",\"publisher\":{\"@id\":\"https:\/\/deliciaspersas.com\/en\/#organization\"},\"potentialAction\":[{\"@type\":\"SearchAction\",\"target\":{\"@type\":\"EntryPoint\",\"urlTemplate\":\"https:\/\/deliciaspersas.com\/en\/?s={search_term_string}\"},\"query-input\":{\"@type\":\"PropertyValueSpecification\",\"valueRequired\":true,\"valueName\":\"search_term_string\"}}],\"inLanguage\":\"en-US\"},{\"@type\":\"Organization\",\"@id\":\"https:\/\/deliciaspersas.com\/en\/#organization\",\"name\":\"Delicias Persas\",\"url\":\"https:\/\/deliciaspersas.com\/en\/\",\"logo\":{\"@type\":\"ImageObject\",\"inLanguage\":\"en-US\",\"@id\":\"https:\/\/deliciaspersas.com\/en\/#\/schema\/logo\/image\/\",\"url\":\"https:\/\/deliciaspersas.com\/wp-content\/uploads\/2020\/07\/logo-2020.png\",\"contentUrl\":\"https:\/\/deliciaspersas.com\/wp-content\/uploads\/2020\/07\/logo-2020.png\",\"width\":520,\"height\":490,\"caption\":\"Delicias Persas\"},\"image\":{\"@id\":\"https:\/\/deliciaspersas.com\/en\/#\/schema\/logo\/image\/\"},\"sameAs\":[\"https:\/\/www.facebook.com\/Deliciaspersas\",\"https:\/\/www.instagram.com\/delicias_persas\/\",\"https:\/\/www.linkedin.com\/delicias-persas\"]}]}<\/script>\n<!-- \/ Yoast SEO plugin. -->","yoast_head_json":{"title":"Pasas Verdes 200g Dayan - Delicias Persas","description":"Pasas Donya. Las\u00a0pasas\u00a0contienen altos niveles de magnesio y calcio, id\u00f3neos para el fortalecimiento de los huesos y el desarrollo \u00f3seo.","robots":{"index":"index","follow":"follow","max-snippet":"max-snippet:-1","max-image-preview":"max-image-preview:large","max-video-preview":"max-video-preview:-1"},"canonical":"https:\/\/deliciaspersas.com\/en\/tienda\/frutas\/pasas-verdes-180g-donya\/","og_locale":"en_US","og_type":"article","og_title":"Pasas Verdes 200g Dayan - Delicias Persas","og_description":"Pasas Donya. Las\u00a0pasas\u00a0contienen altos niveles de magnesio y calcio, id\u00f3neos para el fortalecimiento de los huesos y el desarrollo \u00f3seo.","og_url":"https:\/\/deliciaspersas.com\/en\/tienda\/frutas\/pasas-verdes-180g-donya\/","og_site_name":"Delicias Persas","article_publisher":"https:\/\/www.facebook.com\/Deliciaspersas","article_modified_time":"2024-08-13T09:38:32+00:00","og_image":[{"width":739,"height":732,"url":"https:\/\/deliciaspersas.com\/wp-content\/uploads\/WhatsApp-Image-2020-08-22-at-11.16.48-1.jpeg","type":"image\/jpeg"}],"twitter_card":"summary_large_image","twitter_misc":{"Est. reading time":"2 minutes"},"schema":{"@context":"https:\/\/schema.org","@graph":[{"@type":"WebPage","@id":"https:\/\/deliciaspersas.com\/en\/tienda\/frutas\/pasas-verdes-180g-donya\/","url":"https:\/\/deliciaspersas.com\/en\/tienda\/frutas\/pasas-verdes-180g-donya\/","name":"Pasas Verdes 200g Dayan - Delicias Persas","isPartOf":{"@id":"https:\/\/deliciaspersas.com\/en\/#website"},"primaryImageOfPage":{"@id":"https:\/\/deliciaspersas.com\/en\/tienda\/frutas\/pasas-verdes-180g-donya\/#primaryimage"},"image":{"@id":"https:\/\/deliciaspersas.com\/en\/tienda\/frutas\/pasas-verdes-180g-donya\/#primaryimage"},"thumbnailUrl":"https:\/\/deliciaspersas.com\/wp-content\/uploads\/WhatsApp-Image-2020-08-22-at-11.16.48-1.jpeg","datePublished":"2020-08-23T19:34:46+00:00","dateModified":"2024-08-13T09:38:32+00:00","description":"Pasas Donya. Las\u00a0pasas\u00a0contienen altos niveles de magnesio y calcio, id\u00f3neos para el fortalecimiento de los huesos y el desarrollo \u00f3seo.","breadcrumb":{"@id":"https:\/\/deliciaspersas.com\/en\/tienda\/frutas\/pasas-verdes-180g-donya\/#breadcrumb"},"inLanguage":"en-US","potentialAction":[{"@type":"ReadAction","target":["https:\/\/deliciaspersas.com\/en\/tienda\/frutas\/pasas-verdes-180g-donya\/"]}]},{"@type":"ImageObject","inLanguage":"en-US","@id":"https:\/\/deliciaspersas.com\/en\/tienda\/frutas\/pasas-verdes-180g-donya\/#primaryimage","url":"https:\/\/deliciaspersas.com\/wp-content\/uploads\/WhatsApp-Image-2020-08-22-at-11.16.48-1.jpeg","contentUrl":"https:\/\/deliciaspersas.com\/wp-content\/uploads\/WhatsApp-Image-2020-08-22-at-11.16.48-1.jpeg","width":739,"height":732,"caption":"Pasas 100g Donya"},{"@type":"BreadcrumbList","@id":"https:\/\/deliciaspersas.com\/en\/tienda\/frutas\/pasas-verdes-180g-donya\/#breadcrumb","itemListElement":[{"@type":"ListItem","position":1,"name":"Portada","item":"https:\/\/deliciaspersas.com\/en\/"},{"@type":"ListItem","position":2,"name":"Tienda","item":"https:\/\/deliciaspersas.com\/"},{"@type":"ListItem","position":3,"name":"Pasas Verdes 200g Dayan"}]},{"@type":"WebSite","@id":"https:\/\/deliciaspersas.com\/en\/#website","url":"https:\/\/deliciaspersas.com\/en\/","name":"Delicias Persas","description":"Gastronom&iacute;a persa al alcance de tus manos","publisher":{"@id":"https:\/\/deliciaspersas.com\/en\/#organization"},"potentialAction":[{"@type":"SearchAction","target":{"@type":"EntryPoint","urlTemplate":"https:\/\/deliciaspersas.com\/en\/?s={search_term_string}"},"query-input":{"@type":"PropertyValueSpecification","valueRequired":true,"valueName":"search_term_string"}}],"inLanguage":"en-US"},{"@type":"Organization","@id":"https:\/\/deliciaspersas.com\/en\/#organization","name":"Delicias Persas","url":"https:\/\/deliciaspersas.com\/en\/","logo":{"@type":"ImageObject","inLanguage":"en-US","@id":"https:\/\/deliciaspersas.com\/en\/#\/schema\/logo\/image\/","url":"https:\/\/deliciaspersas.com\/wp-content\/uploads\/2020\/07\/logo-2020.png","contentUrl":"https:\/\/deliciaspersas.com\/wp-content\/uploads\/2020\/07\/logo-2020.png","width":520,"height":490,"caption":"Delicias Persas"},"image":{"@id":"https:\/\/deliciaspersas.com\/en\/#\/schema\/logo\/image\/"},"sameAs":["https:\/\/www.facebook.com\/Deliciaspersas","https:\/\/www.instagram.com\/delicias_persas\/","https:\/\/www.linkedin.com\/delicias-persas"]}]}},"uagb_featured_image_src":{"full":["https:\/\/deliciaspersas.com\/wp-content\/uploads\/WhatsApp-Image-2020-08-22-at-11.16.48-1.jpeg",739,732,false],"thumbnail":["https:\/\/deliciaspersas.com\/wp-content\/uploads\/WhatsApp-Image-2020-08-22-at-11.16.48-1-150x150.jpeg",150,150,true],"medium":["https:\/\/deliciaspersas.com\/wp-content\/uploads\/WhatsApp-Image-2020-08-22-at-11.16.48-1-300x297.jpeg",300,297,true],"medium_large":["https:\/\/deliciaspersas.com\/wp-content\/uploads\/WhatsApp-Image-2020-08-22-at-11.16.48-1.jpeg",739,732,false],"large":["https:\/\/deliciaspersas.com\/wp-content\/uploads\/WhatsApp-Image-2020-08-22-at-11.16.48-1.jpeg",739,732,false],"1536x1536":["https:\/\/deliciaspersas.com\/wp-content\/uploads\/WhatsApp-Image-2020-08-22-at-11.16.48-1.jpeg",739,732,false],"2048x2048":["https:\/\/deliciaspersas.com\/wp-content\/uploads\/WhatsApp-Image-2020-08-22-at-11.16.48-1.jpeg",739,732,false],"woocommerce_thumbnail":["https:\/\/deliciaspersas.com\/wp-content\/uploads\/WhatsApp-Image-2020-08-22-at-11.16.48-1-300x300.jpeg",300,300,true],"woocommerce_single":["https:\/\/deliciaspersas.com\/wp-content\/uploads\/WhatsApp-Image-2020-08-22-at-11.16.48-1-600x594.jpeg",600,594,true],"woocommerce_gallery_thumbnail":["https:\/\/deliciaspersas.com\/wp-content\/uploads\/WhatsApp-Image-2020-08-22-at-11.16.48-1-100x100.jpeg",100,100,true]},"uagb_author_info":{"display_name":"admin","author_link":"https:\/\/deliciaspersas.com\/en\/author\/"},"uagb_comment_info":0,"uagb_excerpt":"Pasas 180g Donya Informaci\u00f3n del producto: Pasas naturales, tambi\u00e9n llamadas uvas pasas, son uvas secas que poseen un sabor dulce, debido a su contenido de fructosa y glucosa, pudiendo ser ingeridas crudas o en diversas preparaciones culinarias. Este producto puede ser de diferentes colores amarillas, marrones y p\u00farpuras, dependiendo del tipo de uva que fue&hellip;","brands":[{"id":52,"name":"Donya","slug":"donya"}],"_links":{"self":[{"href":"https:\/\/deliciaspersas.com\/en\/wp-json\/wp\/v2\/product\/4605"}],"collection":[{"href":"https:\/\/deliciaspersas.com\/en\/wp-json\/wp\/v2\/product"}],"about":[{"href":"https:\/\/deliciaspersas.com\/en\/wp-json\/wp\/v2\/types\/product"}],"wp:featuredmedia":[{"embeddable":true,"href":"https:\/\/deliciaspersas.com\/en\/wp-json\/wp\/v2\/media\/4591"}],"wp:attachment":[{"href":"https:\/\/deliciaspersas.com\/en\/wp-json\/wp\/v2\/media?parent=4605"}],"wp:term":[{"taxonomy":"pwb-brand","embeddable":true,"href":"https:\/\/deliciaspersas.com\/en\/wp-json\/wp\/v2\/pwb-brand?post=4605"},{"taxonomy":"product_cat","embeddable":true,"href":"https:\/\/deliciaspersas.com\/en\/wp-json\/wp\/v2\/product_cat?post=4605"},{"taxonomy":"product_tag","embeddable":true,"href":"https:\/\/deliciaspersas.com\/en\/wp-json\/wp\/v2\/product_tag?post=4605"}],"curies":[{"name":"wp","href":"https:\/\/api.w.org\/{rel}","templated":true}]}}