{"id":4639,"date":"2020-08-28T10:55:13","date_gmt":"2020-08-28T08:55:13","guid":{"rendered":"https:\/\/deliciaspersas.com\/?post_type=product&#038;p=4639"},"modified":"2024-08-08T18:14:07","modified_gmt":"2024-08-08T16:14:07","slug":"dulce-con-pistacho-con-harina-gaz-kerman-2","status":"publish","type":"product","link":"https:\/\/deliciaspersas.com\/en\/tienda\/delicias-dulces\/dulce-con-pistacho-con-harina-gaz-kerman-2\/","title":{"rendered":"Dulce con pistacho con harina Gaz 450g Kerman"},"content":{"rendered":"<h1>Dulce con pistacho con harina Gaz 450g Kerman<\/h1>\n<h6>Informaci\u00f3n del producto:<\/h6>\n<p>Gaz es el nombre tradicional del turr\u00f3n persa con pistachos originario de la ciudad de Esfah\u00e1n y Boldaji, situada en la meseta central de Ir\u00e1n<\/p>\n<h6>Usos:<\/h6>\n<p>El gaz con pistacho es un turr\u00f3n dulce persa, considerado como una delicia. Se puede tomar al gusto, solo o acompa\u00f1ado de uno de nuestros deliciosos t\u00e9s.<\/p>\n<h6>Beneficios:<\/h6>\n<p>Gaz es uno de los suvenires de la provincia de Isfahan que contiene una variedad de vitaminas A, C, E, vitaminas B como B1, B2, B3, B6, sodio, potasio, carbohidratos, az\u00facar como glucosa, fructosa, sacarosa y maltosa, fibra, calcio, hierro. , Magnesio, \u00e1cido f\u00f3lico, lute\u00edna y zeaxantina.<\/p>\n<p>Este producto tiene un gran efecto para mejorar la funci\u00f3n cerebral y fortalecer la memoria. Tambi\u00e9n aumenta la vista.<br \/>\nEste dulce alivia la ansiedad y el estr\u00e9s y es muy \u00fatil para las mujeres embarazadas, pero deben usarse con precauci\u00f3n.<\/p>\n<p>Gaz contribuye a la belleza y frescura de la piel y el cabello; Este dulce tiene propiedades antibi\u00f3ticas por lo que elimina las infecciones del organismo.<\/p>\n<p>As\u00ed mismo tiene un papel eficaz en el fortalecimiento general y el aumento de la energ\u00eda corporal; Gaz aumenta la hemoglobina en la sangre y tambi\u00e9n elimina la anemia.<\/p>\n<p>De manera analoga el pistacho, unos de los ingredientes principales, tiene muchas propiedades como: un nivel de potasio tan alto como al de la naranja y es muy importante por sus nutrientes.<br \/>\nContiene nutrientes como carbohidratos, prote\u00ednas, amino\u00e1cidos, grasas y fibra diet\u00e9tica. Tambi\u00e9n los pistachos son ricos en minerales, potasio, hierro, calcio, zinc, cobre y sodio, estos frutos secos contienen vitaminas esenciales, como: Vitamina C, B6 y A.<\/p>\n<h6>Ingredientes y al\u00e9rgenos:<\/h6>\n<p>Los ingredientes del Gaz son:<\/p>\n<p>(50 g) de pistachos<br \/>\nMedia taza de az\u00facar<br \/>\nCuarto de copa de agua de Rosas<br \/>\nCuarto de Copa de Glucosa<br \/>\n1 clara de huevo<br \/>\nHarina<\/p>\n<h6>Condiciones de conservaci\u00f3n:<\/h6>\n<p>Conservar en un lugar fresco, seco y protegido de la luz.<\/p>\n<h6>Informaci\u00f3n adicional:<\/h6>\n<p>Fabricado por: Kerman.<\/p>\n","protected":false},"excerpt":{"rendered":"<p>Dulce con pistacho con harina Gaz 450g Kerman Informaci\u00f3n del producto: Gaz es el nombre tradicional del turr\u00f3n persa con pistachos originario de la ciudad de Esfah\u00e1n y Boldaji, situada en la meseta central de Ir\u00e1n Usos: El gaz con pistacho es un turr\u00f3n dulce persa, considerado como una delicia. Se puede tomar al gusto, [&hellip;]<\/p>\n","protected":false},"featured_media":4507,"template":"","meta":{"_surecart_dashboard_logo_width":"180px","_surecart_dashboard_show_logo":true,"_surecart_dashboard_navigation_orders":true,"_surecart_dashboard_navigation_invoices":true,"_surecart_dashboard_navigation_subscriptions":true,"_surecart_dashboard_navigation_downloads":true,"_surecart_dashboard_navigation_billing":true,"_surecart_dashboard_navigation_account":true,"_uag_custom_page_level_css":"","site-sidebar-layout":"default","site-content-layout":"default","ast-site-content-layout":"default","site-content-style":"default","site-sidebar-style":"default","ast-global-header-display":"","ast-banner-title-visibility":"","ast-main-header-display":"","ast-hfb-above-header-display":"","ast-hfb-below-header-display":"","ast-hfb-mobile-header-display":"","site-post-title":"","ast-breadcrumbs-content":"","ast-featured-img":"","footer-sml-layout":"","theme-transparent-header-meta":"default","adv-header-id-meta":"","stick-header-meta":"","header-above-stick-meta":"","header-main-stick-meta":"","header-below-stick-meta":"","astra-migrate-meta-layouts":"set","ast-page-background-enabled":"default","ast-page-background-meta":{"desktop":{"background-color":"","background-image":"","background-repeat":"repeat","background-position":"center center","background-size":"auto","background-attachment":"scroll","background-type":"","background-media":"","overlay-type":"","overlay-color":"","overlay-opacity":"","overlay-gradient":""},"tablet":{"background-color":"","background-image":"","background-repeat":"repeat","background-position":"center center","background-size":"auto","background-attachment":"scroll","background-type":"","background-media":"","overlay-type":"","overlay-color":"","overlay-opacity":"","overlay-gradient":""},"mobile":{"background-color":"","background-image":"","background-repeat":"repeat","background-position":"center center","background-size":"auto","background-attachment":"scroll","background-type":"","background-media":"","overlay-type":"","overlay-color":"","overlay-opacity":"","overlay-gradient":""}},"ast-content-background-meta":{"desktop":{"background-color":"var(--ast-global-color-5)","background-image":"","background-repeat":"repeat","background-position":"center center","background-size":"auto","background-attachment":"scroll","background-type":"","background-media":"","overlay-type":"","overlay-color":"","overlay-opacity":"","overlay-gradient":""},"tablet":{"background-color":"var(--ast-global-color-5)","background-image":"","background-repeat":"repeat","background-position":"center center","background-size":"auto","background-attachment":"scroll","background-type":"","background-media":"","overlay-type":"","overlay-color":"","overlay-opacity":"","overlay-gradient":""},"mobile":{"background-color":"var(--ast-global-color-5)","background-image":"","background-repeat":"repeat","background-position":"center center","background-size":"auto","background-attachment":"scroll","background-type":"","background-media":"","overlay-type":"","overlay-color":"","overlay-opacity":"","overlay-gradient":""}}},"pwb-brand":[75],"product_cat":[31,36],"product_tag":[764,947,679,948],"class_list":{"0":"post-4639","1":"product","2":"type-product","3":"status-publish","4":"has-post-thumbnail","6":"pwb-brand-kerman","7":"product_cat-delicias-dulces","8":"product_cat-desayuno","9":"product_tag-dulce","10":"product_tag-harina","11":"product_tag-pistacho","12":"product_tag-948","13":"desktop-align-center","14":"tablet-align-center","15":"mobile-align-center","17":"first","18":"outofstock","19":"taxable","20":"shipping-taxable","21":"purchasable","22":"product-type-simple"},"yoast_head":"<!-- This site is optimized with the Yoast SEO plugin v23.6 - https:\/\/yoast.com\/wordpress\/plugins\/seo\/ -->\n<title>Dulce con pistacho con harina Gaz 450g Kerman - Delicias Persas<\/title>\n<meta name=\"description\" content=\"Dulce gaz con pistacho. El gaz con pistacho es un turr\u00f3n dulce persa, considerado como una delicia. Se puede tomar al gusto, o con un t\u00e9.\" \/>\n<meta name=\"robots\" content=\"index, follow, max-snippet:-1, max-image-preview:large, max-video-preview:-1\" \/>\n<link rel=\"canonical\" href=\"https:\/\/deliciaspersas.com\/en\/tienda\/delicias-dulces\/dulce-con-pistacho-con-harina-gaz-kerman-2\/\" \/>\n<meta property=\"og:locale\" content=\"en_US\" \/>\n<meta property=\"og:type\" content=\"article\" \/>\n<meta property=\"og:title\" content=\"Dulce con pistacho con harina Gaz 450g Kerman - Delicias Persas\" \/>\n<meta property=\"og:description\" content=\"Dulce gaz con pistacho. El gaz con pistacho es un turr\u00f3n dulce persa, considerado como una delicia. Se puede tomar al gusto, o con un t\u00e9.\" \/>\n<meta property=\"og:url\" content=\"https:\/\/deliciaspersas.com\/en\/tienda\/delicias-dulces\/dulce-con-pistacho-con-harina-gaz-kerman-2\/\" \/>\n<meta property=\"og:site_name\" content=\"Delicias Persas\" \/>\n<meta property=\"article:publisher\" content=\"https:\/\/www.facebook.com\/Deliciaspersas\" \/>\n<meta property=\"article:modified_time\" content=\"2024-08-08T16:14:07+00:00\" \/>\n<meta property=\"og:image\" content=\"https:\/\/deliciaspersas.com\/wp-content\/uploads\/9.jpg\" \/>\n\t<meta property=\"og:image:width\" content=\"760\" \/>\n\t<meta property=\"og:image:height\" content=\"760\" \/>\n\t<meta property=\"og:image:type\" content=\"image\/jpeg\" \/>\n<meta name=\"twitter:card\" content=\"summary_large_image\" \/>\n<meta name=\"twitter:label1\" content=\"Est. reading time\" \/>\n\t<meta name=\"twitter:data1\" content=\"2 minutes\" \/>\n<script type=\"application\/ld+json\" class=\"yoast-schema-graph\">{\"@context\":\"https:\/\/schema.org\",\"@graph\":[{\"@type\":\"WebPage\",\"@id\":\"https:\/\/deliciaspersas.com\/en\/tienda\/delicias-dulces\/dulce-con-pistacho-con-harina-gaz-kerman-2\/\",\"url\":\"https:\/\/deliciaspersas.com\/en\/tienda\/delicias-dulces\/dulce-con-pistacho-con-harina-gaz-kerman-2\/\",\"name\":\"Dulce con pistacho con harina Gaz 450g Kerman - Delicias Persas\",\"isPartOf\":{\"@id\":\"https:\/\/deliciaspersas.com\/en\/#website\"},\"primaryImageOfPage\":{\"@id\":\"https:\/\/deliciaspersas.com\/en\/tienda\/delicias-dulces\/dulce-con-pistacho-con-harina-gaz-kerman-2\/#primaryimage\"},\"image\":{\"@id\":\"https:\/\/deliciaspersas.com\/en\/tienda\/delicias-dulces\/dulce-con-pistacho-con-harina-gaz-kerman-2\/#primaryimage\"},\"thumbnailUrl\":\"https:\/\/deliciaspersas.com\/wp-content\/uploads\/9.jpg\",\"datePublished\":\"2020-08-28T08:55:13+00:00\",\"dateModified\":\"2024-08-08T16:14:07+00:00\",\"description\":\"Dulce gaz con pistacho. El gaz con pistacho es un turr\u00f3n dulce persa, considerado como una delicia. Se puede tomar al gusto, o con un t\u00e9.\",\"breadcrumb\":{\"@id\":\"https:\/\/deliciaspersas.com\/en\/tienda\/delicias-dulces\/dulce-con-pistacho-con-harina-gaz-kerman-2\/#breadcrumb\"},\"inLanguage\":\"en-US\",\"potentialAction\":[{\"@type\":\"ReadAction\",\"target\":[\"https:\/\/deliciaspersas.com\/en\/tienda\/delicias-dulces\/dulce-con-pistacho-con-harina-gaz-kerman-2\/\"]}]},{\"@type\":\"ImageObject\",\"inLanguage\":\"en-US\",\"@id\":\"https:\/\/deliciaspersas.com\/en\/tienda\/delicias-dulces\/dulce-con-pistacho-con-harina-gaz-kerman-2\/#primaryimage\",\"url\":\"https:\/\/deliciaspersas.com\/wp-content\/uploads\/9.jpg\",\"contentUrl\":\"https:\/\/deliciaspersas.com\/wp-content\/uploads\/9.jpg\",\"width\":760,\"height\":760,\"caption\":\"GAZ CON PISTACHO 600G KERMAN\"},{\"@type\":\"BreadcrumbList\",\"@id\":\"https:\/\/deliciaspersas.com\/en\/tienda\/delicias-dulces\/dulce-con-pistacho-con-harina-gaz-kerman-2\/#breadcrumb\",\"itemListElement\":[{\"@type\":\"ListItem\",\"position\":1,\"name\":\"Portada\",\"item\":\"https:\/\/deliciaspersas.com\/en\/\"},{\"@type\":\"ListItem\",\"position\":2,\"name\":\"Tienda\",\"item\":\"https:\/\/deliciaspersas.com\/\"},{\"@type\":\"ListItem\",\"position\":3,\"name\":\"Dulce con pistacho con harina Gaz 450g Kerman\"}]},{\"@type\":\"WebSite\",\"@id\":\"https:\/\/deliciaspersas.com\/en\/#website\",\"url\":\"https:\/\/deliciaspersas.com\/en\/\",\"name\":\"Delicias Persas\",\"description\":\"Gastronom&iacute;a persa al alcance de tus manos\",\"publisher\":{\"@id\":\"https:\/\/deliciaspersas.com\/en\/#organization\"},\"potentialAction\":[{\"@type\":\"SearchAction\",\"target\":{\"@type\":\"EntryPoint\",\"urlTemplate\":\"https:\/\/deliciaspersas.com\/en\/?s={search_term_string}\"},\"query-input\":{\"@type\":\"PropertyValueSpecification\",\"valueRequired\":true,\"valueName\":\"search_term_string\"}}],\"inLanguage\":\"en-US\"},{\"@type\":\"Organization\",\"@id\":\"https:\/\/deliciaspersas.com\/en\/#organization\",\"name\":\"Delicias Persas\",\"url\":\"https:\/\/deliciaspersas.com\/en\/\",\"logo\":{\"@type\":\"ImageObject\",\"inLanguage\":\"en-US\",\"@id\":\"https:\/\/deliciaspersas.com\/en\/#\/schema\/logo\/image\/\",\"url\":\"https:\/\/deliciaspersas.com\/wp-content\/uploads\/2020\/07\/logo-2020.png\",\"contentUrl\":\"https:\/\/deliciaspersas.com\/wp-content\/uploads\/2020\/07\/logo-2020.png\",\"width\":520,\"height\":490,\"caption\":\"Delicias Persas\"},\"image\":{\"@id\":\"https:\/\/deliciaspersas.com\/en\/#\/schema\/logo\/image\/\"},\"sameAs\":[\"https:\/\/www.facebook.com\/Deliciaspersas\",\"https:\/\/www.instagram.com\/delicias_persas\/\",\"https:\/\/www.linkedin.com\/delicias-persas\"]}]}<\/script>\n<!-- \/ Yoast SEO plugin. -->","yoast_head_json":{"title":"Dulce con pistacho con harina Gaz 450g Kerman - Delicias Persas","description":"Dulce gaz con pistacho. El gaz con pistacho es un turr\u00f3n dulce persa, considerado como una delicia. Se puede tomar al gusto, o con un t\u00e9.","robots":{"index":"index","follow":"follow","max-snippet":"max-snippet:-1","max-image-preview":"max-image-preview:large","max-video-preview":"max-video-preview:-1"},"canonical":"https:\/\/deliciaspersas.com\/en\/tienda\/delicias-dulces\/dulce-con-pistacho-con-harina-gaz-kerman-2\/","og_locale":"en_US","og_type":"article","og_title":"Dulce con pistacho con harina Gaz 450g Kerman - Delicias Persas","og_description":"Dulce gaz con pistacho. El gaz con pistacho es un turr\u00f3n dulce persa, considerado como una delicia. Se puede tomar al gusto, o con un t\u00e9.","og_url":"https:\/\/deliciaspersas.com\/en\/tienda\/delicias-dulces\/dulce-con-pistacho-con-harina-gaz-kerman-2\/","og_site_name":"Delicias Persas","article_publisher":"https:\/\/www.facebook.com\/Deliciaspersas","article_modified_time":"2024-08-08T16:14:07+00:00","og_image":[{"width":760,"height":760,"url":"https:\/\/deliciaspersas.com\/wp-content\/uploads\/9.jpg","type":"image\/jpeg"}],"twitter_card":"summary_large_image","twitter_misc":{"Est. reading time":"2 minutes"},"schema":{"@context":"https:\/\/schema.org","@graph":[{"@type":"WebPage","@id":"https:\/\/deliciaspersas.com\/en\/tienda\/delicias-dulces\/dulce-con-pistacho-con-harina-gaz-kerman-2\/","url":"https:\/\/deliciaspersas.com\/en\/tienda\/delicias-dulces\/dulce-con-pistacho-con-harina-gaz-kerman-2\/","name":"Dulce con pistacho con harina Gaz 450g Kerman - Delicias Persas","isPartOf":{"@id":"https:\/\/deliciaspersas.com\/en\/#website"},"primaryImageOfPage":{"@id":"https:\/\/deliciaspersas.com\/en\/tienda\/delicias-dulces\/dulce-con-pistacho-con-harina-gaz-kerman-2\/#primaryimage"},"image":{"@id":"https:\/\/deliciaspersas.com\/en\/tienda\/delicias-dulces\/dulce-con-pistacho-con-harina-gaz-kerman-2\/#primaryimage"},"thumbnailUrl":"https:\/\/deliciaspersas.com\/wp-content\/uploads\/9.jpg","datePublished":"2020-08-28T08:55:13+00:00","dateModified":"2024-08-08T16:14:07+00:00","description":"Dulce gaz con pistacho. El gaz con pistacho es un turr\u00f3n dulce persa, considerado como una delicia. Se puede tomar al gusto, o con un t\u00e9.","breadcrumb":{"@id":"https:\/\/deliciaspersas.com\/en\/tienda\/delicias-dulces\/dulce-con-pistacho-con-harina-gaz-kerman-2\/#breadcrumb"},"inLanguage":"en-US","potentialAction":[{"@type":"ReadAction","target":["https:\/\/deliciaspersas.com\/en\/tienda\/delicias-dulces\/dulce-con-pistacho-con-harina-gaz-kerman-2\/"]}]},{"@type":"ImageObject","inLanguage":"en-US","@id":"https:\/\/deliciaspersas.com\/en\/tienda\/delicias-dulces\/dulce-con-pistacho-con-harina-gaz-kerman-2\/#primaryimage","url":"https:\/\/deliciaspersas.com\/wp-content\/uploads\/9.jpg","contentUrl":"https:\/\/deliciaspersas.com\/wp-content\/uploads\/9.jpg","width":760,"height":760,"caption":"GAZ CON PISTACHO 600G KERMAN"},{"@type":"BreadcrumbList","@id":"https:\/\/deliciaspersas.com\/en\/tienda\/delicias-dulces\/dulce-con-pistacho-con-harina-gaz-kerman-2\/#breadcrumb","itemListElement":[{"@type":"ListItem","position":1,"name":"Portada","item":"https:\/\/deliciaspersas.com\/en\/"},{"@type":"ListItem","position":2,"name":"Tienda","item":"https:\/\/deliciaspersas.com\/"},{"@type":"ListItem","position":3,"name":"Dulce con pistacho con harina Gaz 450g Kerman"}]},{"@type":"WebSite","@id":"https:\/\/deliciaspersas.com\/en\/#website","url":"https:\/\/deliciaspersas.com\/en\/","name":"Delicias Persas","description":"Gastronom&iacute;a persa al alcance de tus manos","publisher":{"@id":"https:\/\/deliciaspersas.com\/en\/#organization"},"potentialAction":[{"@type":"SearchAction","target":{"@type":"EntryPoint","urlTemplate":"https:\/\/deliciaspersas.com\/en\/?s={search_term_string}"},"query-input":{"@type":"PropertyValueSpecification","valueRequired":true,"valueName":"search_term_string"}}],"inLanguage":"en-US"},{"@type":"Organization","@id":"https:\/\/deliciaspersas.com\/en\/#organization","name":"Delicias Persas","url":"https:\/\/deliciaspersas.com\/en\/","logo":{"@type":"ImageObject","inLanguage":"en-US","@id":"https:\/\/deliciaspersas.com\/en\/#\/schema\/logo\/image\/","url":"https:\/\/deliciaspersas.com\/wp-content\/uploads\/2020\/07\/logo-2020.png","contentUrl":"https:\/\/deliciaspersas.com\/wp-content\/uploads\/2020\/07\/logo-2020.png","width":520,"height":490,"caption":"Delicias Persas"},"image":{"@id":"https:\/\/deliciaspersas.com\/en\/#\/schema\/logo\/image\/"},"sameAs":["https:\/\/www.facebook.com\/Deliciaspersas","https:\/\/www.instagram.com\/delicias_persas\/","https:\/\/www.linkedin.com\/delicias-persas"]}]}},"uagb_featured_image_src":{"full":["https:\/\/deliciaspersas.com\/wp-content\/uploads\/9.jpg",760,760,false],"thumbnail":["https:\/\/deliciaspersas.com\/wp-content\/uploads\/9-150x150.jpg",150,150,true],"medium":["https:\/\/deliciaspersas.com\/wp-content\/uploads\/9-300x300.jpg",300,300,true],"medium_large":["https:\/\/deliciaspersas.com\/wp-content\/uploads\/9.jpg",760,760,false],"large":["https:\/\/deliciaspersas.com\/wp-content\/uploads\/9.jpg",760,760,false],"1536x1536":["https:\/\/deliciaspersas.com\/wp-content\/uploads\/9.jpg",760,760,false],"2048x2048":["https:\/\/deliciaspersas.com\/wp-content\/uploads\/9.jpg",760,760,false],"woocommerce_thumbnail":["https:\/\/deliciaspersas.com\/wp-content\/uploads\/9-300x300.jpg",300,300,true],"woocommerce_single":["https:\/\/deliciaspersas.com\/wp-content\/uploads\/9-600x600.jpg",600,600,true],"woocommerce_gallery_thumbnail":["https:\/\/deliciaspersas.com\/wp-content\/uploads\/9-100x100.jpg",100,100,true]},"uagb_author_info":{"display_name":"admin","author_link":"https:\/\/deliciaspersas.com\/en\/author\/"},"uagb_comment_info":0,"uagb_excerpt":"Dulce con pistacho con harina Gaz 450g Kerman Informaci\u00f3n del producto: Gaz es el nombre tradicional del turr\u00f3n persa con pistachos originario de la ciudad de Esfah\u00e1n y Boldaji, situada en la meseta central de Ir\u00e1n Usos: El gaz con pistacho es un turr\u00f3n dulce persa, considerado como una delicia. Se puede tomar al gusto,&hellip;","brands":[{"id":75,"name":"Kerman","slug":"kerman"}],"_links":{"self":[{"href":"https:\/\/deliciaspersas.com\/en\/wp-json\/wp\/v2\/product\/4639"}],"collection":[{"href":"https:\/\/deliciaspersas.com\/en\/wp-json\/wp\/v2\/product"}],"about":[{"href":"https:\/\/deliciaspersas.com\/en\/wp-json\/wp\/v2\/types\/product"}],"wp:featuredmedia":[{"embeddable":true,"href":"https:\/\/deliciaspersas.com\/en\/wp-json\/wp\/v2\/media\/4507"}],"wp:attachment":[{"href":"https:\/\/deliciaspersas.com\/en\/wp-json\/wp\/v2\/media?parent=4639"}],"wp:term":[{"taxonomy":"pwb-brand","embeddable":true,"href":"https:\/\/deliciaspersas.com\/en\/wp-json\/wp\/v2\/pwb-brand?post=4639"},{"taxonomy":"product_cat","embeddable":true,"href":"https:\/\/deliciaspersas.com\/en\/wp-json\/wp\/v2\/product_cat?post=4639"},{"taxonomy":"product_tag","embeddable":true,"href":"https:\/\/deliciaspersas.com\/en\/wp-json\/wp\/v2\/product_tag?post=4639"}],"curies":[{"name":"wp","href":"https:\/\/api.w.org\/{rel}","templated":true}]}}