{"id":4785,"date":"2020-09-16T11:34:47","date_gmt":"2020-09-16T09:34:47","guid":{"rendered":"https:\/\/deliciaspersas.com\/?post_type=product&#038;p=4785"},"modified":"2023-12-26T19:20:07","modified_gmt":"2023-12-26T18:20:07","slug":"neshateh-100g-donya","status":"publish","type":"product","link":"https:\/\/deliciaspersas.com\/en\/tienda\/especias\/neshateh-100g-donya\/","title":{"rendered":"Almid\u00f3n comestible Neshasteh 90g Donya"},"content":{"rendered":"<h1>Almid\u00f3n comestible Neshasteh 90g Donya<\/h1>\n<h6>Informaci\u00f3n del producto:<\/h6>\n<p>Neshasteh o <span style=\"font-size: 16px;\">almid\u00f3n es una sustancia en polvo blanca y sin olor\u00a0 que se puede encontrar en las semillas o en algunas plantas. <\/span>El trigo, el ma\u00edz y la papa se encuentran entre las plantas que tienen mucho almid\u00f3n.<\/p>\n<p>El almid\u00f3n se suele utilizar para diversos fines, especialmente para cocinar.<\/p>\n<h6>Usos:<\/h6>\n<p>Mayormente se utiliza en postres y a veces en la preparaci\u00f3n de algunas comidas.<\/p>\n<h6>Beneficios:<\/h6>\n<p>Almid\u00f3n o neshasteh es una buena fuente de energ\u00eda y la principal fuente de diversos nutrientes en nuestra dieta. El almid\u00f3n tambi\u00e9n contiene fibra, calcio, hierro y vitaminas B. Algunas personas piensan que los alimentos con almid\u00f3n engordan pero son bajos en calor\u00edas.<\/p>\n<p>El consumo de almid\u00f3n como el caviar y la leche puede reducir el riesgo de c\u00e1ncer de colon. Una dieta con almid\u00f3n puede reducir significativamente el riesgo de c\u00e1ncer de colon, que se asocia con un alto consumo de carne roja.<\/p>\n<p>Si tiene la piel seca, apagada y sin vida, puede usar una mascarilla de almid\u00f3n y yogur. El uso de esta mascarilla deja la piel clara, fresca y suave. Una de las propiedades m\u00e1s importantes del almid\u00f3n, como la leche de camello, es su capacidad de pegarse, que limpia la piel y elimina las masas cut\u00e1neas. El almid\u00f3n tambi\u00e9n puede tratar una variedad de granos y acn\u00e9. En la medicina tradicional, el almid\u00f3n se usa para tratar las quemaduras de la piel y las erupciones del beb\u00e9 debido a sus propiedades reconstituyentes. El almid\u00f3n tambi\u00e9n tiene propiedades calmantes y hace de este alimento sea excelente para aliviar el dolor de la varicela. Tambi\u00e9n es excelente para tratar quemaduras y sudoraci\u00f3n en ingles y axilas.<\/p>\n<h6>Ingredientes y al\u00e9rgenos:<\/h6>\n<p>Especias de Neshasteh.<\/p>\n<h6>Condiciones de conservaci\u00f3n:<\/h6>\n<p>Conservar en un lugar fresco, seco y protegido de la luz.<\/p>\n<h6>Informaci\u00f3n adicional:<\/h6>\n<p>Fabricado por: Donya<\/p>\n","protected":false},"excerpt":{"rendered":"<p>Almid\u00f3n comestible Neshasteh 90g Donya Informaci\u00f3n del producto: Neshasteh o almid\u00f3n es una sustancia en polvo blanca y sin olor\u00a0 que se puede encontrar en las semillas o en algunas plantas. El trigo, el ma\u00edz y la papa se encuentran entre las plantas que tienen mucho almid\u00f3n. El almid\u00f3n se suele utilizar para diversos fines, [&hellip;]<\/p>\n","protected":false},"featured_media":4832,"template":"","meta":{"_surecart_dashboard_logo_width":"180px","_surecart_dashboard_show_logo":true,"_surecart_dashboard_navigation_orders":true,"_surecart_dashboard_navigation_invoices":true,"_surecart_dashboard_navigation_subscriptions":true,"_surecart_dashboard_navigation_downloads":true,"_surecart_dashboard_navigation_billing":true,"_surecart_dashboard_navigation_account":true,"_uag_custom_page_level_css":"","site-sidebar-layout":"default","site-content-layout":"default","ast-site-content-layout":"","site-content-style":"default","site-sidebar-style":"default","ast-global-header-display":"","ast-banner-title-visibility":"","ast-main-header-display":"","ast-hfb-above-header-display":"","ast-hfb-below-header-display":"","ast-hfb-mobile-header-display":"","site-post-title":"","ast-breadcrumbs-content":"","ast-featured-img":"","footer-sml-layout":"","theme-transparent-header-meta":"default","adv-header-id-meta":"","stick-header-meta":"","header-above-stick-meta":"","header-main-stick-meta":"","header-below-stick-meta":"","astra-migrate-meta-layouts":"default","ast-page-background-enabled":"default","ast-page-background-meta":{"desktop":{"background-color":"","background-image":"","background-repeat":"repeat","background-position":"center center","background-size":"auto","background-attachment":"scroll","background-type":"","background-media":"","overlay-type":"","overlay-color":"","overlay-opacity":"","overlay-gradient":""},"tablet":{"background-color":"","background-image":"","background-repeat":"repeat","background-position":"center center","background-size":"auto","background-attachment":"scroll","background-type":"","background-media":"","overlay-type":"","overlay-color":"","overlay-opacity":"","overlay-gradient":""},"mobile":{"background-color":"","background-image":"","background-repeat":"repeat","background-position":"center center","background-size":"auto","background-attachment":"scroll","background-type":"","background-media":"","overlay-type":"","overlay-color":"","overlay-opacity":"","overlay-gradient":""}},"ast-content-background-meta":{"desktop":{"background-color":"var(--ast-global-color-5)","background-image":"","background-repeat":"repeat","background-position":"center center","background-size":"auto","background-attachment":"scroll","background-type":"","background-media":"","overlay-type":"","overlay-color":"","overlay-opacity":"","overlay-gradient":""},"tablet":{"background-color":"var(--ast-global-color-5)","background-image":"","background-repeat":"repeat","background-position":"center center","background-size":"auto","background-attachment":"scroll","background-type":"","background-media":"","overlay-type":"","overlay-color":"","overlay-opacity":"","overlay-gradient":""},"mobile":{"background-color":"var(--ast-global-color-5)","background-image":"","background-repeat":"repeat","background-position":"center center","background-size":"auto","background-attachment":"scroll","background-type":"","background-media":"","overlay-type":"","overlay-color":"","overlay-opacity":"","overlay-gradient":""}}},"pwb-brand":[52],"product_cat":[39,32],"product_tag":[1033,1034,768,1035],"class_list":{"0":"post-4785","1":"product","2":"type-product","3":"status-publish","4":"has-post-thumbnail","6":"pwb-brand-donya","7":"product_cat-destilados","8":"product_cat-especias","9":"product_tag-almidon","10":"product_tag-maiz","11":"product_tag-trigo","12":"product_tag-1035","13":"desktop-align-center","14":"tablet-align-center","15":"mobile-align-center","17":"first","18":"outofstock","19":"taxable","20":"shipping-taxable","21":"purchasable","22":"product-type-simple"},"yoast_head":"<!-- This site is optimized with the Yoast SEO plugin v23.6 - https:\/\/yoast.com\/wordpress\/plugins\/seo\/ -->\n<title>Almid\u00f3n comestible Neshasteh 90g Donya - Delicias Persas<\/title>\n<meta name=\"robots\" content=\"index, follow, max-snippet:-1, max-image-preview:large, max-video-preview:-1\" \/>\n<link rel=\"canonical\" href=\"https:\/\/deliciaspersas.com\/en\/tienda\/especias\/neshateh-100g-donya\/\" \/>\n<meta property=\"og:locale\" content=\"en_US\" \/>\n<meta property=\"og:type\" content=\"article\" \/>\n<meta property=\"og:title\" content=\"Almid\u00f3n comestible Neshasteh 90g Donya - Delicias Persas\" \/>\n<meta property=\"og:description\" content=\"Almid\u00f3n comestible Neshasteh 90g Donya Informaci\u00f3n del producto: Neshasteh o almid\u00f3n es una sustancia en polvo blanca y sin olor\u00a0 que se puede encontrar en las semillas o en algunas plantas. El trigo, el ma\u00edz y la papa se encuentran entre las plantas que tienen mucho almid\u00f3n. El almid\u00f3n se suele utilizar para diversos fines, [&hellip;]\" \/>\n<meta property=\"og:url\" content=\"https:\/\/deliciaspersas.com\/en\/tienda\/especias\/neshateh-100g-donya\/\" \/>\n<meta property=\"og:site_name\" content=\"Delicias Persas\" \/>\n<meta property=\"article:publisher\" content=\"https:\/\/www.facebook.com\/Deliciaspersas\" \/>\n<meta property=\"article:modified_time\" content=\"2023-12-26T18:20:07+00:00\" \/>\n<meta property=\"og:image\" content=\"https:\/\/deliciaspersas.com\/wp-content\/uploads\/Neshateh-100g-Donya.jpg\" \/>\n\t<meta property=\"og:image:width\" content=\"760\" \/>\n\t<meta property=\"og:image:height\" content=\"760\" \/>\n\t<meta property=\"og:image:type\" content=\"image\/jpeg\" \/>\n<meta name=\"twitter:card\" content=\"summary_large_image\" \/>\n<meta name=\"twitter:label1\" content=\"Est. reading time\" \/>\n\t<meta name=\"twitter:data1\" content=\"2 minutes\" \/>\n<script type=\"application\/ld+json\" class=\"yoast-schema-graph\">{\"@context\":\"https:\/\/schema.org\",\"@graph\":[{\"@type\":\"WebPage\",\"@id\":\"https:\/\/deliciaspersas.com\/en\/tienda\/especias\/neshateh-100g-donya\/\",\"url\":\"https:\/\/deliciaspersas.com\/en\/tienda\/especias\/neshateh-100g-donya\/\",\"name\":\"Almid\u00f3n comestible Neshasteh 90g Donya - Delicias Persas\",\"isPartOf\":{\"@id\":\"https:\/\/deliciaspersas.com\/en\/#website\"},\"primaryImageOfPage\":{\"@id\":\"https:\/\/deliciaspersas.com\/en\/tienda\/especias\/neshateh-100g-donya\/#primaryimage\"},\"image\":{\"@id\":\"https:\/\/deliciaspersas.com\/en\/tienda\/especias\/neshateh-100g-donya\/#primaryimage\"},\"thumbnailUrl\":\"https:\/\/deliciaspersas.com\/wp-content\/uploads\/Neshateh-100g-Donya.jpg\",\"datePublished\":\"2020-09-16T09:34:47+00:00\",\"dateModified\":\"2023-12-26T18:20:07+00:00\",\"breadcrumb\":{\"@id\":\"https:\/\/deliciaspersas.com\/en\/tienda\/especias\/neshateh-100g-donya\/#breadcrumb\"},\"inLanguage\":\"en-US\",\"potentialAction\":[{\"@type\":\"ReadAction\",\"target\":[\"https:\/\/deliciaspersas.com\/en\/tienda\/especias\/neshateh-100g-donya\/\"]}]},{\"@type\":\"ImageObject\",\"inLanguage\":\"en-US\",\"@id\":\"https:\/\/deliciaspersas.com\/en\/tienda\/especias\/neshateh-100g-donya\/#primaryimage\",\"url\":\"https:\/\/deliciaspersas.com\/wp-content\/uploads\/Neshateh-100g-Donya.jpg\",\"contentUrl\":\"https:\/\/deliciaspersas.com\/wp-content\/uploads\/Neshateh-100g-Donya.jpg\",\"width\":760,\"height\":760,\"caption\":\"Neshateh 100g Donya\"},{\"@type\":\"BreadcrumbList\",\"@id\":\"https:\/\/deliciaspersas.com\/en\/tienda\/especias\/neshateh-100g-donya\/#breadcrumb\",\"itemListElement\":[{\"@type\":\"ListItem\",\"position\":1,\"name\":\"Portada\",\"item\":\"https:\/\/deliciaspersas.com\/en\/\"},{\"@type\":\"ListItem\",\"position\":2,\"name\":\"Tienda\",\"item\":\"https:\/\/deliciaspersas.com\/\"},{\"@type\":\"ListItem\",\"position\":3,\"name\":\"Almid\u00f3n comestible Neshasteh 90g Donya\"}]},{\"@type\":\"WebSite\",\"@id\":\"https:\/\/deliciaspersas.com\/en\/#website\",\"url\":\"https:\/\/deliciaspersas.com\/en\/\",\"name\":\"Delicias Persas\",\"description\":\"Gastronom&iacute;a persa al alcance de tus manos\",\"publisher\":{\"@id\":\"https:\/\/deliciaspersas.com\/en\/#organization\"},\"potentialAction\":[{\"@type\":\"SearchAction\",\"target\":{\"@type\":\"EntryPoint\",\"urlTemplate\":\"https:\/\/deliciaspersas.com\/en\/?s={search_term_string}\"},\"query-input\":{\"@type\":\"PropertyValueSpecification\",\"valueRequired\":true,\"valueName\":\"search_term_string\"}}],\"inLanguage\":\"en-US\"},{\"@type\":\"Organization\",\"@id\":\"https:\/\/deliciaspersas.com\/en\/#organization\",\"name\":\"Delicias Persas\",\"url\":\"https:\/\/deliciaspersas.com\/en\/\",\"logo\":{\"@type\":\"ImageObject\",\"inLanguage\":\"en-US\",\"@id\":\"https:\/\/deliciaspersas.com\/en\/#\/schema\/logo\/image\/\",\"url\":\"https:\/\/deliciaspersas.com\/wp-content\/uploads\/2020\/07\/logo-2020.png\",\"contentUrl\":\"https:\/\/deliciaspersas.com\/wp-content\/uploads\/2020\/07\/logo-2020.png\",\"width\":520,\"height\":490,\"caption\":\"Delicias Persas\"},\"image\":{\"@id\":\"https:\/\/deliciaspersas.com\/en\/#\/schema\/logo\/image\/\"},\"sameAs\":[\"https:\/\/www.facebook.com\/Deliciaspersas\",\"https:\/\/www.instagram.com\/delicias_persas\/\",\"https:\/\/www.linkedin.com\/delicias-persas\"]}]}<\/script>\n<!-- \/ Yoast SEO plugin. -->","yoast_head_json":{"title":"Almid\u00f3n comestible Neshasteh 90g Donya - Delicias Persas","robots":{"index":"index","follow":"follow","max-snippet":"max-snippet:-1","max-image-preview":"max-image-preview:large","max-video-preview":"max-video-preview:-1"},"canonical":"https:\/\/deliciaspersas.com\/en\/tienda\/especias\/neshateh-100g-donya\/","og_locale":"en_US","og_type":"article","og_title":"Almid\u00f3n comestible Neshasteh 90g Donya - Delicias Persas","og_description":"Almid\u00f3n comestible Neshasteh 90g Donya Informaci\u00f3n del producto: Neshasteh o almid\u00f3n es una sustancia en polvo blanca y sin olor\u00a0 que se puede encontrar en las semillas o en algunas plantas. El trigo, el ma\u00edz y la papa se encuentran entre las plantas que tienen mucho almid\u00f3n. El almid\u00f3n se suele utilizar para diversos fines, [&hellip;]","og_url":"https:\/\/deliciaspersas.com\/en\/tienda\/especias\/neshateh-100g-donya\/","og_site_name":"Delicias Persas","article_publisher":"https:\/\/www.facebook.com\/Deliciaspersas","article_modified_time":"2023-12-26T18:20:07+00:00","og_image":[{"width":760,"height":760,"url":"https:\/\/deliciaspersas.com\/wp-content\/uploads\/Neshateh-100g-Donya.jpg","type":"image\/jpeg"}],"twitter_card":"summary_large_image","twitter_misc":{"Est. reading time":"2 minutes"},"schema":{"@context":"https:\/\/schema.org","@graph":[{"@type":"WebPage","@id":"https:\/\/deliciaspersas.com\/en\/tienda\/especias\/neshateh-100g-donya\/","url":"https:\/\/deliciaspersas.com\/en\/tienda\/especias\/neshateh-100g-donya\/","name":"Almid\u00f3n comestible Neshasteh 90g Donya - Delicias Persas","isPartOf":{"@id":"https:\/\/deliciaspersas.com\/en\/#website"},"primaryImageOfPage":{"@id":"https:\/\/deliciaspersas.com\/en\/tienda\/especias\/neshateh-100g-donya\/#primaryimage"},"image":{"@id":"https:\/\/deliciaspersas.com\/en\/tienda\/especias\/neshateh-100g-donya\/#primaryimage"},"thumbnailUrl":"https:\/\/deliciaspersas.com\/wp-content\/uploads\/Neshateh-100g-Donya.jpg","datePublished":"2020-09-16T09:34:47+00:00","dateModified":"2023-12-26T18:20:07+00:00","breadcrumb":{"@id":"https:\/\/deliciaspersas.com\/en\/tienda\/especias\/neshateh-100g-donya\/#breadcrumb"},"inLanguage":"en-US","potentialAction":[{"@type":"ReadAction","target":["https:\/\/deliciaspersas.com\/en\/tienda\/especias\/neshateh-100g-donya\/"]}]},{"@type":"ImageObject","inLanguage":"en-US","@id":"https:\/\/deliciaspersas.com\/en\/tienda\/especias\/neshateh-100g-donya\/#primaryimage","url":"https:\/\/deliciaspersas.com\/wp-content\/uploads\/Neshateh-100g-Donya.jpg","contentUrl":"https:\/\/deliciaspersas.com\/wp-content\/uploads\/Neshateh-100g-Donya.jpg","width":760,"height":760,"caption":"Neshateh 100g Donya"},{"@type":"BreadcrumbList","@id":"https:\/\/deliciaspersas.com\/en\/tienda\/especias\/neshateh-100g-donya\/#breadcrumb","itemListElement":[{"@type":"ListItem","position":1,"name":"Portada","item":"https:\/\/deliciaspersas.com\/en\/"},{"@type":"ListItem","position":2,"name":"Tienda","item":"https:\/\/deliciaspersas.com\/"},{"@type":"ListItem","position":3,"name":"Almid\u00f3n comestible Neshasteh 90g Donya"}]},{"@type":"WebSite","@id":"https:\/\/deliciaspersas.com\/en\/#website","url":"https:\/\/deliciaspersas.com\/en\/","name":"Delicias Persas","description":"Gastronom&iacute;a persa al alcance de tus manos","publisher":{"@id":"https:\/\/deliciaspersas.com\/en\/#organization"},"potentialAction":[{"@type":"SearchAction","target":{"@type":"EntryPoint","urlTemplate":"https:\/\/deliciaspersas.com\/en\/?s={search_term_string}"},"query-input":{"@type":"PropertyValueSpecification","valueRequired":true,"valueName":"search_term_string"}}],"inLanguage":"en-US"},{"@type":"Organization","@id":"https:\/\/deliciaspersas.com\/en\/#organization","name":"Delicias Persas","url":"https:\/\/deliciaspersas.com\/en\/","logo":{"@type":"ImageObject","inLanguage":"en-US","@id":"https:\/\/deliciaspersas.com\/en\/#\/schema\/logo\/image\/","url":"https:\/\/deliciaspersas.com\/wp-content\/uploads\/2020\/07\/logo-2020.png","contentUrl":"https:\/\/deliciaspersas.com\/wp-content\/uploads\/2020\/07\/logo-2020.png","width":520,"height":490,"caption":"Delicias Persas"},"image":{"@id":"https:\/\/deliciaspersas.com\/en\/#\/schema\/logo\/image\/"},"sameAs":["https:\/\/www.facebook.com\/Deliciaspersas","https:\/\/www.instagram.com\/delicias_persas\/","https:\/\/www.linkedin.com\/delicias-persas"]}]}},"uagb_featured_image_src":{"full":["https:\/\/deliciaspersas.com\/wp-content\/uploads\/Neshateh-100g-Donya.jpg",760,760,false],"thumbnail":["https:\/\/deliciaspersas.com\/wp-content\/uploads\/Neshateh-100g-Donya-150x150.jpg",150,150,true],"medium":["https:\/\/deliciaspersas.com\/wp-content\/uploads\/Neshateh-100g-Donya-300x300.jpg",300,300,true],"medium_large":["https:\/\/deliciaspersas.com\/wp-content\/uploads\/Neshateh-100g-Donya.jpg",760,760,false],"large":["https:\/\/deliciaspersas.com\/wp-content\/uploads\/Neshateh-100g-Donya.jpg",760,760,false],"1536x1536":["https:\/\/deliciaspersas.com\/wp-content\/uploads\/Neshateh-100g-Donya.jpg",760,760,false],"2048x2048":["https:\/\/deliciaspersas.com\/wp-content\/uploads\/Neshateh-100g-Donya.jpg",760,760,false],"woocommerce_thumbnail":["https:\/\/deliciaspersas.com\/wp-content\/uploads\/Neshateh-100g-Donya-300x300.jpg",300,300,true],"woocommerce_single":["https:\/\/deliciaspersas.com\/wp-content\/uploads\/Neshateh-100g-Donya-600x600.jpg",600,600,true],"woocommerce_gallery_thumbnail":["https:\/\/deliciaspersas.com\/wp-content\/uploads\/Neshateh-100g-Donya-100x100.jpg",100,100,true]},"uagb_author_info":{"display_name":"admin","author_link":"https:\/\/deliciaspersas.com\/en\/author\/"},"uagb_comment_info":0,"uagb_excerpt":"Almid\u00f3n comestible Neshasteh 90g Donya Informaci\u00f3n del producto: Neshasteh o almid\u00f3n es una sustancia en polvo blanca y sin olor\u00a0 que se puede encontrar en las semillas o en algunas plantas. El trigo, el ma\u00edz y la papa se encuentran entre las plantas que tienen mucho almid\u00f3n. El almid\u00f3n se suele utilizar para diversos fines,&hellip;","brands":[{"id":52,"name":"Donya","slug":"donya"}],"_links":{"self":[{"href":"https:\/\/deliciaspersas.com\/en\/wp-json\/wp\/v2\/product\/4785"}],"collection":[{"href":"https:\/\/deliciaspersas.com\/en\/wp-json\/wp\/v2\/product"}],"about":[{"href":"https:\/\/deliciaspersas.com\/en\/wp-json\/wp\/v2\/types\/product"}],"wp:featuredmedia":[{"embeddable":true,"href":"https:\/\/deliciaspersas.com\/en\/wp-json\/wp\/v2\/media\/4832"}],"wp:attachment":[{"href":"https:\/\/deliciaspersas.com\/en\/wp-json\/wp\/v2\/media?parent=4785"}],"wp:term":[{"taxonomy":"pwb-brand","embeddable":true,"href":"https:\/\/deliciaspersas.com\/en\/wp-json\/wp\/v2\/pwb-brand?post=4785"},{"taxonomy":"product_cat","embeddable":true,"href":"https:\/\/deliciaspersas.com\/en\/wp-json\/wp\/v2\/product_cat?post=4785"},{"taxonomy":"product_tag","embeddable":true,"href":"https:\/\/deliciaspersas.com\/en\/wp-json\/wp\/v2\/product_tag?post=4785"}],"curies":[{"name":"wp","href":"https:\/\/api.w.org\/{rel}","templated":true}]}}