{"id":4917,"date":"2020-10-05T09:43:02","date_gmt":"2020-10-05T07:43:02","guid":{"rendered":"https:\/\/deliciaspersas.com\/?post_type=product&#038;p=4917"},"modified":"2021-12-30T18:42:24","modified_gmt":"2021-12-30T17:42:24","slug":"aceite-de-coco-100-500ml-ktc","status":"publish","type":"product","link":"https:\/\/deliciaspersas.com\/en\/tienda\/destilados\/aceite-de-coco-100-500ml-ktc\/","title":{"rendered":"Aceite de coco 100% 500ml KTC"},"content":{"rendered":"<h1>Aceite de coco 100% 500ml KTC<\/h1>\n<h6>Informaci\u00f3n del producto:<\/h6>\n<div>Aceite de coco 100%<\/div>\n<h6>Usos:<\/h6>\n<p>Perfecto para fre\u00edr, condimentar platos orientales, o diversos usos cut\u00e1neos.<\/p>\n<h6>Beneficios:<\/h6>\n<p class=\"body-text\">Si huyes del aceite de coco pensando que engorda demasiado, no te prives de este alimento. Este tipo de grasa pasa directamente del intestino al h\u00edgado favoreciendo la cetosis (quema de grasas), elevando el metabolismo y aumentando la sensaci\u00f3n de saciedad. Los cuerpos cet\u00f3nicos que produce son adem\u00e1s el combustible preferido del cerebro y previenen las enfermedades neurodegenerativas.<\/p>\n<p class=\"body-text\">El aceite de coco es considerado un s\u00faper alimento por sus grandes propiedades medicinales, tambi\u00e9n puede matar hongos, infecciones y bacterias en nuestro organismo, favorece la reducci\u00f3n de la grasa abdominal y puede ayudar a los pacientes de Alzheimer por su efecto beneficioso sobre el funcionamiento cerebral.<\/p>\n<p>Pero el aceite de coco no s\u00f3lo puede tomarse, tambi\u00e9n es un maravillo cosm\u00e9tico natural que hidrata y protege la piel y el cabello. La vitamina E que contiene es un poderoso antioxidante que previene el envejecimiento prematuro de la piel, y sus prote\u00ednas reparan los tejidos y contribuyen a la salud celular. Y por sus propiedades antibi\u00f3ticas es un buen\u00a0remedio para prevenir el acn\u00e9 y las infecciones y problemas de la piel. Tambi\u00e9n es muy efectivo como b\u00e1lsamo labial y un desmaquillante muy pr\u00e1ctico.<\/p>\n<p>En cuanto al pelo, tiene un efecto reparador y revitalizante, ya que lo protege y lo nutre en profundidad. Se puede utilizar para tratar la sequedad del cuero cabelludo o el cabello: apl\u00edcase el aceite de coco y d\u00e9jaselo toda la noche; incluso puedes usar una gota repartida en las palmas de las manos despu\u00e9s de lavado para evitar el encrespamiento.<\/p>\n<h6>Ingredientes y al\u00e9rgenos:<\/h6>\n<p>Aceite de coco, puede contener trazas de coco.<\/p>\n<h6>Condiciones de conservaci\u00f3n:<\/h6>\n<p>Conservar en un lugar fresco, seco y protegido de la luz.<\/p>\n<h6>Informaci\u00f3n adicional:<\/h6>\n<p>Fabricado por: KTC<\/p>\n","protected":false},"excerpt":{"rendered":"<p>Aceite de coco 100% 500ml KTC Informaci\u00f3n del producto: Aceite de coco 100% Usos: Perfecto para fre\u00edr, condimentar platos orientales, o diversos usos cut\u00e1neos. Beneficios: Si huyes del aceite de coco pensando que engorda demasiado, no te prives de este alimento. Este tipo de grasa pasa directamente del intestino al h\u00edgado favoreciendo la cetosis (quema [&hellip;]<\/p>\n","protected":false},"featured_media":4968,"template":"","meta":{"_surecart_dashboard_logo_width":"180px","_surecart_dashboard_show_logo":true,"_surecart_dashboard_navigation_orders":true,"_surecart_dashboard_navigation_invoices":true,"_surecart_dashboard_navigation_subscriptions":true,"_surecart_dashboard_navigation_downloads":true,"_surecart_dashboard_navigation_billing":true,"_surecart_dashboard_navigation_account":true,"_uag_custom_page_level_css":"","site-sidebar-layout":"default","site-content-layout":"default","ast-site-content-layout":"","site-content-style":"default","site-sidebar-style":"default","ast-global-header-display":"","ast-banner-title-visibility":"","ast-main-header-display":"","ast-hfb-above-header-display":"","ast-hfb-below-header-display":"","ast-hfb-mobile-header-display":"","site-post-title":"","ast-breadcrumbs-content":"","ast-featured-img":"","footer-sml-layout":"","theme-transparent-header-meta":"default","adv-header-id-meta":"","stick-header-meta":"","header-above-stick-meta":"","header-main-stick-meta":"","header-below-stick-meta":"","astra-migrate-meta-layouts":"default","ast-page-background-enabled":"default","ast-page-background-meta":{"desktop":{"background-color":"","background-image":"","background-repeat":"repeat","background-position":"center center","background-size":"auto","background-attachment":"scroll","background-type":"","background-media":"","overlay-type":"","overlay-color":"","overlay-opacity":"","overlay-gradient":""},"tablet":{"background-color":"","background-image":"","background-repeat":"repeat","background-position":"center center","background-size":"auto","background-attachment":"scroll","background-type":"","background-media":"","overlay-type":"","overlay-color":"","overlay-opacity":"","overlay-gradient":""},"mobile":{"background-color":"","background-image":"","background-repeat":"repeat","background-position":"center center","background-size":"auto","background-attachment":"scroll","background-type":"","background-media":"","overlay-type":"","overlay-color":"","overlay-opacity":"","overlay-gradient":""}},"ast-content-background-meta":{"desktop":{"background-color":"var(--ast-global-color-5)","background-image":"","background-repeat":"repeat","background-position":"center center","background-size":"auto","background-attachment":"scroll","background-type":"","background-media":"","overlay-type":"","overlay-color":"","overlay-opacity":"","overlay-gradient":""},"tablet":{"background-color":"var(--ast-global-color-5)","background-image":"","background-repeat":"repeat","background-position":"center center","background-size":"auto","background-attachment":"scroll","background-type":"","background-media":"","overlay-type":"","overlay-color":"","overlay-opacity":"","overlay-gradient":""},"mobile":{"background-color":"var(--ast-global-color-5)","background-image":"","background-repeat":"repeat","background-position":"center center","background-size":"auto","background-attachment":"scroll","background-type":"","background-media":"","overlay-type":"","overlay-color":"","overlay-opacity":"","overlay-gradient":""}}},"pwb-brand":[101],"product_cat":[538,39],"product_tag":[550,819,649,686,820,434,409],"class_list":{"0":"post-4917","1":"product","2":"type-product","3":"status-publish","4":"has-post-thumbnail","6":"pwb-brand-ktc","7":"product_cat-aceite","8":"product_cat-destilados","9":"product_tag-aceite","10":"product_tag-aceite-de-coco","11":"product_tag-coco","12":"product_tag-vegetal","13":"product_tag-820","14":"product_tag-434","15":"product_tag-409","16":"desktop-align-center","17":"tablet-align-center","18":"mobile-align-center","20":"first","21":"outofstock","22":"taxable","23":"shipping-taxable","24":"purchasable","25":"product-type-simple"},"yoast_head":"<!-- This site is optimized with the Yoast SEO plugin v23.6 - https:\/\/yoast.com\/wordpress\/plugins\/seo\/ -->\n<title>Aceite de coco 100% 500ml KTC - Delicias Persas<\/title>\n<meta name=\"description\" content=\"Aceite de coco 100%. Perfecto para fre\u00edr, condimentar platos orientales, o diversos usos cut\u00e1neos. Vive sano!\" \/>\n<meta name=\"robots\" content=\"index, follow, max-snippet:-1, max-image-preview:large, max-video-preview:-1\" \/>\n<link rel=\"canonical\" href=\"https:\/\/deliciaspersas.com\/en\/tienda\/destilados\/aceite-de-coco-100-500ml-ktc\/\" \/>\n<meta property=\"og:locale\" content=\"en_US\" \/>\n<meta property=\"og:type\" content=\"article\" \/>\n<meta property=\"og:title\" content=\"Aceite de coco 100% 500ml KTC - Delicias Persas\" \/>\n<meta property=\"og:description\" content=\"Aceite de coco 100%. Perfecto para fre\u00edr, condimentar platos orientales, o diversos usos cut\u00e1neos. Vive sano!\" \/>\n<meta property=\"og:url\" content=\"https:\/\/deliciaspersas.com\/en\/tienda\/destilados\/aceite-de-coco-100-500ml-ktc\/\" \/>\n<meta property=\"og:site_name\" content=\"Delicias Persas\" \/>\n<meta property=\"article:publisher\" content=\"https:\/\/www.facebook.com\/Deliciaspersas\" \/>\n<meta property=\"article:modified_time\" content=\"2021-12-30T17:42:24+00:00\" \/>\n<meta property=\"og:image\" content=\"https:\/\/deliciaspersas.com\/wp-content\/uploads\/Aceite-de-coco-100-500ml-KTC.jpg\" \/>\n\t<meta property=\"og:image:width\" content=\"760\" \/>\n\t<meta property=\"og:image:height\" content=\"760\" \/>\n\t<meta property=\"og:image:type\" content=\"image\/jpeg\" \/>\n<meta name=\"twitter:card\" content=\"summary_large_image\" \/>\n<meta name=\"twitter:label1\" content=\"Est. reading time\" \/>\n\t<meta name=\"twitter:data1\" content=\"2 minutes\" \/>\n<script type=\"application\/ld+json\" class=\"yoast-schema-graph\">{\"@context\":\"https:\/\/schema.org\",\"@graph\":[{\"@type\":\"WebPage\",\"@id\":\"https:\/\/deliciaspersas.com\/en\/tienda\/destilados\/aceite-de-coco-100-500ml-ktc\/\",\"url\":\"https:\/\/deliciaspersas.com\/en\/tienda\/destilados\/aceite-de-coco-100-500ml-ktc\/\",\"name\":\"Aceite de coco 100% 500ml KTC - Delicias Persas\",\"isPartOf\":{\"@id\":\"https:\/\/deliciaspersas.com\/en\/#website\"},\"primaryImageOfPage\":{\"@id\":\"https:\/\/deliciaspersas.com\/en\/tienda\/destilados\/aceite-de-coco-100-500ml-ktc\/#primaryimage\"},\"image\":{\"@id\":\"https:\/\/deliciaspersas.com\/en\/tienda\/destilados\/aceite-de-coco-100-500ml-ktc\/#primaryimage\"},\"thumbnailUrl\":\"https:\/\/deliciaspersas.com\/wp-content\/uploads\/Aceite-de-coco-100-500ml-KTC.jpg\",\"datePublished\":\"2020-10-05T07:43:02+00:00\",\"dateModified\":\"2021-12-30T17:42:24+00:00\",\"description\":\"Aceite de coco 100%. Perfecto para fre\u00edr, condimentar platos orientales, o diversos usos cut\u00e1neos. Vive sano!\",\"breadcrumb\":{\"@id\":\"https:\/\/deliciaspersas.com\/en\/tienda\/destilados\/aceite-de-coco-100-500ml-ktc\/#breadcrumb\"},\"inLanguage\":\"en-US\",\"potentialAction\":[{\"@type\":\"ReadAction\",\"target\":[\"https:\/\/deliciaspersas.com\/en\/tienda\/destilados\/aceite-de-coco-100-500ml-ktc\/\"]}]},{\"@type\":\"ImageObject\",\"inLanguage\":\"en-US\",\"@id\":\"https:\/\/deliciaspersas.com\/en\/tienda\/destilados\/aceite-de-coco-100-500ml-ktc\/#primaryimage\",\"url\":\"https:\/\/deliciaspersas.com\/wp-content\/uploads\/Aceite-de-coco-100-500ml-KTC.jpg\",\"contentUrl\":\"https:\/\/deliciaspersas.com\/wp-content\/uploads\/Aceite-de-coco-100-500ml-KTC.jpg\",\"width\":760,\"height\":760,\"caption\":\"Aceite de coco 100% 500ml KTC\"},{\"@type\":\"BreadcrumbList\",\"@id\":\"https:\/\/deliciaspersas.com\/en\/tienda\/destilados\/aceite-de-coco-100-500ml-ktc\/#breadcrumb\",\"itemListElement\":[{\"@type\":\"ListItem\",\"position\":1,\"name\":\"Portada\",\"item\":\"https:\/\/deliciaspersas.com\/en\/\"},{\"@type\":\"ListItem\",\"position\":2,\"name\":\"Tienda\",\"item\":\"https:\/\/deliciaspersas.com\/\"},{\"@type\":\"ListItem\",\"position\":3,\"name\":\"Aceite de coco 100% 500ml KTC\"}]},{\"@type\":\"WebSite\",\"@id\":\"https:\/\/deliciaspersas.com\/en\/#website\",\"url\":\"https:\/\/deliciaspersas.com\/en\/\",\"name\":\"Delicias Persas\",\"description\":\"Gastronom&iacute;a persa al alcance de tus manos\",\"publisher\":{\"@id\":\"https:\/\/deliciaspersas.com\/en\/#organization\"},\"potentialAction\":[{\"@type\":\"SearchAction\",\"target\":{\"@type\":\"EntryPoint\",\"urlTemplate\":\"https:\/\/deliciaspersas.com\/en\/?s={search_term_string}\"},\"query-input\":{\"@type\":\"PropertyValueSpecification\",\"valueRequired\":true,\"valueName\":\"search_term_string\"}}],\"inLanguage\":\"en-US\"},{\"@type\":\"Organization\",\"@id\":\"https:\/\/deliciaspersas.com\/en\/#organization\",\"name\":\"Delicias Persas\",\"url\":\"https:\/\/deliciaspersas.com\/en\/\",\"logo\":{\"@type\":\"ImageObject\",\"inLanguage\":\"en-US\",\"@id\":\"https:\/\/deliciaspersas.com\/en\/#\/schema\/logo\/image\/\",\"url\":\"https:\/\/deliciaspersas.com\/wp-content\/uploads\/2020\/07\/logo-2020.png\",\"contentUrl\":\"https:\/\/deliciaspersas.com\/wp-content\/uploads\/2020\/07\/logo-2020.png\",\"width\":520,\"height\":490,\"caption\":\"Delicias Persas\"},\"image\":{\"@id\":\"https:\/\/deliciaspersas.com\/en\/#\/schema\/logo\/image\/\"},\"sameAs\":[\"https:\/\/www.facebook.com\/Deliciaspersas\",\"https:\/\/www.instagram.com\/delicias_persas\/\",\"https:\/\/www.linkedin.com\/delicias-persas\"]}]}<\/script>\n<!-- \/ Yoast SEO plugin. -->","yoast_head_json":{"title":"Aceite de coco 100% 500ml KTC - Delicias Persas","description":"Aceite de coco 100%. Perfecto para fre\u00edr, condimentar platos orientales, o diversos usos cut\u00e1neos. Vive sano!","robots":{"index":"index","follow":"follow","max-snippet":"max-snippet:-1","max-image-preview":"max-image-preview:large","max-video-preview":"max-video-preview:-1"},"canonical":"https:\/\/deliciaspersas.com\/en\/tienda\/destilados\/aceite-de-coco-100-500ml-ktc\/","og_locale":"en_US","og_type":"article","og_title":"Aceite de coco 100% 500ml KTC - Delicias Persas","og_description":"Aceite de coco 100%. Perfecto para fre\u00edr, condimentar platos orientales, o diversos usos cut\u00e1neos. Vive sano!","og_url":"https:\/\/deliciaspersas.com\/en\/tienda\/destilados\/aceite-de-coco-100-500ml-ktc\/","og_site_name":"Delicias Persas","article_publisher":"https:\/\/www.facebook.com\/Deliciaspersas","article_modified_time":"2021-12-30T17:42:24+00:00","og_image":[{"width":760,"height":760,"url":"https:\/\/deliciaspersas.com\/wp-content\/uploads\/Aceite-de-coco-100-500ml-KTC.jpg","type":"image\/jpeg"}],"twitter_card":"summary_large_image","twitter_misc":{"Est. reading time":"2 minutes"},"schema":{"@context":"https:\/\/schema.org","@graph":[{"@type":"WebPage","@id":"https:\/\/deliciaspersas.com\/en\/tienda\/destilados\/aceite-de-coco-100-500ml-ktc\/","url":"https:\/\/deliciaspersas.com\/en\/tienda\/destilados\/aceite-de-coco-100-500ml-ktc\/","name":"Aceite de coco 100% 500ml KTC - Delicias Persas","isPartOf":{"@id":"https:\/\/deliciaspersas.com\/en\/#website"},"primaryImageOfPage":{"@id":"https:\/\/deliciaspersas.com\/en\/tienda\/destilados\/aceite-de-coco-100-500ml-ktc\/#primaryimage"},"image":{"@id":"https:\/\/deliciaspersas.com\/en\/tienda\/destilados\/aceite-de-coco-100-500ml-ktc\/#primaryimage"},"thumbnailUrl":"https:\/\/deliciaspersas.com\/wp-content\/uploads\/Aceite-de-coco-100-500ml-KTC.jpg","datePublished":"2020-10-05T07:43:02+00:00","dateModified":"2021-12-30T17:42:24+00:00","description":"Aceite de coco 100%. Perfecto para fre\u00edr, condimentar platos orientales, o diversos usos cut\u00e1neos. Vive sano!","breadcrumb":{"@id":"https:\/\/deliciaspersas.com\/en\/tienda\/destilados\/aceite-de-coco-100-500ml-ktc\/#breadcrumb"},"inLanguage":"en-US","potentialAction":[{"@type":"ReadAction","target":["https:\/\/deliciaspersas.com\/en\/tienda\/destilados\/aceite-de-coco-100-500ml-ktc\/"]}]},{"@type":"ImageObject","inLanguage":"en-US","@id":"https:\/\/deliciaspersas.com\/en\/tienda\/destilados\/aceite-de-coco-100-500ml-ktc\/#primaryimage","url":"https:\/\/deliciaspersas.com\/wp-content\/uploads\/Aceite-de-coco-100-500ml-KTC.jpg","contentUrl":"https:\/\/deliciaspersas.com\/wp-content\/uploads\/Aceite-de-coco-100-500ml-KTC.jpg","width":760,"height":760,"caption":"Aceite de coco 100% 500ml KTC"},{"@type":"BreadcrumbList","@id":"https:\/\/deliciaspersas.com\/en\/tienda\/destilados\/aceite-de-coco-100-500ml-ktc\/#breadcrumb","itemListElement":[{"@type":"ListItem","position":1,"name":"Portada","item":"https:\/\/deliciaspersas.com\/en\/"},{"@type":"ListItem","position":2,"name":"Tienda","item":"https:\/\/deliciaspersas.com\/"},{"@type":"ListItem","position":3,"name":"Aceite de coco 100% 500ml KTC"}]},{"@type":"WebSite","@id":"https:\/\/deliciaspersas.com\/en\/#website","url":"https:\/\/deliciaspersas.com\/en\/","name":"Delicias Persas","description":"Gastronom&iacute;a persa al alcance de tus manos","publisher":{"@id":"https:\/\/deliciaspersas.com\/en\/#organization"},"potentialAction":[{"@type":"SearchAction","target":{"@type":"EntryPoint","urlTemplate":"https:\/\/deliciaspersas.com\/en\/?s={search_term_string}"},"query-input":{"@type":"PropertyValueSpecification","valueRequired":true,"valueName":"search_term_string"}}],"inLanguage":"en-US"},{"@type":"Organization","@id":"https:\/\/deliciaspersas.com\/en\/#organization","name":"Delicias Persas","url":"https:\/\/deliciaspersas.com\/en\/","logo":{"@type":"ImageObject","inLanguage":"en-US","@id":"https:\/\/deliciaspersas.com\/en\/#\/schema\/logo\/image\/","url":"https:\/\/deliciaspersas.com\/wp-content\/uploads\/2020\/07\/logo-2020.png","contentUrl":"https:\/\/deliciaspersas.com\/wp-content\/uploads\/2020\/07\/logo-2020.png","width":520,"height":490,"caption":"Delicias Persas"},"image":{"@id":"https:\/\/deliciaspersas.com\/en\/#\/schema\/logo\/image\/"},"sameAs":["https:\/\/www.facebook.com\/Deliciaspersas","https:\/\/www.instagram.com\/delicias_persas\/","https:\/\/www.linkedin.com\/delicias-persas"]}]}},"uagb_featured_image_src":{"full":["https:\/\/deliciaspersas.com\/wp-content\/uploads\/Aceite-de-coco-100-500ml-KTC.jpg",760,760,false],"thumbnail":["https:\/\/deliciaspersas.com\/wp-content\/uploads\/Aceite-de-coco-100-500ml-KTC-150x150.jpg",150,150,true],"medium":["https:\/\/deliciaspersas.com\/wp-content\/uploads\/Aceite-de-coco-100-500ml-KTC-300x300.jpg",300,300,true],"medium_large":["https:\/\/deliciaspersas.com\/wp-content\/uploads\/Aceite-de-coco-100-500ml-KTC.jpg",760,760,false],"large":["https:\/\/deliciaspersas.com\/wp-content\/uploads\/Aceite-de-coco-100-500ml-KTC.jpg",760,760,false],"1536x1536":["https:\/\/deliciaspersas.com\/wp-content\/uploads\/Aceite-de-coco-100-500ml-KTC.jpg",760,760,false],"2048x2048":["https:\/\/deliciaspersas.com\/wp-content\/uploads\/Aceite-de-coco-100-500ml-KTC.jpg",760,760,false],"woocommerce_thumbnail":["https:\/\/deliciaspersas.com\/wp-content\/uploads\/Aceite-de-coco-100-500ml-KTC-300x300.jpg",300,300,true],"woocommerce_single":["https:\/\/deliciaspersas.com\/wp-content\/uploads\/Aceite-de-coco-100-500ml-KTC-600x600.jpg",600,600,true],"woocommerce_gallery_thumbnail":["https:\/\/deliciaspersas.com\/wp-content\/uploads\/Aceite-de-coco-100-500ml-KTC-100x100.jpg",100,100,true]},"uagb_author_info":{"display_name":"admin","author_link":"https:\/\/deliciaspersas.com\/en\/author\/"},"uagb_comment_info":0,"uagb_excerpt":"Aceite de coco 100% 500ml KTC Informaci\u00f3n del producto: Aceite de coco 100% Usos: Perfecto para fre\u00edr, condimentar platos orientales, o diversos usos cut\u00e1neos. Beneficios: Si huyes del aceite de coco pensando que engorda demasiado, no te prives de este alimento. Este tipo de grasa pasa directamente del intestino al h\u00edgado favoreciendo la cetosis (quema&hellip;","brands":[{"id":101,"name":"KTC","slug":"ktc"}],"_links":{"self":[{"href":"https:\/\/deliciaspersas.com\/en\/wp-json\/wp\/v2\/product\/4917"}],"collection":[{"href":"https:\/\/deliciaspersas.com\/en\/wp-json\/wp\/v2\/product"}],"about":[{"href":"https:\/\/deliciaspersas.com\/en\/wp-json\/wp\/v2\/types\/product"}],"wp:featuredmedia":[{"embeddable":true,"href":"https:\/\/deliciaspersas.com\/en\/wp-json\/wp\/v2\/media\/4968"}],"wp:attachment":[{"href":"https:\/\/deliciaspersas.com\/en\/wp-json\/wp\/v2\/media?parent=4917"}],"wp:term":[{"taxonomy":"pwb-brand","embeddable":true,"href":"https:\/\/deliciaspersas.com\/en\/wp-json\/wp\/v2\/pwb-brand?post=4917"},{"taxonomy":"product_cat","embeddable":true,"href":"https:\/\/deliciaspersas.com\/en\/wp-json\/wp\/v2\/product_cat?post=4917"},{"taxonomy":"product_tag","embeddable":true,"href":"https:\/\/deliciaspersas.com\/en\/wp-json\/wp\/v2\/product_tag?post=4917"}],"curies":[{"name":"wp","href":"https:\/\/api.w.org\/{rel}","templated":true}]}}