{"id":5333,"date":"2020-11-10T16:43:38","date_gmt":"2020-11-10T15:43:38","guid":{"rendered":"https:\/\/deliciaspersas.com\/?post_type=product&#038;p=5333"},"modified":"2023-09-08T15:41:37","modified_gmt":"2023-09-08T13:41:37","slug":"pistacho-troceado-donya","status":"publish","type":"product","link":"https:\/\/deliciaspersas.com\/en\/tienda\/desayuno\/pistacho-troceado-donya\/","title":{"rendered":"Pistacho troceado 75g Donya"},"content":{"rendered":"<h1>Pistacho troceado 75g Donya<\/h1>\n<h6>Informaci\u00f3n del producto:<\/h6>\n<p>Pistacho troceado, en tiras. El pistacho es el m\u00e1s goloso de los frutos secos. El sabor agridulce derrite el paladar y no paramos hasta que desaparecen de la bandeja. En Ir\u00e1n o Siria no podr\u00edan concebir la vida sin el gusto de llevarse a la boca una mano de pistachos o las deliciosas pastitas que con ellos preparan. El placer va adem\u00e1s acompa\u00f1ado de ventajas para la salud: los pistachos son nutritivos y benefician a los sistemas nervioso, cardiovascular e inmunitario, que es tanto como decir que promueven la salud en general.<\/p>\n<h6>Usos:<\/h6>\n<p>Pistacho troceado, perfecto para hacer postres, como bizcochos, pastelitos o cookies! Tambi\u00e9n se puede usar en diversos arroces o guisos o se puede consumir como un tentempi\u00e9 sano.<\/p>\n<h6>Beneficios:<\/h6>\n<p>La abundancia de antioxidantes y otros agentes, en el pistacho, que inhiben la expresi\u00f3n de genes relacionados con los procesos inflamatorios sirve para disminuir el riesgo de sufrir una variedad de enfermedades cr\u00f3nicas y degenerativas, como la diabetes e incluso el c\u00e1ncer. Una raci\u00f3n de 30 g de pistachos contiene m\u00e1s sustancias antioxidantes que una taza de t\u00e9 verde. La combinaci\u00f3n de altas proporciones de cobre (1,3 mg\/100 g) y de\u00a0hierro (4,15 mg)favorece la asimilaci\u00f3n de este \u00faltimo mineral. Por eso el pistacho es adecuado en casos de anemia. Otra forma de potenciar la absorci\u00f3n del hierro del pistacho es acompa\u00f1ando el fruto seco de alimentos ricos en vitamina C.<\/p>\n<p>El pistacho es un tentempi\u00e9 sano si se consume en raciones moderadas. Es rico en fibra, lo que\u00a0favorece el tr\u00e1nsito intestinal y el control del az\u00facar. Los diab\u00e9ticos pueden usarlos para reducir la carga gluc\u00e9mica elevada de otros alimentos, como el pan o las patatas.<\/p>\n<h6>Ingredientes y al\u00e9rgenos:<\/h6>\n<p>Pistacho.<\/p>\n<h6>Condiciones de conservaci\u00f3n:<\/h6>\n<p>Conservar en un lugar fresco, seco y protegido de la luz.<\/p>\n<h6>Informaci\u00f3n adicional:<\/h6>\n<p>Fabricado por: Donya.<\/p>\n","protected":false},"excerpt":{"rendered":"<p>Pistacho troceado 75g Donya Informaci\u00f3n del producto: Pistacho troceado, en tiras. El pistacho es el m\u00e1s goloso de los frutos secos. El sabor agridulce derrite el paladar y no paramos hasta que desaparecen de la bandeja. En Ir\u00e1n o Siria no podr\u00edan concebir la vida sin el gusto de llevarse a la boca una mano [&hellip;]<\/p>\n","protected":false},"featured_media":5406,"template":"","meta":{"_surecart_dashboard_logo_width":"180px","_surecart_dashboard_show_logo":true,"_surecart_dashboard_navigation_orders":true,"_surecart_dashboard_navigation_invoices":true,"_surecart_dashboard_navigation_subscriptions":true,"_surecart_dashboard_navigation_downloads":true,"_surecart_dashboard_navigation_billing":true,"_surecart_dashboard_navigation_account":true,"_uag_custom_page_level_css":"","site-sidebar-layout":"default","site-content-layout":"default","ast-site-content-layout":"","site-content-style":"default","site-sidebar-style":"default","ast-global-header-display":"","ast-banner-title-visibility":"","ast-main-header-display":"","ast-hfb-above-header-display":"","ast-hfb-below-header-display":"","ast-hfb-mobile-header-display":"","site-post-title":"","ast-breadcrumbs-content":"","ast-featured-img":"","footer-sml-layout":"","theme-transparent-header-meta":"default","adv-header-id-meta":"","stick-header-meta":"","header-above-stick-meta":"","header-main-stick-meta":"","header-below-stick-meta":"","astra-migrate-meta-layouts":"default","ast-page-background-enabled":"default","ast-page-background-meta":{"desktop":{"background-color":"","background-image":"","background-repeat":"repeat","background-position":"center center","background-size":"auto","background-attachment":"scroll","background-type":"","background-media":"","overlay-type":"","overlay-color":"","overlay-opacity":"","overlay-gradient":""},"tablet":{"background-color":"","background-image":"","background-repeat":"repeat","background-position":"center center","background-size":"auto","background-attachment":"scroll","background-type":"","background-media":"","overlay-type":"","overlay-color":"","overlay-opacity":"","overlay-gradient":""},"mobile":{"background-color":"","background-image":"","background-repeat":"repeat","background-position":"center center","background-size":"auto","background-attachment":"scroll","background-type":"","background-media":"","overlay-type":"","overlay-color":"","overlay-opacity":"","overlay-gradient":""}},"ast-content-background-meta":{"desktop":{"background-color":"var(--ast-global-color-5)","background-image":"","background-repeat":"repeat","background-position":"center center","background-size":"auto","background-attachment":"scroll","background-type":"","background-media":"","overlay-type":"","overlay-color":"","overlay-opacity":"","overlay-gradient":""},"tablet":{"background-color":"var(--ast-global-color-5)","background-image":"","background-repeat":"repeat","background-position":"center center","background-size":"auto","background-attachment":"scroll","background-type":"","background-media":"","overlay-type":"","overlay-color":"","overlay-opacity":"","overlay-gradient":""},"mobile":{"background-color":"var(--ast-global-color-5)","background-image":"","background-repeat":"repeat","background-position":"center center","background-size":"auto","background-attachment":"scroll","background-type":"","background-media":"","overlay-type":"","overlay-color":"","overlay-opacity":"","overlay-gradient":""}}},"pwb-brand":[52],"product_cat":[36,40,44],"product_tag":[556,679,681],"class_list":{"0":"post-5333","1":"product","2":"type-product","3":"status-publish","4":"has-post-thumbnail","6":"pwb-brand-donya","7":"product_cat-desayuno","8":"product_cat-secos","9":"product_cat-ofertas","10":"product_tag-frutos-secos","11":"product_tag-pistacho","12":"product_tag-681","13":"desktop-align-center","14":"tablet-align-center","15":"mobile-align-center","17":"first","18":"outofstock","19":"taxable","20":"shipping-taxable","21":"purchasable","22":"product-type-simple"},"yoast_head":"<!-- This site is optimized with the Yoast SEO plugin v23.6 - https:\/\/yoast.com\/wordpress\/plugins\/seo\/ -->\n<title>Pistacho troceado 75g Donya - Delicias Persas<\/title>\n<meta name=\"description\" content=\"Pistacho troceado, perfecto para hacer postres, como bizcochos, pastelitos o cookies! Tambi\u00e9n se puede usar en diversos arroces o guisos.\" \/>\n<meta name=\"robots\" content=\"index, follow, max-snippet:-1, max-image-preview:large, max-video-preview:-1\" \/>\n<link rel=\"canonical\" href=\"https:\/\/deliciaspersas.com\/en\/tienda\/desayuno\/pistacho-troceado-donya\/\" \/>\n<meta property=\"og:locale\" content=\"en_US\" \/>\n<meta property=\"og:type\" content=\"article\" \/>\n<meta property=\"og:title\" content=\"Pistacho troceado 75g Donya - Delicias Persas\" \/>\n<meta property=\"og:description\" content=\"Pistacho troceado, perfecto para hacer postres, como bizcochos, pastelitos o cookies! Tambi\u00e9n se puede usar en diversos arroces o guisos.\" \/>\n<meta property=\"og:url\" content=\"https:\/\/deliciaspersas.com\/en\/tienda\/desayuno\/pistacho-troceado-donya\/\" \/>\n<meta property=\"og:site_name\" content=\"Delicias Persas\" \/>\n<meta property=\"article:publisher\" content=\"https:\/\/www.facebook.com\/Deliciaspersas\" \/>\n<meta property=\"article:modified_time\" content=\"2023-09-08T13:41:37+00:00\" \/>\n<meta property=\"og:image\" content=\"https:\/\/deliciaspersas.com\/wp-content\/uploads\/Pistacho-troceado-75g-Donya.jpg\" \/>\n\t<meta property=\"og:image:width\" content=\"760\" \/>\n\t<meta property=\"og:image:height\" content=\"760\" \/>\n\t<meta property=\"og:image:type\" content=\"image\/jpeg\" \/>\n<meta name=\"twitter:card\" content=\"summary_large_image\" \/>\n<meta name=\"twitter:label1\" content=\"Est. reading time\" \/>\n\t<meta name=\"twitter:data1\" content=\"2 minutes\" \/>\n<script type=\"application\/ld+json\" class=\"yoast-schema-graph\">{\"@context\":\"https:\/\/schema.org\",\"@graph\":[{\"@type\":\"WebPage\",\"@id\":\"https:\/\/deliciaspersas.com\/en\/tienda\/desayuno\/pistacho-troceado-donya\/\",\"url\":\"https:\/\/deliciaspersas.com\/en\/tienda\/desayuno\/pistacho-troceado-donya\/\",\"name\":\"Pistacho troceado 75g Donya - Delicias Persas\",\"isPartOf\":{\"@id\":\"https:\/\/deliciaspersas.com\/en\/#website\"},\"primaryImageOfPage\":{\"@id\":\"https:\/\/deliciaspersas.com\/en\/tienda\/desayuno\/pistacho-troceado-donya\/#primaryimage\"},\"image\":{\"@id\":\"https:\/\/deliciaspersas.com\/en\/tienda\/desayuno\/pistacho-troceado-donya\/#primaryimage\"},\"thumbnailUrl\":\"https:\/\/deliciaspersas.com\/wp-content\/uploads\/Pistacho-troceado-75g-Donya.jpg\",\"datePublished\":\"2020-11-10T15:43:38+00:00\",\"dateModified\":\"2023-09-08T13:41:37+00:00\",\"description\":\"Pistacho troceado, perfecto para hacer postres, como bizcochos, pastelitos o cookies! Tambi\u00e9n se puede usar en diversos arroces o guisos.\",\"breadcrumb\":{\"@id\":\"https:\/\/deliciaspersas.com\/en\/tienda\/desayuno\/pistacho-troceado-donya\/#breadcrumb\"},\"inLanguage\":\"en-US\",\"potentialAction\":[{\"@type\":\"ReadAction\",\"target\":[\"https:\/\/deliciaspersas.com\/en\/tienda\/desayuno\/pistacho-troceado-donya\/\"]}]},{\"@type\":\"ImageObject\",\"inLanguage\":\"en-US\",\"@id\":\"https:\/\/deliciaspersas.com\/en\/tienda\/desayuno\/pistacho-troceado-donya\/#primaryimage\",\"url\":\"https:\/\/deliciaspersas.com\/wp-content\/uploads\/Pistacho-troceado-75g-Donya.jpg\",\"contentUrl\":\"https:\/\/deliciaspersas.com\/wp-content\/uploads\/Pistacho-troceado-75g-Donya.jpg\",\"width\":760,\"height\":760,\"caption\":\"Pistacho troceado 75g Donya\"},{\"@type\":\"BreadcrumbList\",\"@id\":\"https:\/\/deliciaspersas.com\/en\/tienda\/desayuno\/pistacho-troceado-donya\/#breadcrumb\",\"itemListElement\":[{\"@type\":\"ListItem\",\"position\":1,\"name\":\"Portada\",\"item\":\"https:\/\/deliciaspersas.com\/en\/\"},{\"@type\":\"ListItem\",\"position\":2,\"name\":\"Tienda\",\"item\":\"https:\/\/deliciaspersas.com\/\"},{\"@type\":\"ListItem\",\"position\":3,\"name\":\"Pistacho troceado 75g Donya\"}]},{\"@type\":\"WebSite\",\"@id\":\"https:\/\/deliciaspersas.com\/en\/#website\",\"url\":\"https:\/\/deliciaspersas.com\/en\/\",\"name\":\"Delicias Persas\",\"description\":\"Gastronom&iacute;a persa al alcance de tus manos\",\"publisher\":{\"@id\":\"https:\/\/deliciaspersas.com\/en\/#organization\"},\"potentialAction\":[{\"@type\":\"SearchAction\",\"target\":{\"@type\":\"EntryPoint\",\"urlTemplate\":\"https:\/\/deliciaspersas.com\/en\/?s={search_term_string}\"},\"query-input\":{\"@type\":\"PropertyValueSpecification\",\"valueRequired\":true,\"valueName\":\"search_term_string\"}}],\"inLanguage\":\"en-US\"},{\"@type\":\"Organization\",\"@id\":\"https:\/\/deliciaspersas.com\/en\/#organization\",\"name\":\"Delicias Persas\",\"url\":\"https:\/\/deliciaspersas.com\/en\/\",\"logo\":{\"@type\":\"ImageObject\",\"inLanguage\":\"en-US\",\"@id\":\"https:\/\/deliciaspersas.com\/en\/#\/schema\/logo\/image\/\",\"url\":\"https:\/\/deliciaspersas.com\/wp-content\/uploads\/2020\/07\/logo-2020.png\",\"contentUrl\":\"https:\/\/deliciaspersas.com\/wp-content\/uploads\/2020\/07\/logo-2020.png\",\"width\":520,\"height\":490,\"caption\":\"Delicias Persas\"},\"image\":{\"@id\":\"https:\/\/deliciaspersas.com\/en\/#\/schema\/logo\/image\/\"},\"sameAs\":[\"https:\/\/www.facebook.com\/Deliciaspersas\",\"https:\/\/www.instagram.com\/delicias_persas\/\",\"https:\/\/www.linkedin.com\/delicias-persas\"]}]}<\/script>\n<!-- \/ Yoast SEO plugin. -->","yoast_head_json":{"title":"Pistacho troceado 75g Donya - Delicias Persas","description":"Pistacho troceado, perfecto para hacer postres, como bizcochos, pastelitos o cookies! Tambi\u00e9n se puede usar en diversos arroces o guisos.","robots":{"index":"index","follow":"follow","max-snippet":"max-snippet:-1","max-image-preview":"max-image-preview:large","max-video-preview":"max-video-preview:-1"},"canonical":"https:\/\/deliciaspersas.com\/en\/tienda\/desayuno\/pistacho-troceado-donya\/","og_locale":"en_US","og_type":"article","og_title":"Pistacho troceado 75g Donya - Delicias Persas","og_description":"Pistacho troceado, perfecto para hacer postres, como bizcochos, pastelitos o cookies! Tambi\u00e9n se puede usar en diversos arroces o guisos.","og_url":"https:\/\/deliciaspersas.com\/en\/tienda\/desayuno\/pistacho-troceado-donya\/","og_site_name":"Delicias Persas","article_publisher":"https:\/\/www.facebook.com\/Deliciaspersas","article_modified_time":"2023-09-08T13:41:37+00:00","og_image":[{"width":760,"height":760,"url":"https:\/\/deliciaspersas.com\/wp-content\/uploads\/Pistacho-troceado-75g-Donya.jpg","type":"image\/jpeg"}],"twitter_card":"summary_large_image","twitter_misc":{"Est. reading time":"2 minutes"},"schema":{"@context":"https:\/\/schema.org","@graph":[{"@type":"WebPage","@id":"https:\/\/deliciaspersas.com\/en\/tienda\/desayuno\/pistacho-troceado-donya\/","url":"https:\/\/deliciaspersas.com\/en\/tienda\/desayuno\/pistacho-troceado-donya\/","name":"Pistacho troceado 75g Donya - Delicias Persas","isPartOf":{"@id":"https:\/\/deliciaspersas.com\/en\/#website"},"primaryImageOfPage":{"@id":"https:\/\/deliciaspersas.com\/en\/tienda\/desayuno\/pistacho-troceado-donya\/#primaryimage"},"image":{"@id":"https:\/\/deliciaspersas.com\/en\/tienda\/desayuno\/pistacho-troceado-donya\/#primaryimage"},"thumbnailUrl":"https:\/\/deliciaspersas.com\/wp-content\/uploads\/Pistacho-troceado-75g-Donya.jpg","datePublished":"2020-11-10T15:43:38+00:00","dateModified":"2023-09-08T13:41:37+00:00","description":"Pistacho troceado, perfecto para hacer postres, como bizcochos, pastelitos o cookies! Tambi\u00e9n se puede usar en diversos arroces o guisos.","breadcrumb":{"@id":"https:\/\/deliciaspersas.com\/en\/tienda\/desayuno\/pistacho-troceado-donya\/#breadcrumb"},"inLanguage":"en-US","potentialAction":[{"@type":"ReadAction","target":["https:\/\/deliciaspersas.com\/en\/tienda\/desayuno\/pistacho-troceado-donya\/"]}]},{"@type":"ImageObject","inLanguage":"en-US","@id":"https:\/\/deliciaspersas.com\/en\/tienda\/desayuno\/pistacho-troceado-donya\/#primaryimage","url":"https:\/\/deliciaspersas.com\/wp-content\/uploads\/Pistacho-troceado-75g-Donya.jpg","contentUrl":"https:\/\/deliciaspersas.com\/wp-content\/uploads\/Pistacho-troceado-75g-Donya.jpg","width":760,"height":760,"caption":"Pistacho troceado 75g Donya"},{"@type":"BreadcrumbList","@id":"https:\/\/deliciaspersas.com\/en\/tienda\/desayuno\/pistacho-troceado-donya\/#breadcrumb","itemListElement":[{"@type":"ListItem","position":1,"name":"Portada","item":"https:\/\/deliciaspersas.com\/en\/"},{"@type":"ListItem","position":2,"name":"Tienda","item":"https:\/\/deliciaspersas.com\/"},{"@type":"ListItem","position":3,"name":"Pistacho troceado 75g Donya"}]},{"@type":"WebSite","@id":"https:\/\/deliciaspersas.com\/en\/#website","url":"https:\/\/deliciaspersas.com\/en\/","name":"Delicias Persas","description":"Gastronom&iacute;a persa al alcance de tus manos","publisher":{"@id":"https:\/\/deliciaspersas.com\/en\/#organization"},"potentialAction":[{"@type":"SearchAction","target":{"@type":"EntryPoint","urlTemplate":"https:\/\/deliciaspersas.com\/en\/?s={search_term_string}"},"query-input":{"@type":"PropertyValueSpecification","valueRequired":true,"valueName":"search_term_string"}}],"inLanguage":"en-US"},{"@type":"Organization","@id":"https:\/\/deliciaspersas.com\/en\/#organization","name":"Delicias Persas","url":"https:\/\/deliciaspersas.com\/en\/","logo":{"@type":"ImageObject","inLanguage":"en-US","@id":"https:\/\/deliciaspersas.com\/en\/#\/schema\/logo\/image\/","url":"https:\/\/deliciaspersas.com\/wp-content\/uploads\/2020\/07\/logo-2020.png","contentUrl":"https:\/\/deliciaspersas.com\/wp-content\/uploads\/2020\/07\/logo-2020.png","width":520,"height":490,"caption":"Delicias Persas"},"image":{"@id":"https:\/\/deliciaspersas.com\/en\/#\/schema\/logo\/image\/"},"sameAs":["https:\/\/www.facebook.com\/Deliciaspersas","https:\/\/www.instagram.com\/delicias_persas\/","https:\/\/www.linkedin.com\/delicias-persas"]}]}},"uagb_featured_image_src":{"full":["https:\/\/deliciaspersas.com\/wp-content\/uploads\/Pistacho-troceado-75g-Donya.jpg",760,760,false],"thumbnail":["https:\/\/deliciaspersas.com\/wp-content\/uploads\/Pistacho-troceado-75g-Donya-150x150.jpg",150,150,true],"medium":["https:\/\/deliciaspersas.com\/wp-content\/uploads\/Pistacho-troceado-75g-Donya-300x300.jpg",300,300,true],"medium_large":["https:\/\/deliciaspersas.com\/wp-content\/uploads\/Pistacho-troceado-75g-Donya.jpg",760,760,false],"large":["https:\/\/deliciaspersas.com\/wp-content\/uploads\/Pistacho-troceado-75g-Donya.jpg",760,760,false],"1536x1536":["https:\/\/deliciaspersas.com\/wp-content\/uploads\/Pistacho-troceado-75g-Donya.jpg",760,760,false],"2048x2048":["https:\/\/deliciaspersas.com\/wp-content\/uploads\/Pistacho-troceado-75g-Donya.jpg",760,760,false],"woocommerce_thumbnail":["https:\/\/deliciaspersas.com\/wp-content\/uploads\/Pistacho-troceado-75g-Donya-300x300.jpg",300,300,true],"woocommerce_single":["https:\/\/deliciaspersas.com\/wp-content\/uploads\/Pistacho-troceado-75g-Donya-600x600.jpg",600,600,true],"woocommerce_gallery_thumbnail":["https:\/\/deliciaspersas.com\/wp-content\/uploads\/Pistacho-troceado-75g-Donya-100x100.jpg",100,100,true]},"uagb_author_info":{"display_name":"admin","author_link":"https:\/\/deliciaspersas.com\/en\/author\/"},"uagb_comment_info":0,"uagb_excerpt":"Pistacho troceado 75g Donya Informaci\u00f3n del producto: Pistacho troceado, en tiras. El pistacho es el m\u00e1s goloso de los frutos secos. El sabor agridulce derrite el paladar y no paramos hasta que desaparecen de la bandeja. En Ir\u00e1n o Siria no podr\u00edan concebir la vida sin el gusto de llevarse a la boca una mano&hellip;","brands":[{"id":52,"name":"Donya","slug":"donya"}],"_links":{"self":[{"href":"https:\/\/deliciaspersas.com\/en\/wp-json\/wp\/v2\/product\/5333"}],"collection":[{"href":"https:\/\/deliciaspersas.com\/en\/wp-json\/wp\/v2\/product"}],"about":[{"href":"https:\/\/deliciaspersas.com\/en\/wp-json\/wp\/v2\/types\/product"}],"wp:featuredmedia":[{"embeddable":true,"href":"https:\/\/deliciaspersas.com\/en\/wp-json\/wp\/v2\/media\/5406"}],"wp:attachment":[{"href":"https:\/\/deliciaspersas.com\/en\/wp-json\/wp\/v2\/media?parent=5333"}],"wp:term":[{"taxonomy":"pwb-brand","embeddable":true,"href":"https:\/\/deliciaspersas.com\/en\/wp-json\/wp\/v2\/pwb-brand?post=5333"},{"taxonomy":"product_cat","embeddable":true,"href":"https:\/\/deliciaspersas.com\/en\/wp-json\/wp\/v2\/product_cat?post=5333"},{"taxonomy":"product_tag","embeddable":true,"href":"https:\/\/deliciaspersas.com\/en\/wp-json\/wp\/v2\/product_tag?post=5333"}],"curies":[{"name":"wp","href":"https:\/\/api.w.org\/{rel}","templated":true}]}}