{"id":5357,"date":"2020-11-12T15:02:41","date_gmt":"2020-11-12T14:02:41","guid":{"rendered":"https:\/\/deliciaspersas.com\/?post_type=product&#038;p=5357"},"modified":"2024-05-03T11:47:58","modified_gmt":"2024-05-03T09:47:58","slug":"terrones-de-azucar-300g-donya","status":"publish","type":"product","link":"https:\/\/deliciaspersas.com\/en\/tienda\/azucares\/terrones-de-azucar-300g-donya\/","title":{"rendered":"Terrones de Az\u00facar 300g Donya"},"content":{"rendered":"<h1>Terrones de Az\u00facar 300g Donya<\/h1>\n<h6>Informaci\u00f3n del producto:<\/h6>\n<p>Terrones de az\u00facar.<\/p>\n<h6>Usos:<\/h6>\n<p>Los terrones de az\u00facar son un elemento esencial a la hora de tomar t\u00e9. Sirven para endulzarlo.<\/p>\n<h6>Ingredientes y al\u00e9rgenos:<\/h6>\n<p>Az\u00facar.<\/p>\n<h6>Beneficios:<\/h6>\n<p>10 beneficios del az\u00facar que probablemente no conoce:<\/p>\n<p>Est\u00e1 cient\u00edficamente probado que tanto ni\u00f1os como mayores necesitamos una dosis m\u00ednima de glucosa en el cuerpo, que no hace da\u00f1o a nadie y que, sin embargo, puede dar una amplia lista de ventajas al cuerpo.<\/p>\n<p>Ya s\u00f3lo el 20% de la glucosa que ingerimos la absorbe el cerebro:<\/p>\n<p>1\/ El az\u00facar es uno de los principales ingredientes que m\u00e1s energ\u00eda aporta a nuestro cuerpo. Ayuda a mantener despierto al cerebro y as\u00ed poder trabajar con mayor concentraci\u00f3n.<\/p>\n<p>2\/\u00a0Durante la\u00a0infancia\u00a0el consumo (moderado) de az\u00facar es muy importante porque este ingrediente juega un papel fundamental en el desarrollo de los tejidos.<\/p>\n<p>3\/\u00a0Su consumo es vital porque permite reponer los dep\u00f3sitos de\u00a0gluc\u00f3geno, de m\u00fasculos como y en el h\u00edgado, tambi\u00e9n los incrementa para no tener problemas de salud debido a su carencia.<\/p>\n<p>4\/\u00a0Durante el crecimiento de la persona aporta los nutrientes necesarios para un perfecto desarrollo\u00a0f\u00edsico y mental, consiguiendo ser m\u00e1s resistentes en las actividades que requieran un esfuerzo f\u00edsico mayor.<\/p>\n<p>5\/ Permite que la asimilaci\u00f3n de otro de los componentes b\u00e1sicos en nuestra dieta, la prote\u00edna, sea m\u00e1s efectiva.<\/p>\n<p>6\/\u00a0Es fundamental para nutrir el\u00a0sistema nervioso, esto es, evitar que sufra alteraciones y con ellas crisis nerviosas.<\/p>\n<p>7\/ El dulce es el primer sabor que probamos al nacer ya que est\u00e1 presenta en la leche materna. Instintivamente asociamos este sabor con las madres y es el primer nutriente que entra en nuestro cuerpo.<\/p>\n<p>8\/ Su carencia aumenta el apetito y hace que entre en escena la ansiedad, algo que se aprecia bastante bien en las dietas estrictas.<\/p>\n<p>9\/ Ayuda a conciliar el sue\u00f1o gracias a su efecto relajante.<\/p>\n<p>10\/ El az\u00facar sirve a la sangre, al h\u00edgado y a las neuronas. Tiene muchos frentes que cubrir para la correcta circulaci\u00f3n de la sangre y funcionamiento del cuerpo.<\/p>\n<h6>Condiciones de conservaci\u00f3n:<\/h6>\n<p>Conservar en un lugar fresco, seco y protegido de la luz.<\/p>\n<h6>Informaci\u00f3n adicional:<\/h6>\n<p>Fabricado por: Donya<\/p>\n<p><span class=\"LrzXr\">UNIT 1B, 6 Greycaine Rd<\/span><\/p>\n<p><span class=\"LrzXr\">Watford WD24 7GP,<\/span><\/p>\n","protected":false},"excerpt":{"rendered":"<p>Terrones de Az\u00facar 300g Donya Informaci\u00f3n del producto: Terrones de az\u00facar. Usos: Los terrones de az\u00facar son un elemento esencial a la hora de tomar t\u00e9. Sirven para endulzarlo. Ingredientes y al\u00e9rgenos: Az\u00facar. Beneficios: 10 beneficios del az\u00facar que probablemente no conoce: Est\u00e1 cient\u00edficamente probado que tanto ni\u00f1os como mayores necesitamos una dosis m\u00ednima de [&hellip;]<\/p>\n","protected":false},"featured_media":4182,"template":"","meta":{"_surecart_dashboard_logo_width":"180px","_surecart_dashboard_show_logo":true,"_surecart_dashboard_navigation_orders":true,"_surecart_dashboard_navigation_invoices":true,"_surecart_dashboard_navigation_subscriptions":true,"_surecart_dashboard_navigation_downloads":true,"_surecart_dashboard_navigation_billing":true,"_surecart_dashboard_navigation_account":true,"_uag_custom_page_level_css":"","site-sidebar-layout":"default","site-content-layout":"default","ast-site-content-layout":"default","site-content-style":"default","site-sidebar-style":"default","ast-global-header-display":"","ast-banner-title-visibility":"","ast-main-header-display":"","ast-hfb-above-header-display":"","ast-hfb-below-header-display":"","ast-hfb-mobile-header-display":"","site-post-title":"","ast-breadcrumbs-content":"","ast-featured-img":"","footer-sml-layout":"","theme-transparent-header-meta":"default","adv-header-id-meta":"","stick-header-meta":"","header-above-stick-meta":"","header-main-stick-meta":"","header-below-stick-meta":"","astra-migrate-meta-layouts":"set","ast-page-background-enabled":"default","ast-page-background-meta":{"desktop":{"background-color":"","background-image":"","background-repeat":"repeat","background-position":"center center","background-size":"auto","background-attachment":"scroll","background-type":"","background-media":"","overlay-type":"","overlay-color":"","overlay-opacity":"","overlay-gradient":""},"tablet":{"background-color":"","background-image":"","background-repeat":"repeat","background-position":"center center","background-size":"auto","background-attachment":"scroll","background-type":"","background-media":"","overlay-type":"","overlay-color":"","overlay-opacity":"","overlay-gradient":""},"mobile":{"background-color":"","background-image":"","background-repeat":"repeat","background-position":"center center","background-size":"auto","background-attachment":"scroll","background-type":"","background-media":"","overlay-type":"","overlay-color":"","overlay-opacity":"","overlay-gradient":""}},"ast-content-background-meta":{"desktop":{"background-color":"var(--ast-global-color-5)","background-image":"","background-repeat":"repeat","background-position":"center center","background-size":"auto","background-attachment":"scroll","background-type":"","background-media":"","overlay-type":"","overlay-color":"","overlay-opacity":"","overlay-gradient":""},"tablet":{"background-color":"var(--ast-global-color-5)","background-image":"","background-repeat":"repeat","background-position":"center center","background-size":"auto","background-attachment":"scroll","background-type":"","background-media":"","overlay-type":"","overlay-color":"","overlay-opacity":"","overlay-gradient":""},"mobile":{"background-color":"var(--ast-global-color-5)","background-image":"","background-repeat":"repeat","background-position":"center center","background-size":"auto","background-attachment":"scroll","background-type":"","background-media":"","overlay-type":"","overlay-color":"","overlay-opacity":"","overlay-gradient":""}}},"pwb-brand":[52],"product_cat":[47],"product_tag":[705,764,1088,1089],"class_list":{"0":"post-5357","1":"product","2":"type-product","3":"status-publish","4":"has-post-thumbnail","6":"pwb-brand-donya","7":"product_cat-azucares","8":"product_tag-azucar","9":"product_tag-dulce","10":"product_tag-terrones","11":"product_tag-1089","12":"desktop-align-center","13":"tablet-align-center","14":"mobile-align-center","16":"first","17":"outofstock","18":"taxable","19":"shipping-taxable","20":"purchasable","21":"product-type-simple"},"yoast_head":"<!-- This site is optimized with the Yoast SEO plugin v23.6 - https:\/\/yoast.com\/wordpress\/plugins\/seo\/ -->\n<title>Terrones de Az\u00facar 300g Donya - Delicias Persas<\/title>\n<meta name=\"description\" content=\"Los terrones de azucar son un elemento esencial a la hora de tomar t\u00e9. Sirven para endulzarlo. Tienen un sabor caracter\u00edstico e inigualable!\" \/>\n<meta name=\"robots\" content=\"index, follow, max-snippet:-1, max-image-preview:large, max-video-preview:-1\" \/>\n<link rel=\"canonical\" href=\"https:\/\/deliciaspersas.com\/en\/tienda\/azucares\/terrones-de-azucar-300g-donya\/\" \/>\n<meta property=\"og:locale\" content=\"en_US\" \/>\n<meta property=\"og:type\" content=\"article\" \/>\n<meta property=\"og:title\" content=\"Terrones de Az\u00facar 300g Donya - Delicias Persas\" \/>\n<meta property=\"og:description\" content=\"Los terrones de azucar son un elemento esencial a la hora de tomar t\u00e9. Sirven para endulzarlo. Tienen un sabor caracter\u00edstico e inigualable!\" \/>\n<meta property=\"og:url\" content=\"https:\/\/deliciaspersas.com\/en\/tienda\/azucares\/terrones-de-azucar-300g-donya\/\" \/>\n<meta property=\"og:site_name\" content=\"Delicias Persas\" \/>\n<meta property=\"article:publisher\" content=\"https:\/\/www.facebook.com\/Deliciaspersas\" \/>\n<meta property=\"article:modified_time\" content=\"2024-05-03T09:47:58+00:00\" \/>\n<meta property=\"og:image\" content=\"https:\/\/deliciaspersas.com\/wp-content\/uploads\/2020\/07\/Terrones-de-Az\u00facar-400g-Donya.jpg\" \/>\n\t<meta property=\"og:image:width\" content=\"760\" \/>\n\t<meta property=\"og:image:height\" content=\"760\" \/>\n\t<meta property=\"og:image:type\" content=\"image\/jpeg\" \/>\n<meta name=\"twitter:card\" content=\"summary_large_image\" \/>\n<meta name=\"twitter:label1\" content=\"Est. reading time\" \/>\n\t<meta name=\"twitter:data1\" content=\"2 minutes\" \/>\n<script type=\"application\/ld+json\" class=\"yoast-schema-graph\">{\"@context\":\"https:\/\/schema.org\",\"@graph\":[{\"@type\":\"WebPage\",\"@id\":\"https:\/\/deliciaspersas.com\/en\/tienda\/azucares\/terrones-de-azucar-300g-donya\/\",\"url\":\"https:\/\/deliciaspersas.com\/en\/tienda\/azucares\/terrones-de-azucar-300g-donya\/\",\"name\":\"Terrones de Az\u00facar 300g Donya - Delicias Persas\",\"isPartOf\":{\"@id\":\"https:\/\/deliciaspersas.com\/en\/#website\"},\"primaryImageOfPage\":{\"@id\":\"https:\/\/deliciaspersas.com\/en\/tienda\/azucares\/terrones-de-azucar-300g-donya\/#primaryimage\"},\"image\":{\"@id\":\"https:\/\/deliciaspersas.com\/en\/tienda\/azucares\/terrones-de-azucar-300g-donya\/#primaryimage\"},\"thumbnailUrl\":\"https:\/\/deliciaspersas.com\/wp-content\/uploads\/2020\/07\/Terrones-de-Az\u00facar-400g-Donya.jpg\",\"datePublished\":\"2020-11-12T14:02:41+00:00\",\"dateModified\":\"2024-05-03T09:47:58+00:00\",\"description\":\"Los terrones de azucar son un elemento esencial a la hora de tomar t\u00e9. Sirven para endulzarlo. Tienen un sabor caracter\u00edstico e inigualable!\",\"breadcrumb\":{\"@id\":\"https:\/\/deliciaspersas.com\/en\/tienda\/azucares\/terrones-de-azucar-300g-donya\/#breadcrumb\"},\"inLanguage\":\"en-US\",\"potentialAction\":[{\"@type\":\"ReadAction\",\"target\":[\"https:\/\/deliciaspersas.com\/en\/tienda\/azucares\/terrones-de-azucar-300g-donya\/\"]}]},{\"@type\":\"ImageObject\",\"inLanguage\":\"en-US\",\"@id\":\"https:\/\/deliciaspersas.com\/en\/tienda\/azucares\/terrones-de-azucar-300g-donya\/#primaryimage\",\"url\":\"https:\/\/deliciaspersas.com\/wp-content\/uploads\/2020\/07\/Terrones-de-Az\u00facar-400g-Donya.jpg\",\"contentUrl\":\"https:\/\/deliciaspersas.com\/wp-content\/uploads\/2020\/07\/Terrones-de-Az\u00facar-400g-Donya.jpg\",\"width\":760,\"height\":760,\"caption\":\"Terrones de Az\u00facar 400g Donya\"},{\"@type\":\"BreadcrumbList\",\"@id\":\"https:\/\/deliciaspersas.com\/en\/tienda\/azucares\/terrones-de-azucar-300g-donya\/#breadcrumb\",\"itemListElement\":[{\"@type\":\"ListItem\",\"position\":1,\"name\":\"Portada\",\"item\":\"https:\/\/deliciaspersas.com\/en\/\"},{\"@type\":\"ListItem\",\"position\":2,\"name\":\"Tienda\",\"item\":\"https:\/\/deliciaspersas.com\/\"},{\"@type\":\"ListItem\",\"position\":3,\"name\":\"Terrones de Az\u00facar 300g Donya\"}]},{\"@type\":\"WebSite\",\"@id\":\"https:\/\/deliciaspersas.com\/en\/#website\",\"url\":\"https:\/\/deliciaspersas.com\/en\/\",\"name\":\"Delicias Persas\",\"description\":\"Gastronom&iacute;a persa al alcance de tus manos\",\"publisher\":{\"@id\":\"https:\/\/deliciaspersas.com\/en\/#organization\"},\"potentialAction\":[{\"@type\":\"SearchAction\",\"target\":{\"@type\":\"EntryPoint\",\"urlTemplate\":\"https:\/\/deliciaspersas.com\/en\/?s={search_term_string}\"},\"query-input\":{\"@type\":\"PropertyValueSpecification\",\"valueRequired\":true,\"valueName\":\"search_term_string\"}}],\"inLanguage\":\"en-US\"},{\"@type\":\"Organization\",\"@id\":\"https:\/\/deliciaspersas.com\/en\/#organization\",\"name\":\"Delicias Persas\",\"url\":\"https:\/\/deliciaspersas.com\/en\/\",\"logo\":{\"@type\":\"ImageObject\",\"inLanguage\":\"en-US\",\"@id\":\"https:\/\/deliciaspersas.com\/en\/#\/schema\/logo\/image\/\",\"url\":\"https:\/\/deliciaspersas.com\/wp-content\/uploads\/2020\/07\/logo-2020.png\",\"contentUrl\":\"https:\/\/deliciaspersas.com\/wp-content\/uploads\/2020\/07\/logo-2020.png\",\"width\":520,\"height\":490,\"caption\":\"Delicias Persas\"},\"image\":{\"@id\":\"https:\/\/deliciaspersas.com\/en\/#\/schema\/logo\/image\/\"},\"sameAs\":[\"https:\/\/www.facebook.com\/Deliciaspersas\",\"https:\/\/www.instagram.com\/delicias_persas\/\",\"https:\/\/www.linkedin.com\/delicias-persas\"]}]}<\/script>\n<!-- \/ Yoast SEO plugin. -->","yoast_head_json":{"title":"Terrones de Az\u00facar 300g Donya - Delicias Persas","description":"Los terrones de azucar son un elemento esencial a la hora de tomar t\u00e9. Sirven para endulzarlo. Tienen un sabor caracter\u00edstico e inigualable!","robots":{"index":"index","follow":"follow","max-snippet":"max-snippet:-1","max-image-preview":"max-image-preview:large","max-video-preview":"max-video-preview:-1"},"canonical":"https:\/\/deliciaspersas.com\/en\/tienda\/azucares\/terrones-de-azucar-300g-donya\/","og_locale":"en_US","og_type":"article","og_title":"Terrones de Az\u00facar 300g Donya - Delicias Persas","og_description":"Los terrones de azucar son un elemento esencial a la hora de tomar t\u00e9. Sirven para endulzarlo. Tienen un sabor caracter\u00edstico e inigualable!","og_url":"https:\/\/deliciaspersas.com\/en\/tienda\/azucares\/terrones-de-azucar-300g-donya\/","og_site_name":"Delicias Persas","article_publisher":"https:\/\/www.facebook.com\/Deliciaspersas","article_modified_time":"2024-05-03T09:47:58+00:00","og_image":[{"width":760,"height":760,"url":"https:\/\/deliciaspersas.com\/wp-content\/uploads\/2020\/07\/Terrones-de-Az\u00facar-400g-Donya.jpg","type":"image\/jpeg"}],"twitter_card":"summary_large_image","twitter_misc":{"Est. reading time":"2 minutes"},"schema":{"@context":"https:\/\/schema.org","@graph":[{"@type":"WebPage","@id":"https:\/\/deliciaspersas.com\/en\/tienda\/azucares\/terrones-de-azucar-300g-donya\/","url":"https:\/\/deliciaspersas.com\/en\/tienda\/azucares\/terrones-de-azucar-300g-donya\/","name":"Terrones de Az\u00facar 300g Donya - Delicias Persas","isPartOf":{"@id":"https:\/\/deliciaspersas.com\/en\/#website"},"primaryImageOfPage":{"@id":"https:\/\/deliciaspersas.com\/en\/tienda\/azucares\/terrones-de-azucar-300g-donya\/#primaryimage"},"image":{"@id":"https:\/\/deliciaspersas.com\/en\/tienda\/azucares\/terrones-de-azucar-300g-donya\/#primaryimage"},"thumbnailUrl":"https:\/\/deliciaspersas.com\/wp-content\/uploads\/2020\/07\/Terrones-de-Az\u00facar-400g-Donya.jpg","datePublished":"2020-11-12T14:02:41+00:00","dateModified":"2024-05-03T09:47:58+00:00","description":"Los terrones de azucar son un elemento esencial a la hora de tomar t\u00e9. Sirven para endulzarlo. Tienen un sabor caracter\u00edstico e inigualable!","breadcrumb":{"@id":"https:\/\/deliciaspersas.com\/en\/tienda\/azucares\/terrones-de-azucar-300g-donya\/#breadcrumb"},"inLanguage":"en-US","potentialAction":[{"@type":"ReadAction","target":["https:\/\/deliciaspersas.com\/en\/tienda\/azucares\/terrones-de-azucar-300g-donya\/"]}]},{"@type":"ImageObject","inLanguage":"en-US","@id":"https:\/\/deliciaspersas.com\/en\/tienda\/azucares\/terrones-de-azucar-300g-donya\/#primaryimage","url":"https:\/\/deliciaspersas.com\/wp-content\/uploads\/2020\/07\/Terrones-de-Az\u00facar-400g-Donya.jpg","contentUrl":"https:\/\/deliciaspersas.com\/wp-content\/uploads\/2020\/07\/Terrones-de-Az\u00facar-400g-Donya.jpg","width":760,"height":760,"caption":"Terrones de Az\u00facar 400g Donya"},{"@type":"BreadcrumbList","@id":"https:\/\/deliciaspersas.com\/en\/tienda\/azucares\/terrones-de-azucar-300g-donya\/#breadcrumb","itemListElement":[{"@type":"ListItem","position":1,"name":"Portada","item":"https:\/\/deliciaspersas.com\/en\/"},{"@type":"ListItem","position":2,"name":"Tienda","item":"https:\/\/deliciaspersas.com\/"},{"@type":"ListItem","position":3,"name":"Terrones de Az\u00facar 300g Donya"}]},{"@type":"WebSite","@id":"https:\/\/deliciaspersas.com\/en\/#website","url":"https:\/\/deliciaspersas.com\/en\/","name":"Delicias Persas","description":"Gastronom&iacute;a persa al alcance de tus manos","publisher":{"@id":"https:\/\/deliciaspersas.com\/en\/#organization"},"potentialAction":[{"@type":"SearchAction","target":{"@type":"EntryPoint","urlTemplate":"https:\/\/deliciaspersas.com\/en\/?s={search_term_string}"},"query-input":{"@type":"PropertyValueSpecification","valueRequired":true,"valueName":"search_term_string"}}],"inLanguage":"en-US"},{"@type":"Organization","@id":"https:\/\/deliciaspersas.com\/en\/#organization","name":"Delicias Persas","url":"https:\/\/deliciaspersas.com\/en\/","logo":{"@type":"ImageObject","inLanguage":"en-US","@id":"https:\/\/deliciaspersas.com\/en\/#\/schema\/logo\/image\/","url":"https:\/\/deliciaspersas.com\/wp-content\/uploads\/2020\/07\/logo-2020.png","contentUrl":"https:\/\/deliciaspersas.com\/wp-content\/uploads\/2020\/07\/logo-2020.png","width":520,"height":490,"caption":"Delicias Persas"},"image":{"@id":"https:\/\/deliciaspersas.com\/en\/#\/schema\/logo\/image\/"},"sameAs":["https:\/\/www.facebook.com\/Deliciaspersas","https:\/\/www.instagram.com\/delicias_persas\/","https:\/\/www.linkedin.com\/delicias-persas"]}]}},"uagb_featured_image_src":{"full":["https:\/\/deliciaspersas.com\/wp-content\/uploads\/2020\/07\/Terrones-de-Az\u00facar-400g-Donya.jpg",760,760,false],"thumbnail":["https:\/\/deliciaspersas.com\/wp-content\/uploads\/2020\/07\/Terrones-de-Az\u00facar-400g-Donya-150x150.jpg",150,150,true],"medium":["https:\/\/deliciaspersas.com\/wp-content\/uploads\/2020\/07\/Terrones-de-Az\u00facar-400g-Donya-300x300.jpg",300,300,true],"medium_large":["https:\/\/deliciaspersas.com\/wp-content\/uploads\/2020\/07\/Terrones-de-Az\u00facar-400g-Donya.jpg",760,760,false],"large":["https:\/\/deliciaspersas.com\/wp-content\/uploads\/2020\/07\/Terrones-de-Az\u00facar-400g-Donya.jpg",760,760,false],"1536x1536":["https:\/\/deliciaspersas.com\/wp-content\/uploads\/2020\/07\/Terrones-de-Az\u00facar-400g-Donya.jpg",760,760,false],"2048x2048":["https:\/\/deliciaspersas.com\/wp-content\/uploads\/2020\/07\/Terrones-de-Az\u00facar-400g-Donya.jpg",760,760,false],"woocommerce_thumbnail":["https:\/\/deliciaspersas.com\/wp-content\/uploads\/2020\/07\/Terrones-de-Az\u00facar-400g-Donya-300x300.jpg",300,300,true],"woocommerce_single":["https:\/\/deliciaspersas.com\/wp-content\/uploads\/2020\/07\/Terrones-de-Az\u00facar-400g-Donya-600x600.jpg",600,600,true],"woocommerce_gallery_thumbnail":["https:\/\/deliciaspersas.com\/wp-content\/uploads\/2020\/07\/Terrones-de-Az\u00facar-400g-Donya-100x100.jpg",100,100,true]},"uagb_author_info":{"display_name":"admin","author_link":"https:\/\/deliciaspersas.com\/en\/author\/"},"uagb_comment_info":0,"uagb_excerpt":"Terrones de Az\u00facar 300g Donya Informaci\u00f3n del producto: Terrones de az\u00facar. Usos: Los terrones de az\u00facar son un elemento esencial a la hora de tomar t\u00e9. Sirven para endulzarlo. Ingredientes y al\u00e9rgenos: Az\u00facar. Beneficios: 10 beneficios del az\u00facar que probablemente no conoce: Est\u00e1 cient\u00edficamente probado que tanto ni\u00f1os como mayores necesitamos una dosis m\u00ednima de&hellip;","brands":[{"id":52,"name":"Donya","slug":"donya"}],"_links":{"self":[{"href":"https:\/\/deliciaspersas.com\/en\/wp-json\/wp\/v2\/product\/5357"}],"collection":[{"href":"https:\/\/deliciaspersas.com\/en\/wp-json\/wp\/v2\/product"}],"about":[{"href":"https:\/\/deliciaspersas.com\/en\/wp-json\/wp\/v2\/types\/product"}],"wp:featuredmedia":[{"embeddable":true,"href":"https:\/\/deliciaspersas.com\/en\/wp-json\/wp\/v2\/media\/4182"}],"wp:attachment":[{"href":"https:\/\/deliciaspersas.com\/en\/wp-json\/wp\/v2\/media?parent=5357"}],"wp:term":[{"taxonomy":"pwb-brand","embeddable":true,"href":"https:\/\/deliciaspersas.com\/en\/wp-json\/wp\/v2\/pwb-brand?post=5357"},{"taxonomy":"product_cat","embeddable":true,"href":"https:\/\/deliciaspersas.com\/en\/wp-json\/wp\/v2\/product_cat?post=5357"},{"taxonomy":"product_tag","embeddable":true,"href":"https:\/\/deliciaspersas.com\/en\/wp-json\/wp\/v2\/product_tag?post=5357"}],"curies":[{"name":"wp","href":"https:\/\/api.w.org\/{rel}","templated":true}]}}