{"id":5358,"date":"2020-11-12T15:13:36","date_gmt":"2020-11-12T14:13:36","guid":{"rendered":"https:\/\/deliciaspersas.com\/?post_type=product&#038;p=5358"},"modified":"2024-06-28T19:51:51","modified_gmt":"2024-06-28T17:51:51","slug":"snack-con-queso-180g-pofak-namaki","status":"publish","type":"product","link":"https:\/\/deliciaspersas.com\/en\/tienda\/encurtidos\/snack-con-queso-180g-pofak-namaki\/","title":{"rendered":"Snack con queso 180g Pofak namaki"},"content":{"rendered":"<h1>Snack con queso 180g Pofak namaki<\/h1>\n<p>Los nuevos bocaditos salados de minnow a\u00fan conservan su sabor memorable, y ahora con un regusto salado y queso en polvo, son m\u00e1s coloridos y apetitosos que nunca.<\/p>\n<p>Para producir bocanadas saladas, la s\u00e9mola de ma\u00edz y el agua se inflan en la extrusora y, despu\u00e9s de pasar por la secadora, se cubren con una mezcla de aceite vegetal, queso en polvo y otros aromas adecuados, colorante alimentario y sal. De hecho, este producto contiene un 62-65% de s\u00e9mola de ma\u00edz y un 35-38% de glaseado, que incluye aceite, queso en polvo, colorante alimentario, leche en polvo y sal, se roc\u00edan sobre \u00e9l a una temperatura aproximada de 45 grados.<\/p>\n","protected":false},"excerpt":{"rendered":"<p>Snack con queso 180g Pofak namaki Los nuevos bocaditos salados de minnow a\u00fan conservan su sabor memorable, y ahora con un regusto salado y queso en polvo, son m\u00e1s coloridos y apetitosos que nunca. Para producir bocanadas saladas, la s\u00e9mola de ma\u00edz y el agua se inflan en la extrusora y, despu\u00e9s de pasar por [&hellip;]<\/p>\n","protected":false},"featured_media":11794,"template":"","meta":{"_surecart_dashboard_logo_width":"180px","_surecart_dashboard_show_logo":true,"_surecart_dashboard_navigation_orders":true,"_surecart_dashboard_navigation_invoices":true,"_surecart_dashboard_navigation_subscriptions":true,"_surecart_dashboard_navigation_downloads":true,"_surecart_dashboard_navigation_billing":true,"_surecart_dashboard_navigation_account":true,"_uag_custom_page_level_css":"","site-sidebar-layout":"default","site-content-layout":"default","ast-site-content-layout":"default","site-content-style":"default","site-sidebar-style":"default","ast-global-header-display":"","ast-banner-title-visibility":"","ast-main-header-display":"","ast-hfb-above-header-display":"","ast-hfb-below-header-display":"","ast-hfb-mobile-header-display":"","site-post-title":"","ast-breadcrumbs-content":"","ast-featured-img":"","footer-sml-layout":"","theme-transparent-header-meta":"default","adv-header-id-meta":"","stick-header-meta":"","header-above-stick-meta":"","header-main-stick-meta":"","header-below-stick-meta":"","astra-migrate-meta-layouts":"set","ast-page-background-enabled":"default","ast-page-background-meta":{"desktop":{"background-color":"","background-image":"","background-repeat":"repeat","background-position":"center center","background-size":"auto","background-attachment":"scroll","background-type":"","background-media":"","overlay-type":"","overlay-color":"","overlay-opacity":"","overlay-gradient":""},"tablet":{"background-color":"","background-image":"","background-repeat":"repeat","background-position":"center center","background-size":"auto","background-attachment":"scroll","background-type":"","background-media":"","overlay-type":"","overlay-color":"","overlay-opacity":"","overlay-gradient":""},"mobile":{"background-color":"","background-image":"","background-repeat":"repeat","background-position":"center center","background-size":"auto","background-attachment":"scroll","background-type":"","background-media":"","overlay-type":"","overlay-color":"","overlay-opacity":"","overlay-gradient":""}},"ast-content-background-meta":{"desktop":{"background-color":"var(--ast-global-color-5)","background-image":"","background-repeat":"repeat","background-position":"center center","background-size":"auto","background-attachment":"scroll","background-type":"","background-media":"","overlay-type":"","overlay-color":"","overlay-opacity":"","overlay-gradient":""},"tablet":{"background-color":"var(--ast-global-color-5)","background-image":"","background-repeat":"repeat","background-position":"center center","background-size":"auto","background-attachment":"scroll","background-type":"","background-media":"","overlay-type":"","overlay-color":"","overlay-opacity":"","overlay-gradient":""},"mobile":{"background-color":"var(--ast-global-color-5)","background-image":"","background-repeat":"repeat","background-position":"center center","background-size":"auto","background-attachment":"scroll","background-type":"","background-media":"","overlay-type":"","overlay-color":"","overlay-opacity":"","overlay-gradient":""}}},"pwb-brand":[54],"product_cat":[38],"product_tag":[670,859,1077,1078],"class_list":{"0":"post-5358","1":"product","2":"type-product","3":"status-publish","4":"has-post-thumbnail","6":"pwb-brand-chetooz","7":"product_cat-encurtidos","8":"product_tag-cheetoz","9":"product_tag-snack","10":"product_tag-tentempie","11":"product_tag-1078","12":"desktop-align-center","13":"tablet-align-center","14":"mobile-align-center","16":"first","17":"outofstock","18":"taxable","19":"shipping-taxable","20":"purchasable","21":"product-type-simple"},"yoast_head":"<!-- This site is optimized with the Yoast SEO plugin v23.6 - https:\/\/yoast.com\/wordpress\/plugins\/seo\/ -->\n<title>Snack con queso 180g Pofak namaki - Delicias Persas<\/title>\n<meta name=\"description\" content=\"Estos Cheetoz Motori est\u00e1n formados por patatas fritas con delicioso queso crujiente de las que podr\u00e1s disfrutar a cualquier hora del d\u00eda.\" \/>\n<meta name=\"robots\" content=\"index, follow, max-snippet:-1, max-image-preview:large, max-video-preview:-1\" \/>\n<link rel=\"canonical\" href=\"https:\/\/deliciaspersas.com\/en\/tienda\/encurtidos\/snack-con-queso-180g-pofak-namaki\/\" \/>\n<meta property=\"og:locale\" content=\"en_US\" \/>\n<meta property=\"og:type\" content=\"article\" \/>\n<meta property=\"og:title\" content=\"Snack con queso 180g Pofak namaki - Delicias Persas\" \/>\n<meta property=\"og:description\" content=\"Estos Cheetoz Motori est\u00e1n formados por patatas fritas con delicioso queso crujiente de las que podr\u00e1s disfrutar a cualquier hora del d\u00eda.\" \/>\n<meta property=\"og:url\" content=\"https:\/\/deliciaspersas.com\/en\/tienda\/encurtidos\/snack-con-queso-180g-pofak-namaki\/\" \/>\n<meta property=\"og:site_name\" content=\"Delicias Persas\" \/>\n<meta property=\"article:publisher\" content=\"https:\/\/www.facebook.com\/Deliciaspersas\" \/>\n<meta property=\"article:modified_time\" content=\"2024-06-28T17:51:51+00:00\" \/>\n<meta property=\"og:image\" content=\"https:\/\/deliciaspersas.com\/wp-content\/uploads\/fdfd1.jpg\" \/>\n\t<meta property=\"og:image:width\" content=\"1080\" \/>\n\t<meta property=\"og:image:height\" content=\"1080\" \/>\n\t<meta property=\"og:image:type\" content=\"image\/jpeg\" \/>\n<meta name=\"twitter:card\" content=\"summary_large_image\" \/>\n<meta name=\"twitter:label1\" content=\"Est. reading time\" \/>\n\t<meta name=\"twitter:data1\" content=\"1 minute\" \/>\n<script type=\"application\/ld+json\" class=\"yoast-schema-graph\">{\"@context\":\"https:\/\/schema.org\",\"@graph\":[{\"@type\":\"WebPage\",\"@id\":\"https:\/\/deliciaspersas.com\/en\/tienda\/encurtidos\/snack-con-queso-180g-pofak-namaki\/\",\"url\":\"https:\/\/deliciaspersas.com\/en\/tienda\/encurtidos\/snack-con-queso-180g-pofak-namaki\/\",\"name\":\"Snack con queso 180g Pofak namaki - Delicias Persas\",\"isPartOf\":{\"@id\":\"https:\/\/deliciaspersas.com\/en\/#website\"},\"primaryImageOfPage\":{\"@id\":\"https:\/\/deliciaspersas.com\/en\/tienda\/encurtidos\/snack-con-queso-180g-pofak-namaki\/#primaryimage\"},\"image\":{\"@id\":\"https:\/\/deliciaspersas.com\/en\/tienda\/encurtidos\/snack-con-queso-180g-pofak-namaki\/#primaryimage\"},\"thumbnailUrl\":\"https:\/\/deliciaspersas.com\/wp-content\/uploads\/fdfd1.jpg\",\"datePublished\":\"2020-11-12T14:13:36+00:00\",\"dateModified\":\"2024-06-28T17:51:51+00:00\",\"description\":\"Estos Cheetoz Motori est\u00e1n formados por patatas fritas con delicioso queso crujiente de las que podr\u00e1s disfrutar a cualquier hora del d\u00eda.\",\"breadcrumb\":{\"@id\":\"https:\/\/deliciaspersas.com\/en\/tienda\/encurtidos\/snack-con-queso-180g-pofak-namaki\/#breadcrumb\"},\"inLanguage\":\"en-US\",\"potentialAction\":[{\"@type\":\"ReadAction\",\"target\":[\"https:\/\/deliciaspersas.com\/en\/tienda\/encurtidos\/snack-con-queso-180g-pofak-namaki\/\"]}]},{\"@type\":\"ImageObject\",\"inLanguage\":\"en-US\",\"@id\":\"https:\/\/deliciaspersas.com\/en\/tienda\/encurtidos\/snack-con-queso-180g-pofak-namaki\/#primaryimage\",\"url\":\"https:\/\/deliciaspersas.com\/wp-content\/uploads\/fdfd1.jpg\",\"contentUrl\":\"https:\/\/deliciaspersas.com\/wp-content\/uploads\/fdfd1.jpg\",\"width\":1080,\"height\":1080},{\"@type\":\"BreadcrumbList\",\"@id\":\"https:\/\/deliciaspersas.com\/en\/tienda\/encurtidos\/snack-con-queso-180g-pofak-namaki\/#breadcrumb\",\"itemListElement\":[{\"@type\":\"ListItem\",\"position\":1,\"name\":\"Portada\",\"item\":\"https:\/\/deliciaspersas.com\/en\/\"},{\"@type\":\"ListItem\",\"position\":2,\"name\":\"Tienda\",\"item\":\"https:\/\/deliciaspersas.com\/\"},{\"@type\":\"ListItem\",\"position\":3,\"name\":\"Snack con queso 180g Pofak namaki\"}]},{\"@type\":\"WebSite\",\"@id\":\"https:\/\/deliciaspersas.com\/en\/#website\",\"url\":\"https:\/\/deliciaspersas.com\/en\/\",\"name\":\"Delicias Persas\",\"description\":\"Gastronom&iacute;a persa al alcance de tus manos\",\"publisher\":{\"@id\":\"https:\/\/deliciaspersas.com\/en\/#organization\"},\"potentialAction\":[{\"@type\":\"SearchAction\",\"target\":{\"@type\":\"EntryPoint\",\"urlTemplate\":\"https:\/\/deliciaspersas.com\/en\/?s={search_term_string}\"},\"query-input\":{\"@type\":\"PropertyValueSpecification\",\"valueRequired\":true,\"valueName\":\"search_term_string\"}}],\"inLanguage\":\"en-US\"},{\"@type\":\"Organization\",\"@id\":\"https:\/\/deliciaspersas.com\/en\/#organization\",\"name\":\"Delicias Persas\",\"url\":\"https:\/\/deliciaspersas.com\/en\/\",\"logo\":{\"@type\":\"ImageObject\",\"inLanguage\":\"en-US\",\"@id\":\"https:\/\/deliciaspersas.com\/en\/#\/schema\/logo\/image\/\",\"url\":\"https:\/\/deliciaspersas.com\/wp-content\/uploads\/2020\/07\/logo-2020.png\",\"contentUrl\":\"https:\/\/deliciaspersas.com\/wp-content\/uploads\/2020\/07\/logo-2020.png\",\"width\":520,\"height\":490,\"caption\":\"Delicias Persas\"},\"image\":{\"@id\":\"https:\/\/deliciaspersas.com\/en\/#\/schema\/logo\/image\/\"},\"sameAs\":[\"https:\/\/www.facebook.com\/Deliciaspersas\",\"https:\/\/www.instagram.com\/delicias_persas\/\",\"https:\/\/www.linkedin.com\/delicias-persas\"]}]}<\/script>\n<!-- \/ Yoast SEO plugin. -->","yoast_head_json":{"title":"Snack con queso 180g Pofak namaki - Delicias Persas","description":"Estos Cheetoz Motori est\u00e1n formados por patatas fritas con delicioso queso crujiente de las que podr\u00e1s disfrutar a cualquier hora del d\u00eda.","robots":{"index":"index","follow":"follow","max-snippet":"max-snippet:-1","max-image-preview":"max-image-preview:large","max-video-preview":"max-video-preview:-1"},"canonical":"https:\/\/deliciaspersas.com\/en\/tienda\/encurtidos\/snack-con-queso-180g-pofak-namaki\/","og_locale":"en_US","og_type":"article","og_title":"Snack con queso 180g Pofak namaki - Delicias Persas","og_description":"Estos Cheetoz Motori est\u00e1n formados por patatas fritas con delicioso queso crujiente de las que podr\u00e1s disfrutar a cualquier hora del d\u00eda.","og_url":"https:\/\/deliciaspersas.com\/en\/tienda\/encurtidos\/snack-con-queso-180g-pofak-namaki\/","og_site_name":"Delicias Persas","article_publisher":"https:\/\/www.facebook.com\/Deliciaspersas","article_modified_time":"2024-06-28T17:51:51+00:00","og_image":[{"width":1080,"height":1080,"url":"https:\/\/deliciaspersas.com\/wp-content\/uploads\/fdfd1.jpg","type":"image\/jpeg"}],"twitter_card":"summary_large_image","twitter_misc":{"Est. reading time":"1 minute"},"schema":{"@context":"https:\/\/schema.org","@graph":[{"@type":"WebPage","@id":"https:\/\/deliciaspersas.com\/en\/tienda\/encurtidos\/snack-con-queso-180g-pofak-namaki\/","url":"https:\/\/deliciaspersas.com\/en\/tienda\/encurtidos\/snack-con-queso-180g-pofak-namaki\/","name":"Snack con queso 180g Pofak namaki - Delicias Persas","isPartOf":{"@id":"https:\/\/deliciaspersas.com\/en\/#website"},"primaryImageOfPage":{"@id":"https:\/\/deliciaspersas.com\/en\/tienda\/encurtidos\/snack-con-queso-180g-pofak-namaki\/#primaryimage"},"image":{"@id":"https:\/\/deliciaspersas.com\/en\/tienda\/encurtidos\/snack-con-queso-180g-pofak-namaki\/#primaryimage"},"thumbnailUrl":"https:\/\/deliciaspersas.com\/wp-content\/uploads\/fdfd1.jpg","datePublished":"2020-11-12T14:13:36+00:00","dateModified":"2024-06-28T17:51:51+00:00","description":"Estos Cheetoz Motori est\u00e1n formados por patatas fritas con delicioso queso crujiente de las que podr\u00e1s disfrutar a cualquier hora del d\u00eda.","breadcrumb":{"@id":"https:\/\/deliciaspersas.com\/en\/tienda\/encurtidos\/snack-con-queso-180g-pofak-namaki\/#breadcrumb"},"inLanguage":"en-US","potentialAction":[{"@type":"ReadAction","target":["https:\/\/deliciaspersas.com\/en\/tienda\/encurtidos\/snack-con-queso-180g-pofak-namaki\/"]}]},{"@type":"ImageObject","inLanguage":"en-US","@id":"https:\/\/deliciaspersas.com\/en\/tienda\/encurtidos\/snack-con-queso-180g-pofak-namaki\/#primaryimage","url":"https:\/\/deliciaspersas.com\/wp-content\/uploads\/fdfd1.jpg","contentUrl":"https:\/\/deliciaspersas.com\/wp-content\/uploads\/fdfd1.jpg","width":1080,"height":1080},{"@type":"BreadcrumbList","@id":"https:\/\/deliciaspersas.com\/en\/tienda\/encurtidos\/snack-con-queso-180g-pofak-namaki\/#breadcrumb","itemListElement":[{"@type":"ListItem","position":1,"name":"Portada","item":"https:\/\/deliciaspersas.com\/en\/"},{"@type":"ListItem","position":2,"name":"Tienda","item":"https:\/\/deliciaspersas.com\/"},{"@type":"ListItem","position":3,"name":"Snack con queso 180g Pofak namaki"}]},{"@type":"WebSite","@id":"https:\/\/deliciaspersas.com\/en\/#website","url":"https:\/\/deliciaspersas.com\/en\/","name":"Delicias Persas","description":"Gastronom&iacute;a persa al alcance de tus manos","publisher":{"@id":"https:\/\/deliciaspersas.com\/en\/#organization"},"potentialAction":[{"@type":"SearchAction","target":{"@type":"EntryPoint","urlTemplate":"https:\/\/deliciaspersas.com\/en\/?s={search_term_string}"},"query-input":{"@type":"PropertyValueSpecification","valueRequired":true,"valueName":"search_term_string"}}],"inLanguage":"en-US"},{"@type":"Organization","@id":"https:\/\/deliciaspersas.com\/en\/#organization","name":"Delicias Persas","url":"https:\/\/deliciaspersas.com\/en\/","logo":{"@type":"ImageObject","inLanguage":"en-US","@id":"https:\/\/deliciaspersas.com\/en\/#\/schema\/logo\/image\/","url":"https:\/\/deliciaspersas.com\/wp-content\/uploads\/2020\/07\/logo-2020.png","contentUrl":"https:\/\/deliciaspersas.com\/wp-content\/uploads\/2020\/07\/logo-2020.png","width":520,"height":490,"caption":"Delicias Persas"},"image":{"@id":"https:\/\/deliciaspersas.com\/en\/#\/schema\/logo\/image\/"},"sameAs":["https:\/\/www.facebook.com\/Deliciaspersas","https:\/\/www.instagram.com\/delicias_persas\/","https:\/\/www.linkedin.com\/delicias-persas"]}]}},"uagb_featured_image_src":{"full":["https:\/\/deliciaspersas.com\/wp-content\/uploads\/fdfd1.jpg",1080,1080,false],"thumbnail":["https:\/\/deliciaspersas.com\/wp-content\/uploads\/fdfd1-150x150.jpg",150,150,true],"medium":["https:\/\/deliciaspersas.com\/wp-content\/uploads\/fdfd1-300x300.jpg",300,300,true],"medium_large":["https:\/\/deliciaspersas.com\/wp-content\/uploads\/fdfd1-768x768.jpg",768,768,true],"large":["https:\/\/deliciaspersas.com\/wp-content\/uploads\/fdfd1-1024x1024.jpg",1024,1024,true],"1536x1536":["https:\/\/deliciaspersas.com\/wp-content\/uploads\/fdfd1.jpg",1080,1080,false],"2048x2048":["https:\/\/deliciaspersas.com\/wp-content\/uploads\/fdfd1.jpg",1080,1080,false],"woocommerce_thumbnail":["https:\/\/deliciaspersas.com\/wp-content\/uploads\/fdfd1-300x300.jpg",300,300,true],"woocommerce_single":["https:\/\/deliciaspersas.com\/wp-content\/uploads\/fdfd1-600x600.jpg",600,600,true],"woocommerce_gallery_thumbnail":["https:\/\/deliciaspersas.com\/wp-content\/uploads\/fdfd1-100x100.jpg",100,100,true]},"uagb_author_info":{"display_name":"admin","author_link":"https:\/\/deliciaspersas.com\/en\/author\/"},"uagb_comment_info":0,"uagb_excerpt":"Snack con queso 180g Pofak namaki Los nuevos bocaditos salados de minnow a\u00fan conservan su sabor memorable, y ahora con un regusto salado y queso en polvo, son m\u00e1s coloridos y apetitosos que nunca. Para producir bocanadas saladas, la s\u00e9mola de ma\u00edz y el agua se inflan en la extrusora y, despu\u00e9s de pasar por&hellip;","brands":[{"id":54,"name":"Cheetoz","slug":"chetooz"}],"_links":{"self":[{"href":"https:\/\/deliciaspersas.com\/en\/wp-json\/wp\/v2\/product\/5358"}],"collection":[{"href":"https:\/\/deliciaspersas.com\/en\/wp-json\/wp\/v2\/product"}],"about":[{"href":"https:\/\/deliciaspersas.com\/en\/wp-json\/wp\/v2\/types\/product"}],"wp:featuredmedia":[{"embeddable":true,"href":"https:\/\/deliciaspersas.com\/en\/wp-json\/wp\/v2\/media\/11794"}],"wp:attachment":[{"href":"https:\/\/deliciaspersas.com\/en\/wp-json\/wp\/v2\/media?parent=5358"}],"wp:term":[{"taxonomy":"pwb-brand","embeddable":true,"href":"https:\/\/deliciaspersas.com\/en\/wp-json\/wp\/v2\/pwb-brand?post=5358"},{"taxonomy":"product_cat","embeddable":true,"href":"https:\/\/deliciaspersas.com\/en\/wp-json\/wp\/v2\/product_cat?post=5358"},{"taxonomy":"product_tag","embeddable":true,"href":"https:\/\/deliciaspersas.com\/en\/wp-json\/wp\/v2\/product_tag?post=5358"}],"curies":[{"name":"wp","href":"https:\/\/api.w.org\/{rel}","templated":true}]}}