{"id":5744,"date":"2020-12-24T10:40:34","date_gmt":"2020-12-24T09:40:34","guid":{"rendered":"https:\/\/deliciaspersas.com\/?post_type=product&#038;p=5744"},"modified":"2025-01-04T12:34:21","modified_gmt":"2025-01-04T11:34:21","slug":"lima-en-polvo-limoo-100g-granel","status":"publish","type":"product","link":"https:\/\/deliciaspersas.com\/en\/tienda\/especias\/lima-en-polvo-limoo-100g-granel\/","title":{"rendered":"Lima en polvo Limoo 100g Granel"},"content":{"rendered":"<h1>Lima en polvo Limoo 100g Granel<\/h1>\n<h6>Informaci\u00f3n del producto:<\/h6>\n<p>Su consumo habitual puede ayudar a hacer mejor la digesti\u00f3n, a absorber mejor los nutrientes de los alimentos, y tambi\u00e9n optimiza las funciones del p\u00e1ncreas y del h\u00edgado.<\/p>\n<p>El lima posee un alto valor nutritivo y contiene muy pocas calor\u00edas. 28 gramos contienen 42 calor\u00edas, y mucha vitamina C, vitamina B6 y manganeso.<\/p>\n<p>Antiguamente era muy bien conocido como una cura para el escorbuto, la enfermedad que es causada por una deficiencia de vitaminaC. Se caracteriza por infecciones frecuentes que muestran s\u00edntomas como resfriados comunes, los labios agrietados, \u00falceras en la lengua y en la boca. Tanto antes como hoy en d\u00eda el remedio es <span style=\"font-size: 16px; font-style: normal; font-weight: 400;\">consumir este producto, lima en polvo, como un remedio casero o una manera de prevenci\u00f3n gracias a su ofrecimiento generoso de vitamina C. C<\/span>uando lima se consume por v\u00eda oral protege el cuerpo de las infecciones y reduce el olor corporal debido a la presencia de una gran cantidad de vitamina C y flavonoides.<\/p>\n<p class=\"paragraph \" data-gtm-element-container=\"modulo-texto-link\"><strong>Mejora la circulaci\u00f3n de la sangre y remedia la diabetes<\/strong><\/p>\n<p class=\"paragraph \" data-gtm-element-container=\"modulo-texto-link\">El lima es rico en vitamina B, un compuesto esencial que reduce los niveles de homociste\u00edna. Esta sustancia es la responsable de endurecer los vasos sangu\u00edneos y de traernos m\u00faltiples problemas como trombosis o enfermedades de las arterias coronarias. Tambi\u00e9n son considerados un alimento estupendo para la diabetes por una serie de razones: Principalmente, los altos niveles de fibra soluble que se encuentra en las limas la convierten en un complemento diet\u00e9tico ideal para ayudar a regular la absorci\u00f3n del cuerpo de az\u00facar en el torrente sangu\u00edneo, lo que reduce la aparici\u00f3n de picos de az\u00facar en la sangre que son un grave riesgo para los pacientes diab\u00e9ticos. Adem\u00e1s, las limas y otros c\u00edtricos tienen un \u00edndice gluc\u00e9mico bajo, lo que significa que no causan picos inesperados en los niveles de glucosa, adem\u00e1s de los beneficios de su fibra soluble.<\/p>\n<h6>Ingredientes y al\u00e9rgenos:<\/h6>\n<p>Lima en polvo.<\/p>\n<h6>Usos:<\/h6>\n<p>Recetas, ensaladas, todo tipo de platos fr\u00edos y calientes.<\/p>\n<h6>Condiciones de conservaci\u00f3n:<\/h6>\n<p>Conservar en un lugar fresco, seco y protegido de la luz.<\/p>\n","protected":false},"excerpt":{"rendered":"<p>Lima en polvo Limoo 100g Granel Informaci\u00f3n del producto: Su consumo habitual puede ayudar a hacer mejor la digesti\u00f3n, a absorber mejor los nutrientes de los alimentos, y tambi\u00e9n optimiza las funciones del p\u00e1ncreas y del h\u00edgado. El lima posee un alto valor nutritivo y contiene muy pocas calor\u00edas. 28 gramos contienen 42 calor\u00edas, y [&hellip;]<\/p>\n","protected":false},"featured_media":13685,"template":"","meta":{"_surecart_dashboard_logo_width":"180px","_surecart_dashboard_show_logo":true,"_surecart_dashboard_navigation_orders":true,"_surecart_dashboard_navigation_invoices":true,"_surecart_dashboard_navigation_subscriptions":true,"_surecart_dashboard_navigation_downloads":true,"_surecart_dashboard_navigation_billing":true,"_surecart_dashboard_navigation_account":true,"_uag_custom_page_level_css":"","site-sidebar-layout":"default","site-content-layout":"default","ast-site-content-layout":"default","site-content-style":"default","site-sidebar-style":"default","ast-global-header-display":"","ast-banner-title-visibility":"","ast-main-header-display":"","ast-hfb-above-header-display":"","ast-hfb-below-header-display":"","ast-hfb-mobile-header-display":"","site-post-title":"","ast-breadcrumbs-content":"","ast-featured-img":"","footer-sml-layout":"","theme-transparent-header-meta":"default","adv-header-id-meta":"","stick-header-meta":"","header-above-stick-meta":"","header-main-stick-meta":"","header-below-stick-meta":"","astra-migrate-meta-layouts":"set","ast-page-background-enabled":"default","ast-page-background-meta":{"desktop":{"background-color":"","background-image":"","background-repeat":"repeat","background-position":"center center","background-size":"auto","background-attachment":"scroll","background-type":"","background-media":"","overlay-type":"","overlay-color":"","overlay-opacity":"","overlay-gradient":""},"tablet":{"background-color":"","background-image":"","background-repeat":"repeat","background-position":"center center","background-size":"auto","background-attachment":"scroll","background-type":"","background-media":"","overlay-type":"","overlay-color":"","overlay-opacity":"","overlay-gradient":""},"mobile":{"background-color":"","background-image":"","background-repeat":"repeat","background-position":"center center","background-size":"auto","background-attachment":"scroll","background-type":"","background-media":"","overlay-type":"","overlay-color":"","overlay-opacity":"","overlay-gradient":""}},"ast-content-background-meta":{"desktop":{"background-color":"var(--ast-global-color-5)","background-image":"","background-repeat":"repeat","background-position":"center center","background-size":"auto","background-attachment":"scroll","background-type":"","background-media":"","overlay-type":"","overlay-color":"","overlay-opacity":"","overlay-gradient":""},"tablet":{"background-color":"var(--ast-global-color-5)","background-image":"","background-repeat":"repeat","background-position":"center center","background-size":"auto","background-attachment":"scroll","background-type":"","background-media":"","overlay-type":"","overlay-color":"","overlay-opacity":"","overlay-gradient":""},"mobile":{"background-color":"var(--ast-global-color-5)","background-image":"","background-repeat":"repeat","background-position":"center center","background-size":"auto","background-attachment":"scroll","background-type":"","background-media":"","overlay-type":"","overlay-color":"","overlay-opacity":"","overlay-gradient":""}}},"pwb-brand":[42],"product_cat":[32],"product_tag":[841,568,625,464,846],"class_list":{"0":"post-5744","1":"product","2":"type-product","3":"status-publish","4":"has-post-thumbnail","6":"pwb-brand-anjoman","7":"product_cat-especias","8":"product_tag-en-polvo","9":"product_tag-especie","10":"product_tag-lima","11":"product_tag-464","12":"product_tag-846","13":"desktop-align-center","14":"tablet-align-center","15":"mobile-align-center","17":"first","18":"instock","19":"taxable","20":"shipping-taxable","21":"purchasable","22":"product-type-simple"},"yoast_head":"<!-- This site is optimized with the Yoast SEO plugin v23.6 - https:\/\/yoast.com\/wordpress\/plugins\/seo\/ -->\n<title>Lima en polvo Limoo 100g Granel - Delicias Persas<\/title>\n<meta name=\"description\" content=\"La lima en polvo es un condimento esencial en la cocina persa. Dale un sabor especial a todos tus platos, frescura y sabor.\" \/>\n<meta name=\"robots\" content=\"index, follow, max-snippet:-1, max-image-preview:large, max-video-preview:-1\" \/>\n<link rel=\"canonical\" href=\"https:\/\/deliciaspersas.com\/en\/tienda\/especias\/lima-en-polvo-limoo-100g-granel\/\" \/>\n<meta property=\"og:locale\" content=\"en_US\" \/>\n<meta property=\"og:type\" content=\"article\" \/>\n<meta property=\"og:title\" content=\"Lima en polvo Limoo 100g Granel - Delicias Persas\" \/>\n<meta property=\"og:description\" content=\"La lima en polvo es un condimento esencial en la cocina persa. Dale un sabor especial a todos tus platos, frescura y sabor.\" \/>\n<meta property=\"og:url\" content=\"https:\/\/deliciaspersas.com\/en\/tienda\/especias\/lima-en-polvo-limoo-100g-granel\/\" \/>\n<meta property=\"og:site_name\" content=\"Delicias Persas\" \/>\n<meta property=\"article:publisher\" content=\"https:\/\/www.facebook.com\/Deliciaspersas\" \/>\n<meta property=\"article:modified_time\" content=\"2025-01-04T11:34:21+00:00\" \/>\n<meta property=\"og:image\" content=\"https:\/\/deliciaspersas.com\/wp-content\/uploads\/220431989786833.jpg\" \/>\n\t<meta property=\"og:image:width\" content=\"1306\" \/>\n\t<meta property=\"og:image:height\" content=\"1199\" \/>\n\t<meta property=\"og:image:type\" content=\"image\/jpeg\" \/>\n<meta name=\"twitter:card\" content=\"summary_large_image\" \/>\n<meta name=\"twitter:label1\" content=\"Est. reading time\" \/>\n\t<meta name=\"twitter:data1\" content=\"2 minutes\" \/>\n<script type=\"application\/ld+json\" class=\"yoast-schema-graph\">{\"@context\":\"https:\/\/schema.org\",\"@graph\":[{\"@type\":\"WebPage\",\"@id\":\"https:\/\/deliciaspersas.com\/en\/tienda\/especias\/lima-en-polvo-limoo-100g-granel\/\",\"url\":\"https:\/\/deliciaspersas.com\/en\/tienda\/especias\/lima-en-polvo-limoo-100g-granel\/\",\"name\":\"Lima en polvo Limoo 100g Granel - Delicias Persas\",\"isPartOf\":{\"@id\":\"https:\/\/deliciaspersas.com\/en\/#website\"},\"primaryImageOfPage\":{\"@id\":\"https:\/\/deliciaspersas.com\/en\/tienda\/especias\/lima-en-polvo-limoo-100g-granel\/#primaryimage\"},\"image\":{\"@id\":\"https:\/\/deliciaspersas.com\/en\/tienda\/especias\/lima-en-polvo-limoo-100g-granel\/#primaryimage\"},\"thumbnailUrl\":\"https:\/\/deliciaspersas.com\/wp-content\/uploads\/220431989786833.jpg\",\"datePublished\":\"2020-12-24T09:40:34+00:00\",\"dateModified\":\"2025-01-04T11:34:21+00:00\",\"description\":\"La lima en polvo es un condimento esencial en la cocina persa. Dale un sabor especial a todos tus platos, frescura y sabor.\",\"breadcrumb\":{\"@id\":\"https:\/\/deliciaspersas.com\/en\/tienda\/especias\/lima-en-polvo-limoo-100g-granel\/#breadcrumb\"},\"inLanguage\":\"en-US\",\"potentialAction\":[{\"@type\":\"ReadAction\",\"target\":[\"https:\/\/deliciaspersas.com\/en\/tienda\/especias\/lima-en-polvo-limoo-100g-granel\/\"]}]},{\"@type\":\"ImageObject\",\"inLanguage\":\"en-US\",\"@id\":\"https:\/\/deliciaspersas.com\/en\/tienda\/especias\/lima-en-polvo-limoo-100g-granel\/#primaryimage\",\"url\":\"https:\/\/deliciaspersas.com\/wp-content\/uploads\/220431989786833.jpg\",\"contentUrl\":\"https:\/\/deliciaspersas.com\/wp-content\/uploads\/220431989786833.jpg\",\"width\":1306,\"height\":1199},{\"@type\":\"BreadcrumbList\",\"@id\":\"https:\/\/deliciaspersas.com\/en\/tienda\/especias\/lima-en-polvo-limoo-100g-granel\/#breadcrumb\",\"itemListElement\":[{\"@type\":\"ListItem\",\"position\":1,\"name\":\"Portada\",\"item\":\"https:\/\/deliciaspersas.com\/en\/\"},{\"@type\":\"ListItem\",\"position\":2,\"name\":\"Tienda\",\"item\":\"https:\/\/deliciaspersas.com\/\"},{\"@type\":\"ListItem\",\"position\":3,\"name\":\"Lima en polvo Limoo 100g Granel\"}]},{\"@type\":\"WebSite\",\"@id\":\"https:\/\/deliciaspersas.com\/en\/#website\",\"url\":\"https:\/\/deliciaspersas.com\/en\/\",\"name\":\"Delicias Persas\",\"description\":\"Gastronom&iacute;a persa al alcance de tus manos\",\"publisher\":{\"@id\":\"https:\/\/deliciaspersas.com\/en\/#organization\"},\"potentialAction\":[{\"@type\":\"SearchAction\",\"target\":{\"@type\":\"EntryPoint\",\"urlTemplate\":\"https:\/\/deliciaspersas.com\/en\/?s={search_term_string}\"},\"query-input\":{\"@type\":\"PropertyValueSpecification\",\"valueRequired\":true,\"valueName\":\"search_term_string\"}}],\"inLanguage\":\"en-US\"},{\"@type\":\"Organization\",\"@id\":\"https:\/\/deliciaspersas.com\/en\/#organization\",\"name\":\"Delicias Persas\",\"url\":\"https:\/\/deliciaspersas.com\/en\/\",\"logo\":{\"@type\":\"ImageObject\",\"inLanguage\":\"en-US\",\"@id\":\"https:\/\/deliciaspersas.com\/en\/#\/schema\/logo\/image\/\",\"url\":\"https:\/\/deliciaspersas.com\/wp-content\/uploads\/2020\/07\/logo-2020.png\",\"contentUrl\":\"https:\/\/deliciaspersas.com\/wp-content\/uploads\/2020\/07\/logo-2020.png\",\"width\":520,\"height\":490,\"caption\":\"Delicias Persas\"},\"image\":{\"@id\":\"https:\/\/deliciaspersas.com\/en\/#\/schema\/logo\/image\/\"},\"sameAs\":[\"https:\/\/www.facebook.com\/Deliciaspersas\",\"https:\/\/www.instagram.com\/delicias_persas\/\",\"https:\/\/www.linkedin.com\/delicias-persas\"]}]}<\/script>\n<!-- \/ Yoast SEO plugin. -->","yoast_head_json":{"title":"Lima en polvo Limoo 100g Granel - Delicias Persas","description":"La lima en polvo es un condimento esencial en la cocina persa. Dale un sabor especial a todos tus platos, frescura y sabor.","robots":{"index":"index","follow":"follow","max-snippet":"max-snippet:-1","max-image-preview":"max-image-preview:large","max-video-preview":"max-video-preview:-1"},"canonical":"https:\/\/deliciaspersas.com\/en\/tienda\/especias\/lima-en-polvo-limoo-100g-granel\/","og_locale":"en_US","og_type":"article","og_title":"Lima en polvo Limoo 100g Granel - Delicias Persas","og_description":"La lima en polvo es un condimento esencial en la cocina persa. Dale un sabor especial a todos tus platos, frescura y sabor.","og_url":"https:\/\/deliciaspersas.com\/en\/tienda\/especias\/lima-en-polvo-limoo-100g-granel\/","og_site_name":"Delicias Persas","article_publisher":"https:\/\/www.facebook.com\/Deliciaspersas","article_modified_time":"2025-01-04T11:34:21+00:00","og_image":[{"width":1306,"height":1199,"url":"https:\/\/deliciaspersas.com\/wp-content\/uploads\/220431989786833.jpg","type":"image\/jpeg"}],"twitter_card":"summary_large_image","twitter_misc":{"Est. reading time":"2 minutes"},"schema":{"@context":"https:\/\/schema.org","@graph":[{"@type":"WebPage","@id":"https:\/\/deliciaspersas.com\/en\/tienda\/especias\/lima-en-polvo-limoo-100g-granel\/","url":"https:\/\/deliciaspersas.com\/en\/tienda\/especias\/lima-en-polvo-limoo-100g-granel\/","name":"Lima en polvo Limoo 100g Granel - Delicias Persas","isPartOf":{"@id":"https:\/\/deliciaspersas.com\/en\/#website"},"primaryImageOfPage":{"@id":"https:\/\/deliciaspersas.com\/en\/tienda\/especias\/lima-en-polvo-limoo-100g-granel\/#primaryimage"},"image":{"@id":"https:\/\/deliciaspersas.com\/en\/tienda\/especias\/lima-en-polvo-limoo-100g-granel\/#primaryimage"},"thumbnailUrl":"https:\/\/deliciaspersas.com\/wp-content\/uploads\/220431989786833.jpg","datePublished":"2020-12-24T09:40:34+00:00","dateModified":"2025-01-04T11:34:21+00:00","description":"La lima en polvo es un condimento esencial en la cocina persa. Dale un sabor especial a todos tus platos, frescura y sabor.","breadcrumb":{"@id":"https:\/\/deliciaspersas.com\/en\/tienda\/especias\/lima-en-polvo-limoo-100g-granel\/#breadcrumb"},"inLanguage":"en-US","potentialAction":[{"@type":"ReadAction","target":["https:\/\/deliciaspersas.com\/en\/tienda\/especias\/lima-en-polvo-limoo-100g-granel\/"]}]},{"@type":"ImageObject","inLanguage":"en-US","@id":"https:\/\/deliciaspersas.com\/en\/tienda\/especias\/lima-en-polvo-limoo-100g-granel\/#primaryimage","url":"https:\/\/deliciaspersas.com\/wp-content\/uploads\/220431989786833.jpg","contentUrl":"https:\/\/deliciaspersas.com\/wp-content\/uploads\/220431989786833.jpg","width":1306,"height":1199},{"@type":"BreadcrumbList","@id":"https:\/\/deliciaspersas.com\/en\/tienda\/especias\/lima-en-polvo-limoo-100g-granel\/#breadcrumb","itemListElement":[{"@type":"ListItem","position":1,"name":"Portada","item":"https:\/\/deliciaspersas.com\/en\/"},{"@type":"ListItem","position":2,"name":"Tienda","item":"https:\/\/deliciaspersas.com\/"},{"@type":"ListItem","position":3,"name":"Lima en polvo Limoo 100g Granel"}]},{"@type":"WebSite","@id":"https:\/\/deliciaspersas.com\/en\/#website","url":"https:\/\/deliciaspersas.com\/en\/","name":"Delicias Persas","description":"Gastronom&iacute;a persa al alcance de tus manos","publisher":{"@id":"https:\/\/deliciaspersas.com\/en\/#organization"},"potentialAction":[{"@type":"SearchAction","target":{"@type":"EntryPoint","urlTemplate":"https:\/\/deliciaspersas.com\/en\/?s={search_term_string}"},"query-input":{"@type":"PropertyValueSpecification","valueRequired":true,"valueName":"search_term_string"}}],"inLanguage":"en-US"},{"@type":"Organization","@id":"https:\/\/deliciaspersas.com\/en\/#organization","name":"Delicias Persas","url":"https:\/\/deliciaspersas.com\/en\/","logo":{"@type":"ImageObject","inLanguage":"en-US","@id":"https:\/\/deliciaspersas.com\/en\/#\/schema\/logo\/image\/","url":"https:\/\/deliciaspersas.com\/wp-content\/uploads\/2020\/07\/logo-2020.png","contentUrl":"https:\/\/deliciaspersas.com\/wp-content\/uploads\/2020\/07\/logo-2020.png","width":520,"height":490,"caption":"Delicias Persas"},"image":{"@id":"https:\/\/deliciaspersas.com\/en\/#\/schema\/logo\/image\/"},"sameAs":["https:\/\/www.facebook.com\/Deliciaspersas","https:\/\/www.instagram.com\/delicias_persas\/","https:\/\/www.linkedin.com\/delicias-persas"]}]}},"uagb_featured_image_src":{"full":["https:\/\/deliciaspersas.com\/wp-content\/uploads\/220431989786833.jpg",1306,1199,false],"thumbnail":["https:\/\/deliciaspersas.com\/wp-content\/uploads\/220431989786833-150x150.jpg",150,150,true],"medium":["https:\/\/deliciaspersas.com\/wp-content\/uploads\/220431989786833-300x275.jpg",300,275,true],"medium_large":["https:\/\/deliciaspersas.com\/wp-content\/uploads\/220431989786833-768x705.jpg",768,705,true],"large":["https:\/\/deliciaspersas.com\/wp-content\/uploads\/220431989786833-1024x940.jpg",1024,940,true],"1536x1536":["https:\/\/deliciaspersas.com\/wp-content\/uploads\/220431989786833.jpg",1306,1199,false],"2048x2048":["https:\/\/deliciaspersas.com\/wp-content\/uploads\/220431989786833.jpg",1306,1199,false],"woocommerce_thumbnail":["https:\/\/deliciaspersas.com\/wp-content\/uploads\/220431989786833-300x300.jpg",300,300,true],"woocommerce_single":["https:\/\/deliciaspersas.com\/wp-content\/uploads\/220431989786833-600x551.jpg",600,551,true],"woocommerce_gallery_thumbnail":["https:\/\/deliciaspersas.com\/wp-content\/uploads\/220431989786833-100x100.jpg",100,100,true]},"uagb_author_info":{"display_name":"admin","author_link":"https:\/\/deliciaspersas.com\/en\/author\/"},"uagb_comment_info":0,"uagb_excerpt":"Lima en polvo Limoo 100g Granel Informaci\u00f3n del producto: Su consumo habitual puede ayudar a hacer mejor la digesti\u00f3n, a absorber mejor los nutrientes de los alimentos, y tambi\u00e9n optimiza las funciones del p\u00e1ncreas y del h\u00edgado. El lima posee un alto valor nutritivo y contiene muy pocas calor\u00edas. 28 gramos contienen 42 calor\u00edas, y&hellip;","brands":[{"id":42,"name":"Anjoman","slug":"anjoman"}],"_links":{"self":[{"href":"https:\/\/deliciaspersas.com\/en\/wp-json\/wp\/v2\/product\/5744"}],"collection":[{"href":"https:\/\/deliciaspersas.com\/en\/wp-json\/wp\/v2\/product"}],"about":[{"href":"https:\/\/deliciaspersas.com\/en\/wp-json\/wp\/v2\/types\/product"}],"wp:featuredmedia":[{"embeddable":true,"href":"https:\/\/deliciaspersas.com\/en\/wp-json\/wp\/v2\/media\/13685"}],"wp:attachment":[{"href":"https:\/\/deliciaspersas.com\/en\/wp-json\/wp\/v2\/media?parent=5744"}],"wp:term":[{"taxonomy":"pwb-brand","embeddable":true,"href":"https:\/\/deliciaspersas.com\/en\/wp-json\/wp\/v2\/pwb-brand?post=5744"},{"taxonomy":"product_cat","embeddable":true,"href":"https:\/\/deliciaspersas.com\/en\/wp-json\/wp\/v2\/product_cat?post=5744"},{"taxonomy":"product_tag","embeddable":true,"href":"https:\/\/deliciaspersas.com\/en\/wp-json\/wp\/v2\/product_tag?post=5744"}],"curies":[{"name":"wp","href":"https:\/\/api.w.org\/{rel}","templated":true}]}}