{"id":5793,"date":"2020-12-28T11:57:08","date_gmt":"2020-12-28T10:57:08","guid":{"rendered":"https:\/\/deliciaspersas.com\/?post_type=product&#038;p=5793"},"modified":"2024-07-12T14:00:37","modified_gmt":"2024-07-12T12:00:37","slug":"dulces-persas-zoolbia-500g-dayan","status":"publish","type":"product","link":"https:\/\/deliciaspersas.com\/en\/tienda\/delicias-dulces\/dulces-persas-zoolbia-500g-dayan\/","title":{"rendered":"Dulces persas Zoolbia  500g Dayan"},"content":{"rendered":"<h1>Dulces persas Zoolbia Bamieh 500g Dayan<\/h1>\n<h6>Informaci\u00f3n del producto:<\/h6>\n<p>Zoolbia es un dulce con una textura similar a los churros, pero m\u00e1s dulce ya que van recubiertos de az\u00facar caramelizado. Bamieh es similar a una d\u00f3nut. \u200b Es hecha de yogur y una masa a base de almid\u00f3n, que se fr\u00ede antes de ser sumergida en jarabe. Estos dulces son t\u00edpicos y<span style=\"font-size: 16px; font-style: normal; font-weight: 400;\"> tradicionales\u200b en Ir\u00e1n y Turqu\u00eda. Este elimento <\/span><span style=\"font-size: 16px;\">dulce normalmente se disfruta despu\u00e9s de la conclusi\u00f3n del ayuno del Ramad\u00e1n o <\/span>en fechas pr\u00f3ximas al a\u00f1o nuevo. Es un producto perfecto para compartirlo con amigos o familiares.<\/p>\n<h6>Usos:<\/h6>\n<p>Perfecto para merendar, desayunar o tomar de postre.<\/p>\n<p><strong>Ingredientes y al\u00e9rgenos:<\/strong><\/p>\n<p>Harina, levadura, az\u00facar, endulzantes, huevos, azafr\u00e1n y derivados.<\/p>\n<h6>Preparaci\u00f3n:<\/h6>\n<p>Ingredientes:<\/p>\n<p>Para el jarabe de Zoolbia y Bamieh: az\u00facar, agua de rosas, jugo de lim\u00f3n y azafr\u00e1n elaborado.<\/p>\n<p>Para la masa: yogur, almid\u00f3n, polvo o aceite de cardamomo, mantequilla, agua de rosas, aceite, harina blanca, y bicarbonato de sodio.<\/p>\n<p>Receta:<\/p>\n<p>Para preparar el jarabe de Zoolbia y Bamieh, primero hay que verter el agua en una olla peque\u00f1a y ponerlo al fuego, despu\u00e9s hay que agregar el az\u00facar al agua y revolverlo regularmente hasta que el az\u00facar se disuelva completamente en el agua, y al final se echa el azafr\u00e1n y el jugo de lim\u00f3n. Y agregamos el agua de rosas. En este momento, siempre revolviendo, se espera hasta que los ingredientes se mezclan bien y toman un espesor adecuado. Despu\u00e9s de que el alm\u00edbar espese, se lo retiran del fuego y lo dejan a un lado para que se enfr\u00ede, y si es necesario se colocan en la nevera para enfriarlo mejor.<\/p>\n<p>Despu\u00e9s se hace la masa y se enfr\u00ede en el aceite y se reba\u00f1a en el jarabe anteriormente ense\u00f1ado.<\/p>\n<h6>Condiciones de conservaci\u00f3n:<\/h6>\n<p>Conservar en un lugar fresco, seco y protegido de la luz.<\/p>\n<h6>Informaci\u00f3n adicional:<\/h6>\n<p>Fabricado por: DayanFar Foods SL<\/p>\n<p>Calle Electrodo 66, N53,<\/p>\n<p>Rivas-vaciamadrid, 28522,<\/p>\n<p>Madrid, Espa\u00f1a<\/p>\n","protected":false},"excerpt":{"rendered":"<p>Dulces persas Zoolbia Bamieh 500g Dayan Informaci\u00f3n del producto: Zoolbia es un dulce con una textura similar a los churros, pero m\u00e1s dulce ya que van recubiertos de az\u00facar caramelizado. Bamieh es similar a una d\u00f3nut. \u200b Es hecha de yogur y una masa a base de almid\u00f3n, que se fr\u00ede antes de ser sumergida [&hellip;]<\/p>\n","protected":false},"featured_media":5794,"template":"","meta":{"_surecart_dashboard_logo_width":"180px","_surecart_dashboard_show_logo":true,"_surecart_dashboard_navigation_orders":true,"_surecart_dashboard_navigation_invoices":true,"_surecart_dashboard_navigation_subscriptions":true,"_surecart_dashboard_navigation_downloads":true,"_surecart_dashboard_navigation_billing":true,"_surecart_dashboard_navigation_account":true,"_uag_custom_page_level_css":"","site-sidebar-layout":"default","site-content-layout":"default","ast-site-content-layout":"default","site-content-style":"default","site-sidebar-style":"default","ast-global-header-display":"","ast-banner-title-visibility":"","ast-main-header-display":"","ast-hfb-above-header-display":"","ast-hfb-below-header-display":"","ast-hfb-mobile-header-display":"","site-post-title":"","ast-breadcrumbs-content":"","ast-featured-img":"","footer-sml-layout":"","theme-transparent-header-meta":"default","adv-header-id-meta":"","stick-header-meta":"","header-above-stick-meta":"","header-main-stick-meta":"","header-below-stick-meta":"","astra-migrate-meta-layouts":"set","ast-page-background-enabled":"default","ast-page-background-meta":{"desktop":{"background-color":"","background-image":"","background-repeat":"repeat","background-position":"center center","background-size":"auto","background-attachment":"scroll","background-type":"","background-media":"","overlay-type":"","overlay-color":"","overlay-opacity":"","overlay-gradient":""},"tablet":{"background-color":"","background-image":"","background-repeat":"repeat","background-position":"center center","background-size":"auto","background-attachment":"scroll","background-type":"","background-media":"","overlay-type":"","overlay-color":"","overlay-opacity":"","overlay-gradient":""},"mobile":{"background-color":"","background-image":"","background-repeat":"repeat","background-position":"center center","background-size":"auto","background-attachment":"scroll","background-type":"","background-media":"","overlay-type":"","overlay-color":"","overlay-opacity":"","overlay-gradient":""}},"ast-content-background-meta":{"desktop":{"background-color":"var(--ast-global-color-5)","background-image":"","background-repeat":"repeat","background-position":"center center","background-size":"auto","background-attachment":"scroll","background-type":"","background-media":"","overlay-type":"","overlay-color":"","overlay-opacity":"","overlay-gradient":""},"tablet":{"background-color":"var(--ast-global-color-5)","background-image":"","background-repeat":"repeat","background-position":"center center","background-size":"auto","background-attachment":"scroll","background-type":"","background-media":"","overlay-type":"","overlay-color":"","overlay-opacity":"","overlay-gradient":""},"mobile":{"background-color":"var(--ast-global-color-5)","background-image":"","background-repeat":"repeat","background-position":"center center","background-size":"auto","background-attachment":"scroll","background-type":"","background-media":"","overlay-type":"","overlay-color":"","overlay-opacity":"","overlay-gradient":""}}},"pwb-brand":[113],"product_cat":[31,36],"product_tag":[622,618,621,348,293,279,623,624,291],"class_list":{"0":"post-5793","1":"product","2":"type-product","3":"status-publish","4":"has-post-thumbnail","6":"pwb-brand-dayan-2","7":"product_cat-delicias-dulces","8":"product_cat-desayuno","9":"product_tag-bamie","10":"product_tag-dulces","11":"product_tag-zolbia","12":"product_tag-348","13":"product_tag-293","14":"product_tag-279","15":"product_tag-623","16":"product_tag-624","17":"product_tag-291","18":"desktop-align-center","19":"tablet-align-center","20":"mobile-align-center","22":"first","23":"outofstock","24":"taxable","25":"shipping-taxable","26":"purchasable","27":"product-type-simple"},"yoast_head":"<!-- This site is optimized with the Yoast SEO plugin v23.6 - https:\/\/yoast.com\/wordpress\/plugins\/seo\/ -->\n<title>Dulces persas Zoolbia 500g Dayan - Delicias Persas<\/title>\n<meta name=\"description\" content=\"Zoolbia Bamieh. T\u00edpico dulce persa, con una textura similar a los churros, pero m\u00e1s dulce ya que van recubiertos de az\u00facar caramelizado....\" \/>\n<meta name=\"robots\" content=\"index, follow, max-snippet:-1, max-image-preview:large, max-video-preview:-1\" \/>\n<link rel=\"canonical\" href=\"https:\/\/deliciaspersas.com\/en\/tienda\/delicias-dulces\/dulces-persas-zoolbia-500g-dayan\/\" \/>\n<meta property=\"og:locale\" content=\"en_US\" \/>\n<meta property=\"og:type\" content=\"article\" \/>\n<meta property=\"og:title\" content=\"Dulces persas Zoolbia 500g Dayan - Delicias Persas\" \/>\n<meta property=\"og:description\" content=\"Zoolbia Bamieh. T\u00edpico dulce persa, con una textura similar a los churros, pero m\u00e1s dulce ya que van recubiertos de az\u00facar caramelizado....\" \/>\n<meta property=\"og:url\" content=\"https:\/\/deliciaspersas.com\/en\/tienda\/delicias-dulces\/dulces-persas-zoolbia-500g-dayan\/\" \/>\n<meta property=\"og:site_name\" content=\"Delicias Persas\" \/>\n<meta property=\"article:publisher\" content=\"https:\/\/www.facebook.com\/Deliciaspersas\" \/>\n<meta property=\"article:modified_time\" content=\"2024-07-12T12:00:37+00:00\" \/>\n<meta property=\"og:image\" content=\"https:\/\/deliciaspersas.com\/wp-content\/uploads\/Dulces-persas-Zoolbia-Bamieh-500g-Dayan.jpg\" \/>\n\t<meta property=\"og:image:width\" content=\"760\" \/>\n\t<meta property=\"og:image:height\" content=\"760\" \/>\n\t<meta property=\"og:image:type\" content=\"image\/jpeg\" \/>\n<meta name=\"twitter:card\" content=\"summary_large_image\" \/>\n<meta name=\"twitter:label1\" content=\"Est. reading time\" \/>\n\t<meta name=\"twitter:data1\" content=\"2 minutes\" \/>\n<script type=\"application\/ld+json\" class=\"yoast-schema-graph\">{\"@context\":\"https:\/\/schema.org\",\"@graph\":[{\"@type\":\"WebPage\",\"@id\":\"https:\/\/deliciaspersas.com\/en\/tienda\/delicias-dulces\/dulces-persas-zoolbia-500g-dayan\/\",\"url\":\"https:\/\/deliciaspersas.com\/en\/tienda\/delicias-dulces\/dulces-persas-zoolbia-500g-dayan\/\",\"name\":\"Dulces persas Zoolbia 500g Dayan - Delicias Persas\",\"isPartOf\":{\"@id\":\"https:\/\/deliciaspersas.com\/en\/#website\"},\"primaryImageOfPage\":{\"@id\":\"https:\/\/deliciaspersas.com\/en\/tienda\/delicias-dulces\/dulces-persas-zoolbia-500g-dayan\/#primaryimage\"},\"image\":{\"@id\":\"https:\/\/deliciaspersas.com\/en\/tienda\/delicias-dulces\/dulces-persas-zoolbia-500g-dayan\/#primaryimage\"},\"thumbnailUrl\":\"https:\/\/deliciaspersas.com\/wp-content\/uploads\/Dulces-persas-Zoolbia-Bamieh-500g-Dayan.jpg\",\"datePublished\":\"2020-12-28T10:57:08+00:00\",\"dateModified\":\"2024-07-12T12:00:37+00:00\",\"description\":\"Zoolbia Bamieh. T\u00edpico dulce persa, con una textura similar a los churros, pero m\u00e1s dulce ya que van recubiertos de az\u00facar caramelizado....\",\"breadcrumb\":{\"@id\":\"https:\/\/deliciaspersas.com\/en\/tienda\/delicias-dulces\/dulces-persas-zoolbia-500g-dayan\/#breadcrumb\"},\"inLanguage\":\"en-US\",\"potentialAction\":[{\"@type\":\"ReadAction\",\"target\":[\"https:\/\/deliciaspersas.com\/en\/tienda\/delicias-dulces\/dulces-persas-zoolbia-500g-dayan\/\"]}]},{\"@type\":\"ImageObject\",\"inLanguage\":\"en-US\",\"@id\":\"https:\/\/deliciaspersas.com\/en\/tienda\/delicias-dulces\/dulces-persas-zoolbia-500g-dayan\/#primaryimage\",\"url\":\"https:\/\/deliciaspersas.com\/wp-content\/uploads\/Dulces-persas-Zoolbia-Bamieh-500g-Dayan.jpg\",\"contentUrl\":\"https:\/\/deliciaspersas.com\/wp-content\/uploads\/Dulces-persas-Zoolbia-Bamieh-500g-Dayan.jpg\",\"width\":760,\"height\":760,\"caption\":\"Dulces persas Zoolbia Bamieh 500g Dayan\"},{\"@type\":\"BreadcrumbList\",\"@id\":\"https:\/\/deliciaspersas.com\/en\/tienda\/delicias-dulces\/dulces-persas-zoolbia-500g-dayan\/#breadcrumb\",\"itemListElement\":[{\"@type\":\"ListItem\",\"position\":1,\"name\":\"Portada\",\"item\":\"https:\/\/deliciaspersas.com\/en\/\"},{\"@type\":\"ListItem\",\"position\":2,\"name\":\"Tienda\",\"item\":\"https:\/\/deliciaspersas.com\/\"},{\"@type\":\"ListItem\",\"position\":3,\"name\":\"Dulces persas Zoolbia 500g Dayan\"}]},{\"@type\":\"WebSite\",\"@id\":\"https:\/\/deliciaspersas.com\/en\/#website\",\"url\":\"https:\/\/deliciaspersas.com\/en\/\",\"name\":\"Delicias Persas\",\"description\":\"Gastronom&iacute;a persa al alcance de tus manos\",\"publisher\":{\"@id\":\"https:\/\/deliciaspersas.com\/en\/#organization\"},\"potentialAction\":[{\"@type\":\"SearchAction\",\"target\":{\"@type\":\"EntryPoint\",\"urlTemplate\":\"https:\/\/deliciaspersas.com\/en\/?s={search_term_string}\"},\"query-input\":{\"@type\":\"PropertyValueSpecification\",\"valueRequired\":true,\"valueName\":\"search_term_string\"}}],\"inLanguage\":\"en-US\"},{\"@type\":\"Organization\",\"@id\":\"https:\/\/deliciaspersas.com\/en\/#organization\",\"name\":\"Delicias Persas\",\"url\":\"https:\/\/deliciaspersas.com\/en\/\",\"logo\":{\"@type\":\"ImageObject\",\"inLanguage\":\"en-US\",\"@id\":\"https:\/\/deliciaspersas.com\/en\/#\/schema\/logo\/image\/\",\"url\":\"https:\/\/deliciaspersas.com\/wp-content\/uploads\/2020\/07\/logo-2020.png\",\"contentUrl\":\"https:\/\/deliciaspersas.com\/wp-content\/uploads\/2020\/07\/logo-2020.png\",\"width\":520,\"height\":490,\"caption\":\"Delicias Persas\"},\"image\":{\"@id\":\"https:\/\/deliciaspersas.com\/en\/#\/schema\/logo\/image\/\"},\"sameAs\":[\"https:\/\/www.facebook.com\/Deliciaspersas\",\"https:\/\/www.instagram.com\/delicias_persas\/\",\"https:\/\/www.linkedin.com\/delicias-persas\"]}]}<\/script>\n<!-- \/ Yoast SEO plugin. -->","yoast_head_json":{"title":"Dulces persas Zoolbia 500g Dayan - Delicias Persas","description":"Zoolbia Bamieh. T\u00edpico dulce persa, con una textura similar a los churros, pero m\u00e1s dulce ya que van recubiertos de az\u00facar caramelizado....","robots":{"index":"index","follow":"follow","max-snippet":"max-snippet:-1","max-image-preview":"max-image-preview:large","max-video-preview":"max-video-preview:-1"},"canonical":"https:\/\/deliciaspersas.com\/en\/tienda\/delicias-dulces\/dulces-persas-zoolbia-500g-dayan\/","og_locale":"en_US","og_type":"article","og_title":"Dulces persas Zoolbia 500g Dayan - Delicias Persas","og_description":"Zoolbia Bamieh. T\u00edpico dulce persa, con una textura similar a los churros, pero m\u00e1s dulce ya que van recubiertos de az\u00facar caramelizado....","og_url":"https:\/\/deliciaspersas.com\/en\/tienda\/delicias-dulces\/dulces-persas-zoolbia-500g-dayan\/","og_site_name":"Delicias Persas","article_publisher":"https:\/\/www.facebook.com\/Deliciaspersas","article_modified_time":"2024-07-12T12:00:37+00:00","og_image":[{"width":760,"height":760,"url":"https:\/\/deliciaspersas.com\/wp-content\/uploads\/Dulces-persas-Zoolbia-Bamieh-500g-Dayan.jpg","type":"image\/jpeg"}],"twitter_card":"summary_large_image","twitter_misc":{"Est. reading time":"2 minutes"},"schema":{"@context":"https:\/\/schema.org","@graph":[{"@type":"WebPage","@id":"https:\/\/deliciaspersas.com\/en\/tienda\/delicias-dulces\/dulces-persas-zoolbia-500g-dayan\/","url":"https:\/\/deliciaspersas.com\/en\/tienda\/delicias-dulces\/dulces-persas-zoolbia-500g-dayan\/","name":"Dulces persas Zoolbia 500g Dayan - Delicias Persas","isPartOf":{"@id":"https:\/\/deliciaspersas.com\/en\/#website"},"primaryImageOfPage":{"@id":"https:\/\/deliciaspersas.com\/en\/tienda\/delicias-dulces\/dulces-persas-zoolbia-500g-dayan\/#primaryimage"},"image":{"@id":"https:\/\/deliciaspersas.com\/en\/tienda\/delicias-dulces\/dulces-persas-zoolbia-500g-dayan\/#primaryimage"},"thumbnailUrl":"https:\/\/deliciaspersas.com\/wp-content\/uploads\/Dulces-persas-Zoolbia-Bamieh-500g-Dayan.jpg","datePublished":"2020-12-28T10:57:08+00:00","dateModified":"2024-07-12T12:00:37+00:00","description":"Zoolbia Bamieh. T\u00edpico dulce persa, con una textura similar a los churros, pero m\u00e1s dulce ya que van recubiertos de az\u00facar caramelizado....","breadcrumb":{"@id":"https:\/\/deliciaspersas.com\/en\/tienda\/delicias-dulces\/dulces-persas-zoolbia-500g-dayan\/#breadcrumb"},"inLanguage":"en-US","potentialAction":[{"@type":"ReadAction","target":["https:\/\/deliciaspersas.com\/en\/tienda\/delicias-dulces\/dulces-persas-zoolbia-500g-dayan\/"]}]},{"@type":"ImageObject","inLanguage":"en-US","@id":"https:\/\/deliciaspersas.com\/en\/tienda\/delicias-dulces\/dulces-persas-zoolbia-500g-dayan\/#primaryimage","url":"https:\/\/deliciaspersas.com\/wp-content\/uploads\/Dulces-persas-Zoolbia-Bamieh-500g-Dayan.jpg","contentUrl":"https:\/\/deliciaspersas.com\/wp-content\/uploads\/Dulces-persas-Zoolbia-Bamieh-500g-Dayan.jpg","width":760,"height":760,"caption":"Dulces persas Zoolbia Bamieh 500g Dayan"},{"@type":"BreadcrumbList","@id":"https:\/\/deliciaspersas.com\/en\/tienda\/delicias-dulces\/dulces-persas-zoolbia-500g-dayan\/#breadcrumb","itemListElement":[{"@type":"ListItem","position":1,"name":"Portada","item":"https:\/\/deliciaspersas.com\/en\/"},{"@type":"ListItem","position":2,"name":"Tienda","item":"https:\/\/deliciaspersas.com\/"},{"@type":"ListItem","position":3,"name":"Dulces persas Zoolbia 500g Dayan"}]},{"@type":"WebSite","@id":"https:\/\/deliciaspersas.com\/en\/#website","url":"https:\/\/deliciaspersas.com\/en\/","name":"Delicias Persas","description":"Gastronom&iacute;a persa al alcance de tus manos","publisher":{"@id":"https:\/\/deliciaspersas.com\/en\/#organization"},"potentialAction":[{"@type":"SearchAction","target":{"@type":"EntryPoint","urlTemplate":"https:\/\/deliciaspersas.com\/en\/?s={search_term_string}"},"query-input":{"@type":"PropertyValueSpecification","valueRequired":true,"valueName":"search_term_string"}}],"inLanguage":"en-US"},{"@type":"Organization","@id":"https:\/\/deliciaspersas.com\/en\/#organization","name":"Delicias Persas","url":"https:\/\/deliciaspersas.com\/en\/","logo":{"@type":"ImageObject","inLanguage":"en-US","@id":"https:\/\/deliciaspersas.com\/en\/#\/schema\/logo\/image\/","url":"https:\/\/deliciaspersas.com\/wp-content\/uploads\/2020\/07\/logo-2020.png","contentUrl":"https:\/\/deliciaspersas.com\/wp-content\/uploads\/2020\/07\/logo-2020.png","width":520,"height":490,"caption":"Delicias Persas"},"image":{"@id":"https:\/\/deliciaspersas.com\/en\/#\/schema\/logo\/image\/"},"sameAs":["https:\/\/www.facebook.com\/Deliciaspersas","https:\/\/www.instagram.com\/delicias_persas\/","https:\/\/www.linkedin.com\/delicias-persas"]}]}},"uagb_featured_image_src":{"full":["https:\/\/deliciaspersas.com\/wp-content\/uploads\/Dulces-persas-Zoolbia-Bamieh-500g-Dayan.jpg",760,760,false],"thumbnail":["https:\/\/deliciaspersas.com\/wp-content\/uploads\/Dulces-persas-Zoolbia-Bamieh-500g-Dayan-150x150.jpg",150,150,true],"medium":["https:\/\/deliciaspersas.com\/wp-content\/uploads\/Dulces-persas-Zoolbia-Bamieh-500g-Dayan-300x300.jpg",300,300,true],"medium_large":["https:\/\/deliciaspersas.com\/wp-content\/uploads\/Dulces-persas-Zoolbia-Bamieh-500g-Dayan.jpg",760,760,false],"large":["https:\/\/deliciaspersas.com\/wp-content\/uploads\/Dulces-persas-Zoolbia-Bamieh-500g-Dayan.jpg",760,760,false],"1536x1536":["https:\/\/deliciaspersas.com\/wp-content\/uploads\/Dulces-persas-Zoolbia-Bamieh-500g-Dayan.jpg",760,760,false],"2048x2048":["https:\/\/deliciaspersas.com\/wp-content\/uploads\/Dulces-persas-Zoolbia-Bamieh-500g-Dayan.jpg",760,760,false],"woocommerce_thumbnail":["https:\/\/deliciaspersas.com\/wp-content\/uploads\/Dulces-persas-Zoolbia-Bamieh-500g-Dayan-300x300.jpg",300,300,true],"woocommerce_single":["https:\/\/deliciaspersas.com\/wp-content\/uploads\/Dulces-persas-Zoolbia-Bamieh-500g-Dayan-600x600.jpg",600,600,true],"woocommerce_gallery_thumbnail":["https:\/\/deliciaspersas.com\/wp-content\/uploads\/Dulces-persas-Zoolbia-Bamieh-500g-Dayan-100x100.jpg",100,100,true]},"uagb_author_info":{"display_name":"admin","author_link":"https:\/\/deliciaspersas.com\/en\/author\/"},"uagb_comment_info":0,"uagb_excerpt":"Dulces persas Zoolbia Bamieh 500g Dayan Informaci\u00f3n del producto: Zoolbia es un dulce con una textura similar a los churros, pero m\u00e1s dulce ya que van recubiertos de az\u00facar caramelizado. Bamieh es similar a una d\u00f3nut. \u200b Es hecha de yogur y una masa a base de almid\u00f3n, que se fr\u00ede antes de ser sumergida&hellip;","brands":[{"id":113,"name":"Dayan","slug":"dayan-2"}],"_links":{"self":[{"href":"https:\/\/deliciaspersas.com\/en\/wp-json\/wp\/v2\/product\/5793"}],"collection":[{"href":"https:\/\/deliciaspersas.com\/en\/wp-json\/wp\/v2\/product"}],"about":[{"href":"https:\/\/deliciaspersas.com\/en\/wp-json\/wp\/v2\/types\/product"}],"wp:featuredmedia":[{"embeddable":true,"href":"https:\/\/deliciaspersas.com\/en\/wp-json\/wp\/v2\/media\/5794"}],"wp:attachment":[{"href":"https:\/\/deliciaspersas.com\/en\/wp-json\/wp\/v2\/media?parent=5793"}],"wp:term":[{"taxonomy":"pwb-brand","embeddable":true,"href":"https:\/\/deliciaspersas.com\/en\/wp-json\/wp\/v2\/pwb-brand?post=5793"},{"taxonomy":"product_cat","embeddable":true,"href":"https:\/\/deliciaspersas.com\/en\/wp-json\/wp\/v2\/product_cat?post=5793"},{"taxonomy":"product_tag","embeddable":true,"href":"https:\/\/deliciaspersas.com\/en\/wp-json\/wp\/v2\/product_tag?post=5793"}],"curies":[{"name":"wp","href":"https:\/\/api.w.org\/{rel}","templated":true}]}}