{"id":5814,"date":"2020-12-29T12:59:27","date_gmt":"2020-12-29T11:59:27","guid":{"rendered":"https:\/\/deliciaspersas.com\/?post_type=product&#038;p=5814"},"modified":"2022-03-14T11:09:55","modified_gmt":"2022-03-14T10:09:55","slug":"ciruela-negra-deshidratada-200g-anjoman-2","status":"publish","type":"product","link":"https:\/\/deliciaspersas.com\/en\/tienda\/frutas\/ciruela-negra-deshidratada-200g-anjoman-2\/","title":{"rendered":"Ciruela negra deshidratada 200g Anjoman"},"content":{"rendered":"<h1>Ciruela deshidratada negra 200g Anjoman<\/h1>\n<h6>Informaci\u00f3n del producto:<\/h6>\n<p>Ciruela negra deshidratada.<\/p>\n<p>puede convertirse en el mejor alimento para las personas con\u00a0osteoporosis\u00a0e incluso prevenir el\u00a0c\u00e1ncer de colon, adem\u00e1s de nutrirnos gracias a su gran aporte de\u00a0minerales\u00a0y vitaminas.<\/p>\n<h6>Usos:<\/h6>\n<p>Principalmente se usa en guisos por su sabor caracter\u00edstico y fuerte. Otro uso puede ser como merienda o en el tentempi\u00e9, tambi\u00e9n puede ser usado en las ensaladas de fruta.<\/p>\n<h6>Beneficios:<\/h6>\n<p>Las ciruelas deshidratadas son una excelente fuente de fibra. De hecho en 100 grs. de la fruta hay 6.1 grs. de fibra. \u00c9stas, junto con el jugo de ciruelas, contienen sorbitol, un suave estimulante del colon que ayuda a reducir el tiempo en el tr\u00e1nsito intestinal, el c\u00e1ncer colorectal y las hemorroides.<\/p>\n<p>Adem\u00e1s, este alimento nos aporta potasio, magnesio, boro, manganeso, cobre y hierro, as\u00ed comovitaminas A y K, todos ellos de una importancia capital para nuestra salud \u00f3sea. Estas ciruelas negras deshidratadas alivia la constipaci\u00f3n, previene el envejecimiento prematuro, promueve la salud cardiovascular, a lo que se suma un gran poder antioxidante. Tambi\u00e9n contienen boro, mineral que puede ayudar a construir huesos y m\u00fasculos fuertes. <span lang=\"ES\">Otro de los beneficios de estos ciruelas negras deshidratadas es que ayuda a reducir los niveles de colesterol, pues son una fuente importante de antioxidantes. Un estudio <\/span><span lang=\"ES\">hecho por la Revista Brit\u00e1nica de Nutrici\u00f3n menciona que los antioxidantes junto con la fibra soluble que contiene la ciruela negra puede ayudar a reducir los niveles de colesterol, adem\u00e1s\u00a0 retrasa el desarrollo de la arterosclerosis.<\/span> Finalmente, este fruto es ideal cuando necesitamos un aporte extra de energ\u00eda r\u00e1pida, gracias a su alt\u00edsimo contenido en az\u00facares (hidratos de carbono simples).<\/p>\n<h6>Ingredientes y al\u00e9rgenos:<\/h6>\n<p>Ciruela negra deshidratada.<\/p>\n<h6>Condiciones de conservaci\u00f3n:<\/h6>\n<p>Conservar en un lugar fresco, seco y protegido de la luz.<\/p>\n<h6>Informaci\u00f3n adicional:<\/h6>\n<p>Fabricado por: Anjoman<\/p>\n<p>14 Premier Park Road<br \/>\nPark Royal<br \/>\nLondon NW10 7NZ<\/p>\n","protected":false},"excerpt":{"rendered":"<p>Ciruela deshidratada negra 200g Anjoman Informaci\u00f3n del producto: Ciruela negra deshidratada. puede convertirse en el mejor alimento para las personas con\u00a0osteoporosis\u00a0e incluso prevenir el\u00a0c\u00e1ncer de colon, adem\u00e1s de nutrirnos gracias a su gran aporte de\u00a0minerales\u00a0y vitaminas. Usos: Principalmente se usa en guisos por su sabor caracter\u00edstico y fuerte. Otro uso puede ser como merienda o [&hellip;]<\/p>\n","protected":false},"featured_media":5831,"template":"","meta":{"_surecart_dashboard_logo_width":"180px","_surecart_dashboard_show_logo":true,"_surecart_dashboard_navigation_orders":true,"_surecart_dashboard_navigation_invoices":true,"_surecart_dashboard_navigation_subscriptions":true,"_surecart_dashboard_navigation_downloads":true,"_surecart_dashboard_navigation_billing":true,"_surecart_dashboard_navigation_account":true,"_uag_custom_page_level_css":"","site-sidebar-layout":"default","site-content-layout":"default","ast-site-content-layout":"","site-content-style":"default","site-sidebar-style":"default","ast-global-header-display":"","ast-banner-title-visibility":"","ast-main-header-display":"","ast-hfb-above-header-display":"","ast-hfb-below-header-display":"","ast-hfb-mobile-header-display":"","site-post-title":"","ast-breadcrumbs-content":"","ast-featured-img":"","footer-sml-layout":"","theme-transparent-header-meta":"default","adv-header-id-meta":"","stick-header-meta":"","header-above-stick-meta":"","header-main-stick-meta":"","header-below-stick-meta":"","astra-migrate-meta-layouts":"default","ast-page-background-enabled":"default","ast-page-background-meta":{"desktop":{"background-color":"","background-image":"","background-repeat":"repeat","background-position":"center center","background-size":"auto","background-attachment":"scroll","background-type":"","background-media":"","overlay-type":"","overlay-color":"","overlay-opacity":"","overlay-gradient":""},"tablet":{"background-color":"","background-image":"","background-repeat":"repeat","background-position":"center center","background-size":"auto","background-attachment":"scroll","background-type":"","background-media":"","overlay-type":"","overlay-color":"","overlay-opacity":"","overlay-gradient":""},"mobile":{"background-color":"","background-image":"","background-repeat":"repeat","background-position":"center center","background-size":"auto","background-attachment":"scroll","background-type":"","background-media":"","overlay-type":"","overlay-color":"","overlay-opacity":"","overlay-gradient":""}},"ast-content-background-meta":{"desktop":{"background-color":"var(--ast-global-color-5)","background-image":"","background-repeat":"repeat","background-position":"center center","background-size":"auto","background-attachment":"scroll","background-type":"","background-media":"","overlay-type":"","overlay-color":"","overlay-opacity":"","overlay-gradient":""},"tablet":{"background-color":"var(--ast-global-color-5)","background-image":"","background-repeat":"repeat","background-position":"center center","background-size":"auto","background-attachment":"scroll","background-type":"","background-media":"","overlay-type":"","overlay-color":"","overlay-opacity":"","overlay-gradient":""},"mobile":{"background-color":"var(--ast-global-color-5)","background-image":"","background-repeat":"repeat","background-position":"center center","background-size":"auto","background-attachment":"scroll","background-type":"","background-media":"","overlay-type":"","overlay-color":"","overlay-opacity":"","overlay-gradient":""}}},"pwb-brand":[42],"product_cat":[33],"product_tag":[571,555,653,910],"class_list":{"0":"post-5814","1":"product","2":"type-product","3":"status-publish","4":"has-post-thumbnail","6":"pwb-brand-anjoman","7":"product_cat-frutas","8":"product_tag-ciruela","9":"product_tag-deshidratada","10":"product_tag-fruta-deshidratada","11":"product_tag-910","12":"desktop-align-center","13":"tablet-align-center","14":"mobile-align-center","16":"first","17":"outofstock","18":"taxable","19":"shipping-taxable","20":"purchasable","21":"product-type-simple"},"yoast_head":"<!-- This site is optimized with the Yoast SEO plugin v23.6 - https:\/\/yoast.com\/wordpress\/plugins\/seo\/ -->\n<title>Ciruela negra deshidratada 200g Anjoman - Delicias Persas<\/title>\n<meta name=\"description\" content=\"Ciruela negra deshidratada. En guisos o para acompa\u00f1ar cualquier momento del d\u00eda. Sabor esquisito, frescos y tiernos...\" \/>\n<meta name=\"robots\" content=\"index, follow, max-snippet:-1, max-image-preview:large, max-video-preview:-1\" \/>\n<link rel=\"canonical\" href=\"https:\/\/deliciaspersas.com\/en\/tienda\/frutas\/ciruela-negra-deshidratada-200g-anjoman-2\/\" \/>\n<meta property=\"og:locale\" content=\"en_US\" \/>\n<meta property=\"og:type\" content=\"article\" \/>\n<meta property=\"og:title\" content=\"Ciruela negra deshidratada 200g Anjoman - Delicias Persas\" \/>\n<meta property=\"og:description\" content=\"Ciruela negra deshidratada. En guisos o para acompa\u00f1ar cualquier momento del d\u00eda. Sabor esquisito, frescos y tiernos...\" \/>\n<meta property=\"og:url\" content=\"https:\/\/deliciaspersas.com\/en\/tienda\/frutas\/ciruela-negra-deshidratada-200g-anjoman-2\/\" \/>\n<meta property=\"og:site_name\" content=\"Delicias Persas\" \/>\n<meta property=\"article:publisher\" content=\"https:\/\/www.facebook.com\/Deliciaspersas\" \/>\n<meta property=\"article:modified_time\" content=\"2022-03-14T10:09:55+00:00\" \/>\n<meta property=\"og:image\" content=\"https:\/\/deliciaspersas.com\/wp-content\/uploads\/Ciruela-negra-deshidratada-200g-Anjoman.jpg\" \/>\n\t<meta property=\"og:image:width\" content=\"760\" \/>\n\t<meta property=\"og:image:height\" content=\"760\" \/>\n\t<meta property=\"og:image:type\" content=\"image\/jpeg\" \/>\n<meta name=\"twitter:card\" content=\"summary_large_image\" \/>\n<meta name=\"twitter:label1\" content=\"Est. reading time\" \/>\n\t<meta name=\"twitter:data1\" content=\"2 minutes\" \/>\n<script type=\"application\/ld+json\" class=\"yoast-schema-graph\">{\"@context\":\"https:\/\/schema.org\",\"@graph\":[{\"@type\":\"WebPage\",\"@id\":\"https:\/\/deliciaspersas.com\/en\/tienda\/frutas\/ciruela-negra-deshidratada-200g-anjoman-2\/\",\"url\":\"https:\/\/deliciaspersas.com\/en\/tienda\/frutas\/ciruela-negra-deshidratada-200g-anjoman-2\/\",\"name\":\"Ciruela negra deshidratada 200g Anjoman - Delicias Persas\",\"isPartOf\":{\"@id\":\"https:\/\/deliciaspersas.com\/en\/#website\"},\"primaryImageOfPage\":{\"@id\":\"https:\/\/deliciaspersas.com\/en\/tienda\/frutas\/ciruela-negra-deshidratada-200g-anjoman-2\/#primaryimage\"},\"image\":{\"@id\":\"https:\/\/deliciaspersas.com\/en\/tienda\/frutas\/ciruela-negra-deshidratada-200g-anjoman-2\/#primaryimage\"},\"thumbnailUrl\":\"https:\/\/deliciaspersas.com\/wp-content\/uploads\/Ciruela-negra-deshidratada-200g-Anjoman.jpg\",\"datePublished\":\"2020-12-29T11:59:27+00:00\",\"dateModified\":\"2022-03-14T10:09:55+00:00\",\"description\":\"Ciruela negra deshidratada. En guisos o para acompa\u00f1ar cualquier momento del d\u00eda. Sabor esquisito, frescos y tiernos...\",\"breadcrumb\":{\"@id\":\"https:\/\/deliciaspersas.com\/en\/tienda\/frutas\/ciruela-negra-deshidratada-200g-anjoman-2\/#breadcrumb\"},\"inLanguage\":\"en-US\",\"potentialAction\":[{\"@type\":\"ReadAction\",\"target\":[\"https:\/\/deliciaspersas.com\/en\/tienda\/frutas\/ciruela-negra-deshidratada-200g-anjoman-2\/\"]}]},{\"@type\":\"ImageObject\",\"inLanguage\":\"en-US\",\"@id\":\"https:\/\/deliciaspersas.com\/en\/tienda\/frutas\/ciruela-negra-deshidratada-200g-anjoman-2\/#primaryimage\",\"url\":\"https:\/\/deliciaspersas.com\/wp-content\/uploads\/Ciruela-negra-deshidratada-200g-Anjoman.jpg\",\"contentUrl\":\"https:\/\/deliciaspersas.com\/wp-content\/uploads\/Ciruela-negra-deshidratada-200g-Anjoman.jpg\",\"width\":760,\"height\":760,\"caption\":\"Ciruela negra deshidratada 200g Anjoman\"},{\"@type\":\"BreadcrumbList\",\"@id\":\"https:\/\/deliciaspersas.com\/en\/tienda\/frutas\/ciruela-negra-deshidratada-200g-anjoman-2\/#breadcrumb\",\"itemListElement\":[{\"@type\":\"ListItem\",\"position\":1,\"name\":\"Portada\",\"item\":\"https:\/\/deliciaspersas.com\/en\/\"},{\"@type\":\"ListItem\",\"position\":2,\"name\":\"Tienda\",\"item\":\"https:\/\/deliciaspersas.com\/\"},{\"@type\":\"ListItem\",\"position\":3,\"name\":\"Ciruela negra deshidratada 200g Anjoman\"}]},{\"@type\":\"WebSite\",\"@id\":\"https:\/\/deliciaspersas.com\/en\/#website\",\"url\":\"https:\/\/deliciaspersas.com\/en\/\",\"name\":\"Delicias Persas\",\"description\":\"Gastronom&iacute;a persa al alcance de tus manos\",\"publisher\":{\"@id\":\"https:\/\/deliciaspersas.com\/en\/#organization\"},\"potentialAction\":[{\"@type\":\"SearchAction\",\"target\":{\"@type\":\"EntryPoint\",\"urlTemplate\":\"https:\/\/deliciaspersas.com\/en\/?s={search_term_string}\"},\"query-input\":{\"@type\":\"PropertyValueSpecification\",\"valueRequired\":true,\"valueName\":\"search_term_string\"}}],\"inLanguage\":\"en-US\"},{\"@type\":\"Organization\",\"@id\":\"https:\/\/deliciaspersas.com\/en\/#organization\",\"name\":\"Delicias Persas\",\"url\":\"https:\/\/deliciaspersas.com\/en\/\",\"logo\":{\"@type\":\"ImageObject\",\"inLanguage\":\"en-US\",\"@id\":\"https:\/\/deliciaspersas.com\/en\/#\/schema\/logo\/image\/\",\"url\":\"https:\/\/deliciaspersas.com\/wp-content\/uploads\/2020\/07\/logo-2020.png\",\"contentUrl\":\"https:\/\/deliciaspersas.com\/wp-content\/uploads\/2020\/07\/logo-2020.png\",\"width\":520,\"height\":490,\"caption\":\"Delicias Persas\"},\"image\":{\"@id\":\"https:\/\/deliciaspersas.com\/en\/#\/schema\/logo\/image\/\"},\"sameAs\":[\"https:\/\/www.facebook.com\/Deliciaspersas\",\"https:\/\/www.instagram.com\/delicias_persas\/\",\"https:\/\/www.linkedin.com\/delicias-persas\"]}]}<\/script>\n<!-- \/ Yoast SEO plugin. -->","yoast_head_json":{"title":"Ciruela negra deshidratada 200g Anjoman - Delicias Persas","description":"Ciruela negra deshidratada. En guisos o para acompa\u00f1ar cualquier momento del d\u00eda. Sabor esquisito, frescos y tiernos...","robots":{"index":"index","follow":"follow","max-snippet":"max-snippet:-1","max-image-preview":"max-image-preview:large","max-video-preview":"max-video-preview:-1"},"canonical":"https:\/\/deliciaspersas.com\/en\/tienda\/frutas\/ciruela-negra-deshidratada-200g-anjoman-2\/","og_locale":"en_US","og_type":"article","og_title":"Ciruela negra deshidratada 200g Anjoman - Delicias Persas","og_description":"Ciruela negra deshidratada. En guisos o para acompa\u00f1ar cualquier momento del d\u00eda. Sabor esquisito, frescos y tiernos...","og_url":"https:\/\/deliciaspersas.com\/en\/tienda\/frutas\/ciruela-negra-deshidratada-200g-anjoman-2\/","og_site_name":"Delicias Persas","article_publisher":"https:\/\/www.facebook.com\/Deliciaspersas","article_modified_time":"2022-03-14T10:09:55+00:00","og_image":[{"width":760,"height":760,"url":"https:\/\/deliciaspersas.com\/wp-content\/uploads\/Ciruela-negra-deshidratada-200g-Anjoman.jpg","type":"image\/jpeg"}],"twitter_card":"summary_large_image","twitter_misc":{"Est. reading time":"2 minutes"},"schema":{"@context":"https:\/\/schema.org","@graph":[{"@type":"WebPage","@id":"https:\/\/deliciaspersas.com\/en\/tienda\/frutas\/ciruela-negra-deshidratada-200g-anjoman-2\/","url":"https:\/\/deliciaspersas.com\/en\/tienda\/frutas\/ciruela-negra-deshidratada-200g-anjoman-2\/","name":"Ciruela negra deshidratada 200g Anjoman - Delicias Persas","isPartOf":{"@id":"https:\/\/deliciaspersas.com\/en\/#website"},"primaryImageOfPage":{"@id":"https:\/\/deliciaspersas.com\/en\/tienda\/frutas\/ciruela-negra-deshidratada-200g-anjoman-2\/#primaryimage"},"image":{"@id":"https:\/\/deliciaspersas.com\/en\/tienda\/frutas\/ciruela-negra-deshidratada-200g-anjoman-2\/#primaryimage"},"thumbnailUrl":"https:\/\/deliciaspersas.com\/wp-content\/uploads\/Ciruela-negra-deshidratada-200g-Anjoman.jpg","datePublished":"2020-12-29T11:59:27+00:00","dateModified":"2022-03-14T10:09:55+00:00","description":"Ciruela negra deshidratada. En guisos o para acompa\u00f1ar cualquier momento del d\u00eda. Sabor esquisito, frescos y tiernos...","breadcrumb":{"@id":"https:\/\/deliciaspersas.com\/en\/tienda\/frutas\/ciruela-negra-deshidratada-200g-anjoman-2\/#breadcrumb"},"inLanguage":"en-US","potentialAction":[{"@type":"ReadAction","target":["https:\/\/deliciaspersas.com\/en\/tienda\/frutas\/ciruela-negra-deshidratada-200g-anjoman-2\/"]}]},{"@type":"ImageObject","inLanguage":"en-US","@id":"https:\/\/deliciaspersas.com\/en\/tienda\/frutas\/ciruela-negra-deshidratada-200g-anjoman-2\/#primaryimage","url":"https:\/\/deliciaspersas.com\/wp-content\/uploads\/Ciruela-negra-deshidratada-200g-Anjoman.jpg","contentUrl":"https:\/\/deliciaspersas.com\/wp-content\/uploads\/Ciruela-negra-deshidratada-200g-Anjoman.jpg","width":760,"height":760,"caption":"Ciruela negra deshidratada 200g Anjoman"},{"@type":"BreadcrumbList","@id":"https:\/\/deliciaspersas.com\/en\/tienda\/frutas\/ciruela-negra-deshidratada-200g-anjoman-2\/#breadcrumb","itemListElement":[{"@type":"ListItem","position":1,"name":"Portada","item":"https:\/\/deliciaspersas.com\/en\/"},{"@type":"ListItem","position":2,"name":"Tienda","item":"https:\/\/deliciaspersas.com\/"},{"@type":"ListItem","position":3,"name":"Ciruela negra deshidratada 200g Anjoman"}]},{"@type":"WebSite","@id":"https:\/\/deliciaspersas.com\/en\/#website","url":"https:\/\/deliciaspersas.com\/en\/","name":"Delicias Persas","description":"Gastronom&iacute;a persa al alcance de tus manos","publisher":{"@id":"https:\/\/deliciaspersas.com\/en\/#organization"},"potentialAction":[{"@type":"SearchAction","target":{"@type":"EntryPoint","urlTemplate":"https:\/\/deliciaspersas.com\/en\/?s={search_term_string}"},"query-input":{"@type":"PropertyValueSpecification","valueRequired":true,"valueName":"search_term_string"}}],"inLanguage":"en-US"},{"@type":"Organization","@id":"https:\/\/deliciaspersas.com\/en\/#organization","name":"Delicias Persas","url":"https:\/\/deliciaspersas.com\/en\/","logo":{"@type":"ImageObject","inLanguage":"en-US","@id":"https:\/\/deliciaspersas.com\/en\/#\/schema\/logo\/image\/","url":"https:\/\/deliciaspersas.com\/wp-content\/uploads\/2020\/07\/logo-2020.png","contentUrl":"https:\/\/deliciaspersas.com\/wp-content\/uploads\/2020\/07\/logo-2020.png","width":520,"height":490,"caption":"Delicias Persas"},"image":{"@id":"https:\/\/deliciaspersas.com\/en\/#\/schema\/logo\/image\/"},"sameAs":["https:\/\/www.facebook.com\/Deliciaspersas","https:\/\/www.instagram.com\/delicias_persas\/","https:\/\/www.linkedin.com\/delicias-persas"]}]}},"uagb_featured_image_src":{"full":["https:\/\/deliciaspersas.com\/wp-content\/uploads\/Ciruela-negra-deshidratada-200g-Anjoman.jpg",760,760,false],"thumbnail":["https:\/\/deliciaspersas.com\/wp-content\/uploads\/Ciruela-negra-deshidratada-200g-Anjoman-150x150.jpg",150,150,true],"medium":["https:\/\/deliciaspersas.com\/wp-content\/uploads\/Ciruela-negra-deshidratada-200g-Anjoman-300x300.jpg",300,300,true],"medium_large":["https:\/\/deliciaspersas.com\/wp-content\/uploads\/Ciruela-negra-deshidratada-200g-Anjoman.jpg",760,760,false],"large":["https:\/\/deliciaspersas.com\/wp-content\/uploads\/Ciruela-negra-deshidratada-200g-Anjoman.jpg",760,760,false],"1536x1536":["https:\/\/deliciaspersas.com\/wp-content\/uploads\/Ciruela-negra-deshidratada-200g-Anjoman.jpg",760,760,false],"2048x2048":["https:\/\/deliciaspersas.com\/wp-content\/uploads\/Ciruela-negra-deshidratada-200g-Anjoman.jpg",760,760,false],"woocommerce_thumbnail":["https:\/\/deliciaspersas.com\/wp-content\/uploads\/Ciruela-negra-deshidratada-200g-Anjoman-300x300.jpg",300,300,true],"woocommerce_single":["https:\/\/deliciaspersas.com\/wp-content\/uploads\/Ciruela-negra-deshidratada-200g-Anjoman-600x600.jpg",600,600,true],"woocommerce_gallery_thumbnail":["https:\/\/deliciaspersas.com\/wp-content\/uploads\/Ciruela-negra-deshidratada-200g-Anjoman-100x100.jpg",100,100,true]},"uagb_author_info":{"display_name":"admin","author_link":"https:\/\/deliciaspersas.com\/en\/author\/"},"uagb_comment_info":0,"uagb_excerpt":"Ciruela deshidratada negra 200g Anjoman Informaci\u00f3n del producto: Ciruela negra deshidratada. puede convertirse en el mejor alimento para las personas con\u00a0osteoporosis\u00a0e incluso prevenir el\u00a0c\u00e1ncer de colon, adem\u00e1s de nutrirnos gracias a su gran aporte de\u00a0minerales\u00a0y vitaminas. Usos: Principalmente se usa en guisos por su sabor caracter\u00edstico y fuerte. Otro uso puede ser como merienda o&hellip;","brands":[{"id":42,"name":"Anjoman","slug":"anjoman"}],"_links":{"self":[{"href":"https:\/\/deliciaspersas.com\/en\/wp-json\/wp\/v2\/product\/5814"}],"collection":[{"href":"https:\/\/deliciaspersas.com\/en\/wp-json\/wp\/v2\/product"}],"about":[{"href":"https:\/\/deliciaspersas.com\/en\/wp-json\/wp\/v2\/types\/product"}],"wp:featuredmedia":[{"embeddable":true,"href":"https:\/\/deliciaspersas.com\/en\/wp-json\/wp\/v2\/media\/5831"}],"wp:attachment":[{"href":"https:\/\/deliciaspersas.com\/en\/wp-json\/wp\/v2\/media?parent=5814"}],"wp:term":[{"taxonomy":"pwb-brand","embeddable":true,"href":"https:\/\/deliciaspersas.com\/en\/wp-json\/wp\/v2\/pwb-brand?post=5814"},{"taxonomy":"product_cat","embeddable":true,"href":"https:\/\/deliciaspersas.com\/en\/wp-json\/wp\/v2\/product_cat?post=5814"},{"taxonomy":"product_tag","embeddable":true,"href":"https:\/\/deliciaspersas.com\/en\/wp-json\/wp\/v2\/product_tag?post=5814"}],"curies":[{"name":"wp","href":"https:\/\/api.w.org\/{rel}","templated":true}]}}