{"id":6931,"date":"2021-02-10T19:55:16","date_gmt":"2021-02-10T18:55:16","guid":{"rendered":"https:\/\/deliciaspersas.com\/?post_type=product&#038;p=6931"},"modified":"2025-09-18T00:43:33","modified_gmt":"2025-09-17T22:43:33","slug":"habas-cocidas-800g-zine","status":"publish","type":"product","link":"https:\/\/deliciaspersas.com\/en\/tienda\/ready\/habas-cocidas-800g-zine\/","title":{"rendered":"Habas cocidas 800g Zine"},"content":{"rendered":"<h1>Habas cocidas 800g Zine<\/h1>\n<h6>Informaci\u00f3n del producto:<\/h6>\n<p>Las habas son legumbres, el grupo de alimentos del mundo vegetal con mayor contenido en prote\u00ednas.<\/p>\n<h6>Usos:<\/h6>\n<p class=\"p1\">El uso de estas deliciosas legumbres aportar\u00e1 a su organismo gran variedad de beneficios, gracias a que las habas amarillas son una importante fuente de fibra, \u00e1cido f\u00f3lico, vitamina B1, minerales y proteinas.<\/p>\n<h6>Beneficios:<\/h6>\n<p>Las habas amarillas son una importante fuente de fibra.<\/p>\n<p>Tienen un alto contenido en \u00e1cido f\u00f3lico. El folato es esencial para el crecimiento de nuevas c\u00e9lulas, prevenir la anemia y producir gl\u00f3bulos rojos. Tambi\u00e9n contienen\u00a0vitamina B1.<\/p>\n<p>Las Habas est\u00e1n llenas de minerales como: cobre, f\u00f3sforo, hierro, manganeso, magnesio, zinc y potasio.<\/p>\n<p>As\u00ed mismo tienen un alto contenido en prote\u00ednas.<\/p>\n<p>Gracias a su alto contenido en fibra soluble y en nutrientes esenciales, mejoran la actividad cardiovascular reduciendo el colesterol malo (LDL) y equilibrando los niveles de az\u00facar en sangre.<\/p>\n<p>Hidrata al organismo debido a su aporte en potasio\u00a0que incrementa los niveles de agua en el cuerpo.<\/p>\n<p>Su contenido en prote\u00ednas (unos 10 gramos por cada media taza de habas) es clave para mantener el peso a raya y eliminar el exceso de grasa corporal. Adem\u00e1s, la mezcla de prote\u00ednas y la fibra que contienen ayudan a ayudar a adelgazar. Por otro lado, su aporte en fibra es muy alto, lo que produce un efecto saciante con muy pocas calor\u00edas.<\/p>\n<p>Mantiene los\u00a0huesos fuertes\u00a0y gracias al calcio que contiene, ayuda a mantener la salud de los dientes.<\/p>\n<p>Adem\u00e1s aumenta los niveles de ox\u00edgeno en la sangre gracias su aporte en vitamina B1 y hierro.<\/p>\n<p>Mejora la salud del cerebro\u00a0a trav\u00e9s de la vitamina B y la tiamina. Ambas esenciales para asegurar un correcto funcionamiento de la actividad cerebral, la memoria y la salud mental en general.<\/p>\n<div class=\"step\">\n<div class=\"paragraph\">\n<p><span style=\"font-size: 1.1em;font-weight: bold\">Ingredientes y al\u00e9rgenos:<\/span><\/p>\n<\/div>\n<\/div>\n<p>Habas cocidas.<\/p>\n<h6>Condiciones de conservaci\u00f3n:<\/h6>\n<p>Conservar en un lugar fresco, seco y protegido de la luz.<\/p>\n<h6>Informaci\u00f3n adicional:<\/h6>\n<p>Fabricado por: Zine<\/p>\n","protected":false},"excerpt":{"rendered":"<p>Habas cocidas 800g Zine Informaci\u00f3n del producto: Las habas son legumbres, el grupo de alimentos del mundo vegetal con mayor contenido en prote\u00ednas. Usos: El uso de estas deliciosas legumbres aportar\u00e1 a su organismo gran variedad de beneficios, gracias a que las habas amarillas son una importante fuente de fibra, \u00e1cido f\u00f3lico, vitamina B1, minerales [&hellip;]<\/p>\n","protected":false},"featured_media":7072,"template":"","meta":{"_surecart_dashboard_logo_width":"180px","_surecart_dashboard_show_logo":true,"_surecart_dashboard_navigation_orders":true,"_surecart_dashboard_navigation_invoices":true,"_surecart_dashboard_navigation_subscriptions":true,"_surecart_dashboard_navigation_downloads":true,"_surecart_dashboard_navigation_billing":true,"_surecart_dashboard_navigation_account":true,"_uag_custom_page_level_css":"","site-sidebar-layout":"default","site-content-layout":"default","ast-site-content-layout":"","site-content-style":"default","site-sidebar-style":"default","ast-global-header-display":"","ast-banner-title-visibility":"","ast-main-header-display":"","ast-hfb-above-header-display":"","ast-hfb-below-header-display":"","ast-hfb-mobile-header-display":"","site-post-title":"","ast-breadcrumbs-content":"","ast-featured-img":"","footer-sml-layout":"","theme-transparent-header-meta":"default","adv-header-id-meta":"","stick-header-meta":"","header-above-stick-meta":"","header-main-stick-meta":"","header-below-stick-meta":"","astra-migrate-meta-layouts":"default","ast-page-background-enabled":"default","ast-page-background-meta":{"desktop":{"background-color":"","background-image":"","background-repeat":"repeat","background-position":"center center","background-size":"auto","background-attachment":"scroll","background-type":"","background-media":"","overlay-type":"","overlay-color":"","overlay-opacity":"","overlay-gradient":""},"tablet":{"background-color":"","background-image":"","background-repeat":"repeat","background-position":"center center","background-size":"auto","background-attachment":"scroll","background-type":"","background-media":"","overlay-type":"","overlay-color":"","overlay-opacity":"","overlay-gradient":""},"mobile":{"background-color":"","background-image":"","background-repeat":"repeat","background-position":"center center","background-size":"auto","background-attachment":"scroll","background-type":"","background-media":"","overlay-type":"","overlay-color":"","overlay-opacity":"","overlay-gradient":""}},"ast-content-background-meta":{"desktop":{"background-color":"var(--ast-global-color-5)","background-image":"","background-repeat":"repeat","background-position":"center center","background-size":"auto","background-attachment":"scroll","background-type":"","background-media":"","overlay-type":"","overlay-color":"","overlay-opacity":"","overlay-gradient":""},"tablet":{"background-color":"var(--ast-global-color-5)","background-image":"","background-repeat":"repeat","background-position":"center center","background-size":"auto","background-attachment":"scroll","background-type":"","background-media":"","overlay-type":"","overlay-color":"","overlay-opacity":"","overlay-gradient":""},"mobile":{"background-color":"var(--ast-global-color-5)","background-image":"","background-repeat":"repeat","background-position":"center center","background-size":"auto","background-attachment":"scroll","background-type":"","background-media":"","overlay-type":"","overlay-color":"","overlay-opacity":"","overlay-gradient":""}}},"pwb-brand":[180],"product_cat":[35,89,34],"product_tag":[996,633,559,382],"class_list":{"0":"post-6931","1":"product","2":"type-product","3":"status-publish","4":"has-post-thumbnail","6":"pwb-brand-zine","7":"product_cat-conservas","8":"product_cat-legumbres","9":"product_cat-ready","10":"product_tag-cocidas","11":"product_tag-habas","12":"product_tag-legumbre","13":"product_tag-382","14":"desktop-align-center","15":"tablet-align-center","16":"mobile-align-center","18":"first","19":"instock","20":"taxable","21":"shipping-taxable","22":"purchasable","23":"product-type-simple"},"yoast_head":"<!-- This site is optimized with the Yoast SEO plugin v23.6 - https:\/\/yoast.com\/wordpress\/plugins\/seo\/ -->\n<title>Habas cocidas 800g Zine - Delicias Persas<\/title>\n<meta name=\"description\" content=\"Las\u00a0habas son legumbres, el grupo de\u00a0alimentos\u00a0del mundo vegetal con mayor contenido en prote\u00ednas, minerales y vitaminas.\" \/>\n<meta name=\"robots\" content=\"index, follow, max-snippet:-1, max-image-preview:large, max-video-preview:-1\" \/>\n<link rel=\"canonical\" href=\"https:\/\/deliciaspersas.com\/en\/tienda\/ready\/habas-cocidas-800g-zine\/\" \/>\n<meta property=\"og:locale\" content=\"en_US\" \/>\n<meta property=\"og:type\" content=\"article\" \/>\n<meta property=\"og:title\" content=\"Habas cocidas 800g Zine - Delicias Persas\" \/>\n<meta property=\"og:description\" content=\"Las\u00a0habas son legumbres, el grupo de\u00a0alimentos\u00a0del mundo vegetal con mayor contenido en prote\u00ednas, minerales y vitaminas.\" \/>\n<meta property=\"og:url\" content=\"https:\/\/deliciaspersas.com\/en\/tienda\/ready\/habas-cocidas-800g-zine\/\" \/>\n<meta property=\"og:site_name\" content=\"Delicias Persas\" \/>\n<meta property=\"article:publisher\" content=\"https:\/\/www.facebook.com\/Deliciaspersas\" \/>\n<meta property=\"article:modified_time\" content=\"2025-09-17T22:43:33+00:00\" \/>\n<meta property=\"og:image\" content=\"https:\/\/deliciaspersas.com\/wp-content\/uploads\/Habas-cocidas-800g-Zine.jpg\" \/>\n\t<meta property=\"og:image:width\" content=\"760\" \/>\n\t<meta property=\"og:image:height\" content=\"760\" \/>\n\t<meta property=\"og:image:type\" content=\"image\/jpeg\" \/>\n<meta name=\"twitter:card\" content=\"summary_large_image\" \/>\n<meta name=\"twitter:label1\" content=\"Est. reading time\" \/>\n\t<meta name=\"twitter:data1\" content=\"2 minutes\" \/>\n<script type=\"application\/ld+json\" class=\"yoast-schema-graph\">{\"@context\":\"https:\/\/schema.org\",\"@graph\":[{\"@type\":\"WebPage\",\"@id\":\"https:\/\/deliciaspersas.com\/en\/tienda\/ready\/habas-cocidas-800g-zine\/\",\"url\":\"https:\/\/deliciaspersas.com\/en\/tienda\/ready\/habas-cocidas-800g-zine\/\",\"name\":\"Habas cocidas 800g Zine - Delicias Persas\",\"isPartOf\":{\"@id\":\"https:\/\/deliciaspersas.com\/en\/#website\"},\"primaryImageOfPage\":{\"@id\":\"https:\/\/deliciaspersas.com\/en\/tienda\/ready\/habas-cocidas-800g-zine\/#primaryimage\"},\"image\":{\"@id\":\"https:\/\/deliciaspersas.com\/en\/tienda\/ready\/habas-cocidas-800g-zine\/#primaryimage\"},\"thumbnailUrl\":\"https:\/\/deliciaspersas.com\/wp-content\/uploads\/Habas-cocidas-800g-Zine.jpg\",\"datePublished\":\"2021-02-10T18:55:16+00:00\",\"dateModified\":\"2025-09-17T22:43:33+00:00\",\"description\":\"Las\u00a0habas son legumbres, el grupo de\u00a0alimentos\u00a0del mundo vegetal con mayor contenido en prote\u00ednas, minerales y vitaminas.\",\"breadcrumb\":{\"@id\":\"https:\/\/deliciaspersas.com\/en\/tienda\/ready\/habas-cocidas-800g-zine\/#breadcrumb\"},\"inLanguage\":\"en-US\",\"potentialAction\":[{\"@type\":\"ReadAction\",\"target\":[\"https:\/\/deliciaspersas.com\/en\/tienda\/ready\/habas-cocidas-800g-zine\/\"]}]},{\"@type\":\"ImageObject\",\"inLanguage\":\"en-US\",\"@id\":\"https:\/\/deliciaspersas.com\/en\/tienda\/ready\/habas-cocidas-800g-zine\/#primaryimage\",\"url\":\"https:\/\/deliciaspersas.com\/wp-content\/uploads\/Habas-cocidas-800g-Zine.jpg\",\"contentUrl\":\"https:\/\/deliciaspersas.com\/wp-content\/uploads\/Habas-cocidas-800g-Zine.jpg\",\"width\":760,\"height\":760,\"caption\":\"Habas cocidas 800g Zine\"},{\"@type\":\"BreadcrumbList\",\"@id\":\"https:\/\/deliciaspersas.com\/en\/tienda\/ready\/habas-cocidas-800g-zine\/#breadcrumb\",\"itemListElement\":[{\"@type\":\"ListItem\",\"position\":1,\"name\":\"Portada\",\"item\":\"https:\/\/deliciaspersas.com\/en\/\"},{\"@type\":\"ListItem\",\"position\":2,\"name\":\"Tienda\",\"item\":\"https:\/\/deliciaspersas.com\/\"},{\"@type\":\"ListItem\",\"position\":3,\"name\":\"Habas cocidas 800g Zine\"}]},{\"@type\":\"WebSite\",\"@id\":\"https:\/\/deliciaspersas.com\/en\/#website\",\"url\":\"https:\/\/deliciaspersas.com\/en\/\",\"name\":\"Delicias Persas\",\"description\":\"Gastronom&iacute;a persa al alcance de tus manos\",\"publisher\":{\"@id\":\"https:\/\/deliciaspersas.com\/en\/#organization\"},\"potentialAction\":[{\"@type\":\"SearchAction\",\"target\":{\"@type\":\"EntryPoint\",\"urlTemplate\":\"https:\/\/deliciaspersas.com\/en\/?s={search_term_string}\"},\"query-input\":{\"@type\":\"PropertyValueSpecification\",\"valueRequired\":true,\"valueName\":\"search_term_string\"}}],\"inLanguage\":\"en-US\"},{\"@type\":\"Organization\",\"@id\":\"https:\/\/deliciaspersas.com\/en\/#organization\",\"name\":\"Delicias Persas\",\"url\":\"https:\/\/deliciaspersas.com\/en\/\",\"logo\":{\"@type\":\"ImageObject\",\"inLanguage\":\"en-US\",\"@id\":\"https:\/\/deliciaspersas.com\/en\/#\/schema\/logo\/image\/\",\"url\":\"https:\/\/deliciaspersas.com\/wp-content\/uploads\/2020\/07\/logo-2020.png\",\"contentUrl\":\"https:\/\/deliciaspersas.com\/wp-content\/uploads\/2020\/07\/logo-2020.png\",\"width\":520,\"height\":490,\"caption\":\"Delicias Persas\"},\"image\":{\"@id\":\"https:\/\/deliciaspersas.com\/en\/#\/schema\/logo\/image\/\"},\"sameAs\":[\"https:\/\/www.facebook.com\/Deliciaspersas\",\"https:\/\/www.instagram.com\/delicias_persas\/\",\"https:\/\/www.linkedin.com\/delicias-persas\"]}]}<\/script>\n<!-- \/ Yoast SEO plugin. -->","yoast_head_json":{"title":"Habas cocidas 800g Zine - Delicias Persas","description":"Las\u00a0habas son legumbres, el grupo de\u00a0alimentos\u00a0del mundo vegetal con mayor contenido en prote\u00ednas, minerales y vitaminas.","robots":{"index":"index","follow":"follow","max-snippet":"max-snippet:-1","max-image-preview":"max-image-preview:large","max-video-preview":"max-video-preview:-1"},"canonical":"https:\/\/deliciaspersas.com\/en\/tienda\/ready\/habas-cocidas-800g-zine\/","og_locale":"en_US","og_type":"article","og_title":"Habas cocidas 800g Zine - Delicias Persas","og_description":"Las\u00a0habas son legumbres, el grupo de\u00a0alimentos\u00a0del mundo vegetal con mayor contenido en prote\u00ednas, minerales y vitaminas.","og_url":"https:\/\/deliciaspersas.com\/en\/tienda\/ready\/habas-cocidas-800g-zine\/","og_site_name":"Delicias Persas","article_publisher":"https:\/\/www.facebook.com\/Deliciaspersas","article_modified_time":"2025-09-17T22:43:33+00:00","og_image":[{"width":760,"height":760,"url":"https:\/\/deliciaspersas.com\/wp-content\/uploads\/Habas-cocidas-800g-Zine.jpg","type":"image\/jpeg"}],"twitter_card":"summary_large_image","twitter_misc":{"Est. reading time":"2 minutes"},"schema":{"@context":"https:\/\/schema.org","@graph":[{"@type":"WebPage","@id":"https:\/\/deliciaspersas.com\/en\/tienda\/ready\/habas-cocidas-800g-zine\/","url":"https:\/\/deliciaspersas.com\/en\/tienda\/ready\/habas-cocidas-800g-zine\/","name":"Habas cocidas 800g Zine - Delicias Persas","isPartOf":{"@id":"https:\/\/deliciaspersas.com\/en\/#website"},"primaryImageOfPage":{"@id":"https:\/\/deliciaspersas.com\/en\/tienda\/ready\/habas-cocidas-800g-zine\/#primaryimage"},"image":{"@id":"https:\/\/deliciaspersas.com\/en\/tienda\/ready\/habas-cocidas-800g-zine\/#primaryimage"},"thumbnailUrl":"https:\/\/deliciaspersas.com\/wp-content\/uploads\/Habas-cocidas-800g-Zine.jpg","datePublished":"2021-02-10T18:55:16+00:00","dateModified":"2025-09-17T22:43:33+00:00","description":"Las\u00a0habas son legumbres, el grupo de\u00a0alimentos\u00a0del mundo vegetal con mayor contenido en prote\u00ednas, minerales y vitaminas.","breadcrumb":{"@id":"https:\/\/deliciaspersas.com\/en\/tienda\/ready\/habas-cocidas-800g-zine\/#breadcrumb"},"inLanguage":"en-US","potentialAction":[{"@type":"ReadAction","target":["https:\/\/deliciaspersas.com\/en\/tienda\/ready\/habas-cocidas-800g-zine\/"]}]},{"@type":"ImageObject","inLanguage":"en-US","@id":"https:\/\/deliciaspersas.com\/en\/tienda\/ready\/habas-cocidas-800g-zine\/#primaryimage","url":"https:\/\/deliciaspersas.com\/wp-content\/uploads\/Habas-cocidas-800g-Zine.jpg","contentUrl":"https:\/\/deliciaspersas.com\/wp-content\/uploads\/Habas-cocidas-800g-Zine.jpg","width":760,"height":760,"caption":"Habas cocidas 800g Zine"},{"@type":"BreadcrumbList","@id":"https:\/\/deliciaspersas.com\/en\/tienda\/ready\/habas-cocidas-800g-zine\/#breadcrumb","itemListElement":[{"@type":"ListItem","position":1,"name":"Portada","item":"https:\/\/deliciaspersas.com\/en\/"},{"@type":"ListItem","position":2,"name":"Tienda","item":"https:\/\/deliciaspersas.com\/"},{"@type":"ListItem","position":3,"name":"Habas cocidas 800g Zine"}]},{"@type":"WebSite","@id":"https:\/\/deliciaspersas.com\/en\/#website","url":"https:\/\/deliciaspersas.com\/en\/","name":"Delicias Persas","description":"Gastronom&iacute;a persa al alcance de tus manos","publisher":{"@id":"https:\/\/deliciaspersas.com\/en\/#organization"},"potentialAction":[{"@type":"SearchAction","target":{"@type":"EntryPoint","urlTemplate":"https:\/\/deliciaspersas.com\/en\/?s={search_term_string}"},"query-input":{"@type":"PropertyValueSpecification","valueRequired":true,"valueName":"search_term_string"}}],"inLanguage":"en-US"},{"@type":"Organization","@id":"https:\/\/deliciaspersas.com\/en\/#organization","name":"Delicias Persas","url":"https:\/\/deliciaspersas.com\/en\/","logo":{"@type":"ImageObject","inLanguage":"en-US","@id":"https:\/\/deliciaspersas.com\/en\/#\/schema\/logo\/image\/","url":"https:\/\/deliciaspersas.com\/wp-content\/uploads\/2020\/07\/logo-2020.png","contentUrl":"https:\/\/deliciaspersas.com\/wp-content\/uploads\/2020\/07\/logo-2020.png","width":520,"height":490,"caption":"Delicias Persas"},"image":{"@id":"https:\/\/deliciaspersas.com\/en\/#\/schema\/logo\/image\/"},"sameAs":["https:\/\/www.facebook.com\/Deliciaspersas","https:\/\/www.instagram.com\/delicias_persas\/","https:\/\/www.linkedin.com\/delicias-persas"]}]}},"uagb_featured_image_src":{"full":["https:\/\/deliciaspersas.com\/wp-content\/uploads\/Habas-cocidas-800g-Zine.jpg",760,760,false],"thumbnail":["https:\/\/deliciaspersas.com\/wp-content\/uploads\/Habas-cocidas-800g-Zine-150x150.jpg",150,150,true],"medium":["https:\/\/deliciaspersas.com\/wp-content\/uploads\/Habas-cocidas-800g-Zine-300x300.jpg",300,300,true],"medium_large":["https:\/\/deliciaspersas.com\/wp-content\/uploads\/Habas-cocidas-800g-Zine.jpg",760,760,false],"large":["https:\/\/deliciaspersas.com\/wp-content\/uploads\/Habas-cocidas-800g-Zine.jpg",760,760,false],"1536x1536":["https:\/\/deliciaspersas.com\/wp-content\/uploads\/Habas-cocidas-800g-Zine.jpg",760,760,false],"2048x2048":["https:\/\/deliciaspersas.com\/wp-content\/uploads\/Habas-cocidas-800g-Zine.jpg",760,760,false],"woocommerce_thumbnail":["https:\/\/deliciaspersas.com\/wp-content\/uploads\/Habas-cocidas-800g-Zine-300x300.jpg",300,300,true],"woocommerce_single":["https:\/\/deliciaspersas.com\/wp-content\/uploads\/Habas-cocidas-800g-Zine-600x600.jpg",600,600,true],"woocommerce_gallery_thumbnail":["https:\/\/deliciaspersas.com\/wp-content\/uploads\/Habas-cocidas-800g-Zine-100x100.jpg",100,100,true]},"uagb_author_info":{"display_name":"admin","author_link":"https:\/\/deliciaspersas.com\/en\/author\/"},"uagb_comment_info":0,"uagb_excerpt":"Habas cocidas 800g Zine Informaci\u00f3n del producto: Las habas son legumbres, el grupo de alimentos del mundo vegetal con mayor contenido en prote\u00ednas. Usos: El uso de estas deliciosas legumbres aportar\u00e1 a su organismo gran variedad de beneficios, gracias a que las habas amarillas son una importante fuente de fibra, \u00e1cido f\u00f3lico, vitamina B1, minerales&hellip;","brands":[{"id":180,"name":"Zine","slug":"zine"}],"_links":{"self":[{"href":"https:\/\/deliciaspersas.com\/en\/wp-json\/wp\/v2\/product\/6931"}],"collection":[{"href":"https:\/\/deliciaspersas.com\/en\/wp-json\/wp\/v2\/product"}],"about":[{"href":"https:\/\/deliciaspersas.com\/en\/wp-json\/wp\/v2\/types\/product"}],"wp:featuredmedia":[{"embeddable":true,"href":"https:\/\/deliciaspersas.com\/en\/wp-json\/wp\/v2\/media\/7072"}],"wp:attachment":[{"href":"https:\/\/deliciaspersas.com\/en\/wp-json\/wp\/v2\/media?parent=6931"}],"wp:term":[{"taxonomy":"pwb-brand","embeddable":true,"href":"https:\/\/deliciaspersas.com\/en\/wp-json\/wp\/v2\/pwb-brand?post=6931"},{"taxonomy":"product_cat","embeddable":true,"href":"https:\/\/deliciaspersas.com\/en\/wp-json\/wp\/v2\/product_cat?post=6931"},{"taxonomy":"product_tag","embeddable":true,"href":"https:\/\/deliciaspersas.com\/en\/wp-json\/wp\/v2\/product_tag?post=6931"}],"curies":[{"name":"wp","href":"https:\/\/api.w.org\/{rel}","templated":true}]}}