{"id":7031,"date":"2021-02-23T10:42:48","date_gmt":"2021-02-23T09:42:48","guid":{"rendered":"https:\/\/deliciaspersas.com\/?post_type=product&#038;p=7031"},"modified":"2026-04-26T02:14:54","modified_gmt":"2026-04-26T00:14:54","slug":"reshteh-ash-400g-tarkhineh","status":"publish","type":"product","link":"https:\/\/deliciaspersas.com\/en\/tienda\/fideos\/reshteh-ash-400g-tarkhineh\/","title":{"rendered":"Reshteh ash 400g Tarkhineh Fideos de sopa"},"content":{"rendered":"<h1>Fideos de sopa Reshteh ash 400g Tarkhineh<\/h1>\n<h6>Informaci\u00f3n del producto:<\/h6>\n<p class=\"title\" data-asset-id=\"967547802\">Fideos empleados en la preparaci\u00f3n del Ash Reshteh: una sopa tradicional iran\u00ed compuesta de reshteh y kashk (yogurt iran\u00ed)<\/p>\n<h6>Ingredientes y al\u00e9rgenos:<\/h6>\n<p>Fideos del Ash reshteh.<\/p>\n<h6>Usos:<\/h6>\n<p>Estos fideos son empleados para la preparaci\u00f3n del Ash reshteh,\u00a0 una deliciosa comida o cena t\u00edpica persa.<\/p>\n<h6>Beneficios de Ash Reshteh:<\/h6>\n<p>Frijoles pintos, uno de los ingredientes de Ash, son ricos en nutrientes y una excelente fuente de prote\u00ednas y fibra. Son muy efectivos para prevenir el estre\u00f1imiento y otros trastornos digestivos debido a su contenido de fibra. Tambi\u00e9n reduce los niveles de colesterol del cuerpo, que act\u00faa como un escudo contra las enfermedades card\u00edacas. Son ricos en potasio, que es muy eficaz para prevenir la ca\u00edda del cabello. Los frijoles pintos son ricos en vitamina B que pueden prevenir problemas de la piel. El hierro en los frijoles pintos es muy adecuado para mujeres embarazadas, mujeres lactantes, adolescentes y ni\u00f1os en crecimiento.<br \/>\nGarbanzos, otro ingrediente, tienen niveles bajos de colesterol nocivo en la sangre, por lo que juegan un papel protector contra las enfermedades card\u00edacas. Adem\u00e1s, la presencia de un alto contenido de magnesio en los garbanzos mejora la circulaci\u00f3n sangu\u00ednea en el cuerpo y reduce el riesgo de ataque card\u00edaco. Adem\u00e1s, los garbanzos contienen vitamina K, vitamina B6, f\u00f3sforo, zinc, cobre, manganeso, magnesio y prote\u00ednas y fibra.<br \/>\nFrijoles blancos: el folato juega un papel importante en la regulaci\u00f3n de los amino\u00e1cidos espec\u00edficos que necesita el sistema nervioso. El consumo de frijoles blancos proporciona al cuerpo el \u00e1cido f\u00f3lico que necesita para regenerar las c\u00e9lulas cerebrales, previniendo as\u00ed la enfermedad de Alzheimer y manteniendo su cerebro alerta en todo momento. El \u00e1cido f\u00f3lico en los frijoles blancos tambi\u00e9n reduce el riesgo de ataque card\u00edaco, accidente cerebrovascular y enfermedad vascular. Adem\u00e1s, los frijoles blancos son ricos en potasio y muy bajos en sodio, lo que relaja los vasos sangu\u00edneos y regula la presi\u00f3n arterial. Los frijoles blancos tambi\u00e9n son una excelente fuente de prote\u00ednas, fibra, manganeso y magnesio.<\/p>\n<h6>Condiciones de conservaci\u00f3n:<\/h6>\n<p>Conservar en un lugar fresco, seco y protegido de la luz.<\/p>\n<h6>Informaci\u00f3n adicional:<\/h6>\n<p>Fabricado por: Tarkhineh<\/p>\n","protected":false},"excerpt":{"rendered":"<p>Fideos de sopa Reshteh ash 400g Tarkhineh Informaci\u00f3n del producto: Fideos empleados en la preparaci\u00f3n del Ash Reshteh: una sopa tradicional iran\u00ed compuesta de reshteh y kashk (yogurt iran\u00ed) Ingredientes y al\u00e9rgenos: Fideos del Ash reshteh. Usos: Estos fideos son empleados para la preparaci\u00f3n del Ash reshteh,\u00a0 una deliciosa comida o cena t\u00edpica persa. Beneficios [&hellip;]<\/p>\n","protected":false},"featured_media":7032,"template":"","meta":{"_surecart_dashboard_logo_width":"180px","_surecart_dashboard_show_logo":true,"_surecart_dashboard_navigation_orders":true,"_surecart_dashboard_navigation_invoices":true,"_surecart_dashboard_navigation_subscriptions":true,"_surecart_dashboard_navigation_downloads":true,"_surecart_dashboard_navigation_billing":true,"_surecart_dashboard_navigation_account":true,"_uag_custom_page_level_css":"","site-sidebar-layout":"default","site-content-layout":"default","ast-site-content-layout":"","site-content-style":"default","site-sidebar-style":"default","ast-global-header-display":"","ast-banner-title-visibility":"","ast-main-header-display":"","ast-hfb-above-header-display":"","ast-hfb-below-header-display":"","ast-hfb-mobile-header-display":"","site-post-title":"","ast-breadcrumbs-content":"","ast-featured-img":"","footer-sml-layout":"","theme-transparent-header-meta":"default","adv-header-id-meta":"","stick-header-meta":"","header-above-stick-meta":"","header-main-stick-meta":"","header-below-stick-meta":"","astra-migrate-meta-layouts":"default","ast-page-background-enabled":"default","ast-page-background-meta":{"desktop":{"background-color":"","background-image":"","background-repeat":"repeat","background-position":"center center","background-size":"auto","background-attachment":"scroll","background-type":"","background-media":"","overlay-type":"","overlay-color":"","overlay-opacity":"","overlay-gradient":""},"tablet":{"background-color":"","background-image":"","background-repeat":"repeat","background-position":"center center","background-size":"auto","background-attachment":"scroll","background-type":"","background-media":"","overlay-type":"","overlay-color":"","overlay-opacity":"","overlay-gradient":""},"mobile":{"background-color":"","background-image":"","background-repeat":"repeat","background-position":"center center","background-size":"auto","background-attachment":"scroll","background-type":"","background-media":"","overlay-type":"","overlay-color":"","overlay-opacity":"","overlay-gradient":""}},"ast-content-background-meta":{"desktop":{"background-color":"var(--ast-global-color-5)","background-image":"","background-repeat":"repeat","background-position":"center center","background-size":"auto","background-attachment":"scroll","background-type":"","background-media":"","overlay-type":"","overlay-color":"","overlay-opacity":"","overlay-gradient":""},"tablet":{"background-color":"var(--ast-global-color-5)","background-image":"","background-repeat":"repeat","background-position":"center center","background-size":"auto","background-attachment":"scroll","background-type":"","background-media":"","overlay-type":"","overlay-color":"","overlay-opacity":"","overlay-gradient":""},"mobile":{"background-color":"var(--ast-global-color-5)","background-image":"","background-repeat":"repeat","background-position":"center center","background-size":"auto","background-attachment":"scroll","background-type":"","background-media":"","overlay-type":"","overlay-color":"","overlay-opacity":"","overlay-gradient":""}}},"pwb-brand":[83],"product_cat":[548],"product_tag":[703,1057,630,947,631,1058],"class_list":{"0":"post-7031","1":"product","2":"type-product","3":"status-publish","4":"has-post-thumbnail","6":"pwb-brand-tarkhineh","7":"product_cat-fideos","8":"product_tag-ash","9":"product_tag-caliente","10":"product_tag-fideos","11":"product_tag-harina","12":"product_tag-sopa","13":"product_tag-1058","14":"desktop-align-center","15":"tablet-align-center","16":"mobile-align-center","18":"first","19":"instock","20":"taxable","21":"shipping-taxable","22":"purchasable","23":"product-type-simple"},"yoast_head":"<!-- This site is optimized with the Yoast SEO plugin v23.6 - https:\/\/yoast.com\/wordpress\/plugins\/seo\/ -->\n<title>Reshteh ash 400g Tarkhineh Fideos de sopa - Delicias Persas<\/title>\n<meta name=\"description\" content=\"Reshteh Ash empleados en la preparacion del Ash Reshteh: una sopa tradicional iran\u00ed compuesta de reshteh y kashk (yogurt iran\u00ed).\" \/>\n<meta name=\"robots\" content=\"index, follow, max-snippet:-1, max-image-preview:large, max-video-preview:-1\" \/>\n<link rel=\"canonical\" href=\"https:\/\/deliciaspersas.com\/en\/tienda\/fideos\/reshteh-ash-400g-tarkhineh\/\" \/>\n<meta property=\"og:locale\" content=\"en_US\" \/>\n<meta property=\"og:type\" content=\"article\" \/>\n<meta property=\"og:title\" content=\"Reshteh ash 400g Tarkhineh Fideos de sopa - Delicias Persas\" \/>\n<meta property=\"og:description\" content=\"Reshteh Ash empleados en la preparacion del Ash Reshteh: una sopa tradicional iran\u00ed compuesta de reshteh y kashk (yogurt iran\u00ed).\" \/>\n<meta property=\"og:url\" content=\"https:\/\/deliciaspersas.com\/en\/tienda\/fideos\/reshteh-ash-400g-tarkhineh\/\" \/>\n<meta property=\"og:site_name\" content=\"Delicias Persas\" \/>\n<meta property=\"article:publisher\" content=\"https:\/\/www.facebook.com\/Deliciaspersas\" \/>\n<meta property=\"article:modified_time\" content=\"2026-04-26T00:14:54+00:00\" \/>\n<meta property=\"og:image\" content=\"https:\/\/deliciaspersas.com\/wp-content\/uploads\/Reshteh-ash-400g-Tarkhineh.jpg\" \/>\n\t<meta property=\"og:image:width\" content=\"760\" \/>\n\t<meta property=\"og:image:height\" content=\"760\" \/>\n\t<meta property=\"og:image:type\" content=\"image\/jpeg\" \/>\n<meta name=\"twitter:card\" content=\"summary_large_image\" \/>\n<meta name=\"twitter:label1\" content=\"Est. reading time\" \/>\n\t<meta name=\"twitter:data1\" content=\"2 minutes\" \/>\n<script type=\"application\/ld+json\" class=\"yoast-schema-graph\">{\"@context\":\"https:\/\/schema.org\",\"@graph\":[{\"@type\":\"WebPage\",\"@id\":\"https:\/\/deliciaspersas.com\/en\/tienda\/fideos\/reshteh-ash-400g-tarkhineh\/\",\"url\":\"https:\/\/deliciaspersas.com\/en\/tienda\/fideos\/reshteh-ash-400g-tarkhineh\/\",\"name\":\"Reshteh ash 400g Tarkhineh Fideos de sopa - Delicias Persas\",\"isPartOf\":{\"@id\":\"https:\/\/deliciaspersas.com\/en\/#website\"},\"primaryImageOfPage\":{\"@id\":\"https:\/\/deliciaspersas.com\/en\/tienda\/fideos\/reshteh-ash-400g-tarkhineh\/#primaryimage\"},\"image\":{\"@id\":\"https:\/\/deliciaspersas.com\/en\/tienda\/fideos\/reshteh-ash-400g-tarkhineh\/#primaryimage\"},\"thumbnailUrl\":\"https:\/\/deliciaspersas.com\/wp-content\/uploads\/Reshteh-ash-400g-Tarkhineh.jpg\",\"datePublished\":\"2021-02-23T09:42:48+00:00\",\"dateModified\":\"2026-04-26T00:14:54+00:00\",\"description\":\"Reshteh Ash empleados en la preparacion del Ash Reshteh: una sopa tradicional iran\u00ed compuesta de reshteh y kashk (yogurt iran\u00ed).\",\"breadcrumb\":{\"@id\":\"https:\/\/deliciaspersas.com\/en\/tienda\/fideos\/reshteh-ash-400g-tarkhineh\/#breadcrumb\"},\"inLanguage\":\"en-US\",\"potentialAction\":[{\"@type\":\"ReadAction\",\"target\":[\"https:\/\/deliciaspersas.com\/en\/tienda\/fideos\/reshteh-ash-400g-tarkhineh\/\"]}]},{\"@type\":\"ImageObject\",\"inLanguage\":\"en-US\",\"@id\":\"https:\/\/deliciaspersas.com\/en\/tienda\/fideos\/reshteh-ash-400g-tarkhineh\/#primaryimage\",\"url\":\"https:\/\/deliciaspersas.com\/wp-content\/uploads\/Reshteh-ash-400g-Tarkhineh.jpg\",\"contentUrl\":\"https:\/\/deliciaspersas.com\/wp-content\/uploads\/Reshteh-ash-400g-Tarkhineh.jpg\",\"width\":760,\"height\":760,\"caption\":\"Reshteh ash 400g Tarkhineh\"},{\"@type\":\"BreadcrumbList\",\"@id\":\"https:\/\/deliciaspersas.com\/en\/tienda\/fideos\/reshteh-ash-400g-tarkhineh\/#breadcrumb\",\"itemListElement\":[{\"@type\":\"ListItem\",\"position\":1,\"name\":\"Portada\",\"item\":\"https:\/\/deliciaspersas.com\/en\/\"},{\"@type\":\"ListItem\",\"position\":2,\"name\":\"Tienda\",\"item\":\"https:\/\/deliciaspersas.com\/\"},{\"@type\":\"ListItem\",\"position\":3,\"name\":\"Reshteh ash 400g Tarkhineh Fideos de sopa\"}]},{\"@type\":\"WebSite\",\"@id\":\"https:\/\/deliciaspersas.com\/en\/#website\",\"url\":\"https:\/\/deliciaspersas.com\/en\/\",\"name\":\"Delicias Persas\",\"description\":\"Gastronom&iacute;a persa al alcance de tus manos\",\"publisher\":{\"@id\":\"https:\/\/deliciaspersas.com\/en\/#organization\"},\"potentialAction\":[{\"@type\":\"SearchAction\",\"target\":{\"@type\":\"EntryPoint\",\"urlTemplate\":\"https:\/\/deliciaspersas.com\/en\/?s={search_term_string}\"},\"query-input\":{\"@type\":\"PropertyValueSpecification\",\"valueRequired\":true,\"valueName\":\"search_term_string\"}}],\"inLanguage\":\"en-US\"},{\"@type\":\"Organization\",\"@id\":\"https:\/\/deliciaspersas.com\/en\/#organization\",\"name\":\"Delicias Persas\",\"url\":\"https:\/\/deliciaspersas.com\/en\/\",\"logo\":{\"@type\":\"ImageObject\",\"inLanguage\":\"en-US\",\"@id\":\"https:\/\/deliciaspersas.com\/en\/#\/schema\/logo\/image\/\",\"url\":\"https:\/\/deliciaspersas.com\/wp-content\/uploads\/2020\/07\/logo-2020.png\",\"contentUrl\":\"https:\/\/deliciaspersas.com\/wp-content\/uploads\/2020\/07\/logo-2020.png\",\"width\":520,\"height\":490,\"caption\":\"Delicias Persas\"},\"image\":{\"@id\":\"https:\/\/deliciaspersas.com\/en\/#\/schema\/logo\/image\/\"},\"sameAs\":[\"https:\/\/www.facebook.com\/Deliciaspersas\",\"https:\/\/www.instagram.com\/delicias_persas\/\",\"https:\/\/www.linkedin.com\/delicias-persas\"]}]}<\/script>\n<!-- \/ Yoast SEO plugin. -->","yoast_head_json":{"title":"Reshteh ash 400g Tarkhineh Fideos de sopa - Delicias Persas","description":"Reshteh Ash empleados en la preparacion del Ash Reshteh: una sopa tradicional iran\u00ed compuesta de reshteh y kashk (yogurt iran\u00ed).","robots":{"index":"index","follow":"follow","max-snippet":"max-snippet:-1","max-image-preview":"max-image-preview:large","max-video-preview":"max-video-preview:-1"},"canonical":"https:\/\/deliciaspersas.com\/en\/tienda\/fideos\/reshteh-ash-400g-tarkhineh\/","og_locale":"en_US","og_type":"article","og_title":"Reshteh ash 400g Tarkhineh Fideos de sopa - Delicias Persas","og_description":"Reshteh Ash empleados en la preparacion del Ash Reshteh: una sopa tradicional iran\u00ed compuesta de reshteh y kashk (yogurt iran\u00ed).","og_url":"https:\/\/deliciaspersas.com\/en\/tienda\/fideos\/reshteh-ash-400g-tarkhineh\/","og_site_name":"Delicias Persas","article_publisher":"https:\/\/www.facebook.com\/Deliciaspersas","article_modified_time":"2026-04-26T00:14:54+00:00","og_image":[{"width":760,"height":760,"url":"https:\/\/deliciaspersas.com\/wp-content\/uploads\/Reshteh-ash-400g-Tarkhineh.jpg","type":"image\/jpeg"}],"twitter_card":"summary_large_image","twitter_misc":{"Est. reading time":"2 minutes"},"schema":{"@context":"https:\/\/schema.org","@graph":[{"@type":"WebPage","@id":"https:\/\/deliciaspersas.com\/en\/tienda\/fideos\/reshteh-ash-400g-tarkhineh\/","url":"https:\/\/deliciaspersas.com\/en\/tienda\/fideos\/reshteh-ash-400g-tarkhineh\/","name":"Reshteh ash 400g Tarkhineh Fideos de sopa - Delicias Persas","isPartOf":{"@id":"https:\/\/deliciaspersas.com\/en\/#website"},"primaryImageOfPage":{"@id":"https:\/\/deliciaspersas.com\/en\/tienda\/fideos\/reshteh-ash-400g-tarkhineh\/#primaryimage"},"image":{"@id":"https:\/\/deliciaspersas.com\/en\/tienda\/fideos\/reshteh-ash-400g-tarkhineh\/#primaryimage"},"thumbnailUrl":"https:\/\/deliciaspersas.com\/wp-content\/uploads\/Reshteh-ash-400g-Tarkhineh.jpg","datePublished":"2021-02-23T09:42:48+00:00","dateModified":"2026-04-26T00:14:54+00:00","description":"Reshteh Ash empleados en la preparacion del Ash Reshteh: una sopa tradicional iran\u00ed compuesta de reshteh y kashk (yogurt iran\u00ed).","breadcrumb":{"@id":"https:\/\/deliciaspersas.com\/en\/tienda\/fideos\/reshteh-ash-400g-tarkhineh\/#breadcrumb"},"inLanguage":"en-US","potentialAction":[{"@type":"ReadAction","target":["https:\/\/deliciaspersas.com\/en\/tienda\/fideos\/reshteh-ash-400g-tarkhineh\/"]}]},{"@type":"ImageObject","inLanguage":"en-US","@id":"https:\/\/deliciaspersas.com\/en\/tienda\/fideos\/reshteh-ash-400g-tarkhineh\/#primaryimage","url":"https:\/\/deliciaspersas.com\/wp-content\/uploads\/Reshteh-ash-400g-Tarkhineh.jpg","contentUrl":"https:\/\/deliciaspersas.com\/wp-content\/uploads\/Reshteh-ash-400g-Tarkhineh.jpg","width":760,"height":760,"caption":"Reshteh ash 400g Tarkhineh"},{"@type":"BreadcrumbList","@id":"https:\/\/deliciaspersas.com\/en\/tienda\/fideos\/reshteh-ash-400g-tarkhineh\/#breadcrumb","itemListElement":[{"@type":"ListItem","position":1,"name":"Portada","item":"https:\/\/deliciaspersas.com\/en\/"},{"@type":"ListItem","position":2,"name":"Tienda","item":"https:\/\/deliciaspersas.com\/"},{"@type":"ListItem","position":3,"name":"Reshteh ash 400g Tarkhineh Fideos de sopa"}]},{"@type":"WebSite","@id":"https:\/\/deliciaspersas.com\/en\/#website","url":"https:\/\/deliciaspersas.com\/en\/","name":"Delicias Persas","description":"Gastronom&iacute;a persa al alcance de tus manos","publisher":{"@id":"https:\/\/deliciaspersas.com\/en\/#organization"},"potentialAction":[{"@type":"SearchAction","target":{"@type":"EntryPoint","urlTemplate":"https:\/\/deliciaspersas.com\/en\/?s={search_term_string}"},"query-input":{"@type":"PropertyValueSpecification","valueRequired":true,"valueName":"search_term_string"}}],"inLanguage":"en-US"},{"@type":"Organization","@id":"https:\/\/deliciaspersas.com\/en\/#organization","name":"Delicias Persas","url":"https:\/\/deliciaspersas.com\/en\/","logo":{"@type":"ImageObject","inLanguage":"en-US","@id":"https:\/\/deliciaspersas.com\/en\/#\/schema\/logo\/image\/","url":"https:\/\/deliciaspersas.com\/wp-content\/uploads\/2020\/07\/logo-2020.png","contentUrl":"https:\/\/deliciaspersas.com\/wp-content\/uploads\/2020\/07\/logo-2020.png","width":520,"height":490,"caption":"Delicias Persas"},"image":{"@id":"https:\/\/deliciaspersas.com\/en\/#\/schema\/logo\/image\/"},"sameAs":["https:\/\/www.facebook.com\/Deliciaspersas","https:\/\/www.instagram.com\/delicias_persas\/","https:\/\/www.linkedin.com\/delicias-persas"]}]}},"uagb_featured_image_src":{"full":["https:\/\/deliciaspersas.com\/wp-content\/uploads\/Reshteh-ash-400g-Tarkhineh.jpg",760,760,false],"thumbnail":["https:\/\/deliciaspersas.com\/wp-content\/uploads\/Reshteh-ash-400g-Tarkhineh-150x150.jpg",150,150,true],"medium":["https:\/\/deliciaspersas.com\/wp-content\/uploads\/Reshteh-ash-400g-Tarkhineh-300x300.jpg",300,300,true],"medium_large":["https:\/\/deliciaspersas.com\/wp-content\/uploads\/Reshteh-ash-400g-Tarkhineh.jpg",760,760,false],"large":["https:\/\/deliciaspersas.com\/wp-content\/uploads\/Reshteh-ash-400g-Tarkhineh.jpg",760,760,false],"1536x1536":["https:\/\/deliciaspersas.com\/wp-content\/uploads\/Reshteh-ash-400g-Tarkhineh.jpg",760,760,false],"2048x2048":["https:\/\/deliciaspersas.com\/wp-content\/uploads\/Reshteh-ash-400g-Tarkhineh.jpg",760,760,false],"woocommerce_thumbnail":["https:\/\/deliciaspersas.com\/wp-content\/uploads\/Reshteh-ash-400g-Tarkhineh-300x300.jpg",300,300,true],"woocommerce_single":["https:\/\/deliciaspersas.com\/wp-content\/uploads\/Reshteh-ash-400g-Tarkhineh-600x600.jpg",600,600,true],"woocommerce_gallery_thumbnail":["https:\/\/deliciaspersas.com\/wp-content\/uploads\/Reshteh-ash-400g-Tarkhineh-100x100.jpg",100,100,true]},"uagb_author_info":{"display_name":"admin","author_link":"https:\/\/deliciaspersas.com\/en\/author\/"},"uagb_comment_info":0,"uagb_excerpt":"Fideos de sopa Reshteh ash 400g Tarkhineh Informaci\u00f3n del producto: Fideos empleados en la preparaci\u00f3n del Ash Reshteh: una sopa tradicional iran\u00ed compuesta de reshteh y kashk (yogurt iran\u00ed) Ingredientes y al\u00e9rgenos: Fideos del Ash reshteh. Usos: Estos fideos son empleados para la preparaci\u00f3n del Ash reshteh,\u00a0 una deliciosa comida o cena t\u00edpica persa. Beneficios&hellip;","brands":[{"id":83,"name":"Tarkhineh","slug":"tarkhineh"}],"_links":{"self":[{"href":"https:\/\/deliciaspersas.com\/en\/wp-json\/wp\/v2\/product\/7031"}],"collection":[{"href":"https:\/\/deliciaspersas.com\/en\/wp-json\/wp\/v2\/product"}],"about":[{"href":"https:\/\/deliciaspersas.com\/en\/wp-json\/wp\/v2\/types\/product"}],"wp:featuredmedia":[{"embeddable":true,"href":"https:\/\/deliciaspersas.com\/en\/wp-json\/wp\/v2\/media\/7032"}],"wp:attachment":[{"href":"https:\/\/deliciaspersas.com\/en\/wp-json\/wp\/v2\/media?parent=7031"}],"wp:term":[{"taxonomy":"pwb-brand","embeddable":true,"href":"https:\/\/deliciaspersas.com\/en\/wp-json\/wp\/v2\/pwb-brand?post=7031"},{"taxonomy":"product_cat","embeddable":true,"href":"https:\/\/deliciaspersas.com\/en\/wp-json\/wp\/v2\/product_cat?post=7031"},{"taxonomy":"product_tag","embeddable":true,"href":"https:\/\/deliciaspersas.com\/en\/wp-json\/wp\/v2\/product_tag?post=7031"}],"curies":[{"name":"wp","href":"https:\/\/api.w.org\/{rel}","templated":true}]}}