{"id":7040,"date":"2021-02-23T10:49:33","date_gmt":"2021-02-23T09:49:33","guid":{"rendered":"https:\/\/deliciaspersas.com\/?post_type=product&#038;p=7040"},"modified":"2023-04-28T11:46:59","modified_gmt":"2023-04-28T09:46:59","slug":"azucar-cristalizado-mixto-nabat-500g-piradel","status":"publish","type":"product","link":"https:\/\/deliciaspersas.com\/en\/tienda\/azucares\/azucar-cristalizado-mixto-nabat-500g-piradel\/","title":{"rendered":"Azucar cristalizado mixto Nabat 500g Piradel"},"content":{"rendered":"<h1>Azucar cristalizado mixto Nabat 500g Piradel<\/h1>\n<h6>Informaci\u00f3n del producto:<\/h6>\n<p>Este nabat consiste en azucar cristalizado al que se le a\u00f1ade azafr\u00e1n. (Con cucharilla de madera)<\/p>\n<p>El nabat, consiste en un tradicional alimento persa, empleado como una delicia. Adem\u00e1s de su dulce sabor, tambi\u00e9n consiste en un remedio casero medicinal, empleado desde tiempos inmemorables en todas las familias. Al hechar el nabat en agua, o en t\u00e9; consegu\u00edamos el abnabat o el chainabat, que aporta beneficios a nuestro cuerpo, como la desaparici\u00f3n de las molestias g\u00e1stricas entre otros. A esto se le suman los beneficios del azafr\u00e1n como sus propiedades antioxidantes, mejora del estado del \u00e1nimo combatiendo la depresi\u00f3n&#8230;<\/p>\n<p><span style=\"font-size: 17.6px;font-style: normal;font-weight: bold\">Usos:<\/span><\/p>\n<p>Se utiliza esencialmente en reposter\u00eda. Es\u00a0un topping id\u00f3neo\u00a0para\u00a0postres como tartas y magdalenas, aportando un efecto brillante y muy apetecible. Tambi\u00e9n se emplea\u00a0para\u00a0endulzar frutas o bebidas fr\u00edas o como edulcorante\u00a0para\u00a0el caf\u00e9 y t\u00e9, donde se disuelve lentemanete.<\/p>\n<h6>Beneficios:<\/h6>\n<p>Nabat, consiste en un tradicional alimento persa, empleado como una delicia. Adem\u00e1s de su dulce sabor, tambi\u00e9n consiste en un remedio casero medicinal, empleado desde tiempos inmemorables en todas las familias. Al hechar el nabat en agua, o en t\u00e9; consegu\u00edamos el abnabat o el chainabat, que aporta beneficios a nuestro cuerpo, como la desaparici\u00f3n de las molestias g\u00e1stricas entre otros.<\/p>\n<p>Nabat est\u00e1 compuesta de sacarosa y tiene altas propiedades anti-flatulencias y laxantes. Tambi\u00e9n es m\u00e1s c\u00e1lido que el az\u00facar. Si pone este producto al fuego, se convierte en una sustancia de color marr\u00f3n negruzco que tiene un sabor muy amargo y es un remedio casero y eficaz para tratar la diarrea.<\/p>\n<p>Puede tratar la tos:<br \/>\nChupar un tozo de Nabat detendr\u00e1 la tos y aliviar\u00e1 la carraspeo de la voz y el pecho y su dolor.<\/p>\n<p>Reduce la fatiga y la somnolencia:<br \/>\nEl consumo de Nabat con t\u00e9 alivia la somnolencia y la fatiga, por lo que es mejor para quienes conducen de noche tomar una taza de t\u00e9 dulce.<\/p>\n<h6>Ingredientes y al\u00e9rgenos:<\/h6>\n<p>Sus ingredientes son azucar cristalizado y azafr\u00e1n.<\/p>\n<h6>Condiciones de conservaci\u00f3n:<\/h6>\n<p>Conservar en un lugar fresco, seco y protegido de la luz.<\/p>\n<h6>Informaci\u00f3n adicional:<\/h6>\n<p>Fabricado por: Piradel.<\/p>\n","protected":false},"excerpt":{"rendered":"<p>Azucar cristalizado mixto Nabat 500g Piradel Informaci\u00f3n del producto: Este nabat consiste en azucar cristalizado al que se le a\u00f1ade azafr\u00e1n. (Con cucharilla de madera) El nabat, consiste en un tradicional alimento persa, empleado como una delicia. Adem\u00e1s de su dulce sabor, tambi\u00e9n consiste en un remedio casero medicinal, empleado desde tiempos inmemorables en todas [&hellip;]<\/p>\n","protected":false},"featured_media":7041,"template":"","meta":{"_surecart_dashboard_logo_width":"180px","_surecart_dashboard_show_logo":true,"_surecart_dashboard_navigation_orders":true,"_surecart_dashboard_navigation_invoices":true,"_surecart_dashboard_navigation_subscriptions":true,"_surecart_dashboard_navigation_downloads":true,"_surecart_dashboard_navigation_billing":true,"_surecart_dashboard_navigation_account":true,"_uag_custom_page_level_css":"","site-sidebar-layout":"default","site-content-layout":"default","ast-site-content-layout":"","site-content-style":"default","site-sidebar-style":"default","ast-global-header-display":"","ast-banner-title-visibility":"","ast-main-header-display":"","ast-hfb-above-header-display":"","ast-hfb-below-header-display":"","ast-hfb-mobile-header-display":"","site-post-title":"","ast-breadcrumbs-content":"","ast-featured-img":"","footer-sml-layout":"","theme-transparent-header-meta":"default","adv-header-id-meta":"","stick-header-meta":"","header-above-stick-meta":"","header-main-stick-meta":"","header-below-stick-meta":"","astra-migrate-meta-layouts":"default","ast-page-background-enabled":"default","ast-page-background-meta":{"desktop":{"background-color":"","background-image":"","background-repeat":"repeat","background-position":"center center","background-size":"auto","background-attachment":"scroll","background-type":"","background-media":"","overlay-type":"","overlay-color":"","overlay-opacity":"","overlay-gradient":""},"tablet":{"background-color":"","background-image":"","background-repeat":"repeat","background-position":"center center","background-size":"auto","background-attachment":"scroll","background-type":"","background-media":"","overlay-type":"","overlay-color":"","overlay-opacity":"","overlay-gradient":""},"mobile":{"background-color":"","background-image":"","background-repeat":"repeat","background-position":"center center","background-size":"auto","background-attachment":"scroll","background-type":"","background-media":"","overlay-type":"","overlay-color":"","overlay-opacity":"","overlay-gradient":""}},"ast-content-background-meta":{"desktop":{"background-color":"var(--ast-global-color-5)","background-image":"","background-repeat":"repeat","background-position":"center center","background-size":"auto","background-attachment":"scroll","background-type":"","background-media":"","overlay-type":"","overlay-color":"","overlay-opacity":"","overlay-gradient":""},"tablet":{"background-color":"var(--ast-global-color-5)","background-image":"","background-repeat":"repeat","background-position":"center center","background-size":"auto","background-attachment":"scroll","background-type":"","background-media":"","overlay-type":"","overlay-color":"","overlay-opacity":"","overlay-gradient":""},"mobile":{"background-color":"var(--ast-global-color-5)","background-image":"","background-repeat":"repeat","background-position":"center center","background-size":"auto","background-attachment":"scroll","background-type":"","background-media":"","overlay-type":"","overlay-color":"","overlay-opacity":"","overlay-gradient":""}}},"pwb-brand":[56],"product_cat":[47],"product_tag":[717,705,878,764,880,879],"class_list":{"0":"post-7040","1":"product","2":"type-product","3":"status-publish","4":"has-post-thumbnail","6":"pwb-brand-piradel","7":"product_cat-azucares","8":"product_tag-azafran","9":"product_tag-azucar","10":"product_tag-azucar-cristalizado","11":"product_tag-dulce","12":"product_tag-880","13":"product_tag-879","14":"desktop-align-center","15":"tablet-align-center","16":"mobile-align-center","18":"first","19":"outofstock","20":"taxable","21":"shipping-taxable","22":"purchasable","23":"product-type-simple"},"yoast_head":"<!-- This site is optimized with the Yoast SEO plugin v23.6 - https:\/\/yoast.com\/wordpress\/plugins\/seo\/ -->\n<title>Azucar cristalizado mixto Nabat 500g Piradel - Delicias Persas<\/title>\n<meta name=\"description\" content=\"Azucar cristalizado. En un dulce persa empleado como remedio casero medicinal, al que se le considera una delicia.\" \/>\n<meta name=\"robots\" content=\"index, follow, max-snippet:-1, max-image-preview:large, max-video-preview:-1\" \/>\n<link rel=\"canonical\" href=\"https:\/\/deliciaspersas.com\/en\/tienda\/azucares\/azucar-cristalizado-mixto-nabat-500g-piradel\/\" \/>\n<meta property=\"og:locale\" content=\"en_US\" \/>\n<meta property=\"og:type\" content=\"article\" \/>\n<meta property=\"og:title\" content=\"Azucar cristalizado mixto Nabat 500g Piradel - Delicias Persas\" \/>\n<meta property=\"og:description\" content=\"Azucar cristalizado. En un dulce persa empleado como remedio casero medicinal, al que se le considera una delicia.\" \/>\n<meta property=\"og:url\" content=\"https:\/\/deliciaspersas.com\/en\/tienda\/azucares\/azucar-cristalizado-mixto-nabat-500g-piradel\/\" \/>\n<meta property=\"og:site_name\" content=\"Delicias Persas\" \/>\n<meta property=\"article:publisher\" content=\"https:\/\/www.facebook.com\/Deliciaspersas\" \/>\n<meta property=\"article:modified_time\" content=\"2023-04-28T09:46:59+00:00\" \/>\n<meta property=\"og:image\" content=\"https:\/\/deliciaspersas.com\/wp-content\/uploads\/Azucar-cristalizado-mixto-Nabat-500g-Piradel.jpg\" \/>\n\t<meta property=\"og:image:width\" content=\"760\" \/>\n\t<meta property=\"og:image:height\" content=\"760\" \/>\n\t<meta property=\"og:image:type\" content=\"image\/jpeg\" \/>\n<meta name=\"twitter:card\" content=\"summary_large_image\" \/>\n<meta name=\"twitter:label1\" content=\"Est. reading time\" \/>\n\t<meta name=\"twitter:data1\" content=\"2 minutes\" \/>\n<script type=\"application\/ld+json\" class=\"yoast-schema-graph\">{\"@context\":\"https:\/\/schema.org\",\"@graph\":[{\"@type\":\"WebPage\",\"@id\":\"https:\/\/deliciaspersas.com\/en\/tienda\/azucares\/azucar-cristalizado-mixto-nabat-500g-piradel\/\",\"url\":\"https:\/\/deliciaspersas.com\/en\/tienda\/azucares\/azucar-cristalizado-mixto-nabat-500g-piradel\/\",\"name\":\"Azucar cristalizado mixto Nabat 500g Piradel - Delicias Persas\",\"isPartOf\":{\"@id\":\"https:\/\/deliciaspersas.com\/en\/#website\"},\"primaryImageOfPage\":{\"@id\":\"https:\/\/deliciaspersas.com\/en\/tienda\/azucares\/azucar-cristalizado-mixto-nabat-500g-piradel\/#primaryimage\"},\"image\":{\"@id\":\"https:\/\/deliciaspersas.com\/en\/tienda\/azucares\/azucar-cristalizado-mixto-nabat-500g-piradel\/#primaryimage\"},\"thumbnailUrl\":\"https:\/\/deliciaspersas.com\/wp-content\/uploads\/Azucar-cristalizado-mixto-Nabat-500g-Piradel.jpg\",\"datePublished\":\"2021-02-23T09:49:33+00:00\",\"dateModified\":\"2023-04-28T09:46:59+00:00\",\"description\":\"Azucar cristalizado. En un dulce persa empleado como remedio casero medicinal, al que se le considera una delicia.\",\"breadcrumb\":{\"@id\":\"https:\/\/deliciaspersas.com\/en\/tienda\/azucares\/azucar-cristalizado-mixto-nabat-500g-piradel\/#breadcrumb\"},\"inLanguage\":\"en-US\",\"potentialAction\":[{\"@type\":\"ReadAction\",\"target\":[\"https:\/\/deliciaspersas.com\/en\/tienda\/azucares\/azucar-cristalizado-mixto-nabat-500g-piradel\/\"]}]},{\"@type\":\"ImageObject\",\"inLanguage\":\"en-US\",\"@id\":\"https:\/\/deliciaspersas.com\/en\/tienda\/azucares\/azucar-cristalizado-mixto-nabat-500g-piradel\/#primaryimage\",\"url\":\"https:\/\/deliciaspersas.com\/wp-content\/uploads\/Azucar-cristalizado-mixto-Nabat-500g-Piradel.jpg\",\"contentUrl\":\"https:\/\/deliciaspersas.com\/wp-content\/uploads\/Azucar-cristalizado-mixto-Nabat-500g-Piradel.jpg\",\"width\":760,\"height\":760,\"caption\":\"Azucar cristalizado mixto Nabat 500g Piradel\"},{\"@type\":\"BreadcrumbList\",\"@id\":\"https:\/\/deliciaspersas.com\/en\/tienda\/azucares\/azucar-cristalizado-mixto-nabat-500g-piradel\/#breadcrumb\",\"itemListElement\":[{\"@type\":\"ListItem\",\"position\":1,\"name\":\"Portada\",\"item\":\"https:\/\/deliciaspersas.com\/en\/\"},{\"@type\":\"ListItem\",\"position\":2,\"name\":\"Tienda\",\"item\":\"https:\/\/deliciaspersas.com\/\"},{\"@type\":\"ListItem\",\"position\":3,\"name\":\"Azucar cristalizado mixto Nabat 500g Piradel\"}]},{\"@type\":\"WebSite\",\"@id\":\"https:\/\/deliciaspersas.com\/en\/#website\",\"url\":\"https:\/\/deliciaspersas.com\/en\/\",\"name\":\"Delicias Persas\",\"description\":\"Gastronom&iacute;a persa al alcance de tus manos\",\"publisher\":{\"@id\":\"https:\/\/deliciaspersas.com\/en\/#organization\"},\"potentialAction\":[{\"@type\":\"SearchAction\",\"target\":{\"@type\":\"EntryPoint\",\"urlTemplate\":\"https:\/\/deliciaspersas.com\/en\/?s={search_term_string}\"},\"query-input\":{\"@type\":\"PropertyValueSpecification\",\"valueRequired\":true,\"valueName\":\"search_term_string\"}}],\"inLanguage\":\"en-US\"},{\"@type\":\"Organization\",\"@id\":\"https:\/\/deliciaspersas.com\/en\/#organization\",\"name\":\"Delicias Persas\",\"url\":\"https:\/\/deliciaspersas.com\/en\/\",\"logo\":{\"@type\":\"ImageObject\",\"inLanguage\":\"en-US\",\"@id\":\"https:\/\/deliciaspersas.com\/en\/#\/schema\/logo\/image\/\",\"url\":\"https:\/\/deliciaspersas.com\/wp-content\/uploads\/2020\/07\/logo-2020.png\",\"contentUrl\":\"https:\/\/deliciaspersas.com\/wp-content\/uploads\/2020\/07\/logo-2020.png\",\"width\":520,\"height\":490,\"caption\":\"Delicias Persas\"},\"image\":{\"@id\":\"https:\/\/deliciaspersas.com\/en\/#\/schema\/logo\/image\/\"},\"sameAs\":[\"https:\/\/www.facebook.com\/Deliciaspersas\",\"https:\/\/www.instagram.com\/delicias_persas\/\",\"https:\/\/www.linkedin.com\/delicias-persas\"]}]}<\/script>\n<!-- \/ Yoast SEO plugin. -->","yoast_head_json":{"title":"Azucar cristalizado mixto Nabat 500g Piradel - Delicias Persas","description":"Azucar cristalizado. En un dulce persa empleado como remedio casero medicinal, al que se le considera una delicia.","robots":{"index":"index","follow":"follow","max-snippet":"max-snippet:-1","max-image-preview":"max-image-preview:large","max-video-preview":"max-video-preview:-1"},"canonical":"https:\/\/deliciaspersas.com\/en\/tienda\/azucares\/azucar-cristalizado-mixto-nabat-500g-piradel\/","og_locale":"en_US","og_type":"article","og_title":"Azucar cristalizado mixto Nabat 500g Piradel - Delicias Persas","og_description":"Azucar cristalizado. En un dulce persa empleado como remedio casero medicinal, al que se le considera una delicia.","og_url":"https:\/\/deliciaspersas.com\/en\/tienda\/azucares\/azucar-cristalizado-mixto-nabat-500g-piradel\/","og_site_name":"Delicias Persas","article_publisher":"https:\/\/www.facebook.com\/Deliciaspersas","article_modified_time":"2023-04-28T09:46:59+00:00","og_image":[{"width":760,"height":760,"url":"https:\/\/deliciaspersas.com\/wp-content\/uploads\/Azucar-cristalizado-mixto-Nabat-500g-Piradel.jpg","type":"image\/jpeg"}],"twitter_card":"summary_large_image","twitter_misc":{"Est. reading time":"2 minutes"},"schema":{"@context":"https:\/\/schema.org","@graph":[{"@type":"WebPage","@id":"https:\/\/deliciaspersas.com\/en\/tienda\/azucares\/azucar-cristalizado-mixto-nabat-500g-piradel\/","url":"https:\/\/deliciaspersas.com\/en\/tienda\/azucares\/azucar-cristalizado-mixto-nabat-500g-piradel\/","name":"Azucar cristalizado mixto Nabat 500g Piradel - Delicias Persas","isPartOf":{"@id":"https:\/\/deliciaspersas.com\/en\/#website"},"primaryImageOfPage":{"@id":"https:\/\/deliciaspersas.com\/en\/tienda\/azucares\/azucar-cristalizado-mixto-nabat-500g-piradel\/#primaryimage"},"image":{"@id":"https:\/\/deliciaspersas.com\/en\/tienda\/azucares\/azucar-cristalizado-mixto-nabat-500g-piradel\/#primaryimage"},"thumbnailUrl":"https:\/\/deliciaspersas.com\/wp-content\/uploads\/Azucar-cristalizado-mixto-Nabat-500g-Piradel.jpg","datePublished":"2021-02-23T09:49:33+00:00","dateModified":"2023-04-28T09:46:59+00:00","description":"Azucar cristalizado. En un dulce persa empleado como remedio casero medicinal, al que se le considera una delicia.","breadcrumb":{"@id":"https:\/\/deliciaspersas.com\/en\/tienda\/azucares\/azucar-cristalizado-mixto-nabat-500g-piradel\/#breadcrumb"},"inLanguage":"en-US","potentialAction":[{"@type":"ReadAction","target":["https:\/\/deliciaspersas.com\/en\/tienda\/azucares\/azucar-cristalizado-mixto-nabat-500g-piradel\/"]}]},{"@type":"ImageObject","inLanguage":"en-US","@id":"https:\/\/deliciaspersas.com\/en\/tienda\/azucares\/azucar-cristalizado-mixto-nabat-500g-piradel\/#primaryimage","url":"https:\/\/deliciaspersas.com\/wp-content\/uploads\/Azucar-cristalizado-mixto-Nabat-500g-Piradel.jpg","contentUrl":"https:\/\/deliciaspersas.com\/wp-content\/uploads\/Azucar-cristalizado-mixto-Nabat-500g-Piradel.jpg","width":760,"height":760,"caption":"Azucar cristalizado mixto Nabat 500g Piradel"},{"@type":"BreadcrumbList","@id":"https:\/\/deliciaspersas.com\/en\/tienda\/azucares\/azucar-cristalizado-mixto-nabat-500g-piradel\/#breadcrumb","itemListElement":[{"@type":"ListItem","position":1,"name":"Portada","item":"https:\/\/deliciaspersas.com\/en\/"},{"@type":"ListItem","position":2,"name":"Tienda","item":"https:\/\/deliciaspersas.com\/"},{"@type":"ListItem","position":3,"name":"Azucar cristalizado mixto Nabat 500g Piradel"}]},{"@type":"WebSite","@id":"https:\/\/deliciaspersas.com\/en\/#website","url":"https:\/\/deliciaspersas.com\/en\/","name":"Delicias Persas","description":"Gastronom&iacute;a persa al alcance de tus manos","publisher":{"@id":"https:\/\/deliciaspersas.com\/en\/#organization"},"potentialAction":[{"@type":"SearchAction","target":{"@type":"EntryPoint","urlTemplate":"https:\/\/deliciaspersas.com\/en\/?s={search_term_string}"},"query-input":{"@type":"PropertyValueSpecification","valueRequired":true,"valueName":"search_term_string"}}],"inLanguage":"en-US"},{"@type":"Organization","@id":"https:\/\/deliciaspersas.com\/en\/#organization","name":"Delicias Persas","url":"https:\/\/deliciaspersas.com\/en\/","logo":{"@type":"ImageObject","inLanguage":"en-US","@id":"https:\/\/deliciaspersas.com\/en\/#\/schema\/logo\/image\/","url":"https:\/\/deliciaspersas.com\/wp-content\/uploads\/2020\/07\/logo-2020.png","contentUrl":"https:\/\/deliciaspersas.com\/wp-content\/uploads\/2020\/07\/logo-2020.png","width":520,"height":490,"caption":"Delicias Persas"},"image":{"@id":"https:\/\/deliciaspersas.com\/en\/#\/schema\/logo\/image\/"},"sameAs":["https:\/\/www.facebook.com\/Deliciaspersas","https:\/\/www.instagram.com\/delicias_persas\/","https:\/\/www.linkedin.com\/delicias-persas"]}]}},"uagb_featured_image_src":{"full":["https:\/\/deliciaspersas.com\/wp-content\/uploads\/Azucar-cristalizado-mixto-Nabat-500g-Piradel.jpg",760,760,false],"thumbnail":["https:\/\/deliciaspersas.com\/wp-content\/uploads\/Azucar-cristalizado-mixto-Nabat-500g-Piradel-150x150.jpg",150,150,true],"medium":["https:\/\/deliciaspersas.com\/wp-content\/uploads\/Azucar-cristalizado-mixto-Nabat-500g-Piradel-300x300.jpg",300,300,true],"medium_large":["https:\/\/deliciaspersas.com\/wp-content\/uploads\/Azucar-cristalizado-mixto-Nabat-500g-Piradel.jpg",760,760,false],"large":["https:\/\/deliciaspersas.com\/wp-content\/uploads\/Azucar-cristalizado-mixto-Nabat-500g-Piradel.jpg",760,760,false],"1536x1536":["https:\/\/deliciaspersas.com\/wp-content\/uploads\/Azucar-cristalizado-mixto-Nabat-500g-Piradel.jpg",760,760,false],"2048x2048":["https:\/\/deliciaspersas.com\/wp-content\/uploads\/Azucar-cristalizado-mixto-Nabat-500g-Piradel.jpg",760,760,false],"woocommerce_thumbnail":["https:\/\/deliciaspersas.com\/wp-content\/uploads\/Azucar-cristalizado-mixto-Nabat-500g-Piradel-300x300.jpg",300,300,true],"woocommerce_single":["https:\/\/deliciaspersas.com\/wp-content\/uploads\/Azucar-cristalizado-mixto-Nabat-500g-Piradel-600x600.jpg",600,600,true],"woocommerce_gallery_thumbnail":["https:\/\/deliciaspersas.com\/wp-content\/uploads\/Azucar-cristalizado-mixto-Nabat-500g-Piradel-100x100.jpg",100,100,true]},"uagb_author_info":{"display_name":"admin","author_link":"https:\/\/deliciaspersas.com\/en\/author\/"},"uagb_comment_info":0,"uagb_excerpt":"Azucar cristalizado mixto Nabat 500g Piradel Informaci\u00f3n del producto: Este nabat consiste en azucar cristalizado al que se le a\u00f1ade azafr\u00e1n. (Con cucharilla de madera) El nabat, consiste en un tradicional alimento persa, empleado como una delicia. Adem\u00e1s de su dulce sabor, tambi\u00e9n consiste en un remedio casero medicinal, empleado desde tiempos inmemorables en todas&hellip;","brands":[{"id":56,"name":"Piradel","slug":"piradel"}],"_links":{"self":[{"href":"https:\/\/deliciaspersas.com\/en\/wp-json\/wp\/v2\/product\/7040"}],"collection":[{"href":"https:\/\/deliciaspersas.com\/en\/wp-json\/wp\/v2\/product"}],"about":[{"href":"https:\/\/deliciaspersas.com\/en\/wp-json\/wp\/v2\/types\/product"}],"wp:featuredmedia":[{"embeddable":true,"href":"https:\/\/deliciaspersas.com\/en\/wp-json\/wp\/v2\/media\/7041"}],"wp:attachment":[{"href":"https:\/\/deliciaspersas.com\/en\/wp-json\/wp\/v2\/media?parent=7040"}],"wp:term":[{"taxonomy":"pwb-brand","embeddable":true,"href":"https:\/\/deliciaspersas.com\/en\/wp-json\/wp\/v2\/pwb-brand?post=7040"},{"taxonomy":"product_cat","embeddable":true,"href":"https:\/\/deliciaspersas.com\/en\/wp-json\/wp\/v2\/product_cat?post=7040"},{"taxonomy":"product_tag","embeddable":true,"href":"https:\/\/deliciaspersas.com\/en\/wp-json\/wp\/v2\/product_tag?post=7040"}],"curies":[{"name":"wp","href":"https:\/\/api.w.org\/{rel}","templated":true}]}}