{"id":7081,"date":"2021-02-23T11:18:55","date_gmt":"2021-02-23T10:18:55","guid":{"rendered":"https:\/\/deliciaspersas.com\/?post_type=product&#038;p=7081"},"modified":"2024-11-30T18:13:13","modified_gmt":"2024-11-30T17:13:13","slug":"cascara-de-naranja-deshidratada-100g-granel-khalal-naranj-dayan","status":"publish","type":"product","link":"https:\/\/deliciaspersas.com\/en\/tienda\/especias\/cascara-de-naranja-deshidratada-100g-granel-khalal-naranj-dayan\/","title":{"rendered":"C\u00e1scara de naranja deshidratada 100g Granel ( Khalal naranj ) Dayan"},"content":{"rendered":"<h1>C\u00e1scara de naranja deshidratada 100g Granel ( Khalal naranj ) Dayan<\/h1>\n<h6>Informaci\u00f3n del producto:<\/h6>\n<p>C\u00e1scara de naranja deshidratada.<\/p>\n<p>Muy usado en plato de arroz y guisos, como Morasa Polo. Aporta a tus platos un olor \u00fanico y sensacional.<\/p>\n<h6>Usos:<\/h6>\n<p>Recetas, ensaladas, todo tipo de verduras, platos fr\u00edos y calientes.<\/p>\n<h6>Propiedades:<\/h6>\n<p><strong>Previene el colesterol<\/strong><\/p>\n<p>Los fitoqu\u00edmicos y flavonoides que contiene este alimento la convierten en un remedio natural contra los descontroles en el colesterol.<\/p>\n<p>Estos antioxidantes limpian las arterias y\u00a0previenen la formaci\u00f3n de la placa lip\u00eddica que provoca obstrucci\u00f3n y co\u00e1gulos.<\/p>\n<p><strong>Combate la acidez<\/strong><\/p>\n<p>Los compuestos activos que contiene este ingrediente tienen un efecto alcalino que contribuye a reducir la acidez estomacal. Su consumo, ya sea en batidos o t\u00e9, equilibra el pH digestivo y disminuye el exceso de formaci\u00f3n de \u00e1cidos ante las dificultades digestivas.<\/p>\n<p>En casos de acidez severa y repetitiva se recomienda tomarla a diario por un periodo de 20 d\u00edas.<\/p>\n<p><strong>Alivia los problemas digestivo<\/strong><\/p>\n<p>Su ingesta regular disminuye el tr\u00e1nsito intestinal lento y, a su vez, promueve la eliminaci\u00f3n de los desechos que se retienen en el colon.<\/p>\n<p>Se trata de uno de los mejores remedios caseros para evitar el s\u00edndrome de colon irritable, la diarrea y los trastornos inflamatorios.<\/p>\n<p>Por si fuera poco, es calmante y le brinda efectos positivos a la flora microbiana que protege el intestino.<\/p>\n<p><strong>Es antibacteriana<\/strong><\/p>\n<p>Los extractos naturales de este ingrediente cuentan con una alta concentraci\u00f3n de compuestos fen\u00f3licos y antioxidantes que, a su vez,\u00a0le confieren cualidades antimicrobianas y bactericidas.<\/p>\n<p><strong>Previene y combate las enfermedades respiratorias<\/strong><\/p>\n<p>Este alimento tiene hasta 10 veces m\u00e1s vitamina C que el zumo y, por lo tanto, es una de las mejores aliadas para fortalecer el sistema inmunitario.<\/p>\n<p>Este nutriente antioxidante impide la proliferaci\u00f3n de virus y bacterias, y refuerza los mecanismos de defensa para prevenir enfermedades respiratorias\u00a0como:<\/p>\n<ul>\n<li>Bronquitis<\/li>\n<li>Resfriado<\/li>\n<li>Gripe<\/li>\n<li>Alergias<\/li>\n<li>Asma<\/li>\n<\/ul>\n<p><strong>Mejora la salud dental<\/strong><\/p>\n<p>Masticar un poco de cascara de naranja es un h\u00e1bito que permite:<\/p>\n<ul>\n<li>Refrescar el aliento.<\/li>\n<li>Controlar las bacterias.<\/li>\n<li>Evitar las antiest\u00e9ticas manchas amarillas.<\/li>\n<\/ul>\n<h6>Ingredientes y al\u00e9rgenos:<\/h6>\n<p>Piel de naranja.<\/p>\n<h6>Condiciones de conservaci\u00f3n:<\/h6>\n<p>Conservar en un lugar fresco, seco y protegido de la luz.<\/p>\n<h6>Informaci\u00f3n adicional:<\/h6>\n<p>Fabricado por: Dayan<\/p>\n","protected":false},"excerpt":{"rendered":"<p>C\u00e1scara de naranja deshidratada 100g Granel ( Khalal naranj ) Dayan Informaci\u00f3n del producto: C\u00e1scara de naranja deshidratada. Muy usado en plato de arroz y guisos, como Morasa Polo. Aporta a tus platos un olor \u00fanico y sensacional. Usos: Recetas, ensaladas, todo tipo de verduras, platos fr\u00edos y calientes. Propiedades: Previene el colesterol Los fitoqu\u00edmicos [&hellip;]<\/p>\n","protected":false},"featured_media":15144,"template":"","meta":{"_surecart_dashboard_logo_width":"180px","_surecart_dashboard_show_logo":true,"_surecart_dashboard_navigation_orders":true,"_surecart_dashboard_navigation_invoices":true,"_surecart_dashboard_navigation_subscriptions":true,"_surecart_dashboard_navigation_downloads":true,"_surecart_dashboard_navigation_billing":true,"_surecart_dashboard_navigation_account":true,"_uag_custom_page_level_css":"","site-sidebar-layout":"default","site-content-layout":"default","ast-site-content-layout":"default","site-content-style":"default","site-sidebar-style":"default","ast-global-header-display":"","ast-banner-title-visibility":"","ast-main-header-display":"","ast-hfb-above-header-display":"","ast-hfb-below-header-display":"","ast-hfb-mobile-header-display":"","site-post-title":"","ast-breadcrumbs-content":"","ast-featured-img":"","footer-sml-layout":"","theme-transparent-header-meta":"default","adv-header-id-meta":"","stick-header-meta":"","header-above-stick-meta":"","header-main-stick-meta":"","header-below-stick-meta":"","astra-migrate-meta-layouts":"set","ast-page-background-enabled":"default","ast-page-background-meta":{"desktop":{"background-color":"","background-image":"","background-repeat":"repeat","background-position":"center center","background-size":"auto","background-attachment":"scroll","background-type":"","background-media":"","overlay-type":"","overlay-color":"","overlay-opacity":"","overlay-gradient":""},"tablet":{"background-color":"","background-image":"","background-repeat":"repeat","background-position":"center center","background-size":"auto","background-attachment":"scroll","background-type":"","background-media":"","overlay-type":"","overlay-color":"","overlay-opacity":"","overlay-gradient":""},"mobile":{"background-color":"","background-image":"","background-repeat":"repeat","background-position":"center center","background-size":"auto","background-attachment":"scroll","background-type":"","background-media":"","overlay-type":"","overlay-color":"","overlay-opacity":"","overlay-gradient":""}},"ast-content-background-meta":{"desktop":{"background-color":"var(--ast-global-color-5)","background-image":"","background-repeat":"repeat","background-position":"center center","background-size":"auto","background-attachment":"scroll","background-type":"","background-media":"","overlay-type":"","overlay-color":"","overlay-opacity":"","overlay-gradient":""},"tablet":{"background-color":"var(--ast-global-color-5)","background-image":"","background-repeat":"repeat","background-position":"center center","background-size":"auto","background-attachment":"scroll","background-type":"","background-media":"","overlay-type":"","overlay-color":"","overlay-opacity":"","overlay-gradient":""},"mobile":{"background-color":"var(--ast-global-color-5)","background-image":"","background-repeat":"repeat","background-position":"center center","background-size":"auto","background-attachment":"scroll","background-type":"","background-media":"","overlay-type":"","overlay-color":"","overlay-opacity":"","overlay-gradient":""}}},"pwb-brand":[52],"product_cat":[39,32,33],"product_tag":[553,555,1562,1563,554,735],"class_list":{"0":"post-7081","1":"product","2":"type-product","3":"status-publish","4":"has-post-thumbnail","6":"pwb-brand-donya","7":"product_cat-destilados","8":"product_cat-especias","9":"product_cat-frutas","10":"product_tag-cascara","11":"product_tag-deshidratada","12":"product_tag-khalal","13":"product_tag-naranj","14":"product_tag-naranja","15":"product_tag-naranja-deshidratada","16":"desktop-align-center","17":"tablet-align-center","18":"mobile-align-center","20":"first","21":"instock","22":"taxable","23":"shipping-taxable","24":"purchasable","25":"product-type-simple"},"yoast_head":"<!-- This site is optimized with the Yoast SEO plugin v23.6 - https:\/\/yoast.com\/wordpress\/plugins\/seo\/ -->\n<title>C\u00e1scara de naranja deshidratada 100g Granel ( Khalal naranj ) Dayan - Delicias Persas<\/title>\n<meta name=\"description\" content=\"C\u00e1scara de naranja deshidratada. Muy usado en plato de arroz y guisos, como Morasa Polo. Aporta a tus platos un olor \u00fanico y sensacional.\" \/>\n<meta name=\"robots\" content=\"index, follow, max-snippet:-1, max-image-preview:large, max-video-preview:-1\" \/>\n<link rel=\"canonical\" href=\"https:\/\/deliciaspersas.com\/en\/tienda\/especias\/cascara-de-naranja-deshidratada-100g-granel-khalal-naranj-dayan\/\" \/>\n<meta property=\"og:locale\" content=\"en_US\" \/>\n<meta property=\"og:type\" content=\"article\" \/>\n<meta property=\"og:title\" content=\"C\u00e1scara de naranja deshidratada 100g Granel ( Khalal naranj ) Dayan - Delicias Persas\" \/>\n<meta property=\"og:description\" content=\"C\u00e1scara de naranja deshidratada. Muy usado en plato de arroz y guisos, como Morasa Polo. Aporta a tus platos un olor \u00fanico y sensacional.\" \/>\n<meta property=\"og:url\" content=\"https:\/\/deliciaspersas.com\/en\/tienda\/especias\/cascara-de-naranja-deshidratada-100g-granel-khalal-naranj-dayan\/\" \/>\n<meta property=\"og:site_name\" content=\"Delicias Persas\" \/>\n<meta property=\"article:publisher\" content=\"https:\/\/www.facebook.com\/Deliciaspersas\" \/>\n<meta property=\"article:modified_time\" content=\"2024-11-30T17:13:13+00:00\" \/>\n<meta property=\"og:image\" content=\"https:\/\/deliciaspersas.com\/wp-content\/uploads\/Khalal-naranj-Dayan.jpg\" \/>\n\t<meta property=\"og:image:width\" content=\"1200\" \/>\n\t<meta property=\"og:image:height\" content=\"800\" \/>\n\t<meta property=\"og:image:type\" content=\"image\/jpeg\" \/>\n<meta name=\"twitter:card\" content=\"summary_large_image\" \/>\n<meta name=\"twitter:label1\" content=\"Est. reading time\" \/>\n\t<meta name=\"twitter:data1\" content=\"2 minutes\" \/>\n<script type=\"application\/ld+json\" class=\"yoast-schema-graph\">{\"@context\":\"https:\/\/schema.org\",\"@graph\":[{\"@type\":\"WebPage\",\"@id\":\"https:\/\/deliciaspersas.com\/en\/tienda\/especias\/cascara-de-naranja-deshidratada-100g-granel-khalal-naranj-dayan\/\",\"url\":\"https:\/\/deliciaspersas.com\/en\/tienda\/especias\/cascara-de-naranja-deshidratada-100g-granel-khalal-naranj-dayan\/\",\"name\":\"C\u00e1scara de naranja deshidratada 100g Granel ( Khalal naranj ) Dayan - Delicias Persas\",\"isPartOf\":{\"@id\":\"https:\/\/deliciaspersas.com\/en\/#website\"},\"primaryImageOfPage\":{\"@id\":\"https:\/\/deliciaspersas.com\/en\/tienda\/especias\/cascara-de-naranja-deshidratada-100g-granel-khalal-naranj-dayan\/#primaryimage\"},\"image\":{\"@id\":\"https:\/\/deliciaspersas.com\/en\/tienda\/especias\/cascara-de-naranja-deshidratada-100g-granel-khalal-naranj-dayan\/#primaryimage\"},\"thumbnailUrl\":\"https:\/\/deliciaspersas.com\/wp-content\/uploads\/Khalal-naranj-Dayan.jpg\",\"datePublished\":\"2021-02-23T10:18:55+00:00\",\"dateModified\":\"2024-11-30T17:13:13+00:00\",\"description\":\"C\u00e1scara de naranja deshidratada. Muy usado en plato de arroz y guisos, como Morasa Polo. Aporta a tus platos un olor \u00fanico y sensacional.\",\"breadcrumb\":{\"@id\":\"https:\/\/deliciaspersas.com\/en\/tienda\/especias\/cascara-de-naranja-deshidratada-100g-granel-khalal-naranj-dayan\/#breadcrumb\"},\"inLanguage\":\"en-US\",\"potentialAction\":[{\"@type\":\"ReadAction\",\"target\":[\"https:\/\/deliciaspersas.com\/en\/tienda\/especias\/cascara-de-naranja-deshidratada-100g-granel-khalal-naranj-dayan\/\"]}]},{\"@type\":\"ImageObject\",\"inLanguage\":\"en-US\",\"@id\":\"https:\/\/deliciaspersas.com\/en\/tienda\/especias\/cascara-de-naranja-deshidratada-100g-granel-khalal-naranj-dayan\/#primaryimage\",\"url\":\"https:\/\/deliciaspersas.com\/wp-content\/uploads\/Khalal-naranj-Dayan.jpg\",\"contentUrl\":\"https:\/\/deliciaspersas.com\/wp-content\/uploads\/Khalal-naranj-Dayan.jpg\",\"width\":1200,\"height\":800},{\"@type\":\"BreadcrumbList\",\"@id\":\"https:\/\/deliciaspersas.com\/en\/tienda\/especias\/cascara-de-naranja-deshidratada-100g-granel-khalal-naranj-dayan\/#breadcrumb\",\"itemListElement\":[{\"@type\":\"ListItem\",\"position\":1,\"name\":\"Portada\",\"item\":\"https:\/\/deliciaspersas.com\/en\/\"},{\"@type\":\"ListItem\",\"position\":2,\"name\":\"Tienda\",\"item\":\"https:\/\/deliciaspersas.com\/\"},{\"@type\":\"ListItem\",\"position\":3,\"name\":\"C\u00e1scara de naranja deshidratada 100g Granel ( Khalal naranj ) Dayan\"}]},{\"@type\":\"WebSite\",\"@id\":\"https:\/\/deliciaspersas.com\/en\/#website\",\"url\":\"https:\/\/deliciaspersas.com\/en\/\",\"name\":\"Delicias Persas\",\"description\":\"Gastronom&iacute;a persa al alcance de tus manos\",\"publisher\":{\"@id\":\"https:\/\/deliciaspersas.com\/en\/#organization\"},\"potentialAction\":[{\"@type\":\"SearchAction\",\"target\":{\"@type\":\"EntryPoint\",\"urlTemplate\":\"https:\/\/deliciaspersas.com\/en\/?s={search_term_string}\"},\"query-input\":{\"@type\":\"PropertyValueSpecification\",\"valueRequired\":true,\"valueName\":\"search_term_string\"}}],\"inLanguage\":\"en-US\"},{\"@type\":\"Organization\",\"@id\":\"https:\/\/deliciaspersas.com\/en\/#organization\",\"name\":\"Delicias Persas\",\"url\":\"https:\/\/deliciaspersas.com\/en\/\",\"logo\":{\"@type\":\"ImageObject\",\"inLanguage\":\"en-US\",\"@id\":\"https:\/\/deliciaspersas.com\/en\/#\/schema\/logo\/image\/\",\"url\":\"https:\/\/deliciaspersas.com\/wp-content\/uploads\/2020\/07\/logo-2020.png\",\"contentUrl\":\"https:\/\/deliciaspersas.com\/wp-content\/uploads\/2020\/07\/logo-2020.png\",\"width\":520,\"height\":490,\"caption\":\"Delicias Persas\"},\"image\":{\"@id\":\"https:\/\/deliciaspersas.com\/en\/#\/schema\/logo\/image\/\"},\"sameAs\":[\"https:\/\/www.facebook.com\/Deliciaspersas\",\"https:\/\/www.instagram.com\/delicias_persas\/\",\"https:\/\/www.linkedin.com\/delicias-persas\"]}]}<\/script>\n<!-- \/ Yoast SEO plugin. -->","yoast_head_json":{"title":"C\u00e1scara de naranja deshidratada 100g Granel ( Khalal naranj ) Dayan - Delicias Persas","description":"C\u00e1scara de naranja deshidratada. Muy usado en plato de arroz y guisos, como Morasa Polo. Aporta a tus platos un olor \u00fanico y sensacional.","robots":{"index":"index","follow":"follow","max-snippet":"max-snippet:-1","max-image-preview":"max-image-preview:large","max-video-preview":"max-video-preview:-1"},"canonical":"https:\/\/deliciaspersas.com\/en\/tienda\/especias\/cascara-de-naranja-deshidratada-100g-granel-khalal-naranj-dayan\/","og_locale":"en_US","og_type":"article","og_title":"C\u00e1scara de naranja deshidratada 100g Granel ( Khalal naranj ) Dayan - Delicias Persas","og_description":"C\u00e1scara de naranja deshidratada. Muy usado en plato de arroz y guisos, como Morasa Polo. Aporta a tus platos un olor \u00fanico y sensacional.","og_url":"https:\/\/deliciaspersas.com\/en\/tienda\/especias\/cascara-de-naranja-deshidratada-100g-granel-khalal-naranj-dayan\/","og_site_name":"Delicias Persas","article_publisher":"https:\/\/www.facebook.com\/Deliciaspersas","article_modified_time":"2024-11-30T17:13:13+00:00","og_image":[{"width":1200,"height":800,"url":"https:\/\/deliciaspersas.com\/wp-content\/uploads\/Khalal-naranj-Dayan.jpg","type":"image\/jpeg"}],"twitter_card":"summary_large_image","twitter_misc":{"Est. reading time":"2 minutes"},"schema":{"@context":"https:\/\/schema.org","@graph":[{"@type":"WebPage","@id":"https:\/\/deliciaspersas.com\/en\/tienda\/especias\/cascara-de-naranja-deshidratada-100g-granel-khalal-naranj-dayan\/","url":"https:\/\/deliciaspersas.com\/en\/tienda\/especias\/cascara-de-naranja-deshidratada-100g-granel-khalal-naranj-dayan\/","name":"C\u00e1scara de naranja deshidratada 100g Granel ( Khalal naranj ) Dayan - Delicias Persas","isPartOf":{"@id":"https:\/\/deliciaspersas.com\/en\/#website"},"primaryImageOfPage":{"@id":"https:\/\/deliciaspersas.com\/en\/tienda\/especias\/cascara-de-naranja-deshidratada-100g-granel-khalal-naranj-dayan\/#primaryimage"},"image":{"@id":"https:\/\/deliciaspersas.com\/en\/tienda\/especias\/cascara-de-naranja-deshidratada-100g-granel-khalal-naranj-dayan\/#primaryimage"},"thumbnailUrl":"https:\/\/deliciaspersas.com\/wp-content\/uploads\/Khalal-naranj-Dayan.jpg","datePublished":"2021-02-23T10:18:55+00:00","dateModified":"2024-11-30T17:13:13+00:00","description":"C\u00e1scara de naranja deshidratada. Muy usado en plato de arroz y guisos, como Morasa Polo. Aporta a tus platos un olor \u00fanico y sensacional.","breadcrumb":{"@id":"https:\/\/deliciaspersas.com\/en\/tienda\/especias\/cascara-de-naranja-deshidratada-100g-granel-khalal-naranj-dayan\/#breadcrumb"},"inLanguage":"en-US","potentialAction":[{"@type":"ReadAction","target":["https:\/\/deliciaspersas.com\/en\/tienda\/especias\/cascara-de-naranja-deshidratada-100g-granel-khalal-naranj-dayan\/"]}]},{"@type":"ImageObject","inLanguage":"en-US","@id":"https:\/\/deliciaspersas.com\/en\/tienda\/especias\/cascara-de-naranja-deshidratada-100g-granel-khalal-naranj-dayan\/#primaryimage","url":"https:\/\/deliciaspersas.com\/wp-content\/uploads\/Khalal-naranj-Dayan.jpg","contentUrl":"https:\/\/deliciaspersas.com\/wp-content\/uploads\/Khalal-naranj-Dayan.jpg","width":1200,"height":800},{"@type":"BreadcrumbList","@id":"https:\/\/deliciaspersas.com\/en\/tienda\/especias\/cascara-de-naranja-deshidratada-100g-granel-khalal-naranj-dayan\/#breadcrumb","itemListElement":[{"@type":"ListItem","position":1,"name":"Portada","item":"https:\/\/deliciaspersas.com\/en\/"},{"@type":"ListItem","position":2,"name":"Tienda","item":"https:\/\/deliciaspersas.com\/"},{"@type":"ListItem","position":3,"name":"C\u00e1scara de naranja deshidratada 100g Granel ( Khalal naranj ) Dayan"}]},{"@type":"WebSite","@id":"https:\/\/deliciaspersas.com\/en\/#website","url":"https:\/\/deliciaspersas.com\/en\/","name":"Delicias Persas","description":"Gastronom&iacute;a persa al alcance de tus manos","publisher":{"@id":"https:\/\/deliciaspersas.com\/en\/#organization"},"potentialAction":[{"@type":"SearchAction","target":{"@type":"EntryPoint","urlTemplate":"https:\/\/deliciaspersas.com\/en\/?s={search_term_string}"},"query-input":{"@type":"PropertyValueSpecification","valueRequired":true,"valueName":"search_term_string"}}],"inLanguage":"en-US"},{"@type":"Organization","@id":"https:\/\/deliciaspersas.com\/en\/#organization","name":"Delicias Persas","url":"https:\/\/deliciaspersas.com\/en\/","logo":{"@type":"ImageObject","inLanguage":"en-US","@id":"https:\/\/deliciaspersas.com\/en\/#\/schema\/logo\/image\/","url":"https:\/\/deliciaspersas.com\/wp-content\/uploads\/2020\/07\/logo-2020.png","contentUrl":"https:\/\/deliciaspersas.com\/wp-content\/uploads\/2020\/07\/logo-2020.png","width":520,"height":490,"caption":"Delicias Persas"},"image":{"@id":"https:\/\/deliciaspersas.com\/en\/#\/schema\/logo\/image\/"},"sameAs":["https:\/\/www.facebook.com\/Deliciaspersas","https:\/\/www.instagram.com\/delicias_persas\/","https:\/\/www.linkedin.com\/delicias-persas"]}]}},"uagb_featured_image_src":{"full":["https:\/\/deliciaspersas.com\/wp-content\/uploads\/Khalal-naranj-Dayan.jpg",1200,800,false],"thumbnail":["https:\/\/deliciaspersas.com\/wp-content\/uploads\/Khalal-naranj-Dayan-150x150.jpg",150,150,true],"medium":["https:\/\/deliciaspersas.com\/wp-content\/uploads\/Khalal-naranj-Dayan-300x200.jpg",300,200,true],"medium_large":["https:\/\/deliciaspersas.com\/wp-content\/uploads\/Khalal-naranj-Dayan-768x512.jpg",768,512,true],"large":["https:\/\/deliciaspersas.com\/wp-content\/uploads\/Khalal-naranj-Dayan-1024x683.jpg",1024,683,true],"1536x1536":["https:\/\/deliciaspersas.com\/wp-content\/uploads\/Khalal-naranj-Dayan.jpg",1200,800,false],"2048x2048":["https:\/\/deliciaspersas.com\/wp-content\/uploads\/Khalal-naranj-Dayan.jpg",1200,800,false],"woocommerce_thumbnail":["https:\/\/deliciaspersas.com\/wp-content\/uploads\/Khalal-naranj-Dayan-300x300.jpg",300,300,true],"woocommerce_single":["https:\/\/deliciaspersas.com\/wp-content\/uploads\/Khalal-naranj-Dayan-600x400.jpg",600,400,true],"woocommerce_gallery_thumbnail":["https:\/\/deliciaspersas.com\/wp-content\/uploads\/Khalal-naranj-Dayan-100x100.jpg",100,100,true]},"uagb_author_info":{"display_name":"admin","author_link":"https:\/\/deliciaspersas.com\/en\/author\/"},"uagb_comment_info":0,"uagb_excerpt":"C\u00e1scara de naranja deshidratada 100g Granel ( Khalal naranj ) Dayan Informaci\u00f3n del producto: C\u00e1scara de naranja deshidratada. Muy usado en plato de arroz y guisos, como Morasa Polo. Aporta a tus platos un olor \u00fanico y sensacional. Usos: Recetas, ensaladas, todo tipo de verduras, platos fr\u00edos y calientes. Propiedades: Previene el colesterol Los fitoqu\u00edmicos&hellip;","brands":[{"id":52,"name":"Donya","slug":"donya"}],"_links":{"self":[{"href":"https:\/\/deliciaspersas.com\/en\/wp-json\/wp\/v2\/product\/7081"}],"collection":[{"href":"https:\/\/deliciaspersas.com\/en\/wp-json\/wp\/v2\/product"}],"about":[{"href":"https:\/\/deliciaspersas.com\/en\/wp-json\/wp\/v2\/types\/product"}],"wp:featuredmedia":[{"embeddable":true,"href":"https:\/\/deliciaspersas.com\/en\/wp-json\/wp\/v2\/media\/15144"}],"wp:attachment":[{"href":"https:\/\/deliciaspersas.com\/en\/wp-json\/wp\/v2\/media?parent=7081"}],"wp:term":[{"taxonomy":"pwb-brand","embeddable":true,"href":"https:\/\/deliciaspersas.com\/en\/wp-json\/wp\/v2\/pwb-brand?post=7081"},{"taxonomy":"product_cat","embeddable":true,"href":"https:\/\/deliciaspersas.com\/en\/wp-json\/wp\/v2\/product_cat?post=7081"},{"taxonomy":"product_tag","embeddable":true,"href":"https:\/\/deliciaspersas.com\/en\/wp-json\/wp\/v2\/product_tag?post=7081"}],"curies":[{"name":"wp","href":"https:\/\/api.w.org\/{rel}","templated":true}]}}