{"id":7176,"date":"2021-03-03T13:49:23","date_gmt":"2021-03-03T12:49:23","guid":{"rendered":"https:\/\/deliciaspersas.com\/?post_type=product&#038;p=7176"},"modified":"2024-09-03T16:46:57","modified_gmt":"2024-09-03T14:46:57","slug":"cardamomo-25g-dayan","status":"publish","type":"product","link":"https:\/\/deliciaspersas.com\/en\/tienda\/especias\/cardamomo-25g-dayan\/","title":{"rendered":"Cardamomo 25g Dayan"},"content":{"rendered":"<h1>Cardamomo 25g Dayan<\/h1>\n<h6>Informaci\u00f3n del producto:<\/h6>\n<p>Estas especias se emplean para darle sabor a tus platos. Adem\u00e1s, aporta los m\u00faltiples beneficios del cardamomo ya que este es antioxidante.<\/p>\n<h6>Usos:<\/h6>\n<p>Aromatizante.<\/p>\n<h6>Beneficios:<\/h6>\n<p>el cardamomo contiene\u00a0aceites esenciales\u00a0necesarios en el organismo para su correcto funcionamiento. Junto a esto no podemos olvidar las dosis de\u00a0almid\u00f3n\u00a0que contiene y que lo convierten en un alimento nutritivo y energizante.<\/p>\n<p>Pero el cardamomo no nos aporta simplemente nutrientes, sino que adem\u00e1s nos brinda infinidad de beneficios medicinales y curativos encaminados a mejorar nuestra salud. Esta especia tiene una serie de efectos estimulantes que nos mantienen m\u00e1s\u00a0activos y alerta, al igual que contiene propiedades antiespasm\u00f3dicas. A pesar de lo que muchos piensan, el cardamomo es una especia que sirve para\u00a0aliviar los dolores y el malestar causado por las hemorroides, a causa de su poder antiinflamatorio que adem\u00e1s nos ayudar\u00e1 a afrontar mejor las posibles infecciones que se produzcan en el organismo.<\/p>\n<p>Como todas las especial, el cardamomo es muy apreciado por\u00a0mitigar el mal olor corporal, tanto el producido por la sudoraci\u00f3n como el mal olor del aliento. As\u00ed mismo tiene propiedades diur\u00e9ticas\u00a0que nos ayudar\u00e1 a mantener un sistema urinario en perfectas condiciones y evitar la retenci\u00f3n de l\u00edquidos. Precisamente este efecto diur\u00e9tico es el que har\u00e1 del cardamomo un aliado para las personas que padecen artritis, pues ayudar\u00e1 a evitar la acumulaci\u00f3n de l\u00edquido en la parte afectada.<\/p>\n<p>No debemos olvidar que es un buen\u00a0acelerador del metabolismo, que nos ayudar\u00e1 a quemar m\u00e1s calor\u00edas y mantener mejor as\u00ed el peso. Pero no solo se encarga de esto, sino que es un regulador intestinal, a la vez que nos ayuda a\u00a0hacer mejor la digesti\u00f3n y aprovechar al m\u00e1ximo los alimentos\u00a0y las propiedades que \u00e9stos nos brindan. Por ello debemos incluir esta especia en nuestras recetas y dar sabor a los alimentos a la vez que nos damos a nosotros mismos salud.<\/p>\n<h6>Ingredientes y al\u00e9rgenos:<\/h6>\n<p>vainas de cardamomo.<\/p>\n<h6>Condiciones de conservaci\u00f3n:<\/h6>\n<p>Conservar en un lugar fresco, seco y protegido de la luz.<\/p>\n<h6>Informaci\u00f3n adicional:<\/h6>\n<p>Fabricado por: Dayan<\/p>\n","protected":false},"excerpt":{"rendered":"<p>Cardamomo 25g Dayan Informaci\u00f3n del producto: Estas especias se emplean para darle sabor a tus platos. Adem\u00e1s, aporta los m\u00faltiples beneficios del cardamomo ya que este es antioxidante. Usos: Aromatizante. Beneficios: el cardamomo contiene\u00a0aceites esenciales\u00a0necesarios en el organismo para su correcto funcionamiento. Junto a esto no podemos olvidar las dosis de\u00a0almid\u00f3n\u00a0que contiene y que lo [&hellip;]<\/p>\n","protected":false},"featured_media":15236,"template":"","meta":{"_surecart_dashboard_logo_width":"180px","_surecart_dashboard_show_logo":true,"_surecart_dashboard_navigation_orders":true,"_surecart_dashboard_navigation_invoices":true,"_surecart_dashboard_navigation_subscriptions":true,"_surecart_dashboard_navigation_downloads":true,"_surecart_dashboard_navigation_billing":true,"_surecart_dashboard_navigation_account":true,"_uag_custom_page_level_css":"","site-sidebar-layout":"default","site-content-layout":"default","ast-site-content-layout":"default","site-content-style":"default","site-sidebar-style":"default","ast-global-header-display":"","ast-banner-title-visibility":"","ast-main-header-display":"","ast-hfb-above-header-display":"","ast-hfb-below-header-display":"","ast-hfb-mobile-header-display":"","site-post-title":"","ast-breadcrumbs-content":"","ast-featured-img":"","footer-sml-layout":"","theme-transparent-header-meta":"default","adv-header-id-meta":"","stick-header-meta":"","header-above-stick-meta":"","header-main-stick-meta":"","header-below-stick-meta":"","astra-migrate-meta-layouts":"set","ast-page-background-enabled":"default","ast-page-background-meta":{"desktop":{"background-color":"","background-image":"","background-repeat":"repeat","background-position":"center center","background-size":"auto","background-attachment":"scroll","background-type":"","background-media":"","overlay-type":"","overlay-color":"","overlay-opacity":"","overlay-gradient":""},"tablet":{"background-color":"","background-image":"","background-repeat":"repeat","background-position":"center center","background-size":"auto","background-attachment":"scroll","background-type":"","background-media":"","overlay-type":"","overlay-color":"","overlay-opacity":"","overlay-gradient":""},"mobile":{"background-color":"","background-image":"","background-repeat":"repeat","background-position":"center center","background-size":"auto","background-attachment":"scroll","background-type":"","background-media":"","overlay-type":"","overlay-color":"","overlay-opacity":"","overlay-gradient":""}},"ast-content-background-meta":{"desktop":{"background-color":"var(--ast-global-color-5)","background-image":"","background-repeat":"repeat","background-position":"center center","background-size":"auto","background-attachment":"scroll","background-type":"","background-media":"","overlay-type":"","overlay-color":"","overlay-opacity":"","overlay-gradient":""},"tablet":{"background-color":"var(--ast-global-color-5)","background-image":"","background-repeat":"repeat","background-position":"center center","background-size":"auto","background-attachment":"scroll","background-type":"","background-media":"","overlay-type":"","overlay-color":"","overlay-opacity":"","overlay-gradient":""},"mobile":{"background-color":"var(--ast-global-color-5)","background-image":"","background-repeat":"repeat","background-position":"center center","background-size":"auto","background-attachment":"scroll","background-type":"","background-media":"","overlay-type":"","overlay-color":"","overlay-opacity":"","overlay-gradient":""}}},"pwb-brand":[178],"product_cat":[32],"product_tag":[584,587,890,482],"class_list":{"0":"post-7176","1":"product","2":"type-product","3":"status-publish","4":"has-post-thumbnail","6":"pwb-brand-balssi","7":"product_cat-especias","8":"product_tag-cardamomo","9":"product_tag-cardamomo-verde","10":"product_tag-especies","11":"product_tag-482","12":"desktop-align-center","13":"tablet-align-center","14":"mobile-align-center","16":"first","17":"instock","18":"taxable","19":"shipping-taxable","20":"purchasable","21":"product-type-simple"},"yoast_head":"<!-- This site is optimized with the Yoast SEO plugin v23.6 - https:\/\/yoast.com\/wordpress\/plugins\/seo\/ -->\n<title>Cardamomo 25g Dayan - Delicias Persas<\/title>\n<meta name=\"description\" content=\"Cardamomo. Estas especias dan sabor a tu tue y postres. Adem\u00e1s, aporta los beneficios del cardamomo ya que este es antioxidante.\" \/>\n<meta name=\"robots\" content=\"index, follow, max-snippet:-1, max-image-preview:large, max-video-preview:-1\" \/>\n<link rel=\"canonical\" href=\"https:\/\/deliciaspersas.com\/en\/tienda\/especias\/cardamomo-25g-dayan\/\" \/>\n<meta property=\"og:locale\" content=\"en_US\" \/>\n<meta property=\"og:type\" content=\"article\" \/>\n<meta property=\"og:title\" content=\"Cardamomo 25g Dayan - Delicias Persas\" \/>\n<meta property=\"og:description\" content=\"Cardamomo. Estas especias dan sabor a tu tue y postres. Adem\u00e1s, aporta los beneficios del cardamomo ya que este es antioxidante.\" \/>\n<meta property=\"og:url\" content=\"https:\/\/deliciaspersas.com\/en\/tienda\/especias\/cardamomo-25g-dayan\/\" \/>\n<meta property=\"og:site_name\" content=\"Delicias Persas\" \/>\n<meta property=\"article:publisher\" content=\"https:\/\/www.facebook.com\/Deliciaspersas\" \/>\n<meta property=\"article:modified_time\" content=\"2024-09-03T14:46:57+00:00\" \/>\n<meta property=\"og:image\" content=\"https:\/\/deliciaspersas.com\/wp-content\/uploads\/Cardamom-verde-Dayan.jpg\" \/>\n\t<meta property=\"og:image:width\" content=\"800\" \/>\n\t<meta property=\"og:image:height\" content=\"600\" \/>\n\t<meta property=\"og:image:type\" content=\"image\/jpeg\" \/>\n<meta name=\"twitter:card\" content=\"summary_large_image\" \/>\n<meta name=\"twitter:label1\" content=\"Est. reading time\" \/>\n\t<meta name=\"twitter:data1\" content=\"2 minutes\" \/>\n<script type=\"application\/ld+json\" class=\"yoast-schema-graph\">{\"@context\":\"https:\/\/schema.org\",\"@graph\":[{\"@type\":\"WebPage\",\"@id\":\"https:\/\/deliciaspersas.com\/en\/tienda\/especias\/cardamomo-25g-dayan\/\",\"url\":\"https:\/\/deliciaspersas.com\/en\/tienda\/especias\/cardamomo-25g-dayan\/\",\"name\":\"Cardamomo 25g Dayan - Delicias Persas\",\"isPartOf\":{\"@id\":\"https:\/\/deliciaspersas.com\/en\/#website\"},\"primaryImageOfPage\":{\"@id\":\"https:\/\/deliciaspersas.com\/en\/tienda\/especias\/cardamomo-25g-dayan\/#primaryimage\"},\"image\":{\"@id\":\"https:\/\/deliciaspersas.com\/en\/tienda\/especias\/cardamomo-25g-dayan\/#primaryimage\"},\"thumbnailUrl\":\"https:\/\/deliciaspersas.com\/wp-content\/uploads\/Cardamom-verde-Dayan.jpg\",\"datePublished\":\"2021-03-03T12:49:23+00:00\",\"dateModified\":\"2024-09-03T14:46:57+00:00\",\"description\":\"Cardamomo. Estas especias dan sabor a tu tue y postres. Adem\u00e1s, aporta los beneficios del cardamomo ya que este es antioxidante.\",\"breadcrumb\":{\"@id\":\"https:\/\/deliciaspersas.com\/en\/tienda\/especias\/cardamomo-25g-dayan\/#breadcrumb\"},\"inLanguage\":\"en-US\",\"potentialAction\":[{\"@type\":\"ReadAction\",\"target\":[\"https:\/\/deliciaspersas.com\/en\/tienda\/especias\/cardamomo-25g-dayan\/\"]}]},{\"@type\":\"ImageObject\",\"inLanguage\":\"en-US\",\"@id\":\"https:\/\/deliciaspersas.com\/en\/tienda\/especias\/cardamomo-25g-dayan\/#primaryimage\",\"url\":\"https:\/\/deliciaspersas.com\/wp-content\/uploads\/Cardamom-verde-Dayan.jpg\",\"contentUrl\":\"https:\/\/deliciaspersas.com\/wp-content\/uploads\/Cardamom-verde-Dayan.jpg\",\"width\":800,\"height\":600},{\"@type\":\"BreadcrumbList\",\"@id\":\"https:\/\/deliciaspersas.com\/en\/tienda\/especias\/cardamomo-25g-dayan\/#breadcrumb\",\"itemListElement\":[{\"@type\":\"ListItem\",\"position\":1,\"name\":\"Portada\",\"item\":\"https:\/\/deliciaspersas.com\/en\/\"},{\"@type\":\"ListItem\",\"position\":2,\"name\":\"Tienda\",\"item\":\"https:\/\/deliciaspersas.com\/\"},{\"@type\":\"ListItem\",\"position\":3,\"name\":\"Cardamomo 25g Dayan\"}]},{\"@type\":\"WebSite\",\"@id\":\"https:\/\/deliciaspersas.com\/en\/#website\",\"url\":\"https:\/\/deliciaspersas.com\/en\/\",\"name\":\"Delicias Persas\",\"description\":\"Gastronom&iacute;a persa al alcance de tus manos\",\"publisher\":{\"@id\":\"https:\/\/deliciaspersas.com\/en\/#organization\"},\"potentialAction\":[{\"@type\":\"SearchAction\",\"target\":{\"@type\":\"EntryPoint\",\"urlTemplate\":\"https:\/\/deliciaspersas.com\/en\/?s={search_term_string}\"},\"query-input\":{\"@type\":\"PropertyValueSpecification\",\"valueRequired\":true,\"valueName\":\"search_term_string\"}}],\"inLanguage\":\"en-US\"},{\"@type\":\"Organization\",\"@id\":\"https:\/\/deliciaspersas.com\/en\/#organization\",\"name\":\"Delicias Persas\",\"url\":\"https:\/\/deliciaspersas.com\/en\/\",\"logo\":{\"@type\":\"ImageObject\",\"inLanguage\":\"en-US\",\"@id\":\"https:\/\/deliciaspersas.com\/en\/#\/schema\/logo\/image\/\",\"url\":\"https:\/\/deliciaspersas.com\/wp-content\/uploads\/2020\/07\/logo-2020.png\",\"contentUrl\":\"https:\/\/deliciaspersas.com\/wp-content\/uploads\/2020\/07\/logo-2020.png\",\"width\":520,\"height\":490,\"caption\":\"Delicias Persas\"},\"image\":{\"@id\":\"https:\/\/deliciaspersas.com\/en\/#\/schema\/logo\/image\/\"},\"sameAs\":[\"https:\/\/www.facebook.com\/Deliciaspersas\",\"https:\/\/www.instagram.com\/delicias_persas\/\",\"https:\/\/www.linkedin.com\/delicias-persas\"]}]}<\/script>\n<!-- \/ Yoast SEO plugin. -->","yoast_head_json":{"title":"Cardamomo 25g Dayan - Delicias Persas","description":"Cardamomo. Estas especias dan sabor a tu tue y postres. Adem\u00e1s, aporta los beneficios del cardamomo ya que este es antioxidante.","robots":{"index":"index","follow":"follow","max-snippet":"max-snippet:-1","max-image-preview":"max-image-preview:large","max-video-preview":"max-video-preview:-1"},"canonical":"https:\/\/deliciaspersas.com\/en\/tienda\/especias\/cardamomo-25g-dayan\/","og_locale":"en_US","og_type":"article","og_title":"Cardamomo 25g Dayan - Delicias Persas","og_description":"Cardamomo. Estas especias dan sabor a tu tue y postres. Adem\u00e1s, aporta los beneficios del cardamomo ya que este es antioxidante.","og_url":"https:\/\/deliciaspersas.com\/en\/tienda\/especias\/cardamomo-25g-dayan\/","og_site_name":"Delicias Persas","article_publisher":"https:\/\/www.facebook.com\/Deliciaspersas","article_modified_time":"2024-09-03T14:46:57+00:00","og_image":[{"width":800,"height":600,"url":"https:\/\/deliciaspersas.com\/wp-content\/uploads\/Cardamom-verde-Dayan.jpg","type":"image\/jpeg"}],"twitter_card":"summary_large_image","twitter_misc":{"Est. reading time":"2 minutes"},"schema":{"@context":"https:\/\/schema.org","@graph":[{"@type":"WebPage","@id":"https:\/\/deliciaspersas.com\/en\/tienda\/especias\/cardamomo-25g-dayan\/","url":"https:\/\/deliciaspersas.com\/en\/tienda\/especias\/cardamomo-25g-dayan\/","name":"Cardamomo 25g Dayan - Delicias Persas","isPartOf":{"@id":"https:\/\/deliciaspersas.com\/en\/#website"},"primaryImageOfPage":{"@id":"https:\/\/deliciaspersas.com\/en\/tienda\/especias\/cardamomo-25g-dayan\/#primaryimage"},"image":{"@id":"https:\/\/deliciaspersas.com\/en\/tienda\/especias\/cardamomo-25g-dayan\/#primaryimage"},"thumbnailUrl":"https:\/\/deliciaspersas.com\/wp-content\/uploads\/Cardamom-verde-Dayan.jpg","datePublished":"2021-03-03T12:49:23+00:00","dateModified":"2024-09-03T14:46:57+00:00","description":"Cardamomo. Estas especias dan sabor a tu tue y postres. Adem\u00e1s, aporta los beneficios del cardamomo ya que este es antioxidante.","breadcrumb":{"@id":"https:\/\/deliciaspersas.com\/en\/tienda\/especias\/cardamomo-25g-dayan\/#breadcrumb"},"inLanguage":"en-US","potentialAction":[{"@type":"ReadAction","target":["https:\/\/deliciaspersas.com\/en\/tienda\/especias\/cardamomo-25g-dayan\/"]}]},{"@type":"ImageObject","inLanguage":"en-US","@id":"https:\/\/deliciaspersas.com\/en\/tienda\/especias\/cardamomo-25g-dayan\/#primaryimage","url":"https:\/\/deliciaspersas.com\/wp-content\/uploads\/Cardamom-verde-Dayan.jpg","contentUrl":"https:\/\/deliciaspersas.com\/wp-content\/uploads\/Cardamom-verde-Dayan.jpg","width":800,"height":600},{"@type":"BreadcrumbList","@id":"https:\/\/deliciaspersas.com\/en\/tienda\/especias\/cardamomo-25g-dayan\/#breadcrumb","itemListElement":[{"@type":"ListItem","position":1,"name":"Portada","item":"https:\/\/deliciaspersas.com\/en\/"},{"@type":"ListItem","position":2,"name":"Tienda","item":"https:\/\/deliciaspersas.com\/"},{"@type":"ListItem","position":3,"name":"Cardamomo 25g Dayan"}]},{"@type":"WebSite","@id":"https:\/\/deliciaspersas.com\/en\/#website","url":"https:\/\/deliciaspersas.com\/en\/","name":"Delicias Persas","description":"Gastronom&iacute;a persa al alcance de tus manos","publisher":{"@id":"https:\/\/deliciaspersas.com\/en\/#organization"},"potentialAction":[{"@type":"SearchAction","target":{"@type":"EntryPoint","urlTemplate":"https:\/\/deliciaspersas.com\/en\/?s={search_term_string}"},"query-input":{"@type":"PropertyValueSpecification","valueRequired":true,"valueName":"search_term_string"}}],"inLanguage":"en-US"},{"@type":"Organization","@id":"https:\/\/deliciaspersas.com\/en\/#organization","name":"Delicias Persas","url":"https:\/\/deliciaspersas.com\/en\/","logo":{"@type":"ImageObject","inLanguage":"en-US","@id":"https:\/\/deliciaspersas.com\/en\/#\/schema\/logo\/image\/","url":"https:\/\/deliciaspersas.com\/wp-content\/uploads\/2020\/07\/logo-2020.png","contentUrl":"https:\/\/deliciaspersas.com\/wp-content\/uploads\/2020\/07\/logo-2020.png","width":520,"height":490,"caption":"Delicias Persas"},"image":{"@id":"https:\/\/deliciaspersas.com\/en\/#\/schema\/logo\/image\/"},"sameAs":["https:\/\/www.facebook.com\/Deliciaspersas","https:\/\/www.instagram.com\/delicias_persas\/","https:\/\/www.linkedin.com\/delicias-persas"]}]}},"uagb_featured_image_src":{"full":["https:\/\/deliciaspersas.com\/wp-content\/uploads\/Cardamom-verde-Dayan.jpg",800,600,false],"thumbnail":["https:\/\/deliciaspersas.com\/wp-content\/uploads\/Cardamom-verde-Dayan-150x150.jpg",150,150,true],"medium":["https:\/\/deliciaspersas.com\/wp-content\/uploads\/Cardamom-verde-Dayan-300x225.jpg",300,225,true],"medium_large":["https:\/\/deliciaspersas.com\/wp-content\/uploads\/Cardamom-verde-Dayan-768x576.jpg",768,576,true],"large":["https:\/\/deliciaspersas.com\/wp-content\/uploads\/Cardamom-verde-Dayan.jpg",800,600,false],"1536x1536":["https:\/\/deliciaspersas.com\/wp-content\/uploads\/Cardamom-verde-Dayan.jpg",800,600,false],"2048x2048":["https:\/\/deliciaspersas.com\/wp-content\/uploads\/Cardamom-verde-Dayan.jpg",800,600,false],"woocommerce_thumbnail":["https:\/\/deliciaspersas.com\/wp-content\/uploads\/Cardamom-verde-Dayan-300x300.jpg",300,300,true],"woocommerce_single":["https:\/\/deliciaspersas.com\/wp-content\/uploads\/Cardamom-verde-Dayan-600x450.jpg",600,450,true],"woocommerce_gallery_thumbnail":["https:\/\/deliciaspersas.com\/wp-content\/uploads\/Cardamom-verde-Dayan-100x100.jpg",100,100,true]},"uagb_author_info":{"display_name":"admin","author_link":"https:\/\/deliciaspersas.com\/en\/author\/"},"uagb_comment_info":0,"uagb_excerpt":"Cardamomo 25g Dayan Informaci\u00f3n del producto: Estas especias se emplean para darle sabor a tus platos. Adem\u00e1s, aporta los m\u00faltiples beneficios del cardamomo ya que este es antioxidante. Usos: Aromatizante. Beneficios: el cardamomo contiene\u00a0aceites esenciales\u00a0necesarios en el organismo para su correcto funcionamiento. Junto a esto no podemos olvidar las dosis de\u00a0almid\u00f3n\u00a0que contiene y que lo&hellip;","brands":[{"id":178,"name":"Balssi","slug":"balssi"}],"_links":{"self":[{"href":"https:\/\/deliciaspersas.com\/en\/wp-json\/wp\/v2\/product\/7176"}],"collection":[{"href":"https:\/\/deliciaspersas.com\/en\/wp-json\/wp\/v2\/product"}],"about":[{"href":"https:\/\/deliciaspersas.com\/en\/wp-json\/wp\/v2\/types\/product"}],"wp:featuredmedia":[{"embeddable":true,"href":"https:\/\/deliciaspersas.com\/en\/wp-json\/wp\/v2\/media\/15236"}],"wp:attachment":[{"href":"https:\/\/deliciaspersas.com\/en\/wp-json\/wp\/v2\/media?parent=7176"}],"wp:term":[{"taxonomy":"pwb-brand","embeddable":true,"href":"https:\/\/deliciaspersas.com\/en\/wp-json\/wp\/v2\/pwb-brand?post=7176"},{"taxonomy":"product_cat","embeddable":true,"href":"https:\/\/deliciaspersas.com\/en\/wp-json\/wp\/v2\/product_cat?post=7176"},{"taxonomy":"product_tag","embeddable":true,"href":"https:\/\/deliciaspersas.com\/en\/wp-json\/wp\/v2\/product_tag?post=7176"}],"curies":[{"name":"wp","href":"https:\/\/api.w.org\/{rel}","templated":true}]}}