{"id":7212,"date":"2021-03-09T16:13:38","date_gmt":"2021-03-09T15:13:38","guid":{"rendered":"https:\/\/deliciaspersas.com\/?post_type=product&#038;p=7212"},"modified":"2025-05-08T11:08:07","modified_gmt":"2025-05-08T09:08:07","slug":"fruta-confitada-de-mixto-de-granada-lavashak-granel-namvar","status":"publish","type":"product","link":"https:\/\/deliciaspersas.com\/en\/tienda\/frutas\/fruta-confitada-de-mixto-de-granada-lavashak-granel-namvar\/","title":{"rendered":"Fruta confitada de mixto de Granada Lavashak Granel Namvar"},"content":{"rendered":"<h1>Fruta confitada de mixto de Granada Lavashak Granel Namvar<\/h1>\n<h6>Informaci\u00f3n del producto:<\/h6>\n<div>Planchas de fruta confitada con sabor a manzana y granada importada directamente desde Ir\u00e1n.<\/div>\n<div>\n<p>Son extraidos de fruta que se han troceado y cocinado en alm\u00edbar para conservar su humedad y poder almacenarlas.<\/p>\n<p>La cobertura de las frutas confitadas es una t\u00e9cnica de conservaci\u00f3n que se realiza desde la antig\u00fcedad. Hoy d\u00eda, pueblos de Oriente siguen aplicando estas t\u00e9cnicas para conservar sus frutas naturales durante todo el a\u00f1o.<\/p>\n<p>Es una alternativa dulce a la boller\u00eda tradicional que satisface a los m\u00e1s golosos.<\/p>\n<\/div>\n<h6>Usos:<\/h6>\n<p>Estas deliciosas planchas de fruta confitada con sabor a ciruela y manzana son un alimento t\u00edpico de Ir\u00e1n y se pueden tomar solos o con uno de nuestros deliciosos t\u00e9s.<\/p>\n<p>Aunque tradicionalmente se utiliza en reposter\u00eda, tambi\u00e9n son muy empleadas en la realizaci\u00f3n de salsas, rellenos de carne o incluso como snack o tentempi\u00e9 o en el campo de helader\u00eda.<\/p>\n<h6>Beneficios:<\/h6>\n<p>Tiene m\u00faltiples propiedades y cualidades que la convierten en un recurso muy \u00fatil en la alimentaci\u00f3n de personas de todas las edades. La m\u00e1s destacada est\u00e1 vinculada a su capacidad para mantenerse en condiciones \u00f3ptimas.<\/p>\n<p>Otra propiedad de ella es que son piezas que conservan su sabor, jugosidad, su color, textura, aroma y gusto, por lo que mantiene muchas de las cualidades de la fruta fresca.<\/p>\n<h6>Curiosidades:<\/h6>\n<p>Originalmente este alimento est\u00e1 datado en la cultura China y Mesopot\u00e1mica. Su prioridad era evitar la putrefacci\u00f3n de la fruta y los alimentos. Marineros, ejercito, agricultores\u2026tener alimentos conservados durante meses y comestibles marcar\u00eda la diferencia entre muchas culturas en su expansi\u00f3n y conquistas.<\/p>\n<p>Los romanos ya conservaban el pescado sumergido en miel, aunque los verdaderos precursores del confitado moderno se adjudica a la cultura Arabe. En sus banquetes reales ya serv\u00edan c\u00edtricos y rosas confitadas. Con la conquista de muchas tierras en occidente por parte del pueblo \u00e1rabe, lleg\u00f3 esta t\u00e9cnica milenaria.<\/p>\n<h6>Ingredientes y al\u00e9rgenos:<\/h6>\n<p>Este alimento est\u00e1 formado por granada y manzana confitadas.<\/p>\n<h6>Condiciones de conservaci\u00f3n:<\/h6>\n<p>Conservar en un lugar fresco, seco y protegido de la luz.<\/p>\n<h6>Informaci\u00f3n adicional:<\/h6>\n<p>Fabricado por: Namvar<\/p>\n","protected":false},"excerpt":{"rendered":"<p>Fruta confitada de mixto de Granada Lavashak Granel Namvar Informaci\u00f3n del producto: Planchas de fruta confitada con sabor a manzana y granada importada directamente desde Ir\u00e1n. Son extraidos de fruta que se han troceado y cocinado en alm\u00edbar para conservar su humedad y poder almacenarlas. La cobertura de las frutas confitadas es una t\u00e9cnica de [&hellip;]<\/p>\n","protected":false},"featured_media":16866,"template":"","meta":{"_surecart_dashboard_logo_width":"180px","_surecart_dashboard_show_logo":true,"_surecart_dashboard_navigation_orders":true,"_surecart_dashboard_navigation_invoices":true,"_surecart_dashboard_navigation_subscriptions":true,"_surecart_dashboard_navigation_downloads":true,"_surecart_dashboard_navigation_billing":true,"_surecart_dashboard_navigation_account":true,"_uag_custom_page_level_css":"","site-sidebar-layout":"default","site-content-layout":"default","ast-site-content-layout":"default","site-content-style":"default","site-sidebar-style":"default","ast-global-header-display":"","ast-banner-title-visibility":"","ast-main-header-display":"","ast-hfb-above-header-display":"","ast-hfb-below-header-display":"","ast-hfb-mobile-header-display":"","site-post-title":"","ast-breadcrumbs-content":"","ast-featured-img":"","footer-sml-layout":"","theme-transparent-header-meta":"default","adv-header-id-meta":"","stick-header-meta":"","header-above-stick-meta":"","header-main-stick-meta":"","header-below-stick-meta":"","astra-migrate-meta-layouts":"set","ast-page-background-enabled":"default","ast-page-background-meta":{"desktop":{"background-color":"","background-image":"","background-repeat":"repeat","background-position":"center center","background-size":"auto","background-attachment":"scroll","background-type":"","background-media":"","overlay-type":"","overlay-color":"","overlay-opacity":"","overlay-gradient":""},"tablet":{"background-color":"","background-image":"","background-repeat":"repeat","background-position":"center center","background-size":"auto","background-attachment":"scroll","background-type":"","background-media":"","overlay-type":"","overlay-color":"","overlay-opacity":"","overlay-gradient":""},"mobile":{"background-color":"","background-image":"","background-repeat":"repeat","background-position":"center center","background-size":"auto","background-attachment":"scroll","background-type":"","background-media":"","overlay-type":"","overlay-color":"","overlay-opacity":"","overlay-gradient":""}},"ast-content-background-meta":{"desktop":{"background-color":"var(--ast-global-color-5)","background-image":"","background-repeat":"repeat","background-position":"center center","background-size":"auto","background-attachment":"scroll","background-type":"","background-media":"","overlay-type":"","overlay-color":"","overlay-opacity":"","overlay-gradient":""},"tablet":{"background-color":"var(--ast-global-color-5)","background-image":"","background-repeat":"repeat","background-position":"center center","background-size":"auto","background-attachment":"scroll","background-type":"","background-media":"","overlay-type":"","overlay-color":"","overlay-opacity":"","overlay-gradient":""},"mobile":{"background-color":"var(--ast-global-color-5)","background-image":"","background-repeat":"repeat","background-position":"center center","background-size":"auto","background-attachment":"scroll","background-type":"","background-media":"","overlay-type":"","overlay-color":"","overlay-opacity":"","overlay-gradient":""}}},"pwb-brand":[1691],"product_cat":[33],"product_tag":[959,571,887,653,707,960,961],"class_list":{"0":"post-7212","1":"product","2":"type-product","3":"status-publish","4":"has-post-thumbnail","6":"pwb-brand-namvar","7":"product_cat-frutas","8":"product_tag-cereza","9":"product_tag-ciruela","10":"product_tag-fruta-confitada","11":"product_tag-fruta-deshidratada","12":"product_tag-manzana","13":"product_tag-960","14":"product_tag-961","15":"desktop-align-center","16":"tablet-align-center","17":"mobile-align-center","19":"first","20":"instock","21":"taxable","22":"shipping-taxable","23":"purchasable","24":"product-type-variable"},"yoast_head":"<!-- This site is optimized with the Yoast SEO plugin v23.6 - https:\/\/yoast.com\/wordpress\/plugins\/seo\/ -->\n<title>Fruta confitada de mixto de Granada Lavashak Granel Namvar - Delicias Persas<\/title>\n<meta name=\"description\" content=\"Lavashak. Disfruta de estas deliciosas y t\u00edpicas planchas con sabor a manzana y granada importada directamente desde Ir\u00e1n.\" \/>\n<meta name=\"robots\" content=\"index, follow, max-snippet:-1, max-image-preview:large, max-video-preview:-1\" \/>\n<link rel=\"canonical\" href=\"https:\/\/deliciaspersas.com\/en\/tienda\/frutas\/fruta-confitada-de-mixto-de-granada-lavashak-granel-namvar\/\" \/>\n<meta property=\"og:locale\" content=\"en_US\" \/>\n<meta property=\"og:type\" content=\"article\" \/>\n<meta property=\"og:title\" content=\"Fruta confitada de mixto de Granada Lavashak Granel Namvar - Delicias Persas\" \/>\n<meta property=\"og:description\" content=\"Lavashak. Disfruta de estas deliciosas y t\u00edpicas planchas con sabor a manzana y granada importada directamente desde Ir\u00e1n.\" \/>\n<meta property=\"og:url\" content=\"https:\/\/deliciaspersas.com\/en\/tienda\/frutas\/fruta-confitada-de-mixto-de-granada-lavashak-granel-namvar\/\" \/>\n<meta property=\"og:site_name\" content=\"Delicias Persas\" \/>\n<meta property=\"article:publisher\" content=\"https:\/\/www.facebook.com\/Deliciaspersas\" \/>\n<meta property=\"article:modified_time\" content=\"2025-05-08T09:08:07+00:00\" \/>\n<meta property=\"og:image\" content=\"https:\/\/deliciaspersas.com\/wp-content\/uploads\/Lavashak-Granada-Dayan.jpg\" \/>\n\t<meta property=\"og:image:width\" content=\"948\" \/>\n\t<meta property=\"og:image:height\" content=\"1478\" \/>\n\t<meta property=\"og:image:type\" content=\"image\/jpeg\" \/>\n<meta name=\"twitter:card\" content=\"summary_large_image\" \/>\n<meta name=\"twitter:label1\" content=\"Est. reading time\" \/>\n\t<meta name=\"twitter:data1\" content=\"2 minutes\" \/>\n<script type=\"application\/ld+json\" class=\"yoast-schema-graph\">{\"@context\":\"https:\/\/schema.org\",\"@graph\":[{\"@type\":\"WebPage\",\"@id\":\"https:\/\/deliciaspersas.com\/en\/tienda\/frutas\/fruta-confitada-de-mixto-de-granada-lavashak-granel-namvar\/\",\"url\":\"https:\/\/deliciaspersas.com\/en\/tienda\/frutas\/fruta-confitada-de-mixto-de-granada-lavashak-granel-namvar\/\",\"name\":\"Fruta confitada de mixto de Granada Lavashak Granel Namvar - Delicias Persas\",\"isPartOf\":{\"@id\":\"https:\/\/deliciaspersas.com\/en\/#website\"},\"primaryImageOfPage\":{\"@id\":\"https:\/\/deliciaspersas.com\/en\/tienda\/frutas\/fruta-confitada-de-mixto-de-granada-lavashak-granel-namvar\/#primaryimage\"},\"image\":{\"@id\":\"https:\/\/deliciaspersas.com\/en\/tienda\/frutas\/fruta-confitada-de-mixto-de-granada-lavashak-granel-namvar\/#primaryimage\"},\"thumbnailUrl\":\"https:\/\/deliciaspersas.com\/wp-content\/uploads\/Lavashak-Granada-Dayan.jpg\",\"datePublished\":\"2021-03-09T15:13:38+00:00\",\"dateModified\":\"2025-05-08T09:08:07+00:00\",\"description\":\"Lavashak. Disfruta de estas deliciosas y t\u00edpicas planchas con sabor a manzana y granada importada directamente desde Ir\u00e1n.\",\"breadcrumb\":{\"@id\":\"https:\/\/deliciaspersas.com\/en\/tienda\/frutas\/fruta-confitada-de-mixto-de-granada-lavashak-granel-namvar\/#breadcrumb\"},\"inLanguage\":\"en-US\",\"potentialAction\":[{\"@type\":\"ReadAction\",\"target\":[\"https:\/\/deliciaspersas.com\/en\/tienda\/frutas\/fruta-confitada-de-mixto-de-granada-lavashak-granel-namvar\/\"]}]},{\"@type\":\"ImageObject\",\"inLanguage\":\"en-US\",\"@id\":\"https:\/\/deliciaspersas.com\/en\/tienda\/frutas\/fruta-confitada-de-mixto-de-granada-lavashak-granel-namvar\/#primaryimage\",\"url\":\"https:\/\/deliciaspersas.com\/wp-content\/uploads\/Lavashak-Granada-Dayan.jpg\",\"contentUrl\":\"https:\/\/deliciaspersas.com\/wp-content\/uploads\/Lavashak-Granada-Dayan.jpg\",\"width\":948,\"height\":1478},{\"@type\":\"BreadcrumbList\",\"@id\":\"https:\/\/deliciaspersas.com\/en\/tienda\/frutas\/fruta-confitada-de-mixto-de-granada-lavashak-granel-namvar\/#breadcrumb\",\"itemListElement\":[{\"@type\":\"ListItem\",\"position\":1,\"name\":\"Portada\",\"item\":\"https:\/\/deliciaspersas.com\/en\/\"},{\"@type\":\"ListItem\",\"position\":2,\"name\":\"Tienda\",\"item\":\"https:\/\/deliciaspersas.com\/\"},{\"@type\":\"ListItem\",\"position\":3,\"name\":\"Fruta confitada de mixto de Granada Lavashak Granel Namvar\"}]},{\"@type\":\"WebSite\",\"@id\":\"https:\/\/deliciaspersas.com\/en\/#website\",\"url\":\"https:\/\/deliciaspersas.com\/en\/\",\"name\":\"Delicias Persas\",\"description\":\"Gastronom&iacute;a persa al alcance de tus manos\",\"publisher\":{\"@id\":\"https:\/\/deliciaspersas.com\/en\/#organization\"},\"potentialAction\":[{\"@type\":\"SearchAction\",\"target\":{\"@type\":\"EntryPoint\",\"urlTemplate\":\"https:\/\/deliciaspersas.com\/en\/?s={search_term_string}\"},\"query-input\":{\"@type\":\"PropertyValueSpecification\",\"valueRequired\":true,\"valueName\":\"search_term_string\"}}],\"inLanguage\":\"en-US\"},{\"@type\":\"Organization\",\"@id\":\"https:\/\/deliciaspersas.com\/en\/#organization\",\"name\":\"Delicias Persas\",\"url\":\"https:\/\/deliciaspersas.com\/en\/\",\"logo\":{\"@type\":\"ImageObject\",\"inLanguage\":\"en-US\",\"@id\":\"https:\/\/deliciaspersas.com\/en\/#\/schema\/logo\/image\/\",\"url\":\"https:\/\/deliciaspersas.com\/wp-content\/uploads\/2020\/07\/logo-2020.png\",\"contentUrl\":\"https:\/\/deliciaspersas.com\/wp-content\/uploads\/2020\/07\/logo-2020.png\",\"width\":520,\"height\":490,\"caption\":\"Delicias Persas\"},\"image\":{\"@id\":\"https:\/\/deliciaspersas.com\/en\/#\/schema\/logo\/image\/\"},\"sameAs\":[\"https:\/\/www.facebook.com\/Deliciaspersas\",\"https:\/\/www.instagram.com\/delicias_persas\/\",\"https:\/\/www.linkedin.com\/delicias-persas\"]}]}<\/script>\n<!-- \/ Yoast SEO plugin. -->","yoast_head_json":{"title":"Fruta confitada de mixto de Granada Lavashak Granel Namvar - Delicias Persas","description":"Lavashak. Disfruta de estas deliciosas y t\u00edpicas planchas con sabor a manzana y granada importada directamente desde Ir\u00e1n.","robots":{"index":"index","follow":"follow","max-snippet":"max-snippet:-1","max-image-preview":"max-image-preview:large","max-video-preview":"max-video-preview:-1"},"canonical":"https:\/\/deliciaspersas.com\/en\/tienda\/frutas\/fruta-confitada-de-mixto-de-granada-lavashak-granel-namvar\/","og_locale":"en_US","og_type":"article","og_title":"Fruta confitada de mixto de Granada Lavashak Granel Namvar - Delicias Persas","og_description":"Lavashak. Disfruta de estas deliciosas y t\u00edpicas planchas con sabor a manzana y granada importada directamente desde Ir\u00e1n.","og_url":"https:\/\/deliciaspersas.com\/en\/tienda\/frutas\/fruta-confitada-de-mixto-de-granada-lavashak-granel-namvar\/","og_site_name":"Delicias Persas","article_publisher":"https:\/\/www.facebook.com\/Deliciaspersas","article_modified_time":"2025-05-08T09:08:07+00:00","og_image":[{"width":948,"height":1478,"url":"https:\/\/deliciaspersas.com\/wp-content\/uploads\/Lavashak-Granada-Dayan.jpg","type":"image\/jpeg"}],"twitter_card":"summary_large_image","twitter_misc":{"Est. reading time":"2 minutes"},"schema":{"@context":"https:\/\/schema.org","@graph":[{"@type":"WebPage","@id":"https:\/\/deliciaspersas.com\/en\/tienda\/frutas\/fruta-confitada-de-mixto-de-granada-lavashak-granel-namvar\/","url":"https:\/\/deliciaspersas.com\/en\/tienda\/frutas\/fruta-confitada-de-mixto-de-granada-lavashak-granel-namvar\/","name":"Fruta confitada de mixto de Granada Lavashak Granel Namvar - Delicias Persas","isPartOf":{"@id":"https:\/\/deliciaspersas.com\/en\/#website"},"primaryImageOfPage":{"@id":"https:\/\/deliciaspersas.com\/en\/tienda\/frutas\/fruta-confitada-de-mixto-de-granada-lavashak-granel-namvar\/#primaryimage"},"image":{"@id":"https:\/\/deliciaspersas.com\/en\/tienda\/frutas\/fruta-confitada-de-mixto-de-granada-lavashak-granel-namvar\/#primaryimage"},"thumbnailUrl":"https:\/\/deliciaspersas.com\/wp-content\/uploads\/Lavashak-Granada-Dayan.jpg","datePublished":"2021-03-09T15:13:38+00:00","dateModified":"2025-05-08T09:08:07+00:00","description":"Lavashak. Disfruta de estas deliciosas y t\u00edpicas planchas con sabor a manzana y granada importada directamente desde Ir\u00e1n.","breadcrumb":{"@id":"https:\/\/deliciaspersas.com\/en\/tienda\/frutas\/fruta-confitada-de-mixto-de-granada-lavashak-granel-namvar\/#breadcrumb"},"inLanguage":"en-US","potentialAction":[{"@type":"ReadAction","target":["https:\/\/deliciaspersas.com\/en\/tienda\/frutas\/fruta-confitada-de-mixto-de-granada-lavashak-granel-namvar\/"]}]},{"@type":"ImageObject","inLanguage":"en-US","@id":"https:\/\/deliciaspersas.com\/en\/tienda\/frutas\/fruta-confitada-de-mixto-de-granada-lavashak-granel-namvar\/#primaryimage","url":"https:\/\/deliciaspersas.com\/wp-content\/uploads\/Lavashak-Granada-Dayan.jpg","contentUrl":"https:\/\/deliciaspersas.com\/wp-content\/uploads\/Lavashak-Granada-Dayan.jpg","width":948,"height":1478},{"@type":"BreadcrumbList","@id":"https:\/\/deliciaspersas.com\/en\/tienda\/frutas\/fruta-confitada-de-mixto-de-granada-lavashak-granel-namvar\/#breadcrumb","itemListElement":[{"@type":"ListItem","position":1,"name":"Portada","item":"https:\/\/deliciaspersas.com\/en\/"},{"@type":"ListItem","position":2,"name":"Tienda","item":"https:\/\/deliciaspersas.com\/"},{"@type":"ListItem","position":3,"name":"Fruta confitada de mixto de Granada Lavashak Granel Namvar"}]},{"@type":"WebSite","@id":"https:\/\/deliciaspersas.com\/en\/#website","url":"https:\/\/deliciaspersas.com\/en\/","name":"Delicias Persas","description":"Gastronom&iacute;a persa al alcance de tus manos","publisher":{"@id":"https:\/\/deliciaspersas.com\/en\/#organization"},"potentialAction":[{"@type":"SearchAction","target":{"@type":"EntryPoint","urlTemplate":"https:\/\/deliciaspersas.com\/en\/?s={search_term_string}"},"query-input":{"@type":"PropertyValueSpecification","valueRequired":true,"valueName":"search_term_string"}}],"inLanguage":"en-US"},{"@type":"Organization","@id":"https:\/\/deliciaspersas.com\/en\/#organization","name":"Delicias Persas","url":"https:\/\/deliciaspersas.com\/en\/","logo":{"@type":"ImageObject","inLanguage":"en-US","@id":"https:\/\/deliciaspersas.com\/en\/#\/schema\/logo\/image\/","url":"https:\/\/deliciaspersas.com\/wp-content\/uploads\/2020\/07\/logo-2020.png","contentUrl":"https:\/\/deliciaspersas.com\/wp-content\/uploads\/2020\/07\/logo-2020.png","width":520,"height":490,"caption":"Delicias Persas"},"image":{"@id":"https:\/\/deliciaspersas.com\/en\/#\/schema\/logo\/image\/"},"sameAs":["https:\/\/www.facebook.com\/Deliciaspersas","https:\/\/www.instagram.com\/delicias_persas\/","https:\/\/www.linkedin.com\/delicias-persas"]}]}},"uagb_featured_image_src":{"full":["https:\/\/deliciaspersas.com\/wp-content\/uploads\/Lavashak-Granada-Dayan.jpg",948,1478,false],"thumbnail":["https:\/\/deliciaspersas.com\/wp-content\/uploads\/Lavashak-Granada-Dayan-150x150.jpg",150,150,true],"medium":["https:\/\/deliciaspersas.com\/wp-content\/uploads\/Lavashak-Granada-Dayan-192x300.jpg",192,300,true],"medium_large":["https:\/\/deliciaspersas.com\/wp-content\/uploads\/Lavashak-Granada-Dayan-768x1197.jpg",768,1197,true],"large":["https:\/\/deliciaspersas.com\/wp-content\/uploads\/Lavashak-Granada-Dayan-657x1024.jpg",657,1024,true],"1536x1536":["https:\/\/deliciaspersas.com\/wp-content\/uploads\/Lavashak-Granada-Dayan.jpg",948,1478,false],"2048x2048":["https:\/\/deliciaspersas.com\/wp-content\/uploads\/Lavashak-Granada-Dayan.jpg",948,1478,false],"woocommerce_thumbnail":["https:\/\/deliciaspersas.com\/wp-content\/uploads\/Lavashak-Granada-Dayan-300x300.jpg",300,300,true],"woocommerce_single":["https:\/\/deliciaspersas.com\/wp-content\/uploads\/Lavashak-Granada-Dayan-600x935.jpg",600,935,true],"woocommerce_gallery_thumbnail":["https:\/\/deliciaspersas.com\/wp-content\/uploads\/Lavashak-Granada-Dayan-100x100.jpg",100,100,true]},"uagb_author_info":{"display_name":"admin","author_link":"https:\/\/deliciaspersas.com\/en\/author\/"},"uagb_comment_info":0,"uagb_excerpt":"Fruta confitada de mixto de Granada Lavashak Granel Namvar Informaci\u00f3n del producto: Planchas de fruta confitada con sabor a manzana y granada importada directamente desde Ir\u00e1n. Son extraidos de fruta que se han troceado y cocinado en alm\u00edbar para conservar su humedad y poder almacenarlas. La cobertura de las frutas confitadas es una t\u00e9cnica de&hellip;","brands":[{"id":1691,"name":"Namvar","slug":"namvar"}],"_links":{"self":[{"href":"https:\/\/deliciaspersas.com\/en\/wp-json\/wp\/v2\/product\/7212"}],"collection":[{"href":"https:\/\/deliciaspersas.com\/en\/wp-json\/wp\/v2\/product"}],"about":[{"href":"https:\/\/deliciaspersas.com\/en\/wp-json\/wp\/v2\/types\/product"}],"wp:featuredmedia":[{"embeddable":true,"href":"https:\/\/deliciaspersas.com\/en\/wp-json\/wp\/v2\/media\/16866"}],"wp:attachment":[{"href":"https:\/\/deliciaspersas.com\/en\/wp-json\/wp\/v2\/media?parent=7212"}],"wp:term":[{"taxonomy":"pwb-brand","embeddable":true,"href":"https:\/\/deliciaspersas.com\/en\/wp-json\/wp\/v2\/pwb-brand?post=7212"},{"taxonomy":"product_cat","embeddable":true,"href":"https:\/\/deliciaspersas.com\/en\/wp-json\/wp\/v2\/product_cat?post=7212"},{"taxonomy":"product_tag","embeddable":true,"href":"https:\/\/deliciaspersas.com\/en\/wp-json\/wp\/v2\/product_tag?post=7212"}],"curies":[{"name":"wp","href":"https:\/\/api.w.org\/{rel}","templated":true}]}}