{"id":7305,"date":"2021-03-13T13:12:33","date_gmt":"2021-03-13T12:12:33","guid":{"rendered":"https:\/\/deliciaspersas.com\/?post_type=product&#038;p=7305"},"modified":"2025-09-10T17:29:11","modified_gmt":"2025-09-10T15:29:11","slug":"crema-de-sesamo-ardeh-konjed-350g-shirreza","status":"publish","type":"product","link":"https:\/\/deliciaspersas.com\/en\/tienda\/delicias-dulces\/crema-de-sesamo-ardeh-konjed-350g-shirreza\/","title":{"rendered":"Crema de S\u00e9samo (Ardeh konjed) 350g &#8211; SHIRREZA"},"content":{"rendered":"<h1>Crema de S\u00e9samo (Ardeh konjed) 350g &#8211; SHIRREZA<\/h1>\n<h6>Informaci\u00f3n del producto:<\/h6>\n<div>Crema de s\u00e9samo: <span style=\"font-size: 16px;\">se prepara a partir de la cocci\u00f3n de las semillas de s\u00e9samo, lo que hace que se convierta en una pasta muy nutritiva. A nivel nutricional, se trata de un alimento con alto contenido en vitaminas del grupo B, especialmente Vitamina B6 y Vitamina B12. Se tratan de vitaminas imprescindibles para que nuestro sistema nervioso trabaje de forma correcta, ayudando a la regeneraci\u00f3n celular de los tejidos.<\/span><\/div>\n<h6>Usos:<\/h6>\n<p>este delicioso producto es ideal para su desayuno o su merienda, tambi\u00e9n la puede usar para elaborar los mejores postres!<\/p>\n<h6>Beneficios:<\/h6>\n<p>Este producto es una buena fuente de zinc y otros minerales y oligoelementos necesarios y muy beneficiosos para nuestra salud como f\u00f3sforo, calcio o hierro.<\/p>\n<p>Debido a su alto valor energ\u00e9tico, el tahini es un alimento\u00a0perfecto para ni\u00f1os y personas deportistas, ya que les dar\u00e1 energ\u00eda continua. Sin embargo, las personas con sobrepeso deber\u00e1n consumirlo de forma muy moderada.<\/p>\n<p>Es Bueno para el coraz\u00f3n y el colesterol: entre las propiedades m\u00e1s significativas y admiradas de esta crema se encuentra sus beneficios cardiosaludables. Es bueno para el coraz\u00f3n gracias a su aporte en grasas insaturadas y \u00e1cidos grasos esenciales como el \u00e1cido oleico.<\/p>\n<p>Tambi\u00e9n es un alimento muy beneficioso para el tr\u00e1nsito intestinal, ya que aporta\u00a0grandes cantidades de fibra\u00a0y por lo tanto, ayuda a reducir el estre\u00f1imiento.<\/p>\n<p>Durante la lactancia su consumo parece que incrementa la producci\u00f3n de leche, aunque esta teor\u00eda no est\u00e1 absolutamente confirmada. En cualquier caso, es un gran alimento para las madres lactantes ya que aporta minerales, prote\u00ednas y \u00e1cidos grasos de muy buena calidad que favorecer\u00e1n tanto a la madre como al beb\u00e9.<\/p>\n<h6>Ingredientes y al\u00e9rgenos:<\/h6>\n<p>S\u00e9samo.<\/p>\n<h6>Condiciones de conservaci\u00f3n:<\/h6>\n<p>Conservar en un lugar fresco, seco y protegido de la luz.<\/p>\n<h6>Informaci\u00f3n adicional:<\/h6>\n<p>Fabricado por: SHIRREZA.<\/p>\n","protected":false},"excerpt":{"rendered":"<p>Crema de S\u00e9samo (Ardeh konjed) 350g &#8211; SHIRREZA Informaci\u00f3n del producto: Crema de s\u00e9samo: se prepara a partir de la cocci\u00f3n de las semillas de s\u00e9samo, lo que hace que se convierta en una pasta muy nutritiva. A nivel nutricional, se trata de un alimento con alto contenido en vitaminas del grupo B, especialmente Vitamina [&hellip;]<\/p>\n","protected":false},"featured_media":7307,"template":"","meta":{"_surecart_dashboard_logo_width":"180px","_surecart_dashboard_show_logo":true,"_surecart_dashboard_navigation_orders":true,"_surecart_dashboard_navigation_invoices":true,"_surecart_dashboard_navigation_subscriptions":true,"_surecart_dashboard_navigation_downloads":true,"_surecart_dashboard_navigation_billing":true,"_surecart_dashboard_navigation_account":true,"_uag_custom_page_level_css":"","site-sidebar-layout":"default","site-content-layout":"default","ast-site-content-layout":"","site-content-style":"default","site-sidebar-style":"default","ast-global-header-display":"","ast-banner-title-visibility":"","ast-main-header-display":"","ast-hfb-above-header-display":"","ast-hfb-below-header-display":"","ast-hfb-mobile-header-display":"","site-post-title":"","ast-breadcrumbs-content":"","ast-featured-img":"","footer-sml-layout":"","theme-transparent-header-meta":"default","adv-header-id-meta":"","stick-header-meta":"","header-above-stick-meta":"","header-main-stick-meta":"","header-below-stick-meta":"","astra-migrate-meta-layouts":"default","ast-page-background-enabled":"default","ast-page-background-meta":{"desktop":{"background-color":"","background-image":"","background-repeat":"repeat","background-position":"center center","background-size":"auto","background-attachment":"scroll","background-type":"","background-media":"","overlay-type":"","overlay-color":"","overlay-opacity":"","overlay-gradient":""},"tablet":{"background-color":"","background-image":"","background-repeat":"repeat","background-position":"center center","background-size":"auto","background-attachment":"scroll","background-type":"","background-media":"","overlay-type":"","overlay-color":"","overlay-opacity":"","overlay-gradient":""},"mobile":{"background-color":"","background-image":"","background-repeat":"repeat","background-position":"center center","background-size":"auto","background-attachment":"scroll","background-type":"","background-media":"","overlay-type":"","overlay-color":"","overlay-opacity":"","overlay-gradient":""}},"ast-content-background-meta":{"desktop":{"background-color":"var(--ast-global-color-5)","background-image":"","background-repeat":"repeat","background-position":"center center","background-size":"auto","background-attachment":"scroll","background-type":"","background-media":"","overlay-type":"","overlay-color":"","overlay-opacity":"","overlay-gradient":""},"tablet":{"background-color":"var(--ast-global-color-5)","background-image":"","background-repeat":"repeat","background-position":"center center","background-size":"auto","background-attachment":"scroll","background-type":"","background-media":"","overlay-type":"","overlay-color":"","overlay-opacity":"","overlay-gradient":""},"mobile":{"background-color":"var(--ast-global-color-5)","background-image":"","background-repeat":"repeat","background-position":"center center","background-size":"auto","background-attachment":"scroll","background-type":"","background-media":"","overlay-type":"","overlay-color":"","overlay-opacity":"","overlay-gradient":""}}},"pwb-brand":[198],"product_cat":[31,36],"product_tag":[580,576,581,582,583,334,415],"class_list":{"0":"post-7305","1":"product","2":"type-product","3":"status-publish","4":"has-post-thumbnail","6":"pwb-brand-shirreza","7":"product_cat-delicias-dulces","8":"product_cat-desayuno","9":"product_tag-crema-de-sesamo","10":"product_tag-desayuno","11":"product_tag-sesamo","12":"product_tag-582","13":"product_tag-583","14":"product_tag-334","15":"product_tag-415","16":"desktop-align-center","17":"tablet-align-center","18":"mobile-align-center","20":"first","21":"outofstock","22":"taxable","23":"shipping-taxable","24":"purchasable","25":"product-type-simple"},"yoast_head":"<!-- This site is optimized with the Yoast SEO plugin v23.6 - https:\/\/yoast.com\/wordpress\/plugins\/seo\/ -->\n<title>Crema de S\u00e9samo (Ardeh konjed) 350g - SHIRREZA - Delicias Persas<\/title>\n<meta name=\"description\" content=\"Deliciosa crema de s\u00e9samo. Ideal para Desayunar o merendar, tambi\u00e9n la puedes usar para elaborar los mejores postres..\" \/>\n<meta name=\"robots\" content=\"index, follow, max-snippet:-1, max-image-preview:large, max-video-preview:-1\" \/>\n<link rel=\"canonical\" href=\"https:\/\/deliciaspersas.com\/en\/tienda\/delicias-dulces\/crema-de-sesamo-ardeh-konjed-350g-shirreza\/\" \/>\n<meta property=\"og:locale\" content=\"en_US\" \/>\n<meta property=\"og:type\" content=\"article\" \/>\n<meta property=\"og:title\" content=\"Crema de S\u00e9samo (Ardeh konjed) 350g - SHIRREZA - Delicias Persas\" \/>\n<meta property=\"og:description\" content=\"Deliciosa crema de s\u00e9samo. Ideal para Desayunar o merendar, tambi\u00e9n la puedes usar para elaborar los mejores postres..\" \/>\n<meta property=\"og:url\" content=\"https:\/\/deliciaspersas.com\/en\/tienda\/delicias-dulces\/crema-de-sesamo-ardeh-konjed-350g-shirreza\/\" \/>\n<meta property=\"og:site_name\" content=\"Delicias Persas\" \/>\n<meta property=\"article:publisher\" content=\"https:\/\/www.facebook.com\/Deliciaspersas\" \/>\n<meta property=\"article:modified_time\" content=\"2025-09-10T15:29:11+00:00\" \/>\n<meta property=\"og:image\" content=\"https:\/\/deliciaspersas.com\/wp-content\/uploads\/Crema-de-Se\u0301samo-350g-SHIRREZA.jpg\" \/>\n\t<meta property=\"og:image:width\" content=\"400\" \/>\n\t<meta property=\"og:image:height\" content=\"400\" \/>\n\t<meta property=\"og:image:type\" content=\"image\/jpeg\" \/>\n<meta name=\"twitter:card\" content=\"summary_large_image\" \/>\n<meta name=\"twitter:label1\" content=\"Est. reading time\" \/>\n\t<meta name=\"twitter:data1\" content=\"2 minutes\" \/>\n<script type=\"application\/ld+json\" class=\"yoast-schema-graph\">{\"@context\":\"https:\/\/schema.org\",\"@graph\":[{\"@type\":\"WebPage\",\"@id\":\"https:\/\/deliciaspersas.com\/en\/tienda\/delicias-dulces\/crema-de-sesamo-ardeh-konjed-350g-shirreza\/\",\"url\":\"https:\/\/deliciaspersas.com\/en\/tienda\/delicias-dulces\/crema-de-sesamo-ardeh-konjed-350g-shirreza\/\",\"name\":\"Crema de S\u00e9samo (Ardeh konjed) 350g - SHIRREZA - Delicias Persas\",\"isPartOf\":{\"@id\":\"https:\/\/deliciaspersas.com\/en\/#website\"},\"primaryImageOfPage\":{\"@id\":\"https:\/\/deliciaspersas.com\/en\/tienda\/delicias-dulces\/crema-de-sesamo-ardeh-konjed-350g-shirreza\/#primaryimage\"},\"image\":{\"@id\":\"https:\/\/deliciaspersas.com\/en\/tienda\/delicias-dulces\/crema-de-sesamo-ardeh-konjed-350g-shirreza\/#primaryimage\"},\"thumbnailUrl\":\"https:\/\/deliciaspersas.com\/wp-content\/uploads\/Crema-de-Se\u0301samo-350g-SHIRREZA.jpg\",\"datePublished\":\"2021-03-13T12:12:33+00:00\",\"dateModified\":\"2025-09-10T15:29:11+00:00\",\"description\":\"Deliciosa crema de s\u00e9samo. Ideal para Desayunar o merendar, tambi\u00e9n la puedes usar para elaborar los mejores postres..\",\"breadcrumb\":{\"@id\":\"https:\/\/deliciaspersas.com\/en\/tienda\/delicias-dulces\/crema-de-sesamo-ardeh-konjed-350g-shirreza\/#breadcrumb\"},\"inLanguage\":\"en-US\",\"potentialAction\":[{\"@type\":\"ReadAction\",\"target\":[\"https:\/\/deliciaspersas.com\/en\/tienda\/delicias-dulces\/crema-de-sesamo-ardeh-konjed-350g-shirreza\/\"]}]},{\"@type\":\"ImageObject\",\"inLanguage\":\"en-US\",\"@id\":\"https:\/\/deliciaspersas.com\/en\/tienda\/delicias-dulces\/crema-de-sesamo-ardeh-konjed-350g-shirreza\/#primaryimage\",\"url\":\"https:\/\/deliciaspersas.com\/wp-content\/uploads\/Crema-de-Se\u0301samo-350g-SHIRREZA.jpg\",\"contentUrl\":\"https:\/\/deliciaspersas.com\/wp-content\/uploads\/Crema-de-Se\u0301samo-350g-SHIRREZA.jpg\",\"width\":400,\"height\":400,\"caption\":\"Crema de S\u00e9samo 350g SHIRREZA\"},{\"@type\":\"BreadcrumbList\",\"@id\":\"https:\/\/deliciaspersas.com\/en\/tienda\/delicias-dulces\/crema-de-sesamo-ardeh-konjed-350g-shirreza\/#breadcrumb\",\"itemListElement\":[{\"@type\":\"ListItem\",\"position\":1,\"name\":\"Portada\",\"item\":\"https:\/\/deliciaspersas.com\/en\/\"},{\"@type\":\"ListItem\",\"position\":2,\"name\":\"Tienda\",\"item\":\"https:\/\/deliciaspersas.com\/\"},{\"@type\":\"ListItem\",\"position\":3,\"name\":\"Crema de S\u00e9samo (Ardeh konjed) 350g &#8211; SHIRREZA\"}]},{\"@type\":\"WebSite\",\"@id\":\"https:\/\/deliciaspersas.com\/en\/#website\",\"url\":\"https:\/\/deliciaspersas.com\/en\/\",\"name\":\"Delicias Persas\",\"description\":\"Gastronom&iacute;a persa al alcance de tus manos\",\"publisher\":{\"@id\":\"https:\/\/deliciaspersas.com\/en\/#organization\"},\"potentialAction\":[{\"@type\":\"SearchAction\",\"target\":{\"@type\":\"EntryPoint\",\"urlTemplate\":\"https:\/\/deliciaspersas.com\/en\/?s={search_term_string}\"},\"query-input\":{\"@type\":\"PropertyValueSpecification\",\"valueRequired\":true,\"valueName\":\"search_term_string\"}}],\"inLanguage\":\"en-US\"},{\"@type\":\"Organization\",\"@id\":\"https:\/\/deliciaspersas.com\/en\/#organization\",\"name\":\"Delicias Persas\",\"url\":\"https:\/\/deliciaspersas.com\/en\/\",\"logo\":{\"@type\":\"ImageObject\",\"inLanguage\":\"en-US\",\"@id\":\"https:\/\/deliciaspersas.com\/en\/#\/schema\/logo\/image\/\",\"url\":\"https:\/\/deliciaspersas.com\/wp-content\/uploads\/2020\/07\/logo-2020.png\",\"contentUrl\":\"https:\/\/deliciaspersas.com\/wp-content\/uploads\/2020\/07\/logo-2020.png\",\"width\":520,\"height\":490,\"caption\":\"Delicias Persas\"},\"image\":{\"@id\":\"https:\/\/deliciaspersas.com\/en\/#\/schema\/logo\/image\/\"},\"sameAs\":[\"https:\/\/www.facebook.com\/Deliciaspersas\",\"https:\/\/www.instagram.com\/delicias_persas\/\",\"https:\/\/www.linkedin.com\/delicias-persas\"]}]}<\/script>\n<!-- \/ Yoast SEO plugin. -->","yoast_head_json":{"title":"Crema de S\u00e9samo (Ardeh konjed) 350g - SHIRREZA - Delicias Persas","description":"Deliciosa crema de s\u00e9samo. Ideal para Desayunar o merendar, tambi\u00e9n la puedes usar para elaborar los mejores postres..","robots":{"index":"index","follow":"follow","max-snippet":"max-snippet:-1","max-image-preview":"max-image-preview:large","max-video-preview":"max-video-preview:-1"},"canonical":"https:\/\/deliciaspersas.com\/en\/tienda\/delicias-dulces\/crema-de-sesamo-ardeh-konjed-350g-shirreza\/","og_locale":"en_US","og_type":"article","og_title":"Crema de S\u00e9samo (Ardeh konjed) 350g - SHIRREZA - Delicias Persas","og_description":"Deliciosa crema de s\u00e9samo. Ideal para Desayunar o merendar, tambi\u00e9n la puedes usar para elaborar los mejores postres..","og_url":"https:\/\/deliciaspersas.com\/en\/tienda\/delicias-dulces\/crema-de-sesamo-ardeh-konjed-350g-shirreza\/","og_site_name":"Delicias Persas","article_publisher":"https:\/\/www.facebook.com\/Deliciaspersas","article_modified_time":"2025-09-10T15:29:11+00:00","og_image":[{"width":400,"height":400,"url":"https:\/\/deliciaspersas.com\/wp-content\/uploads\/Crema-de-Se\u0301samo-350g-SHIRREZA.jpg","type":"image\/jpeg"}],"twitter_card":"summary_large_image","twitter_misc":{"Est. reading time":"2 minutes"},"schema":{"@context":"https:\/\/schema.org","@graph":[{"@type":"WebPage","@id":"https:\/\/deliciaspersas.com\/en\/tienda\/delicias-dulces\/crema-de-sesamo-ardeh-konjed-350g-shirreza\/","url":"https:\/\/deliciaspersas.com\/en\/tienda\/delicias-dulces\/crema-de-sesamo-ardeh-konjed-350g-shirreza\/","name":"Crema de S\u00e9samo (Ardeh konjed) 350g - SHIRREZA - Delicias Persas","isPartOf":{"@id":"https:\/\/deliciaspersas.com\/en\/#website"},"primaryImageOfPage":{"@id":"https:\/\/deliciaspersas.com\/en\/tienda\/delicias-dulces\/crema-de-sesamo-ardeh-konjed-350g-shirreza\/#primaryimage"},"image":{"@id":"https:\/\/deliciaspersas.com\/en\/tienda\/delicias-dulces\/crema-de-sesamo-ardeh-konjed-350g-shirreza\/#primaryimage"},"thumbnailUrl":"https:\/\/deliciaspersas.com\/wp-content\/uploads\/Crema-de-Se\u0301samo-350g-SHIRREZA.jpg","datePublished":"2021-03-13T12:12:33+00:00","dateModified":"2025-09-10T15:29:11+00:00","description":"Deliciosa crema de s\u00e9samo. Ideal para Desayunar o merendar, tambi\u00e9n la puedes usar para elaborar los mejores postres..","breadcrumb":{"@id":"https:\/\/deliciaspersas.com\/en\/tienda\/delicias-dulces\/crema-de-sesamo-ardeh-konjed-350g-shirreza\/#breadcrumb"},"inLanguage":"en-US","potentialAction":[{"@type":"ReadAction","target":["https:\/\/deliciaspersas.com\/en\/tienda\/delicias-dulces\/crema-de-sesamo-ardeh-konjed-350g-shirreza\/"]}]},{"@type":"ImageObject","inLanguage":"en-US","@id":"https:\/\/deliciaspersas.com\/en\/tienda\/delicias-dulces\/crema-de-sesamo-ardeh-konjed-350g-shirreza\/#primaryimage","url":"https:\/\/deliciaspersas.com\/wp-content\/uploads\/Crema-de-Se\u0301samo-350g-SHIRREZA.jpg","contentUrl":"https:\/\/deliciaspersas.com\/wp-content\/uploads\/Crema-de-Se\u0301samo-350g-SHIRREZA.jpg","width":400,"height":400,"caption":"Crema de S\u00e9samo 350g SHIRREZA"},{"@type":"BreadcrumbList","@id":"https:\/\/deliciaspersas.com\/en\/tienda\/delicias-dulces\/crema-de-sesamo-ardeh-konjed-350g-shirreza\/#breadcrumb","itemListElement":[{"@type":"ListItem","position":1,"name":"Portada","item":"https:\/\/deliciaspersas.com\/en\/"},{"@type":"ListItem","position":2,"name":"Tienda","item":"https:\/\/deliciaspersas.com\/"},{"@type":"ListItem","position":3,"name":"Crema de S\u00e9samo (Ardeh konjed) 350g &#8211; SHIRREZA"}]},{"@type":"WebSite","@id":"https:\/\/deliciaspersas.com\/en\/#website","url":"https:\/\/deliciaspersas.com\/en\/","name":"Delicias Persas","description":"Gastronom&iacute;a persa al alcance de tus manos","publisher":{"@id":"https:\/\/deliciaspersas.com\/en\/#organization"},"potentialAction":[{"@type":"SearchAction","target":{"@type":"EntryPoint","urlTemplate":"https:\/\/deliciaspersas.com\/en\/?s={search_term_string}"},"query-input":{"@type":"PropertyValueSpecification","valueRequired":true,"valueName":"search_term_string"}}],"inLanguage":"en-US"},{"@type":"Organization","@id":"https:\/\/deliciaspersas.com\/en\/#organization","name":"Delicias Persas","url":"https:\/\/deliciaspersas.com\/en\/","logo":{"@type":"ImageObject","inLanguage":"en-US","@id":"https:\/\/deliciaspersas.com\/en\/#\/schema\/logo\/image\/","url":"https:\/\/deliciaspersas.com\/wp-content\/uploads\/2020\/07\/logo-2020.png","contentUrl":"https:\/\/deliciaspersas.com\/wp-content\/uploads\/2020\/07\/logo-2020.png","width":520,"height":490,"caption":"Delicias Persas"},"image":{"@id":"https:\/\/deliciaspersas.com\/en\/#\/schema\/logo\/image\/"},"sameAs":["https:\/\/www.facebook.com\/Deliciaspersas","https:\/\/www.instagram.com\/delicias_persas\/","https:\/\/www.linkedin.com\/delicias-persas"]}]}},"uagb_featured_image_src":{"full":["https:\/\/deliciaspersas.com\/wp-content\/uploads\/Crema-de-Se\u0301samo-350g-SHIRREZA.jpg",400,400,false],"thumbnail":["https:\/\/deliciaspersas.com\/wp-content\/uploads\/Crema-de-Se\u0301samo-350g-SHIRREZA-150x150.jpg",150,150,true],"medium":["https:\/\/deliciaspersas.com\/wp-content\/uploads\/Crema-de-Se\u0301samo-350g-SHIRREZA-300x300.jpg",300,300,true],"medium_large":["https:\/\/deliciaspersas.com\/wp-content\/uploads\/Crema-de-Se\u0301samo-350g-SHIRREZA.jpg",400,400,false],"large":["https:\/\/deliciaspersas.com\/wp-content\/uploads\/Crema-de-Se\u0301samo-350g-SHIRREZA.jpg",400,400,false],"1536x1536":["https:\/\/deliciaspersas.com\/wp-content\/uploads\/Crema-de-Se\u0301samo-350g-SHIRREZA.jpg",400,400,false],"2048x2048":["https:\/\/deliciaspersas.com\/wp-content\/uploads\/Crema-de-Se\u0301samo-350g-SHIRREZA.jpg",400,400,false],"woocommerce_thumbnail":["https:\/\/deliciaspersas.com\/wp-content\/uploads\/Crema-de-Se\u0301samo-350g-SHIRREZA-300x300.jpg",300,300,true],"woocommerce_single":["https:\/\/deliciaspersas.com\/wp-content\/uploads\/Crema-de-Se\u0301samo-350g-SHIRREZA.jpg",400,400,false],"woocommerce_gallery_thumbnail":["https:\/\/deliciaspersas.com\/wp-content\/uploads\/Crema-de-Se\u0301samo-350g-SHIRREZA-100x100.jpg",100,100,true]},"uagb_author_info":{"display_name":"admin","author_link":"https:\/\/deliciaspersas.com\/en\/author\/"},"uagb_comment_info":0,"uagb_excerpt":"Crema de S\u00e9samo (Ardeh konjed) 350g &#8211; SHIRREZA Informaci\u00f3n del producto: Crema de s\u00e9samo: se prepara a partir de la cocci\u00f3n de las semillas de s\u00e9samo, lo que hace que se convierta en una pasta muy nutritiva. A nivel nutricional, se trata de un alimento con alto contenido en vitaminas del grupo B, especialmente Vitamina&hellip;","brands":[{"id":198,"name":"SHIRREZA","slug":"shirreza"}],"_links":{"self":[{"href":"https:\/\/deliciaspersas.com\/en\/wp-json\/wp\/v2\/product\/7305"}],"collection":[{"href":"https:\/\/deliciaspersas.com\/en\/wp-json\/wp\/v2\/product"}],"about":[{"href":"https:\/\/deliciaspersas.com\/en\/wp-json\/wp\/v2\/types\/product"}],"wp:featuredmedia":[{"embeddable":true,"href":"https:\/\/deliciaspersas.com\/en\/wp-json\/wp\/v2\/media\/7307"}],"wp:attachment":[{"href":"https:\/\/deliciaspersas.com\/en\/wp-json\/wp\/v2\/media?parent=7305"}],"wp:term":[{"taxonomy":"pwb-brand","embeddable":true,"href":"https:\/\/deliciaspersas.com\/en\/wp-json\/wp\/v2\/pwb-brand?post=7305"},{"taxonomy":"product_cat","embeddable":true,"href":"https:\/\/deliciaspersas.com\/en\/wp-json\/wp\/v2\/product_cat?post=7305"},{"taxonomy":"product_tag","embeddable":true,"href":"https:\/\/deliciaspersas.com\/en\/wp-json\/wp\/v2\/product_tag?post=7305"}],"curies":[{"name":"wp","href":"https:\/\/api.w.org\/{rel}","templated":true}]}}