{"id":7315,"date":"2021-03-13T13:27:51","date_gmt":"2021-03-13T12:27:51","guid":{"rendered":"https:\/\/deliciaspersas.com\/?post_type=product&#038;p=7315"},"modified":"2023-10-25T13:11:17","modified_gmt":"2023-10-25T11:11:17","slug":"frutos-del-corno-agrios-100g-parna","status":"publish","type":"product","link":"https:\/\/deliciaspersas.com\/en\/tienda\/frutas\/frutos-del-corno-agrios-100g-parna\/","title":{"rendered":"Frutos del corno agrios 100g Torshtaem"},"content":{"rendered":"<h1>Frutos del corno agrios 100g Torshtaem<\/h1>\n<h6>Informaci\u00f3n del producto:<\/h6>\n<div>\n<p>frutos del corno agrios.<\/p>\n<\/div>\n<h6>Beneficios:<\/h6>\n<p>Este producto contiene antioxidantes, agentes antiinflamatorios, \u00e1cidos org\u00e1nicos y compuestos polifen\u00f3licos, junto con grandes cantidades de vitamina C y fibra diet\u00e9tica. Estos compuestos biol\u00f3gicamente activos juntos curan al cuerpo de diversas presiones.<\/p>\n<p>\u00bfQu\u00e9 tiene de especial esta fruta que aporta a tu dieta?<\/p>\n<p>Si busca una respuesta, la primera es el tratamiento de las infecciones del tracto urinario y, adem\u00e1s, existen importantes propiedades que afectan de manera positiva al cuerpo.<\/p>\n<p>Estimulan la producci\u00f3n de colesterol bueno si se consumen en las cantidades adecuadas. Los compuestos polifen\u00f3licos regulan los niveles de triglic\u00e9ridos en la sangre. Esto, a su vez, protege al cuerpo contra ataques card\u00edacos, diabetes y obesidad.<br \/>\nLos pigmentos que dan un color espec\u00edfico en este alimento regeneran la membrana celular interna del abdomen y tratan las \u00falceras de est\u00f3mago.<br \/>\nAl reducir el colesterol malo y los niveles de triglic\u00e9ridos relacionados en la sangre, pueden prevenir ataques card\u00edacos y paros card\u00edacos. Sus compuestos antiinflamatorios ayudan a regular la presi\u00f3n arterial al relajar los vasos sangu\u00edneos.<br \/>\nUna de las principales razones para comer este alimento puede ser una piel radiante. Con aproximadamente un 98% de agua, un 24% de vitamina C y altos niveles de antioxidantes, son buenos para una piel radiante.<br \/>\nAl igual que para combatir las infecciones del tracto urinario, los ingredientes activos de los frutos de corno reducen el riesgo de infecciones bacterianas durante el embarazo. Contrariamente a la creencia popular, no provocan ning\u00fan defecto cong\u00e9nito en el feto ni problemas posparto en la mujer.<\/p>\n<p>Tambi\u00e9n pueden beneficiar a los dientes. Las investigaciones muestran que los compuestos antiinflamatorios reducen la formaci\u00f3n de biopel\u00edculas en los dientes y la lengua, lo que puede reducir las infecciones dentales y las caries.<\/p>\n<p class=\"paragraph\" data-gtm-element-container=\"modulo-texto-link\"><span style=\"font-size: 17.6px; font-style: normal; font-weight: bold;\">Ingredientes y al\u00e9rgenos:<\/span><\/p>\n<p>Este alimento est\u00e1 formado por rollos de cereza agria confitada.<\/p>\n<h6>Condiciones de conservaci\u00f3n:<\/h6>\n<p>Conservar en un lugar fresco, seco y protegido de la luz.<\/p>\n<h6>Informaci\u00f3n adicional:<\/h6>\n<p>Fabricado por: Torshtaem.<\/p>\n","protected":false},"excerpt":{"rendered":"<p>Frutos del corno agrios 100g Torshtaem Informaci\u00f3n del producto: frutos del corno agrios. Beneficios: Este producto contiene antioxidantes, agentes antiinflamatorios, \u00e1cidos org\u00e1nicos y compuestos polifen\u00f3licos, junto con grandes cantidades de vitamina C y fibra diet\u00e9tica. Estos compuestos biol\u00f3gicamente activos juntos curan al cuerpo de diversas presiones. \u00bfQu\u00e9 tiene de especial esta fruta que aporta a [&hellip;]<\/p>\n","protected":false},"featured_media":7316,"template":"","meta":{"_surecart_dashboard_logo_width":"180px","_surecart_dashboard_show_logo":true,"_surecart_dashboard_navigation_orders":true,"_surecart_dashboard_navigation_invoices":true,"_surecart_dashboard_navigation_subscriptions":true,"_surecart_dashboard_navigation_downloads":true,"_surecart_dashboard_navigation_billing":true,"_surecart_dashboard_navigation_account":true,"_uag_custom_page_level_css":"","site-sidebar-layout":"default","site-content-layout":"default","ast-site-content-layout":"","site-content-style":"default","site-sidebar-style":"default","ast-global-header-display":"","ast-banner-title-visibility":"","ast-main-header-display":"","ast-hfb-above-header-display":"","ast-hfb-below-header-display":"","ast-hfb-mobile-header-display":"","site-post-title":"","ast-breadcrumbs-content":"","ast-featured-img":"","footer-sml-layout":"","theme-transparent-header-meta":"default","adv-header-id-meta":"","stick-header-meta":"","header-above-stick-meta":"","header-main-stick-meta":"","header-below-stick-meta":"","astra-migrate-meta-layouts":"default","ast-page-background-enabled":"default","ast-page-background-meta":{"desktop":{"background-color":"","background-image":"","background-repeat":"repeat","background-position":"center center","background-size":"auto","background-attachment":"scroll","background-type":"","background-media":"","overlay-type":"","overlay-color":"","overlay-opacity":"","overlay-gradient":""},"tablet":{"background-color":"","background-image":"","background-repeat":"repeat","background-position":"center center","background-size":"auto","background-attachment":"scroll","background-type":"","background-media":"","overlay-type":"","overlay-color":"","overlay-opacity":"","overlay-gradient":""},"mobile":{"background-color":"","background-image":"","background-repeat":"repeat","background-position":"center center","background-size":"auto","background-attachment":"scroll","background-type":"","background-media":"","overlay-type":"","overlay-color":"","overlay-opacity":"","overlay-gradient":""}},"ast-content-background-meta":{"desktop":{"background-color":"var(--ast-global-color-5)","background-image":"","background-repeat":"repeat","background-position":"center center","background-size":"auto","background-attachment":"scroll","background-type":"","background-media":"","overlay-type":"","overlay-color":"","overlay-opacity":"","overlay-gradient":""},"tablet":{"background-color":"var(--ast-global-color-5)","background-image":"","background-repeat":"repeat","background-position":"center center","background-size":"auto","background-attachment":"scroll","background-type":"","background-media":"","overlay-type":"","overlay-color":"","overlay-opacity":"","overlay-gradient":""},"mobile":{"background-color":"var(--ast-global-color-5)","background-image":"","background-repeat":"repeat","background-position":"center center","background-size":"auto","background-attachment":"scroll","background-type":"","background-media":"","overlay-type":"","overlay-color":"","overlay-opacity":"","overlay-gradient":""}}},"pwb-brand":[269],"product_cat":[33],"product_tag":[628,896,653,897],"class_list":{"0":"post-7315","1":"product","2":"type-product","3":"status-publish","4":"has-post-thumbnail","6":"pwb-brand-torshtaem","7":"product_cat-frutas","8":"product_tag-acido","9":"product_tag-corno-agrio","10":"product_tag-fruta-deshidratada","11":"product_tag-897","12":"desktop-align-center","13":"tablet-align-center","14":"mobile-align-center","16":"first","17":"instock","18":"taxable","19":"shipping-taxable","20":"purchasable","21":"product-type-simple"},"yoast_head":"<!-- This site is optimized with the Yoast SEO plugin v23.6 - https:\/\/yoast.com\/wordpress\/plugins\/seo\/ -->\n<title>Frutos del corno agrios 100g Torshtaem - Delicias Persas<\/title>\n<meta name=\"description\" content=\"Frutos del corno. Disfruta de la cereza agria en su jugo. Una esquisitez de oriente, no lo encontrar\u00e1s en ning\u00fan otro lado!\" \/>\n<meta name=\"robots\" content=\"index, follow, max-snippet:-1, max-image-preview:large, max-video-preview:-1\" \/>\n<link rel=\"canonical\" href=\"https:\/\/deliciaspersas.com\/en\/tienda\/frutas\/frutos-del-corno-agrios-100g-parna\/\" \/>\n<meta property=\"og:locale\" content=\"en_US\" \/>\n<meta property=\"og:type\" content=\"article\" \/>\n<meta property=\"og:title\" content=\"Frutos del corno agrios 100g Torshtaem - Delicias Persas\" \/>\n<meta property=\"og:description\" content=\"Frutos del corno. Disfruta de la cereza agria en su jugo. Una esquisitez de oriente, no lo encontrar\u00e1s en ning\u00fan otro lado!\" \/>\n<meta property=\"og:url\" content=\"https:\/\/deliciaspersas.com\/en\/tienda\/frutas\/frutos-del-corno-agrios-100g-parna\/\" \/>\n<meta property=\"og:site_name\" content=\"Delicias Persas\" \/>\n<meta property=\"article:publisher\" content=\"https:\/\/www.facebook.com\/Deliciaspersas\" \/>\n<meta property=\"article:modified_time\" content=\"2023-10-25T11:11:17+00:00\" \/>\n<meta property=\"og:image\" content=\"https:\/\/deliciaspersas.com\/wp-content\/uploads\/Frutos-del-corno-agrios-100g-Parna.jpg\" \/>\n\t<meta property=\"og:image:width\" content=\"400\" \/>\n\t<meta property=\"og:image:height\" content=\"400\" \/>\n\t<meta property=\"og:image:type\" content=\"image\/jpeg\" \/>\n<meta name=\"twitter:card\" content=\"summary_large_image\" \/>\n<meta name=\"twitter:label1\" content=\"Est. reading time\" \/>\n\t<meta name=\"twitter:data1\" content=\"2 minutes\" \/>\n<script type=\"application\/ld+json\" class=\"yoast-schema-graph\">{\"@context\":\"https:\/\/schema.org\",\"@graph\":[{\"@type\":\"WebPage\",\"@id\":\"https:\/\/deliciaspersas.com\/en\/tienda\/frutas\/frutos-del-corno-agrios-100g-parna\/\",\"url\":\"https:\/\/deliciaspersas.com\/en\/tienda\/frutas\/frutos-del-corno-agrios-100g-parna\/\",\"name\":\"Frutos del corno agrios 100g Torshtaem - Delicias Persas\",\"isPartOf\":{\"@id\":\"https:\/\/deliciaspersas.com\/en\/#website\"},\"primaryImageOfPage\":{\"@id\":\"https:\/\/deliciaspersas.com\/en\/tienda\/frutas\/frutos-del-corno-agrios-100g-parna\/#primaryimage\"},\"image\":{\"@id\":\"https:\/\/deliciaspersas.com\/en\/tienda\/frutas\/frutos-del-corno-agrios-100g-parna\/#primaryimage\"},\"thumbnailUrl\":\"https:\/\/deliciaspersas.com\/wp-content\/uploads\/Frutos-del-corno-agrios-100g-Parna.jpg\",\"datePublished\":\"2021-03-13T12:27:51+00:00\",\"dateModified\":\"2023-10-25T11:11:17+00:00\",\"description\":\"Frutos del corno. Disfruta de la cereza agria en su jugo. Una esquisitez de oriente, no lo encontrar\u00e1s en ning\u00fan otro lado!\",\"breadcrumb\":{\"@id\":\"https:\/\/deliciaspersas.com\/en\/tienda\/frutas\/frutos-del-corno-agrios-100g-parna\/#breadcrumb\"},\"inLanguage\":\"en-US\",\"potentialAction\":[{\"@type\":\"ReadAction\",\"target\":[\"https:\/\/deliciaspersas.com\/en\/tienda\/frutas\/frutos-del-corno-agrios-100g-parna\/\"]}]},{\"@type\":\"ImageObject\",\"inLanguage\":\"en-US\",\"@id\":\"https:\/\/deliciaspersas.com\/en\/tienda\/frutas\/frutos-del-corno-agrios-100g-parna\/#primaryimage\",\"url\":\"https:\/\/deliciaspersas.com\/wp-content\/uploads\/Frutos-del-corno-agrios-100g-Parna.jpg\",\"contentUrl\":\"https:\/\/deliciaspersas.com\/wp-content\/uploads\/Frutos-del-corno-agrios-100g-Parna.jpg\",\"width\":400,\"height\":400,\"caption\":\"Frutos del corno agrios 100g Parna\"},{\"@type\":\"BreadcrumbList\",\"@id\":\"https:\/\/deliciaspersas.com\/en\/tienda\/frutas\/frutos-del-corno-agrios-100g-parna\/#breadcrumb\",\"itemListElement\":[{\"@type\":\"ListItem\",\"position\":1,\"name\":\"Portada\",\"item\":\"https:\/\/deliciaspersas.com\/en\/\"},{\"@type\":\"ListItem\",\"position\":2,\"name\":\"Tienda\",\"item\":\"https:\/\/deliciaspersas.com\/\"},{\"@type\":\"ListItem\",\"position\":3,\"name\":\"Frutos del corno agrios 100g Torshtaem\"}]},{\"@type\":\"WebSite\",\"@id\":\"https:\/\/deliciaspersas.com\/en\/#website\",\"url\":\"https:\/\/deliciaspersas.com\/en\/\",\"name\":\"Delicias Persas\",\"description\":\"Gastronom&iacute;a persa al alcance de tus manos\",\"publisher\":{\"@id\":\"https:\/\/deliciaspersas.com\/en\/#organization\"},\"potentialAction\":[{\"@type\":\"SearchAction\",\"target\":{\"@type\":\"EntryPoint\",\"urlTemplate\":\"https:\/\/deliciaspersas.com\/en\/?s={search_term_string}\"},\"query-input\":{\"@type\":\"PropertyValueSpecification\",\"valueRequired\":true,\"valueName\":\"search_term_string\"}}],\"inLanguage\":\"en-US\"},{\"@type\":\"Organization\",\"@id\":\"https:\/\/deliciaspersas.com\/en\/#organization\",\"name\":\"Delicias Persas\",\"url\":\"https:\/\/deliciaspersas.com\/en\/\",\"logo\":{\"@type\":\"ImageObject\",\"inLanguage\":\"en-US\",\"@id\":\"https:\/\/deliciaspersas.com\/en\/#\/schema\/logo\/image\/\",\"url\":\"https:\/\/deliciaspersas.com\/wp-content\/uploads\/2020\/07\/logo-2020.png\",\"contentUrl\":\"https:\/\/deliciaspersas.com\/wp-content\/uploads\/2020\/07\/logo-2020.png\",\"width\":520,\"height\":490,\"caption\":\"Delicias Persas\"},\"image\":{\"@id\":\"https:\/\/deliciaspersas.com\/en\/#\/schema\/logo\/image\/\"},\"sameAs\":[\"https:\/\/www.facebook.com\/Deliciaspersas\",\"https:\/\/www.instagram.com\/delicias_persas\/\",\"https:\/\/www.linkedin.com\/delicias-persas\"]}]}<\/script>\n<!-- \/ Yoast SEO plugin. -->","yoast_head_json":{"title":"Frutos del corno agrios 100g Torshtaem - Delicias Persas","description":"Frutos del corno. Disfruta de la cereza agria en su jugo. Una esquisitez de oriente, no lo encontrar\u00e1s en ning\u00fan otro lado!","robots":{"index":"index","follow":"follow","max-snippet":"max-snippet:-1","max-image-preview":"max-image-preview:large","max-video-preview":"max-video-preview:-1"},"canonical":"https:\/\/deliciaspersas.com\/en\/tienda\/frutas\/frutos-del-corno-agrios-100g-parna\/","og_locale":"en_US","og_type":"article","og_title":"Frutos del corno agrios 100g Torshtaem - Delicias Persas","og_description":"Frutos del corno. Disfruta de la cereza agria en su jugo. Una esquisitez de oriente, no lo encontrar\u00e1s en ning\u00fan otro lado!","og_url":"https:\/\/deliciaspersas.com\/en\/tienda\/frutas\/frutos-del-corno-agrios-100g-parna\/","og_site_name":"Delicias Persas","article_publisher":"https:\/\/www.facebook.com\/Deliciaspersas","article_modified_time":"2023-10-25T11:11:17+00:00","og_image":[{"width":400,"height":400,"url":"https:\/\/deliciaspersas.com\/wp-content\/uploads\/Frutos-del-corno-agrios-100g-Parna.jpg","type":"image\/jpeg"}],"twitter_card":"summary_large_image","twitter_misc":{"Est. reading time":"2 minutes"},"schema":{"@context":"https:\/\/schema.org","@graph":[{"@type":"WebPage","@id":"https:\/\/deliciaspersas.com\/en\/tienda\/frutas\/frutos-del-corno-agrios-100g-parna\/","url":"https:\/\/deliciaspersas.com\/en\/tienda\/frutas\/frutos-del-corno-agrios-100g-parna\/","name":"Frutos del corno agrios 100g Torshtaem - Delicias Persas","isPartOf":{"@id":"https:\/\/deliciaspersas.com\/en\/#website"},"primaryImageOfPage":{"@id":"https:\/\/deliciaspersas.com\/en\/tienda\/frutas\/frutos-del-corno-agrios-100g-parna\/#primaryimage"},"image":{"@id":"https:\/\/deliciaspersas.com\/en\/tienda\/frutas\/frutos-del-corno-agrios-100g-parna\/#primaryimage"},"thumbnailUrl":"https:\/\/deliciaspersas.com\/wp-content\/uploads\/Frutos-del-corno-agrios-100g-Parna.jpg","datePublished":"2021-03-13T12:27:51+00:00","dateModified":"2023-10-25T11:11:17+00:00","description":"Frutos del corno. Disfruta de la cereza agria en su jugo. Una esquisitez de oriente, no lo encontrar\u00e1s en ning\u00fan otro lado!","breadcrumb":{"@id":"https:\/\/deliciaspersas.com\/en\/tienda\/frutas\/frutos-del-corno-agrios-100g-parna\/#breadcrumb"},"inLanguage":"en-US","potentialAction":[{"@type":"ReadAction","target":["https:\/\/deliciaspersas.com\/en\/tienda\/frutas\/frutos-del-corno-agrios-100g-parna\/"]}]},{"@type":"ImageObject","inLanguage":"en-US","@id":"https:\/\/deliciaspersas.com\/en\/tienda\/frutas\/frutos-del-corno-agrios-100g-parna\/#primaryimage","url":"https:\/\/deliciaspersas.com\/wp-content\/uploads\/Frutos-del-corno-agrios-100g-Parna.jpg","contentUrl":"https:\/\/deliciaspersas.com\/wp-content\/uploads\/Frutos-del-corno-agrios-100g-Parna.jpg","width":400,"height":400,"caption":"Frutos del corno agrios 100g Parna"},{"@type":"BreadcrumbList","@id":"https:\/\/deliciaspersas.com\/en\/tienda\/frutas\/frutos-del-corno-agrios-100g-parna\/#breadcrumb","itemListElement":[{"@type":"ListItem","position":1,"name":"Portada","item":"https:\/\/deliciaspersas.com\/en\/"},{"@type":"ListItem","position":2,"name":"Tienda","item":"https:\/\/deliciaspersas.com\/"},{"@type":"ListItem","position":3,"name":"Frutos del corno agrios 100g Torshtaem"}]},{"@type":"WebSite","@id":"https:\/\/deliciaspersas.com\/en\/#website","url":"https:\/\/deliciaspersas.com\/en\/","name":"Delicias Persas","description":"Gastronom&iacute;a persa al alcance de tus manos","publisher":{"@id":"https:\/\/deliciaspersas.com\/en\/#organization"},"potentialAction":[{"@type":"SearchAction","target":{"@type":"EntryPoint","urlTemplate":"https:\/\/deliciaspersas.com\/en\/?s={search_term_string}"},"query-input":{"@type":"PropertyValueSpecification","valueRequired":true,"valueName":"search_term_string"}}],"inLanguage":"en-US"},{"@type":"Organization","@id":"https:\/\/deliciaspersas.com\/en\/#organization","name":"Delicias Persas","url":"https:\/\/deliciaspersas.com\/en\/","logo":{"@type":"ImageObject","inLanguage":"en-US","@id":"https:\/\/deliciaspersas.com\/en\/#\/schema\/logo\/image\/","url":"https:\/\/deliciaspersas.com\/wp-content\/uploads\/2020\/07\/logo-2020.png","contentUrl":"https:\/\/deliciaspersas.com\/wp-content\/uploads\/2020\/07\/logo-2020.png","width":520,"height":490,"caption":"Delicias Persas"},"image":{"@id":"https:\/\/deliciaspersas.com\/en\/#\/schema\/logo\/image\/"},"sameAs":["https:\/\/www.facebook.com\/Deliciaspersas","https:\/\/www.instagram.com\/delicias_persas\/","https:\/\/www.linkedin.com\/delicias-persas"]}]}},"uagb_featured_image_src":{"full":["https:\/\/deliciaspersas.com\/wp-content\/uploads\/Frutos-del-corno-agrios-100g-Parna.jpg",400,400,false],"thumbnail":["https:\/\/deliciaspersas.com\/wp-content\/uploads\/Frutos-del-corno-agrios-100g-Parna-150x150.jpg",150,150,true],"medium":["https:\/\/deliciaspersas.com\/wp-content\/uploads\/Frutos-del-corno-agrios-100g-Parna-300x300.jpg",300,300,true],"medium_large":["https:\/\/deliciaspersas.com\/wp-content\/uploads\/Frutos-del-corno-agrios-100g-Parna.jpg",400,400,false],"large":["https:\/\/deliciaspersas.com\/wp-content\/uploads\/Frutos-del-corno-agrios-100g-Parna.jpg",400,400,false],"1536x1536":["https:\/\/deliciaspersas.com\/wp-content\/uploads\/Frutos-del-corno-agrios-100g-Parna.jpg",400,400,false],"2048x2048":["https:\/\/deliciaspersas.com\/wp-content\/uploads\/Frutos-del-corno-agrios-100g-Parna.jpg",400,400,false],"woocommerce_thumbnail":["https:\/\/deliciaspersas.com\/wp-content\/uploads\/Frutos-del-corno-agrios-100g-Parna-300x300.jpg",300,300,true],"woocommerce_single":["https:\/\/deliciaspersas.com\/wp-content\/uploads\/Frutos-del-corno-agrios-100g-Parna.jpg",400,400,false],"woocommerce_gallery_thumbnail":["https:\/\/deliciaspersas.com\/wp-content\/uploads\/Frutos-del-corno-agrios-100g-Parna-100x100.jpg",100,100,true]},"uagb_author_info":{"display_name":"admin","author_link":"https:\/\/deliciaspersas.com\/en\/author\/"},"uagb_comment_info":0,"uagb_excerpt":"Frutos del corno agrios 100g Torshtaem Informaci\u00f3n del producto: frutos del corno agrios. Beneficios: Este producto contiene antioxidantes, agentes antiinflamatorios, \u00e1cidos org\u00e1nicos y compuestos polifen\u00f3licos, junto con grandes cantidades de vitamina C y fibra diet\u00e9tica. Estos compuestos biol\u00f3gicamente activos juntos curan al cuerpo de diversas presiones. \u00bfQu\u00e9 tiene de especial esta fruta que aporta a&hellip;","brands":[{"id":269,"name":"Torshtaem","slug":"torshtaem"}],"_links":{"self":[{"href":"https:\/\/deliciaspersas.com\/en\/wp-json\/wp\/v2\/product\/7315"}],"collection":[{"href":"https:\/\/deliciaspersas.com\/en\/wp-json\/wp\/v2\/product"}],"about":[{"href":"https:\/\/deliciaspersas.com\/en\/wp-json\/wp\/v2\/types\/product"}],"wp:featuredmedia":[{"embeddable":true,"href":"https:\/\/deliciaspersas.com\/en\/wp-json\/wp\/v2\/media\/7316"}],"wp:attachment":[{"href":"https:\/\/deliciaspersas.com\/en\/wp-json\/wp\/v2\/media?parent=7315"}],"wp:term":[{"taxonomy":"pwb-brand","embeddable":true,"href":"https:\/\/deliciaspersas.com\/en\/wp-json\/wp\/v2\/pwb-brand?post=7315"},{"taxonomy":"product_cat","embeddable":true,"href":"https:\/\/deliciaspersas.com\/en\/wp-json\/wp\/v2\/product_cat?post=7315"},{"taxonomy":"product_tag","embeddable":true,"href":"https:\/\/deliciaspersas.com\/en\/wp-json\/wp\/v2\/product_tag?post=7315"}],"curies":[{"name":"wp","href":"https:\/\/api.w.org\/{rel}","templated":true}]}}