{"id":7517,"date":"2021-04-06T11:14:20","date_gmt":"2021-04-06T09:14:20","guid":{"rendered":"https:\/\/deliciaspersas.com\/?post_type=product&#038;p=7517"},"modified":"2024-12-21T14:16:25","modified_gmt":"2024-12-21T13:16:25","slug":"bocaditos-rellenos-en-hoja-de-uva-dolme-loghmeh-460g-sharashpaz","status":"publish","type":"product","link":"https:\/\/deliciaspersas.com\/en\/tienda\/ready\/bocaditos-rellenos-en-hoja-de-uva-dolme-loghmeh-460g-sharashpaz\/","title":{"rendered":"Bocaditos rellenos en hoja de uva Dolme Loghmeh 460g Sharashpaz"},"content":{"rendered":"<h1>Bocaditos rellenos en hoja de uva Dolme Loghmeh 460g Sharashpaz<\/h1>\n<h6>Informaci\u00f3n del producto:<\/h6>\n<p class=\"title\" data-asset-id=\"967547802\">Bocaditos rellenos de hojas de uva.<\/p>\n<h6>Ingredientes y al\u00e9rgenos:<\/h6>\n<p>Se compone de hojas de uva.<\/p>\n<h6>Usos:<\/h6>\n<p>Estos bocaditos, aportan los beneficios de las hojas de uva, que son una buena fuente de nutrientes, ya que incluyen vitaminas C, E, A, K y B6, adem\u00e1s de niacina, hierro, fibra, riboflavina, \u00e1cido f\u00f3lico, calcio, magnesio, cobre y manganeso. Una sola porci\u00f3n es muy saludable para el coraz\u00f3n, no tiene grasa ni colesterol y es baja en sodio y az\u00facar.<\/p>\n<h6>Beneficios:<\/h6>\n<p>Si tiene un problema inflamatorio como artritis, amigdalitis o inflamaci\u00f3n cr\u00f3nica, puedes usar hojas de uva para aliviarlos. Las hojas de uva contienen \u00e1cidos grasos omega-3 y antioxidantes que son responsables del proceso inflamatorio. Esto ayudar\u00e1 a reducir la inflamaci\u00f3n y tratar\u00e1 enfermedades cr\u00f3nicas.<br \/>\nLas hojas de uva tienen una carga gluc\u00e9mica baja. Esta es una buena dieta, especialmente para pacientes con diabetes. Adem\u00e1s, el alto contenido de fibra en las hojas de parra puede reducir los niveles de glucosa en sangre.<\/p>\n<p>Las hojas de uva son excelentes en fibra diet\u00e9tica. Estas hojas ayudan a mejorar la funci\u00f3n gastrointestinal y absorben los nutrientes.<\/p>\n<p>La fibra diet\u00e9tica de las hojas de uva ayuda a prevenir el estre\u00f1imiento. Esta fibra digiere bien los alimentos, por lo que se puede eliminar f\u00e1cilmente del cuerpo.<br \/>\nLas hojas de uva contienen minerales de zinc que pueden proteger la mucosa intestinal. Este mecanismo ayuda a que el intestino sane r\u00e1pidamente cuando hay moco, como un problema de diarrea.<\/p>\n<p>Las hojas de uva son ricas en hierro mineral, que ayuda a prevenir la anemia. Este mineral juega un papel importante en la formaci\u00f3n de hemoglobina en los gl\u00f3bulos rojos. Estos beneficios para la salud tambi\u00e9n est\u00e1n respaldados por la vitamina C, que ayuda a absorber bien el hierro.<br \/>\nLas hojas de uva son ricas en vitamina C, que es la mejor vitamina para estimular el sistema inmunol\u00f3gico, lo que mantendr\u00e1 sus anticuerpos alerta para combatir las bacterias o virus que puedan ingresar al cuerpo.<\/p>\n<h6>Condiciones de conservaci\u00f3n:<\/h6>\n<p>Conservar en un lugar fresco, seco y protegido de la luz.<\/p>\n<h6>Informaci\u00f3n adicional:<\/h6>\n<p>Fabricado por: Sharashpaz<\/p>\n","protected":false},"excerpt":{"rendered":"<p>Bocaditos rellenos en hoja de uva Dolme Loghmeh 460g Sharashpaz Informaci\u00f3n del producto: Bocaditos rellenos de hojas de uva. Ingredientes y al\u00e9rgenos: Se compone de hojas de uva. Usos: Estos bocaditos, aportan los beneficios de las hojas de uva, que son una buena fuente de nutrientes, ya que incluyen vitaminas C, E, A, K y [&hellip;]<\/p>\n","protected":false},"featured_media":7432,"template":"","meta":{"_surecart_dashboard_logo_width":"180px","_surecart_dashboard_show_logo":true,"_surecart_dashboard_navigation_orders":true,"_surecart_dashboard_navigation_invoices":true,"_surecart_dashboard_navigation_subscriptions":true,"_surecart_dashboard_navigation_downloads":true,"_surecart_dashboard_navigation_billing":true,"_surecart_dashboard_navigation_account":true,"_uag_custom_page_level_css":"","site-sidebar-layout":"default","site-content-layout":"default","ast-site-content-layout":"default","site-content-style":"default","site-sidebar-style":"default","ast-global-header-display":"","ast-banner-title-visibility":"","ast-main-header-display":"","ast-hfb-above-header-display":"","ast-hfb-below-header-display":"","ast-hfb-mobile-header-display":"","site-post-title":"","ast-breadcrumbs-content":"","ast-featured-img":"","footer-sml-layout":"","theme-transparent-header-meta":"default","adv-header-id-meta":"","stick-header-meta":"","header-above-stick-meta":"","header-main-stick-meta":"","header-below-stick-meta":"","astra-migrate-meta-layouts":"set","ast-page-background-enabled":"default","ast-page-background-meta":{"desktop":{"background-color":"","background-image":"","background-repeat":"repeat","background-position":"center center","background-size":"auto","background-attachment":"scroll","background-type":"","background-media":"","overlay-type":"","overlay-color":"","overlay-opacity":"","overlay-gradient":""},"tablet":{"background-color":"","background-image":"","background-repeat":"repeat","background-position":"center center","background-size":"auto","background-attachment":"scroll","background-type":"","background-media":"","overlay-type":"","overlay-color":"","overlay-opacity":"","overlay-gradient":""},"mobile":{"background-color":"","background-image":"","background-repeat":"repeat","background-position":"center center","background-size":"auto","background-attachment":"scroll","background-type":"","background-media":"","overlay-type":"","overlay-color":"","overlay-opacity":"","overlay-gradient":""}},"ast-content-background-meta":{"desktop":{"background-color":"var(--ast-global-color-5)","background-image":"","background-repeat":"repeat","background-position":"center center","background-size":"auto","background-attachment":"scroll","background-type":"","background-media":"","overlay-type":"","overlay-color":"","overlay-opacity":"","overlay-gradient":""},"tablet":{"background-color":"var(--ast-global-color-5)","background-image":"","background-repeat":"repeat","background-position":"center center","background-size":"auto","background-attachment":"scroll","background-type":"","background-media":"","overlay-type":"","overlay-color":"","overlay-opacity":"","overlay-gradient":""},"mobile":{"background-color":"var(--ast-global-color-5)","background-image":"","background-repeat":"repeat","background-position":"center center","background-size":"auto","background-attachment":"scroll","background-type":"","background-media":"","overlay-type":"","overlay-color":"","overlay-opacity":"","overlay-gradient":""}}},"pwb-brand":[199],"product_cat":[35,34],"product_tag":[885,886,565,654,260],"class_list":{"0":"post-7517","1":"product","2":"type-product","3":"status-publish","4":"has-post-thumbnail","6":"pwb-brand-sarashpaz","7":"product_cat-conservas","8":"product_cat-ready","9":"product_tag-bocadito","10":"product_tag-hoja-de-uva","11":"product_tag-listo","12":"product_tag-merienda","13":"product_tag----2","14":"desktop-align-center","15":"tablet-align-center","16":"mobile-align-center","18":"first","19":"outofstock","20":"taxable","21":"shipping-taxable","22":"purchasable","23":"product-type-simple"},"yoast_head":"<!-- This site is optimized with the Yoast SEO plugin v23.6 - https:\/\/yoast.com\/wordpress\/plugins\/seo\/ -->\n<title>Bocaditos rellenos en hoja de uva Dolme Loghmeh 460g Sharashpaz - Delicias Persas<\/title>\n<meta name=\"description\" content=\"Estos bocaditos, rellenos de hojas de uva, son una buena fuente de nutrientes; y adem\u00e1s no tienen grasa ni colesterol.\" \/>\n<meta name=\"robots\" content=\"index, follow, max-snippet:-1, max-image-preview:large, max-video-preview:-1\" \/>\n<link rel=\"canonical\" href=\"https:\/\/deliciaspersas.com\/en\/tienda\/ready\/bocaditos-rellenos-en-hoja-de-uva-dolme-loghmeh-460g-sharashpaz\/\" \/>\n<meta property=\"og:locale\" content=\"en_US\" \/>\n<meta property=\"og:type\" content=\"article\" \/>\n<meta property=\"og:title\" content=\"Bocaditos rellenos en hoja de uva Dolme Loghmeh 460g Sharashpaz - Delicias Persas\" \/>\n<meta property=\"og:description\" content=\"Estos bocaditos, rellenos de hojas de uva, son una buena fuente de nutrientes; y adem\u00e1s no tienen grasa ni colesterol.\" \/>\n<meta property=\"og:url\" content=\"https:\/\/deliciaspersas.com\/en\/tienda\/ready\/bocaditos-rellenos-en-hoja-de-uva-dolme-loghmeh-460g-sharashpaz\/\" \/>\n<meta property=\"og:site_name\" content=\"Delicias Persas\" \/>\n<meta property=\"article:publisher\" content=\"https:\/\/www.facebook.com\/Deliciaspersas\" \/>\n<meta property=\"article:modified_time\" content=\"2024-12-21T13:16:25+00:00\" \/>\n<meta property=\"og:image\" content=\"https:\/\/deliciaspersas.com\/wp-content\/uploads\/33.jpg\" \/>\n\t<meta property=\"og:image:width\" content=\"408\" \/>\n\t<meta property=\"og:image:height\" content=\"466\" \/>\n\t<meta property=\"og:image:type\" content=\"image\/jpeg\" \/>\n<meta name=\"twitter:card\" content=\"summary_large_image\" \/>\n<meta name=\"twitter:label1\" content=\"Est. reading time\" \/>\n\t<meta name=\"twitter:data1\" content=\"2 minutes\" \/>\n<script type=\"application\/ld+json\" class=\"yoast-schema-graph\">{\"@context\":\"https:\/\/schema.org\",\"@graph\":[{\"@type\":\"WebPage\",\"@id\":\"https:\/\/deliciaspersas.com\/en\/tienda\/ready\/bocaditos-rellenos-en-hoja-de-uva-dolme-loghmeh-460g-sharashpaz\/\",\"url\":\"https:\/\/deliciaspersas.com\/en\/tienda\/ready\/bocaditos-rellenos-en-hoja-de-uva-dolme-loghmeh-460g-sharashpaz\/\",\"name\":\"Bocaditos rellenos en hoja de uva Dolme Loghmeh 460g Sharashpaz - Delicias Persas\",\"isPartOf\":{\"@id\":\"https:\/\/deliciaspersas.com\/en\/#website\"},\"primaryImageOfPage\":{\"@id\":\"https:\/\/deliciaspersas.com\/en\/tienda\/ready\/bocaditos-rellenos-en-hoja-de-uva-dolme-loghmeh-460g-sharashpaz\/#primaryimage\"},\"image\":{\"@id\":\"https:\/\/deliciaspersas.com\/en\/tienda\/ready\/bocaditos-rellenos-en-hoja-de-uva-dolme-loghmeh-460g-sharashpaz\/#primaryimage\"},\"thumbnailUrl\":\"https:\/\/deliciaspersas.com\/wp-content\/uploads\/33.jpg\",\"datePublished\":\"2021-04-06T09:14:20+00:00\",\"dateModified\":\"2024-12-21T13:16:25+00:00\",\"description\":\"Estos bocaditos, rellenos de hojas de uva, son una buena fuente de nutrientes; y adem\u00e1s no tienen grasa ni colesterol.\",\"breadcrumb\":{\"@id\":\"https:\/\/deliciaspersas.com\/en\/tienda\/ready\/bocaditos-rellenos-en-hoja-de-uva-dolme-loghmeh-460g-sharashpaz\/#breadcrumb\"},\"inLanguage\":\"en-US\",\"potentialAction\":[{\"@type\":\"ReadAction\",\"target\":[\"https:\/\/deliciaspersas.com\/en\/tienda\/ready\/bocaditos-rellenos-en-hoja-de-uva-dolme-loghmeh-460g-sharashpaz\/\"]}]},{\"@type\":\"ImageObject\",\"inLanguage\":\"en-US\",\"@id\":\"https:\/\/deliciaspersas.com\/en\/tienda\/ready\/bocaditos-rellenos-en-hoja-de-uva-dolme-loghmeh-460g-sharashpaz\/#primaryimage\",\"url\":\"https:\/\/deliciaspersas.com\/wp-content\/uploads\/33.jpg\",\"contentUrl\":\"https:\/\/deliciaspersas.com\/wp-content\/uploads\/33.jpg\",\"width\":408,\"height\":466,\"caption\":\"\u062f\u0644\u0645\u0647 \u0628\u0631\u06af \u0645\u0648 460 \u06af\u0631\u0645\u06cc \u0633\u0631\u0622\u0634\u067e\u0632\"},{\"@type\":\"BreadcrumbList\",\"@id\":\"https:\/\/deliciaspersas.com\/en\/tienda\/ready\/bocaditos-rellenos-en-hoja-de-uva-dolme-loghmeh-460g-sharashpaz\/#breadcrumb\",\"itemListElement\":[{\"@type\":\"ListItem\",\"position\":1,\"name\":\"Portada\",\"item\":\"https:\/\/deliciaspersas.com\/en\/\"},{\"@type\":\"ListItem\",\"position\":2,\"name\":\"Tienda\",\"item\":\"https:\/\/deliciaspersas.com\/\"},{\"@type\":\"ListItem\",\"position\":3,\"name\":\"Bocaditos rellenos en hoja de uva Dolme Loghmeh 460g Sharashpaz\"}]},{\"@type\":\"WebSite\",\"@id\":\"https:\/\/deliciaspersas.com\/en\/#website\",\"url\":\"https:\/\/deliciaspersas.com\/en\/\",\"name\":\"Delicias Persas\",\"description\":\"Gastronom&iacute;a persa al alcance de tus manos\",\"publisher\":{\"@id\":\"https:\/\/deliciaspersas.com\/en\/#organization\"},\"potentialAction\":[{\"@type\":\"SearchAction\",\"target\":{\"@type\":\"EntryPoint\",\"urlTemplate\":\"https:\/\/deliciaspersas.com\/en\/?s={search_term_string}\"},\"query-input\":{\"@type\":\"PropertyValueSpecification\",\"valueRequired\":true,\"valueName\":\"search_term_string\"}}],\"inLanguage\":\"en-US\"},{\"@type\":\"Organization\",\"@id\":\"https:\/\/deliciaspersas.com\/en\/#organization\",\"name\":\"Delicias Persas\",\"url\":\"https:\/\/deliciaspersas.com\/en\/\",\"logo\":{\"@type\":\"ImageObject\",\"inLanguage\":\"en-US\",\"@id\":\"https:\/\/deliciaspersas.com\/en\/#\/schema\/logo\/image\/\",\"url\":\"https:\/\/deliciaspersas.com\/wp-content\/uploads\/2020\/07\/logo-2020.png\",\"contentUrl\":\"https:\/\/deliciaspersas.com\/wp-content\/uploads\/2020\/07\/logo-2020.png\",\"width\":520,\"height\":490,\"caption\":\"Delicias Persas\"},\"image\":{\"@id\":\"https:\/\/deliciaspersas.com\/en\/#\/schema\/logo\/image\/\"},\"sameAs\":[\"https:\/\/www.facebook.com\/Deliciaspersas\",\"https:\/\/www.instagram.com\/delicias_persas\/\",\"https:\/\/www.linkedin.com\/delicias-persas\"]}]}<\/script>\n<!-- \/ Yoast SEO plugin. -->","yoast_head_json":{"title":"Bocaditos rellenos en hoja de uva Dolme Loghmeh 460g Sharashpaz - Delicias Persas","description":"Estos bocaditos, rellenos de hojas de uva, son una buena fuente de nutrientes; y adem\u00e1s no tienen grasa ni colesterol.","robots":{"index":"index","follow":"follow","max-snippet":"max-snippet:-1","max-image-preview":"max-image-preview:large","max-video-preview":"max-video-preview:-1"},"canonical":"https:\/\/deliciaspersas.com\/en\/tienda\/ready\/bocaditos-rellenos-en-hoja-de-uva-dolme-loghmeh-460g-sharashpaz\/","og_locale":"en_US","og_type":"article","og_title":"Bocaditos rellenos en hoja de uva Dolme Loghmeh 460g Sharashpaz - Delicias Persas","og_description":"Estos bocaditos, rellenos de hojas de uva, son una buena fuente de nutrientes; y adem\u00e1s no tienen grasa ni colesterol.","og_url":"https:\/\/deliciaspersas.com\/en\/tienda\/ready\/bocaditos-rellenos-en-hoja-de-uva-dolme-loghmeh-460g-sharashpaz\/","og_site_name":"Delicias Persas","article_publisher":"https:\/\/www.facebook.com\/Deliciaspersas","article_modified_time":"2024-12-21T13:16:25+00:00","og_image":[{"width":408,"height":466,"url":"https:\/\/deliciaspersas.com\/wp-content\/uploads\/33.jpg","type":"image\/jpeg"}],"twitter_card":"summary_large_image","twitter_misc":{"Est. reading time":"2 minutes"},"schema":{"@context":"https:\/\/schema.org","@graph":[{"@type":"WebPage","@id":"https:\/\/deliciaspersas.com\/en\/tienda\/ready\/bocaditos-rellenos-en-hoja-de-uva-dolme-loghmeh-460g-sharashpaz\/","url":"https:\/\/deliciaspersas.com\/en\/tienda\/ready\/bocaditos-rellenos-en-hoja-de-uva-dolme-loghmeh-460g-sharashpaz\/","name":"Bocaditos rellenos en hoja de uva Dolme Loghmeh 460g Sharashpaz - Delicias Persas","isPartOf":{"@id":"https:\/\/deliciaspersas.com\/en\/#website"},"primaryImageOfPage":{"@id":"https:\/\/deliciaspersas.com\/en\/tienda\/ready\/bocaditos-rellenos-en-hoja-de-uva-dolme-loghmeh-460g-sharashpaz\/#primaryimage"},"image":{"@id":"https:\/\/deliciaspersas.com\/en\/tienda\/ready\/bocaditos-rellenos-en-hoja-de-uva-dolme-loghmeh-460g-sharashpaz\/#primaryimage"},"thumbnailUrl":"https:\/\/deliciaspersas.com\/wp-content\/uploads\/33.jpg","datePublished":"2021-04-06T09:14:20+00:00","dateModified":"2024-12-21T13:16:25+00:00","description":"Estos bocaditos, rellenos de hojas de uva, son una buena fuente de nutrientes; y adem\u00e1s no tienen grasa ni colesterol.","breadcrumb":{"@id":"https:\/\/deliciaspersas.com\/en\/tienda\/ready\/bocaditos-rellenos-en-hoja-de-uva-dolme-loghmeh-460g-sharashpaz\/#breadcrumb"},"inLanguage":"en-US","potentialAction":[{"@type":"ReadAction","target":["https:\/\/deliciaspersas.com\/en\/tienda\/ready\/bocaditos-rellenos-en-hoja-de-uva-dolme-loghmeh-460g-sharashpaz\/"]}]},{"@type":"ImageObject","inLanguage":"en-US","@id":"https:\/\/deliciaspersas.com\/en\/tienda\/ready\/bocaditos-rellenos-en-hoja-de-uva-dolme-loghmeh-460g-sharashpaz\/#primaryimage","url":"https:\/\/deliciaspersas.com\/wp-content\/uploads\/33.jpg","contentUrl":"https:\/\/deliciaspersas.com\/wp-content\/uploads\/33.jpg","width":408,"height":466,"caption":"\u062f\u0644\u0645\u0647 \u0628\u0631\u06af \u0645\u0648 460 \u06af\u0631\u0645\u06cc \u0633\u0631\u0622\u0634\u067e\u0632"},{"@type":"BreadcrumbList","@id":"https:\/\/deliciaspersas.com\/en\/tienda\/ready\/bocaditos-rellenos-en-hoja-de-uva-dolme-loghmeh-460g-sharashpaz\/#breadcrumb","itemListElement":[{"@type":"ListItem","position":1,"name":"Portada","item":"https:\/\/deliciaspersas.com\/en\/"},{"@type":"ListItem","position":2,"name":"Tienda","item":"https:\/\/deliciaspersas.com\/"},{"@type":"ListItem","position":3,"name":"Bocaditos rellenos en hoja de uva Dolme Loghmeh 460g Sharashpaz"}]},{"@type":"WebSite","@id":"https:\/\/deliciaspersas.com\/en\/#website","url":"https:\/\/deliciaspersas.com\/en\/","name":"Delicias Persas","description":"Gastronom&iacute;a persa al alcance de tus manos","publisher":{"@id":"https:\/\/deliciaspersas.com\/en\/#organization"},"potentialAction":[{"@type":"SearchAction","target":{"@type":"EntryPoint","urlTemplate":"https:\/\/deliciaspersas.com\/en\/?s={search_term_string}"},"query-input":{"@type":"PropertyValueSpecification","valueRequired":true,"valueName":"search_term_string"}}],"inLanguage":"en-US"},{"@type":"Organization","@id":"https:\/\/deliciaspersas.com\/en\/#organization","name":"Delicias Persas","url":"https:\/\/deliciaspersas.com\/en\/","logo":{"@type":"ImageObject","inLanguage":"en-US","@id":"https:\/\/deliciaspersas.com\/en\/#\/schema\/logo\/image\/","url":"https:\/\/deliciaspersas.com\/wp-content\/uploads\/2020\/07\/logo-2020.png","contentUrl":"https:\/\/deliciaspersas.com\/wp-content\/uploads\/2020\/07\/logo-2020.png","width":520,"height":490,"caption":"Delicias Persas"},"image":{"@id":"https:\/\/deliciaspersas.com\/en\/#\/schema\/logo\/image\/"},"sameAs":["https:\/\/www.facebook.com\/Deliciaspersas","https:\/\/www.instagram.com\/delicias_persas\/","https:\/\/www.linkedin.com\/delicias-persas"]}]}},"uagb_featured_image_src":{"full":["https:\/\/deliciaspersas.com\/wp-content\/uploads\/33.jpg",408,466,false],"thumbnail":["https:\/\/deliciaspersas.com\/wp-content\/uploads\/33-150x150.jpg",150,150,true],"medium":["https:\/\/deliciaspersas.com\/wp-content\/uploads\/33-263x300.jpg",263,300,true],"medium_large":["https:\/\/deliciaspersas.com\/wp-content\/uploads\/33.jpg",408,466,false],"large":["https:\/\/deliciaspersas.com\/wp-content\/uploads\/33.jpg",408,466,false],"1536x1536":["https:\/\/deliciaspersas.com\/wp-content\/uploads\/33.jpg",408,466,false],"2048x2048":["https:\/\/deliciaspersas.com\/wp-content\/uploads\/33.jpg",408,466,false],"woocommerce_thumbnail":["https:\/\/deliciaspersas.com\/wp-content\/uploads\/33-300x300.jpg",300,300,true],"woocommerce_single":["https:\/\/deliciaspersas.com\/wp-content\/uploads\/33.jpg",408,466,false],"woocommerce_gallery_thumbnail":["https:\/\/deliciaspersas.com\/wp-content\/uploads\/33-100x100.jpg",100,100,true]},"uagb_author_info":{"display_name":"admin","author_link":"https:\/\/deliciaspersas.com\/en\/author\/"},"uagb_comment_info":0,"uagb_excerpt":"Bocaditos rellenos en hoja de uva Dolme Loghmeh 460g Sharashpaz Informaci\u00f3n del producto: Bocaditos rellenos de hojas de uva. Ingredientes y al\u00e9rgenos: Se compone de hojas de uva. Usos: Estos bocaditos, aportan los beneficios de las hojas de uva, que son una buena fuente de nutrientes, ya que incluyen vitaminas C, E, A, K y&hellip;","brands":[{"id":199,"name":"Sarashpaz","slug":"sarashpaz"}],"_links":{"self":[{"href":"https:\/\/deliciaspersas.com\/en\/wp-json\/wp\/v2\/product\/7517"}],"collection":[{"href":"https:\/\/deliciaspersas.com\/en\/wp-json\/wp\/v2\/product"}],"about":[{"href":"https:\/\/deliciaspersas.com\/en\/wp-json\/wp\/v2\/types\/product"}],"wp:featuredmedia":[{"embeddable":true,"href":"https:\/\/deliciaspersas.com\/en\/wp-json\/wp\/v2\/media\/7432"}],"wp:attachment":[{"href":"https:\/\/deliciaspersas.com\/en\/wp-json\/wp\/v2\/media?parent=7517"}],"wp:term":[{"taxonomy":"pwb-brand","embeddable":true,"href":"https:\/\/deliciaspersas.com\/en\/wp-json\/wp\/v2\/pwb-brand?post=7517"},{"taxonomy":"product_cat","embeddable":true,"href":"https:\/\/deliciaspersas.com\/en\/wp-json\/wp\/v2\/product_cat?post=7517"},{"taxonomy":"product_tag","embeddable":true,"href":"https:\/\/deliciaspersas.com\/en\/wp-json\/wp\/v2\/product_tag?post=7517"}],"curies":[{"name":"wp","href":"https:\/\/api.w.org\/{rel}","templated":true}]}}