{"id":7613,"date":"2021-04-19T14:01:03","date_gmt":"2021-04-19T12:01:03","guid":{"rendered":"https:\/\/deliciaspersas.com\/?post_type=product&#038;p=7613"},"modified":"2023-10-19T19:56:16","modified_gmt":"2023-10-19T17:56:16","slug":"galletas-de-coco-140g-madar","status":"publish","type":"product","link":"https:\/\/deliciaspersas.com\/en\/tienda\/delicias-dulces\/galletas-de-coco-140g-madar\/","title":{"rendered":"Galletas de coco 140g Madar"},"content":{"rendered":"<h1>Galletas de coco 140g Madar<\/h1>\n<h6>Informaci\u00f3n del producto:<\/h6>\n<p>Esta galleta es uno de los tipos de galletas que contienen polvo de coco. Debido al horneado especial de la galleta madre, es f\u00e1cil de digerir para el sistema digestivo y puede ser utilizado por todas las personas de todas las edades. Este producto es apto para est\u00f3magos sensibles y previene el reflujo g\u00e1strico.<\/p>\n<h6>Usos:<\/h6>\n<p>Se sirve como acompa\u00f1ante de t\u00e9 o alguna bebida caliente o solo como aperitivo.<\/p>\n<h6>Recetas con este producto:<\/h6>\n<p>Ingredientes para hacer tarta de queso con esta galleta:<\/p>\n<p>Galletas: 200 g<br \/>\nQueso crema: 200 g<br \/>\nCrema: 200 g<br \/>\nMantequilla: 100 g<br \/>\nVainilla: 1 cucharadita<br \/>\nAz\u00facar: Medio vaso<br \/>\nPolvo de gelatina de pi\u00f1a: 1 paquete<br \/>\nAgua hervida: 4 cucharadas.<br \/>\nHielo: 4 bayas<br \/>\nGelatina de cereza: 1 paquete<br \/>\nCerveza: 1 vaso<br \/>\nHielo: 8 cubitos<br \/>\npi\u00f1a enlatada: para decoraci\u00f3n<\/p>\n<p>Preparaci\u00f3n:<\/p>\n<p>Eliga un recipiente con un di\u00e1metro de unos 20 cm y esparce dos capas de celof\u00e1n en su interior, deben ser dos capas, porque si una se rompe puedes abrir la segunda.<\/p>\n<p>Triture un poco las galletas a mano y luego mezclalas con la mantequilla (la mantequilla debe estar completamente &#8220;blanda&#8221;).<\/p>\n<p>Ahora tiene una mezcla de masa, viertela en el molde y luego pongala en el congelador y empieza a preparar la mezcla de queso.<\/p>\n<p>Bate bien el queso crema, el az\u00facar y la vainilla, luego agrega la nata. Mezcla gelatina de pi\u00f1a con 4 cucharadas de agua hervida. Pongalo en la microondas durante 30 segundos (potencia 100) y revuelve de nuevo hasta que la gelatina en polvo est\u00e9 completamente disuelta, luego agrega 4 cubitos de hielo.<\/p>\n<p>Agrega la gelatina al queso y mezcla bien.<\/p>\n<p>Saque el molde del congelador y vierte la mezcla en el molde y metalo en el frigor\u00edfico.<\/p>\n<p>Luego agregue 8 cubitos de hielo. Despu\u00e9s de que la torta est\u00e9 completamente cubierta, vierta la gelatina de cereza \u00e1cida y vuelva a coloquela en el refrigerador hasta que est\u00e9 completamente cubierta.<\/p>\n<p>Luego decora la apetitosa tarta con pi\u00f1a.<\/p>\n<h6>Ingredientes y al\u00e9rgenos:<\/h6>\n<p>Az\u00facar, harina, chocolate, levadura y derivados.<\/p>\n<h6>Condiciones de conservaci\u00f3n:<\/h6>\n<p>Conservar en un lugar fresco, seco y protegido de la luz.<\/p>\n<h6>Informaci\u00f3n adicional:<\/h6>\n<p>Fabricado por: Madar<\/p>\n","protected":false},"excerpt":{"rendered":"<p>Galletas de coco 140g Madar Informaci\u00f3n del producto: Esta galleta es uno de los tipos de galletas que contienen polvo de coco. Debido al horneado especial de la galleta madre, es f\u00e1cil de digerir para el sistema digestivo y puede ser utilizado por todas las personas de todas las edades. Este producto es apto para [&hellip;]<\/p>\n","protected":false},"featured_media":7615,"template":"","meta":{"_surecart_dashboard_logo_width":"180px","_surecart_dashboard_show_logo":true,"_surecart_dashboard_navigation_orders":true,"_surecart_dashboard_navigation_invoices":true,"_surecart_dashboard_navigation_subscriptions":true,"_surecart_dashboard_navigation_downloads":true,"_surecart_dashboard_navigation_billing":true,"_surecart_dashboard_navigation_account":true,"_uag_custom_page_level_css":"","site-sidebar-layout":"default","site-content-layout":"default","ast-site-content-layout":"","site-content-style":"default","site-sidebar-style":"default","ast-global-header-display":"","ast-banner-title-visibility":"","ast-main-header-display":"","ast-hfb-above-header-display":"","ast-hfb-below-header-display":"","ast-hfb-mobile-header-display":"","site-post-title":"","ast-breadcrumbs-content":"","ast-featured-img":"","footer-sml-layout":"","theme-transparent-header-meta":"default","adv-header-id-meta":"","stick-header-meta":"","header-above-stick-meta":"","header-main-stick-meta":"","header-below-stick-meta":"","astra-migrate-meta-layouts":"default","ast-page-background-enabled":"default","ast-page-background-meta":{"desktop":{"background-color":"","background-image":"","background-repeat":"repeat","background-position":"center center","background-size":"auto","background-attachment":"scroll","background-type":"","background-media":"","overlay-type":"","overlay-color":"","overlay-opacity":"","overlay-gradient":""},"tablet":{"background-color":"","background-image":"","background-repeat":"repeat","background-position":"center center","background-size":"auto","background-attachment":"scroll","background-type":"","background-media":"","overlay-type":"","overlay-color":"","overlay-opacity":"","overlay-gradient":""},"mobile":{"background-color":"","background-image":"","background-repeat":"repeat","background-position":"center center","background-size":"auto","background-attachment":"scroll","background-type":"","background-media":"","overlay-type":"","overlay-color":"","overlay-opacity":"","overlay-gradient":""}},"ast-content-background-meta":{"desktop":{"background-color":"var(--ast-global-color-5)","background-image":"","background-repeat":"repeat","background-position":"center center","background-size":"auto","background-attachment":"scroll","background-type":"","background-media":"","overlay-type":"","overlay-color":"","overlay-opacity":"","overlay-gradient":""},"tablet":{"background-color":"var(--ast-global-color-5)","background-image":"","background-repeat":"repeat","background-position":"center center","background-size":"auto","background-attachment":"scroll","background-type":"","background-media":"","overlay-type":"","overlay-color":"","overlay-opacity":"","overlay-gradient":""},"mobile":{"background-color":"var(--ast-global-color-5)","background-image":"","background-repeat":"repeat","background-position":"center center","background-size":"auto","background-attachment":"scroll","background-type":"","background-media":"","overlay-type":"","overlay-color":"","overlay-opacity":"","overlay-gradient":""}}},"pwb-brand":[266],"product_cat":[31,36],"product_tag":[618,657,654,1079,1086],"class_list":{"0":"post-7613","1":"product","2":"type-product","3":"status-publish","4":"has-post-thumbnail","6":"pwb-brand-madar","7":"product_cat-delicias-dulces","8":"product_cat-desayuno","9":"product_tag-dulces","10":"product_tag-galletas","11":"product_tag-merienda","12":"product_tag-tradicional","13":"product_tag-1086","14":"desktop-align-center","15":"tablet-align-center","16":"mobile-align-center","18":"first","19":"outofstock","20":"taxable","21":"shipping-taxable","22":"purchasable","23":"product-type-simple"},"yoast_head":"<!-- This site is optimized with the Yoast SEO plugin v23.6 - https:\/\/yoast.com\/wordpress\/plugins\/seo\/ -->\n<title>Galletas de coco 140g Madar - Delicias Persas<\/title>\n<meta name=\"description\" content=\"Galletas de coco. Esenciales a la hora de tomar t\u00e9. Sirven para endulzarlo. Tienen un sabor caracter\u00edstico e inigualable! Pruebalas!\" \/>\n<meta name=\"robots\" content=\"index, follow, max-snippet:-1, max-image-preview:large, max-video-preview:-1\" \/>\n<link rel=\"canonical\" href=\"https:\/\/deliciaspersas.com\/en\/tienda\/delicias-dulces\/galletas-de-coco-140g-madar\/\" \/>\n<meta property=\"og:locale\" content=\"en_US\" \/>\n<meta property=\"og:type\" content=\"article\" \/>\n<meta property=\"og:title\" content=\"Galletas de coco 140g Madar - Delicias Persas\" \/>\n<meta property=\"og:description\" content=\"Galletas de coco. Esenciales a la hora de tomar t\u00e9. Sirven para endulzarlo. Tienen un sabor caracter\u00edstico e inigualable! Pruebalas!\" \/>\n<meta property=\"og:url\" content=\"https:\/\/deliciaspersas.com\/en\/tienda\/delicias-dulces\/galletas-de-coco-140g-madar\/\" \/>\n<meta property=\"og:site_name\" content=\"Delicias Persas\" \/>\n<meta property=\"article:publisher\" content=\"https:\/\/www.facebook.com\/Deliciaspersas\" \/>\n<meta property=\"article:modified_time\" content=\"2023-10-19T17:56:16+00:00\" \/>\n<meta property=\"og:image\" content=\"https:\/\/deliciaspersas.com\/wp-content\/uploads\/Galletas-de-coco-140g-Madar.jpg\" \/>\n\t<meta property=\"og:image:width\" content=\"760\" \/>\n\t<meta property=\"og:image:height\" content=\"760\" \/>\n\t<meta property=\"og:image:type\" content=\"image\/jpeg\" \/>\n<meta name=\"twitter:card\" content=\"summary_large_image\" \/>\n<meta name=\"twitter:label1\" content=\"Est. reading time\" \/>\n\t<meta name=\"twitter:data1\" content=\"2 minutes\" \/>\n<script type=\"application\/ld+json\" class=\"yoast-schema-graph\">{\"@context\":\"https:\/\/schema.org\",\"@graph\":[{\"@type\":\"WebPage\",\"@id\":\"https:\/\/deliciaspersas.com\/en\/tienda\/delicias-dulces\/galletas-de-coco-140g-madar\/\",\"url\":\"https:\/\/deliciaspersas.com\/en\/tienda\/delicias-dulces\/galletas-de-coco-140g-madar\/\",\"name\":\"Galletas de coco 140g Madar - Delicias Persas\",\"isPartOf\":{\"@id\":\"https:\/\/deliciaspersas.com\/en\/#website\"},\"primaryImageOfPage\":{\"@id\":\"https:\/\/deliciaspersas.com\/en\/tienda\/delicias-dulces\/galletas-de-coco-140g-madar\/#primaryimage\"},\"image\":{\"@id\":\"https:\/\/deliciaspersas.com\/en\/tienda\/delicias-dulces\/galletas-de-coco-140g-madar\/#primaryimage\"},\"thumbnailUrl\":\"https:\/\/deliciaspersas.com\/wp-content\/uploads\/Galletas-de-coco-140g-Madar.jpg\",\"datePublished\":\"2021-04-19T12:01:03+00:00\",\"dateModified\":\"2023-10-19T17:56:16+00:00\",\"description\":\"Galletas de coco. Esenciales a la hora de tomar t\u00e9. Sirven para endulzarlo. Tienen un sabor caracter\u00edstico e inigualable! Pruebalas!\",\"breadcrumb\":{\"@id\":\"https:\/\/deliciaspersas.com\/en\/tienda\/delicias-dulces\/galletas-de-coco-140g-madar\/#breadcrumb\"},\"inLanguage\":\"en-US\",\"potentialAction\":[{\"@type\":\"ReadAction\",\"target\":[\"https:\/\/deliciaspersas.com\/en\/tienda\/delicias-dulces\/galletas-de-coco-140g-madar\/\"]}]},{\"@type\":\"ImageObject\",\"inLanguage\":\"en-US\",\"@id\":\"https:\/\/deliciaspersas.com\/en\/tienda\/delicias-dulces\/galletas-de-coco-140g-madar\/#primaryimage\",\"url\":\"https:\/\/deliciaspersas.com\/wp-content\/uploads\/Galletas-de-coco-140g-Madar.jpg\",\"contentUrl\":\"https:\/\/deliciaspersas.com\/wp-content\/uploads\/Galletas-de-coco-140g-Madar.jpg\",\"width\":760,\"height\":760,\"caption\":\"Galletas de coco 140g Madar\"},{\"@type\":\"BreadcrumbList\",\"@id\":\"https:\/\/deliciaspersas.com\/en\/tienda\/delicias-dulces\/galletas-de-coco-140g-madar\/#breadcrumb\",\"itemListElement\":[{\"@type\":\"ListItem\",\"position\":1,\"name\":\"Portada\",\"item\":\"https:\/\/deliciaspersas.com\/en\/\"},{\"@type\":\"ListItem\",\"position\":2,\"name\":\"Tienda\",\"item\":\"https:\/\/deliciaspersas.com\/\"},{\"@type\":\"ListItem\",\"position\":3,\"name\":\"Galletas de coco 140g Madar\"}]},{\"@type\":\"WebSite\",\"@id\":\"https:\/\/deliciaspersas.com\/en\/#website\",\"url\":\"https:\/\/deliciaspersas.com\/en\/\",\"name\":\"Delicias Persas\",\"description\":\"Gastronom&iacute;a persa al alcance de tus manos\",\"publisher\":{\"@id\":\"https:\/\/deliciaspersas.com\/en\/#organization\"},\"potentialAction\":[{\"@type\":\"SearchAction\",\"target\":{\"@type\":\"EntryPoint\",\"urlTemplate\":\"https:\/\/deliciaspersas.com\/en\/?s={search_term_string}\"},\"query-input\":{\"@type\":\"PropertyValueSpecification\",\"valueRequired\":true,\"valueName\":\"search_term_string\"}}],\"inLanguage\":\"en-US\"},{\"@type\":\"Organization\",\"@id\":\"https:\/\/deliciaspersas.com\/en\/#organization\",\"name\":\"Delicias Persas\",\"url\":\"https:\/\/deliciaspersas.com\/en\/\",\"logo\":{\"@type\":\"ImageObject\",\"inLanguage\":\"en-US\",\"@id\":\"https:\/\/deliciaspersas.com\/en\/#\/schema\/logo\/image\/\",\"url\":\"https:\/\/deliciaspersas.com\/wp-content\/uploads\/2020\/07\/logo-2020.png\",\"contentUrl\":\"https:\/\/deliciaspersas.com\/wp-content\/uploads\/2020\/07\/logo-2020.png\",\"width\":520,\"height\":490,\"caption\":\"Delicias Persas\"},\"image\":{\"@id\":\"https:\/\/deliciaspersas.com\/en\/#\/schema\/logo\/image\/\"},\"sameAs\":[\"https:\/\/www.facebook.com\/Deliciaspersas\",\"https:\/\/www.instagram.com\/delicias_persas\/\",\"https:\/\/www.linkedin.com\/delicias-persas\"]}]}<\/script>\n<!-- \/ Yoast SEO plugin. -->","yoast_head_json":{"title":"Galletas de coco 140g Madar - Delicias Persas","description":"Galletas de coco. Esenciales a la hora de tomar t\u00e9. Sirven para endulzarlo. Tienen un sabor caracter\u00edstico e inigualable! Pruebalas!","robots":{"index":"index","follow":"follow","max-snippet":"max-snippet:-1","max-image-preview":"max-image-preview:large","max-video-preview":"max-video-preview:-1"},"canonical":"https:\/\/deliciaspersas.com\/en\/tienda\/delicias-dulces\/galletas-de-coco-140g-madar\/","og_locale":"en_US","og_type":"article","og_title":"Galletas de coco 140g Madar - Delicias Persas","og_description":"Galletas de coco. Esenciales a la hora de tomar t\u00e9. Sirven para endulzarlo. Tienen un sabor caracter\u00edstico e inigualable! Pruebalas!","og_url":"https:\/\/deliciaspersas.com\/en\/tienda\/delicias-dulces\/galletas-de-coco-140g-madar\/","og_site_name":"Delicias Persas","article_publisher":"https:\/\/www.facebook.com\/Deliciaspersas","article_modified_time":"2023-10-19T17:56:16+00:00","og_image":[{"width":760,"height":760,"url":"https:\/\/deliciaspersas.com\/wp-content\/uploads\/Galletas-de-coco-140g-Madar.jpg","type":"image\/jpeg"}],"twitter_card":"summary_large_image","twitter_misc":{"Est. reading time":"2 minutes"},"schema":{"@context":"https:\/\/schema.org","@graph":[{"@type":"WebPage","@id":"https:\/\/deliciaspersas.com\/en\/tienda\/delicias-dulces\/galletas-de-coco-140g-madar\/","url":"https:\/\/deliciaspersas.com\/en\/tienda\/delicias-dulces\/galletas-de-coco-140g-madar\/","name":"Galletas de coco 140g Madar - Delicias Persas","isPartOf":{"@id":"https:\/\/deliciaspersas.com\/en\/#website"},"primaryImageOfPage":{"@id":"https:\/\/deliciaspersas.com\/en\/tienda\/delicias-dulces\/galletas-de-coco-140g-madar\/#primaryimage"},"image":{"@id":"https:\/\/deliciaspersas.com\/en\/tienda\/delicias-dulces\/galletas-de-coco-140g-madar\/#primaryimage"},"thumbnailUrl":"https:\/\/deliciaspersas.com\/wp-content\/uploads\/Galletas-de-coco-140g-Madar.jpg","datePublished":"2021-04-19T12:01:03+00:00","dateModified":"2023-10-19T17:56:16+00:00","description":"Galletas de coco. Esenciales a la hora de tomar t\u00e9. Sirven para endulzarlo. Tienen un sabor caracter\u00edstico e inigualable! Pruebalas!","breadcrumb":{"@id":"https:\/\/deliciaspersas.com\/en\/tienda\/delicias-dulces\/galletas-de-coco-140g-madar\/#breadcrumb"},"inLanguage":"en-US","potentialAction":[{"@type":"ReadAction","target":["https:\/\/deliciaspersas.com\/en\/tienda\/delicias-dulces\/galletas-de-coco-140g-madar\/"]}]},{"@type":"ImageObject","inLanguage":"en-US","@id":"https:\/\/deliciaspersas.com\/en\/tienda\/delicias-dulces\/galletas-de-coco-140g-madar\/#primaryimage","url":"https:\/\/deliciaspersas.com\/wp-content\/uploads\/Galletas-de-coco-140g-Madar.jpg","contentUrl":"https:\/\/deliciaspersas.com\/wp-content\/uploads\/Galletas-de-coco-140g-Madar.jpg","width":760,"height":760,"caption":"Galletas de coco 140g Madar"},{"@type":"BreadcrumbList","@id":"https:\/\/deliciaspersas.com\/en\/tienda\/delicias-dulces\/galletas-de-coco-140g-madar\/#breadcrumb","itemListElement":[{"@type":"ListItem","position":1,"name":"Portada","item":"https:\/\/deliciaspersas.com\/en\/"},{"@type":"ListItem","position":2,"name":"Tienda","item":"https:\/\/deliciaspersas.com\/"},{"@type":"ListItem","position":3,"name":"Galletas de coco 140g Madar"}]},{"@type":"WebSite","@id":"https:\/\/deliciaspersas.com\/en\/#website","url":"https:\/\/deliciaspersas.com\/en\/","name":"Delicias Persas","description":"Gastronom&iacute;a persa al alcance de tus manos","publisher":{"@id":"https:\/\/deliciaspersas.com\/en\/#organization"},"potentialAction":[{"@type":"SearchAction","target":{"@type":"EntryPoint","urlTemplate":"https:\/\/deliciaspersas.com\/en\/?s={search_term_string}"},"query-input":{"@type":"PropertyValueSpecification","valueRequired":true,"valueName":"search_term_string"}}],"inLanguage":"en-US"},{"@type":"Organization","@id":"https:\/\/deliciaspersas.com\/en\/#organization","name":"Delicias Persas","url":"https:\/\/deliciaspersas.com\/en\/","logo":{"@type":"ImageObject","inLanguage":"en-US","@id":"https:\/\/deliciaspersas.com\/en\/#\/schema\/logo\/image\/","url":"https:\/\/deliciaspersas.com\/wp-content\/uploads\/2020\/07\/logo-2020.png","contentUrl":"https:\/\/deliciaspersas.com\/wp-content\/uploads\/2020\/07\/logo-2020.png","width":520,"height":490,"caption":"Delicias Persas"},"image":{"@id":"https:\/\/deliciaspersas.com\/en\/#\/schema\/logo\/image\/"},"sameAs":["https:\/\/www.facebook.com\/Deliciaspersas","https:\/\/www.instagram.com\/delicias_persas\/","https:\/\/www.linkedin.com\/delicias-persas"]}]}},"uagb_featured_image_src":{"full":["https:\/\/deliciaspersas.com\/wp-content\/uploads\/Galletas-de-coco-140g-Madar.jpg",760,760,false],"thumbnail":["https:\/\/deliciaspersas.com\/wp-content\/uploads\/Galletas-de-coco-140g-Madar-150x150.jpg",150,150,true],"medium":["https:\/\/deliciaspersas.com\/wp-content\/uploads\/Galletas-de-coco-140g-Madar-300x300.jpg",300,300,true],"medium_large":["https:\/\/deliciaspersas.com\/wp-content\/uploads\/Galletas-de-coco-140g-Madar.jpg",760,760,false],"large":["https:\/\/deliciaspersas.com\/wp-content\/uploads\/Galletas-de-coco-140g-Madar.jpg",760,760,false],"1536x1536":["https:\/\/deliciaspersas.com\/wp-content\/uploads\/Galletas-de-coco-140g-Madar.jpg",760,760,false],"2048x2048":["https:\/\/deliciaspersas.com\/wp-content\/uploads\/Galletas-de-coco-140g-Madar.jpg",760,760,false],"woocommerce_thumbnail":["https:\/\/deliciaspersas.com\/wp-content\/uploads\/Galletas-de-coco-140g-Madar-300x300.jpg",300,300,true],"woocommerce_single":["https:\/\/deliciaspersas.com\/wp-content\/uploads\/Galletas-de-coco-140g-Madar-600x600.jpg",600,600,true],"woocommerce_gallery_thumbnail":["https:\/\/deliciaspersas.com\/wp-content\/uploads\/Galletas-de-coco-140g-Madar-100x100.jpg",100,100,true]},"uagb_author_info":{"display_name":"admin","author_link":"https:\/\/deliciaspersas.com\/en\/author\/"},"uagb_comment_info":0,"uagb_excerpt":"Galletas de coco 140g Madar Informaci\u00f3n del producto: Esta galleta es uno de los tipos de galletas que contienen polvo de coco. Debido al horneado especial de la galleta madre, es f\u00e1cil de digerir para el sistema digestivo y puede ser utilizado por todas las personas de todas las edades. Este producto es apto para&hellip;","brands":[{"id":266,"name":"Madar","slug":"madar"}],"_links":{"self":[{"href":"https:\/\/deliciaspersas.com\/en\/wp-json\/wp\/v2\/product\/7613"}],"collection":[{"href":"https:\/\/deliciaspersas.com\/en\/wp-json\/wp\/v2\/product"}],"about":[{"href":"https:\/\/deliciaspersas.com\/en\/wp-json\/wp\/v2\/types\/product"}],"wp:featuredmedia":[{"embeddable":true,"href":"https:\/\/deliciaspersas.com\/en\/wp-json\/wp\/v2\/media\/7615"}],"wp:attachment":[{"href":"https:\/\/deliciaspersas.com\/en\/wp-json\/wp\/v2\/media?parent=7613"}],"wp:term":[{"taxonomy":"pwb-brand","embeddable":true,"href":"https:\/\/deliciaspersas.com\/en\/wp-json\/wp\/v2\/pwb-brand?post=7613"},{"taxonomy":"product_cat","embeddable":true,"href":"https:\/\/deliciaspersas.com\/en\/wp-json\/wp\/v2\/product_cat?post=7613"},{"taxonomy":"product_tag","embeddable":true,"href":"https:\/\/deliciaspersas.com\/en\/wp-json\/wp\/v2\/product_tag?post=7613"}],"curies":[{"name":"wp","href":"https:\/\/api.w.org\/{rel}","templated":true}]}}