{"id":7640,"date":"2021-04-19T14:24:57","date_gmt":"2021-04-19T12:24:57","guid":{"rendered":"https:\/\/deliciaspersas.com\/?post_type=product&#038;p=7640"},"modified":"2025-10-09T09:43:02","modified_gmt":"2025-10-09T07:43:02","slug":"galletas-de-colores-35-minu","status":"publish","type":"product","link":"https:\/\/deliciaspersas.com\/en\/tienda\/delicias-dulces\/galletas-de-colores-35-minu\/","title":{"rendered":"Galletas de colores 35 Minu"},"content":{"rendered":"<h1>Galletas de colores 150g Minu<\/h1>\n<p>&nbsp;<\/p>\n<h6>Informaci\u00f3n del producto:<\/h6>\n<p>Galletas de colores de Minu.<\/p>\n<h6>Usos:<\/h6>\n<p>Se puede servir con t\u00e9 o solo. Debido a su codicia \u00fanica, ha mantenido su posici\u00f3n entre las familias iran\u00edes.<\/p>\n<h6>Recetas con estas galletas:<\/h6>\n<p>\u00bfC\u00f3mo preparar postre frigor\u00edfico Nanaimo Bar<span style=\"font-size: 16px; font-style: normal; font-weight: 400;\">, el famoso postre canadiense,<\/span><span style=\"font-size: 16px;\"> con base de estas galletas y sin horno?<\/span><\/p>\n<p><strong>Ingredientes para la capa inferior del postre: <\/strong><\/p>\n<p>Estas galletas: 2 vasos \/ Polvo de coco: 1 vaso \/ Nueces y almendras picadas: 1\/2 taza<\/p>\n<p>Az\u00facar: 1\/4 taza \/ Mantequilla: 1\/2 taza \/\u00a0<span style=\"font-size: 16px;\">Huevos: 1 unidad<\/span><\/p>\n<p><strong>Ingredientes para la capa intermedia:<\/strong><\/p>\n<p>Castor en polvo (vainilla): 2 cucharadas \/\u00a0Crema: 3 cucharadas \/\u00a0Mantequilla: 1\/2 taza \/\u00a0Az\u00facar: 2 tazas<\/p>\n<p><strong>Materiales para la capa superior (tercera capa):<\/strong><\/p>\n<p>Mantequilla: 2 cucharadas \/\u00a0Chocolate: 100 gramos<\/p>\n<p><strong>La preparaci\u00f3n:<\/strong><\/p>\n<p>En el primer paso de la receta, en un bol adecuado, rompe el huevo y b\u00e1telo con una batidora hasta que est\u00e9 espumoso y con volumen. En otro taz\u00f3n, derrita la mantequilla a fuego medio. Agregue az\u00facar y cacao en polvo mientras el plato est\u00e1 a fuego indirecto. Agrega el huevo y mezcla todos los ingredientes. Cuando est\u00e9 bien mezclado, retirar del fuego.<\/p>\n<p>Espolvorear las galletas y mezclalas con el polvo de coco y almendra (o nueces y avellanas). Vierta todo en una sart\u00e9n engrasada. Con el dorso de una cuchara o vaso, presione firmemente hasta que quede suave. Refrigere durante aproximadamente 1 hora para que cuaje por completo.<\/p>\n<p><span style=\"font-size: 16px;\">Para la siguiente capa: vierta el polvo molido, la mantequilla, la crema y el az\u00facar en un bol y mezcle con una batidora hasta que est\u00e9 bien combinado y espeso. Saca el molde del frigor\u00edfico y vierte esta masa en la capa inferior y vuelve a meterlo en el frigor\u00edfico.<\/span><\/p>\n<p>Para la tercera capa: vierte la mantequilla con las barras de chocolate en un bol y pon al fuego hasta que derrite, espere a que se enfr\u00ede un poco. Saque el molde de la nevera y vierte el chocolate encima. Refrigere el postre para que se enfr\u00ede. Despu\u00e9s de una hora, cortelo con un cuchillo caliente. Esto evitar\u00e1 que los materiales utilizados se agrieten. Sirva el postre con t\u00e9 o caf\u00e9.<\/p>\n<h6>Ingredientes y al\u00e9rgenos:<\/h6>\n<p>Az\u00facar, harina, chocolate, levadura y derivados.<\/p>\n<h6>Condiciones de conservaci\u00f3n:<\/h6>\n<p>Conservar en un lugar fresco, seco y protegido de la luz.<\/p>\n<h6>Informaci\u00f3n adicional:<\/h6>\n<p>Fabricado por: Minu<\/p>\n","protected":false},"excerpt":{"rendered":"<p>Galletas de colores 150g Minu &nbsp; Informaci\u00f3n del producto: Galletas de colores de Minu. Usos: Se puede servir con t\u00e9 o solo. Debido a su codicia \u00fanica, ha mantenido su posici\u00f3n entre las familias iran\u00edes. Recetas con estas galletas: \u00bfC\u00f3mo preparar postre frigor\u00edfico Nanaimo Bar, el famoso postre canadiense, con base de estas galletas y [&hellip;]<\/p>\n","protected":false},"featured_media":7637,"template":"","meta":{"_surecart_dashboard_logo_width":"180px","_surecart_dashboard_show_logo":true,"_surecart_dashboard_navigation_orders":true,"_surecart_dashboard_navigation_invoices":true,"_surecart_dashboard_navigation_subscriptions":true,"_surecart_dashboard_navigation_downloads":true,"_surecart_dashboard_navigation_billing":true,"_surecart_dashboard_navigation_account":true,"_uag_custom_page_level_css":"","site-sidebar-layout":"default","site-content-layout":"default","ast-site-content-layout":"default","site-content-style":"default","site-sidebar-style":"default","ast-global-header-display":"","ast-banner-title-visibility":"","ast-main-header-display":"","ast-hfb-above-header-display":"","ast-hfb-below-header-display":"","ast-hfb-mobile-header-display":"","site-post-title":"","ast-breadcrumbs-content":"","ast-featured-img":"","footer-sml-layout":"","theme-transparent-header-meta":"default","adv-header-id-meta":"","stick-header-meta":"","header-above-stick-meta":"","header-main-stick-meta":"","header-below-stick-meta":"","astra-migrate-meta-layouts":"set","ast-page-background-enabled":"default","ast-page-background-meta":{"desktop":{"background-color":"","background-image":"","background-repeat":"repeat","background-position":"center center","background-size":"auto","background-attachment":"scroll","background-type":"","background-media":"","overlay-type":"","overlay-color":"","overlay-opacity":"","overlay-gradient":""},"tablet":{"background-color":"","background-image":"","background-repeat":"repeat","background-position":"center center","background-size":"auto","background-attachment":"scroll","background-type":"","background-media":"","overlay-type":"","overlay-color":"","overlay-opacity":"","overlay-gradient":""},"mobile":{"background-color":"","background-image":"","background-repeat":"repeat","background-position":"center center","background-size":"auto","background-attachment":"scroll","background-type":"","background-media":"","overlay-type":"","overlay-color":"","overlay-opacity":"","overlay-gradient":""}},"ast-content-background-meta":{"desktop":{"background-color":"var(--ast-global-color-5)","background-image":"","background-repeat":"repeat","background-position":"center center","background-size":"auto","background-attachment":"scroll","background-type":"","background-media":"","overlay-type":"","overlay-color":"","overlay-opacity":"","overlay-gradient":""},"tablet":{"background-color":"var(--ast-global-color-5)","background-image":"","background-repeat":"repeat","background-position":"center center","background-size":"auto","background-attachment":"scroll","background-type":"","background-media":"","overlay-type":"","overlay-color":"","overlay-opacity":"","overlay-gradient":""},"mobile":{"background-color":"var(--ast-global-color-5)","background-image":"","background-repeat":"repeat","background-position":"center center","background-size":"auto","background-attachment":"scroll","background-type":"","background-media":"","overlay-type":"","overlay-color":"","overlay-opacity":"","overlay-gradient":""}}},"pwb-brand":[1087],"product_cat":[31,36],"product_tag":[618,657,654,1079,1086],"class_list":{"0":"post-7640","1":"product","2":"type-product","3":"status-publish","4":"has-post-thumbnail","6":"pwb-brand-minu","7":"product_cat-delicias-dulces","8":"product_cat-desayuno","9":"product_tag-dulces","10":"product_tag-galletas","11":"product_tag-merienda","12":"product_tag-tradicional","13":"product_tag-1086","14":"desktop-align-center","15":"tablet-align-center","16":"mobile-align-center","18":"first","19":"outofstock","20":"taxable","21":"shipping-taxable","22":"purchasable","23":"product-type-simple"},"yoast_head":"<!-- This site is optimized with the Yoast SEO plugin v23.6 - https:\/\/yoast.com\/wordpress\/plugins\/seo\/ -->\n<title>Galletas de colores 35 Minu - Delicias Persas<\/title>\n<meta name=\"description\" content=\"Galletas. Esenciales a la hora de tomar t\u00e9. Sirven para endulzarlo. Tienen un sabor caracter\u00edstico e inigualable! Pruebalas!\" \/>\n<meta name=\"robots\" content=\"index, follow, max-snippet:-1, max-image-preview:large, max-video-preview:-1\" \/>\n<link rel=\"canonical\" href=\"https:\/\/deliciaspersas.com\/en\/tienda\/delicias-dulces\/galletas-de-colores-35-minu\/\" \/>\n<meta property=\"og:locale\" content=\"en_US\" \/>\n<meta property=\"og:type\" content=\"article\" \/>\n<meta property=\"og:title\" content=\"Galletas de colores 35 Minu - Delicias Persas\" \/>\n<meta property=\"og:description\" content=\"Galletas. Esenciales a la hora de tomar t\u00e9. Sirven para endulzarlo. Tienen un sabor caracter\u00edstico e inigualable! Pruebalas!\" \/>\n<meta property=\"og:url\" content=\"https:\/\/deliciaspersas.com\/en\/tienda\/delicias-dulces\/galletas-de-colores-35-minu\/\" \/>\n<meta property=\"og:site_name\" content=\"Delicias Persas\" \/>\n<meta property=\"article:publisher\" content=\"https:\/\/www.facebook.com\/Deliciaspersas\" \/>\n<meta property=\"article:modified_time\" content=\"2025-10-09T07:43:02+00:00\" \/>\n<meta property=\"og:image\" content=\"https:\/\/deliciaspersas.com\/wp-content\/uploads\/Galletas-de-colores-150g-Madar.jpg\" \/>\n\t<meta property=\"og:image:width\" content=\"760\" \/>\n\t<meta property=\"og:image:height\" content=\"760\" \/>\n\t<meta property=\"og:image:type\" content=\"image\/jpeg\" \/>\n<meta name=\"twitter:card\" content=\"summary_large_image\" \/>\n<meta name=\"twitter:label1\" content=\"Est. reading time\" \/>\n\t<meta name=\"twitter:data1\" content=\"2 minutes\" \/>\n<script type=\"application\/ld+json\" class=\"yoast-schema-graph\">{\"@context\":\"https:\/\/schema.org\",\"@graph\":[{\"@type\":\"WebPage\",\"@id\":\"https:\/\/deliciaspersas.com\/en\/tienda\/delicias-dulces\/galletas-de-colores-35-minu\/\",\"url\":\"https:\/\/deliciaspersas.com\/en\/tienda\/delicias-dulces\/galletas-de-colores-35-minu\/\",\"name\":\"Galletas de colores 35 Minu - Delicias Persas\",\"isPartOf\":{\"@id\":\"https:\/\/deliciaspersas.com\/en\/#website\"},\"primaryImageOfPage\":{\"@id\":\"https:\/\/deliciaspersas.com\/en\/tienda\/delicias-dulces\/galletas-de-colores-35-minu\/#primaryimage\"},\"image\":{\"@id\":\"https:\/\/deliciaspersas.com\/en\/tienda\/delicias-dulces\/galletas-de-colores-35-minu\/#primaryimage\"},\"thumbnailUrl\":\"https:\/\/deliciaspersas.com\/wp-content\/uploads\/Galletas-de-colores-150g-Madar.jpg\",\"datePublished\":\"2021-04-19T12:24:57+00:00\",\"dateModified\":\"2025-10-09T07:43:02+00:00\",\"description\":\"Galletas. Esenciales a la hora de tomar t\u00e9. Sirven para endulzarlo. Tienen un sabor caracter\u00edstico e inigualable! Pruebalas!\",\"breadcrumb\":{\"@id\":\"https:\/\/deliciaspersas.com\/en\/tienda\/delicias-dulces\/galletas-de-colores-35-minu\/#breadcrumb\"},\"inLanguage\":\"en-US\",\"potentialAction\":[{\"@type\":\"ReadAction\",\"target\":[\"https:\/\/deliciaspersas.com\/en\/tienda\/delicias-dulces\/galletas-de-colores-35-minu\/\"]}]},{\"@type\":\"ImageObject\",\"inLanguage\":\"en-US\",\"@id\":\"https:\/\/deliciaspersas.com\/en\/tienda\/delicias-dulces\/galletas-de-colores-35-minu\/#primaryimage\",\"url\":\"https:\/\/deliciaspersas.com\/wp-content\/uploads\/Galletas-de-colores-150g-Madar.jpg\",\"contentUrl\":\"https:\/\/deliciaspersas.com\/wp-content\/uploads\/Galletas-de-colores-150g-Madar.jpg\",\"width\":760,\"height\":760,\"caption\":\"Galletas de colores 150g Madar\"},{\"@type\":\"BreadcrumbList\",\"@id\":\"https:\/\/deliciaspersas.com\/en\/tienda\/delicias-dulces\/galletas-de-colores-35-minu\/#breadcrumb\",\"itemListElement\":[{\"@type\":\"ListItem\",\"position\":1,\"name\":\"Portada\",\"item\":\"https:\/\/deliciaspersas.com\/en\/\"},{\"@type\":\"ListItem\",\"position\":2,\"name\":\"Tienda\",\"item\":\"https:\/\/deliciaspersas.com\/\"},{\"@type\":\"ListItem\",\"position\":3,\"name\":\"Galletas de colores 35 Minu\"}]},{\"@type\":\"WebSite\",\"@id\":\"https:\/\/deliciaspersas.com\/en\/#website\",\"url\":\"https:\/\/deliciaspersas.com\/en\/\",\"name\":\"Delicias Persas\",\"description\":\"Gastronom&iacute;a persa al alcance de tus manos\",\"publisher\":{\"@id\":\"https:\/\/deliciaspersas.com\/en\/#organization\"},\"potentialAction\":[{\"@type\":\"SearchAction\",\"target\":{\"@type\":\"EntryPoint\",\"urlTemplate\":\"https:\/\/deliciaspersas.com\/en\/?s={search_term_string}\"},\"query-input\":{\"@type\":\"PropertyValueSpecification\",\"valueRequired\":true,\"valueName\":\"search_term_string\"}}],\"inLanguage\":\"en-US\"},{\"@type\":\"Organization\",\"@id\":\"https:\/\/deliciaspersas.com\/en\/#organization\",\"name\":\"Delicias Persas\",\"url\":\"https:\/\/deliciaspersas.com\/en\/\",\"logo\":{\"@type\":\"ImageObject\",\"inLanguage\":\"en-US\",\"@id\":\"https:\/\/deliciaspersas.com\/en\/#\/schema\/logo\/image\/\",\"url\":\"https:\/\/deliciaspersas.com\/wp-content\/uploads\/2020\/07\/logo-2020.png\",\"contentUrl\":\"https:\/\/deliciaspersas.com\/wp-content\/uploads\/2020\/07\/logo-2020.png\",\"width\":520,\"height\":490,\"caption\":\"Delicias Persas\"},\"image\":{\"@id\":\"https:\/\/deliciaspersas.com\/en\/#\/schema\/logo\/image\/\"},\"sameAs\":[\"https:\/\/www.facebook.com\/Deliciaspersas\",\"https:\/\/www.instagram.com\/delicias_persas\/\",\"https:\/\/www.linkedin.com\/delicias-persas\"]}]}<\/script>\n<!-- \/ Yoast SEO plugin. -->","yoast_head_json":{"title":"Galletas de colores 35 Minu - Delicias Persas","description":"Galletas. Esenciales a la hora de tomar t\u00e9. Sirven para endulzarlo. Tienen un sabor caracter\u00edstico e inigualable! Pruebalas!","robots":{"index":"index","follow":"follow","max-snippet":"max-snippet:-1","max-image-preview":"max-image-preview:large","max-video-preview":"max-video-preview:-1"},"canonical":"https:\/\/deliciaspersas.com\/en\/tienda\/delicias-dulces\/galletas-de-colores-35-minu\/","og_locale":"en_US","og_type":"article","og_title":"Galletas de colores 35 Minu - Delicias Persas","og_description":"Galletas. Esenciales a la hora de tomar t\u00e9. Sirven para endulzarlo. Tienen un sabor caracter\u00edstico e inigualable! Pruebalas!","og_url":"https:\/\/deliciaspersas.com\/en\/tienda\/delicias-dulces\/galletas-de-colores-35-minu\/","og_site_name":"Delicias Persas","article_publisher":"https:\/\/www.facebook.com\/Deliciaspersas","article_modified_time":"2025-10-09T07:43:02+00:00","og_image":[{"width":760,"height":760,"url":"https:\/\/deliciaspersas.com\/wp-content\/uploads\/Galletas-de-colores-150g-Madar.jpg","type":"image\/jpeg"}],"twitter_card":"summary_large_image","twitter_misc":{"Est. reading time":"2 minutes"},"schema":{"@context":"https:\/\/schema.org","@graph":[{"@type":"WebPage","@id":"https:\/\/deliciaspersas.com\/en\/tienda\/delicias-dulces\/galletas-de-colores-35-minu\/","url":"https:\/\/deliciaspersas.com\/en\/tienda\/delicias-dulces\/galletas-de-colores-35-minu\/","name":"Galletas de colores 35 Minu - Delicias Persas","isPartOf":{"@id":"https:\/\/deliciaspersas.com\/en\/#website"},"primaryImageOfPage":{"@id":"https:\/\/deliciaspersas.com\/en\/tienda\/delicias-dulces\/galletas-de-colores-35-minu\/#primaryimage"},"image":{"@id":"https:\/\/deliciaspersas.com\/en\/tienda\/delicias-dulces\/galletas-de-colores-35-minu\/#primaryimage"},"thumbnailUrl":"https:\/\/deliciaspersas.com\/wp-content\/uploads\/Galletas-de-colores-150g-Madar.jpg","datePublished":"2021-04-19T12:24:57+00:00","dateModified":"2025-10-09T07:43:02+00:00","description":"Galletas. Esenciales a la hora de tomar t\u00e9. Sirven para endulzarlo. Tienen un sabor caracter\u00edstico e inigualable! Pruebalas!","breadcrumb":{"@id":"https:\/\/deliciaspersas.com\/en\/tienda\/delicias-dulces\/galletas-de-colores-35-minu\/#breadcrumb"},"inLanguage":"en-US","potentialAction":[{"@type":"ReadAction","target":["https:\/\/deliciaspersas.com\/en\/tienda\/delicias-dulces\/galletas-de-colores-35-minu\/"]}]},{"@type":"ImageObject","inLanguage":"en-US","@id":"https:\/\/deliciaspersas.com\/en\/tienda\/delicias-dulces\/galletas-de-colores-35-minu\/#primaryimage","url":"https:\/\/deliciaspersas.com\/wp-content\/uploads\/Galletas-de-colores-150g-Madar.jpg","contentUrl":"https:\/\/deliciaspersas.com\/wp-content\/uploads\/Galletas-de-colores-150g-Madar.jpg","width":760,"height":760,"caption":"Galletas de colores 150g Madar"},{"@type":"BreadcrumbList","@id":"https:\/\/deliciaspersas.com\/en\/tienda\/delicias-dulces\/galletas-de-colores-35-minu\/#breadcrumb","itemListElement":[{"@type":"ListItem","position":1,"name":"Portada","item":"https:\/\/deliciaspersas.com\/en\/"},{"@type":"ListItem","position":2,"name":"Tienda","item":"https:\/\/deliciaspersas.com\/"},{"@type":"ListItem","position":3,"name":"Galletas de colores 35 Minu"}]},{"@type":"WebSite","@id":"https:\/\/deliciaspersas.com\/en\/#website","url":"https:\/\/deliciaspersas.com\/en\/","name":"Delicias Persas","description":"Gastronom&iacute;a persa al alcance de tus manos","publisher":{"@id":"https:\/\/deliciaspersas.com\/en\/#organization"},"potentialAction":[{"@type":"SearchAction","target":{"@type":"EntryPoint","urlTemplate":"https:\/\/deliciaspersas.com\/en\/?s={search_term_string}"},"query-input":{"@type":"PropertyValueSpecification","valueRequired":true,"valueName":"search_term_string"}}],"inLanguage":"en-US"},{"@type":"Organization","@id":"https:\/\/deliciaspersas.com\/en\/#organization","name":"Delicias Persas","url":"https:\/\/deliciaspersas.com\/en\/","logo":{"@type":"ImageObject","inLanguage":"en-US","@id":"https:\/\/deliciaspersas.com\/en\/#\/schema\/logo\/image\/","url":"https:\/\/deliciaspersas.com\/wp-content\/uploads\/2020\/07\/logo-2020.png","contentUrl":"https:\/\/deliciaspersas.com\/wp-content\/uploads\/2020\/07\/logo-2020.png","width":520,"height":490,"caption":"Delicias Persas"},"image":{"@id":"https:\/\/deliciaspersas.com\/en\/#\/schema\/logo\/image\/"},"sameAs":["https:\/\/www.facebook.com\/Deliciaspersas","https:\/\/www.instagram.com\/delicias_persas\/","https:\/\/www.linkedin.com\/delicias-persas"]}]}},"uagb_featured_image_src":{"full":["https:\/\/deliciaspersas.com\/wp-content\/uploads\/Galletas-de-colores-150g-Madar.jpg",760,760,false],"thumbnail":["https:\/\/deliciaspersas.com\/wp-content\/uploads\/Galletas-de-colores-150g-Madar-150x150.jpg",150,150,true],"medium":["https:\/\/deliciaspersas.com\/wp-content\/uploads\/Galletas-de-colores-150g-Madar-300x300.jpg",300,300,true],"medium_large":["https:\/\/deliciaspersas.com\/wp-content\/uploads\/Galletas-de-colores-150g-Madar.jpg",760,760,false],"large":["https:\/\/deliciaspersas.com\/wp-content\/uploads\/Galletas-de-colores-150g-Madar.jpg",760,760,false],"1536x1536":["https:\/\/deliciaspersas.com\/wp-content\/uploads\/Galletas-de-colores-150g-Madar.jpg",760,760,false],"2048x2048":["https:\/\/deliciaspersas.com\/wp-content\/uploads\/Galletas-de-colores-150g-Madar.jpg",760,760,false],"woocommerce_thumbnail":["https:\/\/deliciaspersas.com\/wp-content\/uploads\/Galletas-de-colores-150g-Madar-300x300.jpg",300,300,true],"woocommerce_single":["https:\/\/deliciaspersas.com\/wp-content\/uploads\/Galletas-de-colores-150g-Madar-600x600.jpg",600,600,true],"woocommerce_gallery_thumbnail":["https:\/\/deliciaspersas.com\/wp-content\/uploads\/Galletas-de-colores-150g-Madar-100x100.jpg",100,100,true]},"uagb_author_info":{"display_name":"admin","author_link":"https:\/\/deliciaspersas.com\/en\/author\/"},"uagb_comment_info":0,"uagb_excerpt":"Galletas de colores 150g Minu &nbsp; Informaci\u00f3n del producto: Galletas de colores de Minu. Usos: Se puede servir con t\u00e9 o solo. Debido a su codicia \u00fanica, ha mantenido su posici\u00f3n entre las familias iran\u00edes. Recetas con estas galletas: \u00bfC\u00f3mo preparar postre frigor\u00edfico Nanaimo Bar, el famoso postre canadiense, con base de estas galletas y&hellip;","brands":[{"id":1087,"name":"minu","slug":"minu"}],"_links":{"self":[{"href":"https:\/\/deliciaspersas.com\/en\/wp-json\/wp\/v2\/product\/7640"}],"collection":[{"href":"https:\/\/deliciaspersas.com\/en\/wp-json\/wp\/v2\/product"}],"about":[{"href":"https:\/\/deliciaspersas.com\/en\/wp-json\/wp\/v2\/types\/product"}],"wp:featuredmedia":[{"embeddable":true,"href":"https:\/\/deliciaspersas.com\/en\/wp-json\/wp\/v2\/media\/7637"}],"wp:attachment":[{"href":"https:\/\/deliciaspersas.com\/en\/wp-json\/wp\/v2\/media?parent=7640"}],"wp:term":[{"taxonomy":"pwb-brand","embeddable":true,"href":"https:\/\/deliciaspersas.com\/en\/wp-json\/wp\/v2\/pwb-brand?post=7640"},{"taxonomy":"product_cat","embeddable":true,"href":"https:\/\/deliciaspersas.com\/en\/wp-json\/wp\/v2\/product_cat?post=7640"},{"taxonomy":"product_tag","embeddable":true,"href":"https:\/\/deliciaspersas.com\/en\/wp-json\/wp\/v2\/product_tag?post=7640"}],"curies":[{"name":"wp","href":"https:\/\/api.w.org\/{rel}","templated":true}]}}