{"id":7762,"date":"2021-04-23T12:36:44","date_gmt":"2021-04-23T10:36:44","guid":{"rendered":"https:\/\/deliciaspersas.com\/?post_type=product&#038;p=7762"},"modified":"2026-03-24T19:37:35","modified_gmt":"2026-03-24T18:37:35","slug":"algodon-de-azucar-vainilla-350g-haj-abdullah","status":"publish","type":"product","link":"https:\/\/deliciaspersas.com\/en\/tienda\/delicias-dulces\/algodon-de-azucar-vainilla-350g-haj-abdullah\/","title":{"rendered":"Algod\u00f3n de az\u00facar vainilla 350g Haj Abdullah"},"content":{"rendered":"<h1>Algod\u00f3n de az\u00facar vainilla 350g Haj Abdullah<\/h1>\n<h6>Informaci\u00f3n del producto:<\/h6>\n<p>Algod\u00f3n de az\u00facar vainilla<\/p>\n<h6>Usos:<\/h6>\n<p>Lo puede consumir como un tentempi\u00e9, para la elaboraci\u00f3n de alg\u00fan postre o adorno de alguna tarta.<\/p>\n<ul class=\"content__summary-list content__summary-list--bullets\">\n<li class=\"summary-list__item\">\n<h3 class=\"content__summary-title\">Receta casera de algod\u00f3n de az\u00facar<\/h3>\n<p id=\"paragraph_3\">Hay dos formas de hacer algod\u00f3n de az\u00facar en casa: de forma manual y con m\u00e1quina. En este caso, hemos optado por\u00a0<strong>la elaboraci\u00f3n manual<\/strong>.<\/p>\n<p id=\"paragraph_4\"><strong>Ingredientes:<\/strong><\/p>\n<ul class=\"content__summary-list content__summary-list--bullets\">\n<li class=\"summary-list__item\">250 gramos de az\u00facar<\/li>\n<li class=\"summary-list__item\">30 gramos de sirope de ma\u00edz o glucosa<\/li>\n<li class=\"summary-list__item\">1\/2 cucharadita de vinagre blanco<\/li>\n<li class=\"summary-list__item\">120 ml de agua<\/li>\n<li class=\"summary-list__item\">500 gramos de f\u00e9cula de ma\u00edz o maicena<\/li>\n<\/ul>\n<p id=\"paragraph_5\"><strong>Necesitar\u00e1s:<\/strong><\/p>\n<ul class=\"content__summary-list content__summary-list--bullets\">\n<li class=\"summary-list__item\">Pincel de reposter\u00eda<\/li>\n<li class=\"summary-list__item\">Term\u00f3metro para cocinar<\/li>\n<li class=\"summary-list__item\">2 envases de pl\u00e1stico redondos con la base ancha no muy altos<\/li>\n<li class=\"summary-list__item\">Guantes<\/li>\n<\/ul>\n<p id=\"paragraph_7\"><strong>1.Comenzamos tostando la maicena en el horno<\/strong>\u00a0o en una sart\u00e9n durante un par de minutos, pues esta ser\u00e1 la base del algod\u00f3n de az\u00facar casero.<\/p>\n<p id=\"paragraph_8\"><b>2.Despu\u00e9s\u00a0<\/b>v<strong>ierte el resto de ingredientes en una cazuela siguiendo este orden<\/strong>: az\u00facar, agua, sirope de ma\u00edz y vinagre. Mezcla con la ayuda de una cuchara de madera para integrar bien los ingredientes. A continuaci\u00f3n, pon a calentar la cazuela a fuego medio y no remuevas en ning\u00fan momento, de lo contrario, se formar\u00e1n burbujas y el caramelo se cristalizar\u00e1, por lo que perder\u00e1 la consistencia.<\/p>\n<p id=\"paragraph_9\"><strong>3.<\/strong>\u00a0<strong>Pasa un pincel h\u00famedo<\/strong>\u00a0por los laterales de la olla si ves que se cristaliza el az\u00facar. Y recuerda, hacer algod\u00f3n de az\u00facar en casa implica manipular el caramelo con sumo cuidado.<\/p>\n<p id=\"paragraph_10\"><strong>4. Vigila la temperatura de manera constante<\/strong>, ya que esta preparaci\u00f3n es muy precisa y no debes pasarte con el calor. El caramelo debe alcanzar unos 133 \u00b0C.<\/p>\n<p id=\"paragraph_11\"><strong>5.<\/strong>\u00a0<strong>Deja reposar la elaboraci\u00f3n unos minutos<\/strong>, pues tendr\u00e1 que descender a 100 \u00b0C antes de continuar con la receta casera de algod\u00f3n de az\u00facar.<\/p>\n<p id=\"paragraph_12\"><strong>6.<\/strong>\u00a0Entonces,\u00a0<strong>vierte el caramelo en un molde de pl\u00e1stico despacio<\/strong>\u00a0y sin salpicar, as\u00ed evitar\u00e1s quemarte y que queden burbujas.<\/p>\n<p id=\"paragraph_13\"><strong>7.<\/strong>\u00a0<strong>Deja que repose unas horas a temperatura ambiente<\/strong>, para su mejor compacto.<\/p>\n<p id=\"paragraph_14\"><strong>8.<\/strong>\u00a0Pasado este tiempo,\u00a0<strong>desmolda el caramelo volteando el recipiente<\/strong>\u00a0y presionando con los pulgares sobre la base para que se desprenda mejor.<\/p>\n<p id=\"paragraph_15\"><strong>9.<\/strong>\u00a0Ayud\u00e1ndote de una cuchara,\u00a0<strong>haz un agujero de medio cent\u00edmetro de di\u00e1metro justo en el centro del caramelo.<\/strong><\/p>\n<p id=\"paragraph_16\"><strong>10.<\/strong>\u00a0A continuaci\u00f3n,\u00a0<strong>puedes manipular el caramelo de dos formas distintas:<\/strong><\/p>\n<p id=\"paragraph_17\"><strong>11<\/strong>.\u00a0<strong>Calent\u00e1ndolo en el microondas:<\/strong>\u00a0no es lo m\u00e1s aconsejable, pero s\u00ed lo m\u00e1s r\u00e1pido. Con 2 o 4 segundos ser\u00e1 suficiente para poder manipularlo con facilidad.<\/p>\n<p id=\"paragraph_18\"><strong>12.<\/strong>\u00a0<strong>Trabaj\u00e1ndolo directamente con las manos:<\/strong>\u00a0esta opci\u00f3n es m\u00e1s laboriosa, pero tambi\u00e9n es m\u00e1s tradicional.<\/p>\n<p id=\"paragraph_19\"><strong>13.<\/strong>\u00a0Antes de comenzar a manipular el caramelo,\u00a0<strong>impr\u00e9gnalo con un poco de maicena para hacerlo mejor.<\/strong><\/p>\n<p id=\"paragraph_20\"><strong>14<\/strong>.\u00a0<strong>Ejerce presi\u00f3n con las manos<\/strong>\u00a0en los bordes del caramelo hasta formar un anillo delgado.<\/p>\n<p id=\"paragraph_21\"><strong>15.<\/strong>\u00a0Cuando el caramelo adquiera la elasticidad suficiente,\u00a0<strong>dobla el anillo formando un ocho y pli\u00e9galo sobre s\u00ed mismo.<\/strong><\/p>\n<p id=\"paragraph_22\"><strong>16.<\/strong>\u00a0Ahora, es el turno de\u00a0<strong>agregar la harina tostada<\/strong>\u00a0en la superficie de trabajo. Adem\u00e1s, tendr\u00e1s que ir impregn\u00e1ndolo con maicena seg\u00fan lo trabajas para ayudar a que mantenga la elasticidad.<\/p>\n<p id=\"paragraph_23\"><strong>17.<\/strong>\u00a0<strong>Extiende el anillo de caramelo en la superficie de trabajo<\/strong>\u00a0presionando de nuevo los bordes para aumentar su tama\u00f1o. Hazlo con cuidado sin tensarlo demasiado o podr\u00eda romperse.<\/p>\n<p id=\"paragraph_24\"><strong>18.<\/strong>\u00a0Acto seguido,\u00a0<strong>repite el procedimiento anterior<\/strong>: dobla de nuevo el caramelo formando un ocho y pli\u00e9galo sobre s\u00ed mismo. Repite este paso hasta 14 veces para obtener las 16.284 tiras de caramelo necesarias, para que quede tan finas como el hilo de seda.<\/p>\n<p id=\"paragraph_25\">Esta receta casera de algod\u00f3n de az\u00facar necesita entre\u00a0<strong>3 y 4 horas de reposo<\/strong>\u00a0para ser consumida.<\/p>\n<\/li>\n<\/ul>\n<h6>Ingredientes y al\u00e9rgenos:<\/h6>\n<p>Algod\u00f3n de az\u00facar vainilla<\/p>\n<h6>Condiciones de conservaci\u00f3n:<\/h6>\n<p>Conservar en un lugar fresco, seco y protegido de la luz.<\/p>\n<h6>Informaci\u00f3n adicional:<\/h6>\n<p>Fabricado por: Haj Abdullah<\/p>\n","protected":false},"excerpt":{"rendered":"<p>Algod\u00f3n de az\u00facar vainilla 350g Haj Abdullah Informaci\u00f3n del producto: Algod\u00f3n de az\u00facar vainilla Usos: Lo puede consumir como un tentempi\u00e9, para la elaboraci\u00f3n de alg\u00fan postre o adorno de alguna tarta. Receta casera de algod\u00f3n de az\u00facar Hay dos formas de hacer algod\u00f3n de az\u00facar en casa: de forma manual y con m\u00e1quina. En [&hellip;]<\/p>\n","protected":false},"featured_media":7764,"template":"","meta":{"_surecart_dashboard_logo_width":"180px","_surecart_dashboard_show_logo":true,"_surecart_dashboard_navigation_orders":true,"_surecart_dashboard_navigation_invoices":true,"_surecart_dashboard_navigation_subscriptions":true,"_surecart_dashboard_navigation_downloads":true,"_surecart_dashboard_navigation_billing":true,"_surecart_dashboard_navigation_account":true,"_uag_custom_page_level_css":"","site-sidebar-layout":"default","site-content-layout":"default","ast-site-content-layout":"default","site-content-style":"default","site-sidebar-style":"default","ast-global-header-display":"","ast-banner-title-visibility":"","ast-main-header-display":"","ast-hfb-above-header-display":"","ast-hfb-below-header-display":"","ast-hfb-mobile-header-display":"","site-post-title":"","ast-breadcrumbs-content":"","ast-featured-img":"","footer-sml-layout":"","theme-transparent-header-meta":"default","adv-header-id-meta":"","stick-header-meta":"","header-above-stick-meta":"","header-main-stick-meta":"","header-below-stick-meta":"","astra-migrate-meta-layouts":"set","ast-page-background-enabled":"default","ast-page-background-meta":{"desktop":{"background-color":"","background-image":"","background-repeat":"repeat","background-position":"center center","background-size":"auto","background-attachment":"scroll","background-type":"","background-media":"","overlay-type":"","overlay-color":"","overlay-opacity":"","overlay-gradient":""},"tablet":{"background-color":"","background-image":"","background-repeat":"repeat","background-position":"center center","background-size":"auto","background-attachment":"scroll","background-type":"","background-media":"","overlay-type":"","overlay-color":"","overlay-opacity":"","overlay-gradient":""},"mobile":{"background-color":"","background-image":"","background-repeat":"repeat","background-position":"center center","background-size":"auto","background-attachment":"scroll","background-type":"","background-media":"","overlay-type":"","overlay-color":"","overlay-opacity":"","overlay-gradient":""}},"ast-content-background-meta":{"desktop":{"background-color":"var(--ast-global-color-5)","background-image":"","background-repeat":"repeat","background-position":"center center","background-size":"auto","background-attachment":"scroll","background-type":"","background-media":"","overlay-type":"","overlay-color":"","overlay-opacity":"","overlay-gradient":""},"tablet":{"background-color":"var(--ast-global-color-5)","background-image":"","background-repeat":"repeat","background-position":"center center","background-size":"auto","background-attachment":"scroll","background-type":"","background-media":"","overlay-type":"","overlay-color":"","overlay-opacity":"","overlay-gradient":""},"mobile":{"background-color":"var(--ast-global-color-5)","background-image":"","background-repeat":"repeat","background-position":"center center","background-size":"auto","background-attachment":"scroll","background-type":"","background-media":"","overlay-type":"","overlay-color":"","overlay-opacity":"","overlay-gradient":""}}},"pwb-brand":[272],"product_cat":[47,31],"product_tag":[1039,764,1040,692,1041],"class_list":{"0":"post-7762","1":"product","2":"type-product","3":"status-publish","4":"has-post-thumbnail","6":"pwb-brand-haj-abdullah","7":"product_cat-azucares","8":"product_cat-delicias-dulces","9":"product_tag-algodon-de-azucar","10":"product_tag-dulce","11":"product_tag-infancia","12":"product_tag-rico","13":"product_tag-1041","14":"desktop-align-center","15":"tablet-align-center","16":"mobile-align-center","18":"first","19":"instock","20":"taxable","21":"shipping-taxable","22":"purchasable","23":"product-type-simple"},"yoast_head":"<!-- This site is optimized with the Yoast SEO plugin v23.6 - https:\/\/yoast.com\/wordpress\/plugins\/seo\/ -->\n<title>Algod\u00f3n de az\u00facar vainilla 350g Haj Abdullah - Delicias Persas<\/title>\n<meta name=\"robots\" content=\"index, follow, max-snippet:-1, max-image-preview:large, max-video-preview:-1\" \/>\n<link rel=\"canonical\" href=\"https:\/\/deliciaspersas.com\/en\/tienda\/delicias-dulces\/algodon-de-azucar-vainilla-350g-haj-abdullah\/\" \/>\n<meta property=\"og:locale\" content=\"en_US\" \/>\n<meta property=\"og:type\" content=\"article\" \/>\n<meta property=\"og:title\" content=\"Algod\u00f3n de az\u00facar vainilla 350g Haj Abdullah - Delicias Persas\" \/>\n<meta property=\"og:description\" content=\"Algod\u00f3n de az\u00facar vainilla 350g Haj Abdullah Informaci\u00f3n del producto: Algod\u00f3n de az\u00facar vainilla Usos: Lo puede consumir como un tentempi\u00e9, para la elaboraci\u00f3n de alg\u00fan postre o adorno de alguna tarta. Receta casera de algod\u00f3n de az\u00facar Hay dos formas de hacer algod\u00f3n de az\u00facar en casa: de forma manual y con m\u00e1quina. En [&hellip;]\" \/>\n<meta property=\"og:url\" content=\"https:\/\/deliciaspersas.com\/en\/tienda\/delicias-dulces\/algodon-de-azucar-vainilla-350g-haj-abdullah\/\" \/>\n<meta property=\"og:site_name\" content=\"Delicias Persas\" \/>\n<meta property=\"article:publisher\" content=\"https:\/\/www.facebook.com\/Deliciaspersas\" \/>\n<meta property=\"article:modified_time\" content=\"2026-03-24T18:37:35+00:00\" \/>\n<meta property=\"og:image\" content=\"https:\/\/deliciaspersas.com\/wp-content\/uploads\/Algodo\u0301n-de-azu\u0301car-vainilla-350g-Haj-Abdullah1.jpg\" \/>\n\t<meta property=\"og:image:width\" content=\"760\" \/>\n\t<meta property=\"og:image:height\" content=\"760\" \/>\n\t<meta property=\"og:image:type\" content=\"image\/jpeg\" \/>\n<meta name=\"twitter:card\" content=\"summary_large_image\" \/>\n<meta name=\"twitter:label1\" content=\"Est. reading time\" \/>\n\t<meta name=\"twitter:data1\" content=\"4 minutes\" \/>\n<script type=\"application\/ld+json\" class=\"yoast-schema-graph\">{\"@context\":\"https:\/\/schema.org\",\"@graph\":[{\"@type\":\"WebPage\",\"@id\":\"https:\/\/deliciaspersas.com\/en\/tienda\/delicias-dulces\/algodon-de-azucar-vainilla-350g-haj-abdullah\/\",\"url\":\"https:\/\/deliciaspersas.com\/en\/tienda\/delicias-dulces\/algodon-de-azucar-vainilla-350g-haj-abdullah\/\",\"name\":\"Algod\u00f3n de az\u00facar vainilla 350g Haj Abdullah - Delicias Persas\",\"isPartOf\":{\"@id\":\"https:\/\/deliciaspersas.com\/en\/#website\"},\"primaryImageOfPage\":{\"@id\":\"https:\/\/deliciaspersas.com\/en\/tienda\/delicias-dulces\/algodon-de-azucar-vainilla-350g-haj-abdullah\/#primaryimage\"},\"image\":{\"@id\":\"https:\/\/deliciaspersas.com\/en\/tienda\/delicias-dulces\/algodon-de-azucar-vainilla-350g-haj-abdullah\/#primaryimage\"},\"thumbnailUrl\":\"https:\/\/deliciaspersas.com\/wp-content\/uploads\/Algodo\u0301n-de-azu\u0301car-vainilla-350g-Haj-Abdullah1.jpg\",\"datePublished\":\"2021-04-23T10:36:44+00:00\",\"dateModified\":\"2026-03-24T18:37:35+00:00\",\"breadcrumb\":{\"@id\":\"https:\/\/deliciaspersas.com\/en\/tienda\/delicias-dulces\/algodon-de-azucar-vainilla-350g-haj-abdullah\/#breadcrumb\"},\"inLanguage\":\"en-US\",\"potentialAction\":[{\"@type\":\"ReadAction\",\"target\":[\"https:\/\/deliciaspersas.com\/en\/tienda\/delicias-dulces\/algodon-de-azucar-vainilla-350g-haj-abdullah\/\"]}]},{\"@type\":\"ImageObject\",\"inLanguage\":\"en-US\",\"@id\":\"https:\/\/deliciaspersas.com\/en\/tienda\/delicias-dulces\/algodon-de-azucar-vainilla-350g-haj-abdullah\/#primaryimage\",\"url\":\"https:\/\/deliciaspersas.com\/wp-content\/uploads\/Algodo\u0301n-de-azu\u0301car-vainilla-350g-Haj-Abdullah1.jpg\",\"contentUrl\":\"https:\/\/deliciaspersas.com\/wp-content\/uploads\/Algodo\u0301n-de-azu\u0301car-vainilla-350g-Haj-Abdullah1.jpg\",\"width\":760,\"height\":760,\"caption\":\"Algodo\u0301n de azu\u0301car vainilla 350g Haj Abdullah\"},{\"@type\":\"BreadcrumbList\",\"@id\":\"https:\/\/deliciaspersas.com\/en\/tienda\/delicias-dulces\/algodon-de-azucar-vainilla-350g-haj-abdullah\/#breadcrumb\",\"itemListElement\":[{\"@type\":\"ListItem\",\"position\":1,\"name\":\"Portada\",\"item\":\"https:\/\/deliciaspersas.com\/en\/\"},{\"@type\":\"ListItem\",\"position\":2,\"name\":\"Tienda\",\"item\":\"https:\/\/deliciaspersas.com\/\"},{\"@type\":\"ListItem\",\"position\":3,\"name\":\"Algod\u00f3n de az\u00facar vainilla 350g Haj Abdullah\"}]},{\"@type\":\"WebSite\",\"@id\":\"https:\/\/deliciaspersas.com\/en\/#website\",\"url\":\"https:\/\/deliciaspersas.com\/en\/\",\"name\":\"Delicias Persas\",\"description\":\"Gastronom&iacute;a persa al alcance de tus manos\",\"publisher\":{\"@id\":\"https:\/\/deliciaspersas.com\/en\/#organization\"},\"potentialAction\":[{\"@type\":\"SearchAction\",\"target\":{\"@type\":\"EntryPoint\",\"urlTemplate\":\"https:\/\/deliciaspersas.com\/en\/?s={search_term_string}\"},\"query-input\":{\"@type\":\"PropertyValueSpecification\",\"valueRequired\":true,\"valueName\":\"search_term_string\"}}],\"inLanguage\":\"en-US\"},{\"@type\":\"Organization\",\"@id\":\"https:\/\/deliciaspersas.com\/en\/#organization\",\"name\":\"Delicias Persas\",\"url\":\"https:\/\/deliciaspersas.com\/en\/\",\"logo\":{\"@type\":\"ImageObject\",\"inLanguage\":\"en-US\",\"@id\":\"https:\/\/deliciaspersas.com\/en\/#\/schema\/logo\/image\/\",\"url\":\"https:\/\/deliciaspersas.com\/wp-content\/uploads\/2020\/07\/logo-2020.png\",\"contentUrl\":\"https:\/\/deliciaspersas.com\/wp-content\/uploads\/2020\/07\/logo-2020.png\",\"width\":520,\"height\":490,\"caption\":\"Delicias Persas\"},\"image\":{\"@id\":\"https:\/\/deliciaspersas.com\/en\/#\/schema\/logo\/image\/\"},\"sameAs\":[\"https:\/\/www.facebook.com\/Deliciaspersas\",\"https:\/\/www.instagram.com\/delicias_persas\/\",\"https:\/\/www.linkedin.com\/delicias-persas\"]}]}<\/script>\n<!-- \/ Yoast SEO plugin. -->","yoast_head_json":{"title":"Algod\u00f3n de az\u00facar vainilla 350g Haj Abdullah - Delicias Persas","robots":{"index":"index","follow":"follow","max-snippet":"max-snippet:-1","max-image-preview":"max-image-preview:large","max-video-preview":"max-video-preview:-1"},"canonical":"https:\/\/deliciaspersas.com\/en\/tienda\/delicias-dulces\/algodon-de-azucar-vainilla-350g-haj-abdullah\/","og_locale":"en_US","og_type":"article","og_title":"Algod\u00f3n de az\u00facar vainilla 350g Haj Abdullah - Delicias Persas","og_description":"Algod\u00f3n de az\u00facar vainilla 350g Haj Abdullah Informaci\u00f3n del producto: Algod\u00f3n de az\u00facar vainilla Usos: Lo puede consumir como un tentempi\u00e9, para la elaboraci\u00f3n de alg\u00fan postre o adorno de alguna tarta. Receta casera de algod\u00f3n de az\u00facar Hay dos formas de hacer algod\u00f3n de az\u00facar en casa: de forma manual y con m\u00e1quina. En [&hellip;]","og_url":"https:\/\/deliciaspersas.com\/en\/tienda\/delicias-dulces\/algodon-de-azucar-vainilla-350g-haj-abdullah\/","og_site_name":"Delicias Persas","article_publisher":"https:\/\/www.facebook.com\/Deliciaspersas","article_modified_time":"2026-03-24T18:37:35+00:00","og_image":[{"width":760,"height":760,"url":"https:\/\/deliciaspersas.com\/wp-content\/uploads\/Algodo\u0301n-de-azu\u0301car-vainilla-350g-Haj-Abdullah1.jpg","type":"image\/jpeg"}],"twitter_card":"summary_large_image","twitter_misc":{"Est. reading time":"4 minutes"},"schema":{"@context":"https:\/\/schema.org","@graph":[{"@type":"WebPage","@id":"https:\/\/deliciaspersas.com\/en\/tienda\/delicias-dulces\/algodon-de-azucar-vainilla-350g-haj-abdullah\/","url":"https:\/\/deliciaspersas.com\/en\/tienda\/delicias-dulces\/algodon-de-azucar-vainilla-350g-haj-abdullah\/","name":"Algod\u00f3n de az\u00facar vainilla 350g Haj Abdullah - Delicias Persas","isPartOf":{"@id":"https:\/\/deliciaspersas.com\/en\/#website"},"primaryImageOfPage":{"@id":"https:\/\/deliciaspersas.com\/en\/tienda\/delicias-dulces\/algodon-de-azucar-vainilla-350g-haj-abdullah\/#primaryimage"},"image":{"@id":"https:\/\/deliciaspersas.com\/en\/tienda\/delicias-dulces\/algodon-de-azucar-vainilla-350g-haj-abdullah\/#primaryimage"},"thumbnailUrl":"https:\/\/deliciaspersas.com\/wp-content\/uploads\/Algodo\u0301n-de-azu\u0301car-vainilla-350g-Haj-Abdullah1.jpg","datePublished":"2021-04-23T10:36:44+00:00","dateModified":"2026-03-24T18:37:35+00:00","breadcrumb":{"@id":"https:\/\/deliciaspersas.com\/en\/tienda\/delicias-dulces\/algodon-de-azucar-vainilla-350g-haj-abdullah\/#breadcrumb"},"inLanguage":"en-US","potentialAction":[{"@type":"ReadAction","target":["https:\/\/deliciaspersas.com\/en\/tienda\/delicias-dulces\/algodon-de-azucar-vainilla-350g-haj-abdullah\/"]}]},{"@type":"ImageObject","inLanguage":"en-US","@id":"https:\/\/deliciaspersas.com\/en\/tienda\/delicias-dulces\/algodon-de-azucar-vainilla-350g-haj-abdullah\/#primaryimage","url":"https:\/\/deliciaspersas.com\/wp-content\/uploads\/Algodo\u0301n-de-azu\u0301car-vainilla-350g-Haj-Abdullah1.jpg","contentUrl":"https:\/\/deliciaspersas.com\/wp-content\/uploads\/Algodo\u0301n-de-azu\u0301car-vainilla-350g-Haj-Abdullah1.jpg","width":760,"height":760,"caption":"Algodo\u0301n de azu\u0301car vainilla 350g Haj Abdullah"},{"@type":"BreadcrumbList","@id":"https:\/\/deliciaspersas.com\/en\/tienda\/delicias-dulces\/algodon-de-azucar-vainilla-350g-haj-abdullah\/#breadcrumb","itemListElement":[{"@type":"ListItem","position":1,"name":"Portada","item":"https:\/\/deliciaspersas.com\/en\/"},{"@type":"ListItem","position":2,"name":"Tienda","item":"https:\/\/deliciaspersas.com\/"},{"@type":"ListItem","position":3,"name":"Algod\u00f3n de az\u00facar vainilla 350g Haj Abdullah"}]},{"@type":"WebSite","@id":"https:\/\/deliciaspersas.com\/en\/#website","url":"https:\/\/deliciaspersas.com\/en\/","name":"Delicias Persas","description":"Gastronom&iacute;a persa al alcance de tus manos","publisher":{"@id":"https:\/\/deliciaspersas.com\/en\/#organization"},"potentialAction":[{"@type":"SearchAction","target":{"@type":"EntryPoint","urlTemplate":"https:\/\/deliciaspersas.com\/en\/?s={search_term_string}"},"query-input":{"@type":"PropertyValueSpecification","valueRequired":true,"valueName":"search_term_string"}}],"inLanguage":"en-US"},{"@type":"Organization","@id":"https:\/\/deliciaspersas.com\/en\/#organization","name":"Delicias Persas","url":"https:\/\/deliciaspersas.com\/en\/","logo":{"@type":"ImageObject","inLanguage":"en-US","@id":"https:\/\/deliciaspersas.com\/en\/#\/schema\/logo\/image\/","url":"https:\/\/deliciaspersas.com\/wp-content\/uploads\/2020\/07\/logo-2020.png","contentUrl":"https:\/\/deliciaspersas.com\/wp-content\/uploads\/2020\/07\/logo-2020.png","width":520,"height":490,"caption":"Delicias Persas"},"image":{"@id":"https:\/\/deliciaspersas.com\/en\/#\/schema\/logo\/image\/"},"sameAs":["https:\/\/www.facebook.com\/Deliciaspersas","https:\/\/www.instagram.com\/delicias_persas\/","https:\/\/www.linkedin.com\/delicias-persas"]}]}},"uagb_featured_image_src":{"full":["https:\/\/deliciaspersas.com\/wp-content\/uploads\/Algodo\u0301n-de-azu\u0301car-vainilla-350g-Haj-Abdullah1.jpg",760,760,false],"thumbnail":["https:\/\/deliciaspersas.com\/wp-content\/uploads\/Algodo\u0301n-de-azu\u0301car-vainilla-350g-Haj-Abdullah1-150x150.jpg",150,150,true],"medium":["https:\/\/deliciaspersas.com\/wp-content\/uploads\/Algodo\u0301n-de-azu\u0301car-vainilla-350g-Haj-Abdullah1-300x300.jpg",300,300,true],"medium_large":["https:\/\/deliciaspersas.com\/wp-content\/uploads\/Algodo\u0301n-de-azu\u0301car-vainilla-350g-Haj-Abdullah1.jpg",760,760,false],"large":["https:\/\/deliciaspersas.com\/wp-content\/uploads\/Algodo\u0301n-de-azu\u0301car-vainilla-350g-Haj-Abdullah1.jpg",760,760,false],"1536x1536":["https:\/\/deliciaspersas.com\/wp-content\/uploads\/Algodo\u0301n-de-azu\u0301car-vainilla-350g-Haj-Abdullah1.jpg",760,760,false],"2048x2048":["https:\/\/deliciaspersas.com\/wp-content\/uploads\/Algodo\u0301n-de-azu\u0301car-vainilla-350g-Haj-Abdullah1.jpg",760,760,false],"woocommerce_thumbnail":["https:\/\/deliciaspersas.com\/wp-content\/uploads\/Algodo\u0301n-de-azu\u0301car-vainilla-350g-Haj-Abdullah1-300x300.jpg",300,300,true],"woocommerce_single":["https:\/\/deliciaspersas.com\/wp-content\/uploads\/Algodo\u0301n-de-azu\u0301car-vainilla-350g-Haj-Abdullah1-600x600.jpg",600,600,true],"woocommerce_gallery_thumbnail":["https:\/\/deliciaspersas.com\/wp-content\/uploads\/Algodo\u0301n-de-azu\u0301car-vainilla-350g-Haj-Abdullah1-100x100.jpg",100,100,true]},"uagb_author_info":{"display_name":"admin","author_link":"https:\/\/deliciaspersas.com\/en\/author\/"},"uagb_comment_info":0,"uagb_excerpt":"Algod\u00f3n de az\u00facar vainilla 350g Haj Abdullah Informaci\u00f3n del producto: Algod\u00f3n de az\u00facar vainilla Usos: Lo puede consumir como un tentempi\u00e9, para la elaboraci\u00f3n de alg\u00fan postre o adorno de alguna tarta. Receta casera de algod\u00f3n de az\u00facar Hay dos formas de hacer algod\u00f3n de az\u00facar en casa: de forma manual y con m\u00e1quina. En&hellip;","brands":[{"id":272,"name":"Haj Abdullah","slug":"haj-abdullah"}],"_links":{"self":[{"href":"https:\/\/deliciaspersas.com\/en\/wp-json\/wp\/v2\/product\/7762"}],"collection":[{"href":"https:\/\/deliciaspersas.com\/en\/wp-json\/wp\/v2\/product"}],"about":[{"href":"https:\/\/deliciaspersas.com\/en\/wp-json\/wp\/v2\/types\/product"}],"wp:featuredmedia":[{"embeddable":true,"href":"https:\/\/deliciaspersas.com\/en\/wp-json\/wp\/v2\/media\/7764"}],"wp:attachment":[{"href":"https:\/\/deliciaspersas.com\/en\/wp-json\/wp\/v2\/media?parent=7762"}],"wp:term":[{"taxonomy":"pwb-brand","embeddable":true,"href":"https:\/\/deliciaspersas.com\/en\/wp-json\/wp\/v2\/pwb-brand?post=7762"},{"taxonomy":"product_cat","embeddable":true,"href":"https:\/\/deliciaspersas.com\/en\/wp-json\/wp\/v2\/product_cat?post=7762"},{"taxonomy":"product_tag","embeddable":true,"href":"https:\/\/deliciaspersas.com\/en\/wp-json\/wp\/v2\/product_tag?post=7762"}],"curies":[{"name":"wp","href":"https:\/\/api.w.org\/{rel}","templated":true}]}}