{"id":7830,"date":"2021-04-29T13:38:34","date_gmt":"2021-04-29T11:38:34","guid":{"rendered":"https:\/\/deliciaspersas.com\/?post_type=product&#038;p=7830"},"modified":"2026-02-18T16:39:50","modified_gmt":"2026-02-18T15:39:50","slug":"ash-reshteh-460g-sarashpaz","status":"publish","type":"product","link":"https:\/\/deliciaspersas.com\/en\/tienda\/ready\/ash-reshteh-460g-sarashpaz\/","title":{"rendered":"Ash reshteh 460g Sarashpaz"},"content":{"rendered":"<h1>Ash reshteh 450g Sarashpaz<\/h1>\n<h6>Informaci\u00f3n del producto:<\/h6>\n<p class=\"title\" data-asset-id=\"967547802\">El Ash Reshte es una sopa tradicional iran\u00ed compuesta de reshte y kashk (yogurt iran\u00ed).<\/p>\n<h6>Ingredientes y al\u00e9rgenos:<\/h6>\n<p>Sus ingredientes de Ash Reshteh son:<\/p>\n<ul class=\"recipe-ingredients\">\n<li><span class=\"quantity\">\u00bc<\/span>\u00a0<span class=\"ingredient-name\">taza de garbanzos secos<\/span><\/li>\n<li><span class=\"quantity\">\u00bc<\/span>\u00a0<span class=\"ingredient-name\">taza de frijoles blancos secos, como la marina o el cannellini<\/span><\/li>\n<li>\u00a0<span class=\"ingredient-name\">Sal marina fina y pimienta negra reci\u00e9n molida<\/span><\/li>\n<li><span class=\"quantity\">2<\/span>\u00a0<span class=\"ingredient-name\">libras de espinacas<\/span><\/li>\n<li><span class=\"quantity\">1<\/span>\u00a0<span class=\"ingredient-name\">libra de cilantro (alrededor de 3 racimos grandes)<\/span><\/li>\n<li><span class=\"quantity\">1<\/span>\u00a0<span class=\"ingredient-name\">libra de perejil italiano (alrededor de 3 racimos grandes)<\/span><\/li>\n<li><span class=\"quantity\">2<\/span>\u00a0<span class=\"ingredient-name\">eneldos grandes racimos<\/span><\/li>\n<li><span class=\"quantity\">1<\/span>\u00a0<span class=\"ingredient-name\">cebollino grande<\/span><\/li>\n<li>\u00a0<span class=\"ingredient-name\">Cerca de 20 hojas grandes de menta fresca<\/span><\/li>\n<li><span class=\"quantity\">6 6<\/span>\u00a0<span class=\"ingredient-name\">cucharadas m\u00e1s 1\/3 taza de aceite de oliva extra virgen<\/span><\/li>\n<li><span class=\"quantity\">2<\/span>\u00a0<span class=\"ingredient-name\">cebollas amarillas grandes, 1 finamente picadas y 1 en rodajas finas<\/span><\/li>\n<li><span class=\"quantity\">2<\/span>\u00a0<span class=\"ingredient-name\">dientes de ajo picados<\/span><\/li>\n<li><span class=\"quantity\">1<\/span>\u00a0<span class=\"ingredient-name\">taza de lentejas secas verdes o marrones<\/span><\/li>\n<li><span class=\"quantity\">\u00bd<\/span>\u00a0<span class=\"ingredient-name\">cucharadita de c\u00farcuma molida<\/span><\/li>\n<li><span class=\"quantity\">2<\/span>\u00a0<span class=\"ingredient-name\">cuartos de gal\u00f3n de caldo de pollo o res (preferiblemente casero) o agua<\/span><\/li>\n<li><span class=\"quantity\">1 \u00bd<\/span>\u00a0<span class=\"ingredient-name\">tazas de kashk l\u00edquido (yogur persa secado al sol o suero), m\u00e1s 1\/2 taza, para servir<\/span><\/li>\n<li><span class=\"quantity\">8<\/span>\u00a0<span class=\"ingredient-name\">onzas de reshteh (fideos de sopa persa)<\/span><\/li>\n<li><span class=\"quantity\">1<\/span>\u00a0<span class=\"ingredient-name\">cucharada de menta seca<\/span><\/li>\n<\/ul>\n<h6>Usos:<\/h6>\n<p>El Ash Reshte se emplea como una deliciosa comida o cena t\u00edpica persa.<\/p>\n<h6>Beneficios:<\/h6>\n<p>Unos de las verduras de Ash Reshteh es Eneldo. Esta verdura facilita la digesti\u00f3n.<\/p>\n<p>El\u00a0eneldo\u00a0es bueno para combatir flatulencias (es carminativo), antiespasm\u00f3dico, y antidisp\u00e9ptico, en resumen, vuelve las digestiones livianas y evita molestias estomacales.<\/p>\n<p>Tambi\u00e9n refuerza el sistema inmunol\u00f3gico y alivia los dolores menstruales.<\/p>\n<p>Eneldo tambi\u00e9n calma las hemorroides.<\/p>\n<p>Otra verdura constituyente de Ash Reshteh es prejil; esta planta, tambi\u00e9n como eneldo, ayuda en la digesti\u00f3n. El perejil se utiliza como remedio para las digestiones lentas.<\/p>\n<p>Es antiinflamatorio y es rico en minerales y en potasio. Prejil es un gran antioxidante y alivia las picaduras.<\/p>\n<p>As\u00ed mismo protege los huesos.<\/p>\n<p>En Ash Reshteh, adem\u00e1s de muchas otras verduras, podemos encontrar espinacas.<\/p>\n<p>Este ingrediente es rica en fibra, vitamina A, B1, B2, C, K, calcio, f\u00f3sforo, hierro, \u00e1cido f\u00f3lico, magnesio, zinc y betacarotenos, estos \u00faltimos poseen potente actividad antioxidante.<\/p>\n<h6>Condiciones de conservaci\u00f3n:<\/h6>\n<p>Conservar en un lugar fresco, seco y protegido de la luz.<\/p>\n<h6>Informaci\u00f3n adicional:<\/h6>\n<p>Fabricado por: Sarashpaz<\/p>\n","protected":false},"excerpt":{"rendered":"<p>Ash reshteh 450g Sarashpaz Informaci\u00f3n del producto: El Ash Reshte es una sopa tradicional iran\u00ed compuesta de reshte y kashk (yogurt iran\u00ed). Ingredientes y al\u00e9rgenos: Sus ingredientes de Ash Reshteh son: \u00bc\u00a0taza de garbanzos secos \u00bc\u00a0taza de frijoles blancos secos, como la marina o el cannellini \u00a0Sal marina fina y pimienta negra reci\u00e9n molida 2\u00a0libras [&hellip;]<\/p>\n","protected":false},"featured_media":7834,"template":"","meta":{"_surecart_dashboard_logo_width":"180px","_surecart_dashboard_show_logo":true,"_surecart_dashboard_navigation_orders":true,"_surecart_dashboard_navigation_invoices":true,"_surecart_dashboard_navigation_subscriptions":true,"_surecart_dashboard_navigation_downloads":true,"_surecart_dashboard_navigation_billing":true,"_surecart_dashboard_navigation_account":true,"_uag_custom_page_level_css":"","site-sidebar-layout":"default","site-content-layout":"default","ast-site-content-layout":"default","site-content-style":"default","site-sidebar-style":"default","ast-global-header-display":"","ast-banner-title-visibility":"","ast-main-header-display":"","ast-hfb-above-header-display":"","ast-hfb-below-header-display":"","ast-hfb-mobile-header-display":"","site-post-title":"","ast-breadcrumbs-content":"","ast-featured-img":"","footer-sml-layout":"","theme-transparent-header-meta":"default","adv-header-id-meta":"","stick-header-meta":"","header-above-stick-meta":"","header-main-stick-meta":"","header-below-stick-meta":"","astra-migrate-meta-layouts":"set","ast-page-background-enabled":"default","ast-page-background-meta":{"desktop":{"background-color":"","background-image":"","background-repeat":"repeat","background-position":"center center","background-size":"auto","background-attachment":"scroll","background-type":"","background-media":"","overlay-type":"","overlay-color":"","overlay-opacity":"","overlay-gradient":""},"tablet":{"background-color":"","background-image":"","background-repeat":"repeat","background-position":"center center","background-size":"auto","background-attachment":"scroll","background-type":"","background-media":"","overlay-type":"","overlay-color":"","overlay-opacity":"","overlay-gradient":""},"mobile":{"background-color":"","background-image":"","background-repeat":"repeat","background-position":"center center","background-size":"auto","background-attachment":"scroll","background-type":"","background-media":"","overlay-type":"","overlay-color":"","overlay-opacity":"","overlay-gradient":""}},"ast-content-background-meta":{"desktop":{"background-color":"var(--ast-global-color-5)","background-image":"","background-repeat":"repeat","background-position":"center center","background-size":"auto","background-attachment":"scroll","background-type":"","background-media":"","overlay-type":"","overlay-color":"","overlay-opacity":"","overlay-gradient":""},"tablet":{"background-color":"var(--ast-global-color-5)","background-image":"","background-repeat":"repeat","background-position":"center center","background-size":"auto","background-attachment":"scroll","background-type":"","background-media":"","overlay-type":"","overlay-color":"","overlay-opacity":"","overlay-gradient":""},"mobile":{"background-color":"var(--ast-global-color-5)","background-image":"","background-repeat":"repeat","background-position":"center center","background-size":"auto","background-attachment":"scroll","background-type":"","background-media":"","overlay-type":"","overlay-color":"","overlay-opacity":"","overlay-gradient":""}}},"pwb-brand":[199],"product_cat":[35,34],"product_tag":[866,703,590,873,461],"class_list":{"0":"post-7830","1":"product","2":"type-product","3":"status-publish","4":"has-post-thumbnail","6":"pwb-brand-sarashpaz","7":"product_cat-conservas","8":"product_cat-ready","9":"product_tag-aroma","10":"product_tag-ash","11":"product_tag-comida","12":"product_tag-legumbres","13":"product_tag-461","14":"desktop-align-center","15":"tablet-align-center","16":"mobile-align-center","18":"first","19":"instock","20":"taxable","21":"shipping-taxable","22":"purchasable","23":"product-type-simple"},"yoast_head":"<!-- This site is optimized with the Yoast SEO plugin v23.6 - https:\/\/yoast.com\/wordpress\/plugins\/seo\/ -->\n<title>Ash reshteh 460g Sarashpaz - Delicias Persas<\/title>\n<meta name=\"description\" content=\"El sabor de Ash Reshteh se define por dos ingredientes persas: reshteh y kashk. Este delicioso plato persa es \u00fanico!\" \/>\n<meta name=\"robots\" content=\"index, follow, max-snippet:-1, max-image-preview:large, max-video-preview:-1\" \/>\n<link rel=\"canonical\" href=\"https:\/\/deliciaspersas.com\/en\/tienda\/ready\/ash-reshteh-460g-sarashpaz\/\" \/>\n<meta property=\"og:locale\" content=\"en_US\" \/>\n<meta property=\"og:type\" content=\"article\" \/>\n<meta property=\"og:title\" content=\"Ash reshteh 460g Sarashpaz - Delicias Persas\" \/>\n<meta property=\"og:description\" content=\"El sabor de Ash Reshteh se define por dos ingredientes persas: reshteh y kashk. Este delicioso plato persa es \u00fanico!\" \/>\n<meta property=\"og:url\" content=\"https:\/\/deliciaspersas.com\/en\/tienda\/ready\/ash-reshteh-460g-sarashpaz\/\" \/>\n<meta property=\"og:site_name\" content=\"Delicias Persas\" \/>\n<meta property=\"article:publisher\" content=\"https:\/\/www.facebook.com\/Deliciaspersas\" \/>\n<meta property=\"article:modified_time\" content=\"2026-02-18T15:39:50+00:00\" \/>\n<meta property=\"og:image\" content=\"https:\/\/deliciaspersas.com\/wp-content\/uploads\/Ash-reshteh-450g-Sarashpaz.jpg\" \/>\n\t<meta property=\"og:image:width\" content=\"760\" \/>\n\t<meta property=\"og:image:height\" content=\"760\" \/>\n\t<meta property=\"og:image:type\" content=\"image\/jpeg\" \/>\n<meta name=\"twitter:card\" content=\"summary_large_image\" \/>\n<meta name=\"twitter:label1\" content=\"Est. reading time\" \/>\n\t<meta name=\"twitter:data1\" content=\"2 minutes\" \/>\n<script type=\"application\/ld+json\" class=\"yoast-schema-graph\">{\"@context\":\"https:\/\/schema.org\",\"@graph\":[{\"@type\":\"WebPage\",\"@id\":\"https:\/\/deliciaspersas.com\/en\/tienda\/ready\/ash-reshteh-460g-sarashpaz\/\",\"url\":\"https:\/\/deliciaspersas.com\/en\/tienda\/ready\/ash-reshteh-460g-sarashpaz\/\",\"name\":\"Ash reshteh 460g Sarashpaz - Delicias Persas\",\"isPartOf\":{\"@id\":\"https:\/\/deliciaspersas.com\/en\/#website\"},\"primaryImageOfPage\":{\"@id\":\"https:\/\/deliciaspersas.com\/en\/tienda\/ready\/ash-reshteh-460g-sarashpaz\/#primaryimage\"},\"image\":{\"@id\":\"https:\/\/deliciaspersas.com\/en\/tienda\/ready\/ash-reshteh-460g-sarashpaz\/#primaryimage\"},\"thumbnailUrl\":\"https:\/\/deliciaspersas.com\/wp-content\/uploads\/Ash-reshteh-450g-Sarashpaz.jpg\",\"datePublished\":\"2021-04-29T11:38:34+00:00\",\"dateModified\":\"2026-02-18T15:39:50+00:00\",\"description\":\"El sabor de Ash Reshteh se define por dos ingredientes persas: reshteh y kashk. Este delicioso plato persa es \u00fanico!\",\"breadcrumb\":{\"@id\":\"https:\/\/deliciaspersas.com\/en\/tienda\/ready\/ash-reshteh-460g-sarashpaz\/#breadcrumb\"},\"inLanguage\":\"en-US\",\"potentialAction\":[{\"@type\":\"ReadAction\",\"target\":[\"https:\/\/deliciaspersas.com\/en\/tienda\/ready\/ash-reshteh-460g-sarashpaz\/\"]}]},{\"@type\":\"ImageObject\",\"inLanguage\":\"en-US\",\"@id\":\"https:\/\/deliciaspersas.com\/en\/tienda\/ready\/ash-reshteh-460g-sarashpaz\/#primaryimage\",\"url\":\"https:\/\/deliciaspersas.com\/wp-content\/uploads\/Ash-reshteh-450g-Sarashpaz.jpg\",\"contentUrl\":\"https:\/\/deliciaspersas.com\/wp-content\/uploads\/Ash-reshteh-450g-Sarashpaz.jpg\",\"width\":760,\"height\":760,\"caption\":\"Ash reshteh 450g Sarashpaz\"},{\"@type\":\"BreadcrumbList\",\"@id\":\"https:\/\/deliciaspersas.com\/en\/tienda\/ready\/ash-reshteh-460g-sarashpaz\/#breadcrumb\",\"itemListElement\":[{\"@type\":\"ListItem\",\"position\":1,\"name\":\"Portada\",\"item\":\"https:\/\/deliciaspersas.com\/en\/\"},{\"@type\":\"ListItem\",\"position\":2,\"name\":\"Tienda\",\"item\":\"https:\/\/deliciaspersas.com\/\"},{\"@type\":\"ListItem\",\"position\":3,\"name\":\"Ash reshteh 460g Sarashpaz\"}]},{\"@type\":\"WebSite\",\"@id\":\"https:\/\/deliciaspersas.com\/en\/#website\",\"url\":\"https:\/\/deliciaspersas.com\/en\/\",\"name\":\"Delicias Persas\",\"description\":\"Gastronom&iacute;a persa al alcance de tus manos\",\"publisher\":{\"@id\":\"https:\/\/deliciaspersas.com\/en\/#organization\"},\"potentialAction\":[{\"@type\":\"SearchAction\",\"target\":{\"@type\":\"EntryPoint\",\"urlTemplate\":\"https:\/\/deliciaspersas.com\/en\/?s={search_term_string}\"},\"query-input\":{\"@type\":\"PropertyValueSpecification\",\"valueRequired\":true,\"valueName\":\"search_term_string\"}}],\"inLanguage\":\"en-US\"},{\"@type\":\"Organization\",\"@id\":\"https:\/\/deliciaspersas.com\/en\/#organization\",\"name\":\"Delicias Persas\",\"url\":\"https:\/\/deliciaspersas.com\/en\/\",\"logo\":{\"@type\":\"ImageObject\",\"inLanguage\":\"en-US\",\"@id\":\"https:\/\/deliciaspersas.com\/en\/#\/schema\/logo\/image\/\",\"url\":\"https:\/\/deliciaspersas.com\/wp-content\/uploads\/2020\/07\/logo-2020.png\",\"contentUrl\":\"https:\/\/deliciaspersas.com\/wp-content\/uploads\/2020\/07\/logo-2020.png\",\"width\":520,\"height\":490,\"caption\":\"Delicias Persas\"},\"image\":{\"@id\":\"https:\/\/deliciaspersas.com\/en\/#\/schema\/logo\/image\/\"},\"sameAs\":[\"https:\/\/www.facebook.com\/Deliciaspersas\",\"https:\/\/www.instagram.com\/delicias_persas\/\",\"https:\/\/www.linkedin.com\/delicias-persas\"]}]}<\/script>\n<!-- \/ Yoast SEO plugin. -->","yoast_head_json":{"title":"Ash reshteh 460g Sarashpaz - Delicias Persas","description":"El sabor de Ash Reshteh se define por dos ingredientes persas: reshteh y kashk. Este delicioso plato persa es \u00fanico!","robots":{"index":"index","follow":"follow","max-snippet":"max-snippet:-1","max-image-preview":"max-image-preview:large","max-video-preview":"max-video-preview:-1"},"canonical":"https:\/\/deliciaspersas.com\/en\/tienda\/ready\/ash-reshteh-460g-sarashpaz\/","og_locale":"en_US","og_type":"article","og_title":"Ash reshteh 460g Sarashpaz - Delicias Persas","og_description":"El sabor de Ash Reshteh se define por dos ingredientes persas: reshteh y kashk. Este delicioso plato persa es \u00fanico!","og_url":"https:\/\/deliciaspersas.com\/en\/tienda\/ready\/ash-reshteh-460g-sarashpaz\/","og_site_name":"Delicias Persas","article_publisher":"https:\/\/www.facebook.com\/Deliciaspersas","article_modified_time":"2026-02-18T15:39:50+00:00","og_image":[{"width":760,"height":760,"url":"https:\/\/deliciaspersas.com\/wp-content\/uploads\/Ash-reshteh-450g-Sarashpaz.jpg","type":"image\/jpeg"}],"twitter_card":"summary_large_image","twitter_misc":{"Est. reading time":"2 minutes"},"schema":{"@context":"https:\/\/schema.org","@graph":[{"@type":"WebPage","@id":"https:\/\/deliciaspersas.com\/en\/tienda\/ready\/ash-reshteh-460g-sarashpaz\/","url":"https:\/\/deliciaspersas.com\/en\/tienda\/ready\/ash-reshteh-460g-sarashpaz\/","name":"Ash reshteh 460g Sarashpaz - Delicias Persas","isPartOf":{"@id":"https:\/\/deliciaspersas.com\/en\/#website"},"primaryImageOfPage":{"@id":"https:\/\/deliciaspersas.com\/en\/tienda\/ready\/ash-reshteh-460g-sarashpaz\/#primaryimage"},"image":{"@id":"https:\/\/deliciaspersas.com\/en\/tienda\/ready\/ash-reshteh-460g-sarashpaz\/#primaryimage"},"thumbnailUrl":"https:\/\/deliciaspersas.com\/wp-content\/uploads\/Ash-reshteh-450g-Sarashpaz.jpg","datePublished":"2021-04-29T11:38:34+00:00","dateModified":"2026-02-18T15:39:50+00:00","description":"El sabor de Ash Reshteh se define por dos ingredientes persas: reshteh y kashk. Este delicioso plato persa es \u00fanico!","breadcrumb":{"@id":"https:\/\/deliciaspersas.com\/en\/tienda\/ready\/ash-reshteh-460g-sarashpaz\/#breadcrumb"},"inLanguage":"en-US","potentialAction":[{"@type":"ReadAction","target":["https:\/\/deliciaspersas.com\/en\/tienda\/ready\/ash-reshteh-460g-sarashpaz\/"]}]},{"@type":"ImageObject","inLanguage":"en-US","@id":"https:\/\/deliciaspersas.com\/en\/tienda\/ready\/ash-reshteh-460g-sarashpaz\/#primaryimage","url":"https:\/\/deliciaspersas.com\/wp-content\/uploads\/Ash-reshteh-450g-Sarashpaz.jpg","contentUrl":"https:\/\/deliciaspersas.com\/wp-content\/uploads\/Ash-reshteh-450g-Sarashpaz.jpg","width":760,"height":760,"caption":"Ash reshteh 450g Sarashpaz"},{"@type":"BreadcrumbList","@id":"https:\/\/deliciaspersas.com\/en\/tienda\/ready\/ash-reshteh-460g-sarashpaz\/#breadcrumb","itemListElement":[{"@type":"ListItem","position":1,"name":"Portada","item":"https:\/\/deliciaspersas.com\/en\/"},{"@type":"ListItem","position":2,"name":"Tienda","item":"https:\/\/deliciaspersas.com\/"},{"@type":"ListItem","position":3,"name":"Ash reshteh 460g Sarashpaz"}]},{"@type":"WebSite","@id":"https:\/\/deliciaspersas.com\/en\/#website","url":"https:\/\/deliciaspersas.com\/en\/","name":"Delicias Persas","description":"Gastronom&iacute;a persa al alcance de tus manos","publisher":{"@id":"https:\/\/deliciaspersas.com\/en\/#organization"},"potentialAction":[{"@type":"SearchAction","target":{"@type":"EntryPoint","urlTemplate":"https:\/\/deliciaspersas.com\/en\/?s={search_term_string}"},"query-input":{"@type":"PropertyValueSpecification","valueRequired":true,"valueName":"search_term_string"}}],"inLanguage":"en-US"},{"@type":"Organization","@id":"https:\/\/deliciaspersas.com\/en\/#organization","name":"Delicias Persas","url":"https:\/\/deliciaspersas.com\/en\/","logo":{"@type":"ImageObject","inLanguage":"en-US","@id":"https:\/\/deliciaspersas.com\/en\/#\/schema\/logo\/image\/","url":"https:\/\/deliciaspersas.com\/wp-content\/uploads\/2020\/07\/logo-2020.png","contentUrl":"https:\/\/deliciaspersas.com\/wp-content\/uploads\/2020\/07\/logo-2020.png","width":520,"height":490,"caption":"Delicias Persas"},"image":{"@id":"https:\/\/deliciaspersas.com\/en\/#\/schema\/logo\/image\/"},"sameAs":["https:\/\/www.facebook.com\/Deliciaspersas","https:\/\/www.instagram.com\/delicias_persas\/","https:\/\/www.linkedin.com\/delicias-persas"]}]}},"uagb_featured_image_src":{"full":["https:\/\/deliciaspersas.com\/wp-content\/uploads\/Ash-reshteh-450g-Sarashpaz.jpg",760,760,false],"thumbnail":["https:\/\/deliciaspersas.com\/wp-content\/uploads\/Ash-reshteh-450g-Sarashpaz-150x150.jpg",150,150,true],"medium":["https:\/\/deliciaspersas.com\/wp-content\/uploads\/Ash-reshteh-450g-Sarashpaz-300x300.jpg",300,300,true],"medium_large":["https:\/\/deliciaspersas.com\/wp-content\/uploads\/Ash-reshteh-450g-Sarashpaz.jpg",760,760,false],"large":["https:\/\/deliciaspersas.com\/wp-content\/uploads\/Ash-reshteh-450g-Sarashpaz.jpg",760,760,false],"1536x1536":["https:\/\/deliciaspersas.com\/wp-content\/uploads\/Ash-reshteh-450g-Sarashpaz.jpg",760,760,false],"2048x2048":["https:\/\/deliciaspersas.com\/wp-content\/uploads\/Ash-reshteh-450g-Sarashpaz.jpg",760,760,false],"woocommerce_thumbnail":["https:\/\/deliciaspersas.com\/wp-content\/uploads\/Ash-reshteh-450g-Sarashpaz-300x300.jpg",300,300,true],"woocommerce_single":["https:\/\/deliciaspersas.com\/wp-content\/uploads\/Ash-reshteh-450g-Sarashpaz-600x600.jpg",600,600,true],"woocommerce_gallery_thumbnail":["https:\/\/deliciaspersas.com\/wp-content\/uploads\/Ash-reshteh-450g-Sarashpaz-100x100.jpg",100,100,true]},"uagb_author_info":{"display_name":"admin","author_link":"https:\/\/deliciaspersas.com\/en\/author\/"},"uagb_comment_info":0,"uagb_excerpt":"Ash reshteh 450g Sarashpaz Informaci\u00f3n del producto: El Ash Reshte es una sopa tradicional iran\u00ed compuesta de reshte y kashk (yogurt iran\u00ed). Ingredientes y al\u00e9rgenos: Sus ingredientes de Ash Reshteh son: \u00bc\u00a0taza de garbanzos secos \u00bc\u00a0taza de frijoles blancos secos, como la marina o el cannellini \u00a0Sal marina fina y pimienta negra reci\u00e9n molida 2\u00a0libras&hellip;","brands":[{"id":199,"name":"Sarashpaz","slug":"sarashpaz"}],"_links":{"self":[{"href":"https:\/\/deliciaspersas.com\/en\/wp-json\/wp\/v2\/product\/7830"}],"collection":[{"href":"https:\/\/deliciaspersas.com\/en\/wp-json\/wp\/v2\/product"}],"about":[{"href":"https:\/\/deliciaspersas.com\/en\/wp-json\/wp\/v2\/types\/product"}],"wp:featuredmedia":[{"embeddable":true,"href":"https:\/\/deliciaspersas.com\/en\/wp-json\/wp\/v2\/media\/7834"}],"wp:attachment":[{"href":"https:\/\/deliciaspersas.com\/en\/wp-json\/wp\/v2\/media?parent=7830"}],"wp:term":[{"taxonomy":"pwb-brand","embeddable":true,"href":"https:\/\/deliciaspersas.com\/en\/wp-json\/wp\/v2\/pwb-brand?post=7830"},{"taxonomy":"product_cat","embeddable":true,"href":"https:\/\/deliciaspersas.com\/en\/wp-json\/wp\/v2\/product_cat?post=7830"},{"taxonomy":"product_tag","embeddable":true,"href":"https:\/\/deliciaspersas.com\/en\/wp-json\/wp\/v2\/product_tag?post=7830"}],"curies":[{"name":"wp","href":"https:\/\/api.w.org\/{rel}","templated":true}]}}