{"id":7839,"date":"2021-04-29T13:47:31","date_gmt":"2021-04-29T11:47:31","guid":{"rendered":"https:\/\/deliciaspersas.com\/?post_type=product&#038;p=7839"},"modified":"2025-03-05T21:12:09","modified_gmt":"2025-03-05T20:12:09","slug":"sabzi-polo-100g-sarashpaz","status":"publish","type":"product","link":"https:\/\/deliciaspersas.com\/en\/tienda\/especias\/sabzi-polo-100g-sarashpaz\/","title":{"rendered":"Hierba de arroz Sabzi polo 100g Sarashpaz"},"content":{"rendered":"<h1>Hierba de arroz Sabzi polo 100g Sarashpaz<\/h1>\n<h6>Informaci\u00f3n del producto:<\/h6>\n<p>Estas hierbas se emplean para la preparaci\u00f3n del plato Sabzi Polo.<\/p>\n<h6>Usos:<\/h6>\n<p>Estas hierbas ( cilandro, eneldo, cebollino, fenogreco y perejil), sirven para la preparaci\u00f3n del sabzi polo; un t\u00edpico plato persa, que emplea tambi\u00e9n arroz y pescado.<\/p>\n<h6>Beneficios:<\/h6>\n<p>Prejil ayuda en la digesti\u00f3n. Se utiliza como remedio para las digestiones lentas.<\/p>\n<p>Es antiinflamatorio y es rico en minerales y potasio.<\/p>\n<p>Es diur\u00e9tico y un gran antioxidante. Tambi\u00e9n alivia las picaduras.<\/p>\n<p>Protege los huesos.<\/p>\n<p>El cilantro es antiinflamatoio y tiene propiedades antis\u00e9pticas. Contiene un 20% de aceites esenciales y act\u00faa sobre el sistema digestivo facilitando la digesti\u00f3n y aliviando el estre\u00f1imiento, tambi\u00e9n es eficaz contra c\u00f3licos y flatulencias.<\/p>\n<p>Eneldo facilita la digesti\u00f3n y\u00a0es bueno para combatir flatulencias (es carminativo), antiespasm\u00f3dico, y antidisp\u00e9ptico, en resumen, vuelve las digestiones livianas y evita molestias estomacales.<\/p>\n<p>Es diur\u00e9tico y refuerza el sistema inmunol\u00f3gico.<\/p>\n<p>Alivia los dolores menstruales y calma las hemorroides.<\/p>\n<p>El cebollino, gracias a su contenido en antioxidantes, puede disminuir los niveles de colesterol en sangre.<\/p>\n<p>Algunas de sus sustancias liberan \u00e1cido n\u00edtrico que disminuye la presi\u00f3n arterial. Frena la formaci\u00f3n de co\u00e1gulos por lo que protege al organismo de enfermedades cardiovasculares.<\/p>\n<p>Entre ellos, el consumo de cebollino est\u00e1 directamente relacionado con la prevenci\u00f3n del c\u00e1ncer a nivel general, y con el de es\u00f3fago y de est\u00f3mago en particular (al igual que el ajo o la cebolla).<\/p>\n<p>Gracias a su contenido en vitamina C, ayuda al organismo aprotegerse se las infecciones y mejora el sistema inmune.<\/p>\n<p>Su aporte en antioxidantes, le convierten en un aliado perfecto contra el\u00a0envejecimiento celular<strong>.\u00a0<\/strong><\/p>\n<p>Mejora la digesti\u00f3n y evita el estre\u00f1imiento\u00a0gracias a la fibra que contiene.<\/p>\n<p>As\u00ed que el Sabzi polo Donya proporciona una cantidad de beneficios para la salud.<\/p>\n<div class=\"step\">\n<div class=\"paragraph\">\n<p><span style=\"font-size: 1.1em; font-weight: bold;\">Ingredientes y al\u00e9rgenos:<\/span><\/p>\n<\/div>\n<\/div>\n<p>Las hierbas empleadas en el sabzi polo incluyen: cilandro, eneldo, cebollino, fenogreco y perejil.<\/p>\n<h6>Condiciones de conservaci\u00f3n:<\/h6>\n<p>Conservar en un lugar fresco, seco y protegido de la luz.<\/p>\n<h6>Informaci\u00f3n adicional:<\/h6>\n<p>Fabricado por: Sarashpaz<\/p>\n","protected":false},"excerpt":{"rendered":"<p>Hierba de arroz Sabzi polo 100g Sarashpaz Informaci\u00f3n del producto: Estas hierbas se emplean para la preparaci\u00f3n del plato Sabzi Polo. Usos: Estas hierbas ( cilandro, eneldo, cebollino, fenogreco y perejil), sirven para la preparaci\u00f3n del sabzi polo; un t\u00edpico plato persa, que emplea tambi\u00e9n arroz y pescado. Beneficios: Prejil ayuda en la digesti\u00f3n. Se [&hellip;]<\/p>\n","protected":false},"featured_media":7840,"template":"","meta":{"_surecart_dashboard_logo_width":"180px","_surecart_dashboard_show_logo":true,"_surecart_dashboard_navigation_orders":true,"_surecart_dashboard_navigation_invoices":true,"_surecart_dashboard_navigation_subscriptions":true,"_surecart_dashboard_navigation_downloads":true,"_surecart_dashboard_navigation_billing":true,"_surecart_dashboard_navigation_account":true,"_uag_custom_page_level_css":"","site-sidebar-layout":"default","site-content-layout":"default","ast-site-content-layout":"default","site-content-style":"default","site-sidebar-style":"default","ast-global-header-display":"","ast-banner-title-visibility":"","ast-main-header-display":"","ast-hfb-above-header-display":"","ast-hfb-below-header-display":"","ast-hfb-mobile-header-display":"","site-post-title":"","ast-breadcrumbs-content":"","ast-featured-img":"","footer-sml-layout":"","theme-transparent-header-meta":"default","adv-header-id-meta":"","stick-header-meta":"","header-above-stick-meta":"","header-main-stick-meta":"","header-below-stick-meta":"","astra-migrate-meta-layouts":"set","ast-page-background-enabled":"default","ast-page-background-meta":{"desktop":{"background-color":"","background-image":"","background-repeat":"repeat","background-position":"center center","background-size":"auto","background-attachment":"scroll","background-type":"","background-media":"","overlay-type":"","overlay-color":"","overlay-opacity":"","overlay-gradient":""},"tablet":{"background-color":"","background-image":"","background-repeat":"repeat","background-position":"center center","background-size":"auto","background-attachment":"scroll","background-type":"","background-media":"","overlay-type":"","overlay-color":"","overlay-opacity":"","overlay-gradient":""},"mobile":{"background-color":"","background-image":"","background-repeat":"repeat","background-position":"center center","background-size":"auto","background-attachment":"scroll","background-type":"","background-media":"","overlay-type":"","overlay-color":"","overlay-opacity":"","overlay-gradient":""}},"ast-content-background-meta":{"desktop":{"background-color":"var(--ast-global-color-5)","background-image":"","background-repeat":"repeat","background-position":"center center","background-size":"auto","background-attachment":"scroll","background-type":"","background-media":"","overlay-type":"","overlay-color":"","overlay-opacity":"","overlay-gradient":""},"tablet":{"background-color":"var(--ast-global-color-5)","background-image":"","background-repeat":"repeat","background-position":"center center","background-size":"auto","background-attachment":"scroll","background-type":"","background-media":"","overlay-type":"","overlay-color":"","overlay-opacity":"","overlay-gradient":""},"mobile":{"background-color":"var(--ast-global-color-5)","background-image":"","background-repeat":"repeat","background-position":"center center","background-size":"auto","background-attachment":"scroll","background-type":"","background-media":"","overlay-type":"","overlay-color":"","overlay-opacity":"","overlay-gradient":""}}},"pwb-brand":[199],"product_cat":[32,1099,41],"product_tag":[1062,607,235],"class_list":{"0":"post-7839","1":"product","2":"type-product","3":"status-publish","4":"has-post-thumbnail","6":"pwb-brand-sarashpaz","7":"product_cat-especias","8":"product_cat-granel","9":"product_cat-hierbas","10":"product_tag-especia","11":"product_tag-hierbas","12":"product_tag-235","13":"desktop-align-center","14":"tablet-align-center","15":"mobile-align-center","17":"first","18":"instock","19":"taxable","20":"shipping-taxable","21":"purchasable","22":"product-type-simple"},"yoast_head":"<!-- This site is optimized with the Yoast SEO plugin v23.6 - https:\/\/yoast.com\/wordpress\/plugins\/seo\/ -->\n<title>Hierba de arroz Sabzi polo 100g Sarashpaz - Delicias Persas<\/title>\n<meta name=\"description\" content=\"Sabzi polo. Estas hierbas (cilandro, eneldo, cebollino, fenogreco y perejil), son empleadas para la preparaci\u00f3n del plato Sabzi Polo.\" \/>\n<meta name=\"robots\" content=\"index, follow, max-snippet:-1, max-image-preview:large, max-video-preview:-1\" \/>\n<link rel=\"canonical\" href=\"https:\/\/deliciaspersas.com\/en\/tienda\/especias\/sabzi-polo-100g-sarashpaz\/\" \/>\n<meta property=\"og:locale\" content=\"en_US\" \/>\n<meta property=\"og:type\" content=\"article\" \/>\n<meta property=\"og:title\" content=\"Hierba de arroz Sabzi polo 100g Sarashpaz - Delicias Persas\" \/>\n<meta property=\"og:description\" content=\"Sabzi polo. Estas hierbas (cilandro, eneldo, cebollino, fenogreco y perejil), son empleadas para la preparaci\u00f3n del plato Sabzi Polo.\" \/>\n<meta property=\"og:url\" content=\"https:\/\/deliciaspersas.com\/en\/tienda\/especias\/sabzi-polo-100g-sarashpaz\/\" \/>\n<meta property=\"og:site_name\" content=\"Delicias Persas\" \/>\n<meta property=\"article:publisher\" content=\"https:\/\/www.facebook.com\/Deliciaspersas\" \/>\n<meta property=\"article:modified_time\" content=\"2025-03-05T20:12:09+00:00\" \/>\n<meta property=\"og:image\" content=\"https:\/\/deliciaspersas.com\/wp-content\/uploads\/Sabzi-polo-100g-Sarashpaz.jpg\" \/>\n\t<meta property=\"og:image:width\" content=\"760\" \/>\n\t<meta property=\"og:image:height\" content=\"760\" \/>\n\t<meta property=\"og:image:type\" content=\"image\/jpeg\" \/>\n<meta name=\"twitter:card\" content=\"summary_large_image\" \/>\n<meta name=\"twitter:label1\" content=\"Est. reading time\" \/>\n\t<meta name=\"twitter:data1\" content=\"2 minutes\" \/>\n<script type=\"application\/ld+json\" class=\"yoast-schema-graph\">{\"@context\":\"https:\/\/schema.org\",\"@graph\":[{\"@type\":\"WebPage\",\"@id\":\"https:\/\/deliciaspersas.com\/en\/tienda\/especias\/sabzi-polo-100g-sarashpaz\/\",\"url\":\"https:\/\/deliciaspersas.com\/en\/tienda\/especias\/sabzi-polo-100g-sarashpaz\/\",\"name\":\"Hierba de arroz Sabzi polo 100g Sarashpaz - Delicias Persas\",\"isPartOf\":{\"@id\":\"https:\/\/deliciaspersas.com\/en\/#website\"},\"primaryImageOfPage\":{\"@id\":\"https:\/\/deliciaspersas.com\/en\/tienda\/especias\/sabzi-polo-100g-sarashpaz\/#primaryimage\"},\"image\":{\"@id\":\"https:\/\/deliciaspersas.com\/en\/tienda\/especias\/sabzi-polo-100g-sarashpaz\/#primaryimage\"},\"thumbnailUrl\":\"https:\/\/deliciaspersas.com\/wp-content\/uploads\/Sabzi-polo-100g-Sarashpaz.jpg\",\"datePublished\":\"2021-04-29T11:47:31+00:00\",\"dateModified\":\"2025-03-05T20:12:09+00:00\",\"description\":\"Sabzi polo. Estas hierbas (cilandro, eneldo, cebollino, fenogreco y perejil), son empleadas para la preparaci\u00f3n del plato Sabzi Polo.\",\"breadcrumb\":{\"@id\":\"https:\/\/deliciaspersas.com\/en\/tienda\/especias\/sabzi-polo-100g-sarashpaz\/#breadcrumb\"},\"inLanguage\":\"en-US\",\"potentialAction\":[{\"@type\":\"ReadAction\",\"target\":[\"https:\/\/deliciaspersas.com\/en\/tienda\/especias\/sabzi-polo-100g-sarashpaz\/\"]}]},{\"@type\":\"ImageObject\",\"inLanguage\":\"en-US\",\"@id\":\"https:\/\/deliciaspersas.com\/en\/tienda\/especias\/sabzi-polo-100g-sarashpaz\/#primaryimage\",\"url\":\"https:\/\/deliciaspersas.com\/wp-content\/uploads\/Sabzi-polo-100g-Sarashpaz.jpg\",\"contentUrl\":\"https:\/\/deliciaspersas.com\/wp-content\/uploads\/Sabzi-polo-100g-Sarashpaz.jpg\",\"width\":760,\"height\":760,\"caption\":\"Sabzi polo 100g Sarashpaz\"},{\"@type\":\"BreadcrumbList\",\"@id\":\"https:\/\/deliciaspersas.com\/en\/tienda\/especias\/sabzi-polo-100g-sarashpaz\/#breadcrumb\",\"itemListElement\":[{\"@type\":\"ListItem\",\"position\":1,\"name\":\"Portada\",\"item\":\"https:\/\/deliciaspersas.com\/en\/\"},{\"@type\":\"ListItem\",\"position\":2,\"name\":\"Tienda\",\"item\":\"https:\/\/deliciaspersas.com\/\"},{\"@type\":\"ListItem\",\"position\":3,\"name\":\"Hierba de arroz Sabzi polo 100g Sarashpaz\"}]},{\"@type\":\"WebSite\",\"@id\":\"https:\/\/deliciaspersas.com\/en\/#website\",\"url\":\"https:\/\/deliciaspersas.com\/en\/\",\"name\":\"Delicias Persas\",\"description\":\"Gastronom&iacute;a persa al alcance de tus manos\",\"publisher\":{\"@id\":\"https:\/\/deliciaspersas.com\/en\/#organization\"},\"potentialAction\":[{\"@type\":\"SearchAction\",\"target\":{\"@type\":\"EntryPoint\",\"urlTemplate\":\"https:\/\/deliciaspersas.com\/en\/?s={search_term_string}\"},\"query-input\":{\"@type\":\"PropertyValueSpecification\",\"valueRequired\":true,\"valueName\":\"search_term_string\"}}],\"inLanguage\":\"en-US\"},{\"@type\":\"Organization\",\"@id\":\"https:\/\/deliciaspersas.com\/en\/#organization\",\"name\":\"Delicias Persas\",\"url\":\"https:\/\/deliciaspersas.com\/en\/\",\"logo\":{\"@type\":\"ImageObject\",\"inLanguage\":\"en-US\",\"@id\":\"https:\/\/deliciaspersas.com\/en\/#\/schema\/logo\/image\/\",\"url\":\"https:\/\/deliciaspersas.com\/wp-content\/uploads\/2020\/07\/logo-2020.png\",\"contentUrl\":\"https:\/\/deliciaspersas.com\/wp-content\/uploads\/2020\/07\/logo-2020.png\",\"width\":520,\"height\":490,\"caption\":\"Delicias Persas\"},\"image\":{\"@id\":\"https:\/\/deliciaspersas.com\/en\/#\/schema\/logo\/image\/\"},\"sameAs\":[\"https:\/\/www.facebook.com\/Deliciaspersas\",\"https:\/\/www.instagram.com\/delicias_persas\/\",\"https:\/\/www.linkedin.com\/delicias-persas\"]}]}<\/script>\n<!-- \/ Yoast SEO plugin. -->","yoast_head_json":{"title":"Hierba de arroz Sabzi polo 100g Sarashpaz - Delicias Persas","description":"Sabzi polo. Estas hierbas (cilandro, eneldo, cebollino, fenogreco y perejil), son empleadas para la preparaci\u00f3n del plato Sabzi Polo.","robots":{"index":"index","follow":"follow","max-snippet":"max-snippet:-1","max-image-preview":"max-image-preview:large","max-video-preview":"max-video-preview:-1"},"canonical":"https:\/\/deliciaspersas.com\/en\/tienda\/especias\/sabzi-polo-100g-sarashpaz\/","og_locale":"en_US","og_type":"article","og_title":"Hierba de arroz Sabzi polo 100g Sarashpaz - Delicias Persas","og_description":"Sabzi polo. Estas hierbas (cilandro, eneldo, cebollino, fenogreco y perejil), son empleadas para la preparaci\u00f3n del plato Sabzi Polo.","og_url":"https:\/\/deliciaspersas.com\/en\/tienda\/especias\/sabzi-polo-100g-sarashpaz\/","og_site_name":"Delicias Persas","article_publisher":"https:\/\/www.facebook.com\/Deliciaspersas","article_modified_time":"2025-03-05T20:12:09+00:00","og_image":[{"width":760,"height":760,"url":"https:\/\/deliciaspersas.com\/wp-content\/uploads\/Sabzi-polo-100g-Sarashpaz.jpg","type":"image\/jpeg"}],"twitter_card":"summary_large_image","twitter_misc":{"Est. reading time":"2 minutes"},"schema":{"@context":"https:\/\/schema.org","@graph":[{"@type":"WebPage","@id":"https:\/\/deliciaspersas.com\/en\/tienda\/especias\/sabzi-polo-100g-sarashpaz\/","url":"https:\/\/deliciaspersas.com\/en\/tienda\/especias\/sabzi-polo-100g-sarashpaz\/","name":"Hierba de arroz Sabzi polo 100g Sarashpaz - Delicias Persas","isPartOf":{"@id":"https:\/\/deliciaspersas.com\/en\/#website"},"primaryImageOfPage":{"@id":"https:\/\/deliciaspersas.com\/en\/tienda\/especias\/sabzi-polo-100g-sarashpaz\/#primaryimage"},"image":{"@id":"https:\/\/deliciaspersas.com\/en\/tienda\/especias\/sabzi-polo-100g-sarashpaz\/#primaryimage"},"thumbnailUrl":"https:\/\/deliciaspersas.com\/wp-content\/uploads\/Sabzi-polo-100g-Sarashpaz.jpg","datePublished":"2021-04-29T11:47:31+00:00","dateModified":"2025-03-05T20:12:09+00:00","description":"Sabzi polo. Estas hierbas (cilandro, eneldo, cebollino, fenogreco y perejil), son empleadas para la preparaci\u00f3n del plato Sabzi Polo.","breadcrumb":{"@id":"https:\/\/deliciaspersas.com\/en\/tienda\/especias\/sabzi-polo-100g-sarashpaz\/#breadcrumb"},"inLanguage":"en-US","potentialAction":[{"@type":"ReadAction","target":["https:\/\/deliciaspersas.com\/en\/tienda\/especias\/sabzi-polo-100g-sarashpaz\/"]}]},{"@type":"ImageObject","inLanguage":"en-US","@id":"https:\/\/deliciaspersas.com\/en\/tienda\/especias\/sabzi-polo-100g-sarashpaz\/#primaryimage","url":"https:\/\/deliciaspersas.com\/wp-content\/uploads\/Sabzi-polo-100g-Sarashpaz.jpg","contentUrl":"https:\/\/deliciaspersas.com\/wp-content\/uploads\/Sabzi-polo-100g-Sarashpaz.jpg","width":760,"height":760,"caption":"Sabzi polo 100g Sarashpaz"},{"@type":"BreadcrumbList","@id":"https:\/\/deliciaspersas.com\/en\/tienda\/especias\/sabzi-polo-100g-sarashpaz\/#breadcrumb","itemListElement":[{"@type":"ListItem","position":1,"name":"Portada","item":"https:\/\/deliciaspersas.com\/en\/"},{"@type":"ListItem","position":2,"name":"Tienda","item":"https:\/\/deliciaspersas.com\/"},{"@type":"ListItem","position":3,"name":"Hierba de arroz Sabzi polo 100g Sarashpaz"}]},{"@type":"WebSite","@id":"https:\/\/deliciaspersas.com\/en\/#website","url":"https:\/\/deliciaspersas.com\/en\/","name":"Delicias Persas","description":"Gastronom&iacute;a persa al alcance de tus manos","publisher":{"@id":"https:\/\/deliciaspersas.com\/en\/#organization"},"potentialAction":[{"@type":"SearchAction","target":{"@type":"EntryPoint","urlTemplate":"https:\/\/deliciaspersas.com\/en\/?s={search_term_string}"},"query-input":{"@type":"PropertyValueSpecification","valueRequired":true,"valueName":"search_term_string"}}],"inLanguage":"en-US"},{"@type":"Organization","@id":"https:\/\/deliciaspersas.com\/en\/#organization","name":"Delicias Persas","url":"https:\/\/deliciaspersas.com\/en\/","logo":{"@type":"ImageObject","inLanguage":"en-US","@id":"https:\/\/deliciaspersas.com\/en\/#\/schema\/logo\/image\/","url":"https:\/\/deliciaspersas.com\/wp-content\/uploads\/2020\/07\/logo-2020.png","contentUrl":"https:\/\/deliciaspersas.com\/wp-content\/uploads\/2020\/07\/logo-2020.png","width":520,"height":490,"caption":"Delicias Persas"},"image":{"@id":"https:\/\/deliciaspersas.com\/en\/#\/schema\/logo\/image\/"},"sameAs":["https:\/\/www.facebook.com\/Deliciaspersas","https:\/\/www.instagram.com\/delicias_persas\/","https:\/\/www.linkedin.com\/delicias-persas"]}]}},"uagb_featured_image_src":{"full":["https:\/\/deliciaspersas.com\/wp-content\/uploads\/Sabzi-polo-100g-Sarashpaz.jpg",760,760,false],"thumbnail":["https:\/\/deliciaspersas.com\/wp-content\/uploads\/Sabzi-polo-100g-Sarashpaz-150x150.jpg",150,150,true],"medium":["https:\/\/deliciaspersas.com\/wp-content\/uploads\/Sabzi-polo-100g-Sarashpaz-300x300.jpg",300,300,true],"medium_large":["https:\/\/deliciaspersas.com\/wp-content\/uploads\/Sabzi-polo-100g-Sarashpaz.jpg",760,760,false],"large":["https:\/\/deliciaspersas.com\/wp-content\/uploads\/Sabzi-polo-100g-Sarashpaz.jpg",760,760,false],"1536x1536":["https:\/\/deliciaspersas.com\/wp-content\/uploads\/Sabzi-polo-100g-Sarashpaz.jpg",760,760,false],"2048x2048":["https:\/\/deliciaspersas.com\/wp-content\/uploads\/Sabzi-polo-100g-Sarashpaz.jpg",760,760,false],"woocommerce_thumbnail":["https:\/\/deliciaspersas.com\/wp-content\/uploads\/Sabzi-polo-100g-Sarashpaz-300x300.jpg",300,300,true],"woocommerce_single":["https:\/\/deliciaspersas.com\/wp-content\/uploads\/Sabzi-polo-100g-Sarashpaz-600x600.jpg",600,600,true],"woocommerce_gallery_thumbnail":["https:\/\/deliciaspersas.com\/wp-content\/uploads\/Sabzi-polo-100g-Sarashpaz-100x100.jpg",100,100,true]},"uagb_author_info":{"display_name":"admin","author_link":"https:\/\/deliciaspersas.com\/en\/author\/"},"uagb_comment_info":0,"uagb_excerpt":"Hierba de arroz Sabzi polo 100g Sarashpaz Informaci\u00f3n del producto: Estas hierbas se emplean para la preparaci\u00f3n del plato Sabzi Polo. Usos: Estas hierbas ( cilandro, eneldo, cebollino, fenogreco y perejil), sirven para la preparaci\u00f3n del sabzi polo; un t\u00edpico plato persa, que emplea tambi\u00e9n arroz y pescado. Beneficios: Prejil ayuda en la digesti\u00f3n. Se&hellip;","brands":[{"id":199,"name":"Sarashpaz","slug":"sarashpaz"}],"_links":{"self":[{"href":"https:\/\/deliciaspersas.com\/en\/wp-json\/wp\/v2\/product\/7839"}],"collection":[{"href":"https:\/\/deliciaspersas.com\/en\/wp-json\/wp\/v2\/product"}],"about":[{"href":"https:\/\/deliciaspersas.com\/en\/wp-json\/wp\/v2\/types\/product"}],"wp:featuredmedia":[{"embeddable":true,"href":"https:\/\/deliciaspersas.com\/en\/wp-json\/wp\/v2\/media\/7840"}],"wp:attachment":[{"href":"https:\/\/deliciaspersas.com\/en\/wp-json\/wp\/v2\/media?parent=7839"}],"wp:term":[{"taxonomy":"pwb-brand","embeddable":true,"href":"https:\/\/deliciaspersas.com\/en\/wp-json\/wp\/v2\/pwb-brand?post=7839"},{"taxonomy":"product_cat","embeddable":true,"href":"https:\/\/deliciaspersas.com\/en\/wp-json\/wp\/v2\/product_cat?post=7839"},{"taxonomy":"product_tag","embeddable":true,"href":"https:\/\/deliciaspersas.com\/en\/wp-json\/wp\/v2\/product_tag?post=7839"}],"curies":[{"name":"wp","href":"https:\/\/api.w.org\/{rel}","templated":true}]}}