{"id":7846,"date":"2021-04-29T13:53:23","date_gmt":"2021-04-29T11:53:23","guid":{"rendered":"https:\/\/deliciaspersas.com\/?post_type=product&#038;p=7846"},"modified":"2023-07-14T10:34:34","modified_gmt":"2023-07-14T08:34:34","slug":"sabzi-kookoo-100g-sarashpaz","status":"publish","type":"product","link":"https:\/\/deliciaspersas.com\/en\/tienda\/especias\/sabzi-kookoo-100g-sarashpaz\/","title":{"rendered":"Hierba Sabzi Kookoo 100g Sarashpaz"},"content":{"rendered":"<h1>Hierba Sabzi Kookoo 100g Sarashpaz<\/h1>\n<h6>Informaci\u00f3n del producto:<\/h6>\n<p>Esta hierba es empleada para la preparaci\u00f3n del Kookoo.<\/p>\n<h6>Usos:<\/h6>\n<p>Esta hierba es empleada para la preparaci\u00f3n del Kookoo, \u00a0que es un plato similar a la fritata de verduras frescas unidas por suficiente huevo para mantenerlo unido.<\/p>\n<h6>Beneficios:<\/h6>\n<p>Este produdcto tiene diferentes verduras como: eneldo, puerro, fenogreco, etc.<\/p>\n<p>Las semillas de fenogreco, da aroma muy intenso, se destinan, como otras muchas especias, a tonificar y estimular el aparato digestivo, y a recuperar el apetito perdido. Diferentes estudios han tendido a admitir algunos de los usos terap\u00e9uticos que se atribuyen a la alholva, mientas que otros han sido descartados, o cuanto menos dejados en suspenso, por carecer de base cient\u00edfica suficiente.<\/p>\n<p>El puerro ayuda a combatir el estre\u00f1imiento por el efecto mucilaginoso de sus fibras y tiene un ligero efecto laxante por su contenido en magnesio. Variedad de vitaminas. Sobre todo C, E y B6. Adem\u00e1s, es una gran fuente de folatos (\u00e1cido f\u00f3lico) y carotenos.<\/p>\n<p>Este vegetal ayuda a reducir el colestrol y los triglic\u00e9ridos. Es la alicina la que ayuda a eliminar el colesterol del organismo. As\u00ed mismo\u00a0facilita el proceso digestivo y estimula el apetito.<\/p>\n<p class=\"paragraph\" data-gtm-element-container=\"modulo-texto-link\">El eneldo es bueno para combatir flatulencias (es carminativo), antiespasm\u00f3dico, y antidisp\u00e9ptico, en resumen, vuelve las digestiones livianas y evita molestias estomacales. Es un excelente diur\u00e9tico natural que ayuda a eliminar toxinas de nuestro cuerpo y tomarlo.<\/p>\n<p class=\"paragraph\" data-gtm-element-container=\"modulo-texto-link\">El eneldo fresco es rico en vitamina C, por lo que nos ayuda a reforzar el sistema inmunol\u00f3gico y prevenir resfriados. Tambi\u00e9n aten\u00faa espasmos uterinos y dolores de la menstruaci\u00f3n (c\u00f3lico).<\/p>\n<p>Las infusiones de eneldo ayuda a calmar el dolor que producen las hemorroides.<\/p>\n<p>De este modo el Sabzi Kookoo Donya contiene muchas peopiedades adem\u00e1s de ser rico.<\/p>\n<div class=\"step\">\n<div class=\"paragraph\">\n<p><span style=\"font-size: 1.1em; font-weight: bold;\">Ingredientes y al\u00e9rgenos:<\/span><\/p>\n<\/div>\n<\/div>\n<p>Hierbas.<\/p>\n<h6>Condiciones de conservaci\u00f3n:<\/h6>\n<p>Conservar en un lugar fresco, seco y protegido de la luz.<\/p>\n<h6>Informaci\u00f3n adicional:<\/h6>\n<p>Fabricado por: Sarashpaz<\/p>\n","protected":false},"excerpt":{"rendered":"<p>Hierba Sabzi Kookoo 100g Sarashpaz Informaci\u00f3n del producto: Esta hierba es empleada para la preparaci\u00f3n del Kookoo. Usos: Esta hierba es empleada para la preparaci\u00f3n del Kookoo, \u00a0que es un plato similar a la fritata de verduras frescas unidas por suficiente huevo para mantenerlo unido. Beneficios: Este produdcto tiene diferentes verduras como: eneldo, puerro, fenogreco, [&hellip;]<\/p>\n","protected":false},"featured_media":7848,"template":"","meta":{"_surecart_dashboard_logo_width":"180px","_surecart_dashboard_show_logo":true,"_surecart_dashboard_navigation_orders":true,"_surecart_dashboard_navigation_invoices":true,"_surecart_dashboard_navigation_subscriptions":true,"_surecart_dashboard_navigation_downloads":true,"_surecart_dashboard_navigation_billing":true,"_surecart_dashboard_navigation_account":true,"_uag_custom_page_level_css":"","site-sidebar-layout":"default","site-content-layout":"default","ast-site-content-layout":"","site-content-style":"default","site-sidebar-style":"default","ast-global-header-display":"","ast-banner-title-visibility":"","ast-main-header-display":"","ast-hfb-above-header-display":"","ast-hfb-below-header-display":"","ast-hfb-mobile-header-display":"","site-post-title":"","ast-breadcrumbs-content":"","ast-featured-img":"","footer-sml-layout":"","theme-transparent-header-meta":"default","adv-header-id-meta":"","stick-header-meta":"","header-above-stick-meta":"","header-main-stick-meta":"","header-below-stick-meta":"","astra-migrate-meta-layouts":"default","ast-page-background-enabled":"default","ast-page-background-meta":{"desktop":{"background-color":"","background-image":"","background-repeat":"repeat","background-position":"center center","background-size":"auto","background-attachment":"scroll","background-type":"","background-media":"","overlay-type":"","overlay-color":"","overlay-opacity":"","overlay-gradient":""},"tablet":{"background-color":"","background-image":"","background-repeat":"repeat","background-position":"center center","background-size":"auto","background-attachment":"scroll","background-type":"","background-media":"","overlay-type":"","overlay-color":"","overlay-opacity":"","overlay-gradient":""},"mobile":{"background-color":"","background-image":"","background-repeat":"repeat","background-position":"center center","background-size":"auto","background-attachment":"scroll","background-type":"","background-media":"","overlay-type":"","overlay-color":"","overlay-opacity":"","overlay-gradient":""}},"ast-content-background-meta":{"desktop":{"background-color":"var(--ast-global-color-5)","background-image":"","background-repeat":"repeat","background-position":"center center","background-size":"auto","background-attachment":"scroll","background-type":"","background-media":"","overlay-type":"","overlay-color":"","overlay-opacity":"","overlay-gradient":""},"tablet":{"background-color":"var(--ast-global-color-5)","background-image":"","background-repeat":"repeat","background-position":"center center","background-size":"auto","background-attachment":"scroll","background-type":"","background-media":"","overlay-type":"","overlay-color":"","overlay-opacity":"","overlay-gradient":""},"mobile":{"background-color":"var(--ast-global-color-5)","background-image":"","background-repeat":"repeat","background-position":"center center","background-size":"auto","background-attachment":"scroll","background-type":"","background-media":"","overlay-type":"","overlay-color":"","overlay-opacity":"","overlay-gradient":""}}},"pwb-brand":[199],"product_cat":[32,41],"product_tag":[1062,607,235],"class_list":{"0":"post-7846","1":"product","2":"type-product","3":"status-publish","4":"has-post-thumbnail","6":"pwb-brand-sarashpaz","7":"product_cat-especias","8":"product_cat-hierbas","9":"product_tag-especia","10":"product_tag-hierbas","11":"product_tag-235","12":"desktop-align-center","13":"tablet-align-center","14":"mobile-align-center","16":"first","17":"instock","18":"taxable","19":"shipping-taxable","20":"purchasable","21":"product-type-simple"},"yoast_head":"<!-- This site is optimized with the Yoast SEO plugin v23.6 - https:\/\/yoast.com\/wordpress\/plugins\/seo\/ -->\n<title>Hierba Sabzi Kookoo 100g Sarashpaz - Delicias Persas<\/title>\n<meta name=\"description\" content=\"Esta hierba es empleada para la preparaci\u00f3n del kookoo, un plato similar a la frittata de verduras frescas en suficiente huevo.\" \/>\n<meta name=\"robots\" content=\"index, follow, max-snippet:-1, max-image-preview:large, max-video-preview:-1\" \/>\n<link rel=\"canonical\" href=\"https:\/\/deliciaspersas.com\/en\/tienda\/especias\/sabzi-kookoo-100g-sarashpaz\/\" \/>\n<meta property=\"og:locale\" content=\"en_US\" \/>\n<meta property=\"og:type\" content=\"article\" \/>\n<meta property=\"og:title\" content=\"Hierba Sabzi Kookoo 100g Sarashpaz - Delicias Persas\" \/>\n<meta property=\"og:description\" content=\"Esta hierba es empleada para la preparaci\u00f3n del kookoo, un plato similar a la frittata de verduras frescas en suficiente huevo.\" \/>\n<meta property=\"og:url\" content=\"https:\/\/deliciaspersas.com\/en\/tienda\/especias\/sabzi-kookoo-100g-sarashpaz\/\" \/>\n<meta property=\"og:site_name\" content=\"Delicias Persas\" \/>\n<meta property=\"article:publisher\" content=\"https:\/\/www.facebook.com\/Deliciaspersas\" \/>\n<meta property=\"article:modified_time\" content=\"2023-07-14T08:34:34+00:00\" \/>\n<meta property=\"og:image\" content=\"https:\/\/deliciaspersas.com\/wp-content\/uploads\/Sabzi-Kookoo-100g-Sarashpaz.jpg\" \/>\n\t<meta property=\"og:image:width\" content=\"760\" \/>\n\t<meta property=\"og:image:height\" content=\"760\" \/>\n\t<meta property=\"og:image:type\" content=\"image\/jpeg\" \/>\n<meta name=\"twitter:card\" content=\"summary_large_image\" \/>\n<meta name=\"twitter:label1\" content=\"Est. reading time\" \/>\n\t<meta name=\"twitter:data1\" content=\"2 minutes\" \/>\n<script type=\"application\/ld+json\" class=\"yoast-schema-graph\">{\"@context\":\"https:\/\/schema.org\",\"@graph\":[{\"@type\":\"WebPage\",\"@id\":\"https:\/\/deliciaspersas.com\/en\/tienda\/especias\/sabzi-kookoo-100g-sarashpaz\/\",\"url\":\"https:\/\/deliciaspersas.com\/en\/tienda\/especias\/sabzi-kookoo-100g-sarashpaz\/\",\"name\":\"Hierba Sabzi Kookoo 100g Sarashpaz - Delicias Persas\",\"isPartOf\":{\"@id\":\"https:\/\/deliciaspersas.com\/en\/#website\"},\"primaryImageOfPage\":{\"@id\":\"https:\/\/deliciaspersas.com\/en\/tienda\/especias\/sabzi-kookoo-100g-sarashpaz\/#primaryimage\"},\"image\":{\"@id\":\"https:\/\/deliciaspersas.com\/en\/tienda\/especias\/sabzi-kookoo-100g-sarashpaz\/#primaryimage\"},\"thumbnailUrl\":\"https:\/\/deliciaspersas.com\/wp-content\/uploads\/Sabzi-Kookoo-100g-Sarashpaz.jpg\",\"datePublished\":\"2021-04-29T11:53:23+00:00\",\"dateModified\":\"2023-07-14T08:34:34+00:00\",\"description\":\"Esta hierba es empleada para la preparaci\u00f3n del kookoo, un plato similar a la frittata de verduras frescas en suficiente huevo.\",\"breadcrumb\":{\"@id\":\"https:\/\/deliciaspersas.com\/en\/tienda\/especias\/sabzi-kookoo-100g-sarashpaz\/#breadcrumb\"},\"inLanguage\":\"en-US\",\"potentialAction\":[{\"@type\":\"ReadAction\",\"target\":[\"https:\/\/deliciaspersas.com\/en\/tienda\/especias\/sabzi-kookoo-100g-sarashpaz\/\"]}]},{\"@type\":\"ImageObject\",\"inLanguage\":\"en-US\",\"@id\":\"https:\/\/deliciaspersas.com\/en\/tienda\/especias\/sabzi-kookoo-100g-sarashpaz\/#primaryimage\",\"url\":\"https:\/\/deliciaspersas.com\/wp-content\/uploads\/Sabzi-Kookoo-100g-Sarashpaz.jpg\",\"contentUrl\":\"https:\/\/deliciaspersas.com\/wp-content\/uploads\/Sabzi-Kookoo-100g-Sarashpaz.jpg\",\"width\":760,\"height\":760,\"caption\":\"Sabzi Kookoo 100g Sarashpaz\"},{\"@type\":\"BreadcrumbList\",\"@id\":\"https:\/\/deliciaspersas.com\/en\/tienda\/especias\/sabzi-kookoo-100g-sarashpaz\/#breadcrumb\",\"itemListElement\":[{\"@type\":\"ListItem\",\"position\":1,\"name\":\"Portada\",\"item\":\"https:\/\/deliciaspersas.com\/en\/\"},{\"@type\":\"ListItem\",\"position\":2,\"name\":\"Tienda\",\"item\":\"https:\/\/deliciaspersas.com\/\"},{\"@type\":\"ListItem\",\"position\":3,\"name\":\"Hierba Sabzi Kookoo 100g Sarashpaz\"}]},{\"@type\":\"WebSite\",\"@id\":\"https:\/\/deliciaspersas.com\/en\/#website\",\"url\":\"https:\/\/deliciaspersas.com\/en\/\",\"name\":\"Delicias Persas\",\"description\":\"Gastronom&iacute;a persa al alcance de tus manos\",\"publisher\":{\"@id\":\"https:\/\/deliciaspersas.com\/en\/#organization\"},\"potentialAction\":[{\"@type\":\"SearchAction\",\"target\":{\"@type\":\"EntryPoint\",\"urlTemplate\":\"https:\/\/deliciaspersas.com\/en\/?s={search_term_string}\"},\"query-input\":{\"@type\":\"PropertyValueSpecification\",\"valueRequired\":true,\"valueName\":\"search_term_string\"}}],\"inLanguage\":\"en-US\"},{\"@type\":\"Organization\",\"@id\":\"https:\/\/deliciaspersas.com\/en\/#organization\",\"name\":\"Delicias Persas\",\"url\":\"https:\/\/deliciaspersas.com\/en\/\",\"logo\":{\"@type\":\"ImageObject\",\"inLanguage\":\"en-US\",\"@id\":\"https:\/\/deliciaspersas.com\/en\/#\/schema\/logo\/image\/\",\"url\":\"https:\/\/deliciaspersas.com\/wp-content\/uploads\/2020\/07\/logo-2020.png\",\"contentUrl\":\"https:\/\/deliciaspersas.com\/wp-content\/uploads\/2020\/07\/logo-2020.png\",\"width\":520,\"height\":490,\"caption\":\"Delicias Persas\"},\"image\":{\"@id\":\"https:\/\/deliciaspersas.com\/en\/#\/schema\/logo\/image\/\"},\"sameAs\":[\"https:\/\/www.facebook.com\/Deliciaspersas\",\"https:\/\/www.instagram.com\/delicias_persas\/\",\"https:\/\/www.linkedin.com\/delicias-persas\"]}]}<\/script>\n<!-- \/ Yoast SEO plugin. -->","yoast_head_json":{"title":"Hierba Sabzi Kookoo 100g Sarashpaz - Delicias Persas","description":"Esta hierba es empleada para la preparaci\u00f3n del kookoo, un plato similar a la frittata de verduras frescas en suficiente huevo.","robots":{"index":"index","follow":"follow","max-snippet":"max-snippet:-1","max-image-preview":"max-image-preview:large","max-video-preview":"max-video-preview:-1"},"canonical":"https:\/\/deliciaspersas.com\/en\/tienda\/especias\/sabzi-kookoo-100g-sarashpaz\/","og_locale":"en_US","og_type":"article","og_title":"Hierba Sabzi Kookoo 100g Sarashpaz - Delicias Persas","og_description":"Esta hierba es empleada para la preparaci\u00f3n del kookoo, un plato similar a la frittata de verduras frescas en suficiente huevo.","og_url":"https:\/\/deliciaspersas.com\/en\/tienda\/especias\/sabzi-kookoo-100g-sarashpaz\/","og_site_name":"Delicias Persas","article_publisher":"https:\/\/www.facebook.com\/Deliciaspersas","article_modified_time":"2023-07-14T08:34:34+00:00","og_image":[{"width":760,"height":760,"url":"https:\/\/deliciaspersas.com\/wp-content\/uploads\/Sabzi-Kookoo-100g-Sarashpaz.jpg","type":"image\/jpeg"}],"twitter_card":"summary_large_image","twitter_misc":{"Est. reading time":"2 minutes"},"schema":{"@context":"https:\/\/schema.org","@graph":[{"@type":"WebPage","@id":"https:\/\/deliciaspersas.com\/en\/tienda\/especias\/sabzi-kookoo-100g-sarashpaz\/","url":"https:\/\/deliciaspersas.com\/en\/tienda\/especias\/sabzi-kookoo-100g-sarashpaz\/","name":"Hierba Sabzi Kookoo 100g Sarashpaz - Delicias Persas","isPartOf":{"@id":"https:\/\/deliciaspersas.com\/en\/#website"},"primaryImageOfPage":{"@id":"https:\/\/deliciaspersas.com\/en\/tienda\/especias\/sabzi-kookoo-100g-sarashpaz\/#primaryimage"},"image":{"@id":"https:\/\/deliciaspersas.com\/en\/tienda\/especias\/sabzi-kookoo-100g-sarashpaz\/#primaryimage"},"thumbnailUrl":"https:\/\/deliciaspersas.com\/wp-content\/uploads\/Sabzi-Kookoo-100g-Sarashpaz.jpg","datePublished":"2021-04-29T11:53:23+00:00","dateModified":"2023-07-14T08:34:34+00:00","description":"Esta hierba es empleada para la preparaci\u00f3n del kookoo, un plato similar a la frittata de verduras frescas en suficiente huevo.","breadcrumb":{"@id":"https:\/\/deliciaspersas.com\/en\/tienda\/especias\/sabzi-kookoo-100g-sarashpaz\/#breadcrumb"},"inLanguage":"en-US","potentialAction":[{"@type":"ReadAction","target":["https:\/\/deliciaspersas.com\/en\/tienda\/especias\/sabzi-kookoo-100g-sarashpaz\/"]}]},{"@type":"ImageObject","inLanguage":"en-US","@id":"https:\/\/deliciaspersas.com\/en\/tienda\/especias\/sabzi-kookoo-100g-sarashpaz\/#primaryimage","url":"https:\/\/deliciaspersas.com\/wp-content\/uploads\/Sabzi-Kookoo-100g-Sarashpaz.jpg","contentUrl":"https:\/\/deliciaspersas.com\/wp-content\/uploads\/Sabzi-Kookoo-100g-Sarashpaz.jpg","width":760,"height":760,"caption":"Sabzi Kookoo 100g Sarashpaz"},{"@type":"BreadcrumbList","@id":"https:\/\/deliciaspersas.com\/en\/tienda\/especias\/sabzi-kookoo-100g-sarashpaz\/#breadcrumb","itemListElement":[{"@type":"ListItem","position":1,"name":"Portada","item":"https:\/\/deliciaspersas.com\/en\/"},{"@type":"ListItem","position":2,"name":"Tienda","item":"https:\/\/deliciaspersas.com\/"},{"@type":"ListItem","position":3,"name":"Hierba Sabzi Kookoo 100g Sarashpaz"}]},{"@type":"WebSite","@id":"https:\/\/deliciaspersas.com\/en\/#website","url":"https:\/\/deliciaspersas.com\/en\/","name":"Delicias Persas","description":"Gastronom&iacute;a persa al alcance de tus manos","publisher":{"@id":"https:\/\/deliciaspersas.com\/en\/#organization"},"potentialAction":[{"@type":"SearchAction","target":{"@type":"EntryPoint","urlTemplate":"https:\/\/deliciaspersas.com\/en\/?s={search_term_string}"},"query-input":{"@type":"PropertyValueSpecification","valueRequired":true,"valueName":"search_term_string"}}],"inLanguage":"en-US"},{"@type":"Organization","@id":"https:\/\/deliciaspersas.com\/en\/#organization","name":"Delicias Persas","url":"https:\/\/deliciaspersas.com\/en\/","logo":{"@type":"ImageObject","inLanguage":"en-US","@id":"https:\/\/deliciaspersas.com\/en\/#\/schema\/logo\/image\/","url":"https:\/\/deliciaspersas.com\/wp-content\/uploads\/2020\/07\/logo-2020.png","contentUrl":"https:\/\/deliciaspersas.com\/wp-content\/uploads\/2020\/07\/logo-2020.png","width":520,"height":490,"caption":"Delicias Persas"},"image":{"@id":"https:\/\/deliciaspersas.com\/en\/#\/schema\/logo\/image\/"},"sameAs":["https:\/\/www.facebook.com\/Deliciaspersas","https:\/\/www.instagram.com\/delicias_persas\/","https:\/\/www.linkedin.com\/delicias-persas"]}]}},"uagb_featured_image_src":{"full":["https:\/\/deliciaspersas.com\/wp-content\/uploads\/Sabzi-Kookoo-100g-Sarashpaz.jpg",760,760,false],"thumbnail":["https:\/\/deliciaspersas.com\/wp-content\/uploads\/Sabzi-Kookoo-100g-Sarashpaz-150x150.jpg",150,150,true],"medium":["https:\/\/deliciaspersas.com\/wp-content\/uploads\/Sabzi-Kookoo-100g-Sarashpaz-300x300.jpg",300,300,true],"medium_large":["https:\/\/deliciaspersas.com\/wp-content\/uploads\/Sabzi-Kookoo-100g-Sarashpaz.jpg",760,760,false],"large":["https:\/\/deliciaspersas.com\/wp-content\/uploads\/Sabzi-Kookoo-100g-Sarashpaz.jpg",760,760,false],"1536x1536":["https:\/\/deliciaspersas.com\/wp-content\/uploads\/Sabzi-Kookoo-100g-Sarashpaz.jpg",760,760,false],"2048x2048":["https:\/\/deliciaspersas.com\/wp-content\/uploads\/Sabzi-Kookoo-100g-Sarashpaz.jpg",760,760,false],"woocommerce_thumbnail":["https:\/\/deliciaspersas.com\/wp-content\/uploads\/Sabzi-Kookoo-100g-Sarashpaz-300x300.jpg",300,300,true],"woocommerce_single":["https:\/\/deliciaspersas.com\/wp-content\/uploads\/Sabzi-Kookoo-100g-Sarashpaz-600x600.jpg",600,600,true],"woocommerce_gallery_thumbnail":["https:\/\/deliciaspersas.com\/wp-content\/uploads\/Sabzi-Kookoo-100g-Sarashpaz-100x100.jpg",100,100,true]},"uagb_author_info":{"display_name":"admin","author_link":"https:\/\/deliciaspersas.com\/en\/author\/"},"uagb_comment_info":0,"uagb_excerpt":"Hierba Sabzi Kookoo 100g Sarashpaz Informaci\u00f3n del producto: Esta hierba es empleada para la preparaci\u00f3n del Kookoo. Usos: Esta hierba es empleada para la preparaci\u00f3n del Kookoo, \u00a0que es un plato similar a la fritata de verduras frescas unidas por suficiente huevo para mantenerlo unido. Beneficios: Este produdcto tiene diferentes verduras como: eneldo, puerro, fenogreco,&hellip;","brands":[{"id":199,"name":"Sarashpaz","slug":"sarashpaz"}],"_links":{"self":[{"href":"https:\/\/deliciaspersas.com\/en\/wp-json\/wp\/v2\/product\/7846"}],"collection":[{"href":"https:\/\/deliciaspersas.com\/en\/wp-json\/wp\/v2\/product"}],"about":[{"href":"https:\/\/deliciaspersas.com\/en\/wp-json\/wp\/v2\/types\/product"}],"wp:featuredmedia":[{"embeddable":true,"href":"https:\/\/deliciaspersas.com\/en\/wp-json\/wp\/v2\/media\/7848"}],"wp:attachment":[{"href":"https:\/\/deliciaspersas.com\/en\/wp-json\/wp\/v2\/media?parent=7846"}],"wp:term":[{"taxonomy":"pwb-brand","embeddable":true,"href":"https:\/\/deliciaspersas.com\/en\/wp-json\/wp\/v2\/pwb-brand?post=7846"},{"taxonomy":"product_cat","embeddable":true,"href":"https:\/\/deliciaspersas.com\/en\/wp-json\/wp\/v2\/product_cat?post=7846"},{"taxonomy":"product_tag","embeddable":true,"href":"https:\/\/deliciaspersas.com\/en\/wp-json\/wp\/v2\/product_tag?post=7846"}],"curies":[{"name":"wp","href":"https:\/\/api.w.org\/{rel}","templated":true}]}}