{"id":8059,"date":"2021-05-26T11:55:45","date_gmt":"2021-05-26T09:55:45","guid":{"rendered":"https:\/\/deliciaspersas.com\/?post_type=product&#038;p=8059"},"modified":"2026-01-02T10:44:36","modified_gmt":"2026-01-02T09:44:36","slug":"angelica-en-polvo-granel-golpar-100g","status":"publish","type":"product","link":"https:\/\/deliciaspersas.com\/en\/tienda\/especias\/angelica-en-polvo-granel-golpar-100g\/","title":{"rendered":"Ang\u00e9lica en polvo granel (Golpar) 100g"},"content":{"rendered":"<h1>Ang\u00e9lica en polvo granel (Golpar) 100g<\/h1>\n<h6>Informaci\u00f3n del producto:<\/h6>\n<p>Heracleum persicum , com\u00fanmente conocido comopersa hogweed, Golpar <b>\u06af\u0644\u067e\u0631<\/b> , es un polycarpic perenne herb\u00e1cea de plantas con flores en la zanahoria de la familia Appiaceae,\u00a0originaria de la regi\u00f3n de Ir\u00e1n (Percia).\u00a0Crece de forma silvestre en las regiones monta\u00f1osas h\u00famedas de Ir\u00e1n, as\u00ed como en algunas \u00e1reas adyacentes.<\/p>\n<h6>Usos:<\/h6>\n<section id=\"content-collapsible-block-0\" class=\"mf-section-1 collapsible-block\">Las semillas se utilizan como especia en la cocina persa.\u00a0Las vainas de semillas muy finas y peque\u00f1as son arom\u00e1ticas y ligeramente amargas.\u00a0Por lo general, se venden en forma de polvo y, a menudo, se venden err\u00f3neamente como &#8221;\u00a0semillas de ang\u00e9lica&#8221;.\u00a0El polvo se espolvorea sobre habas, lentejas y otras legumbres y patatas.\u00a0Golpar tambi\u00e9n se usa en sopas y guisos.\u00a0A menudo se usa espolvoreado sobre\u00a0arilos de granada.<sup id=\"cite_ref-7\" class=\"reference\"><\/sup> Golpar tambi\u00e9n se mezcla con vinagre en el que se sumergen las habas antes de comer.Golpar se puede usar en peque\u00f1as cantidades (1 o 2 cucharaditas por libra) al cocinar frijoles para reducir el efecto del gas en el tracto digestivo asociado con el consumo de frijoles.En cocina persa , los p\u00e9talos se utilizan en la mezcla de especias (advi\u00e9)<i><\/i> a platos de arroz sabor, as\u00ed como en el pollo, pescado y platos de frijoles.Las hojas tiernas y los tallos de las hojas tambi\u00e9n se pueden\u00a0<i>encurtir<\/i>\u00a0(conocido como\u00a0<i>golpar torshi<\/i> ).<\/section>\n<h6>Ingredientes y al\u00e9rgenos:<\/h6>\n<p>Golpar<\/p>\n<h6>Condiciones de conservaci\u00f3n:<\/h6>\n<p>Conservar en un lugar fresco, seco y protegido de la luz.<\/p>\n<p>&nbsp;<\/p>\n","protected":false},"excerpt":{"rendered":"<p>Ang\u00e9lica en polvo granel (Golpar) 100g Informaci\u00f3n del producto: Heracleum persicum , com\u00fanmente conocido comopersa hogweed, Golpar \u06af\u0644\u067e\u0631 , es un polycarpic perenne herb\u00e1cea de plantas con flores en la zanahoria de la familia Appiaceae,\u00a0originaria de la regi\u00f3n de Ir\u00e1n (Percia).\u00a0Crece de forma silvestre en las regiones monta\u00f1osas h\u00famedas de Ir\u00e1n, as\u00ed como en algunas [&hellip;]<\/p>\n","protected":false},"featured_media":11628,"template":"","meta":{"_surecart_dashboard_logo_width":"180px","_surecart_dashboard_show_logo":true,"_surecart_dashboard_navigation_orders":true,"_surecart_dashboard_navigation_invoices":true,"_surecart_dashboard_navigation_subscriptions":true,"_surecart_dashboard_navigation_downloads":true,"_surecart_dashboard_navigation_billing":true,"_surecart_dashboard_navigation_account":true,"_uag_custom_page_level_css":"","site-sidebar-layout":"default","site-content-layout":"default","ast-site-content-layout":"","site-content-style":"default","site-sidebar-style":"default","ast-global-header-display":"","ast-banner-title-visibility":"","ast-main-header-display":"","ast-hfb-above-header-display":"","ast-hfb-below-header-display":"","ast-hfb-mobile-header-display":"","site-post-title":"","ast-breadcrumbs-content":"","ast-featured-img":"","footer-sml-layout":"","theme-transparent-header-meta":"default","adv-header-id-meta":"","stick-header-meta":"","header-above-stick-meta":"","header-main-stick-meta":"","header-below-stick-meta":"","astra-migrate-meta-layouts":"default","ast-page-background-enabled":"default","ast-page-background-meta":{"desktop":{"background-color":"","background-image":"","background-repeat":"repeat","background-position":"center center","background-size":"auto","background-attachment":"scroll","background-type":"","background-media":"","overlay-type":"","overlay-color":"","overlay-opacity":"","overlay-gradient":""},"tablet":{"background-color":"","background-image":"","background-repeat":"repeat","background-position":"center center","background-size":"auto","background-attachment":"scroll","background-type":"","background-media":"","overlay-type":"","overlay-color":"","overlay-opacity":"","overlay-gradient":""},"mobile":{"background-color":"","background-image":"","background-repeat":"repeat","background-position":"center center","background-size":"auto","background-attachment":"scroll","background-type":"","background-media":"","overlay-type":"","overlay-color":"","overlay-opacity":"","overlay-gradient":""}},"ast-content-background-meta":{"desktop":{"background-color":"var(--ast-global-color-5)","background-image":"","background-repeat":"repeat","background-position":"center center","background-size":"auto","background-attachment":"scroll","background-type":"","background-media":"","overlay-type":"","overlay-color":"","overlay-opacity":"","overlay-gradient":""},"tablet":{"background-color":"var(--ast-global-color-5)","background-image":"","background-repeat":"repeat","background-position":"center center","background-size":"auto","background-attachment":"scroll","background-type":"","background-media":"","overlay-type":"","overlay-color":"","overlay-opacity":"","overlay-gradient":""},"mobile":{"background-color":"var(--ast-global-color-5)","background-image":"","background-repeat":"repeat","background-position":"center center","background-size":"auto","background-attachment":"scroll","background-type":"","background-media":"","overlay-type":"","overlay-color":"","overlay-opacity":"","overlay-gradient":""}}},"pwb-brand":[113],"product_cat":[32],"product_tag":[568,675,674,385],"class_list":{"0":"post-8059","1":"product","2":"type-product","3":"status-publish","4":"has-post-thumbnail","6":"pwb-brand-dayan-2","7":"product_cat-especias","8":"product_tag-especie","9":"product_tag-golpar","10":"product_tag-hogweed","11":"product_tag-385","12":"desktop-align-center","13":"tablet-align-center","14":"mobile-align-center","16":"first","17":"outofstock","18":"taxable","19":"shipping-taxable","20":"purchasable","21":"product-type-simple"},"yoast_head":"<!-- This site is optimized with the Yoast SEO plugin v23.6 - https:\/\/yoast.com\/wordpress\/plugins\/seo\/ -->\n<title>Ang\u00e9lica en polvo granel (Golpar) 100g - Delicias Persas<\/title>\n<meta name=\"description\" content=\"Ang\u00e9lica. la famosa salsa italiana de pesto la lleva como ingrediente principal tambi\u00e9n en guisos de todo tipo de carnes...\" \/>\n<meta name=\"robots\" content=\"index, follow, max-snippet:-1, max-image-preview:large, max-video-preview:-1\" \/>\n<link rel=\"canonical\" href=\"https:\/\/deliciaspersas.com\/en\/tienda\/especias\/angelica-en-polvo-granel-golpar-100g\/\" \/>\n<meta property=\"og:locale\" content=\"en_US\" \/>\n<meta property=\"og:type\" content=\"article\" \/>\n<meta property=\"og:title\" content=\"Ang\u00e9lica en polvo granel (Golpar) 100g - Delicias Persas\" \/>\n<meta property=\"og:description\" content=\"Ang\u00e9lica. la famosa salsa italiana de pesto la lleva como ingrediente principal tambi\u00e9n en guisos de todo tipo de carnes...\" \/>\n<meta property=\"og:url\" content=\"https:\/\/deliciaspersas.com\/en\/tienda\/especias\/angelica-en-polvo-granel-golpar-100g\/\" \/>\n<meta property=\"og:site_name\" content=\"Delicias Persas\" \/>\n<meta property=\"article:publisher\" content=\"https:\/\/www.facebook.com\/Deliciaspersas\" \/>\n<meta property=\"article:modified_time\" content=\"2026-01-02T09:44:36+00:00\" \/>\n<meta property=\"og:image\" content=\"https:\/\/deliciaspersas.com\/wp-content\/uploads\/Golpar-polvo.jpg\" \/>\n\t<meta property=\"og:image:width\" content=\"1000\" \/>\n\t<meta property=\"og:image:height\" content=\"1000\" \/>\n\t<meta property=\"og:image:type\" content=\"image\/jpeg\" \/>\n<meta name=\"twitter:card\" content=\"summary_large_image\" \/>\n<meta name=\"twitter:label1\" content=\"Est. reading time\" \/>\n\t<meta name=\"twitter:data1\" content=\"2 minutes\" \/>\n<script type=\"application\/ld+json\" class=\"yoast-schema-graph\">{\"@context\":\"https:\/\/schema.org\",\"@graph\":[{\"@type\":\"WebPage\",\"@id\":\"https:\/\/deliciaspersas.com\/en\/tienda\/especias\/angelica-en-polvo-granel-golpar-100g\/\",\"url\":\"https:\/\/deliciaspersas.com\/en\/tienda\/especias\/angelica-en-polvo-granel-golpar-100g\/\",\"name\":\"Ang\u00e9lica en polvo granel (Golpar) 100g - Delicias Persas\",\"isPartOf\":{\"@id\":\"https:\/\/deliciaspersas.com\/en\/#website\"},\"primaryImageOfPage\":{\"@id\":\"https:\/\/deliciaspersas.com\/en\/tienda\/especias\/angelica-en-polvo-granel-golpar-100g\/#primaryimage\"},\"image\":{\"@id\":\"https:\/\/deliciaspersas.com\/en\/tienda\/especias\/angelica-en-polvo-granel-golpar-100g\/#primaryimage\"},\"thumbnailUrl\":\"https:\/\/deliciaspersas.com\/wp-content\/uploads\/Golpar-polvo.jpg\",\"datePublished\":\"2021-05-26T09:55:45+00:00\",\"dateModified\":\"2026-01-02T09:44:36+00:00\",\"description\":\"Ang\u00e9lica. la famosa salsa italiana de pesto la lleva como ingrediente principal tambi\u00e9n en guisos de todo tipo de carnes...\",\"breadcrumb\":{\"@id\":\"https:\/\/deliciaspersas.com\/en\/tienda\/especias\/angelica-en-polvo-granel-golpar-100g\/#breadcrumb\"},\"inLanguage\":\"en-US\",\"potentialAction\":[{\"@type\":\"ReadAction\",\"target\":[\"https:\/\/deliciaspersas.com\/en\/tienda\/especias\/angelica-en-polvo-granel-golpar-100g\/\"]}]},{\"@type\":\"ImageObject\",\"inLanguage\":\"en-US\",\"@id\":\"https:\/\/deliciaspersas.com\/en\/tienda\/especias\/angelica-en-polvo-granel-golpar-100g\/#primaryimage\",\"url\":\"https:\/\/deliciaspersas.com\/wp-content\/uploads\/Golpar-polvo.jpg\",\"contentUrl\":\"https:\/\/deliciaspersas.com\/wp-content\/uploads\/Golpar-polvo.jpg\",\"width\":1000,\"height\":1000},{\"@type\":\"BreadcrumbList\",\"@id\":\"https:\/\/deliciaspersas.com\/en\/tienda\/especias\/angelica-en-polvo-granel-golpar-100g\/#breadcrumb\",\"itemListElement\":[{\"@type\":\"ListItem\",\"position\":1,\"name\":\"Portada\",\"item\":\"https:\/\/deliciaspersas.com\/en\/\"},{\"@type\":\"ListItem\",\"position\":2,\"name\":\"Tienda\",\"item\":\"https:\/\/deliciaspersas.com\/\"},{\"@type\":\"ListItem\",\"position\":3,\"name\":\"Ang\u00e9lica en polvo granel (Golpar) 100g\"}]},{\"@type\":\"WebSite\",\"@id\":\"https:\/\/deliciaspersas.com\/en\/#website\",\"url\":\"https:\/\/deliciaspersas.com\/en\/\",\"name\":\"Delicias Persas\",\"description\":\"Gastronom&iacute;a persa al alcance de tus manos\",\"publisher\":{\"@id\":\"https:\/\/deliciaspersas.com\/en\/#organization\"},\"potentialAction\":[{\"@type\":\"SearchAction\",\"target\":{\"@type\":\"EntryPoint\",\"urlTemplate\":\"https:\/\/deliciaspersas.com\/en\/?s={search_term_string}\"},\"query-input\":{\"@type\":\"PropertyValueSpecification\",\"valueRequired\":true,\"valueName\":\"search_term_string\"}}],\"inLanguage\":\"en-US\"},{\"@type\":\"Organization\",\"@id\":\"https:\/\/deliciaspersas.com\/en\/#organization\",\"name\":\"Delicias Persas\",\"url\":\"https:\/\/deliciaspersas.com\/en\/\",\"logo\":{\"@type\":\"ImageObject\",\"inLanguage\":\"en-US\",\"@id\":\"https:\/\/deliciaspersas.com\/en\/#\/schema\/logo\/image\/\",\"url\":\"https:\/\/deliciaspersas.com\/wp-content\/uploads\/2020\/07\/logo-2020.png\",\"contentUrl\":\"https:\/\/deliciaspersas.com\/wp-content\/uploads\/2020\/07\/logo-2020.png\",\"width\":520,\"height\":490,\"caption\":\"Delicias Persas\"},\"image\":{\"@id\":\"https:\/\/deliciaspersas.com\/en\/#\/schema\/logo\/image\/\"},\"sameAs\":[\"https:\/\/www.facebook.com\/Deliciaspersas\",\"https:\/\/www.instagram.com\/delicias_persas\/\",\"https:\/\/www.linkedin.com\/delicias-persas\"]}]}<\/script>\n<!-- \/ Yoast SEO plugin. -->","yoast_head_json":{"title":"Ang\u00e9lica en polvo granel (Golpar) 100g - Delicias Persas","description":"Ang\u00e9lica. la famosa salsa italiana de pesto la lleva como ingrediente principal tambi\u00e9n en guisos de todo tipo de carnes...","robots":{"index":"index","follow":"follow","max-snippet":"max-snippet:-1","max-image-preview":"max-image-preview:large","max-video-preview":"max-video-preview:-1"},"canonical":"https:\/\/deliciaspersas.com\/en\/tienda\/especias\/angelica-en-polvo-granel-golpar-100g\/","og_locale":"en_US","og_type":"article","og_title":"Ang\u00e9lica en polvo granel (Golpar) 100g - Delicias Persas","og_description":"Ang\u00e9lica. la famosa salsa italiana de pesto la lleva como ingrediente principal tambi\u00e9n en guisos de todo tipo de carnes...","og_url":"https:\/\/deliciaspersas.com\/en\/tienda\/especias\/angelica-en-polvo-granel-golpar-100g\/","og_site_name":"Delicias Persas","article_publisher":"https:\/\/www.facebook.com\/Deliciaspersas","article_modified_time":"2026-01-02T09:44:36+00:00","og_image":[{"width":1000,"height":1000,"url":"https:\/\/deliciaspersas.com\/wp-content\/uploads\/Golpar-polvo.jpg","type":"image\/jpeg"}],"twitter_card":"summary_large_image","twitter_misc":{"Est. reading time":"2 minutes"},"schema":{"@context":"https:\/\/schema.org","@graph":[{"@type":"WebPage","@id":"https:\/\/deliciaspersas.com\/en\/tienda\/especias\/angelica-en-polvo-granel-golpar-100g\/","url":"https:\/\/deliciaspersas.com\/en\/tienda\/especias\/angelica-en-polvo-granel-golpar-100g\/","name":"Ang\u00e9lica en polvo granel (Golpar) 100g - Delicias Persas","isPartOf":{"@id":"https:\/\/deliciaspersas.com\/en\/#website"},"primaryImageOfPage":{"@id":"https:\/\/deliciaspersas.com\/en\/tienda\/especias\/angelica-en-polvo-granel-golpar-100g\/#primaryimage"},"image":{"@id":"https:\/\/deliciaspersas.com\/en\/tienda\/especias\/angelica-en-polvo-granel-golpar-100g\/#primaryimage"},"thumbnailUrl":"https:\/\/deliciaspersas.com\/wp-content\/uploads\/Golpar-polvo.jpg","datePublished":"2021-05-26T09:55:45+00:00","dateModified":"2026-01-02T09:44:36+00:00","description":"Ang\u00e9lica. la famosa salsa italiana de pesto la lleva como ingrediente principal tambi\u00e9n en guisos de todo tipo de carnes...","breadcrumb":{"@id":"https:\/\/deliciaspersas.com\/en\/tienda\/especias\/angelica-en-polvo-granel-golpar-100g\/#breadcrumb"},"inLanguage":"en-US","potentialAction":[{"@type":"ReadAction","target":["https:\/\/deliciaspersas.com\/en\/tienda\/especias\/angelica-en-polvo-granel-golpar-100g\/"]}]},{"@type":"ImageObject","inLanguage":"en-US","@id":"https:\/\/deliciaspersas.com\/en\/tienda\/especias\/angelica-en-polvo-granel-golpar-100g\/#primaryimage","url":"https:\/\/deliciaspersas.com\/wp-content\/uploads\/Golpar-polvo.jpg","contentUrl":"https:\/\/deliciaspersas.com\/wp-content\/uploads\/Golpar-polvo.jpg","width":1000,"height":1000},{"@type":"BreadcrumbList","@id":"https:\/\/deliciaspersas.com\/en\/tienda\/especias\/angelica-en-polvo-granel-golpar-100g\/#breadcrumb","itemListElement":[{"@type":"ListItem","position":1,"name":"Portada","item":"https:\/\/deliciaspersas.com\/en\/"},{"@type":"ListItem","position":2,"name":"Tienda","item":"https:\/\/deliciaspersas.com\/"},{"@type":"ListItem","position":3,"name":"Ang\u00e9lica en polvo granel (Golpar) 100g"}]},{"@type":"WebSite","@id":"https:\/\/deliciaspersas.com\/en\/#website","url":"https:\/\/deliciaspersas.com\/en\/","name":"Delicias Persas","description":"Gastronom&iacute;a persa al alcance de tus manos","publisher":{"@id":"https:\/\/deliciaspersas.com\/en\/#organization"},"potentialAction":[{"@type":"SearchAction","target":{"@type":"EntryPoint","urlTemplate":"https:\/\/deliciaspersas.com\/en\/?s={search_term_string}"},"query-input":{"@type":"PropertyValueSpecification","valueRequired":true,"valueName":"search_term_string"}}],"inLanguage":"en-US"},{"@type":"Organization","@id":"https:\/\/deliciaspersas.com\/en\/#organization","name":"Delicias Persas","url":"https:\/\/deliciaspersas.com\/en\/","logo":{"@type":"ImageObject","inLanguage":"en-US","@id":"https:\/\/deliciaspersas.com\/en\/#\/schema\/logo\/image\/","url":"https:\/\/deliciaspersas.com\/wp-content\/uploads\/2020\/07\/logo-2020.png","contentUrl":"https:\/\/deliciaspersas.com\/wp-content\/uploads\/2020\/07\/logo-2020.png","width":520,"height":490,"caption":"Delicias Persas"},"image":{"@id":"https:\/\/deliciaspersas.com\/en\/#\/schema\/logo\/image\/"},"sameAs":["https:\/\/www.facebook.com\/Deliciaspersas","https:\/\/www.instagram.com\/delicias_persas\/","https:\/\/www.linkedin.com\/delicias-persas"]}]}},"uagb_featured_image_src":{"full":["https:\/\/deliciaspersas.com\/wp-content\/uploads\/Golpar-polvo.jpg",1000,1000,false],"thumbnail":["https:\/\/deliciaspersas.com\/wp-content\/uploads\/Golpar-polvo-150x150.jpg",150,150,true],"medium":["https:\/\/deliciaspersas.com\/wp-content\/uploads\/Golpar-polvo-300x300.jpg",300,300,true],"medium_large":["https:\/\/deliciaspersas.com\/wp-content\/uploads\/Golpar-polvo-768x768.jpg",768,768,true],"large":["https:\/\/deliciaspersas.com\/wp-content\/uploads\/Golpar-polvo.jpg",1000,1000,false],"1536x1536":["https:\/\/deliciaspersas.com\/wp-content\/uploads\/Golpar-polvo.jpg",1000,1000,false],"2048x2048":["https:\/\/deliciaspersas.com\/wp-content\/uploads\/Golpar-polvo.jpg",1000,1000,false],"woocommerce_thumbnail":["https:\/\/deliciaspersas.com\/wp-content\/uploads\/Golpar-polvo-300x300.jpg",300,300,true],"woocommerce_single":["https:\/\/deliciaspersas.com\/wp-content\/uploads\/Golpar-polvo-600x600.jpg",600,600,true],"woocommerce_gallery_thumbnail":["https:\/\/deliciaspersas.com\/wp-content\/uploads\/Golpar-polvo-100x100.jpg",100,100,true]},"uagb_author_info":{"display_name":"Maral Azizi","author_link":"https:\/\/deliciaspersas.com\/en\/author\/"},"uagb_comment_info":0,"uagb_excerpt":"Ang\u00e9lica en polvo granel (Golpar) 100g Informaci\u00f3n del producto: Heracleum persicum , com\u00fanmente conocido comopersa hogweed, Golpar \u06af\u0644\u067e\u0631 , es un polycarpic perenne herb\u00e1cea de plantas con flores en la zanahoria de la familia Appiaceae,\u00a0originaria de la regi\u00f3n de Ir\u00e1n (Percia).\u00a0Crece de forma silvestre en las regiones monta\u00f1osas h\u00famedas de Ir\u00e1n, as\u00ed como en algunas&hellip;","brands":[{"id":113,"name":"Dayan","slug":"dayan-2"}],"_links":{"self":[{"href":"https:\/\/deliciaspersas.com\/en\/wp-json\/wp\/v2\/product\/8059"}],"collection":[{"href":"https:\/\/deliciaspersas.com\/en\/wp-json\/wp\/v2\/product"}],"about":[{"href":"https:\/\/deliciaspersas.com\/en\/wp-json\/wp\/v2\/types\/product"}],"wp:featuredmedia":[{"embeddable":true,"href":"https:\/\/deliciaspersas.com\/en\/wp-json\/wp\/v2\/media\/11628"}],"wp:attachment":[{"href":"https:\/\/deliciaspersas.com\/en\/wp-json\/wp\/v2\/media?parent=8059"}],"wp:term":[{"taxonomy":"pwb-brand","embeddable":true,"href":"https:\/\/deliciaspersas.com\/en\/wp-json\/wp\/v2\/pwb-brand?post=8059"},{"taxonomy":"product_cat","embeddable":true,"href":"https:\/\/deliciaspersas.com\/en\/wp-json\/wp\/v2\/product_cat?post=8059"},{"taxonomy":"product_tag","embeddable":true,"href":"https:\/\/deliciaspersas.com\/en\/wp-json\/wp\/v2\/product_tag?post=8059"}],"curies":[{"name":"wp","href":"https:\/\/api.w.org\/{rel}","templated":true}]}}