{"id":8181,"date":"2021-06-21T13:18:56","date_gmt":"2021-06-21T11:18:56","guid":{"rendered":"https:\/\/deliciaspersas.com\/?post_type=product&#038;p=8181"},"modified":"2025-04-15T10:53:49","modified_gmt":"2025-04-15T08:53:49","slug":"mermelada-de-cereza-310g-esalat","status":"publish","type":"product","link":"https:\/\/deliciaspersas.com\/en\/tienda\/desayuno\/mermelada-de-cereza-310g-esalat\/","title":{"rendered":"Mermelada de Cereza 310g Esalat"},"content":{"rendered":"<h1>Mermelada de Cereza 310g Esalat<\/h1>\n<h6>Informaci\u00f3n del producto:<\/h6>\n<p>Deliciosa y saludable mermelada de cherry.<\/p>\n<h6>Usos:<\/h6>\n<p>La mermelada de cherry es un ingrediente que podemos utilizar en multitud de ocasiones y platos<strong>.<\/strong><\/p>\n<h6>Beneficios:<\/h6>\n<p><strong>el cherry<\/strong>\u00a0es un fruto de color rojo brillante, dulce y sabroso. En Occidente es considerada\u00a0<strong>la &#8220;reina de las frutas&#8221;<\/strong>. Adem\u00e1s de cruda, se puede consumir como compota, mermelada, y otros formatos.<\/p>\n<p>Los cherryes\u00a0 y los fresones son poco cal\u00f3ricos. Tienen un valor energ\u00e9tico de entre 27 y 34 kilocalor\u00edas por cada 100 gramos. Est\u00e1n compuestas principalmente por <strong>agua e hidratos de carbono<\/strong> mientras que tienen un bajo porcentaje de prote\u00ednas. \u00a1Eso s\u00ed! Es una excelente fuente de vitamina C.<\/p>\n<p>-Son\u00a0<strong>bajas en calor\u00edas.<\/strong> Una taza de cherry tiene unas 43 calor\u00edas. Adem\u00e1s, contienen fibra, que ayuda a regular los procesos digestivos y a reducir la sensaci\u00f3n de hambre.<\/p>\n<p><strong>-Ayudan a disminuir el nivel de colesterol malo en sangre<\/strong>, gracias a la gran cantidad de \u00e1cido asc\u00f3rbico, lecitina y pectina que contiene el fruto.<\/p>\n<p>-Son una\u00a0<strong>fuente de vitaminas del grupo B<\/strong>, como la vitamina B6, la niacina, la riboflavina, el \u00e1cido pantot\u00e9nico o el \u00e1cido f\u00f3lico.<\/p>\n<p>-Act\u00faa como un\u00a0<strong>potente antioxidante y antiinflamatorio natural.<\/strong>\u00a0Una taza de fresas contiene 21 gramos de manganeso.<\/p>\n<p><strong>-Contribuyen a la salud \u00f3sea<\/strong>, gracias a su alto contenido en magnesio, potasio y vitamina K.<\/p>\n<p><strong>-Potencian la salud ocular.<\/strong>\u00a0Algunos estudios han se\u00f1alado que las fresas mejoran la salud de los ojos al disminuir el riesgo de degeneraci\u00f3n macular.<\/p>\n<p>-Son una importante\u00a0<strong>fuente de vitamina C.<\/strong>\u00a0Una taza de fresas contiene el 136% de la cantidad diaria recomendada de esta vitamina, lo que las convierte en un\u00a0<strong>poderoso antioxidante<\/strong>\u00a0<strong>que potencia el sistema inmunitario.<\/strong><\/p>\n<p><strong>-Ayudan a perder peso,<\/strong> por su bajo contenido cal\u00f3rico y su alto contenido en nitrato. Las fresas son un buen aliado para las dietas de p\u00e9rdida de peso. Ayudan a reducir el apetito, favorecen la circulaci\u00f3n sangu\u00ednea y, adem\u00e1s, \u00a1son deliciosas!<\/p>\n<section id=\"sumario_1|despiece\" class=\"sumario despiece center\">\n<p class=\"txt_h3\">LAS HOJAS Y LAS RA\u00cdCES DE LA FRESA<\/p>\n<p>M\u00e1s all\u00e1 del fruto, debemos recordar que las fresas tambi\u00e9n tienen hojas y ra\u00edces y estas re\u00fanen una serie de propiedades que hace que se utilicen como planta medicinal:<\/p>\n<p>-Son diur\u00e9ticas y antirreum\u00e1ticas, aunque para que sea realmente efectivo tendr\u00edamos que tomar entre tres y cuatro tazas al d\u00eda.<\/p>\n<p>-Tienen cierto efecto antiinflamatorio que puede actuar sobre el intestino y, en el caso de ra\u00edces cocidas, sirve para disminuir las inflamaciones artr\u00edticas.<\/p>\n<p>-Son astringentes por lo que beber su infusi\u00f3n, especialmente si es de hojas secas, es \u00fatil contra la diarrea.<\/p>\n<p>-Las hojas machacadas y aplicadas sobre la piel constituyen un buen remedio para evitar las arrugas.<\/p>\n<\/section>\n<p><span style=\"font-size: 1.1em; font-weight: bold;\">Condiciones de conservaci\u00f3n:<\/span><\/p>\n<p>Conservar en un lugar cherry, seco y protegido de la luz.<\/p>\n<h6>Informaci\u00f3n adicional:<\/h6>\n<p>Fabricado por: Esalat<\/p>\n","protected":false},"excerpt":{"rendered":"<p>Mermelada de Cereza 310g Esalat Informaci\u00f3n del producto: Deliciosa y saludable mermelada de cherry. Usos: La mermelada de cherry es un ingrediente que podemos utilizar en multitud de ocasiones y platos. Beneficios: el cherry\u00a0es un fruto de color rojo brillante, dulce y sabroso. En Occidente es considerada\u00a0la &#8220;reina de las frutas&#8221;. Adem\u00e1s de cruda, se [&hellip;]<\/p>\n","protected":false},"featured_media":13516,"template":"","meta":{"_surecart_dashboard_logo_width":"180px","_surecart_dashboard_show_logo":true,"_surecart_dashboard_navigation_orders":true,"_surecart_dashboard_navigation_invoices":true,"_surecart_dashboard_navigation_subscriptions":true,"_surecart_dashboard_navigation_downloads":true,"_surecart_dashboard_navigation_billing":true,"_surecart_dashboard_navigation_account":true,"_uag_custom_page_level_css":"","site-sidebar-layout":"default","site-content-layout":"default","ast-site-content-layout":"default","site-content-style":"default","site-sidebar-style":"default","ast-global-header-display":"","ast-banner-title-visibility":"","ast-main-header-display":"","ast-hfb-above-header-display":"","ast-hfb-below-header-display":"","ast-hfb-mobile-header-display":"","site-post-title":"","ast-breadcrumbs-content":"","ast-featured-img":"","footer-sml-layout":"","theme-transparent-header-meta":"default","adv-header-id-meta":"","stick-header-meta":"","header-above-stick-meta":"","header-main-stick-meta":"","header-below-stick-meta":"","astra-migrate-meta-layouts":"set","ast-page-background-enabled":"default","ast-page-background-meta":{"desktop":{"background-color":"","background-image":"","background-repeat":"repeat","background-position":"center center","background-size":"auto","background-attachment":"scroll","background-type":"","background-media":"","overlay-type":"","overlay-color":"","overlay-opacity":"","overlay-gradient":""},"tablet":{"background-color":"","background-image":"","background-repeat":"repeat","background-position":"center center","background-size":"auto","background-attachment":"scroll","background-type":"","background-media":"","overlay-type":"","overlay-color":"","overlay-opacity":"","overlay-gradient":""},"mobile":{"background-color":"","background-image":"","background-repeat":"repeat","background-position":"center center","background-size":"auto","background-attachment":"scroll","background-type":"","background-media":"","overlay-type":"","overlay-color":"","overlay-opacity":"","overlay-gradient":""}},"ast-content-background-meta":{"desktop":{"background-color":"var(--ast-global-color-5)","background-image":"","background-repeat":"repeat","background-position":"center center","background-size":"auto","background-attachment":"scroll","background-type":"","background-media":"","overlay-type":"","overlay-color":"","overlay-opacity":"","overlay-gradient":""},"tablet":{"background-color":"var(--ast-global-color-5)","background-image":"","background-repeat":"repeat","background-position":"center center","background-size":"auto","background-attachment":"scroll","background-type":"","background-media":"","overlay-type":"","overlay-color":"","overlay-opacity":"","overlay-gradient":""},"mobile":{"background-color":"var(--ast-global-color-5)","background-image":"","background-repeat":"repeat","background-position":"center center","background-size":"auto","background-attachment":"scroll","background-type":"","background-media":"","overlay-type":"","overlay-color":"","overlay-opacity":"","overlay-gradient":""}}},"pwb-brand":[183],"product_cat":[36,1129],"product_tag":[1300,576,710,279,334,336,335],"class_list":{"0":"post-8181","1":"product","2":"type-product","3":"status-publish","4":"has-post-thumbnail","6":"pwb-brand-esalat","7":"product_cat-desayuno","8":"product_cat-esalat","9":"product_tag-cherry","10":"product_tag-desayuno","11":"product_tag-mermelada","12":"product_tag-279","13":"product_tag-334","14":"product_tag-336","15":"product_tag-335","16":"desktop-align-center","17":"tablet-align-center","18":"mobile-align-center","20":"first","21":"instock","22":"taxable","23":"shipping-taxable","24":"purchasable","25":"product-type-simple"},"yoast_head":"<!-- This site is optimized with the Yoast SEO plugin v23.6 - https:\/\/yoast.com\/wordpress\/plugins\/seo\/ -->\n<title>Mermelada de Cereza 310g Esalat - Delicias Persas<\/title>\n<meta name=\"description\" content=\"Deliciosa y saludable que nos aporta grandes beneficios Mermelada de fresa y est\u00e9ticos; por su aporte de fibra y vitaminas.\" \/>\n<meta name=\"robots\" content=\"index, follow, max-snippet:-1, max-image-preview:large, max-video-preview:-1\" \/>\n<link rel=\"canonical\" href=\"https:\/\/deliciaspersas.com\/en\/tienda\/desayuno\/mermelada-de-cereza-310g-esalat\/\" \/>\n<meta property=\"og:locale\" content=\"en_US\" \/>\n<meta property=\"og:type\" content=\"article\" \/>\n<meta property=\"og:title\" content=\"Mermelada de Cereza 310g Esalat - Delicias Persas\" \/>\n<meta property=\"og:description\" content=\"Deliciosa y saludable que nos aporta grandes beneficios Mermelada de fresa y est\u00e9ticos; por su aporte de fibra y vitaminas.\" \/>\n<meta property=\"og:url\" content=\"https:\/\/deliciaspersas.com\/en\/tienda\/desayuno\/mermelada-de-cereza-310g-esalat\/\" \/>\n<meta property=\"og:site_name\" content=\"Delicias Persas\" \/>\n<meta property=\"article:publisher\" content=\"https:\/\/www.facebook.com\/Deliciaspersas\" \/>\n<meta property=\"article:modified_time\" content=\"2025-04-15T08:53:49+00:00\" \/>\n<meta property=\"og:image\" content=\"https:\/\/deliciaspersas.com\/wp-content\/uploads\/mermelada-de-cherry-.jpg\" \/>\n\t<meta property=\"og:image:width\" content=\"600\" \/>\n\t<meta property=\"og:image:height\" content=\"375\" \/>\n\t<meta property=\"og:image:type\" content=\"image\/jpeg\" \/>\n<meta name=\"twitter:card\" content=\"summary_large_image\" \/>\n<meta name=\"twitter:label1\" content=\"Est. reading time\" \/>\n\t<meta name=\"twitter:data1\" content=\"3 minutes\" \/>\n<script type=\"application\/ld+json\" class=\"yoast-schema-graph\">{\"@context\":\"https:\/\/schema.org\",\"@graph\":[{\"@type\":\"WebPage\",\"@id\":\"https:\/\/deliciaspersas.com\/en\/tienda\/desayuno\/mermelada-de-cereza-310g-esalat\/\",\"url\":\"https:\/\/deliciaspersas.com\/en\/tienda\/desayuno\/mermelada-de-cereza-310g-esalat\/\",\"name\":\"Mermelada de Cereza 310g Esalat - Delicias Persas\",\"isPartOf\":{\"@id\":\"https:\/\/deliciaspersas.com\/en\/#website\"},\"primaryImageOfPage\":{\"@id\":\"https:\/\/deliciaspersas.com\/en\/tienda\/desayuno\/mermelada-de-cereza-310g-esalat\/#primaryimage\"},\"image\":{\"@id\":\"https:\/\/deliciaspersas.com\/en\/tienda\/desayuno\/mermelada-de-cereza-310g-esalat\/#primaryimage\"},\"thumbnailUrl\":\"https:\/\/deliciaspersas.com\/wp-content\/uploads\/mermelada-de-cherry-.jpg\",\"datePublished\":\"2021-06-21T11:18:56+00:00\",\"dateModified\":\"2025-04-15T08:53:49+00:00\",\"description\":\"Deliciosa y saludable que nos aporta grandes beneficios Mermelada de fresa y est\u00e9ticos; por su aporte de fibra y vitaminas.\",\"breadcrumb\":{\"@id\":\"https:\/\/deliciaspersas.com\/en\/tienda\/desayuno\/mermelada-de-cereza-310g-esalat\/#breadcrumb\"},\"inLanguage\":\"en-US\",\"potentialAction\":[{\"@type\":\"ReadAction\",\"target\":[\"https:\/\/deliciaspersas.com\/en\/tienda\/desayuno\/mermelada-de-cereza-310g-esalat\/\"]}]},{\"@type\":\"ImageObject\",\"inLanguage\":\"en-US\",\"@id\":\"https:\/\/deliciaspersas.com\/en\/tienda\/desayuno\/mermelada-de-cereza-310g-esalat\/#primaryimage\",\"url\":\"https:\/\/deliciaspersas.com\/wp-content\/uploads\/mermelada-de-cherry-.jpg\",\"contentUrl\":\"https:\/\/deliciaspersas.com\/wp-content\/uploads\/mermelada-de-cherry-.jpg\",\"width\":600,\"height\":375},{\"@type\":\"BreadcrumbList\",\"@id\":\"https:\/\/deliciaspersas.com\/en\/tienda\/desayuno\/mermelada-de-cereza-310g-esalat\/#breadcrumb\",\"itemListElement\":[{\"@type\":\"ListItem\",\"position\":1,\"name\":\"Portada\",\"item\":\"https:\/\/deliciaspersas.com\/en\/\"},{\"@type\":\"ListItem\",\"position\":2,\"name\":\"Tienda\",\"item\":\"https:\/\/deliciaspersas.com\/\"},{\"@type\":\"ListItem\",\"position\":3,\"name\":\"Mermelada de Cereza 310g Esalat\"}]},{\"@type\":\"WebSite\",\"@id\":\"https:\/\/deliciaspersas.com\/en\/#website\",\"url\":\"https:\/\/deliciaspersas.com\/en\/\",\"name\":\"Delicias Persas\",\"description\":\"Gastronom&iacute;a persa al alcance de tus manos\",\"publisher\":{\"@id\":\"https:\/\/deliciaspersas.com\/en\/#organization\"},\"potentialAction\":[{\"@type\":\"SearchAction\",\"target\":{\"@type\":\"EntryPoint\",\"urlTemplate\":\"https:\/\/deliciaspersas.com\/en\/?s={search_term_string}\"},\"query-input\":{\"@type\":\"PropertyValueSpecification\",\"valueRequired\":true,\"valueName\":\"search_term_string\"}}],\"inLanguage\":\"en-US\"},{\"@type\":\"Organization\",\"@id\":\"https:\/\/deliciaspersas.com\/en\/#organization\",\"name\":\"Delicias Persas\",\"url\":\"https:\/\/deliciaspersas.com\/en\/\",\"logo\":{\"@type\":\"ImageObject\",\"inLanguage\":\"en-US\",\"@id\":\"https:\/\/deliciaspersas.com\/en\/#\/schema\/logo\/image\/\",\"url\":\"https:\/\/deliciaspersas.com\/wp-content\/uploads\/2020\/07\/logo-2020.png\",\"contentUrl\":\"https:\/\/deliciaspersas.com\/wp-content\/uploads\/2020\/07\/logo-2020.png\",\"width\":520,\"height\":490,\"caption\":\"Delicias Persas\"},\"image\":{\"@id\":\"https:\/\/deliciaspersas.com\/en\/#\/schema\/logo\/image\/\"},\"sameAs\":[\"https:\/\/www.facebook.com\/Deliciaspersas\",\"https:\/\/www.instagram.com\/delicias_persas\/\",\"https:\/\/www.linkedin.com\/delicias-persas\"]}]}<\/script>\n<!-- \/ Yoast SEO plugin. -->","yoast_head_json":{"title":"Mermelada de Cereza 310g Esalat - Delicias Persas","description":"Deliciosa y saludable que nos aporta grandes beneficios Mermelada de fresa y est\u00e9ticos; por su aporte de fibra y vitaminas.","robots":{"index":"index","follow":"follow","max-snippet":"max-snippet:-1","max-image-preview":"max-image-preview:large","max-video-preview":"max-video-preview:-1"},"canonical":"https:\/\/deliciaspersas.com\/en\/tienda\/desayuno\/mermelada-de-cereza-310g-esalat\/","og_locale":"en_US","og_type":"article","og_title":"Mermelada de Cereza 310g Esalat - Delicias Persas","og_description":"Deliciosa y saludable que nos aporta grandes beneficios Mermelada de fresa y est\u00e9ticos; por su aporte de fibra y vitaminas.","og_url":"https:\/\/deliciaspersas.com\/en\/tienda\/desayuno\/mermelada-de-cereza-310g-esalat\/","og_site_name":"Delicias Persas","article_publisher":"https:\/\/www.facebook.com\/Deliciaspersas","article_modified_time":"2025-04-15T08:53:49+00:00","og_image":[{"width":600,"height":375,"url":"https:\/\/deliciaspersas.com\/wp-content\/uploads\/mermelada-de-cherry-.jpg","type":"image\/jpeg"}],"twitter_card":"summary_large_image","twitter_misc":{"Est. reading time":"3 minutes"},"schema":{"@context":"https:\/\/schema.org","@graph":[{"@type":"WebPage","@id":"https:\/\/deliciaspersas.com\/en\/tienda\/desayuno\/mermelada-de-cereza-310g-esalat\/","url":"https:\/\/deliciaspersas.com\/en\/tienda\/desayuno\/mermelada-de-cereza-310g-esalat\/","name":"Mermelada de Cereza 310g Esalat - Delicias Persas","isPartOf":{"@id":"https:\/\/deliciaspersas.com\/en\/#website"},"primaryImageOfPage":{"@id":"https:\/\/deliciaspersas.com\/en\/tienda\/desayuno\/mermelada-de-cereza-310g-esalat\/#primaryimage"},"image":{"@id":"https:\/\/deliciaspersas.com\/en\/tienda\/desayuno\/mermelada-de-cereza-310g-esalat\/#primaryimage"},"thumbnailUrl":"https:\/\/deliciaspersas.com\/wp-content\/uploads\/mermelada-de-cherry-.jpg","datePublished":"2021-06-21T11:18:56+00:00","dateModified":"2025-04-15T08:53:49+00:00","description":"Deliciosa y saludable que nos aporta grandes beneficios Mermelada de fresa y est\u00e9ticos; por su aporte de fibra y vitaminas.","breadcrumb":{"@id":"https:\/\/deliciaspersas.com\/en\/tienda\/desayuno\/mermelada-de-cereza-310g-esalat\/#breadcrumb"},"inLanguage":"en-US","potentialAction":[{"@type":"ReadAction","target":["https:\/\/deliciaspersas.com\/en\/tienda\/desayuno\/mermelada-de-cereza-310g-esalat\/"]}]},{"@type":"ImageObject","inLanguage":"en-US","@id":"https:\/\/deliciaspersas.com\/en\/tienda\/desayuno\/mermelada-de-cereza-310g-esalat\/#primaryimage","url":"https:\/\/deliciaspersas.com\/wp-content\/uploads\/mermelada-de-cherry-.jpg","contentUrl":"https:\/\/deliciaspersas.com\/wp-content\/uploads\/mermelada-de-cherry-.jpg","width":600,"height":375},{"@type":"BreadcrumbList","@id":"https:\/\/deliciaspersas.com\/en\/tienda\/desayuno\/mermelada-de-cereza-310g-esalat\/#breadcrumb","itemListElement":[{"@type":"ListItem","position":1,"name":"Portada","item":"https:\/\/deliciaspersas.com\/en\/"},{"@type":"ListItem","position":2,"name":"Tienda","item":"https:\/\/deliciaspersas.com\/"},{"@type":"ListItem","position":3,"name":"Mermelada de Cereza 310g Esalat"}]},{"@type":"WebSite","@id":"https:\/\/deliciaspersas.com\/en\/#website","url":"https:\/\/deliciaspersas.com\/en\/","name":"Delicias Persas","description":"Gastronom&iacute;a persa al alcance de tus manos","publisher":{"@id":"https:\/\/deliciaspersas.com\/en\/#organization"},"potentialAction":[{"@type":"SearchAction","target":{"@type":"EntryPoint","urlTemplate":"https:\/\/deliciaspersas.com\/en\/?s={search_term_string}"},"query-input":{"@type":"PropertyValueSpecification","valueRequired":true,"valueName":"search_term_string"}}],"inLanguage":"en-US"},{"@type":"Organization","@id":"https:\/\/deliciaspersas.com\/en\/#organization","name":"Delicias Persas","url":"https:\/\/deliciaspersas.com\/en\/","logo":{"@type":"ImageObject","inLanguage":"en-US","@id":"https:\/\/deliciaspersas.com\/en\/#\/schema\/logo\/image\/","url":"https:\/\/deliciaspersas.com\/wp-content\/uploads\/2020\/07\/logo-2020.png","contentUrl":"https:\/\/deliciaspersas.com\/wp-content\/uploads\/2020\/07\/logo-2020.png","width":520,"height":490,"caption":"Delicias Persas"},"image":{"@id":"https:\/\/deliciaspersas.com\/en\/#\/schema\/logo\/image\/"},"sameAs":["https:\/\/www.facebook.com\/Deliciaspersas","https:\/\/www.instagram.com\/delicias_persas\/","https:\/\/www.linkedin.com\/delicias-persas"]}]}},"uagb_featured_image_src":{"full":["https:\/\/deliciaspersas.com\/wp-content\/uploads\/mermelada-de-cherry-.jpg",600,375,false],"thumbnail":["https:\/\/deliciaspersas.com\/wp-content\/uploads\/mermelada-de-cherry--150x150.jpg",150,150,true],"medium":["https:\/\/deliciaspersas.com\/wp-content\/uploads\/mermelada-de-cherry--300x188.jpg",300,188,true],"medium_large":["https:\/\/deliciaspersas.com\/wp-content\/uploads\/mermelada-de-cherry-.jpg",600,375,false],"large":["https:\/\/deliciaspersas.com\/wp-content\/uploads\/mermelada-de-cherry-.jpg",600,375,false],"1536x1536":["https:\/\/deliciaspersas.com\/wp-content\/uploads\/mermelada-de-cherry-.jpg",600,375,false],"2048x2048":["https:\/\/deliciaspersas.com\/wp-content\/uploads\/mermelada-de-cherry-.jpg",600,375,false],"woocommerce_thumbnail":["https:\/\/deliciaspersas.com\/wp-content\/uploads\/mermelada-de-cherry--300x300.jpg",300,300,true],"woocommerce_single":["https:\/\/deliciaspersas.com\/wp-content\/uploads\/mermelada-de-cherry-.jpg",600,375,false],"woocommerce_gallery_thumbnail":["https:\/\/deliciaspersas.com\/wp-content\/uploads\/mermelada-de-cherry--100x100.jpg",100,100,true]},"uagb_author_info":{"display_name":"Maral Azizi","author_link":"https:\/\/deliciaspersas.com\/en\/author\/"},"uagb_comment_info":0,"uagb_excerpt":"Mermelada de Cereza 310g Esalat Informaci\u00f3n del producto: Deliciosa y saludable mermelada de cherry. Usos: La mermelada de cherry es un ingrediente que podemos utilizar en multitud de ocasiones y platos. Beneficios: el cherry\u00a0es un fruto de color rojo brillante, dulce y sabroso. En Occidente es considerada\u00a0la &#8220;reina de las frutas&#8221;. Adem\u00e1s de cruda, se&hellip;","brands":[{"id":183,"name":"Esalat","slug":"esalat"}],"_links":{"self":[{"href":"https:\/\/deliciaspersas.com\/en\/wp-json\/wp\/v2\/product\/8181"}],"collection":[{"href":"https:\/\/deliciaspersas.com\/en\/wp-json\/wp\/v2\/product"}],"about":[{"href":"https:\/\/deliciaspersas.com\/en\/wp-json\/wp\/v2\/types\/product"}],"wp:featuredmedia":[{"embeddable":true,"href":"https:\/\/deliciaspersas.com\/en\/wp-json\/wp\/v2\/media\/13516"}],"wp:attachment":[{"href":"https:\/\/deliciaspersas.com\/en\/wp-json\/wp\/v2\/media?parent=8181"}],"wp:term":[{"taxonomy":"pwb-brand","embeddable":true,"href":"https:\/\/deliciaspersas.com\/en\/wp-json\/wp\/v2\/pwb-brand?post=8181"},{"taxonomy":"product_cat","embeddable":true,"href":"https:\/\/deliciaspersas.com\/en\/wp-json\/wp\/v2\/product_cat?post=8181"},{"taxonomy":"product_tag","embeddable":true,"href":"https:\/\/deliciaspersas.com\/en\/wp-json\/wp\/v2\/product_tag?post=8181"}],"curies":[{"name":"wp","href":"https:\/\/api.w.org\/{rel}","templated":true}]}}