{"id":8183,"date":"2021-06-21T13:33:17","date_gmt":"2021-06-21T11:33:17","guid":{"rendered":"https:\/\/deliciaspersas.com\/?post_type=product&#038;p=8183"},"modified":"2024-08-06T14:02:05","modified_gmt":"2024-08-06T12:02:05","slug":"mermelada-hasta-310-g-esalat","status":"publish","type":"product","link":"https:\/\/deliciaspersas.com\/en\/tienda\/desayuno\/mermelada-hasta-310-g-esalat\/","title":{"rendered":"Mermelada de membrillo 330g Sar Ashpaz"},"content":{"rendered":"<h1>Mermelada de membrillo 330g Sar Ashpaz<\/h1>\n<h6>Informaci\u00f3n del producto:<\/h6>\n<p>Deliciosa y saludable mermelada de membrillo.<\/p>\n<h6>Usos:<\/h6>\n<p>La mermelada de membrillo es una receta que podemos utilizar en multitud de ocasiones y platos<strong>.<\/strong><\/p>\n<h6>Beneficios:<\/h6>\n<section class=\"article-titles\">\n<div class=\"title\"><\/div>\n<div id=\"m30-29-31\" class=\"article-intro \">\n<div id=\"m35-34-36\">\n<ul>\n<li>Casi el 90% de su composici\u00f3n nutricional es agua y apenas contiene calor\u00edas.<\/li>\n<li>Esta fruta destaca por su elevado contenido en fibra y taninos, aliadas para la salud digestiva.<\/li>\n<\/ul>\n<\/div>\n<\/div>\n<\/section>\n<div class=\"container-grid-box\">\n<section class=\"container-grid-cell content\">\n<article class=\"article-body\">\n<div class=\"multimedia\">\n<div id=\"m40-39-41\">\n<div class=\"image-container\"><\/div>\n<\/div>\n<\/div>\n<div class=\"article-text\">\n<p id=\"m92-91-93\" class=\"paragraph \"><strong>El membrillo es una de las frutas\u00a0m\u00e1s saludables<\/strong>\u00a0que existen que destaca por su escaso contenido en az\u00facares y su bajo aporte de calor\u00edas, ya que apenas contiene\u00a0<strong>42 kilocalor\u00edas por cada 100 gramos consumidos<\/strong>. Es caracter\u00edstico por su sabor agrio, aunque generalmente se consume en forma de dulce de membrillo, al que se a\u00f1ade az\u00facares y otros conservantes.<\/p>\n<p id=\"m97-96-98\" class=\"paragraph \">El membrillero pertenece a la familia de las\u00a0<em>ros\u00e1ceas<\/em>\u00a0y es originario del sudoeste de Asia, aunque en la antigua Grecia fue\u00a0<strong>considerado como un s\u00edmbolo del amor y de la fecundidad.<\/strong><\/p>\n<div id=\"axds-Intext\" class=\"axds\">\n<div id=\"Intext\" class=\"henneoHB\" data-google-query-id=\"CMmFpezLvfQCFXIWBgAdJisGQg\">\n<div id=\"google_ads_iframe_\/34616581\/20minutos.es\/salud\/noticia\/Intext_0__container__\"><span style=\"font-size: 1.7em; font-weight: bold;\">Una fruta ideal para el alivio de s\u00edntomas digestivos<\/span><\/div>\n<\/div>\n<\/div>\n<p id=\"m107-106-108\" class=\"paragraph \"><strong>El membrillo es rico en fibra, vitamina C\u00a0y taninos<\/strong>. Cerca del 90% de su composici\u00f3n es agua, apenas contiene prote\u00ednas y destaca el potasio como mineral m\u00e1s abundante en esta fruta.<\/p>\n<p id=\"m147-146-148\" class=\"paragraph \">&#8220;Las propiedades saludables del membrillo se deben a\u00a0<strong>su abundancia en fibra (pectina y muc\u00edlagos) y taninos, sustancias que le confieren la propiedad astringente&#8221;<\/strong>, a\u00f1aden. De esta manera, el membrillo contiene una importante propiedad de fibra soluble que facilita la digesti\u00f3n y regula el tr\u00e1nsito intestinal.<\/p>\n<p id=\"m152-151-153\" class=\"paragraph \">Por otro lado,\u00a0<strong>est\u00e1 compuesto por una relevante cantidad de \u00e1cido m\u00e1lico,<\/strong>\u00a0que proporciona ese sabor caracter\u00edstico a la fruta. Asimismo, la gran cantidad de potasio y escasa de sodio hace que este alimento contribuya a la reducci\u00f3n de los valores de hipertensi\u00f3n arterial.\u00a0<strong>Otros de los beneficios m\u00e1s destacados de su consumo son los siguientes:<\/strong><\/p>\n<div id=\"m157-156-158\" class=\"dotted-list \">\n<ul>\n<li>Tiene un efecto diur\u00e9tico, por lo que ayuda en dietas de adelgazamiento.<\/li>\n<li>Disminuye la acidez y es \u00fatil para los problemas digestivos al tener propiedades astringentes.<\/li>\n<li>Puede servir como tratamiento natural para la diarrea.<\/li>\n<li>Mejora los niveles de colesterol en sangre.<\/li>\n<\/ul>\n<\/div>\n<\/div>\n<\/article>\n<\/section>\n<\/div>\n<h6>Condiciones de conservaci\u00f3n:<\/h6>\n<p>Conservar en un lugar fresco, seco y protegido de la luz.<\/p>\n<h6>Informaci\u00f3n adicional:<\/h6>\n<p>Fabricado por: Esalat<\/p>\n","protected":false},"excerpt":{"rendered":"<p>Mermelada de membrillo 330g Sar Ashpaz Informaci\u00f3n del producto: Deliciosa y saludable mermelada de membrillo. Usos: La mermelada de membrillo es una receta que podemos utilizar en multitud de ocasiones y platos. Beneficios: Casi el 90% de su composici\u00f3n nutricional es agua y apenas contiene calor\u00edas. Esta fruta destaca por su elevado contenido en fibra [&hellip;]<\/p>\n","protected":false},"featured_media":14673,"template":"","meta":{"_surecart_dashboard_logo_width":"180px","_surecart_dashboard_show_logo":true,"_surecart_dashboard_navigation_orders":true,"_surecart_dashboard_navigation_invoices":true,"_surecart_dashboard_navigation_subscriptions":true,"_surecart_dashboard_navigation_downloads":true,"_surecart_dashboard_navigation_billing":true,"_surecart_dashboard_navigation_account":true,"_uag_custom_page_level_css":"","site-sidebar-layout":"default","site-content-layout":"default","ast-site-content-layout":"default","site-content-style":"default","site-sidebar-style":"default","ast-global-header-display":"","ast-banner-title-visibility":"","ast-main-header-display":"","ast-hfb-above-header-display":"","ast-hfb-below-header-display":"","ast-hfb-mobile-header-display":"","site-post-title":"","ast-breadcrumbs-content":"","ast-featured-img":"","footer-sml-layout":"","theme-transparent-header-meta":"default","adv-header-id-meta":"","stick-header-meta":"","header-above-stick-meta":"","header-main-stick-meta":"","header-below-stick-meta":"","astra-migrate-meta-layouts":"set","ast-page-background-enabled":"default","ast-page-background-meta":{"desktop":{"background-color":"","background-image":"","background-repeat":"repeat","background-position":"center center","background-size":"auto","background-attachment":"scroll","background-type":"","background-media":"","overlay-type":"","overlay-color":"","overlay-opacity":"","overlay-gradient":""},"tablet":{"background-color":"","background-image":"","background-repeat":"repeat","background-position":"center center","background-size":"auto","background-attachment":"scroll","background-type":"","background-media":"","overlay-type":"","overlay-color":"","overlay-opacity":"","overlay-gradient":""},"mobile":{"background-color":"","background-image":"","background-repeat":"repeat","background-position":"center center","background-size":"auto","background-attachment":"scroll","background-type":"","background-media":"","overlay-type":"","overlay-color":"","overlay-opacity":"","overlay-gradient":""}},"ast-content-background-meta":{"desktop":{"background-color":"var(--ast-global-color-5)","background-image":"","background-repeat":"repeat","background-position":"center center","background-size":"auto","background-attachment":"scroll","background-type":"","background-media":"","overlay-type":"","overlay-color":"","overlay-opacity":"","overlay-gradient":""},"tablet":{"background-color":"var(--ast-global-color-5)","background-image":"","background-repeat":"repeat","background-position":"center center","background-size":"auto","background-attachment":"scroll","background-type":"","background-media":"","overlay-type":"","overlay-color":"","overlay-opacity":"","overlay-gradient":""},"mobile":{"background-color":"var(--ast-global-color-5)","background-image":"","background-repeat":"repeat","background-position":"center center","background-size":"auto","background-attachment":"scroll","background-type":"","background-media":"","overlay-type":"","overlay-color":"","overlay-opacity":"","overlay-gradient":""}}},"pwb-brand":[199],"product_cat":[36],"product_tag":[576,714,710,871,338,279,291,334,336,335],"class_list":{"0":"post-8183","1":"product","2":"type-product","3":"status-publish","4":"has-post-thumbnail","6":"pwb-brand-sarashpaz","7":"product_cat-desayuno","8":"product_tag-desayuno","9":"product_tag-membrillo","10":"product_tag-mermelada","11":"product_tag-mermelada-membrillo","12":"product_tag-338","13":"product_tag-279","14":"product_tag-291","15":"product_tag-334","16":"product_tag-336","17":"product_tag-335","18":"desktop-align-center","19":"tablet-align-center","20":"mobile-align-center","22":"first","23":"instock","24":"taxable","25":"shipping-taxable","26":"purchasable","27":"product-type-simple"},"yoast_head":"<!-- This site is optimized with the Yoast SEO plugin v23.6 - https:\/\/yoast.com\/wordpress\/plugins\/seo\/ -->\n<title>Mermelada de membrillo 330g Sar Ashpaz - Delicias Persas<\/title>\n<meta name=\"description\" content=\"Deliciosa y Mermelada hasta saludable que nos aporta grandes beneficios medicinales est\u00e9ticos; por su aporte de fibra y vitaminas...\" \/>\n<meta name=\"robots\" content=\"index, follow, max-snippet:-1, max-image-preview:large, max-video-preview:-1\" \/>\n<link rel=\"canonical\" href=\"https:\/\/deliciaspersas.com\/en\/tienda\/desayuno\/mermelada-hasta-310-g-esalat\/\" \/>\n<meta property=\"og:locale\" content=\"en_US\" \/>\n<meta property=\"og:type\" content=\"article\" \/>\n<meta property=\"og:title\" content=\"Mermelada de membrillo 330g Sar Ashpaz - Delicias Persas\" \/>\n<meta property=\"og:description\" content=\"Deliciosa y Mermelada hasta saludable que nos aporta grandes beneficios medicinales est\u00e9ticos; por su aporte de fibra y vitaminas...\" \/>\n<meta property=\"og:url\" content=\"https:\/\/deliciaspersas.com\/en\/tienda\/desayuno\/mermelada-hasta-310-g-esalat\/\" \/>\n<meta property=\"og:site_name\" content=\"Delicias Persas\" \/>\n<meta property=\"article:publisher\" content=\"https:\/\/www.facebook.com\/Deliciaspersas\" \/>\n<meta property=\"article:modified_time\" content=\"2024-08-06T12:02:05+00:00\" \/>\n<meta property=\"og:image\" content=\"https:\/\/deliciaspersas.com\/wp-content\/uploads\/Mermelada-membrillo-Dayan-.jpg\" \/>\n\t<meta property=\"og:image:width\" content=\"1600\" \/>\n\t<meta property=\"og:image:height\" content=\"1600\" \/>\n\t<meta property=\"og:image:type\" content=\"image\/jpeg\" \/>\n<meta name=\"twitter:card\" content=\"summary_large_image\" \/>\n<meta name=\"twitter:label1\" content=\"Est. reading time\" \/>\n\t<meta name=\"twitter:data1\" content=\"2 minutes\" \/>\n<script type=\"application\/ld+json\" class=\"yoast-schema-graph\">{\"@context\":\"https:\/\/schema.org\",\"@graph\":[{\"@type\":\"WebPage\",\"@id\":\"https:\/\/deliciaspersas.com\/en\/tienda\/desayuno\/mermelada-hasta-310-g-esalat\/\",\"url\":\"https:\/\/deliciaspersas.com\/en\/tienda\/desayuno\/mermelada-hasta-310-g-esalat\/\",\"name\":\"Mermelada de membrillo 330g Sar Ashpaz - Delicias Persas\",\"isPartOf\":{\"@id\":\"https:\/\/deliciaspersas.com\/en\/#website\"},\"primaryImageOfPage\":{\"@id\":\"https:\/\/deliciaspersas.com\/en\/tienda\/desayuno\/mermelada-hasta-310-g-esalat\/#primaryimage\"},\"image\":{\"@id\":\"https:\/\/deliciaspersas.com\/en\/tienda\/desayuno\/mermelada-hasta-310-g-esalat\/#primaryimage\"},\"thumbnailUrl\":\"https:\/\/deliciaspersas.com\/wp-content\/uploads\/Mermelada-membrillo-Dayan-.jpg\",\"datePublished\":\"2021-06-21T11:33:17+00:00\",\"dateModified\":\"2024-08-06T12:02:05+00:00\",\"description\":\"Deliciosa y Mermelada hasta saludable que nos aporta grandes beneficios medicinales est\u00e9ticos; por su aporte de fibra y vitaminas...\",\"breadcrumb\":{\"@id\":\"https:\/\/deliciaspersas.com\/en\/tienda\/desayuno\/mermelada-hasta-310-g-esalat\/#breadcrumb\"},\"inLanguage\":\"en-US\",\"potentialAction\":[{\"@type\":\"ReadAction\",\"target\":[\"https:\/\/deliciaspersas.com\/en\/tienda\/desayuno\/mermelada-hasta-310-g-esalat\/\"]}]},{\"@type\":\"ImageObject\",\"inLanguage\":\"en-US\",\"@id\":\"https:\/\/deliciaspersas.com\/en\/tienda\/desayuno\/mermelada-hasta-310-g-esalat\/#primaryimage\",\"url\":\"https:\/\/deliciaspersas.com\/wp-content\/uploads\/Mermelada-membrillo-Dayan-.jpg\",\"contentUrl\":\"https:\/\/deliciaspersas.com\/wp-content\/uploads\/Mermelada-membrillo-Dayan-.jpg\",\"width\":1600,\"height\":1600},{\"@type\":\"BreadcrumbList\",\"@id\":\"https:\/\/deliciaspersas.com\/en\/tienda\/desayuno\/mermelada-hasta-310-g-esalat\/#breadcrumb\",\"itemListElement\":[{\"@type\":\"ListItem\",\"position\":1,\"name\":\"Portada\",\"item\":\"https:\/\/deliciaspersas.com\/en\/\"},{\"@type\":\"ListItem\",\"position\":2,\"name\":\"Tienda\",\"item\":\"https:\/\/deliciaspersas.com\/\"},{\"@type\":\"ListItem\",\"position\":3,\"name\":\"Mermelada de membrillo 330g Sar Ashpaz\"}]},{\"@type\":\"WebSite\",\"@id\":\"https:\/\/deliciaspersas.com\/en\/#website\",\"url\":\"https:\/\/deliciaspersas.com\/en\/\",\"name\":\"Delicias Persas\",\"description\":\"Gastronom&iacute;a persa al alcance de tus manos\",\"publisher\":{\"@id\":\"https:\/\/deliciaspersas.com\/en\/#organization\"},\"potentialAction\":[{\"@type\":\"SearchAction\",\"target\":{\"@type\":\"EntryPoint\",\"urlTemplate\":\"https:\/\/deliciaspersas.com\/en\/?s={search_term_string}\"},\"query-input\":{\"@type\":\"PropertyValueSpecification\",\"valueRequired\":true,\"valueName\":\"search_term_string\"}}],\"inLanguage\":\"en-US\"},{\"@type\":\"Organization\",\"@id\":\"https:\/\/deliciaspersas.com\/en\/#organization\",\"name\":\"Delicias Persas\",\"url\":\"https:\/\/deliciaspersas.com\/en\/\",\"logo\":{\"@type\":\"ImageObject\",\"inLanguage\":\"en-US\",\"@id\":\"https:\/\/deliciaspersas.com\/en\/#\/schema\/logo\/image\/\",\"url\":\"https:\/\/deliciaspersas.com\/wp-content\/uploads\/2020\/07\/logo-2020.png\",\"contentUrl\":\"https:\/\/deliciaspersas.com\/wp-content\/uploads\/2020\/07\/logo-2020.png\",\"width\":520,\"height\":490,\"caption\":\"Delicias Persas\"},\"image\":{\"@id\":\"https:\/\/deliciaspersas.com\/en\/#\/schema\/logo\/image\/\"},\"sameAs\":[\"https:\/\/www.facebook.com\/Deliciaspersas\",\"https:\/\/www.instagram.com\/delicias_persas\/\",\"https:\/\/www.linkedin.com\/delicias-persas\"]}]}<\/script>\n<!-- \/ Yoast SEO plugin. -->","yoast_head_json":{"title":"Mermelada de membrillo 330g Sar Ashpaz - Delicias Persas","description":"Deliciosa y Mermelada hasta saludable que nos aporta grandes beneficios medicinales est\u00e9ticos; por su aporte de fibra y vitaminas...","robots":{"index":"index","follow":"follow","max-snippet":"max-snippet:-1","max-image-preview":"max-image-preview:large","max-video-preview":"max-video-preview:-1"},"canonical":"https:\/\/deliciaspersas.com\/en\/tienda\/desayuno\/mermelada-hasta-310-g-esalat\/","og_locale":"en_US","og_type":"article","og_title":"Mermelada de membrillo 330g Sar Ashpaz - Delicias Persas","og_description":"Deliciosa y Mermelada hasta saludable que nos aporta grandes beneficios medicinales est\u00e9ticos; por su aporte de fibra y vitaminas...","og_url":"https:\/\/deliciaspersas.com\/en\/tienda\/desayuno\/mermelada-hasta-310-g-esalat\/","og_site_name":"Delicias Persas","article_publisher":"https:\/\/www.facebook.com\/Deliciaspersas","article_modified_time":"2024-08-06T12:02:05+00:00","og_image":[{"width":1600,"height":1600,"url":"https:\/\/deliciaspersas.com\/wp-content\/uploads\/Mermelada-membrillo-Dayan-.jpg","type":"image\/jpeg"}],"twitter_card":"summary_large_image","twitter_misc":{"Est. reading time":"2 minutes"},"schema":{"@context":"https:\/\/schema.org","@graph":[{"@type":"WebPage","@id":"https:\/\/deliciaspersas.com\/en\/tienda\/desayuno\/mermelada-hasta-310-g-esalat\/","url":"https:\/\/deliciaspersas.com\/en\/tienda\/desayuno\/mermelada-hasta-310-g-esalat\/","name":"Mermelada de membrillo 330g Sar Ashpaz - Delicias Persas","isPartOf":{"@id":"https:\/\/deliciaspersas.com\/en\/#website"},"primaryImageOfPage":{"@id":"https:\/\/deliciaspersas.com\/en\/tienda\/desayuno\/mermelada-hasta-310-g-esalat\/#primaryimage"},"image":{"@id":"https:\/\/deliciaspersas.com\/en\/tienda\/desayuno\/mermelada-hasta-310-g-esalat\/#primaryimage"},"thumbnailUrl":"https:\/\/deliciaspersas.com\/wp-content\/uploads\/Mermelada-membrillo-Dayan-.jpg","datePublished":"2021-06-21T11:33:17+00:00","dateModified":"2024-08-06T12:02:05+00:00","description":"Deliciosa y Mermelada hasta saludable que nos aporta grandes beneficios medicinales est\u00e9ticos; por su aporte de fibra y vitaminas...","breadcrumb":{"@id":"https:\/\/deliciaspersas.com\/en\/tienda\/desayuno\/mermelada-hasta-310-g-esalat\/#breadcrumb"},"inLanguage":"en-US","potentialAction":[{"@type":"ReadAction","target":["https:\/\/deliciaspersas.com\/en\/tienda\/desayuno\/mermelada-hasta-310-g-esalat\/"]}]},{"@type":"ImageObject","inLanguage":"en-US","@id":"https:\/\/deliciaspersas.com\/en\/tienda\/desayuno\/mermelada-hasta-310-g-esalat\/#primaryimage","url":"https:\/\/deliciaspersas.com\/wp-content\/uploads\/Mermelada-membrillo-Dayan-.jpg","contentUrl":"https:\/\/deliciaspersas.com\/wp-content\/uploads\/Mermelada-membrillo-Dayan-.jpg","width":1600,"height":1600},{"@type":"BreadcrumbList","@id":"https:\/\/deliciaspersas.com\/en\/tienda\/desayuno\/mermelada-hasta-310-g-esalat\/#breadcrumb","itemListElement":[{"@type":"ListItem","position":1,"name":"Portada","item":"https:\/\/deliciaspersas.com\/en\/"},{"@type":"ListItem","position":2,"name":"Tienda","item":"https:\/\/deliciaspersas.com\/"},{"@type":"ListItem","position":3,"name":"Mermelada de membrillo 330g Sar Ashpaz"}]},{"@type":"WebSite","@id":"https:\/\/deliciaspersas.com\/en\/#website","url":"https:\/\/deliciaspersas.com\/en\/","name":"Delicias Persas","description":"Gastronom&iacute;a persa al alcance de tus manos","publisher":{"@id":"https:\/\/deliciaspersas.com\/en\/#organization"},"potentialAction":[{"@type":"SearchAction","target":{"@type":"EntryPoint","urlTemplate":"https:\/\/deliciaspersas.com\/en\/?s={search_term_string}"},"query-input":{"@type":"PropertyValueSpecification","valueRequired":true,"valueName":"search_term_string"}}],"inLanguage":"en-US"},{"@type":"Organization","@id":"https:\/\/deliciaspersas.com\/en\/#organization","name":"Delicias Persas","url":"https:\/\/deliciaspersas.com\/en\/","logo":{"@type":"ImageObject","inLanguage":"en-US","@id":"https:\/\/deliciaspersas.com\/en\/#\/schema\/logo\/image\/","url":"https:\/\/deliciaspersas.com\/wp-content\/uploads\/2020\/07\/logo-2020.png","contentUrl":"https:\/\/deliciaspersas.com\/wp-content\/uploads\/2020\/07\/logo-2020.png","width":520,"height":490,"caption":"Delicias Persas"},"image":{"@id":"https:\/\/deliciaspersas.com\/en\/#\/schema\/logo\/image\/"},"sameAs":["https:\/\/www.facebook.com\/Deliciaspersas","https:\/\/www.instagram.com\/delicias_persas\/","https:\/\/www.linkedin.com\/delicias-persas"]}]}},"uagb_featured_image_src":{"full":["https:\/\/deliciaspersas.com\/wp-content\/uploads\/Mermelada-membrillo-Dayan-.jpg",1600,1600,false],"thumbnail":["https:\/\/deliciaspersas.com\/wp-content\/uploads\/Mermelada-membrillo-Dayan--150x150.jpg",150,150,true],"medium":["https:\/\/deliciaspersas.com\/wp-content\/uploads\/Mermelada-membrillo-Dayan--300x300.jpg",300,300,true],"medium_large":["https:\/\/deliciaspersas.com\/wp-content\/uploads\/Mermelada-membrillo-Dayan--768x768.jpg",768,768,true],"large":["https:\/\/deliciaspersas.com\/wp-content\/uploads\/Mermelada-membrillo-Dayan--1024x1024.jpg",1024,1024,true],"1536x1536":["https:\/\/deliciaspersas.com\/wp-content\/uploads\/Mermelada-membrillo-Dayan--1536x1536.jpg",1536,1536,true],"2048x2048":["https:\/\/deliciaspersas.com\/wp-content\/uploads\/Mermelada-membrillo-Dayan-.jpg",1600,1600,false],"woocommerce_thumbnail":["https:\/\/deliciaspersas.com\/wp-content\/uploads\/Mermelada-membrillo-Dayan--300x300.jpg",300,300,true],"woocommerce_single":["https:\/\/deliciaspersas.com\/wp-content\/uploads\/Mermelada-membrillo-Dayan--600x600.jpg",600,600,true],"woocommerce_gallery_thumbnail":["https:\/\/deliciaspersas.com\/wp-content\/uploads\/Mermelada-membrillo-Dayan--100x100.jpg",100,100,true]},"uagb_author_info":{"display_name":"Maral Azizi","author_link":"https:\/\/deliciaspersas.com\/en\/author\/"},"uagb_comment_info":0,"uagb_excerpt":"Mermelada de membrillo 330g Sar Ashpaz Informaci\u00f3n del producto: Deliciosa y saludable mermelada de membrillo. Usos: La mermelada de membrillo es una receta que podemos utilizar en multitud de ocasiones y platos. Beneficios: Casi el 90% de su composici\u00f3n nutricional es agua y apenas contiene calor\u00edas. Esta fruta destaca por su elevado contenido en fibra&hellip;","brands":[{"id":199,"name":"Sarashpaz","slug":"sarashpaz"}],"_links":{"self":[{"href":"https:\/\/deliciaspersas.com\/en\/wp-json\/wp\/v2\/product\/8183"}],"collection":[{"href":"https:\/\/deliciaspersas.com\/en\/wp-json\/wp\/v2\/product"}],"about":[{"href":"https:\/\/deliciaspersas.com\/en\/wp-json\/wp\/v2\/types\/product"}],"wp:featuredmedia":[{"embeddable":true,"href":"https:\/\/deliciaspersas.com\/en\/wp-json\/wp\/v2\/media\/14673"}],"wp:attachment":[{"href":"https:\/\/deliciaspersas.com\/en\/wp-json\/wp\/v2\/media?parent=8183"}],"wp:term":[{"taxonomy":"pwb-brand","embeddable":true,"href":"https:\/\/deliciaspersas.com\/en\/wp-json\/wp\/v2\/pwb-brand?post=8183"},{"taxonomy":"product_cat","embeddable":true,"href":"https:\/\/deliciaspersas.com\/en\/wp-json\/wp\/v2\/product_cat?post=8183"},{"taxonomy":"product_tag","embeddable":true,"href":"https:\/\/deliciaspersas.com\/en\/wp-json\/wp\/v2\/product_tag?post=8183"}],"curies":[{"name":"wp","href":"https:\/\/api.w.org\/{rel}","templated":true}]}}