{"id":8209,"date":"2021-06-21T20:22:14","date_gmt":"2021-06-21T18:22:14","guid":{"rendered":"https:\/\/deliciaspersas.com\/?post_type=product&#038;p=8209"},"modified":"2024-11-26T20:11:16","modified_gmt":"2024-11-26T19:11:16","slug":"sirope-de-sekanjebin-sharbat-sekanjebin-530g-esalat","status":"publish","type":"product","link":"https:\/\/deliciaspersas.com\/en\/tienda\/destilados\/sirope-de-sekanjebin-sharbat-sekanjebin-530g-esalat\/","title":{"rendered":"Sirope de Sekanjebin (Sharbat sekanjebin) 530g Esalat"},"content":{"rendered":"<h1>Sirope de Sekanjebin (Sharbat sekanjebin) 530g Esalat<\/h1>\n<h6>Informaci\u00f3n del producto:<\/h6>\n<p class=\"title\" data-asset-id=\"967547802\">El Sirope de Sekanjevin es una mezcla entre el vinagre y la miel; y se emplea para dar sabor a tus platos y postres.<\/p>\n<h6>Usos:<\/h6>\n<p>El uso de este sirope en tus platos, aportar\u00e1 los m\u00faltiples beneficios del vinagre, que desintoxica el cuerpo, regula el PH del cuerpo, ayuda a bajar la presi\u00f3n arterial ; y de la miel, que es una fuente natural de antioxidantes, contiene prote\u00ednas, favorece la digesti\u00f3n, y muchos beneficios mas\u2026.<\/p>\n<h6>Beneficios:<\/h6>\n<p>El sirope de vinagre y miel, Sekanjevin tiene propiedades como: vitamina D, calcio, magnesio y f\u00f3sforo, que debido a estas minerales fortalece los huesos y los dientes y previene la osteoporosis en las personas.<\/p>\n<p>Este producto contiene poderosos antioxidantes que desempe\u00f1an un papel eficaz en el fortalecimiento del sistema inmunol\u00f3gico del cuerpo y lo protege contra diversas enfermedades, especialmente varios c\u00e1nceres.<\/p>\n<p>Este jarabe, Sekanjevin, reduce la concentraci\u00f3n sangu\u00ednea purificando la sangre, por lo que es \u00fatil para personas con gota y \u00e1cido \u00farico alto. La presencia de sales y minerales en la miel tambi\u00e9n tiene un gran efecto en la salud de la piel y el cabello.<\/p>\n<p>Al consumir este producto, se pueden eliminar los siguientes problemas y enfermedades. Sin embargo, cabe se\u00f1alar que el uso de la medicina tradicional nunca puede reemplazar las terapias m\u00e9dicas y los medicamentos.<\/p>\n<p>Disminuci\u00f3n de la temperatura corporal.(bajar la fiebre)<br \/>\nBajar la presi\u00f3n sangu\u00ednea<br \/>\nDisminuci\u00f3n de la bilis en el cuerpo.<br \/>\nTratamiento del insomnio<br \/>\nAumentar el apetito<br \/>\nReducir los dolores de cabeza<br \/>\nusarlo como laxantes<br \/>\nAbre el bloqueo de las arterias.<br \/>\nTratamiento del dolor de est\u00f3mago<br \/>\nTratamiento de hinchaz\u00f3n y problemas digestivos.<br \/>\nProblemas urinarios<\/p>\n<h6>Ingredientes y al\u00e9rgenos:<\/h6>\n<p>El sirope de Sekanjevin est\u00e1 formado por vinagre y miel.<\/p>\n<h6>Condiciones de conservaci\u00f3n:<\/h6>\n<p>Conservar en un lugar fresco, seco y protegido de la luz.<\/p>\n<h6>Informaci\u00f3n adicional:<\/h6>\n<p>Fabricado por: Esalat<\/p>\n","protected":false},"excerpt":{"rendered":"<p>Sirope de Sekanjebin (Sharbat sekanjebin) 530g Esalat Informaci\u00f3n del producto: El Sirope de Sekanjevin es una mezcla entre el vinagre y la miel; y se emplea para dar sabor a tus platos y postres. Usos: El uso de este sirope en tus platos, aportar\u00e1 los m\u00faltiples beneficios del vinagre, que desintoxica el cuerpo, regula el [&hellip;]<\/p>\n","protected":false},"featured_media":11538,"template":"","meta":{"_surecart_dashboard_logo_width":"180px","_surecart_dashboard_show_logo":true,"_surecart_dashboard_navigation_orders":true,"_surecart_dashboard_navigation_invoices":true,"_surecart_dashboard_navigation_subscriptions":true,"_surecart_dashboard_navigation_downloads":true,"_surecart_dashboard_navigation_billing":true,"_surecart_dashboard_navigation_account":true,"_uag_custom_page_level_css":"","site-sidebar-layout":"default","site-content-layout":"default","ast-site-content-layout":"","site-content-style":"default","site-sidebar-style":"default","ast-global-header-display":"","ast-banner-title-visibility":"","ast-main-header-display":"","ast-hfb-above-header-display":"","ast-hfb-below-header-display":"","ast-hfb-mobile-header-display":"","site-post-title":"","ast-breadcrumbs-content":"","ast-featured-img":"","footer-sml-layout":"","theme-transparent-header-meta":"default","adv-header-id-meta":"","stick-header-meta":"","header-above-stick-meta":"","header-main-stick-meta":"","header-below-stick-meta":"","astra-migrate-meta-layouts":"default","ast-page-background-enabled":"default","ast-page-background-meta":{"desktop":{"background-color":"","background-image":"","background-repeat":"repeat","background-position":"center center","background-size":"auto","background-attachment":"scroll","background-type":"","background-media":"","overlay-type":"","overlay-color":"","overlay-opacity":"","overlay-gradient":""},"tablet":{"background-color":"","background-image":"","background-repeat":"repeat","background-position":"center center","background-size":"auto","background-attachment":"scroll","background-type":"","background-media":"","overlay-type":"","overlay-color":"","overlay-opacity":"","overlay-gradient":""},"mobile":{"background-color":"","background-image":"","background-repeat":"repeat","background-position":"center center","background-size":"auto","background-attachment":"scroll","background-type":"","background-media":"","overlay-type":"","overlay-color":"","overlay-opacity":"","overlay-gradient":""}},"ast-content-background-meta":{"desktop":{"background-color":"var(--ast-global-color-5)","background-image":"","background-repeat":"repeat","background-position":"center center","background-size":"auto","background-attachment":"scroll","background-type":"","background-media":"","overlay-type":"","overlay-color":"","overlay-opacity":"","overlay-gradient":""},"tablet":{"background-color":"var(--ast-global-color-5)","background-image":"","background-repeat":"repeat","background-position":"center center","background-size":"auto","background-attachment":"scroll","background-type":"","background-media":"","overlay-type":"","overlay-color":"","overlay-opacity":"","overlay-gradient":""},"mobile":{"background-color":"var(--ast-global-color-5)","background-image":"","background-repeat":"repeat","background-position":"center center","background-size":"auto","background-attachment":"scroll","background-type":"","background-media":"","overlay-type":"","overlay-color":"","overlay-opacity":"","overlay-gradient":""}}},"pwb-brand":[183],"product_cat":[39,1129],"product_tag":[799,338,359,361,279,360,1134],"class_list":{"0":"post-8209","1":"product","2":"type-product","3":"status-publish","4":"has-post-thumbnail","6":"pwb-brand-esalat","7":"product_cat-destilados","8":"product_cat-esalat","9":"product_tag-sekanjebin","10":"product_tag-338","11":"product_tag-359","12":"product_tag-361","13":"product_tag-279","14":"product_tag-360","15":"product_tag-1134","16":"desktop-align-center","17":"tablet-align-center","18":"mobile-align-center","20":"first","21":"outofstock","22":"taxable","23":"shipping-taxable","24":"purchasable","25":"product-type-simple"},"yoast_head":"<!-- This site is optimized with the Yoast SEO plugin v23.6 - https:\/\/yoast.com\/wordpress\/plugins\/seo\/ -->\n<title>Sirope de Sekanjebin (Sharbat sekanjebin) 530g Esalat - Delicias Persas<\/title>\n<meta name=\"robots\" content=\"index, follow, max-snippet:-1, max-image-preview:large, max-video-preview:-1\" \/>\n<link rel=\"canonical\" href=\"https:\/\/deliciaspersas.com\/en\/tienda\/destilados\/sirope-de-sekanjebin-sharbat-sekanjebin-530g-esalat\/\" \/>\n<meta property=\"og:locale\" content=\"en_US\" \/>\n<meta property=\"og:type\" content=\"article\" \/>\n<meta property=\"og:title\" content=\"Sirope de Sekanjebin (Sharbat sekanjebin) 530g Esalat - Delicias Persas\" \/>\n<meta property=\"og:description\" content=\"Sirope de Sekanjebin (Sharbat sekanjebin) 530g Esalat Informaci\u00f3n del producto: El Sirope de Sekanjevin es una mezcla entre el vinagre y la miel; y se emplea para dar sabor a tus platos y postres. Usos: El uso de este sirope en tus platos, aportar\u00e1 los m\u00faltiples beneficios del vinagre, que desintoxica el cuerpo, regula el [&hellip;]\" \/>\n<meta property=\"og:url\" content=\"https:\/\/deliciaspersas.com\/en\/tienda\/destilados\/sirope-de-sekanjebin-sharbat-sekanjebin-530g-esalat\/\" \/>\n<meta property=\"og:site_name\" content=\"Delicias Persas\" \/>\n<meta property=\"article:publisher\" content=\"https:\/\/www.facebook.com\/Deliciaspersas\" \/>\n<meta property=\"article:modified_time\" content=\"2024-11-26T19:11:16+00:00\" \/>\n<meta property=\"og:image\" content=\"https:\/\/deliciaspersas.com\/wp-content\/uploads\/Sirop-de-sekanjebin.jpg\" \/>\n\t<meta property=\"og:image:width\" content=\"1000\" \/>\n\t<meta property=\"og:image:height\" content=\"1000\" \/>\n\t<meta property=\"og:image:type\" content=\"image\/jpeg\" \/>\n<meta name=\"twitter:card\" content=\"summary_large_image\" \/>\n<meta name=\"twitter:label1\" content=\"Est. reading time\" \/>\n\t<meta name=\"twitter:data1\" content=\"2 minutes\" \/>\n<script type=\"application\/ld+json\" class=\"yoast-schema-graph\">{\"@context\":\"https:\/\/schema.org\",\"@graph\":[{\"@type\":\"WebPage\",\"@id\":\"https:\/\/deliciaspersas.com\/en\/tienda\/destilados\/sirope-de-sekanjebin-sharbat-sekanjebin-530g-esalat\/\",\"url\":\"https:\/\/deliciaspersas.com\/en\/tienda\/destilados\/sirope-de-sekanjebin-sharbat-sekanjebin-530g-esalat\/\",\"name\":\"Sirope de Sekanjebin (Sharbat sekanjebin) 530g Esalat - Delicias Persas\",\"isPartOf\":{\"@id\":\"https:\/\/deliciaspersas.com\/en\/#website\"},\"primaryImageOfPage\":{\"@id\":\"https:\/\/deliciaspersas.com\/en\/tienda\/destilados\/sirope-de-sekanjebin-sharbat-sekanjebin-530g-esalat\/#primaryimage\"},\"image\":{\"@id\":\"https:\/\/deliciaspersas.com\/en\/tienda\/destilados\/sirope-de-sekanjebin-sharbat-sekanjebin-530g-esalat\/#primaryimage\"},\"thumbnailUrl\":\"https:\/\/deliciaspersas.com\/wp-content\/uploads\/Sirop-de-sekanjebin.jpg\",\"datePublished\":\"2021-06-21T18:22:14+00:00\",\"dateModified\":\"2024-11-26T19:11:16+00:00\",\"breadcrumb\":{\"@id\":\"https:\/\/deliciaspersas.com\/en\/tienda\/destilados\/sirope-de-sekanjebin-sharbat-sekanjebin-530g-esalat\/#breadcrumb\"},\"inLanguage\":\"en-US\",\"potentialAction\":[{\"@type\":\"ReadAction\",\"target\":[\"https:\/\/deliciaspersas.com\/en\/tienda\/destilados\/sirope-de-sekanjebin-sharbat-sekanjebin-530g-esalat\/\"]}]},{\"@type\":\"ImageObject\",\"inLanguage\":\"en-US\",\"@id\":\"https:\/\/deliciaspersas.com\/en\/tienda\/destilados\/sirope-de-sekanjebin-sharbat-sekanjebin-530g-esalat\/#primaryimage\",\"url\":\"https:\/\/deliciaspersas.com\/wp-content\/uploads\/Sirop-de-sekanjebin.jpg\",\"contentUrl\":\"https:\/\/deliciaspersas.com\/wp-content\/uploads\/Sirop-de-sekanjebin.jpg\",\"width\":1000,\"height\":1000},{\"@type\":\"BreadcrumbList\",\"@id\":\"https:\/\/deliciaspersas.com\/en\/tienda\/destilados\/sirope-de-sekanjebin-sharbat-sekanjebin-530g-esalat\/#breadcrumb\",\"itemListElement\":[{\"@type\":\"ListItem\",\"position\":1,\"name\":\"Portada\",\"item\":\"https:\/\/deliciaspersas.com\/en\/\"},{\"@type\":\"ListItem\",\"position\":2,\"name\":\"Tienda\",\"item\":\"https:\/\/deliciaspersas.com\/\"},{\"@type\":\"ListItem\",\"position\":3,\"name\":\"Sirope de Sekanjebin (Sharbat sekanjebin) 530g Esalat\"}]},{\"@type\":\"WebSite\",\"@id\":\"https:\/\/deliciaspersas.com\/en\/#website\",\"url\":\"https:\/\/deliciaspersas.com\/en\/\",\"name\":\"Delicias Persas\",\"description\":\"Gastronom&iacute;a persa al alcance de tus manos\",\"publisher\":{\"@id\":\"https:\/\/deliciaspersas.com\/en\/#organization\"},\"potentialAction\":[{\"@type\":\"SearchAction\",\"target\":{\"@type\":\"EntryPoint\",\"urlTemplate\":\"https:\/\/deliciaspersas.com\/en\/?s={search_term_string}\"},\"query-input\":{\"@type\":\"PropertyValueSpecification\",\"valueRequired\":true,\"valueName\":\"search_term_string\"}}],\"inLanguage\":\"en-US\"},{\"@type\":\"Organization\",\"@id\":\"https:\/\/deliciaspersas.com\/en\/#organization\",\"name\":\"Delicias Persas\",\"url\":\"https:\/\/deliciaspersas.com\/en\/\",\"logo\":{\"@type\":\"ImageObject\",\"inLanguage\":\"en-US\",\"@id\":\"https:\/\/deliciaspersas.com\/en\/#\/schema\/logo\/image\/\",\"url\":\"https:\/\/deliciaspersas.com\/wp-content\/uploads\/2020\/07\/logo-2020.png\",\"contentUrl\":\"https:\/\/deliciaspersas.com\/wp-content\/uploads\/2020\/07\/logo-2020.png\",\"width\":520,\"height\":490,\"caption\":\"Delicias Persas\"},\"image\":{\"@id\":\"https:\/\/deliciaspersas.com\/en\/#\/schema\/logo\/image\/\"},\"sameAs\":[\"https:\/\/www.facebook.com\/Deliciaspersas\",\"https:\/\/www.instagram.com\/delicias_persas\/\",\"https:\/\/www.linkedin.com\/delicias-persas\"]}]}<\/script>\n<!-- \/ Yoast SEO plugin. -->","yoast_head_json":{"title":"Sirope de Sekanjebin (Sharbat sekanjebin) 530g Esalat - Delicias Persas","robots":{"index":"index","follow":"follow","max-snippet":"max-snippet:-1","max-image-preview":"max-image-preview:large","max-video-preview":"max-video-preview:-1"},"canonical":"https:\/\/deliciaspersas.com\/en\/tienda\/destilados\/sirope-de-sekanjebin-sharbat-sekanjebin-530g-esalat\/","og_locale":"en_US","og_type":"article","og_title":"Sirope de Sekanjebin (Sharbat sekanjebin) 530g Esalat - Delicias Persas","og_description":"Sirope de Sekanjebin (Sharbat sekanjebin) 530g Esalat Informaci\u00f3n del producto: El Sirope de Sekanjevin es una mezcla entre el vinagre y la miel; y se emplea para dar sabor a tus platos y postres. Usos: El uso de este sirope en tus platos, aportar\u00e1 los m\u00faltiples beneficios del vinagre, que desintoxica el cuerpo, regula el [&hellip;]","og_url":"https:\/\/deliciaspersas.com\/en\/tienda\/destilados\/sirope-de-sekanjebin-sharbat-sekanjebin-530g-esalat\/","og_site_name":"Delicias Persas","article_publisher":"https:\/\/www.facebook.com\/Deliciaspersas","article_modified_time":"2024-11-26T19:11:16+00:00","og_image":[{"width":1000,"height":1000,"url":"https:\/\/deliciaspersas.com\/wp-content\/uploads\/Sirop-de-sekanjebin.jpg","type":"image\/jpeg"}],"twitter_card":"summary_large_image","twitter_misc":{"Est. reading time":"2 minutes"},"schema":{"@context":"https:\/\/schema.org","@graph":[{"@type":"WebPage","@id":"https:\/\/deliciaspersas.com\/en\/tienda\/destilados\/sirope-de-sekanjebin-sharbat-sekanjebin-530g-esalat\/","url":"https:\/\/deliciaspersas.com\/en\/tienda\/destilados\/sirope-de-sekanjebin-sharbat-sekanjebin-530g-esalat\/","name":"Sirope de Sekanjebin (Sharbat sekanjebin) 530g Esalat - Delicias Persas","isPartOf":{"@id":"https:\/\/deliciaspersas.com\/en\/#website"},"primaryImageOfPage":{"@id":"https:\/\/deliciaspersas.com\/en\/tienda\/destilados\/sirope-de-sekanjebin-sharbat-sekanjebin-530g-esalat\/#primaryimage"},"image":{"@id":"https:\/\/deliciaspersas.com\/en\/tienda\/destilados\/sirope-de-sekanjebin-sharbat-sekanjebin-530g-esalat\/#primaryimage"},"thumbnailUrl":"https:\/\/deliciaspersas.com\/wp-content\/uploads\/Sirop-de-sekanjebin.jpg","datePublished":"2021-06-21T18:22:14+00:00","dateModified":"2024-11-26T19:11:16+00:00","breadcrumb":{"@id":"https:\/\/deliciaspersas.com\/en\/tienda\/destilados\/sirope-de-sekanjebin-sharbat-sekanjebin-530g-esalat\/#breadcrumb"},"inLanguage":"en-US","potentialAction":[{"@type":"ReadAction","target":["https:\/\/deliciaspersas.com\/en\/tienda\/destilados\/sirope-de-sekanjebin-sharbat-sekanjebin-530g-esalat\/"]}]},{"@type":"ImageObject","inLanguage":"en-US","@id":"https:\/\/deliciaspersas.com\/en\/tienda\/destilados\/sirope-de-sekanjebin-sharbat-sekanjebin-530g-esalat\/#primaryimage","url":"https:\/\/deliciaspersas.com\/wp-content\/uploads\/Sirop-de-sekanjebin.jpg","contentUrl":"https:\/\/deliciaspersas.com\/wp-content\/uploads\/Sirop-de-sekanjebin.jpg","width":1000,"height":1000},{"@type":"BreadcrumbList","@id":"https:\/\/deliciaspersas.com\/en\/tienda\/destilados\/sirope-de-sekanjebin-sharbat-sekanjebin-530g-esalat\/#breadcrumb","itemListElement":[{"@type":"ListItem","position":1,"name":"Portada","item":"https:\/\/deliciaspersas.com\/en\/"},{"@type":"ListItem","position":2,"name":"Tienda","item":"https:\/\/deliciaspersas.com\/"},{"@type":"ListItem","position":3,"name":"Sirope de Sekanjebin (Sharbat sekanjebin) 530g Esalat"}]},{"@type":"WebSite","@id":"https:\/\/deliciaspersas.com\/en\/#website","url":"https:\/\/deliciaspersas.com\/en\/","name":"Delicias Persas","description":"Gastronom&iacute;a persa al alcance de tus manos","publisher":{"@id":"https:\/\/deliciaspersas.com\/en\/#organization"},"potentialAction":[{"@type":"SearchAction","target":{"@type":"EntryPoint","urlTemplate":"https:\/\/deliciaspersas.com\/en\/?s={search_term_string}"},"query-input":{"@type":"PropertyValueSpecification","valueRequired":true,"valueName":"search_term_string"}}],"inLanguage":"en-US"},{"@type":"Organization","@id":"https:\/\/deliciaspersas.com\/en\/#organization","name":"Delicias Persas","url":"https:\/\/deliciaspersas.com\/en\/","logo":{"@type":"ImageObject","inLanguage":"en-US","@id":"https:\/\/deliciaspersas.com\/en\/#\/schema\/logo\/image\/","url":"https:\/\/deliciaspersas.com\/wp-content\/uploads\/2020\/07\/logo-2020.png","contentUrl":"https:\/\/deliciaspersas.com\/wp-content\/uploads\/2020\/07\/logo-2020.png","width":520,"height":490,"caption":"Delicias Persas"},"image":{"@id":"https:\/\/deliciaspersas.com\/en\/#\/schema\/logo\/image\/"},"sameAs":["https:\/\/www.facebook.com\/Deliciaspersas","https:\/\/www.instagram.com\/delicias_persas\/","https:\/\/www.linkedin.com\/delicias-persas"]}]}},"uagb_featured_image_src":{"full":["https:\/\/deliciaspersas.com\/wp-content\/uploads\/Sirop-de-sekanjebin.jpg",1000,1000,false],"thumbnail":["https:\/\/deliciaspersas.com\/wp-content\/uploads\/Sirop-de-sekanjebin-150x150.jpg",150,150,true],"medium":["https:\/\/deliciaspersas.com\/wp-content\/uploads\/Sirop-de-sekanjebin-300x300.jpg",300,300,true],"medium_large":["https:\/\/deliciaspersas.com\/wp-content\/uploads\/Sirop-de-sekanjebin-768x768.jpg",768,768,true],"large":["https:\/\/deliciaspersas.com\/wp-content\/uploads\/Sirop-de-sekanjebin.jpg",1000,1000,false],"1536x1536":["https:\/\/deliciaspersas.com\/wp-content\/uploads\/Sirop-de-sekanjebin.jpg",1000,1000,false],"2048x2048":["https:\/\/deliciaspersas.com\/wp-content\/uploads\/Sirop-de-sekanjebin.jpg",1000,1000,false],"woocommerce_thumbnail":["https:\/\/deliciaspersas.com\/wp-content\/uploads\/Sirop-de-sekanjebin-300x300.jpg",300,300,true],"woocommerce_single":["https:\/\/deliciaspersas.com\/wp-content\/uploads\/Sirop-de-sekanjebin-600x600.jpg",600,600,true],"woocommerce_gallery_thumbnail":["https:\/\/deliciaspersas.com\/wp-content\/uploads\/Sirop-de-sekanjebin-100x100.jpg",100,100,true]},"uagb_author_info":{"display_name":"Maral Azizi","author_link":"https:\/\/deliciaspersas.com\/en\/author\/"},"uagb_comment_info":0,"uagb_excerpt":"Sirope de Sekanjebin (Sharbat sekanjebin) 530g Esalat Informaci\u00f3n del producto: El Sirope de Sekanjevin es una mezcla entre el vinagre y la miel; y se emplea para dar sabor a tus platos y postres. Usos: El uso de este sirope en tus platos, aportar\u00e1 los m\u00faltiples beneficios del vinagre, que desintoxica el cuerpo, regula el&hellip;","brands":[{"id":183,"name":"Esalat","slug":"esalat"}],"_links":{"self":[{"href":"https:\/\/deliciaspersas.com\/en\/wp-json\/wp\/v2\/product\/8209"}],"collection":[{"href":"https:\/\/deliciaspersas.com\/en\/wp-json\/wp\/v2\/product"}],"about":[{"href":"https:\/\/deliciaspersas.com\/en\/wp-json\/wp\/v2\/types\/product"}],"wp:featuredmedia":[{"embeddable":true,"href":"https:\/\/deliciaspersas.com\/en\/wp-json\/wp\/v2\/media\/11538"}],"wp:attachment":[{"href":"https:\/\/deliciaspersas.com\/en\/wp-json\/wp\/v2\/media?parent=8209"}],"wp:term":[{"taxonomy":"pwb-brand","embeddable":true,"href":"https:\/\/deliciaspersas.com\/en\/wp-json\/wp\/v2\/pwb-brand?post=8209"},{"taxonomy":"product_cat","embeddable":true,"href":"https:\/\/deliciaspersas.com\/en\/wp-json\/wp\/v2\/product_cat?post=8209"},{"taxonomy":"product_tag","embeddable":true,"href":"https:\/\/deliciaspersas.com\/en\/wp-json\/wp\/v2\/product_tag?post=8209"}],"curies":[{"name":"wp","href":"https:\/\/api.w.org\/{rel}","templated":true}]}}