{"id":8307,"date":"2021-07-19T06:11:42","date_gmt":"2021-07-19T04:11:42","guid":{"rendered":"https:\/\/deliciaspersas.com\/?post_type=product&#038;p=8307"},"modified":"2025-04-15T12:16:56","modified_gmt":"2025-04-15T10:16:56","slug":"alubias-con-pimiento-picantes-455g-durra","status":"publish","type":"product","link":"https:\/\/deliciaspersas.com\/en\/tienda\/ready\/alubias-con-pimiento-picantes-455g-durra\/","title":{"rendered":"Alubias con pimiento picantes 455g Durra"},"content":{"rendered":"<h1>Alubias con pimiento picantes 455g Durra<\/h1>\n<h6>Informaci\u00f3n del producto:<\/h6>\n<p>Peso neto: 455 gramos<br \/>\nPeso bruto: 400 gramos<\/p>\n<h6>Ingredientes y al\u00e9rgenos:<\/h6>\n<p>habas y pimientos picantes<\/p>\n<h6>Usos:<\/h6>\n<p>Se puede consumir como cena o merienda.<\/p>\n<h6>Beneficios:<\/h6>\n<p class=\"paragraph\" data-gtm-element-container=\"modulo-texto-link\">La habas son una buena fuente de\u00a0<strong>prote\u00ednas\u00a0<\/strong>e<strong>\u00a0hidratos de carbono<\/strong>. No obstante, se consideran m\u00e1s saludables las frescas, que contienen menor cantidad de estos \u00faltimos. Hay que remarcar que su contenido en prote\u00ednas hacen que se trate de un alimento recomendable para vegetarianos y veganos.<\/p>\n<p class=\"paragraph\" data-gtm-element-container=\"modulo-texto-link\">Asimismo, son ricas en\u00a0<strong>hierro<\/strong>, lo que hacen de este un alimento que combate la anemia, tambi\u00e9n aporta potasio que favorece el buen funcionamiento del sistema nervioso.<\/p>\n<p class=\"paragraph\" data-gtm-element-container=\"modulo-texto-link\">Por otro lado, las habas son ricas en\u00a0<strong>fibra<\/strong>, lo que ayuda a regular el tr\u00e1nsito intestinal y combatir problemas de estre\u00f1imiento.<\/p>\n<p class=\"paragraph\" data-gtm-element-container=\"modulo-texto-link\">Entre los beneficios de las habas se debe destacar la reducci\u00f3n del colesterol y la prevenci\u00f3n de\u00a0enfermedades cardiovasculares.<\/p>\n<ul>\n<li>\u00a0<strong>Vitamina<\/strong>\u00a0<strong>C<\/strong>: Antioxidante por excelencia, muy com\u00fan en frutas y verduras y presente en buenas cantidades en las habas,\u00a0<strong>es un cofactor esencial en la s\u00edntesis de prote\u00ednas y hormonas,<\/strong>\u00a0contribuye a la protecci\u00f3n de las c\u00e9lulas del estr\u00e9s oxidativo, a la funci\u00f3n normal del sistema inmunol\u00f3gico.<\/li>\n<\/ul>\n<ul>\n<li>\u00a0<strong>\u00c1cido f\u00f3lico (vitamina B9) :<\/strong>\u00a0Esencial para la funci\u00f3n celular normal, el crecimiento de los tejidos, para reducir la fatiga f\u00edsica y mental, el folato y es muy importante para la salud de las mujeres, especialmente durante el embarazo y la lactancia.<\/li>\n<\/ul>\n<ul>\n<li><strong>\u00a0Potasio:<\/strong>\u00a0Las habas son una buena fuente de potasio, el mineral esencial involucrado en el control de la presi\u00f3n arterial, la salud card\u00edaca, la transmisi\u00f3n nerviosa y el intercambio hidro salino a nivel celular.<\/li>\n<\/ul>\n<ul>\n<li><strong>Isoflavonas<\/strong>: Clase de antioxidantes presentes en altas cantidades en soja. Tienen una serie de efectos m\u00e1s o menos positivos en la salud y se clasifican como fitoestr\u00f3genos debido a su similitud con la hormona sexual femenina, el estr\u00f3geno.<\/li>\n<\/ul>\n<h6>Condiciones de conservaci\u00f3n:<\/h6>\n<p>Conservar en un lugar fresco, seco y protegido de la luz.<\/p>\n<h6>Informaci\u00f3n adicional:<\/h6>\n<p>Fabricado por: Durra<\/p>\n","protected":false},"excerpt":{"rendered":"<p>Alubias con pimiento picantes 455g Durra Informaci\u00f3n del producto: Peso neto: 455 gramos Peso bruto: 400 gramos Ingredientes y al\u00e9rgenos: habas y pimientos picantes Usos: Se puede consumir como cena o merienda. Beneficios: La habas son una buena fuente de\u00a0prote\u00ednas\u00a0e\u00a0hidratos de carbono. No obstante, se consideran m\u00e1s saludables las frescas, que contienen menor cantidad de [&hellip;]<\/p>\n","protected":false},"featured_media":8308,"template":"","meta":{"_surecart_dashboard_logo_width":"180px","_surecart_dashboard_show_logo":true,"_surecart_dashboard_navigation_orders":true,"_surecart_dashboard_navigation_invoices":true,"_surecart_dashboard_navigation_subscriptions":true,"_surecart_dashboard_navigation_downloads":true,"_surecart_dashboard_navigation_billing":true,"_surecart_dashboard_navigation_account":true,"_uag_custom_page_level_css":"","site-sidebar-layout":"default","site-content-layout":"default","ast-site-content-layout":"default","site-content-style":"default","site-sidebar-style":"default","ast-global-header-display":"","ast-banner-title-visibility":"","ast-main-header-display":"","ast-hfb-above-header-display":"","ast-hfb-below-header-display":"","ast-hfb-mobile-header-display":"","site-post-title":"","ast-breadcrumbs-content":"","ast-featured-img":"","footer-sml-layout":"","theme-transparent-header-meta":"default","adv-header-id-meta":"","stick-header-meta":"","header-above-stick-meta":"","header-main-stick-meta":"","header-below-stick-meta":"","astra-migrate-meta-layouts":"set","ast-page-background-enabled":"default","ast-page-background-meta":{"desktop":{"background-color":"","background-image":"","background-repeat":"repeat","background-position":"center center","background-size":"auto","background-attachment":"scroll","background-type":"","background-media":"","overlay-type":"","overlay-color":"","overlay-opacity":"","overlay-gradient":""},"tablet":{"background-color":"","background-image":"","background-repeat":"repeat","background-position":"center center","background-size":"auto","background-attachment":"scroll","background-type":"","background-media":"","overlay-type":"","overlay-color":"","overlay-opacity":"","overlay-gradient":""},"mobile":{"background-color":"","background-image":"","background-repeat":"repeat","background-position":"center center","background-size":"auto","background-attachment":"scroll","background-type":"","background-media":"","overlay-type":"","overlay-color":"","overlay-opacity":"","overlay-gradient":""}},"ast-content-background-meta":{"desktop":{"background-color":"var(--ast-global-color-5)","background-image":"","background-repeat":"repeat","background-position":"center center","background-size":"auto","background-attachment":"scroll","background-type":"","background-media":"","overlay-type":"","overlay-color":"","overlay-opacity":"","overlay-gradient":""},"tablet":{"background-color":"var(--ast-global-color-5)","background-image":"","background-repeat":"repeat","background-position":"center center","background-size":"auto","background-attachment":"scroll","background-type":"","background-media":"","overlay-type":"","overlay-color":"","overlay-opacity":"","overlay-gradient":""},"mobile":{"background-color":"var(--ast-global-color-5)","background-image":"","background-repeat":"repeat","background-position":"center center","background-size":"auto","background-attachment":"scroll","background-type":"","background-media":"","overlay-type":"","overlay-color":"","overlay-opacity":"","overlay-gradient":""}}},"pwb-brand":[179],"product_cat":[35,34],"product_tag":[557,636,594,633,634,635,323,279,379],"class_list":{"0":"post-8307","1":"product","2":"type-product","3":"status-publish","4":"has-post-thumbnail","6":"pwb-brand-durra","7":"product_cat-conservas","8":"product_cat-ready","9":"product_tag-alubias","10":"product_tag-comida-preparada","11":"product_tag-conservas","12":"product_tag-habas","13":"product_tag-picantes","14":"product_tag-pimientos","15":"product_tag-323","16":"product_tag-279","17":"product_tag-379","18":"desktop-align-center","19":"tablet-align-center","20":"mobile-align-center","22":"first","23":"instock","24":"taxable","25":"shipping-taxable","26":"purchasable","27":"product-type-simple"},"yoast_head":"<!-- This site is optimized with the Yoast SEO plugin v23.6 - https:\/\/yoast.com\/wordpress\/plugins\/seo\/ -->\n<title>Alubias con pimiento picantes 455g Durra - Delicias Persas<\/title>\n<meta name=\"description\" content=\"Estos bocaditos, rellenos de hojas de uva, son una buena fuente de nutrientes; y adem\u00e1s no tienen grasa ni colesterol....\" \/>\n<meta name=\"robots\" content=\"index, follow, max-snippet:-1, max-image-preview:large, max-video-preview:-1\" \/>\n<link rel=\"canonical\" href=\"https:\/\/deliciaspersas.com\/en\/tienda\/ready\/alubias-con-pimiento-picantes-455g-durra\/\" \/>\n<meta property=\"og:locale\" content=\"en_US\" \/>\n<meta property=\"og:type\" content=\"article\" \/>\n<meta property=\"og:title\" content=\"Alubias con pimiento picantes 455g Durra - Delicias Persas\" \/>\n<meta property=\"og:description\" content=\"Estos bocaditos, rellenos de hojas de uva, son una buena fuente de nutrientes; y adem\u00e1s no tienen grasa ni colesterol....\" \/>\n<meta property=\"og:url\" content=\"https:\/\/deliciaspersas.com\/en\/tienda\/ready\/alubias-con-pimiento-picantes-455g-durra\/\" \/>\n<meta property=\"og:site_name\" content=\"Delicias Persas\" \/>\n<meta property=\"article:publisher\" content=\"https:\/\/www.facebook.com\/Deliciaspersas\" \/>\n<meta property=\"article:modified_time\" content=\"2025-04-15T10:16:56+00:00\" \/>\n<meta property=\"og:image\" content=\"https:\/\/deliciaspersas.com\/wp-content\/uploads\/WhatsApp_Image_2021-07-17_at_07.39.17-removebg-preview.png\" \/>\n\t<meta property=\"og:image:width\" content=\"433\" \/>\n\t<meta property=\"og:image:height\" content=\"577\" \/>\n\t<meta property=\"og:image:type\" content=\"image\/png\" \/>\n<meta name=\"twitter:card\" content=\"summary_large_image\" \/>\n<meta name=\"twitter:label1\" content=\"Est. reading time\" \/>\n\t<meta name=\"twitter:data1\" content=\"2 minutes\" \/>\n<script type=\"application\/ld+json\" class=\"yoast-schema-graph\">{\"@context\":\"https:\/\/schema.org\",\"@graph\":[{\"@type\":\"WebPage\",\"@id\":\"https:\/\/deliciaspersas.com\/en\/tienda\/ready\/alubias-con-pimiento-picantes-455g-durra\/\",\"url\":\"https:\/\/deliciaspersas.com\/en\/tienda\/ready\/alubias-con-pimiento-picantes-455g-durra\/\",\"name\":\"Alubias con pimiento picantes 455g Durra - Delicias Persas\",\"isPartOf\":{\"@id\":\"https:\/\/deliciaspersas.com\/en\/#website\"},\"primaryImageOfPage\":{\"@id\":\"https:\/\/deliciaspersas.com\/en\/tienda\/ready\/alubias-con-pimiento-picantes-455g-durra\/#primaryimage\"},\"image\":{\"@id\":\"https:\/\/deliciaspersas.com\/en\/tienda\/ready\/alubias-con-pimiento-picantes-455g-durra\/#primaryimage\"},\"thumbnailUrl\":\"https:\/\/deliciaspersas.com\/wp-content\/uploads\/WhatsApp_Image_2021-07-17_at_07.39.17-removebg-preview.png\",\"datePublished\":\"2021-07-19T04:11:42+00:00\",\"dateModified\":\"2025-04-15T10:16:56+00:00\",\"description\":\"Estos bocaditos, rellenos de hojas de uva, son una buena fuente de nutrientes; y adem\u00e1s no tienen grasa ni colesterol....\",\"breadcrumb\":{\"@id\":\"https:\/\/deliciaspersas.com\/en\/tienda\/ready\/alubias-con-pimiento-picantes-455g-durra\/#breadcrumb\"},\"inLanguage\":\"en-US\",\"potentialAction\":[{\"@type\":\"ReadAction\",\"target\":[\"https:\/\/deliciaspersas.com\/en\/tienda\/ready\/alubias-con-pimiento-picantes-455g-durra\/\"]}]},{\"@type\":\"ImageObject\",\"inLanguage\":\"en-US\",\"@id\":\"https:\/\/deliciaspersas.com\/en\/tienda\/ready\/alubias-con-pimiento-picantes-455g-durra\/#primaryimage\",\"url\":\"https:\/\/deliciaspersas.com\/wp-content\/uploads\/WhatsApp_Image_2021-07-17_at_07.39.17-removebg-preview.png\",\"contentUrl\":\"https:\/\/deliciaspersas.com\/wp-content\/uploads\/WhatsApp_Image_2021-07-17_at_07.39.17-removebg-preview.png\",\"width\":433,\"height\":577,\"caption\":\"\u0628\u0627\u0642\u0627\u0644\u06cc \u0628\u0627 \u0641\u0644\u0641\u0644 \u062a\u0646\u062f \u062f\u0648\u0631\u0631\u0627 455 \u06af\u0631\u0645\u06cc\"},{\"@type\":\"BreadcrumbList\",\"@id\":\"https:\/\/deliciaspersas.com\/en\/tienda\/ready\/alubias-con-pimiento-picantes-455g-durra\/#breadcrumb\",\"itemListElement\":[{\"@type\":\"ListItem\",\"position\":1,\"name\":\"Portada\",\"item\":\"https:\/\/deliciaspersas.com\/en\/\"},{\"@type\":\"ListItem\",\"position\":2,\"name\":\"Tienda\",\"item\":\"https:\/\/deliciaspersas.com\/\"},{\"@type\":\"ListItem\",\"position\":3,\"name\":\"Alubias con pimiento picantes 455g Durra\"}]},{\"@type\":\"WebSite\",\"@id\":\"https:\/\/deliciaspersas.com\/en\/#website\",\"url\":\"https:\/\/deliciaspersas.com\/en\/\",\"name\":\"Delicias Persas\",\"description\":\"Gastronom&iacute;a persa al alcance de tus manos\",\"publisher\":{\"@id\":\"https:\/\/deliciaspersas.com\/en\/#organization\"},\"potentialAction\":[{\"@type\":\"SearchAction\",\"target\":{\"@type\":\"EntryPoint\",\"urlTemplate\":\"https:\/\/deliciaspersas.com\/en\/?s={search_term_string}\"},\"query-input\":{\"@type\":\"PropertyValueSpecification\",\"valueRequired\":true,\"valueName\":\"search_term_string\"}}],\"inLanguage\":\"en-US\"},{\"@type\":\"Organization\",\"@id\":\"https:\/\/deliciaspersas.com\/en\/#organization\",\"name\":\"Delicias Persas\",\"url\":\"https:\/\/deliciaspersas.com\/en\/\",\"logo\":{\"@type\":\"ImageObject\",\"inLanguage\":\"en-US\",\"@id\":\"https:\/\/deliciaspersas.com\/en\/#\/schema\/logo\/image\/\",\"url\":\"https:\/\/deliciaspersas.com\/wp-content\/uploads\/2020\/07\/logo-2020.png\",\"contentUrl\":\"https:\/\/deliciaspersas.com\/wp-content\/uploads\/2020\/07\/logo-2020.png\",\"width\":520,\"height\":490,\"caption\":\"Delicias Persas\"},\"image\":{\"@id\":\"https:\/\/deliciaspersas.com\/en\/#\/schema\/logo\/image\/\"},\"sameAs\":[\"https:\/\/www.facebook.com\/Deliciaspersas\",\"https:\/\/www.instagram.com\/delicias_persas\/\",\"https:\/\/www.linkedin.com\/delicias-persas\"]}]}<\/script>\n<!-- \/ Yoast SEO plugin. -->","yoast_head_json":{"title":"Alubias con pimiento picantes 455g Durra - Delicias Persas","description":"Estos bocaditos, rellenos de hojas de uva, son una buena fuente de nutrientes; y adem\u00e1s no tienen grasa ni colesterol....","robots":{"index":"index","follow":"follow","max-snippet":"max-snippet:-1","max-image-preview":"max-image-preview:large","max-video-preview":"max-video-preview:-1"},"canonical":"https:\/\/deliciaspersas.com\/en\/tienda\/ready\/alubias-con-pimiento-picantes-455g-durra\/","og_locale":"en_US","og_type":"article","og_title":"Alubias con pimiento picantes 455g Durra - Delicias Persas","og_description":"Estos bocaditos, rellenos de hojas de uva, son una buena fuente de nutrientes; y adem\u00e1s no tienen grasa ni colesterol....","og_url":"https:\/\/deliciaspersas.com\/en\/tienda\/ready\/alubias-con-pimiento-picantes-455g-durra\/","og_site_name":"Delicias Persas","article_publisher":"https:\/\/www.facebook.com\/Deliciaspersas","article_modified_time":"2025-04-15T10:16:56+00:00","og_image":[{"width":433,"height":577,"url":"https:\/\/deliciaspersas.com\/wp-content\/uploads\/WhatsApp_Image_2021-07-17_at_07.39.17-removebg-preview.png","type":"image\/png"}],"twitter_card":"summary_large_image","twitter_misc":{"Est. reading time":"2 minutes"},"schema":{"@context":"https:\/\/schema.org","@graph":[{"@type":"WebPage","@id":"https:\/\/deliciaspersas.com\/en\/tienda\/ready\/alubias-con-pimiento-picantes-455g-durra\/","url":"https:\/\/deliciaspersas.com\/en\/tienda\/ready\/alubias-con-pimiento-picantes-455g-durra\/","name":"Alubias con pimiento picantes 455g Durra - Delicias Persas","isPartOf":{"@id":"https:\/\/deliciaspersas.com\/en\/#website"},"primaryImageOfPage":{"@id":"https:\/\/deliciaspersas.com\/en\/tienda\/ready\/alubias-con-pimiento-picantes-455g-durra\/#primaryimage"},"image":{"@id":"https:\/\/deliciaspersas.com\/en\/tienda\/ready\/alubias-con-pimiento-picantes-455g-durra\/#primaryimage"},"thumbnailUrl":"https:\/\/deliciaspersas.com\/wp-content\/uploads\/WhatsApp_Image_2021-07-17_at_07.39.17-removebg-preview.png","datePublished":"2021-07-19T04:11:42+00:00","dateModified":"2025-04-15T10:16:56+00:00","description":"Estos bocaditos, rellenos de hojas de uva, son una buena fuente de nutrientes; y adem\u00e1s no tienen grasa ni colesterol....","breadcrumb":{"@id":"https:\/\/deliciaspersas.com\/en\/tienda\/ready\/alubias-con-pimiento-picantes-455g-durra\/#breadcrumb"},"inLanguage":"en-US","potentialAction":[{"@type":"ReadAction","target":["https:\/\/deliciaspersas.com\/en\/tienda\/ready\/alubias-con-pimiento-picantes-455g-durra\/"]}]},{"@type":"ImageObject","inLanguage":"en-US","@id":"https:\/\/deliciaspersas.com\/en\/tienda\/ready\/alubias-con-pimiento-picantes-455g-durra\/#primaryimage","url":"https:\/\/deliciaspersas.com\/wp-content\/uploads\/WhatsApp_Image_2021-07-17_at_07.39.17-removebg-preview.png","contentUrl":"https:\/\/deliciaspersas.com\/wp-content\/uploads\/WhatsApp_Image_2021-07-17_at_07.39.17-removebg-preview.png","width":433,"height":577,"caption":"\u0628\u0627\u0642\u0627\u0644\u06cc \u0628\u0627 \u0641\u0644\u0641\u0644 \u062a\u0646\u062f \u062f\u0648\u0631\u0631\u0627 455 \u06af\u0631\u0645\u06cc"},{"@type":"BreadcrumbList","@id":"https:\/\/deliciaspersas.com\/en\/tienda\/ready\/alubias-con-pimiento-picantes-455g-durra\/#breadcrumb","itemListElement":[{"@type":"ListItem","position":1,"name":"Portada","item":"https:\/\/deliciaspersas.com\/en\/"},{"@type":"ListItem","position":2,"name":"Tienda","item":"https:\/\/deliciaspersas.com\/"},{"@type":"ListItem","position":3,"name":"Alubias con pimiento picantes 455g Durra"}]},{"@type":"WebSite","@id":"https:\/\/deliciaspersas.com\/en\/#website","url":"https:\/\/deliciaspersas.com\/en\/","name":"Delicias Persas","description":"Gastronom&iacute;a persa al alcance de tus manos","publisher":{"@id":"https:\/\/deliciaspersas.com\/en\/#organization"},"potentialAction":[{"@type":"SearchAction","target":{"@type":"EntryPoint","urlTemplate":"https:\/\/deliciaspersas.com\/en\/?s={search_term_string}"},"query-input":{"@type":"PropertyValueSpecification","valueRequired":true,"valueName":"search_term_string"}}],"inLanguage":"en-US"},{"@type":"Organization","@id":"https:\/\/deliciaspersas.com\/en\/#organization","name":"Delicias Persas","url":"https:\/\/deliciaspersas.com\/en\/","logo":{"@type":"ImageObject","inLanguage":"en-US","@id":"https:\/\/deliciaspersas.com\/en\/#\/schema\/logo\/image\/","url":"https:\/\/deliciaspersas.com\/wp-content\/uploads\/2020\/07\/logo-2020.png","contentUrl":"https:\/\/deliciaspersas.com\/wp-content\/uploads\/2020\/07\/logo-2020.png","width":520,"height":490,"caption":"Delicias Persas"},"image":{"@id":"https:\/\/deliciaspersas.com\/en\/#\/schema\/logo\/image\/"},"sameAs":["https:\/\/www.facebook.com\/Deliciaspersas","https:\/\/www.instagram.com\/delicias_persas\/","https:\/\/www.linkedin.com\/delicias-persas"]}]}},"uagb_featured_image_src":{"full":["https:\/\/deliciaspersas.com\/wp-content\/uploads\/WhatsApp_Image_2021-07-17_at_07.39.17-removebg-preview.png",433,577,false],"thumbnail":["https:\/\/deliciaspersas.com\/wp-content\/uploads\/WhatsApp_Image_2021-07-17_at_07.39.17-removebg-preview-150x150.png",150,150,true],"medium":["https:\/\/deliciaspersas.com\/wp-content\/uploads\/WhatsApp_Image_2021-07-17_at_07.39.17-removebg-preview-225x300.png",225,300,true],"medium_large":["https:\/\/deliciaspersas.com\/wp-content\/uploads\/WhatsApp_Image_2021-07-17_at_07.39.17-removebg-preview.png",433,577,false],"large":["https:\/\/deliciaspersas.com\/wp-content\/uploads\/WhatsApp_Image_2021-07-17_at_07.39.17-removebg-preview.png",433,577,false],"1536x1536":["https:\/\/deliciaspersas.com\/wp-content\/uploads\/WhatsApp_Image_2021-07-17_at_07.39.17-removebg-preview.png",433,577,false],"2048x2048":["https:\/\/deliciaspersas.com\/wp-content\/uploads\/WhatsApp_Image_2021-07-17_at_07.39.17-removebg-preview.png",433,577,false],"woocommerce_thumbnail":["https:\/\/deliciaspersas.com\/wp-content\/uploads\/WhatsApp_Image_2021-07-17_at_07.39.17-removebg-preview-300x300.png",300,300,true],"woocommerce_single":["https:\/\/deliciaspersas.com\/wp-content\/uploads\/WhatsApp_Image_2021-07-17_at_07.39.17-removebg-preview.png",433,577,false],"woocommerce_gallery_thumbnail":["https:\/\/deliciaspersas.com\/wp-content\/uploads\/WhatsApp_Image_2021-07-17_at_07.39.17-removebg-preview-100x100.png",100,100,true]},"uagb_author_info":{"display_name":"Maral Azizi","author_link":"https:\/\/deliciaspersas.com\/en\/author\/"},"uagb_comment_info":0,"uagb_excerpt":"Alubias con pimiento picantes 455g Durra Informaci\u00f3n del producto: Peso neto: 455 gramos Peso bruto: 400 gramos Ingredientes y al\u00e9rgenos: habas y pimientos picantes Usos: Se puede consumir como cena o merienda. Beneficios: La habas son una buena fuente de\u00a0prote\u00ednas\u00a0e\u00a0hidratos de carbono. No obstante, se consideran m\u00e1s saludables las frescas, que contienen menor cantidad de&hellip;","brands":[{"id":179,"name":"Durra","slug":"durra"}],"_links":{"self":[{"href":"https:\/\/deliciaspersas.com\/en\/wp-json\/wp\/v2\/product\/8307"}],"collection":[{"href":"https:\/\/deliciaspersas.com\/en\/wp-json\/wp\/v2\/product"}],"about":[{"href":"https:\/\/deliciaspersas.com\/en\/wp-json\/wp\/v2\/types\/product"}],"wp:featuredmedia":[{"embeddable":true,"href":"https:\/\/deliciaspersas.com\/en\/wp-json\/wp\/v2\/media\/8308"}],"wp:attachment":[{"href":"https:\/\/deliciaspersas.com\/en\/wp-json\/wp\/v2\/media?parent=8307"}],"wp:term":[{"taxonomy":"pwb-brand","embeddable":true,"href":"https:\/\/deliciaspersas.com\/en\/wp-json\/wp\/v2\/pwb-brand?post=8307"},{"taxonomy":"product_cat","embeddable":true,"href":"https:\/\/deliciaspersas.com\/en\/wp-json\/wp\/v2\/product_cat?post=8307"},{"taxonomy":"product_tag","embeddable":true,"href":"https:\/\/deliciaspersas.com\/en\/wp-json\/wp\/v2\/product_tag?post=8307"}],"curies":[{"name":"wp","href":"https:\/\/api.w.org\/{rel}","templated":true}]}}