{"id":8360,"date":"2021-07-26T05:23:43","date_gmt":"2021-07-26T03:23:43","guid":{"rendered":"https:\/\/deliciaspersas.com\/?post_type=product&#038;p=8360"},"modified":"2021-11-23T05:41:12","modified_gmt":"2021-11-23T04:41:12","slug":"almendras-naturales-40g-dayan","status":"publish","type":"product","link":"https:\/\/deliciaspersas.com\/en\/tienda\/secos\/almendras-naturales-40g-dayan\/","title":{"rendered":"Almendras naturales 40g Dayan"},"content":{"rendered":"<h1>Almendras naturales 40g Dayan<\/h1>\n<h6>Informaci\u00f3n del producto:<\/h6>\n<p>Almendra es un alimento ahora reconocido por sus propiedades y beneficios sobre la salud, tiene sus or\u00edgenes en la misma cuna de la civilizaci\u00f3n, hace m\u00e1s de cinco milenios, cuando los habitantes de laantigua Persia y Mesopotamiacomenzaron a cultivar variedades dulces.<\/p>\n<h6>Usos:<\/h6>\n<p>En arroces y guisos y reposter\u00eda.<\/p>\n<h6>Beneficios:<\/h6>\n<p>Con sus casi\u00a020 gramos de prote\u00ednas\u00a0por cada 100 gramos, las almendras son una buena fuente de amino\u00e1cidos esenciales. Estos se encuentran en una proporci\u00f3n bastante adecuada para las necesidades espec\u00edficas del cuerpo humano.<\/p>\n<p>Su aportaci\u00f3n en hidratos de carbono (9,3%) no es muy significativa, pero resulta interesante cuando se tiene en cuenta que la mayor parte de esos gl\u00facidos son de\u00a0absorci\u00f3n lenta.<\/p>\n<p>Por esta raz\u00f3n la almendra posee un \u00edndice gluc\u00e9mico bajo y es\u00a0tolerada por los diab\u00e9ticos.<\/p>\n<p>El 54% de peso de la almendra seca se debe a su contenido en \u00e1cidos grasos, cuyo tipo responde al patr\u00f3n m\u00e1s saludable:el 65% son monoinsaturadas, como las del aceite de oliva, el 26% poliinsaturadas y solo una peque\u00f1a parte (menos del 10%) son grasas saturadas.<\/p>\n<p>Una raci\u00f3n de 30 gramos de almendras cubre el\u00a09% de las necesidades diarias de calcio\u00a0(el doble que la leche en el mismo peso).<\/p>\n<p>Asimismo, esos 30 gramos de almendras proporcionan al organismo el 15% del magnesio necesario al d\u00eda y el 17% del f\u00f3sforo.<\/p>\n<p>La misma cantidad tambi\u00e9n cubre el 11% de las necesidades diarias de manganeso, el 4% de las de cinc y en torno al 10% de las necesidades de hierro.<\/p>\n<p>La potencia antioxidante de la almendra tambi\u00e9n se ve favorecida por su contenido en flavonoides como la quercetina, un\u00a0antiinflamatorio\u00a0utilizado como suplemento en el tratamiento natural de las alergias.<\/p>\n<p>Otras vitaminas presentes en las almendras son las del grupo B, especialmente de riboflavina o vitamina B2. Esta es esencial para la integridad de la piel y las mucosas, y de forma especial para la c\u00f3rnea: resulta imprescindible para gozar de una buena visi\u00f3n.<\/p>\n<h6>Ingredientes y al\u00e9rgenos:<\/h6>\n<p>Almendra<\/p>\n<h6>Condiciones de conservaci\u00f3n:<\/h6>\n<p>Conservar en un lugar fresco, seco y protegido de la luz.<\/p>\n<h6>Informaci\u00f3n adicional:<\/h6>\n<p>Fabricado por: Dayan<\/p>\n","protected":false},"excerpt":{"rendered":"<p>Almendras naturales 40g Dayan Informaci\u00f3n del producto: Almendra es un alimento ahora reconocido por sus propiedades y beneficios sobre la salud, tiene sus or\u00edgenes en la misma cuna de la civilizaci\u00f3n, hace m\u00e1s de cinco milenios, cuando los habitantes de laantigua Persia y Mesopotamiacomenzaron a cultivar variedades dulces. Usos: En arroces y guisos y reposter\u00eda. [&hellip;]<\/p>\n","protected":false},"featured_media":8361,"template":"","meta":{"_surecart_dashboard_logo_width":"180px","_surecart_dashboard_show_logo":true,"_surecart_dashboard_navigation_orders":true,"_surecart_dashboard_navigation_invoices":true,"_surecart_dashboard_navigation_subscriptions":true,"_surecart_dashboard_navigation_downloads":true,"_surecart_dashboard_navigation_billing":true,"_surecart_dashboard_navigation_account":true,"_uag_custom_page_level_css":"","site-sidebar-layout":"default","site-content-layout":"default","ast-site-content-layout":"","site-content-style":"default","site-sidebar-style":"default","ast-global-header-display":"","ast-banner-title-visibility":"","ast-main-header-display":"","ast-hfb-above-header-display":"","ast-hfb-below-header-display":"","ast-hfb-mobile-header-display":"","site-post-title":"","ast-breadcrumbs-content":"","ast-featured-img":"","footer-sml-layout":"","theme-transparent-header-meta":"default","adv-header-id-meta":"","stick-header-meta":"","header-above-stick-meta":"","header-main-stick-meta":"","header-below-stick-meta":"","astra-migrate-meta-layouts":"default","ast-page-background-enabled":"default","ast-page-background-meta":{"desktop":{"background-color":"","background-image":"","background-repeat":"repeat","background-position":"center center","background-size":"auto","background-attachment":"scroll","background-type":"","background-media":"","overlay-type":"","overlay-color":"","overlay-opacity":"","overlay-gradient":""},"tablet":{"background-color":"","background-image":"","background-repeat":"repeat","background-position":"center center","background-size":"auto","background-attachment":"scroll","background-type":"","background-media":"","overlay-type":"","overlay-color":"","overlay-opacity":"","overlay-gradient":""},"mobile":{"background-color":"","background-image":"","background-repeat":"repeat","background-position":"center center","background-size":"auto","background-attachment":"scroll","background-type":"","background-media":"","overlay-type":"","overlay-color":"","overlay-opacity":"","overlay-gradient":""}},"ast-content-background-meta":{"desktop":{"background-color":"var(--ast-global-color-5)","background-image":"","background-repeat":"repeat","background-position":"center center","background-size":"auto","background-attachment":"scroll","background-type":"","background-media":"","overlay-type":"","overlay-color":"","overlay-opacity":"","overlay-gradient":""},"tablet":{"background-color":"var(--ast-global-color-5)","background-image":"","background-repeat":"repeat","background-position":"center center","background-size":"auto","background-attachment":"scroll","background-type":"","background-media":"","overlay-type":"","overlay-color":"","overlay-opacity":"","overlay-gradient":""},"mobile":{"background-color":"var(--ast-global-color-5)","background-image":"","background-repeat":"repeat","background-position":"center center","background-size":"auto","background-attachment":"scroll","background-type":"","background-media":"","overlay-type":"","overlay-color":"","overlay-opacity":"","overlay-gradient":""}}},"pwb-brand":[113],"product_cat":[40],"product_tag":[695,373,387,371,343,279],"class_list":{"0":"post-8360","1":"product","2":"type-product","3":"status-publish","4":"has-post-thumbnail","6":"pwb-brand-dayan-2","7":"product_cat-secos","8":"product_tag-almendra","9":"product_tag-373","10":"product_tag-387","11":"product_tag-371","12":"product_tag-343","13":"product_tag-279","14":"desktop-align-center","15":"tablet-align-center","16":"mobile-align-center","18":"first","19":"outofstock","20":"sale","21":"taxable","22":"shipping-taxable","23":"purchasable","24":"product-type-simple"},"yoast_head":"<!-- This site is optimized with the Yoast SEO plugin v23.6 - https:\/\/yoast.com\/wordpress\/plugins\/seo\/ -->\n<title>Almendras naturales 40g Dayan - Delicias Persas<\/title>\n<meta name=\"description\" content=\"Almendra es un alimento ahora reconocido por sus propiedades y beneficios sobre la salud, tiene sus or\u00edgenes en la misma cuna....\" \/>\n<meta name=\"robots\" content=\"index, follow, max-snippet:-1, max-image-preview:large, max-video-preview:-1\" \/>\n<link rel=\"canonical\" href=\"https:\/\/deliciaspersas.com\/en\/tienda\/secos\/almendras-naturales-40g-dayan\/\" \/>\n<meta property=\"og:locale\" content=\"en_US\" \/>\n<meta property=\"og:type\" content=\"article\" \/>\n<meta property=\"og:title\" content=\"Almendras naturales 40g Dayan - Delicias Persas\" \/>\n<meta property=\"og:description\" content=\"Almendra es un alimento ahora reconocido por sus propiedades y beneficios sobre la salud, tiene sus or\u00edgenes en la misma cuna....\" \/>\n<meta property=\"og:url\" content=\"https:\/\/deliciaspersas.com\/en\/tienda\/secos\/almendras-naturales-40g-dayan\/\" \/>\n<meta property=\"og:site_name\" content=\"Delicias Persas\" \/>\n<meta property=\"article:publisher\" content=\"https:\/\/www.facebook.com\/Deliciaspersas\" \/>\n<meta property=\"article:modified_time\" content=\"2021-11-23T04:41:12+00:00\" \/>\n<meta property=\"og:image\" content=\"https:\/\/deliciaspersas.com\/wp-content\/uploads\/WhatsApp_Image_2021-07-24_at_13.55.21__6_-removebg-preview.png\" \/>\n\t<meta property=\"og:image:width\" content=\"375\" \/>\n\t<meta property=\"og:image:height\" content=\"666\" \/>\n\t<meta property=\"og:image:type\" content=\"image\/png\" \/>\n<meta name=\"twitter:card\" content=\"summary_large_image\" \/>\n<meta name=\"twitter:label1\" content=\"Est. reading time\" \/>\n\t<meta name=\"twitter:data1\" content=\"2 minutes\" \/>\n<script type=\"application\/ld+json\" class=\"yoast-schema-graph\">{\"@context\":\"https:\/\/schema.org\",\"@graph\":[{\"@type\":\"WebPage\",\"@id\":\"https:\/\/deliciaspersas.com\/en\/tienda\/secos\/almendras-naturales-40g-dayan\/\",\"url\":\"https:\/\/deliciaspersas.com\/en\/tienda\/secos\/almendras-naturales-40g-dayan\/\",\"name\":\"Almendras naturales 40g Dayan - Delicias Persas\",\"isPartOf\":{\"@id\":\"https:\/\/deliciaspersas.com\/en\/#website\"},\"primaryImageOfPage\":{\"@id\":\"https:\/\/deliciaspersas.com\/en\/tienda\/secos\/almendras-naturales-40g-dayan\/#primaryimage\"},\"image\":{\"@id\":\"https:\/\/deliciaspersas.com\/en\/tienda\/secos\/almendras-naturales-40g-dayan\/#primaryimage\"},\"thumbnailUrl\":\"https:\/\/deliciaspersas.com\/wp-content\/uploads\/WhatsApp_Image_2021-07-24_at_13.55.21__6_-removebg-preview.png\",\"datePublished\":\"2021-07-26T03:23:43+00:00\",\"dateModified\":\"2021-11-23T04:41:12+00:00\",\"description\":\"Almendra es un alimento ahora reconocido por sus propiedades y beneficios sobre la salud, tiene sus or\u00edgenes en la misma cuna....\",\"breadcrumb\":{\"@id\":\"https:\/\/deliciaspersas.com\/en\/tienda\/secos\/almendras-naturales-40g-dayan\/#breadcrumb\"},\"inLanguage\":\"en-US\",\"potentialAction\":[{\"@type\":\"ReadAction\",\"target\":[\"https:\/\/deliciaspersas.com\/en\/tienda\/secos\/almendras-naturales-40g-dayan\/\"]}]},{\"@type\":\"ImageObject\",\"inLanguage\":\"en-US\",\"@id\":\"https:\/\/deliciaspersas.com\/en\/tienda\/secos\/almendras-naturales-40g-dayan\/#primaryimage\",\"url\":\"https:\/\/deliciaspersas.com\/wp-content\/uploads\/WhatsApp_Image_2021-07-24_at_13.55.21__6_-removebg-preview.png\",\"contentUrl\":\"https:\/\/deliciaspersas.com\/wp-content\/uploads\/WhatsApp_Image_2021-07-24_at_13.55.21__6_-removebg-preview.png\",\"width\":375,\"height\":666,\"caption\":\"\u0628\u0627\u062f\u0627\u0645 \u062f\u0631\u062e\u062a\u06cc 40 \u06af\u0631\u0645\u06cc \u062f\u0627\u06cc\u0627\u0646\"},{\"@type\":\"BreadcrumbList\",\"@id\":\"https:\/\/deliciaspersas.com\/en\/tienda\/secos\/almendras-naturales-40g-dayan\/#breadcrumb\",\"itemListElement\":[{\"@type\":\"ListItem\",\"position\":1,\"name\":\"Portada\",\"item\":\"https:\/\/deliciaspersas.com\/en\/\"},{\"@type\":\"ListItem\",\"position\":2,\"name\":\"Tienda\",\"item\":\"https:\/\/deliciaspersas.com\/\"},{\"@type\":\"ListItem\",\"position\":3,\"name\":\"Almendras naturales 40g Dayan\"}]},{\"@type\":\"WebSite\",\"@id\":\"https:\/\/deliciaspersas.com\/en\/#website\",\"url\":\"https:\/\/deliciaspersas.com\/en\/\",\"name\":\"Delicias Persas\",\"description\":\"Gastronom&iacute;a persa al alcance de tus manos\",\"publisher\":{\"@id\":\"https:\/\/deliciaspersas.com\/en\/#organization\"},\"potentialAction\":[{\"@type\":\"SearchAction\",\"target\":{\"@type\":\"EntryPoint\",\"urlTemplate\":\"https:\/\/deliciaspersas.com\/en\/?s={search_term_string}\"},\"query-input\":{\"@type\":\"PropertyValueSpecification\",\"valueRequired\":true,\"valueName\":\"search_term_string\"}}],\"inLanguage\":\"en-US\"},{\"@type\":\"Organization\",\"@id\":\"https:\/\/deliciaspersas.com\/en\/#organization\",\"name\":\"Delicias Persas\",\"url\":\"https:\/\/deliciaspersas.com\/en\/\",\"logo\":{\"@type\":\"ImageObject\",\"inLanguage\":\"en-US\",\"@id\":\"https:\/\/deliciaspersas.com\/en\/#\/schema\/logo\/image\/\",\"url\":\"https:\/\/deliciaspersas.com\/wp-content\/uploads\/2020\/07\/logo-2020.png\",\"contentUrl\":\"https:\/\/deliciaspersas.com\/wp-content\/uploads\/2020\/07\/logo-2020.png\",\"width\":520,\"height\":490,\"caption\":\"Delicias Persas\"},\"image\":{\"@id\":\"https:\/\/deliciaspersas.com\/en\/#\/schema\/logo\/image\/\"},\"sameAs\":[\"https:\/\/www.facebook.com\/Deliciaspersas\",\"https:\/\/www.instagram.com\/delicias_persas\/\",\"https:\/\/www.linkedin.com\/delicias-persas\"]}]}<\/script>\n<!-- \/ Yoast SEO plugin. -->","yoast_head_json":{"title":"Almendras naturales 40g Dayan - Delicias Persas","description":"Almendra es un alimento ahora reconocido por sus propiedades y beneficios sobre la salud, tiene sus or\u00edgenes en la misma cuna....","robots":{"index":"index","follow":"follow","max-snippet":"max-snippet:-1","max-image-preview":"max-image-preview:large","max-video-preview":"max-video-preview:-1"},"canonical":"https:\/\/deliciaspersas.com\/en\/tienda\/secos\/almendras-naturales-40g-dayan\/","og_locale":"en_US","og_type":"article","og_title":"Almendras naturales 40g Dayan - Delicias Persas","og_description":"Almendra es un alimento ahora reconocido por sus propiedades y beneficios sobre la salud, tiene sus or\u00edgenes en la misma cuna....","og_url":"https:\/\/deliciaspersas.com\/en\/tienda\/secos\/almendras-naturales-40g-dayan\/","og_site_name":"Delicias Persas","article_publisher":"https:\/\/www.facebook.com\/Deliciaspersas","article_modified_time":"2021-11-23T04:41:12+00:00","og_image":[{"width":375,"height":666,"url":"https:\/\/deliciaspersas.com\/wp-content\/uploads\/WhatsApp_Image_2021-07-24_at_13.55.21__6_-removebg-preview.png","type":"image\/png"}],"twitter_card":"summary_large_image","twitter_misc":{"Est. reading time":"2 minutes"},"schema":{"@context":"https:\/\/schema.org","@graph":[{"@type":"WebPage","@id":"https:\/\/deliciaspersas.com\/en\/tienda\/secos\/almendras-naturales-40g-dayan\/","url":"https:\/\/deliciaspersas.com\/en\/tienda\/secos\/almendras-naturales-40g-dayan\/","name":"Almendras naturales 40g Dayan - Delicias Persas","isPartOf":{"@id":"https:\/\/deliciaspersas.com\/en\/#website"},"primaryImageOfPage":{"@id":"https:\/\/deliciaspersas.com\/en\/tienda\/secos\/almendras-naturales-40g-dayan\/#primaryimage"},"image":{"@id":"https:\/\/deliciaspersas.com\/en\/tienda\/secos\/almendras-naturales-40g-dayan\/#primaryimage"},"thumbnailUrl":"https:\/\/deliciaspersas.com\/wp-content\/uploads\/WhatsApp_Image_2021-07-24_at_13.55.21__6_-removebg-preview.png","datePublished":"2021-07-26T03:23:43+00:00","dateModified":"2021-11-23T04:41:12+00:00","description":"Almendra es un alimento ahora reconocido por sus propiedades y beneficios sobre la salud, tiene sus or\u00edgenes en la misma cuna....","breadcrumb":{"@id":"https:\/\/deliciaspersas.com\/en\/tienda\/secos\/almendras-naturales-40g-dayan\/#breadcrumb"},"inLanguage":"en-US","potentialAction":[{"@type":"ReadAction","target":["https:\/\/deliciaspersas.com\/en\/tienda\/secos\/almendras-naturales-40g-dayan\/"]}]},{"@type":"ImageObject","inLanguage":"en-US","@id":"https:\/\/deliciaspersas.com\/en\/tienda\/secos\/almendras-naturales-40g-dayan\/#primaryimage","url":"https:\/\/deliciaspersas.com\/wp-content\/uploads\/WhatsApp_Image_2021-07-24_at_13.55.21__6_-removebg-preview.png","contentUrl":"https:\/\/deliciaspersas.com\/wp-content\/uploads\/WhatsApp_Image_2021-07-24_at_13.55.21__6_-removebg-preview.png","width":375,"height":666,"caption":"\u0628\u0627\u062f\u0627\u0645 \u062f\u0631\u062e\u062a\u06cc 40 \u06af\u0631\u0645\u06cc \u062f\u0627\u06cc\u0627\u0646"},{"@type":"BreadcrumbList","@id":"https:\/\/deliciaspersas.com\/en\/tienda\/secos\/almendras-naturales-40g-dayan\/#breadcrumb","itemListElement":[{"@type":"ListItem","position":1,"name":"Portada","item":"https:\/\/deliciaspersas.com\/en\/"},{"@type":"ListItem","position":2,"name":"Tienda","item":"https:\/\/deliciaspersas.com\/"},{"@type":"ListItem","position":3,"name":"Almendras naturales 40g Dayan"}]},{"@type":"WebSite","@id":"https:\/\/deliciaspersas.com\/en\/#website","url":"https:\/\/deliciaspersas.com\/en\/","name":"Delicias Persas","description":"Gastronom&iacute;a persa al alcance de tus manos","publisher":{"@id":"https:\/\/deliciaspersas.com\/en\/#organization"},"potentialAction":[{"@type":"SearchAction","target":{"@type":"EntryPoint","urlTemplate":"https:\/\/deliciaspersas.com\/en\/?s={search_term_string}"},"query-input":{"@type":"PropertyValueSpecification","valueRequired":true,"valueName":"search_term_string"}}],"inLanguage":"en-US"},{"@type":"Organization","@id":"https:\/\/deliciaspersas.com\/en\/#organization","name":"Delicias Persas","url":"https:\/\/deliciaspersas.com\/en\/","logo":{"@type":"ImageObject","inLanguage":"en-US","@id":"https:\/\/deliciaspersas.com\/en\/#\/schema\/logo\/image\/","url":"https:\/\/deliciaspersas.com\/wp-content\/uploads\/2020\/07\/logo-2020.png","contentUrl":"https:\/\/deliciaspersas.com\/wp-content\/uploads\/2020\/07\/logo-2020.png","width":520,"height":490,"caption":"Delicias Persas"},"image":{"@id":"https:\/\/deliciaspersas.com\/en\/#\/schema\/logo\/image\/"},"sameAs":["https:\/\/www.facebook.com\/Deliciaspersas","https:\/\/www.instagram.com\/delicias_persas\/","https:\/\/www.linkedin.com\/delicias-persas"]}]}},"uagb_featured_image_src":{"full":["https:\/\/deliciaspersas.com\/wp-content\/uploads\/WhatsApp_Image_2021-07-24_at_13.55.21__6_-removebg-preview.png",375,666,false],"thumbnail":["https:\/\/deliciaspersas.com\/wp-content\/uploads\/WhatsApp_Image_2021-07-24_at_13.55.21__6_-removebg-preview-150x150.png",150,150,true],"medium":["https:\/\/deliciaspersas.com\/wp-content\/uploads\/WhatsApp_Image_2021-07-24_at_13.55.21__6_-removebg-preview-169x300.png",169,300,true],"medium_large":["https:\/\/deliciaspersas.com\/wp-content\/uploads\/WhatsApp_Image_2021-07-24_at_13.55.21__6_-removebg-preview.png",375,666,false],"large":["https:\/\/deliciaspersas.com\/wp-content\/uploads\/WhatsApp_Image_2021-07-24_at_13.55.21__6_-removebg-preview.png",375,666,false],"1536x1536":["https:\/\/deliciaspersas.com\/wp-content\/uploads\/WhatsApp_Image_2021-07-24_at_13.55.21__6_-removebg-preview.png",375,666,false],"2048x2048":["https:\/\/deliciaspersas.com\/wp-content\/uploads\/WhatsApp_Image_2021-07-24_at_13.55.21__6_-removebg-preview.png",375,666,false],"woocommerce_thumbnail":["https:\/\/deliciaspersas.com\/wp-content\/uploads\/WhatsApp_Image_2021-07-24_at_13.55.21__6_-removebg-preview-300x300.png",300,300,true],"woocommerce_single":["https:\/\/deliciaspersas.com\/wp-content\/uploads\/WhatsApp_Image_2021-07-24_at_13.55.21__6_-removebg-preview.png",375,666,false],"woocommerce_gallery_thumbnail":["https:\/\/deliciaspersas.com\/wp-content\/uploads\/WhatsApp_Image_2021-07-24_at_13.55.21__6_-removebg-preview-100x100.png",100,100,true]},"uagb_author_info":{"display_name":"Maral Azizi","author_link":"https:\/\/deliciaspersas.com\/en\/author\/"},"uagb_comment_info":0,"uagb_excerpt":"Almendras naturales 40g Dayan Informaci\u00f3n del producto: Almendra es un alimento ahora reconocido por sus propiedades y beneficios sobre la salud, tiene sus or\u00edgenes en la misma cuna de la civilizaci\u00f3n, hace m\u00e1s de cinco milenios, cuando los habitantes de laantigua Persia y Mesopotamiacomenzaron a cultivar variedades dulces. Usos: En arroces y guisos y reposter\u00eda.&hellip;","brands":[{"id":113,"name":"Dayan","slug":"dayan-2"}],"_links":{"self":[{"href":"https:\/\/deliciaspersas.com\/en\/wp-json\/wp\/v2\/product\/8360"}],"collection":[{"href":"https:\/\/deliciaspersas.com\/en\/wp-json\/wp\/v2\/product"}],"about":[{"href":"https:\/\/deliciaspersas.com\/en\/wp-json\/wp\/v2\/types\/product"}],"wp:featuredmedia":[{"embeddable":true,"href":"https:\/\/deliciaspersas.com\/en\/wp-json\/wp\/v2\/media\/8361"}],"wp:attachment":[{"href":"https:\/\/deliciaspersas.com\/en\/wp-json\/wp\/v2\/media?parent=8360"}],"wp:term":[{"taxonomy":"pwb-brand","embeddable":true,"href":"https:\/\/deliciaspersas.com\/en\/wp-json\/wp\/v2\/pwb-brand?post=8360"},{"taxonomy":"product_cat","embeddable":true,"href":"https:\/\/deliciaspersas.com\/en\/wp-json\/wp\/v2\/product_cat?post=8360"},{"taxonomy":"product_tag","embeddable":true,"href":"https:\/\/deliciaspersas.com\/en\/wp-json\/wp\/v2\/product_tag?post=8360"}],"curies":[{"name":"wp","href":"https:\/\/api.w.org\/{rel}","templated":true}]}}