{"id":8406,"date":"2021-07-31T05:54:51","date_gmt":"2021-07-31T03:54:51","guid":{"rendered":"https:\/\/deliciaspersas.com\/?post_type=product&#038;p=8406"},"modified":"2022-01-08T11:32:53","modified_gmt":"2022-01-08T10:32:53","slug":"%d9%85%db%8c%d9%88%d9%87-%d8%b7%d8%a8%db%8c%d8%b9%db%8c-%d9%86%d8%a7%d8%b1%da%af%db%8c%d9%84-%d8%a7%db%8c%d8%b1%d8%a7%d9%86%db%8c-400-%da%af%d8%b1%d9%85%db%8c-%d8%af%d8%a7%db%8c%d8%a7%d9%86","status":"publish","type":"product","link":"https:\/\/deliciaspersas.com\/en\/tienda\/frutas\/%d9%85%db%8c%d9%88%d9%87-%d8%b7%d8%a8%db%8c%d8%b9%db%8c-%d9%86%d8%a7%d8%b1%da%af%db%8c%d9%84-%d8%a7%db%8c%d8%b1%d8%a7%d9%86%db%8c-400-%da%af%d8%b1%d9%85%db%8c-%d8%af%d8%a7%db%8c%d8%a7%d9%86\/","title":{"rendered":"Coco deshidratado 400g Dayan"},"content":{"rendered":"<h1>Fruto natural de coco persa 400g Dayan<\/h1>\n<h6>Informaci\u00f3n del producto:<\/h6>\n<p>Es una fruta ex\u00f3tica y fuertemente arom\u00e1tica perteneciente a la familia de los c\u00edtricos. Es muy rica en nutrientes y una fuente importante en minerales, aceites esenciales y antioxidantes.<\/p>\n<h6>Beneficios:<\/h6>\n<p>El Coco es una fruta ex\u00f3tica cuyo jugo tiene la propiedad de refrescar e hidratar de manera inmediata a la persona m\u00e1s sedienta, adem\u00e1s de sus sustancias nutritivas como el hierro, potasio y sales minerales.<\/p>\n<p>Otra de las caracter\u00edsticas importantes del coco es su alto contenido en fibra, lo que confiere al coco propiedades laxantes, ayudando a reducir y bajar el alto contenido de colesterol y az\u00facar en la sangre.<br \/>\nPor su constituci\u00f3n el coco es una fruta con propiedades de la vitamina E de importante acci\u00f3n antioxidante sobre la piel y es ideal para las personas que se encuentran con debilidad.<br \/>\nCOMPOSICI\u00d3N NUTRICIONAL DEL COCO<br \/>\nCALOR\u00cdAS: 350<br \/>\nVITAMINAS: C 39 MG.) B1 (0,06 mg), B2(01,8 mg).<br \/>\nMINERALES: Potasio (398 mg), f\u00f3sforo (110 mg), calcio (16 mg), hierro (4 mg).<br \/>\n\u00c1CIDOS GRASOS: Poliinsaturados (1 gr), monoinsaturados (4gr), grasas saturadas (53 gr).<\/p>\n<p>A parte de la c\u00e1scara y la pulpa del coco, se elabora leche y aceite una alternativa en verdad nutritiva y natural.<\/p>\n<p>En el caso de las personas veganas o vegetarianas, la leche de coco es el sustituto perfecto para quienes buscan una opci\u00f3n a la leche de origen animal.<\/p>\n<p>El aceite de coco, es un aceite vegetal semis\u00f3lido de apariencia similar a una crema, que se solidifica a temperatura ambiente y que se produce a partir de la pulpa seca del coco la cual es prensada.<\/p>\n<p>Su apariencia es de color blanca en estado s\u00f3lido y se vuelve transparente y algo amarillenta cuando se encuentra en estado l\u00edquido. Es un aceite rico en grasas saturadas que, que aporta grandes beneficios al cuidado de la piel. As\u00ed como con el aceite de coco se puede elaborar pasta de dientes casera con interesantes beneficios sustituyendo la pasta dent\u00edfrica habitual.<\/p>\n<div id=\"contentid-0\" class=\"entry-content\"><\/div>\n<h6>Condiciones de conservaci\u00f3n:<\/h6>\n<p>Conservar en un lugar fresco, seco y protegido de la luz.<\/p>\n<h6>Informaci\u00f3n adicional:<\/h6>\n<p>Fabricado por: Dayan<\/p>\n<p><span class=\"LrzXr\">UNIT 1B, 6 Greycaine Rd<\/span><\/p>\n<p><span class=\"LrzXr\">Watford WD24 7GP, <\/span><\/p>\n<p><span class=\"LrzXr\">Reino Unido<\/span><\/p>\n","protected":false},"excerpt":{"rendered":"<p>Fruto natural de coco persa 400g Dayan Informaci\u00f3n del producto: Es una fruta ex\u00f3tica y fuertemente arom\u00e1tica perteneciente a la familia de los c\u00edtricos. Es muy rica en nutrientes y una fuente importante en minerales, aceites esenciales y antioxidantes. Beneficios: El Coco es una fruta ex\u00f3tica cuyo jugo tiene la propiedad de refrescar e hidratar [&hellip;]<\/p>\n","protected":false},"featured_media":8407,"template":"","meta":{"_surecart_dashboard_logo_width":"180px","_surecart_dashboard_show_logo":true,"_surecart_dashboard_navigation_orders":true,"_surecart_dashboard_navigation_invoices":true,"_surecart_dashboard_navigation_subscriptions":true,"_surecart_dashboard_navigation_downloads":true,"_surecart_dashboard_navigation_billing":true,"_surecart_dashboard_navigation_account":true,"_uag_custom_page_level_css":"","site-sidebar-layout":"default","site-content-layout":"default","ast-site-content-layout":"","site-content-style":"default","site-sidebar-style":"default","ast-global-header-display":"","ast-banner-title-visibility":"","ast-main-header-display":"","ast-hfb-above-header-display":"","ast-hfb-below-header-display":"","ast-hfb-mobile-header-display":"","site-post-title":"","ast-breadcrumbs-content":"","ast-featured-img":"","footer-sml-layout":"","theme-transparent-header-meta":"default","adv-header-id-meta":"","stick-header-meta":"","header-above-stick-meta":"","header-main-stick-meta":"","header-below-stick-meta":"","astra-migrate-meta-layouts":"default","ast-page-background-enabled":"default","ast-page-background-meta":{"desktop":{"background-color":"","background-image":"","background-repeat":"repeat","background-position":"center center","background-size":"auto","background-attachment":"scroll","background-type":"","background-media":"","overlay-type":"","overlay-color":"","overlay-opacity":"","overlay-gradient":""},"tablet":{"background-color":"","background-image":"","background-repeat":"repeat","background-position":"center center","background-size":"auto","background-attachment":"scroll","background-type":"","background-media":"","overlay-type":"","overlay-color":"","overlay-opacity":"","overlay-gradient":""},"mobile":{"background-color":"","background-image":"","background-repeat":"repeat","background-position":"center center","background-size":"auto","background-attachment":"scroll","background-type":"","background-media":"","overlay-type":"","overlay-color":"","overlay-opacity":"","overlay-gradient":""}},"ast-content-background-meta":{"desktop":{"background-color":"var(--ast-global-color-5)","background-image":"","background-repeat":"repeat","background-position":"center center","background-size":"auto","background-attachment":"scroll","background-type":"","background-media":"","overlay-type":"","overlay-color":"","overlay-opacity":"","overlay-gradient":""},"tablet":{"background-color":"var(--ast-global-color-5)","background-image":"","background-repeat":"repeat","background-position":"center center","background-size":"auto","background-attachment":"scroll","background-type":"","background-media":"","overlay-type":"","overlay-color":"","overlay-opacity":"","overlay-gradient":""},"mobile":{"background-color":"var(--ast-global-color-5)","background-image":"","background-repeat":"repeat","background-position":"center center","background-size":"auto","background-attachment":"scroll","background-type":"","background-media":"","overlay-type":"","overlay-color":"","overlay-opacity":"","overlay-gradient":""}}},"pwb-brand":[113],"product_cat":[36,33],"product_tag":[649,650,651,373,343,279,388,409,410],"class_list":{"0":"post-8406","1":"product","2":"type-product","3":"status-publish","4":"has-post-thumbnail","6":"pwb-brand-dayan-2","7":"product_cat-desayuno","8":"product_cat-frutas","9":"product_tag-coco","10":"product_tag-coco-deshidratado","11":"product_tag-frata-deshidratada","12":"product_tag-373","13":"product_tag-343","14":"product_tag-279","15":"product_tag-388","16":"product_tag-409","17":"product_tag-410","18":"desktop-align-center","19":"tablet-align-center","20":"mobile-align-center","22":"first","23":"outofstock","24":"taxable","25":"shipping-taxable","26":"purchasable","27":"product-type-simple"},"yoast_head":"<!-- This site is optimized with the Yoast SEO plugin v23.6 - https:\/\/yoast.com\/wordpress\/plugins\/seo\/ -->\n<title>Coco deshidratado 400g Dayan - Delicias Persas<\/title>\n<meta name=\"description\" content=\"Frutos de cinamomo Senyed. Esta ex\u00f3tica fruta ex\u00f3tica consumida en oriente. Muy com\u00fan en el a\u00f1o nuevo persa....\" \/>\n<meta name=\"robots\" content=\"index, follow, max-snippet:-1, max-image-preview:large, max-video-preview:-1\" \/>\n<link rel=\"canonical\" href=\"https:\/\/deliciaspersas.com\/en\/tienda\/frutas\/%d9%85%db%8c%d9%88%d9%87-%d8%b7%d8%a8%db%8c%d8%b9%db%8c-%d9%86%d8%a7%d8%b1%da%af%db%8c%d9%84-%d8%a7%db%8c%d8%b1%d8%a7%d9%86%db%8c-400-%da%af%d8%b1%d9%85%db%8c-%d8%af%d8%a7%db%8c%d8%a7%d9%86\/\" \/>\n<meta property=\"og:locale\" content=\"en_US\" \/>\n<meta property=\"og:type\" content=\"article\" \/>\n<meta property=\"og:title\" content=\"Coco deshidratado 400g Dayan - Delicias Persas\" \/>\n<meta property=\"og:description\" content=\"Frutos de cinamomo Senyed. Esta ex\u00f3tica fruta ex\u00f3tica consumida en oriente. Muy com\u00fan en el a\u00f1o nuevo persa....\" \/>\n<meta property=\"og:url\" content=\"https:\/\/deliciaspersas.com\/en\/tienda\/frutas\/%d9%85%db%8c%d9%88%d9%87-%d8%b7%d8%a8%db%8c%d8%b9%db%8c-%d9%86%d8%a7%d8%b1%da%af%db%8c%d9%84-%d8%a7%db%8c%d8%b1%d8%a7%d9%86%db%8c-400-%da%af%d8%b1%d9%85%db%8c-%d8%af%d8%a7%db%8c%d8%a7%d9%86\/\" \/>\n<meta property=\"og:site_name\" content=\"Delicias Persas\" \/>\n<meta property=\"article:publisher\" content=\"https:\/\/www.facebook.com\/Deliciaspersas\" \/>\n<meta property=\"article:modified_time\" content=\"2022-01-08T10:32:53+00:00\" \/>\n<meta property=\"og:image\" content=\"https:\/\/deliciaspersas.com\/wp-content\/uploads\/WhatsApp_Image_2021-07-31_at_06.26.57__3_-removebg-preview.png\" \/>\n\t<meta property=\"og:image:width\" content=\"433\" \/>\n\t<meta property=\"og:image:height\" content=\"577\" \/>\n\t<meta property=\"og:image:type\" content=\"image\/png\" \/>\n<meta name=\"twitter:card\" content=\"summary_large_image\" \/>\n<meta name=\"twitter:label1\" content=\"Est. reading time\" \/>\n\t<meta name=\"twitter:data1\" content=\"2 minutes\" \/>\n<script type=\"application\/ld+json\" class=\"yoast-schema-graph\">{\"@context\":\"https:\/\/schema.org\",\"@graph\":[{\"@type\":\"WebPage\",\"@id\":\"https:\/\/deliciaspersas.com\/en\/tienda\/frutas\/%d9%85%db%8c%d9%88%d9%87-%d8%b7%d8%a8%db%8c%d8%b9%db%8c-%d9%86%d8%a7%d8%b1%da%af%db%8c%d9%84-%d8%a7%db%8c%d8%b1%d8%a7%d9%86%db%8c-400-%da%af%d8%b1%d9%85%db%8c-%d8%af%d8%a7%db%8c%d8%a7%d9%86\/\",\"url\":\"https:\/\/deliciaspersas.com\/en\/tienda\/frutas\/%d9%85%db%8c%d9%88%d9%87-%d8%b7%d8%a8%db%8c%d8%b9%db%8c-%d9%86%d8%a7%d8%b1%da%af%db%8c%d9%84-%d8%a7%db%8c%d8%b1%d8%a7%d9%86%db%8c-400-%da%af%d8%b1%d9%85%db%8c-%d8%af%d8%a7%db%8c%d8%a7%d9%86\/\",\"name\":\"Coco deshidratado 400g Dayan - Delicias Persas\",\"isPartOf\":{\"@id\":\"https:\/\/deliciaspersas.com\/en\/#website\"},\"primaryImageOfPage\":{\"@id\":\"https:\/\/deliciaspersas.com\/en\/tienda\/frutas\/%d9%85%db%8c%d9%88%d9%87-%d8%b7%d8%a8%db%8c%d8%b9%db%8c-%d9%86%d8%a7%d8%b1%da%af%db%8c%d9%84-%d8%a7%db%8c%d8%b1%d8%a7%d9%86%db%8c-400-%da%af%d8%b1%d9%85%db%8c-%d8%af%d8%a7%db%8c%d8%a7%d9%86\/#primaryimage\"},\"image\":{\"@id\":\"https:\/\/deliciaspersas.com\/en\/tienda\/frutas\/%d9%85%db%8c%d9%88%d9%87-%d8%b7%d8%a8%db%8c%d8%b9%db%8c-%d9%86%d8%a7%d8%b1%da%af%db%8c%d9%84-%d8%a7%db%8c%d8%b1%d8%a7%d9%86%db%8c-400-%da%af%d8%b1%d9%85%db%8c-%d8%af%d8%a7%db%8c%d8%a7%d9%86\/#primaryimage\"},\"thumbnailUrl\":\"https:\/\/deliciaspersas.com\/wp-content\/uploads\/WhatsApp_Image_2021-07-31_at_06.26.57__3_-removebg-preview.png\",\"datePublished\":\"2021-07-31T03:54:51+00:00\",\"dateModified\":\"2022-01-08T10:32:53+00:00\",\"description\":\"Frutos de cinamomo Senyed. Esta ex\u00f3tica fruta ex\u00f3tica consumida en oriente. Muy com\u00fan en el a\u00f1o nuevo persa....\",\"breadcrumb\":{\"@id\":\"https:\/\/deliciaspersas.com\/en\/tienda\/frutas\/%d9%85%db%8c%d9%88%d9%87-%d8%b7%d8%a8%db%8c%d8%b9%db%8c-%d9%86%d8%a7%d8%b1%da%af%db%8c%d9%84-%d8%a7%db%8c%d8%b1%d8%a7%d9%86%db%8c-400-%da%af%d8%b1%d9%85%db%8c-%d8%af%d8%a7%db%8c%d8%a7%d9%86\/#breadcrumb\"},\"inLanguage\":\"en-US\",\"potentialAction\":[{\"@type\":\"ReadAction\",\"target\":[\"https:\/\/deliciaspersas.com\/en\/tienda\/frutas\/%d9%85%db%8c%d9%88%d9%87-%d8%b7%d8%a8%db%8c%d8%b9%db%8c-%d9%86%d8%a7%d8%b1%da%af%db%8c%d9%84-%d8%a7%db%8c%d8%b1%d8%a7%d9%86%db%8c-400-%da%af%d8%b1%d9%85%db%8c-%d8%af%d8%a7%db%8c%d8%a7%d9%86\/\"]}]},{\"@type\":\"ImageObject\",\"inLanguage\":\"en-US\",\"@id\":\"https:\/\/deliciaspersas.com\/en\/tienda\/frutas\/%d9%85%db%8c%d9%88%d9%87-%d8%b7%d8%a8%db%8c%d8%b9%db%8c-%d9%86%d8%a7%d8%b1%da%af%db%8c%d9%84-%d8%a7%db%8c%d8%b1%d8%a7%d9%86%db%8c-400-%da%af%d8%b1%d9%85%db%8c-%d8%af%d8%a7%db%8c%d8%a7%d9%86\/#primaryimage\",\"url\":\"https:\/\/deliciaspersas.com\/wp-content\/uploads\/WhatsApp_Image_2021-07-31_at_06.26.57__3_-removebg-preview.png\",\"contentUrl\":\"https:\/\/deliciaspersas.com\/wp-content\/uploads\/WhatsApp_Image_2021-07-31_at_06.26.57__3_-removebg-preview.png\",\"width\":433,\"height\":577,\"caption\":\"\u0645\u06cc\u0648\u0647 \u0637\u0628\u06cc\u0639\u06cc \u0627\u06cc\u0631\u0627\u0646\u06cc \u0646\u0627\u0631\u06af\u06cc\u0644 400 \u06af\u0631\u0645\u06cc \u062f\u0627\u06cc\u0627\u0646\"},{\"@type\":\"BreadcrumbList\",\"@id\":\"https:\/\/deliciaspersas.com\/en\/tienda\/frutas\/%d9%85%db%8c%d9%88%d9%87-%d8%b7%d8%a8%db%8c%d8%b9%db%8c-%d9%86%d8%a7%d8%b1%da%af%db%8c%d9%84-%d8%a7%db%8c%d8%b1%d8%a7%d9%86%db%8c-400-%da%af%d8%b1%d9%85%db%8c-%d8%af%d8%a7%db%8c%d8%a7%d9%86\/#breadcrumb\",\"itemListElement\":[{\"@type\":\"ListItem\",\"position\":1,\"name\":\"Portada\",\"item\":\"https:\/\/deliciaspersas.com\/en\/\"},{\"@type\":\"ListItem\",\"position\":2,\"name\":\"Tienda\",\"item\":\"https:\/\/deliciaspersas.com\/\"},{\"@type\":\"ListItem\",\"position\":3,\"name\":\"Coco deshidratado 400g Dayan\"}]},{\"@type\":\"WebSite\",\"@id\":\"https:\/\/deliciaspersas.com\/en\/#website\",\"url\":\"https:\/\/deliciaspersas.com\/en\/\",\"name\":\"Delicias Persas\",\"description\":\"Gastronom&iacute;a persa al alcance de tus manos\",\"publisher\":{\"@id\":\"https:\/\/deliciaspersas.com\/en\/#organization\"},\"potentialAction\":[{\"@type\":\"SearchAction\",\"target\":{\"@type\":\"EntryPoint\",\"urlTemplate\":\"https:\/\/deliciaspersas.com\/en\/?s={search_term_string}\"},\"query-input\":{\"@type\":\"PropertyValueSpecification\",\"valueRequired\":true,\"valueName\":\"search_term_string\"}}],\"inLanguage\":\"en-US\"},{\"@type\":\"Organization\",\"@id\":\"https:\/\/deliciaspersas.com\/en\/#organization\",\"name\":\"Delicias Persas\",\"url\":\"https:\/\/deliciaspersas.com\/en\/\",\"logo\":{\"@type\":\"ImageObject\",\"inLanguage\":\"en-US\",\"@id\":\"https:\/\/deliciaspersas.com\/en\/#\/schema\/logo\/image\/\",\"url\":\"https:\/\/deliciaspersas.com\/wp-content\/uploads\/2020\/07\/logo-2020.png\",\"contentUrl\":\"https:\/\/deliciaspersas.com\/wp-content\/uploads\/2020\/07\/logo-2020.png\",\"width\":520,\"height\":490,\"caption\":\"Delicias Persas\"},\"image\":{\"@id\":\"https:\/\/deliciaspersas.com\/en\/#\/schema\/logo\/image\/\"},\"sameAs\":[\"https:\/\/www.facebook.com\/Deliciaspersas\",\"https:\/\/www.instagram.com\/delicias_persas\/\",\"https:\/\/www.linkedin.com\/delicias-persas\"]}]}<\/script>\n<!-- \/ Yoast SEO plugin. -->","yoast_head_json":{"title":"Coco deshidratado 400g Dayan - Delicias Persas","description":"Frutos de cinamomo Senyed. Esta ex\u00f3tica fruta ex\u00f3tica consumida en oriente. Muy com\u00fan en el a\u00f1o nuevo persa....","robots":{"index":"index","follow":"follow","max-snippet":"max-snippet:-1","max-image-preview":"max-image-preview:large","max-video-preview":"max-video-preview:-1"},"canonical":"https:\/\/deliciaspersas.com\/en\/tienda\/frutas\/%d9%85%db%8c%d9%88%d9%87-%d8%b7%d8%a8%db%8c%d8%b9%db%8c-%d9%86%d8%a7%d8%b1%da%af%db%8c%d9%84-%d8%a7%db%8c%d8%b1%d8%a7%d9%86%db%8c-400-%da%af%d8%b1%d9%85%db%8c-%d8%af%d8%a7%db%8c%d8%a7%d9%86\/","og_locale":"en_US","og_type":"article","og_title":"Coco deshidratado 400g Dayan - Delicias Persas","og_description":"Frutos de cinamomo Senyed. Esta ex\u00f3tica fruta ex\u00f3tica consumida en oriente. Muy com\u00fan en el a\u00f1o nuevo persa....","og_url":"https:\/\/deliciaspersas.com\/en\/tienda\/frutas\/%d9%85%db%8c%d9%88%d9%87-%d8%b7%d8%a8%db%8c%d8%b9%db%8c-%d9%86%d8%a7%d8%b1%da%af%db%8c%d9%84-%d8%a7%db%8c%d8%b1%d8%a7%d9%86%db%8c-400-%da%af%d8%b1%d9%85%db%8c-%d8%af%d8%a7%db%8c%d8%a7%d9%86\/","og_site_name":"Delicias Persas","article_publisher":"https:\/\/www.facebook.com\/Deliciaspersas","article_modified_time":"2022-01-08T10:32:53+00:00","og_image":[{"width":433,"height":577,"url":"https:\/\/deliciaspersas.com\/wp-content\/uploads\/WhatsApp_Image_2021-07-31_at_06.26.57__3_-removebg-preview.png","type":"image\/png"}],"twitter_card":"summary_large_image","twitter_misc":{"Est. reading time":"2 minutes"},"schema":{"@context":"https:\/\/schema.org","@graph":[{"@type":"WebPage","@id":"https:\/\/deliciaspersas.com\/en\/tienda\/frutas\/%d9%85%db%8c%d9%88%d9%87-%d8%b7%d8%a8%db%8c%d8%b9%db%8c-%d9%86%d8%a7%d8%b1%da%af%db%8c%d9%84-%d8%a7%db%8c%d8%b1%d8%a7%d9%86%db%8c-400-%da%af%d8%b1%d9%85%db%8c-%d8%af%d8%a7%db%8c%d8%a7%d9%86\/","url":"https:\/\/deliciaspersas.com\/en\/tienda\/frutas\/%d9%85%db%8c%d9%88%d9%87-%d8%b7%d8%a8%db%8c%d8%b9%db%8c-%d9%86%d8%a7%d8%b1%da%af%db%8c%d9%84-%d8%a7%db%8c%d8%b1%d8%a7%d9%86%db%8c-400-%da%af%d8%b1%d9%85%db%8c-%d8%af%d8%a7%db%8c%d8%a7%d9%86\/","name":"Coco deshidratado 400g Dayan - Delicias Persas","isPartOf":{"@id":"https:\/\/deliciaspersas.com\/en\/#website"},"primaryImageOfPage":{"@id":"https:\/\/deliciaspersas.com\/en\/tienda\/frutas\/%d9%85%db%8c%d9%88%d9%87-%d8%b7%d8%a8%db%8c%d8%b9%db%8c-%d9%86%d8%a7%d8%b1%da%af%db%8c%d9%84-%d8%a7%db%8c%d8%b1%d8%a7%d9%86%db%8c-400-%da%af%d8%b1%d9%85%db%8c-%d8%af%d8%a7%db%8c%d8%a7%d9%86\/#primaryimage"},"image":{"@id":"https:\/\/deliciaspersas.com\/en\/tienda\/frutas\/%d9%85%db%8c%d9%88%d9%87-%d8%b7%d8%a8%db%8c%d8%b9%db%8c-%d9%86%d8%a7%d8%b1%da%af%db%8c%d9%84-%d8%a7%db%8c%d8%b1%d8%a7%d9%86%db%8c-400-%da%af%d8%b1%d9%85%db%8c-%d8%af%d8%a7%db%8c%d8%a7%d9%86\/#primaryimage"},"thumbnailUrl":"https:\/\/deliciaspersas.com\/wp-content\/uploads\/WhatsApp_Image_2021-07-31_at_06.26.57__3_-removebg-preview.png","datePublished":"2021-07-31T03:54:51+00:00","dateModified":"2022-01-08T10:32:53+00:00","description":"Frutos de cinamomo Senyed. Esta ex\u00f3tica fruta ex\u00f3tica consumida en oriente. Muy com\u00fan en el a\u00f1o nuevo persa....","breadcrumb":{"@id":"https:\/\/deliciaspersas.com\/en\/tienda\/frutas\/%d9%85%db%8c%d9%88%d9%87-%d8%b7%d8%a8%db%8c%d8%b9%db%8c-%d9%86%d8%a7%d8%b1%da%af%db%8c%d9%84-%d8%a7%db%8c%d8%b1%d8%a7%d9%86%db%8c-400-%da%af%d8%b1%d9%85%db%8c-%d8%af%d8%a7%db%8c%d8%a7%d9%86\/#breadcrumb"},"inLanguage":"en-US","potentialAction":[{"@type":"ReadAction","target":["https:\/\/deliciaspersas.com\/en\/tienda\/frutas\/%d9%85%db%8c%d9%88%d9%87-%d8%b7%d8%a8%db%8c%d8%b9%db%8c-%d9%86%d8%a7%d8%b1%da%af%db%8c%d9%84-%d8%a7%db%8c%d8%b1%d8%a7%d9%86%db%8c-400-%da%af%d8%b1%d9%85%db%8c-%d8%af%d8%a7%db%8c%d8%a7%d9%86\/"]}]},{"@type":"ImageObject","inLanguage":"en-US","@id":"https:\/\/deliciaspersas.com\/en\/tienda\/frutas\/%d9%85%db%8c%d9%88%d9%87-%d8%b7%d8%a8%db%8c%d8%b9%db%8c-%d9%86%d8%a7%d8%b1%da%af%db%8c%d9%84-%d8%a7%db%8c%d8%b1%d8%a7%d9%86%db%8c-400-%da%af%d8%b1%d9%85%db%8c-%d8%af%d8%a7%db%8c%d8%a7%d9%86\/#primaryimage","url":"https:\/\/deliciaspersas.com\/wp-content\/uploads\/WhatsApp_Image_2021-07-31_at_06.26.57__3_-removebg-preview.png","contentUrl":"https:\/\/deliciaspersas.com\/wp-content\/uploads\/WhatsApp_Image_2021-07-31_at_06.26.57__3_-removebg-preview.png","width":433,"height":577,"caption":"\u0645\u06cc\u0648\u0647 \u0637\u0628\u06cc\u0639\u06cc \u0627\u06cc\u0631\u0627\u0646\u06cc \u0646\u0627\u0631\u06af\u06cc\u0644 400 \u06af\u0631\u0645\u06cc \u062f\u0627\u06cc\u0627\u0646"},{"@type":"BreadcrumbList","@id":"https:\/\/deliciaspersas.com\/en\/tienda\/frutas\/%d9%85%db%8c%d9%88%d9%87-%d8%b7%d8%a8%db%8c%d8%b9%db%8c-%d9%86%d8%a7%d8%b1%da%af%db%8c%d9%84-%d8%a7%db%8c%d8%b1%d8%a7%d9%86%db%8c-400-%da%af%d8%b1%d9%85%db%8c-%d8%af%d8%a7%db%8c%d8%a7%d9%86\/#breadcrumb","itemListElement":[{"@type":"ListItem","position":1,"name":"Portada","item":"https:\/\/deliciaspersas.com\/en\/"},{"@type":"ListItem","position":2,"name":"Tienda","item":"https:\/\/deliciaspersas.com\/"},{"@type":"ListItem","position":3,"name":"Coco deshidratado 400g Dayan"}]},{"@type":"WebSite","@id":"https:\/\/deliciaspersas.com\/en\/#website","url":"https:\/\/deliciaspersas.com\/en\/","name":"Delicias Persas","description":"Gastronom&iacute;a persa al alcance de tus manos","publisher":{"@id":"https:\/\/deliciaspersas.com\/en\/#organization"},"potentialAction":[{"@type":"SearchAction","target":{"@type":"EntryPoint","urlTemplate":"https:\/\/deliciaspersas.com\/en\/?s={search_term_string}"},"query-input":{"@type":"PropertyValueSpecification","valueRequired":true,"valueName":"search_term_string"}}],"inLanguage":"en-US"},{"@type":"Organization","@id":"https:\/\/deliciaspersas.com\/en\/#organization","name":"Delicias Persas","url":"https:\/\/deliciaspersas.com\/en\/","logo":{"@type":"ImageObject","inLanguage":"en-US","@id":"https:\/\/deliciaspersas.com\/en\/#\/schema\/logo\/image\/","url":"https:\/\/deliciaspersas.com\/wp-content\/uploads\/2020\/07\/logo-2020.png","contentUrl":"https:\/\/deliciaspersas.com\/wp-content\/uploads\/2020\/07\/logo-2020.png","width":520,"height":490,"caption":"Delicias Persas"},"image":{"@id":"https:\/\/deliciaspersas.com\/en\/#\/schema\/logo\/image\/"},"sameAs":["https:\/\/www.facebook.com\/Deliciaspersas","https:\/\/www.instagram.com\/delicias_persas\/","https:\/\/www.linkedin.com\/delicias-persas"]}]}},"uagb_featured_image_src":{"full":["https:\/\/deliciaspersas.com\/wp-content\/uploads\/WhatsApp_Image_2021-07-31_at_06.26.57__3_-removebg-preview.png",433,577,false],"thumbnail":["https:\/\/deliciaspersas.com\/wp-content\/uploads\/WhatsApp_Image_2021-07-31_at_06.26.57__3_-removebg-preview-150x150.png",150,150,true],"medium":["https:\/\/deliciaspersas.com\/wp-content\/uploads\/WhatsApp_Image_2021-07-31_at_06.26.57__3_-removebg-preview-225x300.png",225,300,true],"medium_large":["https:\/\/deliciaspersas.com\/wp-content\/uploads\/WhatsApp_Image_2021-07-31_at_06.26.57__3_-removebg-preview.png",433,577,false],"large":["https:\/\/deliciaspersas.com\/wp-content\/uploads\/WhatsApp_Image_2021-07-31_at_06.26.57__3_-removebg-preview.png",433,577,false],"1536x1536":["https:\/\/deliciaspersas.com\/wp-content\/uploads\/WhatsApp_Image_2021-07-31_at_06.26.57__3_-removebg-preview.png",433,577,false],"2048x2048":["https:\/\/deliciaspersas.com\/wp-content\/uploads\/WhatsApp_Image_2021-07-31_at_06.26.57__3_-removebg-preview.png",433,577,false],"woocommerce_thumbnail":["https:\/\/deliciaspersas.com\/wp-content\/uploads\/WhatsApp_Image_2021-07-31_at_06.26.57__3_-removebg-preview-300x300.png",300,300,true],"woocommerce_single":["https:\/\/deliciaspersas.com\/wp-content\/uploads\/WhatsApp_Image_2021-07-31_at_06.26.57__3_-removebg-preview.png",433,577,false],"woocommerce_gallery_thumbnail":["https:\/\/deliciaspersas.com\/wp-content\/uploads\/WhatsApp_Image_2021-07-31_at_06.26.57__3_-removebg-preview-100x100.png",100,100,true]},"uagb_author_info":{"display_name":"Maral Azizi","author_link":"https:\/\/deliciaspersas.com\/en\/author\/"},"uagb_comment_info":0,"uagb_excerpt":"Fruto natural de coco persa 400g Dayan Informaci\u00f3n del producto: Es una fruta ex\u00f3tica y fuertemente arom\u00e1tica perteneciente a la familia de los c\u00edtricos. Es muy rica en nutrientes y una fuente importante en minerales, aceites esenciales y antioxidantes. Beneficios: El Coco es una fruta ex\u00f3tica cuyo jugo tiene la propiedad de refrescar e hidratar&hellip;","brands":[{"id":113,"name":"Dayan","slug":"dayan-2"}],"_links":{"self":[{"href":"https:\/\/deliciaspersas.com\/en\/wp-json\/wp\/v2\/product\/8406"}],"collection":[{"href":"https:\/\/deliciaspersas.com\/en\/wp-json\/wp\/v2\/product"}],"about":[{"href":"https:\/\/deliciaspersas.com\/en\/wp-json\/wp\/v2\/types\/product"}],"wp:featuredmedia":[{"embeddable":true,"href":"https:\/\/deliciaspersas.com\/en\/wp-json\/wp\/v2\/media\/8407"}],"wp:attachment":[{"href":"https:\/\/deliciaspersas.com\/en\/wp-json\/wp\/v2\/media?parent=8406"}],"wp:term":[{"taxonomy":"pwb-brand","embeddable":true,"href":"https:\/\/deliciaspersas.com\/en\/wp-json\/wp\/v2\/pwb-brand?post=8406"},{"taxonomy":"product_cat","embeddable":true,"href":"https:\/\/deliciaspersas.com\/en\/wp-json\/wp\/v2\/product_cat?post=8406"},{"taxonomy":"product_tag","embeddable":true,"href":"https:\/\/deliciaspersas.com\/en\/wp-json\/wp\/v2\/product_tag?post=8406"}],"curies":[{"name":"wp","href":"https:\/\/api.w.org\/{rel}","templated":true}]}}