{"id":8419,"date":"2021-08-01T07:17:17","date_gmt":"2021-08-01T05:17:17","guid":{"rendered":"https:\/\/deliciaspersas.com\/?post_type=product&#038;p=8419"},"modified":"2024-09-10T12:29:31","modified_gmt":"2024-09-10T10:29:31","slug":"cafe-turco-200g-haseeb","status":"publish","type":"product","link":"https:\/\/deliciaspersas.com\/en\/tienda\/desayuno\/cafe-turco-200g-haseeb\/","title":{"rendered":"Caf\u00e9 turco 200g Haseeb"},"content":{"rendered":"<h1>Caf\u00e9 turco 200g Haseeb<\/h1>\n<p>&nbsp;<\/p>\n<p>El caf\u00e9 turco se refiere a una forma espec\u00edfica de hacer caf\u00e9, no a un tipo espec\u00edfico de caf\u00e9. Como resultado, no necesita ning\u00fan tipo especial de granos de caf\u00e9 para preparar caf\u00e9 turco. Los granos de caf\u00e9 turco se trituran tanto como sea posible; M\u00e1s peque\u00f1o y fino que cualquier otro m\u00e9todo de preparaci\u00f3n de caf\u00e9. Para moler el caf\u00e9, se machacan los granos de caf\u00e9 en un mortero (m\u00e9todo tradicional y original) o se utiliza un molino de piedra. La mayor\u00eda de los molinillos de caf\u00e9 caseros no muelen suficientes granos de caf\u00e9.<\/p>\n<p>El mejor caf\u00e9 turco se elabora con granos de caf\u00e9 reci\u00e9n tostados que se han molido justo antes de hervir. El caf\u00e9 molido y tostado (apto para hacer caf\u00e9 turco) se puede comprar y almacenar, pero con el tiempo perder\u00e1 su sabor.<\/p>\n<h5>La preparaci\u00f3n:<\/h5>\n<p>Aunque hay muchas formas diferentes de preparar el caf\u00e9 turco en detalle, en general, la preparaci\u00f3n del caf\u00e9 turco implica sumergir el caf\u00e9 molido en agua caliente (pero no hirviendo) durante el tiempo suficiente para que el caf\u00e9 recupere su sabor.<\/p>\n<p>La preparaci\u00f3n excesiva de caf\u00e9 hace que el caf\u00e9 tenga un sabor desagradable a &#8220;quemado&#8221; o &#8220;hirviendo&#8221;, pero si se prepara el caf\u00e9 en muy poco tiempo, se puede prevenir este sabor desagradable y se puede adivinar sin adivinar cu\u00e1ndo el caf\u00e9 ha alcanzado la temperatura adecuada.<\/p>\n<p>La cantidad de agua fr\u00eda necesaria se puede determinar por el n\u00famero de tazas de caf\u00e9 necesarias (aproximadamente 90 ml por taza) y se necesitan entre una y dos cucharaditas de caf\u00e9 por taza de agua. Por lo general, el caf\u00e9 y el az\u00facar no se vierten en la cafetera desde el principio, sino que se agregan al agua.<\/p>\n<p>El caf\u00e9 turco bien elaborado tiene una espuma espesa (copok en turco), es homog\u00e9neo y no hay part\u00edculas visibles de caf\u00e9 en la espuma o el l\u00edquido. Puedes mantener el caf\u00e9 al fuego durante unos 20 segundos para que el caf\u00e9 vuelva a su buen sabor, pero en este caso la espuma del caf\u00e9 desaparecer\u00e1 por completo. Para solucionar este problema, puedes quitar la espuma del caf\u00e9 en cuanto hierva y verterla en las tazas y hervir el resto durante unos 20 segundos. En este caso, se debe tener mucho cuidado de verter solo la espuma en los vasos y no las part\u00edculas en suspensi\u00f3n.<\/p>\n","protected":false},"excerpt":{"rendered":"<p>Caf\u00e9 turco 200g Haseeb &nbsp; El caf\u00e9 turco se refiere a una forma espec\u00edfica de hacer caf\u00e9, no a un tipo espec\u00edfico de caf\u00e9. Como resultado, no necesita ning\u00fan tipo especial de granos de caf\u00e9 para preparar caf\u00e9 turco. Los granos de caf\u00e9 turco se trituran tanto como sea posible; M\u00e1s peque\u00f1o y fino que [&hellip;]<\/p>\n","protected":false},"featured_media":8420,"template":"","meta":{"_surecart_dashboard_logo_width":"180px","_surecart_dashboard_show_logo":true,"_surecart_dashboard_navigation_orders":true,"_surecart_dashboard_navigation_invoices":true,"_surecart_dashboard_navigation_subscriptions":true,"_surecart_dashboard_navigation_downloads":true,"_surecart_dashboard_navigation_billing":true,"_surecart_dashboard_navigation_account":true,"_uag_custom_page_level_css":"","site-sidebar-layout":"default","site-content-layout":"default","ast-site-content-layout":"default","site-content-style":"default","site-sidebar-style":"default","ast-global-header-display":"","ast-banner-title-visibility":"","ast-main-header-display":"","ast-hfb-above-header-display":"","ast-hfb-below-header-display":"","ast-hfb-mobile-header-display":"","site-post-title":"","ast-breadcrumbs-content":"","ast-featured-img":"","footer-sml-layout":"","theme-transparent-header-meta":"default","adv-header-id-meta":"","stick-header-meta":"","header-above-stick-meta":"","header-main-stick-meta":"","header-below-stick-meta":"","astra-migrate-meta-layouts":"set","ast-page-background-enabled":"default","ast-page-background-meta":{"desktop":{"background-color":"","background-image":"","background-repeat":"repeat","background-position":"center center","background-size":"auto","background-attachment":"scroll","background-type":"","background-media":"","overlay-type":"","overlay-color":"","overlay-opacity":"","overlay-gradient":""},"tablet":{"background-color":"","background-image":"","background-repeat":"repeat","background-position":"center center","background-size":"auto","background-attachment":"scroll","background-type":"","background-media":"","overlay-type":"","overlay-color":"","overlay-opacity":"","overlay-gradient":""},"mobile":{"background-color":"","background-image":"","background-repeat":"repeat","background-position":"center center","background-size":"auto","background-attachment":"scroll","background-type":"","background-media":"","overlay-type":"","overlay-color":"","overlay-opacity":"","overlay-gradient":""}},"ast-content-background-meta":{"desktop":{"background-color":"var(--ast-global-color-5)","background-image":"","background-repeat":"repeat","background-position":"center center","background-size":"auto","background-attachment":"scroll","background-type":"","background-media":"","overlay-type":"","overlay-color":"","overlay-opacity":"","overlay-gradient":""},"tablet":{"background-color":"var(--ast-global-color-5)","background-image":"","background-repeat":"repeat","background-position":"center center","background-size":"auto","background-attachment":"scroll","background-type":"","background-media":"","overlay-type":"","overlay-color":"","overlay-opacity":"","overlay-gradient":""},"mobile":{"background-color":"var(--ast-global-color-5)","background-image":"","background-repeat":"repeat","background-position":"center center","background-size":"auto","background-attachment":"scroll","background-type":"","background-media":"","overlay-type":"","overlay-color":"","overlay-opacity":"","overlay-gradient":""}}},"pwb-brand":[420],"product_cat":[37,36],"product_tag":[730,731,732,279,421,417,416,1134],"class_list":{"0":"post-8419","1":"product","2":"type-product","3":"status-publish","4":"has-post-thumbnail","6":"pwb-brand-haseeb","7":"product_cat-bebidas","8":"product_cat-desayuno","9":"product_tag-cafe","10":"product_tag-cafe-turco","11":"product_tag-turco","12":"product_tag-279","13":"product_tag-421","14":"product_tag-417","15":"product_tag-416","16":"product_tag-1134","17":"desktop-align-center","18":"tablet-align-center","19":"mobile-align-center","21":"first","22":"instock","23":"taxable","24":"shipping-taxable","25":"purchasable","26":"product-type-simple"},"yoast_head":"<!-- This site is optimized with the Yoast SEO plugin v23.6 - https:\/\/yoast.com\/wordpress\/plugins\/seo\/ -->\n<title>Caf\u00e9 turco 200g Haseeb - Delicias Persas<\/title>\n<meta name=\"description\" content=\"Obtener la capa de espuma m\u00e1s gruesa posible es el pin\u00e1culo del arte de hacer caf\u00e9. Una forma de hacer que la capa inferior sea m\u00e1s...\" \/>\n<meta name=\"robots\" content=\"index, follow, max-snippet:-1, max-image-preview:large, max-video-preview:-1\" \/>\n<link rel=\"canonical\" href=\"https:\/\/deliciaspersas.com\/en\/tienda\/desayuno\/cafe-turco-200g-haseeb\/\" \/>\n<meta property=\"og:locale\" content=\"en_US\" \/>\n<meta property=\"og:type\" content=\"article\" \/>\n<meta property=\"og:title\" content=\"Caf\u00e9 turco 200g Haseeb - Delicias Persas\" \/>\n<meta property=\"og:description\" content=\"Obtener la capa de espuma m\u00e1s gruesa posible es el pin\u00e1culo del arte de hacer caf\u00e9. Una forma de hacer que la capa inferior sea m\u00e1s...\" \/>\n<meta property=\"og:url\" content=\"https:\/\/deliciaspersas.com\/en\/tienda\/desayuno\/cafe-turco-200g-haseeb\/\" \/>\n<meta property=\"og:site_name\" content=\"Delicias Persas\" \/>\n<meta property=\"article:publisher\" content=\"https:\/\/www.facebook.com\/Deliciaspersas\" \/>\n<meta property=\"article:modified_time\" content=\"2024-09-10T10:29:31+00:00\" \/>\n<meta property=\"og:image\" content=\"https:\/\/deliciaspersas.com\/wp-content\/uploads\/WhatsApp_Image_2021-08-01_at_09.37.45-removebg-preview.png\" \/>\n\t<meta property=\"og:image:width\" content=\"433\" \/>\n\t<meta property=\"og:image:height\" content=\"577\" \/>\n\t<meta property=\"og:image:type\" content=\"image\/png\" \/>\n<meta name=\"twitter:card\" content=\"summary_large_image\" \/>\n<meta name=\"twitter:label1\" content=\"Est. reading time\" \/>\n\t<meta name=\"twitter:data1\" content=\"3 minutes\" \/>\n<script type=\"application\/ld+json\" class=\"yoast-schema-graph\">{\"@context\":\"https:\/\/schema.org\",\"@graph\":[{\"@type\":\"WebPage\",\"@id\":\"https:\/\/deliciaspersas.com\/en\/tienda\/desayuno\/cafe-turco-200g-haseeb\/\",\"url\":\"https:\/\/deliciaspersas.com\/en\/tienda\/desayuno\/cafe-turco-200g-haseeb\/\",\"name\":\"Caf\u00e9 turco 200g Haseeb - Delicias Persas\",\"isPartOf\":{\"@id\":\"https:\/\/deliciaspersas.com\/en\/#website\"},\"primaryImageOfPage\":{\"@id\":\"https:\/\/deliciaspersas.com\/en\/tienda\/desayuno\/cafe-turco-200g-haseeb\/#primaryimage\"},\"image\":{\"@id\":\"https:\/\/deliciaspersas.com\/en\/tienda\/desayuno\/cafe-turco-200g-haseeb\/#primaryimage\"},\"thumbnailUrl\":\"https:\/\/deliciaspersas.com\/wp-content\/uploads\/WhatsApp_Image_2021-08-01_at_09.37.45-removebg-preview.png\",\"datePublished\":\"2021-08-01T05:17:17+00:00\",\"dateModified\":\"2024-09-10T10:29:31+00:00\",\"description\":\"Obtener la capa de espuma m\u00e1s gruesa posible es el pin\u00e1culo del arte de hacer caf\u00e9. Una forma de hacer que la capa inferior sea m\u00e1s...\",\"breadcrumb\":{\"@id\":\"https:\/\/deliciaspersas.com\/en\/tienda\/desayuno\/cafe-turco-200g-haseeb\/#breadcrumb\"},\"inLanguage\":\"en-US\",\"potentialAction\":[{\"@type\":\"ReadAction\",\"target\":[\"https:\/\/deliciaspersas.com\/en\/tienda\/desayuno\/cafe-turco-200g-haseeb\/\"]}]},{\"@type\":\"ImageObject\",\"inLanguage\":\"en-US\",\"@id\":\"https:\/\/deliciaspersas.com\/en\/tienda\/desayuno\/cafe-turco-200g-haseeb\/#primaryimage\",\"url\":\"https:\/\/deliciaspersas.com\/wp-content\/uploads\/WhatsApp_Image_2021-08-01_at_09.37.45-removebg-preview.png\",\"contentUrl\":\"https:\/\/deliciaspersas.com\/wp-content\/uploads\/WhatsApp_Image_2021-08-01_at_09.37.45-removebg-preview.png\",\"width\":433,\"height\":577,\"caption\":\"\u0642\u0647\u0648\u0647 \u062a\u0631\u06a9 200 \u06af\u0631\u0645\u06cc \u062d\u0633\u06cc\u0628\"},{\"@type\":\"BreadcrumbList\",\"@id\":\"https:\/\/deliciaspersas.com\/en\/tienda\/desayuno\/cafe-turco-200g-haseeb\/#breadcrumb\",\"itemListElement\":[{\"@type\":\"ListItem\",\"position\":1,\"name\":\"Portada\",\"item\":\"https:\/\/deliciaspersas.com\/en\/\"},{\"@type\":\"ListItem\",\"position\":2,\"name\":\"Tienda\",\"item\":\"https:\/\/deliciaspersas.com\/\"},{\"@type\":\"ListItem\",\"position\":3,\"name\":\"Caf\u00e9 turco 200g Haseeb\"}]},{\"@type\":\"WebSite\",\"@id\":\"https:\/\/deliciaspersas.com\/en\/#website\",\"url\":\"https:\/\/deliciaspersas.com\/en\/\",\"name\":\"Delicias Persas\",\"description\":\"Gastronom&iacute;a persa al alcance de tus manos\",\"publisher\":{\"@id\":\"https:\/\/deliciaspersas.com\/en\/#organization\"},\"potentialAction\":[{\"@type\":\"SearchAction\",\"target\":{\"@type\":\"EntryPoint\",\"urlTemplate\":\"https:\/\/deliciaspersas.com\/en\/?s={search_term_string}\"},\"query-input\":{\"@type\":\"PropertyValueSpecification\",\"valueRequired\":true,\"valueName\":\"search_term_string\"}}],\"inLanguage\":\"en-US\"},{\"@type\":\"Organization\",\"@id\":\"https:\/\/deliciaspersas.com\/en\/#organization\",\"name\":\"Delicias Persas\",\"url\":\"https:\/\/deliciaspersas.com\/en\/\",\"logo\":{\"@type\":\"ImageObject\",\"inLanguage\":\"en-US\",\"@id\":\"https:\/\/deliciaspersas.com\/en\/#\/schema\/logo\/image\/\",\"url\":\"https:\/\/deliciaspersas.com\/wp-content\/uploads\/2020\/07\/logo-2020.png\",\"contentUrl\":\"https:\/\/deliciaspersas.com\/wp-content\/uploads\/2020\/07\/logo-2020.png\",\"width\":520,\"height\":490,\"caption\":\"Delicias Persas\"},\"image\":{\"@id\":\"https:\/\/deliciaspersas.com\/en\/#\/schema\/logo\/image\/\"},\"sameAs\":[\"https:\/\/www.facebook.com\/Deliciaspersas\",\"https:\/\/www.instagram.com\/delicias_persas\/\",\"https:\/\/www.linkedin.com\/delicias-persas\"]}]}<\/script>\n<!-- \/ Yoast SEO plugin. -->","yoast_head_json":{"title":"Caf\u00e9 turco 200g Haseeb - Delicias Persas","description":"Obtener la capa de espuma m\u00e1s gruesa posible es el pin\u00e1culo del arte de hacer caf\u00e9. Una forma de hacer que la capa inferior sea m\u00e1s...","robots":{"index":"index","follow":"follow","max-snippet":"max-snippet:-1","max-image-preview":"max-image-preview:large","max-video-preview":"max-video-preview:-1"},"canonical":"https:\/\/deliciaspersas.com\/en\/tienda\/desayuno\/cafe-turco-200g-haseeb\/","og_locale":"en_US","og_type":"article","og_title":"Caf\u00e9 turco 200g Haseeb - Delicias Persas","og_description":"Obtener la capa de espuma m\u00e1s gruesa posible es el pin\u00e1culo del arte de hacer caf\u00e9. Una forma de hacer que la capa inferior sea m\u00e1s...","og_url":"https:\/\/deliciaspersas.com\/en\/tienda\/desayuno\/cafe-turco-200g-haseeb\/","og_site_name":"Delicias Persas","article_publisher":"https:\/\/www.facebook.com\/Deliciaspersas","article_modified_time":"2024-09-10T10:29:31+00:00","og_image":[{"width":433,"height":577,"url":"https:\/\/deliciaspersas.com\/wp-content\/uploads\/WhatsApp_Image_2021-08-01_at_09.37.45-removebg-preview.png","type":"image\/png"}],"twitter_card":"summary_large_image","twitter_misc":{"Est. reading time":"3 minutes"},"schema":{"@context":"https:\/\/schema.org","@graph":[{"@type":"WebPage","@id":"https:\/\/deliciaspersas.com\/en\/tienda\/desayuno\/cafe-turco-200g-haseeb\/","url":"https:\/\/deliciaspersas.com\/en\/tienda\/desayuno\/cafe-turco-200g-haseeb\/","name":"Caf\u00e9 turco 200g Haseeb - Delicias Persas","isPartOf":{"@id":"https:\/\/deliciaspersas.com\/en\/#website"},"primaryImageOfPage":{"@id":"https:\/\/deliciaspersas.com\/en\/tienda\/desayuno\/cafe-turco-200g-haseeb\/#primaryimage"},"image":{"@id":"https:\/\/deliciaspersas.com\/en\/tienda\/desayuno\/cafe-turco-200g-haseeb\/#primaryimage"},"thumbnailUrl":"https:\/\/deliciaspersas.com\/wp-content\/uploads\/WhatsApp_Image_2021-08-01_at_09.37.45-removebg-preview.png","datePublished":"2021-08-01T05:17:17+00:00","dateModified":"2024-09-10T10:29:31+00:00","description":"Obtener la capa de espuma m\u00e1s gruesa posible es el pin\u00e1culo del arte de hacer caf\u00e9. Una forma de hacer que la capa inferior sea m\u00e1s...","breadcrumb":{"@id":"https:\/\/deliciaspersas.com\/en\/tienda\/desayuno\/cafe-turco-200g-haseeb\/#breadcrumb"},"inLanguage":"en-US","potentialAction":[{"@type":"ReadAction","target":["https:\/\/deliciaspersas.com\/en\/tienda\/desayuno\/cafe-turco-200g-haseeb\/"]}]},{"@type":"ImageObject","inLanguage":"en-US","@id":"https:\/\/deliciaspersas.com\/en\/tienda\/desayuno\/cafe-turco-200g-haseeb\/#primaryimage","url":"https:\/\/deliciaspersas.com\/wp-content\/uploads\/WhatsApp_Image_2021-08-01_at_09.37.45-removebg-preview.png","contentUrl":"https:\/\/deliciaspersas.com\/wp-content\/uploads\/WhatsApp_Image_2021-08-01_at_09.37.45-removebg-preview.png","width":433,"height":577,"caption":"\u0642\u0647\u0648\u0647 \u062a\u0631\u06a9 200 \u06af\u0631\u0645\u06cc \u062d\u0633\u06cc\u0628"},{"@type":"BreadcrumbList","@id":"https:\/\/deliciaspersas.com\/en\/tienda\/desayuno\/cafe-turco-200g-haseeb\/#breadcrumb","itemListElement":[{"@type":"ListItem","position":1,"name":"Portada","item":"https:\/\/deliciaspersas.com\/en\/"},{"@type":"ListItem","position":2,"name":"Tienda","item":"https:\/\/deliciaspersas.com\/"},{"@type":"ListItem","position":3,"name":"Caf\u00e9 turco 200g Haseeb"}]},{"@type":"WebSite","@id":"https:\/\/deliciaspersas.com\/en\/#website","url":"https:\/\/deliciaspersas.com\/en\/","name":"Delicias Persas","description":"Gastronom&iacute;a persa al alcance de tus manos","publisher":{"@id":"https:\/\/deliciaspersas.com\/en\/#organization"},"potentialAction":[{"@type":"SearchAction","target":{"@type":"EntryPoint","urlTemplate":"https:\/\/deliciaspersas.com\/en\/?s={search_term_string}"},"query-input":{"@type":"PropertyValueSpecification","valueRequired":true,"valueName":"search_term_string"}}],"inLanguage":"en-US"},{"@type":"Organization","@id":"https:\/\/deliciaspersas.com\/en\/#organization","name":"Delicias Persas","url":"https:\/\/deliciaspersas.com\/en\/","logo":{"@type":"ImageObject","inLanguage":"en-US","@id":"https:\/\/deliciaspersas.com\/en\/#\/schema\/logo\/image\/","url":"https:\/\/deliciaspersas.com\/wp-content\/uploads\/2020\/07\/logo-2020.png","contentUrl":"https:\/\/deliciaspersas.com\/wp-content\/uploads\/2020\/07\/logo-2020.png","width":520,"height":490,"caption":"Delicias Persas"},"image":{"@id":"https:\/\/deliciaspersas.com\/en\/#\/schema\/logo\/image\/"},"sameAs":["https:\/\/www.facebook.com\/Deliciaspersas","https:\/\/www.instagram.com\/delicias_persas\/","https:\/\/www.linkedin.com\/delicias-persas"]}]}},"uagb_featured_image_src":{"full":["https:\/\/deliciaspersas.com\/wp-content\/uploads\/WhatsApp_Image_2021-08-01_at_09.37.45-removebg-preview.png",433,577,false],"thumbnail":["https:\/\/deliciaspersas.com\/wp-content\/uploads\/WhatsApp_Image_2021-08-01_at_09.37.45-removebg-preview-150x150.png",150,150,true],"medium":["https:\/\/deliciaspersas.com\/wp-content\/uploads\/WhatsApp_Image_2021-08-01_at_09.37.45-removebg-preview-225x300.png",225,300,true],"medium_large":["https:\/\/deliciaspersas.com\/wp-content\/uploads\/WhatsApp_Image_2021-08-01_at_09.37.45-removebg-preview.png",433,577,false],"large":["https:\/\/deliciaspersas.com\/wp-content\/uploads\/WhatsApp_Image_2021-08-01_at_09.37.45-removebg-preview.png",433,577,false],"1536x1536":["https:\/\/deliciaspersas.com\/wp-content\/uploads\/WhatsApp_Image_2021-08-01_at_09.37.45-removebg-preview.png",433,577,false],"2048x2048":["https:\/\/deliciaspersas.com\/wp-content\/uploads\/WhatsApp_Image_2021-08-01_at_09.37.45-removebg-preview.png",433,577,false],"woocommerce_thumbnail":["https:\/\/deliciaspersas.com\/wp-content\/uploads\/WhatsApp_Image_2021-08-01_at_09.37.45-removebg-preview-300x300.png",300,300,true],"woocommerce_single":["https:\/\/deliciaspersas.com\/wp-content\/uploads\/WhatsApp_Image_2021-08-01_at_09.37.45-removebg-preview.png",433,577,false],"woocommerce_gallery_thumbnail":["https:\/\/deliciaspersas.com\/wp-content\/uploads\/WhatsApp_Image_2021-08-01_at_09.37.45-removebg-preview-100x100.png",100,100,true]},"uagb_author_info":{"display_name":"Maral Azizi","author_link":"https:\/\/deliciaspersas.com\/en\/author\/"},"uagb_comment_info":0,"uagb_excerpt":"Caf\u00e9 turco 200g Haseeb &nbsp; El caf\u00e9 turco se refiere a una forma espec\u00edfica de hacer caf\u00e9, no a un tipo espec\u00edfico de caf\u00e9. Como resultado, no necesita ning\u00fan tipo especial de granos de caf\u00e9 para preparar caf\u00e9 turco. Los granos de caf\u00e9 turco se trituran tanto como sea posible; M\u00e1s peque\u00f1o y fino que&hellip;","brands":[{"id":420,"name":"Haseeb","slug":"haseeb"}],"_links":{"self":[{"href":"https:\/\/deliciaspersas.com\/en\/wp-json\/wp\/v2\/product\/8419"}],"collection":[{"href":"https:\/\/deliciaspersas.com\/en\/wp-json\/wp\/v2\/product"}],"about":[{"href":"https:\/\/deliciaspersas.com\/en\/wp-json\/wp\/v2\/types\/product"}],"wp:featuredmedia":[{"embeddable":true,"href":"https:\/\/deliciaspersas.com\/en\/wp-json\/wp\/v2\/media\/8420"}],"wp:attachment":[{"href":"https:\/\/deliciaspersas.com\/en\/wp-json\/wp\/v2\/media?parent=8419"}],"wp:term":[{"taxonomy":"pwb-brand","embeddable":true,"href":"https:\/\/deliciaspersas.com\/en\/wp-json\/wp\/v2\/pwb-brand?post=8419"},{"taxonomy":"product_cat","embeddable":true,"href":"https:\/\/deliciaspersas.com\/en\/wp-json\/wp\/v2\/product_cat?post=8419"},{"taxonomy":"product_tag","embeddable":true,"href":"https:\/\/deliciaspersas.com\/en\/wp-json\/wp\/v2\/product_tag?post=8419"}],"curies":[{"name":"wp","href":"https:\/\/api.w.org\/{rel}","templated":true}]}}