{"id":8458,"date":"2021-08-03T17:42:45","date_gmt":"2021-08-03T15:42:45","guid":{"rendered":"https:\/\/deliciaspersas.com\/?post_type=product&#038;p=8458"},"modified":"2026-04-19T11:30:10","modified_gmt":"2026-04-19T09:30:10","slug":"hierbas-albondigas-vegetales-koufteh-100g-sarashpaz","status":"publish","type":"product","link":"https:\/\/deliciaspersas.com\/en\/tienda\/hierbas\/hierbas-albondigas-vegetales-koufteh-100g-sarashpaz\/","title":{"rendered":"Hierbas para hacer albondigas vegetales 100g Sarashpaz"},"content":{"rendered":"<h1>Hierbas para hacer albondigas vegetales 100g Sarashpaz<\/h1>\n<h6>Informaci\u00f3n del producto:<\/h6>\n<p>El cilandro es una planta herb\u00e1cea, de cultivo anual.<\/p>\n<h6>Usos:<\/h6>\n<p>Esta planta se utiliza para realizar productos con fines medicinales (una de sus propiedades es eliminar las flatulencias y los problemas de est\u00f3mago); y como condimento para cocinar (junto con otras especias, por ejemplo, se emplea en la elaboraci\u00f3n de embutidos, tambi\u00e9n participa en la preparaci\u00f3n del curry).<\/p>\n<h6>Beneficios:<\/h6>\n<p>Es una hierba arom\u00e1tica originaria del sudeste asi\u00e1tico y del norte de \u00c1frica, de sabor fuerte y\u00a0m\u00faltiples beneficios para la salud. Es un buen antiinflamatorio, tiene propiedades antis\u00e9pticas (bloquea la proliferaci\u00f3n de microorganismos), es diur\u00e9tico y muy rico en vitamina\u00a0C y K.<\/p>\n<p>Puede bajar el nivel de az\u00facar en la sangre y ayudar a matar algunos par\u00e1sitos, pero actualmente no hay suficiente informaci\u00f3n para saber c\u00f3mo el cilantro funciona exactamente para estos usos medicinales.<\/p>\n<p>Lo cierto es que contiene muchas propiedades nutricionales que hay que tener bien presente, porque m\u00e1s all\u00e1 de su uso como condimento o aromatizante, es altamente nutritivo.<\/p>\n<p>Cabe destacar que tan solo un pu\u00f1ado de hojas de este hierba fresco de unos 10 gramos nos puede llegar a aportar 56 mg de vitamina C, muy importante para fortalecer el sistema inmunitario y muy activa en sus propiedades como uno de los\u00a0 alimentos antioxidantes destacables, excelente para la piel, entre muchas cosas m\u00e1s.<\/p>\n<p>Adem\u00e1s de ser un alimento muy nutritivo y un condimento ideal, para preparar croquetas, falafel y hasta ensaladas y sopas, los usos medicinales de la planta destacan, ya que tiene beneficios para tratar diferentes afecciones como:<\/p>\n<p>Estre\u00f1imiento, s\u00edndrome del intestino irritable (SII), malestar estomacal, p\u00e9rdida de apetito, espasmos, gases intestinales (flatulencias), diarrea, infecciones bacterianas o mic\u00f3ticas, hemorroides, dolores de muelas y n\u00e1useas.<\/p>\n<p>Es un estimulante arom\u00e1tico, un carminativo (remedio contra los gases y las flatulencias) que estimula el est\u00f3mago y los intestinos.<\/p>\n<div class=\"step\">\n<div class=\"paragraph\">\n<p><span style=\"font-size: 1.1em; font-weight: bold;\">Ingredientes y al\u00e9rgenos:<\/span><\/p>\n<\/div>\n<\/div>\n<p>Cilandro.<\/p>\n<h6>Condiciones de conservaci\u00f3n:<\/h6>\n<p>Conservar en un lugar fresco, seco y protegido de la luz.<\/p>\n<h6>Informaci\u00f3n adicional:<\/h6>\n<p>Fabricado por: Sarashpaz<\/p>\n","protected":false},"excerpt":{"rendered":"<p>Hierbas para hacer albondigas vegetales 100g Sarashpaz Informaci\u00f3n del producto: El cilandro es una planta herb\u00e1cea, de cultivo anual. Usos: Esta planta se utiliza para realizar productos con fines medicinales (una de sus propiedades es eliminar las flatulencias y los problemas de est\u00f3mago); y como condimento para cocinar (junto con otras especias, por ejemplo, se [&hellip;]<\/p>\n","protected":false},"featured_media":8459,"template":"","meta":{"_surecart_dashboard_logo_width":"180px","_surecart_dashboard_show_logo":true,"_surecart_dashboard_navigation_orders":true,"_surecart_dashboard_navigation_invoices":true,"_surecart_dashboard_navigation_subscriptions":true,"_surecart_dashboard_navigation_downloads":true,"_surecart_dashboard_navigation_billing":true,"_surecart_dashboard_navigation_account":true,"_uag_custom_page_level_css":"","site-sidebar-layout":"default","site-content-layout":"default","ast-site-content-layout":"","site-content-style":"default","site-sidebar-style":"default","ast-global-header-display":"","ast-banner-title-visibility":"","ast-main-header-display":"","ast-hfb-above-header-display":"","ast-hfb-below-header-display":"","ast-hfb-mobile-header-display":"","site-post-title":"","ast-breadcrumbs-content":"","ast-featured-img":"","footer-sml-layout":"","theme-transparent-header-meta":"default","adv-header-id-meta":"","stick-header-meta":"","header-above-stick-meta":"","header-main-stick-meta":"","header-below-stick-meta":"","astra-migrate-meta-layouts":"default","ast-page-background-enabled":"default","ast-page-background-meta":{"desktop":{"background-color":"","background-image":"","background-repeat":"repeat","background-position":"center center","background-size":"auto","background-attachment":"scroll","background-type":"","background-media":"","overlay-type":"","overlay-color":"","overlay-opacity":"","overlay-gradient":""},"tablet":{"background-color":"","background-image":"","background-repeat":"repeat","background-position":"center center","background-size":"auto","background-attachment":"scroll","background-type":"","background-media":"","overlay-type":"","overlay-color":"","overlay-opacity":"","overlay-gradient":""},"mobile":{"background-color":"","background-image":"","background-repeat":"repeat","background-position":"center center","background-size":"auto","background-attachment":"scroll","background-type":"","background-media":"","overlay-type":"","overlay-color":"","overlay-opacity":"","overlay-gradient":""}},"ast-content-background-meta":{"desktop":{"background-color":"var(--ast-global-color-5)","background-image":"","background-repeat":"repeat","background-position":"center center","background-size":"auto","background-attachment":"scroll","background-type":"","background-media":"","overlay-type":"","overlay-color":"","overlay-opacity":"","overlay-gradient":""},"tablet":{"background-color":"var(--ast-global-color-5)","background-image":"","background-repeat":"repeat","background-position":"center center","background-size":"auto","background-attachment":"scroll","background-type":"","background-media":"","overlay-type":"","overlay-color":"","overlay-opacity":"","overlay-gradient":""},"mobile":{"background-color":"var(--ast-global-color-5)","background-image":"","background-repeat":"repeat","background-position":"center center","background-size":"auto","background-attachment":"scroll","background-type":"","background-media":"","overlay-type":"","overlay-color":"","overlay-opacity":"","overlay-gradient":""}}},"pwb-brand":[199],"product_cat":[41],"product_tag":[685,860,684,686,343,279,451],"class_list":{"0":"post-8458","1":"product","2":"type-product","3":"status-publish","4":"has-post-thumbnail","6":"pwb-brand-sarashpaz","7":"product_cat-hierbas","8":"product_tag-albondigas","9":"product_tag-albondigas-vegetales","10":"product_tag-hiervas","11":"product_tag-vegetal","12":"product_tag-343","13":"product_tag-279","14":"product_tag-451","15":"desktop-align-center","16":"tablet-align-center","17":"mobile-align-center","19":"first","20":"instock","21":"taxable","22":"shipping-taxable","23":"purchasable","24":"product-type-simple"},"yoast_head":"<!-- This site is optimized with the Yoast SEO plugin v23.6 - https:\/\/yoast.com\/wordpress\/plugins\/seo\/ -->\n<title>Hierbas para hacer albondigas vegetales 100g Sarashpaz - Delicias Persas<\/title>\n<meta name=\"description\" content=\"El cilantro es una hierba, de uso medicinal(es capaz de elminiar problemas g\u00e1stricos ); y de uso culinario, aportando su sabor.\" \/>\n<meta name=\"robots\" content=\"index, follow, max-snippet:-1, max-image-preview:large, max-video-preview:-1\" \/>\n<link rel=\"canonical\" href=\"https:\/\/deliciaspersas.com\/en\/tienda\/hierbas\/hierbas-albondigas-vegetales-koufteh-100g-sarashpaz\/\" \/>\n<meta property=\"og:locale\" content=\"en_US\" \/>\n<meta property=\"og:type\" content=\"article\" \/>\n<meta property=\"og:title\" content=\"Hierbas para hacer albondigas vegetales 100g Sarashpaz - Delicias Persas\" \/>\n<meta property=\"og:description\" content=\"El cilantro es una hierba, de uso medicinal(es capaz de elminiar problemas g\u00e1stricos ); y de uso culinario, aportando su sabor.\" \/>\n<meta property=\"og:url\" content=\"https:\/\/deliciaspersas.com\/en\/tienda\/hierbas\/hierbas-albondigas-vegetales-koufteh-100g-sarashpaz\/\" \/>\n<meta property=\"og:site_name\" content=\"Delicias Persas\" \/>\n<meta property=\"article:publisher\" content=\"https:\/\/www.facebook.com\/Deliciaspersas\" \/>\n<meta property=\"article:modified_time\" content=\"2026-04-19T09:30:10+00:00\" \/>\n<meta property=\"og:image\" content=\"https:\/\/deliciaspersas.com\/wp-content\/uploads\/WhatsApp_Image_2021-08-03_at_19.47.42__1_-removebg-preview.png\" \/>\n\t<meta property=\"og:image:width\" content=\"433\" \/>\n\t<meta property=\"og:image:height\" content=\"577\" \/>\n\t<meta property=\"og:image:type\" content=\"image\/png\" \/>\n<meta name=\"twitter:card\" content=\"summary_large_image\" \/>\n<meta name=\"twitter:label1\" content=\"Est. reading time\" \/>\n\t<meta name=\"twitter:data1\" content=\"2 minutes\" \/>\n<script type=\"application\/ld+json\" class=\"yoast-schema-graph\">{\"@context\":\"https:\/\/schema.org\",\"@graph\":[{\"@type\":\"WebPage\",\"@id\":\"https:\/\/deliciaspersas.com\/en\/tienda\/hierbas\/hierbas-albondigas-vegetales-koufteh-100g-sarashpaz\/\",\"url\":\"https:\/\/deliciaspersas.com\/en\/tienda\/hierbas\/hierbas-albondigas-vegetales-koufteh-100g-sarashpaz\/\",\"name\":\"Hierbas para hacer albondigas vegetales 100g Sarashpaz - Delicias Persas\",\"isPartOf\":{\"@id\":\"https:\/\/deliciaspersas.com\/en\/#website\"},\"primaryImageOfPage\":{\"@id\":\"https:\/\/deliciaspersas.com\/en\/tienda\/hierbas\/hierbas-albondigas-vegetales-koufteh-100g-sarashpaz\/#primaryimage\"},\"image\":{\"@id\":\"https:\/\/deliciaspersas.com\/en\/tienda\/hierbas\/hierbas-albondigas-vegetales-koufteh-100g-sarashpaz\/#primaryimage\"},\"thumbnailUrl\":\"https:\/\/deliciaspersas.com\/wp-content\/uploads\/WhatsApp_Image_2021-08-03_at_19.47.42__1_-removebg-preview.png\",\"datePublished\":\"2021-08-03T15:42:45+00:00\",\"dateModified\":\"2026-04-19T09:30:10+00:00\",\"description\":\"El cilantro es una hierba, de uso medicinal(es capaz de elminiar problemas g\u00e1stricos ); y de uso culinario, aportando su sabor.\",\"breadcrumb\":{\"@id\":\"https:\/\/deliciaspersas.com\/en\/tienda\/hierbas\/hierbas-albondigas-vegetales-koufteh-100g-sarashpaz\/#breadcrumb\"},\"inLanguage\":\"en-US\",\"potentialAction\":[{\"@type\":\"ReadAction\",\"target\":[\"https:\/\/deliciaspersas.com\/en\/tienda\/hierbas\/hierbas-albondigas-vegetales-koufteh-100g-sarashpaz\/\"]}]},{\"@type\":\"ImageObject\",\"inLanguage\":\"en-US\",\"@id\":\"https:\/\/deliciaspersas.com\/en\/tienda\/hierbas\/hierbas-albondigas-vegetales-koufteh-100g-sarashpaz\/#primaryimage\",\"url\":\"https:\/\/deliciaspersas.com\/wp-content\/uploads\/WhatsApp_Image_2021-08-03_at_19.47.42__1_-removebg-preview.png\",\"contentUrl\":\"https:\/\/deliciaspersas.com\/wp-content\/uploads\/WhatsApp_Image_2021-08-03_at_19.47.42__1_-removebg-preview.png\",\"width\":433,\"height\":577,\"caption\":\"\u0633\u0628\u0632\u06cc \u06a9\u0648\u0641\u062a\u0647 100 \u06af\u0631\u0645\u06cc \u0633\u0631\u0622\u0634\u067e\u0632\"},{\"@type\":\"BreadcrumbList\",\"@id\":\"https:\/\/deliciaspersas.com\/en\/tienda\/hierbas\/hierbas-albondigas-vegetales-koufteh-100g-sarashpaz\/#breadcrumb\",\"itemListElement\":[{\"@type\":\"ListItem\",\"position\":1,\"name\":\"Portada\",\"item\":\"https:\/\/deliciaspersas.com\/en\/\"},{\"@type\":\"ListItem\",\"position\":2,\"name\":\"Tienda\",\"item\":\"https:\/\/deliciaspersas.com\/\"},{\"@type\":\"ListItem\",\"position\":3,\"name\":\"Hierbas para hacer albondigas vegetales 100g Sarashpaz\"}]},{\"@type\":\"WebSite\",\"@id\":\"https:\/\/deliciaspersas.com\/en\/#website\",\"url\":\"https:\/\/deliciaspersas.com\/en\/\",\"name\":\"Delicias Persas\",\"description\":\"Gastronom&iacute;a persa al alcance de tus manos\",\"publisher\":{\"@id\":\"https:\/\/deliciaspersas.com\/en\/#organization\"},\"potentialAction\":[{\"@type\":\"SearchAction\",\"target\":{\"@type\":\"EntryPoint\",\"urlTemplate\":\"https:\/\/deliciaspersas.com\/en\/?s={search_term_string}\"},\"query-input\":{\"@type\":\"PropertyValueSpecification\",\"valueRequired\":true,\"valueName\":\"search_term_string\"}}],\"inLanguage\":\"en-US\"},{\"@type\":\"Organization\",\"@id\":\"https:\/\/deliciaspersas.com\/en\/#organization\",\"name\":\"Delicias Persas\",\"url\":\"https:\/\/deliciaspersas.com\/en\/\",\"logo\":{\"@type\":\"ImageObject\",\"inLanguage\":\"en-US\",\"@id\":\"https:\/\/deliciaspersas.com\/en\/#\/schema\/logo\/image\/\",\"url\":\"https:\/\/deliciaspersas.com\/wp-content\/uploads\/2020\/07\/logo-2020.png\",\"contentUrl\":\"https:\/\/deliciaspersas.com\/wp-content\/uploads\/2020\/07\/logo-2020.png\",\"width\":520,\"height\":490,\"caption\":\"Delicias Persas\"},\"image\":{\"@id\":\"https:\/\/deliciaspersas.com\/en\/#\/schema\/logo\/image\/\"},\"sameAs\":[\"https:\/\/www.facebook.com\/Deliciaspersas\",\"https:\/\/www.instagram.com\/delicias_persas\/\",\"https:\/\/www.linkedin.com\/delicias-persas\"]}]}<\/script>\n<!-- \/ Yoast SEO plugin. -->","yoast_head_json":{"title":"Hierbas para hacer albondigas vegetales 100g Sarashpaz - Delicias Persas","description":"El cilantro es una hierba, de uso medicinal(es capaz de elminiar problemas g\u00e1stricos ); y de uso culinario, aportando su sabor.","robots":{"index":"index","follow":"follow","max-snippet":"max-snippet:-1","max-image-preview":"max-image-preview:large","max-video-preview":"max-video-preview:-1"},"canonical":"https:\/\/deliciaspersas.com\/en\/tienda\/hierbas\/hierbas-albondigas-vegetales-koufteh-100g-sarashpaz\/","og_locale":"en_US","og_type":"article","og_title":"Hierbas para hacer albondigas vegetales 100g Sarashpaz - Delicias Persas","og_description":"El cilantro es una hierba, de uso medicinal(es capaz de elminiar problemas g\u00e1stricos ); y de uso culinario, aportando su sabor.","og_url":"https:\/\/deliciaspersas.com\/en\/tienda\/hierbas\/hierbas-albondigas-vegetales-koufteh-100g-sarashpaz\/","og_site_name":"Delicias Persas","article_publisher":"https:\/\/www.facebook.com\/Deliciaspersas","article_modified_time":"2026-04-19T09:30:10+00:00","og_image":[{"width":433,"height":577,"url":"https:\/\/deliciaspersas.com\/wp-content\/uploads\/WhatsApp_Image_2021-08-03_at_19.47.42__1_-removebg-preview.png","type":"image\/png"}],"twitter_card":"summary_large_image","twitter_misc":{"Est. reading time":"2 minutes"},"schema":{"@context":"https:\/\/schema.org","@graph":[{"@type":"WebPage","@id":"https:\/\/deliciaspersas.com\/en\/tienda\/hierbas\/hierbas-albondigas-vegetales-koufteh-100g-sarashpaz\/","url":"https:\/\/deliciaspersas.com\/en\/tienda\/hierbas\/hierbas-albondigas-vegetales-koufteh-100g-sarashpaz\/","name":"Hierbas para hacer albondigas vegetales 100g Sarashpaz - Delicias Persas","isPartOf":{"@id":"https:\/\/deliciaspersas.com\/en\/#website"},"primaryImageOfPage":{"@id":"https:\/\/deliciaspersas.com\/en\/tienda\/hierbas\/hierbas-albondigas-vegetales-koufteh-100g-sarashpaz\/#primaryimage"},"image":{"@id":"https:\/\/deliciaspersas.com\/en\/tienda\/hierbas\/hierbas-albondigas-vegetales-koufteh-100g-sarashpaz\/#primaryimage"},"thumbnailUrl":"https:\/\/deliciaspersas.com\/wp-content\/uploads\/WhatsApp_Image_2021-08-03_at_19.47.42__1_-removebg-preview.png","datePublished":"2021-08-03T15:42:45+00:00","dateModified":"2026-04-19T09:30:10+00:00","description":"El cilantro es una hierba, de uso medicinal(es capaz de elminiar problemas g\u00e1stricos ); y de uso culinario, aportando su sabor.","breadcrumb":{"@id":"https:\/\/deliciaspersas.com\/en\/tienda\/hierbas\/hierbas-albondigas-vegetales-koufteh-100g-sarashpaz\/#breadcrumb"},"inLanguage":"en-US","potentialAction":[{"@type":"ReadAction","target":["https:\/\/deliciaspersas.com\/en\/tienda\/hierbas\/hierbas-albondigas-vegetales-koufteh-100g-sarashpaz\/"]}]},{"@type":"ImageObject","inLanguage":"en-US","@id":"https:\/\/deliciaspersas.com\/en\/tienda\/hierbas\/hierbas-albondigas-vegetales-koufteh-100g-sarashpaz\/#primaryimage","url":"https:\/\/deliciaspersas.com\/wp-content\/uploads\/WhatsApp_Image_2021-08-03_at_19.47.42__1_-removebg-preview.png","contentUrl":"https:\/\/deliciaspersas.com\/wp-content\/uploads\/WhatsApp_Image_2021-08-03_at_19.47.42__1_-removebg-preview.png","width":433,"height":577,"caption":"\u0633\u0628\u0632\u06cc \u06a9\u0648\u0641\u062a\u0647 100 \u06af\u0631\u0645\u06cc \u0633\u0631\u0622\u0634\u067e\u0632"},{"@type":"BreadcrumbList","@id":"https:\/\/deliciaspersas.com\/en\/tienda\/hierbas\/hierbas-albondigas-vegetales-koufteh-100g-sarashpaz\/#breadcrumb","itemListElement":[{"@type":"ListItem","position":1,"name":"Portada","item":"https:\/\/deliciaspersas.com\/en\/"},{"@type":"ListItem","position":2,"name":"Tienda","item":"https:\/\/deliciaspersas.com\/"},{"@type":"ListItem","position":3,"name":"Hierbas para hacer albondigas vegetales 100g Sarashpaz"}]},{"@type":"WebSite","@id":"https:\/\/deliciaspersas.com\/en\/#website","url":"https:\/\/deliciaspersas.com\/en\/","name":"Delicias Persas","description":"Gastronom&iacute;a persa al alcance de tus manos","publisher":{"@id":"https:\/\/deliciaspersas.com\/en\/#organization"},"potentialAction":[{"@type":"SearchAction","target":{"@type":"EntryPoint","urlTemplate":"https:\/\/deliciaspersas.com\/en\/?s={search_term_string}"},"query-input":{"@type":"PropertyValueSpecification","valueRequired":true,"valueName":"search_term_string"}}],"inLanguage":"en-US"},{"@type":"Organization","@id":"https:\/\/deliciaspersas.com\/en\/#organization","name":"Delicias Persas","url":"https:\/\/deliciaspersas.com\/en\/","logo":{"@type":"ImageObject","inLanguage":"en-US","@id":"https:\/\/deliciaspersas.com\/en\/#\/schema\/logo\/image\/","url":"https:\/\/deliciaspersas.com\/wp-content\/uploads\/2020\/07\/logo-2020.png","contentUrl":"https:\/\/deliciaspersas.com\/wp-content\/uploads\/2020\/07\/logo-2020.png","width":520,"height":490,"caption":"Delicias Persas"},"image":{"@id":"https:\/\/deliciaspersas.com\/en\/#\/schema\/logo\/image\/"},"sameAs":["https:\/\/www.facebook.com\/Deliciaspersas","https:\/\/www.instagram.com\/delicias_persas\/","https:\/\/www.linkedin.com\/delicias-persas"]}]}},"uagb_featured_image_src":{"full":["https:\/\/deliciaspersas.com\/wp-content\/uploads\/WhatsApp_Image_2021-08-03_at_19.47.42__1_-removebg-preview.png",433,577,false],"thumbnail":["https:\/\/deliciaspersas.com\/wp-content\/uploads\/WhatsApp_Image_2021-08-03_at_19.47.42__1_-removebg-preview-150x150.png",150,150,true],"medium":["https:\/\/deliciaspersas.com\/wp-content\/uploads\/WhatsApp_Image_2021-08-03_at_19.47.42__1_-removebg-preview-225x300.png",225,300,true],"medium_large":["https:\/\/deliciaspersas.com\/wp-content\/uploads\/WhatsApp_Image_2021-08-03_at_19.47.42__1_-removebg-preview.png",433,577,false],"large":["https:\/\/deliciaspersas.com\/wp-content\/uploads\/WhatsApp_Image_2021-08-03_at_19.47.42__1_-removebg-preview.png",433,577,false],"1536x1536":["https:\/\/deliciaspersas.com\/wp-content\/uploads\/WhatsApp_Image_2021-08-03_at_19.47.42__1_-removebg-preview.png",433,577,false],"2048x2048":["https:\/\/deliciaspersas.com\/wp-content\/uploads\/WhatsApp_Image_2021-08-03_at_19.47.42__1_-removebg-preview.png",433,577,false],"woocommerce_thumbnail":["https:\/\/deliciaspersas.com\/wp-content\/uploads\/WhatsApp_Image_2021-08-03_at_19.47.42__1_-removebg-preview-300x300.png",300,300,true],"woocommerce_single":["https:\/\/deliciaspersas.com\/wp-content\/uploads\/WhatsApp_Image_2021-08-03_at_19.47.42__1_-removebg-preview.png",433,577,false],"woocommerce_gallery_thumbnail":["https:\/\/deliciaspersas.com\/wp-content\/uploads\/WhatsApp_Image_2021-08-03_at_19.47.42__1_-removebg-preview-100x100.png",100,100,true]},"uagb_author_info":{"display_name":"Maral Azizi","author_link":"https:\/\/deliciaspersas.com\/en\/author\/"},"uagb_comment_info":0,"uagb_excerpt":"Hierbas para hacer albondigas vegetales 100g Sarashpaz Informaci\u00f3n del producto: El cilandro es una planta herb\u00e1cea, de cultivo anual. Usos: Esta planta se utiliza para realizar productos con fines medicinales (una de sus propiedades es eliminar las flatulencias y los problemas de est\u00f3mago); y como condimento para cocinar (junto con otras especias, por ejemplo, se&hellip;","brands":[{"id":199,"name":"Sarashpaz","slug":"sarashpaz"}],"_links":{"self":[{"href":"https:\/\/deliciaspersas.com\/en\/wp-json\/wp\/v2\/product\/8458"}],"collection":[{"href":"https:\/\/deliciaspersas.com\/en\/wp-json\/wp\/v2\/product"}],"about":[{"href":"https:\/\/deliciaspersas.com\/en\/wp-json\/wp\/v2\/types\/product"}],"wp:featuredmedia":[{"embeddable":true,"href":"https:\/\/deliciaspersas.com\/en\/wp-json\/wp\/v2\/media\/8459"}],"wp:attachment":[{"href":"https:\/\/deliciaspersas.com\/en\/wp-json\/wp\/v2\/media?parent=8458"}],"wp:term":[{"taxonomy":"pwb-brand","embeddable":true,"href":"https:\/\/deliciaspersas.com\/en\/wp-json\/wp\/v2\/pwb-brand?post=8458"},{"taxonomy":"product_cat","embeddable":true,"href":"https:\/\/deliciaspersas.com\/en\/wp-json\/wp\/v2\/product_cat?post=8458"},{"taxonomy":"product_tag","embeddable":true,"href":"https:\/\/deliciaspersas.com\/en\/wp-json\/wp\/v2\/product_tag?post=8458"}],"curies":[{"name":"wp","href":"https:\/\/api.w.org\/{rel}","templated":true}]}}