{"id":8481,"date":"2021-08-06T17:19:29","date_gmt":"2021-08-06T15:19:29","guid":{"rendered":"https:\/\/deliciaspersas.com\/?post_type=product&#038;p=8481"},"modified":"2024-10-21T15:44:19","modified_gmt":"2024-10-21T13:44:19","slug":"verduras-firitas-sabzi-sorkh-shodeh-ghormeh-400g-sarashpaz","status":"publish","type":"product","link":"https:\/\/deliciaspersas.com\/en\/tienda\/ready\/verduras-firitas-sabzi-sorkh-shodeh-ghormeh-400g-sarashpaz\/","title":{"rendered":"Verduras firitas (Sabzi sorkh shodeh Ghormeh ) 400g Sarashpaz"},"content":{"rendered":"<h1>Verduras firitas (Sabzi sorkh shodeh Ghormeh ) 400g Sarashpaz<\/h1>\n<h6>Informaci\u00f3n del producto:<\/h6>\n<p class=\"title\" data-asset-id=\"967547802\">Estas hierbas fritas ( perejil, cebollino, korainder y fenogreco ) son cocidas al vapor y las conservan ligeramente. Son empleadas para la preparaci\u00f3n del ghormeh Sabzi.<\/p>\n<h6>Ingredientes y al\u00e9rgenos:<\/h6>\n<p>Las hierbas compuestas de este producto son: perejil, cebollino, korainder y fenogreco. Estas son cocidas al vapor.<\/p>\n<h6>Condiciones de conservaci\u00f3n:<\/h6>\n<p>Conservar en un lugar fresco, seco y protegido de la luz.<\/p>\n<h6>Usos:<\/h6>\n<p>Estas hierbas fritas son\u00a0empleadas para la preparaci\u00f3n del ghormeh Sabzi.<\/p>\n<h6>Beneficios:<\/h6>\n<p>Prejil es un integrante de estas hierbas fritas y ayuda en la digesti\u00f3n. El perejil se utiliza como remedio para las digestiones lentas. Es antiinflamatorio y rico en minerales.<\/p>\n<p>Rico en potasio y se concidera como un diur\u00e9tico. Es un gran antioxidante y alivia las picaduras. Tambi\u00e9n esta planta protege los huesos.<\/p>\n<p>Cebollino es otro integrante de las hierbas fritas y reduce el colesterol. Tambi\u00e9n mejora la circulaci\u00f3n y combate el c\u00e1ncer.\u00a0Gracias a su contenido en vitamina C, ayuda al organismo a protegerse se las infecciones y mejora el sistema inmune.<\/p>\n<p>Su aporte en antioxidantes, le convierten en un aliado perfecto contra el envejecimiento celular.<\/p>\n<p>Fenogreco es otro integrante de estas hierbas fritas y\u00a0act\u00faan como un t\u00f3nico amargo, que favorece la recuperaci\u00f3n del apetito y ayuda a regular la digesti\u00f3n.<\/p>\n<p>Tambi\u00e9n como remedio tradicional de herbolario, la alholva se ha recomendado como un\u00a0reconstituyente\u00a0natural, que puede ayudar a fortalecer el organismo, y como acompa\u00f1amiento de terapias diet\u00e9ticas para aumentar de peso. Se ha indicado como un apoyo v\u00e1lido en casos de anorexia moderada, delgadez excesiva y debilidad f\u00edsica.<\/p>\n<p>Por su efecto antiinflamatorio a nivel digestivo, es un recurso eficaz para tratar la gastritis\u00a0y los c\u00f3licos. Alivia el dolor de los espasmos gastrointestinales y ayuda a recuperar el normal funcionamiento de los \u00f3rganos de la digesti\u00f3n.<\/p>\n<h6>Informaci\u00f3n adicional:<\/h6>\n<p>Fabricado por: Sarashpaz<\/p>\n<p>14 Premier Park Road<br \/>\nPark Royal<br \/>\nLondon NW10 7NZ<\/p>\n","protected":false},"excerpt":{"rendered":"<p>Verduras firitas (Sabzi sorkh shodeh Ghormeh ) 400g Sarashpaz Informaci\u00f3n del producto: Estas hierbas fritas ( perejil, cebollino, korainder y fenogreco ) son cocidas al vapor y las conservan ligeramente. Son empleadas para la preparaci\u00f3n del ghormeh Sabzi. Ingredientes y al\u00e9rgenos: Las hierbas compuestas de este producto son: perejil, cebollino, korainder y fenogreco. Estas son [&hellip;]<\/p>\n","protected":false},"featured_media":15212,"template":"","meta":{"_surecart_dashboard_logo_width":"180px","_surecart_dashboard_show_logo":true,"_surecart_dashboard_navigation_orders":true,"_surecart_dashboard_navigation_invoices":true,"_surecart_dashboard_navigation_subscriptions":true,"_surecart_dashboard_navigation_downloads":true,"_surecart_dashboard_navigation_billing":true,"_surecart_dashboard_navigation_account":true,"_uag_custom_page_level_css":"","site-sidebar-layout":"default","site-content-layout":"default","ast-site-content-layout":"default","site-content-style":"default","site-sidebar-style":"default","ast-global-header-display":"","ast-banner-title-visibility":"","ast-main-header-display":"","ast-hfb-above-header-display":"","ast-hfb-below-header-display":"","ast-hfb-mobile-header-display":"","site-post-title":"","ast-breadcrumbs-content":"","ast-featured-img":"","footer-sml-layout":"","theme-transparent-header-meta":"default","adv-header-id-meta":"","stick-header-meta":"","header-above-stick-meta":"","header-main-stick-meta":"","header-below-stick-meta":"","astra-migrate-meta-layouts":"set","ast-page-background-enabled":"default","ast-page-background-meta":{"desktop":{"background-color":"","background-image":"","background-repeat":"repeat","background-position":"center center","background-size":"auto","background-attachment":"scroll","background-type":"","background-media":"","overlay-type":"","overlay-color":"","overlay-opacity":"","overlay-gradient":""},"tablet":{"background-color":"","background-image":"","background-repeat":"repeat","background-position":"center center","background-size":"auto","background-attachment":"scroll","background-type":"","background-media":"","overlay-type":"","overlay-color":"","overlay-opacity":"","overlay-gradient":""},"mobile":{"background-color":"","background-image":"","background-repeat":"repeat","background-position":"center center","background-size":"auto","background-attachment":"scroll","background-type":"","background-media":"","overlay-type":"","overlay-color":"","overlay-opacity":"","overlay-gradient":""}},"ast-content-background-meta":{"desktop":{"background-color":"var(--ast-global-color-5)","background-image":"","background-repeat":"repeat","background-position":"center center","background-size":"auto","background-attachment":"scroll","background-type":"","background-media":"","overlay-type":"","overlay-color":"","overlay-opacity":"","overlay-gradient":""},"tablet":{"background-color":"var(--ast-global-color-5)","background-image":"","background-repeat":"repeat","background-position":"center center","background-size":"auto","background-attachment":"scroll","background-type":"","background-media":"","overlay-type":"","overlay-color":"","overlay-opacity":"","overlay-gradient":""},"mobile":{"background-color":"var(--ast-global-color-5)","background-image":"","background-repeat":"repeat","background-position":"center center","background-size":"auto","background-attachment":"scroll","background-type":"","background-media":"","overlay-type":"","overlay-color":"","overlay-opacity":"","overlay-gradient":""}}},"pwb-brand":[199],"product_cat":[35,34],"product_tag":[667,573,607,692,373,455,343,279,327],"class_list":{"0":"post-8481","1":"product","2":"type-product","3":"status-publish","4":"has-post-thumbnail","6":"pwb-brand-sarashpaz","7":"product_cat-conservas","8":"product_cat-ready","9":"product_tag-ghorme-sabzi","10":"product_tag-guiso","11":"product_tag-hierbas","12":"product_tag-rico","13":"product_tag-373","14":"product_tag-455","15":"product_tag-343","16":"product_tag-279","17":"product_tag-327","18":"desktop-align-center","19":"tablet-align-center","20":"mobile-align-center","22":"first","23":"outofstock","24":"taxable","25":"shipping-taxable","26":"purchasable","27":"product-type-simple"},"yoast_head":"<!-- This site is optimized with the Yoast SEO plugin v23.6 - https:\/\/yoast.com\/wordpress\/plugins\/seo\/ -->\n<title>Verduras firitas (Sabzi sorkh shodeh Ghormeh ) 400g Sarashpaz - Delicias Persas<\/title>\n<meta name=\"robots\" content=\"index, follow, max-snippet:-1, max-image-preview:large, max-video-preview:-1\" \/>\n<link rel=\"canonical\" href=\"https:\/\/deliciaspersas.com\/en\/tienda\/ready\/verduras-firitas-sabzi-sorkh-shodeh-ghormeh-400g-sarashpaz\/\" \/>\n<meta property=\"og:locale\" content=\"en_US\" \/>\n<meta property=\"og:type\" content=\"article\" \/>\n<meta property=\"og:title\" content=\"Verduras firitas (Sabzi sorkh shodeh Ghormeh ) 400g Sarashpaz - Delicias Persas\" \/>\n<meta property=\"og:description\" content=\"Verduras firitas (Sabzi sorkh shodeh Ghormeh ) 400g Sarashpaz Informaci\u00f3n del producto: Estas hierbas fritas ( perejil, cebollino, korainder y fenogreco ) son cocidas al vapor y las conservan ligeramente. Son empleadas para la preparaci\u00f3n del ghormeh Sabzi. Ingredientes y al\u00e9rgenos: Las hierbas compuestas de este producto son: perejil, cebollino, korainder y fenogreco. Estas son [&hellip;]\" \/>\n<meta property=\"og:url\" content=\"https:\/\/deliciaspersas.com\/en\/tienda\/ready\/verduras-firitas-sabzi-sorkh-shodeh-ghormeh-400g-sarashpaz\/\" \/>\n<meta property=\"og:site_name\" content=\"Delicias Persas\" \/>\n<meta property=\"article:publisher\" content=\"https:\/\/www.facebook.com\/Deliciaspersas\" \/>\n<meta property=\"article:modified_time\" content=\"2024-10-21T13:44:19+00:00\" \/>\n<meta property=\"og:image\" content=\"https:\/\/deliciaspersas.com\/wp-content\/uploads\/Sabzi-sorkh-shodeh-Ghormeh-Dayan.jpg\" \/>\n\t<meta property=\"og:image:width\" content=\"1000\" \/>\n\t<meta property=\"og:image:height\" content=\"1000\" \/>\n\t<meta property=\"og:image:type\" content=\"image\/jpeg\" \/>\n<meta name=\"twitter:card\" content=\"summary_large_image\" \/>\n<meta name=\"twitter:label1\" content=\"Est. reading time\" \/>\n\t<meta name=\"twitter:data1\" content=\"2 minutes\" \/>\n<script type=\"application\/ld+json\" class=\"yoast-schema-graph\">{\"@context\":\"https:\/\/schema.org\",\"@graph\":[{\"@type\":\"WebPage\",\"@id\":\"https:\/\/deliciaspersas.com\/en\/tienda\/ready\/verduras-firitas-sabzi-sorkh-shodeh-ghormeh-400g-sarashpaz\/\",\"url\":\"https:\/\/deliciaspersas.com\/en\/tienda\/ready\/verduras-firitas-sabzi-sorkh-shodeh-ghormeh-400g-sarashpaz\/\",\"name\":\"Verduras firitas (Sabzi sorkh shodeh Ghormeh ) 400g Sarashpaz - Delicias Persas\",\"isPartOf\":{\"@id\":\"https:\/\/deliciaspersas.com\/en\/#website\"},\"primaryImageOfPage\":{\"@id\":\"https:\/\/deliciaspersas.com\/en\/tienda\/ready\/verduras-firitas-sabzi-sorkh-shodeh-ghormeh-400g-sarashpaz\/#primaryimage\"},\"image\":{\"@id\":\"https:\/\/deliciaspersas.com\/en\/tienda\/ready\/verduras-firitas-sabzi-sorkh-shodeh-ghormeh-400g-sarashpaz\/#primaryimage\"},\"thumbnailUrl\":\"https:\/\/deliciaspersas.com\/wp-content\/uploads\/Sabzi-sorkh-shodeh-Ghormeh-Dayan.jpg\",\"datePublished\":\"2021-08-06T15:19:29+00:00\",\"dateModified\":\"2024-10-21T13:44:19+00:00\",\"breadcrumb\":{\"@id\":\"https:\/\/deliciaspersas.com\/en\/tienda\/ready\/verduras-firitas-sabzi-sorkh-shodeh-ghormeh-400g-sarashpaz\/#breadcrumb\"},\"inLanguage\":\"en-US\",\"potentialAction\":[{\"@type\":\"ReadAction\",\"target\":[\"https:\/\/deliciaspersas.com\/en\/tienda\/ready\/verduras-firitas-sabzi-sorkh-shodeh-ghormeh-400g-sarashpaz\/\"]}]},{\"@type\":\"ImageObject\",\"inLanguage\":\"en-US\",\"@id\":\"https:\/\/deliciaspersas.com\/en\/tienda\/ready\/verduras-firitas-sabzi-sorkh-shodeh-ghormeh-400g-sarashpaz\/#primaryimage\",\"url\":\"https:\/\/deliciaspersas.com\/wp-content\/uploads\/Sabzi-sorkh-shodeh-Ghormeh-Dayan.jpg\",\"contentUrl\":\"https:\/\/deliciaspersas.com\/wp-content\/uploads\/Sabzi-sorkh-shodeh-Ghormeh-Dayan.jpg\",\"width\":1000,\"height\":1000},{\"@type\":\"BreadcrumbList\",\"@id\":\"https:\/\/deliciaspersas.com\/en\/tienda\/ready\/verduras-firitas-sabzi-sorkh-shodeh-ghormeh-400g-sarashpaz\/#breadcrumb\",\"itemListElement\":[{\"@type\":\"ListItem\",\"position\":1,\"name\":\"Portada\",\"item\":\"https:\/\/deliciaspersas.com\/en\/\"},{\"@type\":\"ListItem\",\"position\":2,\"name\":\"Tienda\",\"item\":\"https:\/\/deliciaspersas.com\/\"},{\"@type\":\"ListItem\",\"position\":3,\"name\":\"Verduras firitas (Sabzi sorkh shodeh Ghormeh ) 400g Sarashpaz\"}]},{\"@type\":\"WebSite\",\"@id\":\"https:\/\/deliciaspersas.com\/en\/#website\",\"url\":\"https:\/\/deliciaspersas.com\/en\/\",\"name\":\"Delicias Persas\",\"description\":\"Gastronom&iacute;a persa al alcance de tus manos\",\"publisher\":{\"@id\":\"https:\/\/deliciaspersas.com\/en\/#organization\"},\"potentialAction\":[{\"@type\":\"SearchAction\",\"target\":{\"@type\":\"EntryPoint\",\"urlTemplate\":\"https:\/\/deliciaspersas.com\/en\/?s={search_term_string}\"},\"query-input\":{\"@type\":\"PropertyValueSpecification\",\"valueRequired\":true,\"valueName\":\"search_term_string\"}}],\"inLanguage\":\"en-US\"},{\"@type\":\"Organization\",\"@id\":\"https:\/\/deliciaspersas.com\/en\/#organization\",\"name\":\"Delicias Persas\",\"url\":\"https:\/\/deliciaspersas.com\/en\/\",\"logo\":{\"@type\":\"ImageObject\",\"inLanguage\":\"en-US\",\"@id\":\"https:\/\/deliciaspersas.com\/en\/#\/schema\/logo\/image\/\",\"url\":\"https:\/\/deliciaspersas.com\/wp-content\/uploads\/2020\/07\/logo-2020.png\",\"contentUrl\":\"https:\/\/deliciaspersas.com\/wp-content\/uploads\/2020\/07\/logo-2020.png\",\"width\":520,\"height\":490,\"caption\":\"Delicias Persas\"},\"image\":{\"@id\":\"https:\/\/deliciaspersas.com\/en\/#\/schema\/logo\/image\/\"},\"sameAs\":[\"https:\/\/www.facebook.com\/Deliciaspersas\",\"https:\/\/www.instagram.com\/delicias_persas\/\",\"https:\/\/www.linkedin.com\/delicias-persas\"]}]}<\/script>\n<!-- \/ Yoast SEO plugin. -->","yoast_head_json":{"title":"Verduras firitas (Sabzi sorkh shodeh Ghormeh ) 400g Sarashpaz - Delicias Persas","robots":{"index":"index","follow":"follow","max-snippet":"max-snippet:-1","max-image-preview":"max-image-preview:large","max-video-preview":"max-video-preview:-1"},"canonical":"https:\/\/deliciaspersas.com\/en\/tienda\/ready\/verduras-firitas-sabzi-sorkh-shodeh-ghormeh-400g-sarashpaz\/","og_locale":"en_US","og_type":"article","og_title":"Verduras firitas (Sabzi sorkh shodeh Ghormeh ) 400g Sarashpaz - Delicias Persas","og_description":"Verduras firitas (Sabzi sorkh shodeh Ghormeh ) 400g Sarashpaz Informaci\u00f3n del producto: Estas hierbas fritas ( perejil, cebollino, korainder y fenogreco ) son cocidas al vapor y las conservan ligeramente. Son empleadas para la preparaci\u00f3n del ghormeh Sabzi. Ingredientes y al\u00e9rgenos: Las hierbas compuestas de este producto son: perejil, cebollino, korainder y fenogreco. Estas son [&hellip;]","og_url":"https:\/\/deliciaspersas.com\/en\/tienda\/ready\/verduras-firitas-sabzi-sorkh-shodeh-ghormeh-400g-sarashpaz\/","og_site_name":"Delicias Persas","article_publisher":"https:\/\/www.facebook.com\/Deliciaspersas","article_modified_time":"2024-10-21T13:44:19+00:00","og_image":[{"width":1000,"height":1000,"url":"https:\/\/deliciaspersas.com\/wp-content\/uploads\/Sabzi-sorkh-shodeh-Ghormeh-Dayan.jpg","type":"image\/jpeg"}],"twitter_card":"summary_large_image","twitter_misc":{"Est. reading time":"2 minutes"},"schema":{"@context":"https:\/\/schema.org","@graph":[{"@type":"WebPage","@id":"https:\/\/deliciaspersas.com\/en\/tienda\/ready\/verduras-firitas-sabzi-sorkh-shodeh-ghormeh-400g-sarashpaz\/","url":"https:\/\/deliciaspersas.com\/en\/tienda\/ready\/verduras-firitas-sabzi-sorkh-shodeh-ghormeh-400g-sarashpaz\/","name":"Verduras firitas (Sabzi sorkh shodeh Ghormeh ) 400g Sarashpaz - Delicias Persas","isPartOf":{"@id":"https:\/\/deliciaspersas.com\/en\/#website"},"primaryImageOfPage":{"@id":"https:\/\/deliciaspersas.com\/en\/tienda\/ready\/verduras-firitas-sabzi-sorkh-shodeh-ghormeh-400g-sarashpaz\/#primaryimage"},"image":{"@id":"https:\/\/deliciaspersas.com\/en\/tienda\/ready\/verduras-firitas-sabzi-sorkh-shodeh-ghormeh-400g-sarashpaz\/#primaryimage"},"thumbnailUrl":"https:\/\/deliciaspersas.com\/wp-content\/uploads\/Sabzi-sorkh-shodeh-Ghormeh-Dayan.jpg","datePublished":"2021-08-06T15:19:29+00:00","dateModified":"2024-10-21T13:44:19+00:00","breadcrumb":{"@id":"https:\/\/deliciaspersas.com\/en\/tienda\/ready\/verduras-firitas-sabzi-sorkh-shodeh-ghormeh-400g-sarashpaz\/#breadcrumb"},"inLanguage":"en-US","potentialAction":[{"@type":"ReadAction","target":["https:\/\/deliciaspersas.com\/en\/tienda\/ready\/verduras-firitas-sabzi-sorkh-shodeh-ghormeh-400g-sarashpaz\/"]}]},{"@type":"ImageObject","inLanguage":"en-US","@id":"https:\/\/deliciaspersas.com\/en\/tienda\/ready\/verduras-firitas-sabzi-sorkh-shodeh-ghormeh-400g-sarashpaz\/#primaryimage","url":"https:\/\/deliciaspersas.com\/wp-content\/uploads\/Sabzi-sorkh-shodeh-Ghormeh-Dayan.jpg","contentUrl":"https:\/\/deliciaspersas.com\/wp-content\/uploads\/Sabzi-sorkh-shodeh-Ghormeh-Dayan.jpg","width":1000,"height":1000},{"@type":"BreadcrumbList","@id":"https:\/\/deliciaspersas.com\/en\/tienda\/ready\/verduras-firitas-sabzi-sorkh-shodeh-ghormeh-400g-sarashpaz\/#breadcrumb","itemListElement":[{"@type":"ListItem","position":1,"name":"Portada","item":"https:\/\/deliciaspersas.com\/en\/"},{"@type":"ListItem","position":2,"name":"Tienda","item":"https:\/\/deliciaspersas.com\/"},{"@type":"ListItem","position":3,"name":"Verduras firitas (Sabzi sorkh shodeh Ghormeh ) 400g Sarashpaz"}]},{"@type":"WebSite","@id":"https:\/\/deliciaspersas.com\/en\/#website","url":"https:\/\/deliciaspersas.com\/en\/","name":"Delicias Persas","description":"Gastronom&iacute;a persa al alcance de tus manos","publisher":{"@id":"https:\/\/deliciaspersas.com\/en\/#organization"},"potentialAction":[{"@type":"SearchAction","target":{"@type":"EntryPoint","urlTemplate":"https:\/\/deliciaspersas.com\/en\/?s={search_term_string}"},"query-input":{"@type":"PropertyValueSpecification","valueRequired":true,"valueName":"search_term_string"}}],"inLanguage":"en-US"},{"@type":"Organization","@id":"https:\/\/deliciaspersas.com\/en\/#organization","name":"Delicias Persas","url":"https:\/\/deliciaspersas.com\/en\/","logo":{"@type":"ImageObject","inLanguage":"en-US","@id":"https:\/\/deliciaspersas.com\/en\/#\/schema\/logo\/image\/","url":"https:\/\/deliciaspersas.com\/wp-content\/uploads\/2020\/07\/logo-2020.png","contentUrl":"https:\/\/deliciaspersas.com\/wp-content\/uploads\/2020\/07\/logo-2020.png","width":520,"height":490,"caption":"Delicias Persas"},"image":{"@id":"https:\/\/deliciaspersas.com\/en\/#\/schema\/logo\/image\/"},"sameAs":["https:\/\/www.facebook.com\/Deliciaspersas","https:\/\/www.instagram.com\/delicias_persas\/","https:\/\/www.linkedin.com\/delicias-persas"]}]}},"uagb_featured_image_src":{"full":["https:\/\/deliciaspersas.com\/wp-content\/uploads\/Sabzi-sorkh-shodeh-Ghormeh-Dayan.jpg",1000,1000,false],"thumbnail":["https:\/\/deliciaspersas.com\/wp-content\/uploads\/Sabzi-sorkh-shodeh-Ghormeh-Dayan-150x150.jpg",150,150,true],"medium":["https:\/\/deliciaspersas.com\/wp-content\/uploads\/Sabzi-sorkh-shodeh-Ghormeh-Dayan-300x300.jpg",300,300,true],"medium_large":["https:\/\/deliciaspersas.com\/wp-content\/uploads\/Sabzi-sorkh-shodeh-Ghormeh-Dayan-768x768.jpg",768,768,true],"large":["https:\/\/deliciaspersas.com\/wp-content\/uploads\/Sabzi-sorkh-shodeh-Ghormeh-Dayan.jpg",1000,1000,false],"1536x1536":["https:\/\/deliciaspersas.com\/wp-content\/uploads\/Sabzi-sorkh-shodeh-Ghormeh-Dayan.jpg",1000,1000,false],"2048x2048":["https:\/\/deliciaspersas.com\/wp-content\/uploads\/Sabzi-sorkh-shodeh-Ghormeh-Dayan.jpg",1000,1000,false],"woocommerce_thumbnail":["https:\/\/deliciaspersas.com\/wp-content\/uploads\/Sabzi-sorkh-shodeh-Ghormeh-Dayan-300x300.jpg",300,300,true],"woocommerce_single":["https:\/\/deliciaspersas.com\/wp-content\/uploads\/Sabzi-sorkh-shodeh-Ghormeh-Dayan-600x600.jpg",600,600,true],"woocommerce_gallery_thumbnail":["https:\/\/deliciaspersas.com\/wp-content\/uploads\/Sabzi-sorkh-shodeh-Ghormeh-Dayan-100x100.jpg",100,100,true]},"uagb_author_info":{"display_name":"Maral Azizi","author_link":"https:\/\/deliciaspersas.com\/en\/author\/"},"uagb_comment_info":0,"uagb_excerpt":"Verduras firitas (Sabzi sorkh shodeh Ghormeh ) 400g Sarashpaz Informaci\u00f3n del producto: Estas hierbas fritas ( perejil, cebollino, korainder y fenogreco ) son cocidas al vapor y las conservan ligeramente. Son empleadas para la preparaci\u00f3n del ghormeh Sabzi. Ingredientes y al\u00e9rgenos: Las hierbas compuestas de este producto son: perejil, cebollino, korainder y fenogreco. Estas son&hellip;","brands":[{"id":199,"name":"Sarashpaz","slug":"sarashpaz"}],"_links":{"self":[{"href":"https:\/\/deliciaspersas.com\/en\/wp-json\/wp\/v2\/product\/8481"}],"collection":[{"href":"https:\/\/deliciaspersas.com\/en\/wp-json\/wp\/v2\/product"}],"about":[{"href":"https:\/\/deliciaspersas.com\/en\/wp-json\/wp\/v2\/types\/product"}],"wp:featuredmedia":[{"embeddable":true,"href":"https:\/\/deliciaspersas.com\/en\/wp-json\/wp\/v2\/media\/15212"}],"wp:attachment":[{"href":"https:\/\/deliciaspersas.com\/en\/wp-json\/wp\/v2\/media?parent=8481"}],"wp:term":[{"taxonomy":"pwb-brand","embeddable":true,"href":"https:\/\/deliciaspersas.com\/en\/wp-json\/wp\/v2\/pwb-brand?post=8481"},{"taxonomy":"product_cat","embeddable":true,"href":"https:\/\/deliciaspersas.com\/en\/wp-json\/wp\/v2\/product_cat?post=8481"},{"taxonomy":"product_tag","embeddable":true,"href":"https:\/\/deliciaspersas.com\/en\/wp-json\/wp\/v2\/product_tag?post=8481"}],"curies":[{"name":"wp","href":"https:\/\/api.w.org\/{rel}","templated":true}]}}