{"id":8543,"date":"2021-08-20T09:18:02","date_gmt":"2021-08-20T07:18:02","guid":{"rendered":"https:\/\/deliciaspersas.com\/?post_type=product&#038;p=8543"},"modified":"2024-03-04T17:10:19","modified_gmt":"2024-03-04T16:10:19","slug":"cardamomo-verde-100g-sabor-continental","status":"publish","type":"product","link":"https:\/\/deliciaspersas.com\/en\/tienda\/te\/cardamomo-verde-100g-sabor-continental\/","title":{"rendered":"Cardamomo verde 100g Sabor Continental"},"content":{"rendered":"<h1>Cardamomo verde 100g Sabor Continental<\/h1>\n<h5>Informaci\u00f3n del producto:<\/h5>\n<p>El cardamomo es caliente y seco seg\u00fan la antigua medicina iran\u00ed. Seg\u00fan esta opini\u00f3n, masticar semillas de cardamomo despu\u00e9s de comer ayuda a la digesti\u00f3n y la digesti\u00f3n de los alimentos, hay un olor desagradable. Su consumo inhalado es divertido, fortalece el est\u00f3mago, es suave y rompevientos. Las semillas de cardamomo tienen propiedades calmantes y fortalecen el est\u00f3mago y los intestinos. El cardamomo estimula el apetito y mejora la digesti\u00f3n de los alimentos.<\/p>\n<p>Beneficios:<br \/>\nBeber t\u00e9 caliente con cardamomo alivia la colitis, la indigesti\u00f3n, la hinchaz\u00f3n, las n\u00e1useas y el letargo, y provoca secreciones y diversas secreciones. Una de las propiedades especiales y muy valiosas del cardamomo es la formaci\u00f3n de esputo en la garganta. Por lo tanto, se agreg\u00f3 a los productos l\u00e1cteos y a los budines adicionales hasta el efecto de leche que cre\u00f3. El color de Ren es absorbente de impactos. El choque de las semillas de cardamomo tiene propiedades expectorantes, y los senos nasales y bronquiolos, la nariz y el pecho de la bomba y la congesti\u00f3n nasal. Ayuda gradualmente, reduce la ansiedad y la preocupaci\u00f3n y es m\u00e1s para aliviar la depresi\u00f3n. El cardamomo tambi\u00e9n ha fortalecido a todos y se dice que es \u00fatil para tratar la enuresis en los ni\u00f1os. El consumo excesivo aumenta la frecuencia card\u00edaca.<\/p>\n<ul>\n<li><strong>Cardamomo verde<\/strong>. De intenso color verde, vaina alargada y peque\u00f1a comparada con los otros tipos de cardamomo. Empleado para aromatizar alimentos l\u00edquidos como guisos, caldos, curries y salsas, adem\u00e1s de infusiones y caf\u00e9s. Incluso lo he llegado a ver en alg\u00fan gin-tonic, y la verdad que con cardamomo verde est\u00e1 muy bueno. Es el m\u00e1s com\u00fan y f\u00e1cil de encontrar.<\/li>\n<\/ul>\n<h6>Condiciones de conservaci\u00f3n:<\/h6>\n<p>Conservar en un lugar fresco, seco y protegido de la luz.<\/p>\n<h6>Informaci\u00f3n adicional:<\/h6>\n<p>Fabricado por: Sabor continental<\/p>\n","protected":false},"excerpt":{"rendered":"<p>Cardamomo verde 100g Sabor Continental Informaci\u00f3n del producto: El cardamomo es caliente y seco seg\u00fan la antigua medicina iran\u00ed. Seg\u00fan esta opini\u00f3n, masticar semillas de cardamomo despu\u00e9s de comer ayuda a la digesti\u00f3n y la digesti\u00f3n de los alimentos, hay un olor desagradable. Su consumo inhalado es divertido, fortalece el est\u00f3mago, es suave y rompevientos. [&hellip;]<\/p>\n","protected":false},"featured_media":8545,"template":"","meta":{"_surecart_dashboard_logo_width":"180px","_surecart_dashboard_show_logo":true,"_surecart_dashboard_navigation_orders":true,"_surecart_dashboard_navigation_invoices":true,"_surecart_dashboard_navigation_subscriptions":true,"_surecart_dashboard_navigation_downloads":true,"_surecart_dashboard_navigation_billing":true,"_surecart_dashboard_navigation_account":true,"_uag_custom_page_level_css":"","site-sidebar-layout":"default","site-content-layout":"default","ast-site-content-layout":"default","site-content-style":"default","site-sidebar-style":"default","ast-global-header-display":"","ast-banner-title-visibility":"","ast-main-header-display":"","ast-hfb-above-header-display":"","ast-hfb-below-header-display":"","ast-hfb-mobile-header-display":"","site-post-title":"","ast-breadcrumbs-content":"","ast-featured-img":"","footer-sml-layout":"","theme-transparent-header-meta":"default","adv-header-id-meta":"","stick-header-meta":"","header-above-stick-meta":"","header-main-stick-meta":"","header-below-stick-meta":"","astra-migrate-meta-layouts":"set","ast-page-background-enabled":"default","ast-page-background-meta":{"desktop":{"background-color":"","background-image":"","background-repeat":"repeat","background-position":"center center","background-size":"auto","background-attachment":"scroll","background-type":"","background-media":"","overlay-type":"","overlay-color":"","overlay-opacity":"","overlay-gradient":""},"tablet":{"background-color":"","background-image":"","background-repeat":"repeat","background-position":"center center","background-size":"auto","background-attachment":"scroll","background-type":"","background-media":"","overlay-type":"","overlay-color":"","overlay-opacity":"","overlay-gradient":""},"mobile":{"background-color":"","background-image":"","background-repeat":"repeat","background-position":"center center","background-size":"auto","background-attachment":"scroll","background-type":"","background-media":"","overlay-type":"","overlay-color":"","overlay-opacity":"","overlay-gradient":""}},"ast-content-background-meta":{"desktop":{"background-color":"var(--ast-global-color-5)","background-image":"","background-repeat":"repeat","background-position":"center center","background-size":"auto","background-attachment":"scroll","background-type":"","background-media":"","overlay-type":"","overlay-color":"","overlay-opacity":"","overlay-gradient":""},"tablet":{"background-color":"var(--ast-global-color-5)","background-image":"","background-repeat":"repeat","background-position":"center center","background-size":"auto","background-attachment":"scroll","background-type":"","background-media":"","overlay-type":"","overlay-color":"","overlay-opacity":"","overlay-gradient":""},"mobile":{"background-color":"var(--ast-global-color-5)","background-image":"","background-repeat":"repeat","background-position":"center center","background-size":"auto","background-attachment":"scroll","background-type":"","background-media":"","overlay-type":"","overlay-color":"","overlay-opacity":"","overlay-gradient":""}}},"pwb-brand":[481],"product_cat":[39,32,30],"product_tag":[586,584,587,588,585,483,323,449,279,482],"class_list":{"0":"post-8543","1":"product","2":"type-product","3":"status-publish","4":"has-post-thumbnail","6":"pwb-brand-sabor-continental","7":"product_cat-destilados","8":"product_cat-especias","9":"product_cat-te","10":"product_tag-buen-olor","11":"product_tag-cardamomo","12":"product_tag-cardamomo-verde","13":"product_tag-te","14":"product_tag-verde","15":"product_tag-483","16":"product_tag-323","17":"product_tag-449","18":"product_tag-279","19":"product_tag-482","20":"desktop-align-center","21":"tablet-align-center","22":"mobile-align-center","24":"first","25":"outofstock","26":"taxable","27":"shipping-taxable","28":"purchasable","29":"product-type-simple"},"yoast_head":"<!-- This site is optimized with the Yoast SEO plugin v23.6 - https:\/\/yoast.com\/wordpress\/plugins\/seo\/ -->\n<title>Cardamomo verde 100g Sabor Continental - Delicias Persas<\/title>\n<meta name=\"description\" content=\"la nariz y el pecho de la bomba y la congesti\u00f3n nasal. Ayuda gradualmente, reduce la ansiedad y la preocupaci\u00f3n y es m\u00e1s para...\" \/>\n<meta name=\"robots\" content=\"index, follow, max-snippet:-1, max-image-preview:large, max-video-preview:-1\" \/>\n<link rel=\"canonical\" href=\"https:\/\/deliciaspersas.com\/en\/tienda\/te\/cardamomo-verde-100g-sabor-continental\/\" \/>\n<meta property=\"og:locale\" content=\"en_US\" \/>\n<meta property=\"og:type\" content=\"article\" \/>\n<meta property=\"og:title\" content=\"Cardamomo verde 100g Sabor Continental - Delicias Persas\" \/>\n<meta property=\"og:description\" content=\"la nariz y el pecho de la bomba y la congesti\u00f3n nasal. Ayuda gradualmente, reduce la ansiedad y la preocupaci\u00f3n y es m\u00e1s para...\" \/>\n<meta property=\"og:url\" content=\"https:\/\/deliciaspersas.com\/en\/tienda\/te\/cardamomo-verde-100g-sabor-continental\/\" \/>\n<meta property=\"og:site_name\" content=\"Delicias Persas\" \/>\n<meta property=\"article:publisher\" content=\"https:\/\/www.facebook.com\/Deliciaspersas\" \/>\n<meta property=\"article:modified_time\" content=\"2024-03-04T16:10:19+00:00\" \/>\n<meta property=\"og:image\" content=\"https:\/\/deliciaspersas.com\/wp-content\/uploads\/WhatsApp_Image_2021-08-20_at_11.38.16-removebg-preview-1.png\" \/>\n\t<meta property=\"og:image:width\" content=\"432\" \/>\n\t<meta property=\"og:image:height\" content=\"577\" \/>\n\t<meta property=\"og:image:type\" content=\"image\/png\" \/>\n<meta name=\"twitter:card\" content=\"summary_large_image\" \/>\n<meta name=\"twitter:label1\" content=\"Est. reading time\" \/>\n\t<meta name=\"twitter:data1\" content=\"2 minutes\" \/>\n<script type=\"application\/ld+json\" class=\"yoast-schema-graph\">{\"@context\":\"https:\/\/schema.org\",\"@graph\":[{\"@type\":\"WebPage\",\"@id\":\"https:\/\/deliciaspersas.com\/en\/tienda\/te\/cardamomo-verde-100g-sabor-continental\/\",\"url\":\"https:\/\/deliciaspersas.com\/en\/tienda\/te\/cardamomo-verde-100g-sabor-continental\/\",\"name\":\"Cardamomo verde 100g Sabor Continental - Delicias Persas\",\"isPartOf\":{\"@id\":\"https:\/\/deliciaspersas.com\/en\/#website\"},\"primaryImageOfPage\":{\"@id\":\"https:\/\/deliciaspersas.com\/en\/tienda\/te\/cardamomo-verde-100g-sabor-continental\/#primaryimage\"},\"image\":{\"@id\":\"https:\/\/deliciaspersas.com\/en\/tienda\/te\/cardamomo-verde-100g-sabor-continental\/#primaryimage\"},\"thumbnailUrl\":\"https:\/\/deliciaspersas.com\/wp-content\/uploads\/WhatsApp_Image_2021-08-20_at_11.38.16-removebg-preview-1.png\",\"datePublished\":\"2021-08-20T07:18:02+00:00\",\"dateModified\":\"2024-03-04T16:10:19+00:00\",\"description\":\"la nariz y el pecho de la bomba y la congesti\u00f3n nasal. Ayuda gradualmente, reduce la ansiedad y la preocupaci\u00f3n y es m\u00e1s para...\",\"breadcrumb\":{\"@id\":\"https:\/\/deliciaspersas.com\/en\/tienda\/te\/cardamomo-verde-100g-sabor-continental\/#breadcrumb\"},\"inLanguage\":\"en-US\",\"potentialAction\":[{\"@type\":\"ReadAction\",\"target\":[\"https:\/\/deliciaspersas.com\/en\/tienda\/te\/cardamomo-verde-100g-sabor-continental\/\"]}]},{\"@type\":\"ImageObject\",\"inLanguage\":\"en-US\",\"@id\":\"https:\/\/deliciaspersas.com\/en\/tienda\/te\/cardamomo-verde-100g-sabor-continental\/#primaryimage\",\"url\":\"https:\/\/deliciaspersas.com\/wp-content\/uploads\/WhatsApp_Image_2021-08-20_at_11.38.16-removebg-preview-1.png\",\"contentUrl\":\"https:\/\/deliciaspersas.com\/wp-content\/uploads\/WhatsApp_Image_2021-08-20_at_11.38.16-removebg-preview-1.png\",\"width\":432,\"height\":577,\"caption\":\"\u0647\u0644 100 \u06af\u0631\u0645\u06cc sabor continental\"},{\"@type\":\"BreadcrumbList\",\"@id\":\"https:\/\/deliciaspersas.com\/en\/tienda\/te\/cardamomo-verde-100g-sabor-continental\/#breadcrumb\",\"itemListElement\":[{\"@type\":\"ListItem\",\"position\":1,\"name\":\"Portada\",\"item\":\"https:\/\/deliciaspersas.com\/en\/\"},{\"@type\":\"ListItem\",\"position\":2,\"name\":\"Tienda\",\"item\":\"https:\/\/deliciaspersas.com\/\"},{\"@type\":\"ListItem\",\"position\":3,\"name\":\"Cardamomo verde 100g Sabor Continental\"}]},{\"@type\":\"WebSite\",\"@id\":\"https:\/\/deliciaspersas.com\/en\/#website\",\"url\":\"https:\/\/deliciaspersas.com\/en\/\",\"name\":\"Delicias Persas\",\"description\":\"Gastronom&iacute;a persa al alcance de tus manos\",\"publisher\":{\"@id\":\"https:\/\/deliciaspersas.com\/en\/#organization\"},\"potentialAction\":[{\"@type\":\"SearchAction\",\"target\":{\"@type\":\"EntryPoint\",\"urlTemplate\":\"https:\/\/deliciaspersas.com\/en\/?s={search_term_string}\"},\"query-input\":{\"@type\":\"PropertyValueSpecification\",\"valueRequired\":true,\"valueName\":\"search_term_string\"}}],\"inLanguage\":\"en-US\"},{\"@type\":\"Organization\",\"@id\":\"https:\/\/deliciaspersas.com\/en\/#organization\",\"name\":\"Delicias Persas\",\"url\":\"https:\/\/deliciaspersas.com\/en\/\",\"logo\":{\"@type\":\"ImageObject\",\"inLanguage\":\"en-US\",\"@id\":\"https:\/\/deliciaspersas.com\/en\/#\/schema\/logo\/image\/\",\"url\":\"https:\/\/deliciaspersas.com\/wp-content\/uploads\/2020\/07\/logo-2020.png\",\"contentUrl\":\"https:\/\/deliciaspersas.com\/wp-content\/uploads\/2020\/07\/logo-2020.png\",\"width\":520,\"height\":490,\"caption\":\"Delicias Persas\"},\"image\":{\"@id\":\"https:\/\/deliciaspersas.com\/en\/#\/schema\/logo\/image\/\"},\"sameAs\":[\"https:\/\/www.facebook.com\/Deliciaspersas\",\"https:\/\/www.instagram.com\/delicias_persas\/\",\"https:\/\/www.linkedin.com\/delicias-persas\"]}]}<\/script>\n<!-- \/ Yoast SEO plugin. -->","yoast_head_json":{"title":"Cardamomo verde 100g Sabor Continental - Delicias Persas","description":"la nariz y el pecho de la bomba y la congesti\u00f3n nasal. Ayuda gradualmente, reduce la ansiedad y la preocupaci\u00f3n y es m\u00e1s para...","robots":{"index":"index","follow":"follow","max-snippet":"max-snippet:-1","max-image-preview":"max-image-preview:large","max-video-preview":"max-video-preview:-1"},"canonical":"https:\/\/deliciaspersas.com\/en\/tienda\/te\/cardamomo-verde-100g-sabor-continental\/","og_locale":"en_US","og_type":"article","og_title":"Cardamomo verde 100g Sabor Continental - Delicias Persas","og_description":"la nariz y el pecho de la bomba y la congesti\u00f3n nasal. Ayuda gradualmente, reduce la ansiedad y la preocupaci\u00f3n y es m\u00e1s para...","og_url":"https:\/\/deliciaspersas.com\/en\/tienda\/te\/cardamomo-verde-100g-sabor-continental\/","og_site_name":"Delicias Persas","article_publisher":"https:\/\/www.facebook.com\/Deliciaspersas","article_modified_time":"2024-03-04T16:10:19+00:00","og_image":[{"width":432,"height":577,"url":"https:\/\/deliciaspersas.com\/wp-content\/uploads\/WhatsApp_Image_2021-08-20_at_11.38.16-removebg-preview-1.png","type":"image\/png"}],"twitter_card":"summary_large_image","twitter_misc":{"Est. reading time":"2 minutes"},"schema":{"@context":"https:\/\/schema.org","@graph":[{"@type":"WebPage","@id":"https:\/\/deliciaspersas.com\/en\/tienda\/te\/cardamomo-verde-100g-sabor-continental\/","url":"https:\/\/deliciaspersas.com\/en\/tienda\/te\/cardamomo-verde-100g-sabor-continental\/","name":"Cardamomo verde 100g Sabor Continental - Delicias Persas","isPartOf":{"@id":"https:\/\/deliciaspersas.com\/en\/#website"},"primaryImageOfPage":{"@id":"https:\/\/deliciaspersas.com\/en\/tienda\/te\/cardamomo-verde-100g-sabor-continental\/#primaryimage"},"image":{"@id":"https:\/\/deliciaspersas.com\/en\/tienda\/te\/cardamomo-verde-100g-sabor-continental\/#primaryimage"},"thumbnailUrl":"https:\/\/deliciaspersas.com\/wp-content\/uploads\/WhatsApp_Image_2021-08-20_at_11.38.16-removebg-preview-1.png","datePublished":"2021-08-20T07:18:02+00:00","dateModified":"2024-03-04T16:10:19+00:00","description":"la nariz y el pecho de la bomba y la congesti\u00f3n nasal. Ayuda gradualmente, reduce la ansiedad y la preocupaci\u00f3n y es m\u00e1s para...","breadcrumb":{"@id":"https:\/\/deliciaspersas.com\/en\/tienda\/te\/cardamomo-verde-100g-sabor-continental\/#breadcrumb"},"inLanguage":"en-US","potentialAction":[{"@type":"ReadAction","target":["https:\/\/deliciaspersas.com\/en\/tienda\/te\/cardamomo-verde-100g-sabor-continental\/"]}]},{"@type":"ImageObject","inLanguage":"en-US","@id":"https:\/\/deliciaspersas.com\/en\/tienda\/te\/cardamomo-verde-100g-sabor-continental\/#primaryimage","url":"https:\/\/deliciaspersas.com\/wp-content\/uploads\/WhatsApp_Image_2021-08-20_at_11.38.16-removebg-preview-1.png","contentUrl":"https:\/\/deliciaspersas.com\/wp-content\/uploads\/WhatsApp_Image_2021-08-20_at_11.38.16-removebg-preview-1.png","width":432,"height":577,"caption":"\u0647\u0644 100 \u06af\u0631\u0645\u06cc sabor continental"},{"@type":"BreadcrumbList","@id":"https:\/\/deliciaspersas.com\/en\/tienda\/te\/cardamomo-verde-100g-sabor-continental\/#breadcrumb","itemListElement":[{"@type":"ListItem","position":1,"name":"Portada","item":"https:\/\/deliciaspersas.com\/en\/"},{"@type":"ListItem","position":2,"name":"Tienda","item":"https:\/\/deliciaspersas.com\/"},{"@type":"ListItem","position":3,"name":"Cardamomo verde 100g Sabor Continental"}]},{"@type":"WebSite","@id":"https:\/\/deliciaspersas.com\/en\/#website","url":"https:\/\/deliciaspersas.com\/en\/","name":"Delicias Persas","description":"Gastronom&iacute;a persa al alcance de tus manos","publisher":{"@id":"https:\/\/deliciaspersas.com\/en\/#organization"},"potentialAction":[{"@type":"SearchAction","target":{"@type":"EntryPoint","urlTemplate":"https:\/\/deliciaspersas.com\/en\/?s={search_term_string}"},"query-input":{"@type":"PropertyValueSpecification","valueRequired":true,"valueName":"search_term_string"}}],"inLanguage":"en-US"},{"@type":"Organization","@id":"https:\/\/deliciaspersas.com\/en\/#organization","name":"Delicias Persas","url":"https:\/\/deliciaspersas.com\/en\/","logo":{"@type":"ImageObject","inLanguage":"en-US","@id":"https:\/\/deliciaspersas.com\/en\/#\/schema\/logo\/image\/","url":"https:\/\/deliciaspersas.com\/wp-content\/uploads\/2020\/07\/logo-2020.png","contentUrl":"https:\/\/deliciaspersas.com\/wp-content\/uploads\/2020\/07\/logo-2020.png","width":520,"height":490,"caption":"Delicias Persas"},"image":{"@id":"https:\/\/deliciaspersas.com\/en\/#\/schema\/logo\/image\/"},"sameAs":["https:\/\/www.facebook.com\/Deliciaspersas","https:\/\/www.instagram.com\/delicias_persas\/","https:\/\/www.linkedin.com\/delicias-persas"]}]}},"uagb_featured_image_src":{"full":["https:\/\/deliciaspersas.com\/wp-content\/uploads\/WhatsApp_Image_2021-08-20_at_11.38.16-removebg-preview-1.png",432,577,false],"thumbnail":["https:\/\/deliciaspersas.com\/wp-content\/uploads\/WhatsApp_Image_2021-08-20_at_11.38.16-removebg-preview-1-150x150.png",150,150,true],"medium":["https:\/\/deliciaspersas.com\/wp-content\/uploads\/WhatsApp_Image_2021-08-20_at_11.38.16-removebg-preview-1-225x300.png",225,300,true],"medium_large":["https:\/\/deliciaspersas.com\/wp-content\/uploads\/WhatsApp_Image_2021-08-20_at_11.38.16-removebg-preview-1.png",432,577,false],"large":["https:\/\/deliciaspersas.com\/wp-content\/uploads\/WhatsApp_Image_2021-08-20_at_11.38.16-removebg-preview-1.png",432,577,false],"1536x1536":["https:\/\/deliciaspersas.com\/wp-content\/uploads\/WhatsApp_Image_2021-08-20_at_11.38.16-removebg-preview-1.png",432,577,false],"2048x2048":["https:\/\/deliciaspersas.com\/wp-content\/uploads\/WhatsApp_Image_2021-08-20_at_11.38.16-removebg-preview-1.png",432,577,false],"woocommerce_thumbnail":["https:\/\/deliciaspersas.com\/wp-content\/uploads\/WhatsApp_Image_2021-08-20_at_11.38.16-removebg-preview-1-300x300.png",300,300,true],"woocommerce_single":["https:\/\/deliciaspersas.com\/wp-content\/uploads\/WhatsApp_Image_2021-08-20_at_11.38.16-removebg-preview-1.png",432,577,false],"woocommerce_gallery_thumbnail":["https:\/\/deliciaspersas.com\/wp-content\/uploads\/WhatsApp_Image_2021-08-20_at_11.38.16-removebg-preview-1-100x100.png",100,100,true]},"uagb_author_info":{"display_name":"Maral Azizi","author_link":"https:\/\/deliciaspersas.com\/en\/author\/"},"uagb_comment_info":0,"uagb_excerpt":"Cardamomo verde 100g Sabor Continental Informaci\u00f3n del producto: El cardamomo es caliente y seco seg\u00fan la antigua medicina iran\u00ed. Seg\u00fan esta opini\u00f3n, masticar semillas de cardamomo despu\u00e9s de comer ayuda a la digesti\u00f3n y la digesti\u00f3n de los alimentos, hay un olor desagradable. Su consumo inhalado es divertido, fortalece el est\u00f3mago, es suave y rompevientos.&hellip;","brands":[{"id":481,"name":"sabor continental","slug":"sabor-continental"}],"_links":{"self":[{"href":"https:\/\/deliciaspersas.com\/en\/wp-json\/wp\/v2\/product\/8543"}],"collection":[{"href":"https:\/\/deliciaspersas.com\/en\/wp-json\/wp\/v2\/product"}],"about":[{"href":"https:\/\/deliciaspersas.com\/en\/wp-json\/wp\/v2\/types\/product"}],"wp:featuredmedia":[{"embeddable":true,"href":"https:\/\/deliciaspersas.com\/en\/wp-json\/wp\/v2\/media\/8545"}],"wp:attachment":[{"href":"https:\/\/deliciaspersas.com\/en\/wp-json\/wp\/v2\/media?parent=8543"}],"wp:term":[{"taxonomy":"pwb-brand","embeddable":true,"href":"https:\/\/deliciaspersas.com\/en\/wp-json\/wp\/v2\/pwb-brand?post=8543"},{"taxonomy":"product_cat","embeddable":true,"href":"https:\/\/deliciaspersas.com\/en\/wp-json\/wp\/v2\/product_cat?post=8543"},{"taxonomy":"product_tag","embeddable":true,"href":"https:\/\/deliciaspersas.com\/en\/wp-json\/wp\/v2\/product_tag?post=8543"}],"curies":[{"name":"wp","href":"https:\/\/api.w.org\/{rel}","templated":true}]}}