{"id":8553,"date":"2021-08-20T13:53:59","date_gmt":"2021-08-20T11:53:59","guid":{"rendered":"https:\/\/deliciaspersas.com\/?post_type=product&#038;p=8553"},"modified":"2025-10-22T11:31:21","modified_gmt":"2025-10-22T09:31:21","slug":"sisymbrium-sophia-100g-granel","status":"publish","type":"product","link":"https:\/\/deliciaspersas.com\/en\/tienda\/especias\/sisymbrium-sophia-100g-granel\/","title":{"rendered":"Sisymbrium Sophia 100g Granel"},"content":{"rendered":"<h1>Sisymbrium Sophia 90g Dayan<\/h1>\n<h6>Informaci\u00f3n del producto:<\/h6>\n<p><i><b>Sisymbrium sophia<\/b><\/i> es una planta herb\u00e1cea perteneciente a la familia Brassicaceae.<\/p>\n<p>Es una planta herb\u00e1cea con tallo erecto, ramificado que alcanza 1- 2.5 metros de altura.<\/p>\n<p>Las flores de color amarillo p\u00e1lido se producen en racimos colgantes. Se reproduce por semillas.<\/p>\n<h6>Usos:<\/h6>\n<p>Se usa en limonadas o bebidas de verano.<\/p>\n<h6>Beneficios:<\/h6>\n<p>Antiescorb\u00fatico.<br \/>\nTambi\u00e9n se le atribuyen propiedades como adelgazante y reconstituyente suaves.<br \/>\nDemulcente, expectorante.<br \/>\nEstimulante.<br \/>\nOft\u00e1lmico.<br \/>\nEl extracto de las semillas presenta efectos antipir\u00e9tico, analg\u00e9sico y antibacteriano frente a bacterias gram positivo y negativo.<br \/>\nPor su parte, las hojas poseen acci\u00f3n antibacteriana.<br \/>\nLa parte a\u00e9rea de la planta posee actividad como antioxidante, antiinflamatorio y analg\u00e9sico.<\/p>\n<p>-Interior:<br \/>\nEnfisema, bronquitis.<br \/>\nDolores reum\u00e1ticos.<br \/>\nHojas contra el escorbuto.<br \/>\nAsma y catarros bronquiales.<br \/>\nSemillas para purificar el h\u00edgado.<br \/>\n-Exterior:<br \/>\nPopularmente se ha utilizado para curar llagas o heridas y problemas de garganta como laringitis y faringitis. Conjuntivitis, blefaritis, orzuelos.<\/p>\n<p>Los beneficios de este producto en ayunas son muy efectivos para tratar el h\u00edgado graso. Para tratar el h\u00edgado graso, combine acedera con mangost\u00e1n. La combinaci\u00f3n de acedera y mangost\u00e1n es especialmente eficaz en el tratamiento de refrescos y flemas. Esta combinaci\u00f3n tambi\u00e9n es el mejor emoliente para los temperamentos secos e hidratantes del cuerpo.<\/p>\n<p>Cabe se\u00f1alar que, en general, el uso de medicamentos a base de hierbas debe ser prescrito por un m\u00e9dico y debe usarse con precauci\u00f3n en la limpieza del h\u00edgado con acedera y mangost\u00e1n, especialmente para los temperamentos biliares. Esta combinaci\u00f3n consta de dos sustancias de car\u00e1cter m\u00e1s c\u00e1lido. Limpia el h\u00edgado r\u00e1pidamente, creando una protuberancia c\u00e1lida que un paciente bilioso no puede tolerar.<\/p>\n<p><b>Modo de empleo:<\/b><\/p>\n<p>Decocci\u00f3n: Poner 20 g de hojas en un litro de agua, despu\u00e9s de 15 minutos se cuela. Tomar una taza despu\u00e9s de las comidas.<br \/>\n-Comido crudo en ensaladas.<br \/>\n-Infusi\u00f3n.<br \/>\n-Cataplasmas o emplastos de hojas machadas para afecciones externas.<br \/>\n-Vahos.<br \/>\n-El cocimiento de las hojas se administra despu\u00e9s de las comidas como febr\u00edfugo y para tratar el asma.<br \/>\n-Las hojas frescas machacadas se aplican en forma de cataplasma sobre heridas y llagas para favorecer su cicatrizaci\u00f3n.<\/p>\n<h6>Condiciones de conservaci\u00f3n:<\/h6>\n<p>Conservar en un lugar fresco, seco y protegido de la luz.<\/p>\n<p>&nbsp;<\/p>\n","protected":false},"excerpt":{"rendered":"<p>Sisymbrium Sophia 90g Dayan Informaci\u00f3n del producto: Sisymbrium sophia es una planta herb\u00e1cea perteneciente a la familia Brassicaceae. Es una planta herb\u00e1cea con tallo erecto, ramificado que alcanza 1- 2.5 metros de altura. Las flores de color amarillo p\u00e1lido se producen en racimos colgantes. Se reproduce por semillas. Usos: Se usa en limonadas o bebidas [&hellip;]<\/p>\n","protected":false},"featured_media":8669,"template":"","meta":{"_surecart_dashboard_logo_width":"180px","_surecart_dashboard_show_logo":true,"_surecart_dashboard_navigation_orders":true,"_surecart_dashboard_navigation_invoices":true,"_surecart_dashboard_navigation_subscriptions":true,"_surecart_dashboard_navigation_downloads":true,"_surecart_dashboard_navigation_billing":true,"_surecart_dashboard_navigation_account":true,"_uag_custom_page_level_css":"","site-sidebar-layout":"default","site-content-layout":"default","ast-site-content-layout":"default","site-content-style":"default","site-sidebar-style":"default","ast-global-header-display":"","ast-banner-title-visibility":"","ast-main-header-display":"","ast-hfb-above-header-display":"","ast-hfb-below-header-display":"","ast-hfb-mobile-header-display":"","site-post-title":"","ast-breadcrumbs-content":"","ast-featured-img":"","footer-sml-layout":"","theme-transparent-header-meta":"default","adv-header-id-meta":"","stick-header-meta":"","header-above-stick-meta":"","header-main-stick-meta":"","header-below-stick-meta":"","astra-migrate-meta-layouts":"set","ast-page-background-enabled":"default","ast-page-background-meta":{"desktop":{"background-color":"","background-image":"","background-repeat":"repeat","background-position":"center center","background-size":"auto","background-attachment":"scroll","background-type":"","background-media":"","overlay-type":"","overlay-color":"","overlay-opacity":"","overlay-gradient":""},"tablet":{"background-color":"","background-image":"","background-repeat":"repeat","background-position":"center center","background-size":"auto","background-attachment":"scroll","background-type":"","background-media":"","overlay-type":"","overlay-color":"","overlay-opacity":"","overlay-gradient":""},"mobile":{"background-color":"","background-image":"","background-repeat":"repeat","background-position":"center center","background-size":"auto","background-attachment":"scroll","background-type":"","background-media":"","overlay-type":"","overlay-color":"","overlay-opacity":"","overlay-gradient":""}},"ast-content-background-meta":{"desktop":{"background-color":"var(--ast-global-color-5)","background-image":"","background-repeat":"repeat","background-position":"center center","background-size":"auto","background-attachment":"scroll","background-type":"","background-media":"","overlay-type":"","overlay-color":"","overlay-opacity":"","overlay-gradient":""},"tablet":{"background-color":"var(--ast-global-color-5)","background-image":"","background-repeat":"repeat","background-position":"center center","background-size":"auto","background-attachment":"scroll","background-type":"","background-media":"","overlay-type":"","overlay-color":"","overlay-opacity":"","overlay-gradient":""},"mobile":{"background-color":"var(--ast-global-color-5)","background-image":"","background-repeat":"repeat","background-position":"center center","background-size":"auto","background-attachment":"scroll","background-type":"","background-media":"","overlay-type":"","overlay-color":"","overlay-opacity":"","overlay-gradient":""}}},"pwb-brand":[113],"product_cat":[39,32],"product_tag":[689,688,862,861,687,690],"class_list":{"0":"post-8553","1":"product","2":"type-product","3":"status-publish","4":"has-post-thumbnail","6":"pwb-brand-dayan-2","7":"product_cat-destilados","8":"product_cat-especias","9":"product_tag-aderezos","10":"product_tag-bebidas","11":"product_tag-descurainia","12":"product_tag-descurainia-sophia","13":"product_tag-sisymbrium-sophia","14":"product_tag-690","15":"desktop-align-center","16":"tablet-align-center","17":"mobile-align-center","19":"first","20":"instock","21":"taxable","22":"shipping-taxable","23":"purchasable","24":"product-type-simple"},"yoast_head":"<!-- This site is optimized with the Yoast SEO plugin v23.6 - https:\/\/yoast.com\/wordpress\/plugins\/seo\/ -->\n<title>Sisymbrium Sophia 100g Granel - Delicias Persas<\/title>\n<meta name=\"description\" content=\"Sisymbrium Sophia 90g Dayan Sisymbrium sophia es una planta herb\u00e1cea perteneciente a la familia Brassicaceae.Es una planta herb\u00e1cea...\" \/>\n<meta name=\"robots\" content=\"index, follow, max-snippet:-1, max-image-preview:large, max-video-preview:-1\" \/>\n<link rel=\"canonical\" href=\"https:\/\/deliciaspersas.com\/en\/tienda\/especias\/sisymbrium-sophia-100g-granel\/\" \/>\n<meta property=\"og:locale\" content=\"en_US\" \/>\n<meta property=\"og:type\" content=\"article\" \/>\n<meta property=\"og:title\" content=\"Sisymbrium Sophia 100g Granel - Delicias Persas\" \/>\n<meta property=\"og:description\" content=\"Sisymbrium Sophia 90g Dayan Sisymbrium sophia es una planta herb\u00e1cea perteneciente a la familia Brassicaceae.Es una planta herb\u00e1cea...\" \/>\n<meta property=\"og:url\" content=\"https:\/\/deliciaspersas.com\/en\/tienda\/especias\/sisymbrium-sophia-100g-granel\/\" \/>\n<meta property=\"og:site_name\" content=\"Delicias Persas\" \/>\n<meta property=\"article:publisher\" content=\"https:\/\/www.facebook.com\/Deliciaspersas\" \/>\n<meta property=\"article:modified_time\" content=\"2025-10-22T09:31:21+00:00\" \/>\n<meta property=\"og:image\" content=\"https:\/\/deliciaspersas.com\/wp-content\/uploads\/\u062e\u0627\u06a9\u0634\u06cc\u0631.png\" \/>\n\t<meta property=\"og:image:width\" content=\"500\" \/>\n\t<meta property=\"og:image:height\" content=\"500\" \/>\n\t<meta property=\"og:image:type\" content=\"image\/png\" \/>\n<meta name=\"twitter:card\" content=\"summary_large_image\" \/>\n<meta name=\"twitter:label1\" content=\"Est. reading time\" \/>\n\t<meta name=\"twitter:data1\" content=\"2 minutes\" \/>\n<script type=\"application\/ld+json\" class=\"yoast-schema-graph\">{\"@context\":\"https:\/\/schema.org\",\"@graph\":[{\"@type\":\"WebPage\",\"@id\":\"https:\/\/deliciaspersas.com\/en\/tienda\/especias\/sisymbrium-sophia-100g-granel\/\",\"url\":\"https:\/\/deliciaspersas.com\/en\/tienda\/especias\/sisymbrium-sophia-100g-granel\/\",\"name\":\"Sisymbrium Sophia 100g Granel - Delicias Persas\",\"isPartOf\":{\"@id\":\"https:\/\/deliciaspersas.com\/en\/#website\"},\"primaryImageOfPage\":{\"@id\":\"https:\/\/deliciaspersas.com\/en\/tienda\/especias\/sisymbrium-sophia-100g-granel\/#primaryimage\"},\"image\":{\"@id\":\"https:\/\/deliciaspersas.com\/en\/tienda\/especias\/sisymbrium-sophia-100g-granel\/#primaryimage\"},\"thumbnailUrl\":\"https:\/\/deliciaspersas.com\/wp-content\/uploads\/\u062e\u0627\u06a9\u0634\u06cc\u0631.png\",\"datePublished\":\"2021-08-20T11:53:59+00:00\",\"dateModified\":\"2025-10-22T09:31:21+00:00\",\"description\":\"Sisymbrium Sophia 90g Dayan Sisymbrium sophia es una planta herb\u00e1cea perteneciente a la familia Brassicaceae.Es una planta herb\u00e1cea...\",\"breadcrumb\":{\"@id\":\"https:\/\/deliciaspersas.com\/en\/tienda\/especias\/sisymbrium-sophia-100g-granel\/#breadcrumb\"},\"inLanguage\":\"en-US\",\"potentialAction\":[{\"@type\":\"ReadAction\",\"target\":[\"https:\/\/deliciaspersas.com\/en\/tienda\/especias\/sisymbrium-sophia-100g-granel\/\"]}]},{\"@type\":\"ImageObject\",\"inLanguage\":\"en-US\",\"@id\":\"https:\/\/deliciaspersas.com\/en\/tienda\/especias\/sisymbrium-sophia-100g-granel\/#primaryimage\",\"url\":\"https:\/\/deliciaspersas.com\/wp-content\/uploads\/\u062e\u0627\u06a9\u0634\u06cc\u0631.png\",\"contentUrl\":\"https:\/\/deliciaspersas.com\/wp-content\/uploads\/\u062e\u0627\u06a9\u0634\u06cc\u0631.png\",\"width\":500,\"height\":500},{\"@type\":\"BreadcrumbList\",\"@id\":\"https:\/\/deliciaspersas.com\/en\/tienda\/especias\/sisymbrium-sophia-100g-granel\/#breadcrumb\",\"itemListElement\":[{\"@type\":\"ListItem\",\"position\":1,\"name\":\"Portada\",\"item\":\"https:\/\/deliciaspersas.com\/en\/\"},{\"@type\":\"ListItem\",\"position\":2,\"name\":\"Tienda\",\"item\":\"https:\/\/deliciaspersas.com\/\"},{\"@type\":\"ListItem\",\"position\":3,\"name\":\"Sisymbrium Sophia 100g Granel\"}]},{\"@type\":\"WebSite\",\"@id\":\"https:\/\/deliciaspersas.com\/en\/#website\",\"url\":\"https:\/\/deliciaspersas.com\/en\/\",\"name\":\"Delicias Persas\",\"description\":\"Gastronom&iacute;a persa al alcance de tus manos\",\"publisher\":{\"@id\":\"https:\/\/deliciaspersas.com\/en\/#organization\"},\"potentialAction\":[{\"@type\":\"SearchAction\",\"target\":{\"@type\":\"EntryPoint\",\"urlTemplate\":\"https:\/\/deliciaspersas.com\/en\/?s={search_term_string}\"},\"query-input\":{\"@type\":\"PropertyValueSpecification\",\"valueRequired\":true,\"valueName\":\"search_term_string\"}}],\"inLanguage\":\"en-US\"},{\"@type\":\"Organization\",\"@id\":\"https:\/\/deliciaspersas.com\/en\/#organization\",\"name\":\"Delicias Persas\",\"url\":\"https:\/\/deliciaspersas.com\/en\/\",\"logo\":{\"@type\":\"ImageObject\",\"inLanguage\":\"en-US\",\"@id\":\"https:\/\/deliciaspersas.com\/en\/#\/schema\/logo\/image\/\",\"url\":\"https:\/\/deliciaspersas.com\/wp-content\/uploads\/2020\/07\/logo-2020.png\",\"contentUrl\":\"https:\/\/deliciaspersas.com\/wp-content\/uploads\/2020\/07\/logo-2020.png\",\"width\":520,\"height\":490,\"caption\":\"Delicias Persas\"},\"image\":{\"@id\":\"https:\/\/deliciaspersas.com\/en\/#\/schema\/logo\/image\/\"},\"sameAs\":[\"https:\/\/www.facebook.com\/Deliciaspersas\",\"https:\/\/www.instagram.com\/delicias_persas\/\",\"https:\/\/www.linkedin.com\/delicias-persas\"]}]}<\/script>\n<!-- \/ Yoast SEO plugin. -->","yoast_head_json":{"title":"Sisymbrium Sophia 100g Granel - Delicias Persas","description":"Sisymbrium Sophia 90g Dayan Sisymbrium sophia es una planta herb\u00e1cea perteneciente a la familia Brassicaceae.Es una planta herb\u00e1cea...","robots":{"index":"index","follow":"follow","max-snippet":"max-snippet:-1","max-image-preview":"max-image-preview:large","max-video-preview":"max-video-preview:-1"},"canonical":"https:\/\/deliciaspersas.com\/en\/tienda\/especias\/sisymbrium-sophia-100g-granel\/","og_locale":"en_US","og_type":"article","og_title":"Sisymbrium Sophia 100g Granel - Delicias Persas","og_description":"Sisymbrium Sophia 90g Dayan Sisymbrium sophia es una planta herb\u00e1cea perteneciente a la familia Brassicaceae.Es una planta herb\u00e1cea...","og_url":"https:\/\/deliciaspersas.com\/en\/tienda\/especias\/sisymbrium-sophia-100g-granel\/","og_site_name":"Delicias Persas","article_publisher":"https:\/\/www.facebook.com\/Deliciaspersas","article_modified_time":"2025-10-22T09:31:21+00:00","og_image":[{"width":500,"height":500,"url":"https:\/\/deliciaspersas.com\/wp-content\/uploads\/\u062e\u0627\u06a9\u0634\u06cc\u0631.png","type":"image\/png"}],"twitter_card":"summary_large_image","twitter_misc":{"Est. reading time":"2 minutes"},"schema":{"@context":"https:\/\/schema.org","@graph":[{"@type":"WebPage","@id":"https:\/\/deliciaspersas.com\/en\/tienda\/especias\/sisymbrium-sophia-100g-granel\/","url":"https:\/\/deliciaspersas.com\/en\/tienda\/especias\/sisymbrium-sophia-100g-granel\/","name":"Sisymbrium Sophia 100g Granel - Delicias Persas","isPartOf":{"@id":"https:\/\/deliciaspersas.com\/en\/#website"},"primaryImageOfPage":{"@id":"https:\/\/deliciaspersas.com\/en\/tienda\/especias\/sisymbrium-sophia-100g-granel\/#primaryimage"},"image":{"@id":"https:\/\/deliciaspersas.com\/en\/tienda\/especias\/sisymbrium-sophia-100g-granel\/#primaryimage"},"thumbnailUrl":"https:\/\/deliciaspersas.com\/wp-content\/uploads\/\u062e\u0627\u06a9\u0634\u06cc\u0631.png","datePublished":"2021-08-20T11:53:59+00:00","dateModified":"2025-10-22T09:31:21+00:00","description":"Sisymbrium Sophia 90g Dayan Sisymbrium sophia es una planta herb\u00e1cea perteneciente a la familia Brassicaceae.Es una planta herb\u00e1cea...","breadcrumb":{"@id":"https:\/\/deliciaspersas.com\/en\/tienda\/especias\/sisymbrium-sophia-100g-granel\/#breadcrumb"},"inLanguage":"en-US","potentialAction":[{"@type":"ReadAction","target":["https:\/\/deliciaspersas.com\/en\/tienda\/especias\/sisymbrium-sophia-100g-granel\/"]}]},{"@type":"ImageObject","inLanguage":"en-US","@id":"https:\/\/deliciaspersas.com\/en\/tienda\/especias\/sisymbrium-sophia-100g-granel\/#primaryimage","url":"https:\/\/deliciaspersas.com\/wp-content\/uploads\/\u062e\u0627\u06a9\u0634\u06cc\u0631.png","contentUrl":"https:\/\/deliciaspersas.com\/wp-content\/uploads\/\u062e\u0627\u06a9\u0634\u06cc\u0631.png","width":500,"height":500},{"@type":"BreadcrumbList","@id":"https:\/\/deliciaspersas.com\/en\/tienda\/especias\/sisymbrium-sophia-100g-granel\/#breadcrumb","itemListElement":[{"@type":"ListItem","position":1,"name":"Portada","item":"https:\/\/deliciaspersas.com\/en\/"},{"@type":"ListItem","position":2,"name":"Tienda","item":"https:\/\/deliciaspersas.com\/"},{"@type":"ListItem","position":3,"name":"Sisymbrium Sophia 100g Granel"}]},{"@type":"WebSite","@id":"https:\/\/deliciaspersas.com\/en\/#website","url":"https:\/\/deliciaspersas.com\/en\/","name":"Delicias Persas","description":"Gastronom&iacute;a persa al alcance de tus manos","publisher":{"@id":"https:\/\/deliciaspersas.com\/en\/#organization"},"potentialAction":[{"@type":"SearchAction","target":{"@type":"EntryPoint","urlTemplate":"https:\/\/deliciaspersas.com\/en\/?s={search_term_string}"},"query-input":{"@type":"PropertyValueSpecification","valueRequired":true,"valueName":"search_term_string"}}],"inLanguage":"en-US"},{"@type":"Organization","@id":"https:\/\/deliciaspersas.com\/en\/#organization","name":"Delicias Persas","url":"https:\/\/deliciaspersas.com\/en\/","logo":{"@type":"ImageObject","inLanguage":"en-US","@id":"https:\/\/deliciaspersas.com\/en\/#\/schema\/logo\/image\/","url":"https:\/\/deliciaspersas.com\/wp-content\/uploads\/2020\/07\/logo-2020.png","contentUrl":"https:\/\/deliciaspersas.com\/wp-content\/uploads\/2020\/07\/logo-2020.png","width":520,"height":490,"caption":"Delicias Persas"},"image":{"@id":"https:\/\/deliciaspersas.com\/en\/#\/schema\/logo\/image\/"},"sameAs":["https:\/\/www.facebook.com\/Deliciaspersas","https:\/\/www.instagram.com\/delicias_persas\/","https:\/\/www.linkedin.com\/delicias-persas"]}]}},"uagb_featured_image_src":{"full":["https:\/\/deliciaspersas.com\/wp-content\/uploads\/\u062e\u0627\u06a9\u0634\u06cc\u0631.png",500,500,false],"thumbnail":["https:\/\/deliciaspersas.com\/wp-content\/uploads\/\u062e\u0627\u06a9\u0634\u06cc\u0631-150x150.png",150,150,true],"medium":["https:\/\/deliciaspersas.com\/wp-content\/uploads\/\u062e\u0627\u06a9\u0634\u06cc\u0631-300x300.png",300,300,true],"medium_large":["https:\/\/deliciaspersas.com\/wp-content\/uploads\/\u062e\u0627\u06a9\u0634\u06cc\u0631.png",500,500,false],"large":["https:\/\/deliciaspersas.com\/wp-content\/uploads\/\u062e\u0627\u06a9\u0634\u06cc\u0631.png",500,500,false],"1536x1536":["https:\/\/deliciaspersas.com\/wp-content\/uploads\/\u062e\u0627\u06a9\u0634\u06cc\u0631.png",500,500,false],"2048x2048":["https:\/\/deliciaspersas.com\/wp-content\/uploads\/\u062e\u0627\u06a9\u0634\u06cc\u0631.png",500,500,false],"woocommerce_thumbnail":["https:\/\/deliciaspersas.com\/wp-content\/uploads\/\u062e\u0627\u06a9\u0634\u06cc\u0631-300x300.png",300,300,true],"woocommerce_single":["https:\/\/deliciaspersas.com\/wp-content\/uploads\/\u062e\u0627\u06a9\u0634\u06cc\u0631.png",500,500,false],"woocommerce_gallery_thumbnail":["https:\/\/deliciaspersas.com\/wp-content\/uploads\/\u062e\u0627\u06a9\u0634\u06cc\u0631-100x100.png",100,100,true]},"uagb_author_info":{"display_name":"Maral Azizi","author_link":"https:\/\/deliciaspersas.com\/en\/author\/"},"uagb_comment_info":0,"uagb_excerpt":"Sisymbrium Sophia 90g Dayan Informaci\u00f3n del producto: Sisymbrium sophia es una planta herb\u00e1cea perteneciente a la familia Brassicaceae. Es una planta herb\u00e1cea con tallo erecto, ramificado que alcanza 1- 2.5 metros de altura. Las flores de color amarillo p\u00e1lido se producen en racimos colgantes. Se reproduce por semillas. Usos: Se usa en limonadas o bebidas&hellip;","brands":[{"id":113,"name":"Dayan","slug":"dayan-2"}],"_links":{"self":[{"href":"https:\/\/deliciaspersas.com\/en\/wp-json\/wp\/v2\/product\/8553"}],"collection":[{"href":"https:\/\/deliciaspersas.com\/en\/wp-json\/wp\/v2\/product"}],"about":[{"href":"https:\/\/deliciaspersas.com\/en\/wp-json\/wp\/v2\/types\/product"}],"wp:featuredmedia":[{"embeddable":true,"href":"https:\/\/deliciaspersas.com\/en\/wp-json\/wp\/v2\/media\/8669"}],"wp:attachment":[{"href":"https:\/\/deliciaspersas.com\/en\/wp-json\/wp\/v2\/media?parent=8553"}],"wp:term":[{"taxonomy":"pwb-brand","embeddable":true,"href":"https:\/\/deliciaspersas.com\/en\/wp-json\/wp\/v2\/pwb-brand?post=8553"},{"taxonomy":"product_cat","embeddable":true,"href":"https:\/\/deliciaspersas.com\/en\/wp-json\/wp\/v2\/product_cat?post=8553"},{"taxonomy":"product_tag","embeddable":true,"href":"https:\/\/deliciaspersas.com\/en\/wp-json\/wp\/v2\/product_tag?post=8553"}],"curies":[{"name":"wp","href":"https:\/\/api.w.org\/{rel}","templated":true}]}}