{"id":8594,"date":"2021-08-30T18:07:19","date_gmt":"2021-08-30T16:07:19","guid":{"rendered":"https:\/\/deliciaspersas.com\/?post_type=product&#038;p=8594"},"modified":"2024-03-15T12:54:31","modified_gmt":"2024-03-15T11:54:31","slug":"nuez-granel-100g-dayan","status":"publish","type":"product","link":"https:\/\/deliciaspersas.com\/en\/tienda\/desayuno\/nuez-granel-100g-dayan\/","title":{"rendered":"Nuez GRANEL 100g Dayan"},"content":{"rendered":"<h1>Nuez GRANEL 100g Dayan<\/h1>\n<p>&nbsp;<\/p>\n<h4>Informaci\u00f3n del producto:<\/h4>\n<p>La nuez es una valiosa fruta de nuez que viene en muchas variedades. Las nueces son una excelente fuente de prote\u00ednas, fibra, vitaminas, antioxidantes y minerales. La palabra &#8220;Joz&#8221; significa &#8220;persa medio&#8221;.<\/p>\n<p>Los granos de nuez y las semillas de lino tienen la mayor cantidad de \u00e1cidos grasos omega-3 entre los alimentos vegetales.<\/p>\n<h4>Beneficio:<\/h4>\n<div class=\"excerpt-image d--flex jsx-3361092747\">\n<div class=\"article-exerpt jsx-1549451994 mb--x-medium mtb--normal pr--normal ptb--small c--grey-neutral-800\">Las nueces forman parte de la familia de los frutos secos y son muy populares. Se trata de un alimento con m\u00faltiples beneficios para la salud.<\/div>\n<\/div>\n<p class=\"jsx-4098198752 c--grey-neutral-800\">Por lo general, asociamos el consumo de nueces\u00a0con la mejora del rendimiento mental de las personas o el cuidado de la salud cardiovascular. No obstante, por sus propiedades, tambi\u00e9n\u00a0<strong>resultan beneficiosas para nuestro est\u00f3mago.<\/strong><\/p>\n<p class=\"jsx-4098198752 c--grey-neutral-800\">Las nueces son un fruto seco\u00a0originario de Asia.\u00a0<strong>Tienen una forma peculiar que recuerda al cerebro.\u00a0<\/strong>Poseen un alto valor nutritivo, puesto que son uno de los alimentos m\u00e1s ricos en grasas saludables. Adem\u00e1s son ricas en:<\/p>\n<ul class=\"jsx-1463435145 list-on-content mlr--x-big mtb--big c--grey-neutral-800 lh--1-8 ff--serif lst--disc\">\n<li>Fibra.<\/li>\n<li>Prote\u00ednas vegetales.<\/li>\n<li>\u00c1cido f\u00f3lico.<\/li>\n<li>Magnesio y calcio.<\/li>\n<li>Disminuye el riesgo de padecer enfermedades cardiovasculares.<\/li>\n<li><strong>Acci\u00f3n antioxidante<\/strong>\u00a0por su alto contenido en polifenoles.<\/li>\n<li>Sacian por su contenido en fibra.<\/li>\n<\/ul>\n<h3 id=\"1-desarrollo-fisico-e-intelectual\" class=\"jsx-3692753319 jsx-2566528898 c--main-600 mt--x-big pt--normal\">1. Desarrollo f\u00edsico e intelectual<\/h3>\n<p class=\"jsx-4098198752 c--grey-neutral-800\">Por su contenido en grasas omega 3, las nueces son un alimento muy interesante en la edad infantil y juvenil, dado que,\u00a0<strong>por su valor nutritivo ayudan al desarrollo f\u00edsico e intelectual<\/strong>. Los estudiantes pueden mejorar su concentraci\u00f3n y rendimiento acad\u00e9mico consumiendo este alimento.<\/p>\n<p class=\"jsx-4098198752 c--grey-neutral-800\">Oros componentes de las nueces valiosos para el cerebro adem\u00e1s de los omega 3, son la lecitina, el f\u00f3sforo y vitaminas del grupo B, siendo una buena manera de alimentar el cerebro, dar energ\u00eda y\u00a0<strong>tratar la p\u00e9rdida de memoria.\u00a0<\/strong><\/p>\n<h3 id=\"2-combatir-la-depresion\" class=\"jsx-3692753319 jsx-2566528898 c--main-600 mt--x-big pt--normal\">2. Combatir la depresi\u00f3n<\/h3>\n<p class=\"jsx-4098198752 c--grey-neutral-800\">La ingesta diaria de nueces, aumenta los niveles de serotonina. Esta hormona se relaciona con la felicidad y el bienestar. Las personas que padecen \u00a0depresi\u00f3n tienen niveles m\u00e1s bajos de serotonina, por lo tanto, el consumo de nueces se cree que\u00a0<strong>ayudar\u00eda a combatir la depresi\u00f3n. Sin embargo, no existen evidencias cient\u00edficas suficientes que avalen dicha afirmaci\u00f3n.<\/strong><\/p>\n<h3 id=\"3-beneficios-de-las-nueces-para-la-piel-y-los-huesos\" class=\"jsx-3692753319 jsx-2566528898 c--main-600 mt--x-big pt--normal\">3. Beneficios de las nueces para la piel y los huesos<\/h3>\n<p class=\"jsx-4098198752 c--grey-neutral-800\">La presencia de zinc en las nueces junto con los polifenoles y vitaminas del grupo B ayudar\u00e1n a mantener la piel en buen estado, evitando la sequedad de la misma. Adem\u00e1s, por el elevado contenido en calcio, potasio y magnesio.<\/p>\n<h3 id=\"4-apto-para-diabeticos\" class=\"jsx-3692753319 jsx-2566528898 c--main-600 mt--x-big pt--normal\">4. Apto para diab\u00e9ticos<\/h3>\n<p class=\"jsx-4098198752 c--grey-neutral-800\">El consumo de\u00a0nueces aporta fibra, lo que\u00a0<strong>aumenta la sensaci\u00f3n de saciedad<\/strong>. Esto ayuda a disminuir la ingesta de alimentos favoreciendo la perdida de peso.<\/p>\n<p class=\"jsx-4098198752 c--grey-neutral-800\">Los frutos secos antes eran todo lo opuesto a una dieta perder grasa y bajar de peso. Sin embargo, cada vez son m\u00e1s los estudios que destacan lo beneficioso que resulta incluir las nueces en las dietas para adelgazar.\u00a0<strong>Un pu\u00f1ado de nueces al d\u00eda ayuda a reducir las tripa<\/strong>\u00a0y perder grasa localizada en esa zona.<\/p>\n","protected":false},"excerpt":{"rendered":"<p>Nuez GRANEL 100g Dayan &nbsp; Informaci\u00f3n del producto: La nuez es una valiosa fruta de nuez que viene en muchas variedades. Las nueces son una excelente fuente de prote\u00ednas, fibra, vitaminas, antioxidantes y minerales. La palabra &#8220;Joz&#8221; significa &#8220;persa medio&#8221;. Los granos de nuez y las semillas de lino tienen la mayor cantidad de \u00e1cidos [&hellip;]<\/p>\n","protected":false},"featured_media":9654,"template":"","meta":{"_surecart_dashboard_logo_width":"180px","_surecart_dashboard_show_logo":true,"_surecart_dashboard_navigation_orders":true,"_surecart_dashboard_navigation_invoices":true,"_surecart_dashboard_navigation_subscriptions":true,"_surecart_dashboard_navigation_downloads":true,"_surecart_dashboard_navigation_billing":true,"_surecart_dashboard_navigation_account":true,"_uag_custom_page_level_css":"","site-sidebar-layout":"default","site-content-layout":"default","ast-site-content-layout":"default","site-content-style":"default","site-sidebar-style":"default","ast-global-header-display":"","ast-banner-title-visibility":"","ast-main-header-display":"","ast-hfb-above-header-display":"","ast-hfb-below-header-display":"","ast-hfb-mobile-header-display":"","site-post-title":"","ast-breadcrumbs-content":"","ast-featured-img":"","footer-sml-layout":"","theme-transparent-header-meta":"default","adv-header-id-meta":"","stick-header-meta":"","header-above-stick-meta":"","header-main-stick-meta":"","header-below-stick-meta":"","astra-migrate-meta-layouts":"set","ast-page-background-enabled":"default","ast-page-background-meta":{"desktop":{"background-color":"","background-image":"","background-repeat":"repeat","background-position":"center center","background-size":"auto","background-attachment":"scroll","background-type":"","background-media":"","overlay-type":"","overlay-color":"","overlay-opacity":"","overlay-gradient":""},"tablet":{"background-color":"","background-image":"","background-repeat":"repeat","background-position":"center center","background-size":"auto","background-attachment":"scroll","background-type":"","background-media":"","overlay-type":"","overlay-color":"","overlay-opacity":"","overlay-gradient":""},"mobile":{"background-color":"","background-image":"","background-repeat":"repeat","background-position":"center center","background-size":"auto","background-attachment":"scroll","background-type":"","background-media":"","overlay-type":"","overlay-color":"","overlay-opacity":"","overlay-gradient":""}},"ast-content-background-meta":{"desktop":{"background-color":"var(--ast-global-color-5)","background-image":"","background-repeat":"repeat","background-position":"center center","background-size":"auto","background-attachment":"scroll","background-type":"","background-media":"","overlay-type":"","overlay-color":"","overlay-opacity":"","overlay-gradient":""},"tablet":{"background-color":"var(--ast-global-color-5)","background-image":"","background-repeat":"repeat","background-position":"center center","background-size":"auto","background-attachment":"scroll","background-type":"","background-media":"","overlay-type":"","overlay-color":"","overlay-opacity":"","overlay-gradient":""},"mobile":{"background-color":"var(--ast-global-color-5)","background-image":"","background-repeat":"repeat","background-position":"center center","background-size":"auto","background-attachment":"scroll","background-type":"","background-media":"","overlay-type":"","overlay-color":"","overlay-opacity":"","overlay-gradient":""}}},"pwb-brand":[113],"product_cat":[36,38,40,1099],"product_tag":[556,720,392,371,343,279,493],"class_list":{"0":"post-8594","1":"product","2":"type-product","3":"status-publish","4":"has-post-thumbnail","6":"pwb-brand-dayan-2","7":"product_cat-desayuno","8":"product_cat-encurtidos","9":"product_cat-secos","10":"product_cat-granel","11":"product_tag-frutos-secos","12":"product_tag-nuez","13":"product_tag-392","14":"product_tag-371","15":"product_tag-343","16":"product_tag-279","17":"product_tag-493","18":"desktop-align-center","19":"tablet-align-center","20":"mobile-align-center","22":"first","23":"instock","24":"taxable","25":"shipping-taxable","26":"purchasable","27":"product-type-simple"},"yoast_head":"<!-- This site is optimized with the Yoast SEO plugin v23.6 - https:\/\/yoast.com\/wordpress\/plugins\/seo\/ -->\n<title>Nuez GRANEL 100g Dayan - Delicias Persas<\/title>\n<meta name=\"description\" content=\"Los granos de nuez y las semillas de lino tienen la mayor cantidad de \u00e1cidos grasos omega-3 entre los alimentos vegetales....\" \/>\n<meta name=\"robots\" content=\"index, follow, max-snippet:-1, max-image-preview:large, max-video-preview:-1\" \/>\n<link rel=\"canonical\" href=\"https:\/\/deliciaspersas.com\/en\/tienda\/desayuno\/nuez-granel-100g-dayan\/\" \/>\n<meta property=\"og:locale\" content=\"en_US\" \/>\n<meta property=\"og:type\" content=\"article\" \/>\n<meta property=\"og:title\" content=\"Nuez GRANEL 100g Dayan - Delicias Persas\" \/>\n<meta property=\"og:description\" content=\"Los granos de nuez y las semillas de lino tienen la mayor cantidad de \u00e1cidos grasos omega-3 entre los alimentos vegetales....\" \/>\n<meta property=\"og:url\" content=\"https:\/\/deliciaspersas.com\/en\/tienda\/desayuno\/nuez-granel-100g-dayan\/\" \/>\n<meta property=\"og:site_name\" content=\"Delicias Persas\" \/>\n<meta property=\"article:publisher\" content=\"https:\/\/www.facebook.com\/Deliciaspersas\" \/>\n<meta property=\"article:modified_time\" content=\"2024-03-15T11:54:31+00:00\" \/>\n<meta property=\"og:image\" content=\"https:\/\/deliciaspersas.com\/wp-content\/uploads\/Nuez.jpg\" \/>\n\t<meta property=\"og:image:width\" content=\"400\" \/>\n\t<meta property=\"og:image:height\" content=\"400\" \/>\n\t<meta property=\"og:image:type\" content=\"image\/jpeg\" \/>\n<meta name=\"twitter:card\" content=\"summary_large_image\" \/>\n<meta name=\"twitter:label1\" content=\"Est. reading time\" \/>\n\t<meta name=\"twitter:data1\" content=\"3 minutes\" \/>\n<script type=\"application\/ld+json\" class=\"yoast-schema-graph\">{\"@context\":\"https:\/\/schema.org\",\"@graph\":[{\"@type\":\"WebPage\",\"@id\":\"https:\/\/deliciaspersas.com\/en\/tienda\/desayuno\/nuez-granel-100g-dayan\/\",\"url\":\"https:\/\/deliciaspersas.com\/en\/tienda\/desayuno\/nuez-granel-100g-dayan\/\",\"name\":\"Nuez GRANEL 100g Dayan - Delicias Persas\",\"isPartOf\":{\"@id\":\"https:\/\/deliciaspersas.com\/en\/#website\"},\"primaryImageOfPage\":{\"@id\":\"https:\/\/deliciaspersas.com\/en\/tienda\/desayuno\/nuez-granel-100g-dayan\/#primaryimage\"},\"image\":{\"@id\":\"https:\/\/deliciaspersas.com\/en\/tienda\/desayuno\/nuez-granel-100g-dayan\/#primaryimage\"},\"thumbnailUrl\":\"https:\/\/deliciaspersas.com\/wp-content\/uploads\/Nuez.jpg\",\"datePublished\":\"2021-08-30T16:07:19+00:00\",\"dateModified\":\"2024-03-15T11:54:31+00:00\",\"description\":\"Los granos de nuez y las semillas de lino tienen la mayor cantidad de \u00e1cidos grasos omega-3 entre los alimentos vegetales....\",\"breadcrumb\":{\"@id\":\"https:\/\/deliciaspersas.com\/en\/tienda\/desayuno\/nuez-granel-100g-dayan\/#breadcrumb\"},\"inLanguage\":\"en-US\",\"potentialAction\":[{\"@type\":\"ReadAction\",\"target\":[\"https:\/\/deliciaspersas.com\/en\/tienda\/desayuno\/nuez-granel-100g-dayan\/\"]}]},{\"@type\":\"ImageObject\",\"inLanguage\":\"en-US\",\"@id\":\"https:\/\/deliciaspersas.com\/en\/tienda\/desayuno\/nuez-granel-100g-dayan\/#primaryimage\",\"url\":\"https:\/\/deliciaspersas.com\/wp-content\/uploads\/Nuez.jpg\",\"contentUrl\":\"https:\/\/deliciaspersas.com\/wp-content\/uploads\/Nuez.jpg\",\"width\":400,\"height\":400,\"caption\":\"nuez\"},{\"@type\":\"BreadcrumbList\",\"@id\":\"https:\/\/deliciaspersas.com\/en\/tienda\/desayuno\/nuez-granel-100g-dayan\/#breadcrumb\",\"itemListElement\":[{\"@type\":\"ListItem\",\"position\":1,\"name\":\"Portada\",\"item\":\"https:\/\/deliciaspersas.com\/en\/\"},{\"@type\":\"ListItem\",\"position\":2,\"name\":\"Tienda\",\"item\":\"https:\/\/deliciaspersas.com\/\"},{\"@type\":\"ListItem\",\"position\":3,\"name\":\"Nuez GRANEL 100g Dayan\"}]},{\"@type\":\"WebSite\",\"@id\":\"https:\/\/deliciaspersas.com\/en\/#website\",\"url\":\"https:\/\/deliciaspersas.com\/en\/\",\"name\":\"Delicias Persas\",\"description\":\"Gastronom&iacute;a persa al alcance de tus manos\",\"publisher\":{\"@id\":\"https:\/\/deliciaspersas.com\/en\/#organization\"},\"potentialAction\":[{\"@type\":\"SearchAction\",\"target\":{\"@type\":\"EntryPoint\",\"urlTemplate\":\"https:\/\/deliciaspersas.com\/en\/?s={search_term_string}\"},\"query-input\":{\"@type\":\"PropertyValueSpecification\",\"valueRequired\":true,\"valueName\":\"search_term_string\"}}],\"inLanguage\":\"en-US\"},{\"@type\":\"Organization\",\"@id\":\"https:\/\/deliciaspersas.com\/en\/#organization\",\"name\":\"Delicias Persas\",\"url\":\"https:\/\/deliciaspersas.com\/en\/\",\"logo\":{\"@type\":\"ImageObject\",\"inLanguage\":\"en-US\",\"@id\":\"https:\/\/deliciaspersas.com\/en\/#\/schema\/logo\/image\/\",\"url\":\"https:\/\/deliciaspersas.com\/wp-content\/uploads\/2020\/07\/logo-2020.png\",\"contentUrl\":\"https:\/\/deliciaspersas.com\/wp-content\/uploads\/2020\/07\/logo-2020.png\",\"width\":520,\"height\":490,\"caption\":\"Delicias Persas\"},\"image\":{\"@id\":\"https:\/\/deliciaspersas.com\/en\/#\/schema\/logo\/image\/\"},\"sameAs\":[\"https:\/\/www.facebook.com\/Deliciaspersas\",\"https:\/\/www.instagram.com\/delicias_persas\/\",\"https:\/\/www.linkedin.com\/delicias-persas\"]}]}<\/script>\n<!-- \/ Yoast SEO plugin. -->","yoast_head_json":{"title":"Nuez GRANEL 100g Dayan - Delicias Persas","description":"Los granos de nuez y las semillas de lino tienen la mayor cantidad de \u00e1cidos grasos omega-3 entre los alimentos vegetales....","robots":{"index":"index","follow":"follow","max-snippet":"max-snippet:-1","max-image-preview":"max-image-preview:large","max-video-preview":"max-video-preview:-1"},"canonical":"https:\/\/deliciaspersas.com\/en\/tienda\/desayuno\/nuez-granel-100g-dayan\/","og_locale":"en_US","og_type":"article","og_title":"Nuez GRANEL 100g Dayan - Delicias Persas","og_description":"Los granos de nuez y las semillas de lino tienen la mayor cantidad de \u00e1cidos grasos omega-3 entre los alimentos vegetales....","og_url":"https:\/\/deliciaspersas.com\/en\/tienda\/desayuno\/nuez-granel-100g-dayan\/","og_site_name":"Delicias Persas","article_publisher":"https:\/\/www.facebook.com\/Deliciaspersas","article_modified_time":"2024-03-15T11:54:31+00:00","og_image":[{"width":400,"height":400,"url":"https:\/\/deliciaspersas.com\/wp-content\/uploads\/Nuez.jpg","type":"image\/jpeg"}],"twitter_card":"summary_large_image","twitter_misc":{"Est. reading time":"3 minutes"},"schema":{"@context":"https:\/\/schema.org","@graph":[{"@type":"WebPage","@id":"https:\/\/deliciaspersas.com\/en\/tienda\/desayuno\/nuez-granel-100g-dayan\/","url":"https:\/\/deliciaspersas.com\/en\/tienda\/desayuno\/nuez-granel-100g-dayan\/","name":"Nuez GRANEL 100g Dayan - Delicias Persas","isPartOf":{"@id":"https:\/\/deliciaspersas.com\/en\/#website"},"primaryImageOfPage":{"@id":"https:\/\/deliciaspersas.com\/en\/tienda\/desayuno\/nuez-granel-100g-dayan\/#primaryimage"},"image":{"@id":"https:\/\/deliciaspersas.com\/en\/tienda\/desayuno\/nuez-granel-100g-dayan\/#primaryimage"},"thumbnailUrl":"https:\/\/deliciaspersas.com\/wp-content\/uploads\/Nuez.jpg","datePublished":"2021-08-30T16:07:19+00:00","dateModified":"2024-03-15T11:54:31+00:00","description":"Los granos de nuez y las semillas de lino tienen la mayor cantidad de \u00e1cidos grasos omega-3 entre los alimentos vegetales....","breadcrumb":{"@id":"https:\/\/deliciaspersas.com\/en\/tienda\/desayuno\/nuez-granel-100g-dayan\/#breadcrumb"},"inLanguage":"en-US","potentialAction":[{"@type":"ReadAction","target":["https:\/\/deliciaspersas.com\/en\/tienda\/desayuno\/nuez-granel-100g-dayan\/"]}]},{"@type":"ImageObject","inLanguage":"en-US","@id":"https:\/\/deliciaspersas.com\/en\/tienda\/desayuno\/nuez-granel-100g-dayan\/#primaryimage","url":"https:\/\/deliciaspersas.com\/wp-content\/uploads\/Nuez.jpg","contentUrl":"https:\/\/deliciaspersas.com\/wp-content\/uploads\/Nuez.jpg","width":400,"height":400,"caption":"nuez"},{"@type":"BreadcrumbList","@id":"https:\/\/deliciaspersas.com\/en\/tienda\/desayuno\/nuez-granel-100g-dayan\/#breadcrumb","itemListElement":[{"@type":"ListItem","position":1,"name":"Portada","item":"https:\/\/deliciaspersas.com\/en\/"},{"@type":"ListItem","position":2,"name":"Tienda","item":"https:\/\/deliciaspersas.com\/"},{"@type":"ListItem","position":3,"name":"Nuez GRANEL 100g Dayan"}]},{"@type":"WebSite","@id":"https:\/\/deliciaspersas.com\/en\/#website","url":"https:\/\/deliciaspersas.com\/en\/","name":"Delicias Persas","description":"Gastronom&iacute;a persa al alcance de tus manos","publisher":{"@id":"https:\/\/deliciaspersas.com\/en\/#organization"},"potentialAction":[{"@type":"SearchAction","target":{"@type":"EntryPoint","urlTemplate":"https:\/\/deliciaspersas.com\/en\/?s={search_term_string}"},"query-input":{"@type":"PropertyValueSpecification","valueRequired":true,"valueName":"search_term_string"}}],"inLanguage":"en-US"},{"@type":"Organization","@id":"https:\/\/deliciaspersas.com\/en\/#organization","name":"Delicias Persas","url":"https:\/\/deliciaspersas.com\/en\/","logo":{"@type":"ImageObject","inLanguage":"en-US","@id":"https:\/\/deliciaspersas.com\/en\/#\/schema\/logo\/image\/","url":"https:\/\/deliciaspersas.com\/wp-content\/uploads\/2020\/07\/logo-2020.png","contentUrl":"https:\/\/deliciaspersas.com\/wp-content\/uploads\/2020\/07\/logo-2020.png","width":520,"height":490,"caption":"Delicias Persas"},"image":{"@id":"https:\/\/deliciaspersas.com\/en\/#\/schema\/logo\/image\/"},"sameAs":["https:\/\/www.facebook.com\/Deliciaspersas","https:\/\/www.instagram.com\/delicias_persas\/","https:\/\/www.linkedin.com\/delicias-persas"]}]}},"uagb_featured_image_src":{"full":["https:\/\/deliciaspersas.com\/wp-content\/uploads\/Nuez.jpg",400,400,false],"thumbnail":["https:\/\/deliciaspersas.com\/wp-content\/uploads\/Nuez-150x150.jpg",150,150,true],"medium":["https:\/\/deliciaspersas.com\/wp-content\/uploads\/Nuez-300x300.jpg",300,300,true],"medium_large":["https:\/\/deliciaspersas.com\/wp-content\/uploads\/Nuez.jpg",400,400,false],"large":["https:\/\/deliciaspersas.com\/wp-content\/uploads\/Nuez.jpg",400,400,false],"1536x1536":["https:\/\/deliciaspersas.com\/wp-content\/uploads\/Nuez.jpg",400,400,false],"2048x2048":["https:\/\/deliciaspersas.com\/wp-content\/uploads\/Nuez.jpg",400,400,false],"woocommerce_thumbnail":["https:\/\/deliciaspersas.com\/wp-content\/uploads\/Nuez-300x300.jpg",300,300,true],"woocommerce_single":["https:\/\/deliciaspersas.com\/wp-content\/uploads\/Nuez.jpg",400,400,false],"woocommerce_gallery_thumbnail":["https:\/\/deliciaspersas.com\/wp-content\/uploads\/Nuez-100x100.jpg",100,100,true]},"uagb_author_info":{"display_name":"Maral Azizi","author_link":"https:\/\/deliciaspersas.com\/en\/author\/"},"uagb_comment_info":0,"uagb_excerpt":"Nuez GRANEL 100g Dayan &nbsp; Informaci\u00f3n del producto: La nuez es una valiosa fruta de nuez que viene en muchas variedades. Las nueces son una excelente fuente de prote\u00ednas, fibra, vitaminas, antioxidantes y minerales. La palabra &#8220;Joz&#8221; significa &#8220;persa medio&#8221;. Los granos de nuez y las semillas de lino tienen la mayor cantidad de \u00e1cidos&hellip;","brands":[{"id":113,"name":"Dayan","slug":"dayan-2"}],"_links":{"self":[{"href":"https:\/\/deliciaspersas.com\/en\/wp-json\/wp\/v2\/product\/8594"}],"collection":[{"href":"https:\/\/deliciaspersas.com\/en\/wp-json\/wp\/v2\/product"}],"about":[{"href":"https:\/\/deliciaspersas.com\/en\/wp-json\/wp\/v2\/types\/product"}],"wp:featuredmedia":[{"embeddable":true,"href":"https:\/\/deliciaspersas.com\/en\/wp-json\/wp\/v2\/media\/9654"}],"wp:attachment":[{"href":"https:\/\/deliciaspersas.com\/en\/wp-json\/wp\/v2\/media?parent=8594"}],"wp:term":[{"taxonomy":"pwb-brand","embeddable":true,"href":"https:\/\/deliciaspersas.com\/en\/wp-json\/wp\/v2\/pwb-brand?post=8594"},{"taxonomy":"product_cat","embeddable":true,"href":"https:\/\/deliciaspersas.com\/en\/wp-json\/wp\/v2\/product_cat?post=8594"},{"taxonomy":"product_tag","embeddable":true,"href":"https:\/\/deliciaspersas.com\/en\/wp-json\/wp\/v2\/product_tag?post=8594"}],"curies":[{"name":"wp","href":"https:\/\/api.w.org\/{rel}","templated":true}]}}