{"id":8605,"date":"2021-09-03T12:30:50","date_gmt":"2021-09-03T10:30:50","guid":{"rendered":"https:\/\/deliciaspersas.com\/?post_type=product&#038;p=8605"},"modified":"2022-05-14T17:35:24","modified_gmt":"2022-05-14T15:35:24","slug":"polvo-de-gelatina-vainilla-50g-nouara","status":"publish","type":"product","link":"https:\/\/deliciaspersas.com\/en\/tienda\/delicias-dulces\/polvo-de-gelatina-vainilla-50g-nouara\/","title":{"rendered":"Polvo de gelatina vainilla 50g Nouara"},"content":{"rendered":"<h1>Polvo de gelatina 50g Nouara<\/h1>\n<h6>Informaci\u00f3n del producto:<\/h6>\n<div>Polvo de gelatina para hacer postres.<\/div>\n<h6>Usos:<\/h6>\n<p>Perfecto para una merienda o hacer postres.<\/p>\n<h6>Beneficios:<\/h6>\n<p>Una de las comidas deliciosas que se usa en la mesa de la fiesta es la gelatina, que resulta tentadora con diferentes colores y formas.<\/p>\n<p>Este alimento contiene gelatina en polvo y se sirve de forma fr\u00eda.<\/p>\n<p>La gelatina no es solo un postre infantil divertido y delicioso. Este plato tan sencillo de hacer en casa contiene gran cantidad de nutrientes, que aportan m\u00faltiples efectos positivos para la salud. Los\u00a0beneficios de la gelatina\u00a0comienzan desde que la tomamos, hasta que dichos nutrientes se aprovechan en nuestro organismo.<\/p>\n<p>La gelatina es un alimento que se puede cocinar dulce o salado, con apariencia blanda y generalmente transparente. Para poder obtener este plato es necesario mezclar unos\u00a0polvos de gelatina con agua caliente, poni\u00e9ndolo despu\u00e9s en un molde hasta que solidifique.<\/p>\n<p>La gelatina, debido a su procedencia, tiene una composici\u00f3n nutricional muy particular.\u00a0Contiene principalmente prote\u00edna, y aunque no es una prote\u00edna muy completa, s\u00ed que es necesaria para el mantenimiento de algunos tejidos del cuerpo humano.<\/p>\n<p>El 90% de la gelatina son prote\u00ednas animales. Una gran cantidad de estas prote\u00ednas corresponden a col\u00e1geno de f\u00e1cil absorci\u00f3n. Junto al col\u00e1geno encontramos gran cantidad de amino\u00e1cidos como la glicina y arginina, que forman parte del m\u00fasculo y el tejido \u00f3seo.<\/p>\n<p>Tambi\u00e9n encontramos en su composici\u00f3n sales minerales y un 8% de agua aproximadamente.<\/p>\n<p>Uno de los beneficios de la gelatina es que\u00a0no contiene grasa ni colesterol, contiene muy pocos az\u00facares (solo si se a\u00f1aden), y es muy baja es calor\u00edas. En ella encontramos un alimento muy energ\u00e9tico, que sacia mucho, y que resulta saludable.<\/p>\n<p>Como ya hemos visto, la gelatina es un alimento que contiene gran cantidad de prote\u00ednas. Sobre todo destacamos su contenido en col\u00e1geno, un nutriente que forma parte de las\u00a0<strong>u\u00f1as, cabello y piel<\/strong>, y que es necesario reponer a trav\u00e9s de la dieta para el mantenimiento de estos.<\/p>\n<p>Su contenido en amino\u00e1cidos esenciales contribuye tambi\u00e9n en el mantenimiento de\u00a0<strong>huesos, articulaciones y m\u00fasculos<\/strong>. Ideal para tomar en la dieta de los deportistas, de las personas mayores, y los ni\u00f1os que est\u00e1n en pleno crecimiento.<\/p>\n<p>Uno de los amino\u00e1cidos mayoritarios de la gelatina es la glicina. Este nutriente es muy eficaz a la hora de\u00a0<strong>eliminar las toxinas<\/strong>\u00a0que se acumulan en nuestro organismo. Nuestro h\u00edgado necesita reponerla con frecuencia para asegurarnos de que estamos eliminando todas aquellas sustancias da\u00f1inas que se acumulan a diario.<\/p>\n<h6>Ingredientes y al\u00e9rgenos:<\/h6>\n<p>Gelatina en polvo.<\/p>\n<h6>Condiciones de conservaci\u00f3n:<\/h6>\n<p>Conservar en frigor\u00edfico, seco y protegido de la luz.<\/p>\n<h6>Informaci\u00f3n adicional:<\/h6>\n<p>Fabricado por: Nouara<\/p>\n","protected":false},"excerpt":{"rendered":"<p>Polvo de gelatina 50g Nouara Informaci\u00f3n del producto: Polvo de gelatina para hacer postres. Usos: Perfecto para una merienda o hacer postres. Beneficios: Una de las comidas deliciosas que se usa en la mesa de la fiesta es la gelatina, que resulta tentadora con diferentes colores y formas. Este alimento contiene gelatina en polvo y [&hellip;]<\/p>\n","protected":false},"featured_media":8607,"template":"","meta":{"_surecart_dashboard_logo_width":"180px","_surecart_dashboard_show_logo":true,"_surecart_dashboard_navigation_orders":true,"_surecart_dashboard_navigation_invoices":true,"_surecart_dashboard_navigation_subscriptions":true,"_surecart_dashboard_navigation_downloads":true,"_surecart_dashboard_navigation_billing":true,"_surecart_dashboard_navigation_account":true,"_uag_custom_page_level_css":"","site-sidebar-layout":"default","site-content-layout":"default","ast-site-content-layout":"","site-content-style":"default","site-sidebar-style":"default","ast-global-header-display":"","ast-banner-title-visibility":"","ast-main-header-display":"","ast-hfb-above-header-display":"","ast-hfb-below-header-display":"","ast-hfb-mobile-header-display":"","site-post-title":"","ast-breadcrumbs-content":"","ast-featured-img":"","footer-sml-layout":"","theme-transparent-header-meta":"default","adv-header-id-meta":"","stick-header-meta":"","header-above-stick-meta":"","header-main-stick-meta":"","header-below-stick-meta":"","astra-migrate-meta-layouts":"default","ast-page-background-enabled":"default","ast-page-background-meta":{"desktop":{"background-color":"","background-image":"","background-repeat":"repeat","background-position":"center center","background-size":"auto","background-attachment":"scroll","background-type":"","background-media":"","overlay-type":"","overlay-color":"","overlay-opacity":"","overlay-gradient":""},"tablet":{"background-color":"","background-image":"","background-repeat":"repeat","background-position":"center center","background-size":"auto","background-attachment":"scroll","background-type":"","background-media":"","overlay-type":"","overlay-color":"","overlay-opacity":"","overlay-gradient":""},"mobile":{"background-color":"","background-image":"","background-repeat":"repeat","background-position":"center center","background-size":"auto","background-attachment":"scroll","background-type":"","background-media":"","overlay-type":"","overlay-color":"","overlay-opacity":"","overlay-gradient":""}},"ast-content-background-meta":{"desktop":{"background-color":"var(--ast-global-color-5)","background-image":"","background-repeat":"repeat","background-position":"center center","background-size":"auto","background-attachment":"scroll","background-type":"","background-media":"","overlay-type":"","overlay-color":"","overlay-opacity":"","overlay-gradient":""},"tablet":{"background-color":"var(--ast-global-color-5)","background-image":"","background-repeat":"repeat","background-position":"center center","background-size":"auto","background-attachment":"scroll","background-type":"","background-media":"","overlay-type":"","overlay-color":"","overlay-opacity":"","overlay-gradient":""},"mobile":{"background-color":"var(--ast-global-color-5)","background-image":"","background-repeat":"repeat","background-position":"center center","background-size":"auto","background-attachment":"scroll","background-type":"","background-media":"","overlay-type":"","overlay-color":"","overlay-opacity":"","overlay-gradient":""}}},"pwb-brand":[494],"product_cat":[31,36],"product_tag":[618,789,654,569,790,498,499,343,279,320,500,495],"class_list":{"0":"post-8605","1":"product","2":"type-product","3":"status-publish","4":"has-post-thumbnail","6":"pwb-brand-nouara","7":"product_cat-delicias-dulces","8":"product_cat-desayuno","9":"product_tag-dulces","10":"product_tag-gelatina","11":"product_tag-merienda","12":"product_tag-polvo","13":"product_tag-postres","14":"product_tag-498","15":"product_tag-499","16":"product_tag-343","17":"product_tag-279","18":"product_tag-320","19":"product_tag-500","20":"product_tag-495","21":"desktop-align-center","22":"tablet-align-center","23":"mobile-align-center","25":"first","26":"outofstock","27":"taxable","28":"shipping-taxable","29":"purchasable","30":"product-type-simple"},"yoast_head":"<!-- This site is optimized with the Yoast SEO plugin v23.6 - https:\/\/yoast.com\/wordpress\/plugins\/seo\/ -->\n<title>Polvo de gelatina vainilla 50g Nouara - Delicias Persas<\/title>\n<meta name=\"description\" content=\"gelatina&quot; es uno de los postres m\u00e1s f\u00e1ciles y al mismo tiempo m\u00e1s diversos que ya no necesitar\u00e1s ir a una pasteler\u00eda para hacer; La gelatina en polvo hace que este postre sea muy f\u00e1cil de hacer y no te cansar\u00e1s de su gran variedad de sabores y colores.\" \/>\n<meta name=\"robots\" content=\"index, follow, max-snippet:-1, max-image-preview:large, max-video-preview:-1\" \/>\n<link rel=\"canonical\" href=\"https:\/\/deliciaspersas.com\/en\/tienda\/delicias-dulces\/polvo-de-gelatina-vainilla-50g-nouara\/\" \/>\n<meta property=\"og:locale\" content=\"en_US\" \/>\n<meta property=\"og:type\" content=\"article\" \/>\n<meta property=\"og:title\" content=\"Polvo de gelatina vainilla 50g Nouara - Delicias Persas\" \/>\n<meta property=\"og:description\" content=\"gelatina&quot; es uno de los postres m\u00e1s f\u00e1ciles y al mismo tiempo m\u00e1s diversos que ya no necesitar\u00e1s ir a una pasteler\u00eda para hacer; La gelatina en polvo hace que este postre sea muy f\u00e1cil de hacer y no te cansar\u00e1s de su gran variedad de sabores y colores.\" \/>\n<meta property=\"og:url\" content=\"https:\/\/deliciaspersas.com\/en\/tienda\/delicias-dulces\/polvo-de-gelatina-vainilla-50g-nouara\/\" \/>\n<meta property=\"og:site_name\" content=\"Delicias Persas\" \/>\n<meta property=\"article:publisher\" content=\"https:\/\/www.facebook.com\/Deliciaspersas\" \/>\n<meta property=\"article:modified_time\" content=\"2022-05-14T15:35:24+00:00\" \/>\n<meta property=\"og:image\" content=\"https:\/\/deliciaspersas.com\/wp-content\/uploads\/WhatsApp_Image_2021-09-03_at_14.28.51__1_-removebg-preview-1.png\" \/>\n\t<meta property=\"og:image:width\" content=\"432\" \/>\n\t<meta property=\"og:image:height\" content=\"576\" \/>\n\t<meta property=\"og:image:type\" content=\"image\/png\" \/>\n<meta name=\"twitter:card\" content=\"summary_large_image\" \/>\n<meta name=\"twitter:label1\" content=\"Est. reading time\" \/>\n\t<meta name=\"twitter:data1\" content=\"2 minutes\" \/>\n<script type=\"application\/ld+json\" class=\"yoast-schema-graph\">{\"@context\":\"https:\/\/schema.org\",\"@graph\":[{\"@type\":\"WebPage\",\"@id\":\"https:\/\/deliciaspersas.com\/en\/tienda\/delicias-dulces\/polvo-de-gelatina-vainilla-50g-nouara\/\",\"url\":\"https:\/\/deliciaspersas.com\/en\/tienda\/delicias-dulces\/polvo-de-gelatina-vainilla-50g-nouara\/\",\"name\":\"Polvo de gelatina vainilla 50g Nouara - Delicias Persas\",\"isPartOf\":{\"@id\":\"https:\/\/deliciaspersas.com\/en\/#website\"},\"primaryImageOfPage\":{\"@id\":\"https:\/\/deliciaspersas.com\/en\/tienda\/delicias-dulces\/polvo-de-gelatina-vainilla-50g-nouara\/#primaryimage\"},\"image\":{\"@id\":\"https:\/\/deliciaspersas.com\/en\/tienda\/delicias-dulces\/polvo-de-gelatina-vainilla-50g-nouara\/#primaryimage\"},\"thumbnailUrl\":\"https:\/\/deliciaspersas.com\/wp-content\/uploads\/WhatsApp_Image_2021-09-03_at_14.28.51__1_-removebg-preview-1.png\",\"datePublished\":\"2021-09-03T10:30:50+00:00\",\"dateModified\":\"2022-05-14T15:35:24+00:00\",\"description\":\"gelatina\\\" es uno de los postres m\u00e1s f\u00e1ciles y al mismo tiempo m\u00e1s diversos que ya no necesitar\u00e1s ir a una pasteler\u00eda para hacer; La gelatina en polvo hace que este postre sea muy f\u00e1cil de hacer y no te cansar\u00e1s de su gran variedad de sabores y colores.\",\"breadcrumb\":{\"@id\":\"https:\/\/deliciaspersas.com\/en\/tienda\/delicias-dulces\/polvo-de-gelatina-vainilla-50g-nouara\/#breadcrumb\"},\"inLanguage\":\"en-US\",\"potentialAction\":[{\"@type\":\"ReadAction\",\"target\":[\"https:\/\/deliciaspersas.com\/en\/tienda\/delicias-dulces\/polvo-de-gelatina-vainilla-50g-nouara\/\"]}]},{\"@type\":\"ImageObject\",\"inLanguage\":\"en-US\",\"@id\":\"https:\/\/deliciaspersas.com\/en\/tienda\/delicias-dulces\/polvo-de-gelatina-vainilla-50g-nouara\/#primaryimage\",\"url\":\"https:\/\/deliciaspersas.com\/wp-content\/uploads\/WhatsApp_Image_2021-09-03_at_14.28.51__1_-removebg-preview-1.png\",\"contentUrl\":\"https:\/\/deliciaspersas.com\/wp-content\/uploads\/WhatsApp_Image_2021-09-03_at_14.28.51__1_-removebg-preview-1.png\",\"width\":432,\"height\":576},{\"@type\":\"BreadcrumbList\",\"@id\":\"https:\/\/deliciaspersas.com\/en\/tienda\/delicias-dulces\/polvo-de-gelatina-vainilla-50g-nouara\/#breadcrumb\",\"itemListElement\":[{\"@type\":\"ListItem\",\"position\":1,\"name\":\"Portada\",\"item\":\"https:\/\/deliciaspersas.com\/en\/\"},{\"@type\":\"ListItem\",\"position\":2,\"name\":\"Tienda\",\"item\":\"https:\/\/deliciaspersas.com\/\"},{\"@type\":\"ListItem\",\"position\":3,\"name\":\"Polvo de gelatina vainilla 50g Nouara\"}]},{\"@type\":\"WebSite\",\"@id\":\"https:\/\/deliciaspersas.com\/en\/#website\",\"url\":\"https:\/\/deliciaspersas.com\/en\/\",\"name\":\"Delicias Persas\",\"description\":\"Gastronom&iacute;a persa al alcance de tus manos\",\"publisher\":{\"@id\":\"https:\/\/deliciaspersas.com\/en\/#organization\"},\"potentialAction\":[{\"@type\":\"SearchAction\",\"target\":{\"@type\":\"EntryPoint\",\"urlTemplate\":\"https:\/\/deliciaspersas.com\/en\/?s={search_term_string}\"},\"query-input\":{\"@type\":\"PropertyValueSpecification\",\"valueRequired\":true,\"valueName\":\"search_term_string\"}}],\"inLanguage\":\"en-US\"},{\"@type\":\"Organization\",\"@id\":\"https:\/\/deliciaspersas.com\/en\/#organization\",\"name\":\"Delicias Persas\",\"url\":\"https:\/\/deliciaspersas.com\/en\/\",\"logo\":{\"@type\":\"ImageObject\",\"inLanguage\":\"en-US\",\"@id\":\"https:\/\/deliciaspersas.com\/en\/#\/schema\/logo\/image\/\",\"url\":\"https:\/\/deliciaspersas.com\/wp-content\/uploads\/2020\/07\/logo-2020.png\",\"contentUrl\":\"https:\/\/deliciaspersas.com\/wp-content\/uploads\/2020\/07\/logo-2020.png\",\"width\":520,\"height\":490,\"caption\":\"Delicias Persas\"},\"image\":{\"@id\":\"https:\/\/deliciaspersas.com\/en\/#\/schema\/logo\/image\/\"},\"sameAs\":[\"https:\/\/www.facebook.com\/Deliciaspersas\",\"https:\/\/www.instagram.com\/delicias_persas\/\",\"https:\/\/www.linkedin.com\/delicias-persas\"]}]}<\/script>\n<!-- \/ Yoast SEO plugin. -->","yoast_head_json":{"title":"Polvo de gelatina vainilla 50g Nouara - Delicias Persas","description":"gelatina\" es uno de los postres m\u00e1s f\u00e1ciles y al mismo tiempo m\u00e1s diversos que ya no necesitar\u00e1s ir a una pasteler\u00eda para hacer; La gelatina en polvo hace que este postre sea muy f\u00e1cil de hacer y no te cansar\u00e1s de su gran variedad de sabores y colores.","robots":{"index":"index","follow":"follow","max-snippet":"max-snippet:-1","max-image-preview":"max-image-preview:large","max-video-preview":"max-video-preview:-1"},"canonical":"https:\/\/deliciaspersas.com\/en\/tienda\/delicias-dulces\/polvo-de-gelatina-vainilla-50g-nouara\/","og_locale":"en_US","og_type":"article","og_title":"Polvo de gelatina vainilla 50g Nouara - Delicias Persas","og_description":"gelatina\" es uno de los postres m\u00e1s f\u00e1ciles y al mismo tiempo m\u00e1s diversos que ya no necesitar\u00e1s ir a una pasteler\u00eda para hacer; La gelatina en polvo hace que este postre sea muy f\u00e1cil de hacer y no te cansar\u00e1s de su gran variedad de sabores y colores.","og_url":"https:\/\/deliciaspersas.com\/en\/tienda\/delicias-dulces\/polvo-de-gelatina-vainilla-50g-nouara\/","og_site_name":"Delicias Persas","article_publisher":"https:\/\/www.facebook.com\/Deliciaspersas","article_modified_time":"2022-05-14T15:35:24+00:00","og_image":[{"width":432,"height":576,"url":"https:\/\/deliciaspersas.com\/wp-content\/uploads\/WhatsApp_Image_2021-09-03_at_14.28.51__1_-removebg-preview-1.png","type":"image\/png"}],"twitter_card":"summary_large_image","twitter_misc":{"Est. reading time":"2 minutes"},"schema":{"@context":"https:\/\/schema.org","@graph":[{"@type":"WebPage","@id":"https:\/\/deliciaspersas.com\/en\/tienda\/delicias-dulces\/polvo-de-gelatina-vainilla-50g-nouara\/","url":"https:\/\/deliciaspersas.com\/en\/tienda\/delicias-dulces\/polvo-de-gelatina-vainilla-50g-nouara\/","name":"Polvo de gelatina vainilla 50g Nouara - Delicias Persas","isPartOf":{"@id":"https:\/\/deliciaspersas.com\/en\/#website"},"primaryImageOfPage":{"@id":"https:\/\/deliciaspersas.com\/en\/tienda\/delicias-dulces\/polvo-de-gelatina-vainilla-50g-nouara\/#primaryimage"},"image":{"@id":"https:\/\/deliciaspersas.com\/en\/tienda\/delicias-dulces\/polvo-de-gelatina-vainilla-50g-nouara\/#primaryimage"},"thumbnailUrl":"https:\/\/deliciaspersas.com\/wp-content\/uploads\/WhatsApp_Image_2021-09-03_at_14.28.51__1_-removebg-preview-1.png","datePublished":"2021-09-03T10:30:50+00:00","dateModified":"2022-05-14T15:35:24+00:00","description":"gelatina\" es uno de los postres m\u00e1s f\u00e1ciles y al mismo tiempo m\u00e1s diversos que ya no necesitar\u00e1s ir a una pasteler\u00eda para hacer; La gelatina en polvo hace que este postre sea muy f\u00e1cil de hacer y no te cansar\u00e1s de su gran variedad de sabores y colores.","breadcrumb":{"@id":"https:\/\/deliciaspersas.com\/en\/tienda\/delicias-dulces\/polvo-de-gelatina-vainilla-50g-nouara\/#breadcrumb"},"inLanguage":"en-US","potentialAction":[{"@type":"ReadAction","target":["https:\/\/deliciaspersas.com\/en\/tienda\/delicias-dulces\/polvo-de-gelatina-vainilla-50g-nouara\/"]}]},{"@type":"ImageObject","inLanguage":"en-US","@id":"https:\/\/deliciaspersas.com\/en\/tienda\/delicias-dulces\/polvo-de-gelatina-vainilla-50g-nouara\/#primaryimage","url":"https:\/\/deliciaspersas.com\/wp-content\/uploads\/WhatsApp_Image_2021-09-03_at_14.28.51__1_-removebg-preview-1.png","contentUrl":"https:\/\/deliciaspersas.com\/wp-content\/uploads\/WhatsApp_Image_2021-09-03_at_14.28.51__1_-removebg-preview-1.png","width":432,"height":576},{"@type":"BreadcrumbList","@id":"https:\/\/deliciaspersas.com\/en\/tienda\/delicias-dulces\/polvo-de-gelatina-vainilla-50g-nouara\/#breadcrumb","itemListElement":[{"@type":"ListItem","position":1,"name":"Portada","item":"https:\/\/deliciaspersas.com\/en\/"},{"@type":"ListItem","position":2,"name":"Tienda","item":"https:\/\/deliciaspersas.com\/"},{"@type":"ListItem","position":3,"name":"Polvo de gelatina vainilla 50g Nouara"}]},{"@type":"WebSite","@id":"https:\/\/deliciaspersas.com\/en\/#website","url":"https:\/\/deliciaspersas.com\/en\/","name":"Delicias Persas","description":"Gastronom&iacute;a persa al alcance de tus manos","publisher":{"@id":"https:\/\/deliciaspersas.com\/en\/#organization"},"potentialAction":[{"@type":"SearchAction","target":{"@type":"EntryPoint","urlTemplate":"https:\/\/deliciaspersas.com\/en\/?s={search_term_string}"},"query-input":{"@type":"PropertyValueSpecification","valueRequired":true,"valueName":"search_term_string"}}],"inLanguage":"en-US"},{"@type":"Organization","@id":"https:\/\/deliciaspersas.com\/en\/#organization","name":"Delicias Persas","url":"https:\/\/deliciaspersas.com\/en\/","logo":{"@type":"ImageObject","inLanguage":"en-US","@id":"https:\/\/deliciaspersas.com\/en\/#\/schema\/logo\/image\/","url":"https:\/\/deliciaspersas.com\/wp-content\/uploads\/2020\/07\/logo-2020.png","contentUrl":"https:\/\/deliciaspersas.com\/wp-content\/uploads\/2020\/07\/logo-2020.png","width":520,"height":490,"caption":"Delicias Persas"},"image":{"@id":"https:\/\/deliciaspersas.com\/en\/#\/schema\/logo\/image\/"},"sameAs":["https:\/\/www.facebook.com\/Deliciaspersas","https:\/\/www.instagram.com\/delicias_persas\/","https:\/\/www.linkedin.com\/delicias-persas"]}]}},"uagb_featured_image_src":{"full":["https:\/\/deliciaspersas.com\/wp-content\/uploads\/WhatsApp_Image_2021-09-03_at_14.28.51__1_-removebg-preview-1.png",432,576,false],"thumbnail":["https:\/\/deliciaspersas.com\/wp-content\/uploads\/WhatsApp_Image_2021-09-03_at_14.28.51__1_-removebg-preview-1-150x150.png",150,150,true],"medium":["https:\/\/deliciaspersas.com\/wp-content\/uploads\/WhatsApp_Image_2021-09-03_at_14.28.51__1_-removebg-preview-1-225x300.png",225,300,true],"medium_large":["https:\/\/deliciaspersas.com\/wp-content\/uploads\/WhatsApp_Image_2021-09-03_at_14.28.51__1_-removebg-preview-1.png",432,576,false],"large":["https:\/\/deliciaspersas.com\/wp-content\/uploads\/WhatsApp_Image_2021-09-03_at_14.28.51__1_-removebg-preview-1.png",432,576,false],"1536x1536":["https:\/\/deliciaspersas.com\/wp-content\/uploads\/WhatsApp_Image_2021-09-03_at_14.28.51__1_-removebg-preview-1.png",432,576,false],"2048x2048":["https:\/\/deliciaspersas.com\/wp-content\/uploads\/WhatsApp_Image_2021-09-03_at_14.28.51__1_-removebg-preview-1.png",432,576,false],"woocommerce_thumbnail":["https:\/\/deliciaspersas.com\/wp-content\/uploads\/WhatsApp_Image_2021-09-03_at_14.28.51__1_-removebg-preview-1-300x300.png",300,300,true],"woocommerce_single":["https:\/\/deliciaspersas.com\/wp-content\/uploads\/WhatsApp_Image_2021-09-03_at_14.28.51__1_-removebg-preview-1.png",432,576,false],"woocommerce_gallery_thumbnail":["https:\/\/deliciaspersas.com\/wp-content\/uploads\/WhatsApp_Image_2021-09-03_at_14.28.51__1_-removebg-preview-1-100x100.png",100,100,true]},"uagb_author_info":{"display_name":"Maral Azizi","author_link":"https:\/\/deliciaspersas.com\/en\/author\/"},"uagb_comment_info":0,"uagb_excerpt":"Polvo de gelatina 50g Nouara Informaci\u00f3n del producto: Polvo de gelatina para hacer postres. Usos: Perfecto para una merienda o hacer postres. Beneficios: Una de las comidas deliciosas que se usa en la mesa de la fiesta es la gelatina, que resulta tentadora con diferentes colores y formas. Este alimento contiene gelatina en polvo y&hellip;","brands":[{"id":494,"name":"Nouara","slug":"nouara"}],"_links":{"self":[{"href":"https:\/\/deliciaspersas.com\/en\/wp-json\/wp\/v2\/product\/8605"}],"collection":[{"href":"https:\/\/deliciaspersas.com\/en\/wp-json\/wp\/v2\/product"}],"about":[{"href":"https:\/\/deliciaspersas.com\/en\/wp-json\/wp\/v2\/types\/product"}],"wp:featuredmedia":[{"embeddable":true,"href":"https:\/\/deliciaspersas.com\/en\/wp-json\/wp\/v2\/media\/8607"}],"wp:attachment":[{"href":"https:\/\/deliciaspersas.com\/en\/wp-json\/wp\/v2\/media?parent=8605"}],"wp:term":[{"taxonomy":"pwb-brand","embeddable":true,"href":"https:\/\/deliciaspersas.com\/en\/wp-json\/wp\/v2\/pwb-brand?post=8605"},{"taxonomy":"product_cat","embeddable":true,"href":"https:\/\/deliciaspersas.com\/en\/wp-json\/wp\/v2\/product_cat?post=8605"},{"taxonomy":"product_tag","embeddable":true,"href":"https:\/\/deliciaspersas.com\/en\/wp-json\/wp\/v2\/product_tag?post=8605"}],"curies":[{"name":"wp","href":"https:\/\/api.w.org\/{rel}","templated":true}]}}