{"id":8617,"date":"2021-09-03T17:37:53","date_gmt":"2021-09-03T15:37:53","guid":{"rendered":"https:\/\/deliciaspersas.com\/?post_type=product&#038;p=8617"},"modified":"2024-04-17T18:03:06","modified_gmt":"2024-04-17T16:03:06","slug":"cacahuetes-400g","status":"publish","type":"product","link":"https:\/\/deliciaspersas.com\/en\/tienda\/encurtidos\/cacahuetes-400g\/","title":{"rendered":"Cacahuetes 400g"},"content":{"rendered":"<h1>Cacahuetes 400g<\/h1>\n<h6>Informaci\u00f3n del producto:<\/h6>\n<p>Rica en prote\u00ednas y grasas saludables monoinsaturadas, es una fuente de energ\u00eda inigualable, as\u00ed que es perfecta para antes de entrenar e incluso como recuperador. Y si va a realizar un cardio intenso como montar en bicicleta o salir a correr, es una opci\u00f3n muy recomendada.<\/p>\n<h6>Beneficios:<\/h6>\n<h4 class=\"body-h4\"><strong>Su alto contenido energ\u00e9tico<\/strong><\/h4>\n<p class=\"body-text\">Rica en prote\u00ednas y grasas saludables monoinsaturadas, es una fuente de energ\u00eda inigualable, as\u00ed que es perfecta para antes de entrenar e incluso como recuperador. Y si va a realizar un cardio intenso como montar en bicicleta o salir a correr, es una opci\u00f3n muy recomendada.<\/p>\n<h4 class=\"body-h4\">Aliada para la hipertrofia<\/h4>\n<p class=\"body-text\">Si su objetivo es la hipertrofia y apuestas por una dieta hipercal\u00f3rica buscando m\u00e1s volumen, con este alimento alcanzar\u00e1s m\u00e1s r\u00e1pidamente sus objetivos y con grandes ganancias para sus m\u00fasculos.<\/p>\n<h4 class=\"body-h4\">Favorece la salud cardiovascular<\/h4>\n<p class=\"body-text\">Sus grasas monoinsaturadas disminuyen el riesgo de padecer enfermedades cardiovasculares y ayudan a combatir el LDL, conocido como el colesterol malo.<\/p>\n<h4 class=\"body-h4\">Su alto contenido en fibra<\/h4>\n<p class=\"body-text\">Los cacahuetes son una buena fuente de fibra, que ayudar\u00e1 a su tracto digestivo y a hacer menos pesadas las digestiones. Por eso, es ideal para las dietas de p\u00e9rdida de peso, ya que tambi\u00e9n es muy saciante y le quitar\u00e1 el hambre y la ansiedad por comer a todas horas.<\/p>\n<h4 class=\"body-h4\">Tiene vitamina E<\/h4>\n<p class=\"body-text\">Que es un poderoso antioxidante, perfecto por tanto para luchar contra los radicales libres. Contiene resveratrol.<\/p>\n<h4 class=\"body-h4\">Recomendado para dietas veganas<\/h4>\n<p class=\"body-text\">Al ser fuente de omega 3, zinc, calcio o hierro, muy presentes en las prote\u00ednas animales,\u00a0se recomienda para aquellos que son veganos o han reducido significativamente su consumo de carne.<\/p>\n<h4 class=\"body-h4\">Una receta facil con este alimento:<\/h4>\n<h4 class=\"body-h4\">En batido para el desayuno<\/h4>\n<p class=\"body-text\">Ingredientes: dos cucharadas de\u00a0crema de cacahuete<strong>,<\/strong>\u00a0una de gofio, dos manzanas, canela y leche de almendras. Todo a la batidora, y tendr\u00e1 un dulce, nutritivo y vigorizante desayuno.<\/p>\n<h6>Ingredientes y al\u00e9rgenos:<\/h6>\n<p>Cacahuetes.<\/p>\n<h6>Condiciones de conservaci\u00f3n:<\/h6>\n<p>Conservar en un lugar fresco, seco y protegido de la luz.<\/p>\n","protected":false},"excerpt":{"rendered":"<p>Cacahuetes 400g Informaci\u00f3n del producto: Rica en prote\u00ednas y grasas saludables monoinsaturadas, es una fuente de energ\u00eda inigualable, as\u00ed que es perfecta para antes de entrenar e incluso como recuperador. Y si va a realizar un cardio intenso como montar en bicicleta o salir a correr, es una opci\u00f3n muy recomendada. Beneficios: Su alto contenido [&hellip;]<\/p>\n","protected":false},"featured_media":8618,"template":"","meta":{"_surecart_dashboard_logo_width":"180px","_surecart_dashboard_show_logo":true,"_surecart_dashboard_navigation_orders":true,"_surecart_dashboard_navigation_invoices":true,"_surecart_dashboard_navigation_subscriptions":true,"_surecart_dashboard_navigation_downloads":true,"_surecart_dashboard_navigation_billing":true,"_surecart_dashboard_navigation_account":true,"_uag_custom_page_level_css":"","site-sidebar-layout":"default","site-content-layout":"default","ast-site-content-layout":"","site-content-style":"default","site-sidebar-style":"default","ast-global-header-display":"","ast-banner-title-visibility":"","ast-main-header-display":"","ast-hfb-above-header-display":"","ast-hfb-below-header-display":"","ast-hfb-mobile-header-display":"","site-post-title":"","ast-breadcrumbs-content":"","ast-featured-img":"","footer-sml-layout":"","theme-transparent-header-meta":"default","adv-header-id-meta":"","stick-header-meta":"","header-above-stick-meta":"","header-main-stick-meta":"","header-below-stick-meta":"","astra-migrate-meta-layouts":"default","ast-page-background-enabled":"default","ast-page-background-meta":{"desktop":{"background-color":"","background-image":"","background-repeat":"repeat","background-position":"center center","background-size":"auto","background-attachment":"scroll","background-type":"","background-media":"","overlay-type":"","overlay-color":"","overlay-opacity":"","overlay-gradient":""},"tablet":{"background-color":"","background-image":"","background-repeat":"repeat","background-position":"center center","background-size":"auto","background-attachment":"scroll","background-type":"","background-media":"","overlay-type":"","overlay-color":"","overlay-opacity":"","overlay-gradient":""},"mobile":{"background-color":"","background-image":"","background-repeat":"repeat","background-position":"center center","background-size":"auto","background-attachment":"scroll","background-type":"","background-media":"","overlay-type":"","overlay-color":"","overlay-opacity":"","overlay-gradient":""}},"ast-content-background-meta":{"desktop":{"background-color":"var(--ast-global-color-5)","background-image":"","background-repeat":"repeat","background-position":"center center","background-size":"auto","background-attachment":"scroll","background-type":"","background-media":"","overlay-type":"","overlay-color":"","overlay-opacity":"","overlay-gradient":""},"tablet":{"background-color":"var(--ast-global-color-5)","background-image":"","background-repeat":"repeat","background-position":"center center","background-size":"auto","background-attachment":"scroll","background-type":"","background-media":"","overlay-type":"","overlay-color":"","overlay-opacity":"","overlay-gradient":""},"mobile":{"background-color":"var(--ast-global-color-5)","background-image":"","background-repeat":"repeat","background-position":"center center","background-size":"auto","background-attachment":"scroll","background-type":"","background-media":"","overlay-type":"","overlay-color":"","overlay-opacity":"","overlay-gradient":""}}},"pwb-brand":[],"product_cat":[38,40],"product_tag":[691,556,863,692,387,371,343,279,511,390],"class_list":{"0":"post-8617","1":"product","2":"type-product","3":"status-publish","4":"has-post-thumbnail","6":"product_cat-encurtidos","7":"product_cat-secos","8":"product_tag-cacahuetes","9":"product_tag-frutos-secos","10":"product_tag-peanut","11":"product_tag-rico","12":"product_tag-387","13":"product_tag-371","14":"product_tag-343","15":"product_tag-279","16":"product_tag-511","17":"product_tag-390","18":"desktop-align-center","19":"tablet-align-center","20":"mobile-align-center","22":"first","23":"outofstock","24":"taxable","25":"shipping-taxable","26":"purchasable","27":"product-type-simple"},"yoast_head":"<!-- This site is optimized with the Yoast SEO plugin v23.6 - https:\/\/yoast.com\/wordpress\/plugins\/seo\/ -->\n<title>Cacahuetes 400g - Delicias Persas<\/title>\n<meta name=\"description\" content=\"diferentes de color amarillo que luego de la inoculaci\u00f3n, la cola de la flor se dobla y llega a la superficie del suelo para luego...\" \/>\n<meta name=\"robots\" content=\"index, follow, max-snippet:-1, max-image-preview:large, max-video-preview:-1\" \/>\n<link rel=\"canonical\" href=\"https:\/\/deliciaspersas.com\/en\/tienda\/encurtidos\/cacahuetes-400g\/\" \/>\n<meta property=\"og:locale\" content=\"en_US\" \/>\n<meta property=\"og:type\" content=\"article\" \/>\n<meta property=\"og:title\" content=\"Cacahuetes 400g - Delicias Persas\" \/>\n<meta property=\"og:description\" content=\"diferentes de color amarillo que luego de la inoculaci\u00f3n, la cola de la flor se dobla y llega a la superficie del suelo para luego...\" \/>\n<meta property=\"og:url\" content=\"https:\/\/deliciaspersas.com\/en\/tienda\/encurtidos\/cacahuetes-400g\/\" \/>\n<meta property=\"og:site_name\" content=\"Delicias Persas\" \/>\n<meta property=\"article:publisher\" content=\"https:\/\/www.facebook.com\/Deliciaspersas\" \/>\n<meta property=\"article:modified_time\" content=\"2024-04-17T16:03:06+00:00\" \/>\n<meta property=\"og:image\" content=\"https:\/\/deliciaspersas.com\/wp-content\/uploads\/WhatsApp_Image_2021-09-03_at_16.38.57-removebg-preview.png\" \/>\n\t<meta property=\"og:image:width\" content=\"432\" \/>\n\t<meta property=\"og:image:height\" content=\"576\" \/>\n\t<meta property=\"og:image:type\" content=\"image\/png\" \/>\n<meta name=\"twitter:card\" content=\"summary_large_image\" \/>\n<meta name=\"twitter:label1\" content=\"Est. reading time\" \/>\n\t<meta name=\"twitter:data1\" content=\"2 minutes\" \/>\n<script type=\"application\/ld+json\" class=\"yoast-schema-graph\">{\"@context\":\"https:\/\/schema.org\",\"@graph\":[{\"@type\":\"WebPage\",\"@id\":\"https:\/\/deliciaspersas.com\/en\/tienda\/encurtidos\/cacahuetes-400g\/\",\"url\":\"https:\/\/deliciaspersas.com\/en\/tienda\/encurtidos\/cacahuetes-400g\/\",\"name\":\"Cacahuetes 400g - Delicias Persas\",\"isPartOf\":{\"@id\":\"https:\/\/deliciaspersas.com\/en\/#website\"},\"primaryImageOfPage\":{\"@id\":\"https:\/\/deliciaspersas.com\/en\/tienda\/encurtidos\/cacahuetes-400g\/#primaryimage\"},\"image\":{\"@id\":\"https:\/\/deliciaspersas.com\/en\/tienda\/encurtidos\/cacahuetes-400g\/#primaryimage\"},\"thumbnailUrl\":\"https:\/\/deliciaspersas.com\/wp-content\/uploads\/WhatsApp_Image_2021-09-03_at_16.38.57-removebg-preview.png\",\"datePublished\":\"2021-09-03T15:37:53+00:00\",\"dateModified\":\"2024-04-17T16:03:06+00:00\",\"description\":\"diferentes de color amarillo que luego de la inoculaci\u00f3n, la cola de la flor se dobla y llega a la superficie del suelo para luego...\",\"breadcrumb\":{\"@id\":\"https:\/\/deliciaspersas.com\/en\/tienda\/encurtidos\/cacahuetes-400g\/#breadcrumb\"},\"inLanguage\":\"en-US\",\"potentialAction\":[{\"@type\":\"ReadAction\",\"target\":[\"https:\/\/deliciaspersas.com\/en\/tienda\/encurtidos\/cacahuetes-400g\/\"]}]},{\"@type\":\"ImageObject\",\"inLanguage\":\"en-US\",\"@id\":\"https:\/\/deliciaspersas.com\/en\/tienda\/encurtidos\/cacahuetes-400g\/#primaryimage\",\"url\":\"https:\/\/deliciaspersas.com\/wp-content\/uploads\/WhatsApp_Image_2021-09-03_at_16.38.57-removebg-preview.png\",\"contentUrl\":\"https:\/\/deliciaspersas.com\/wp-content\/uploads\/WhatsApp_Image_2021-09-03_at_16.38.57-removebg-preview.png\",\"width\":432,\"height\":576,\"caption\":\"\u0628\u0627\u062f\u0627\u0645 \u0632\u0645\u06cc\u0646\u06cc 400 \u06af\u0631\u0645\u06cc\"},{\"@type\":\"BreadcrumbList\",\"@id\":\"https:\/\/deliciaspersas.com\/en\/tienda\/encurtidos\/cacahuetes-400g\/#breadcrumb\",\"itemListElement\":[{\"@type\":\"ListItem\",\"position\":1,\"name\":\"Portada\",\"item\":\"https:\/\/deliciaspersas.com\/en\/\"},{\"@type\":\"ListItem\",\"position\":2,\"name\":\"Tienda\",\"item\":\"https:\/\/deliciaspersas.com\/\"},{\"@type\":\"ListItem\",\"position\":3,\"name\":\"Cacahuetes 400g\"}]},{\"@type\":\"WebSite\",\"@id\":\"https:\/\/deliciaspersas.com\/en\/#website\",\"url\":\"https:\/\/deliciaspersas.com\/en\/\",\"name\":\"Delicias Persas\",\"description\":\"Gastronom&iacute;a persa al alcance de tus manos\",\"publisher\":{\"@id\":\"https:\/\/deliciaspersas.com\/en\/#organization\"},\"potentialAction\":[{\"@type\":\"SearchAction\",\"target\":{\"@type\":\"EntryPoint\",\"urlTemplate\":\"https:\/\/deliciaspersas.com\/en\/?s={search_term_string}\"},\"query-input\":{\"@type\":\"PropertyValueSpecification\",\"valueRequired\":true,\"valueName\":\"search_term_string\"}}],\"inLanguage\":\"en-US\"},{\"@type\":\"Organization\",\"@id\":\"https:\/\/deliciaspersas.com\/en\/#organization\",\"name\":\"Delicias Persas\",\"url\":\"https:\/\/deliciaspersas.com\/en\/\",\"logo\":{\"@type\":\"ImageObject\",\"inLanguage\":\"en-US\",\"@id\":\"https:\/\/deliciaspersas.com\/en\/#\/schema\/logo\/image\/\",\"url\":\"https:\/\/deliciaspersas.com\/wp-content\/uploads\/2020\/07\/logo-2020.png\",\"contentUrl\":\"https:\/\/deliciaspersas.com\/wp-content\/uploads\/2020\/07\/logo-2020.png\",\"width\":520,\"height\":490,\"caption\":\"Delicias Persas\"},\"image\":{\"@id\":\"https:\/\/deliciaspersas.com\/en\/#\/schema\/logo\/image\/\"},\"sameAs\":[\"https:\/\/www.facebook.com\/Deliciaspersas\",\"https:\/\/www.instagram.com\/delicias_persas\/\",\"https:\/\/www.linkedin.com\/delicias-persas\"]}]}<\/script>\n<!-- \/ Yoast SEO plugin. -->","yoast_head_json":{"title":"Cacahuetes 400g - Delicias Persas","description":"diferentes de color amarillo que luego de la inoculaci\u00f3n, la cola de la flor se dobla y llega a la superficie del suelo para luego...","robots":{"index":"index","follow":"follow","max-snippet":"max-snippet:-1","max-image-preview":"max-image-preview:large","max-video-preview":"max-video-preview:-1"},"canonical":"https:\/\/deliciaspersas.com\/en\/tienda\/encurtidos\/cacahuetes-400g\/","og_locale":"en_US","og_type":"article","og_title":"Cacahuetes 400g - Delicias Persas","og_description":"diferentes de color amarillo que luego de la inoculaci\u00f3n, la cola de la flor se dobla y llega a la superficie del suelo para luego...","og_url":"https:\/\/deliciaspersas.com\/en\/tienda\/encurtidos\/cacahuetes-400g\/","og_site_name":"Delicias Persas","article_publisher":"https:\/\/www.facebook.com\/Deliciaspersas","article_modified_time":"2024-04-17T16:03:06+00:00","og_image":[{"width":432,"height":576,"url":"https:\/\/deliciaspersas.com\/wp-content\/uploads\/WhatsApp_Image_2021-09-03_at_16.38.57-removebg-preview.png","type":"image\/png"}],"twitter_card":"summary_large_image","twitter_misc":{"Est. reading time":"2 minutes"},"schema":{"@context":"https:\/\/schema.org","@graph":[{"@type":"WebPage","@id":"https:\/\/deliciaspersas.com\/en\/tienda\/encurtidos\/cacahuetes-400g\/","url":"https:\/\/deliciaspersas.com\/en\/tienda\/encurtidos\/cacahuetes-400g\/","name":"Cacahuetes 400g - Delicias Persas","isPartOf":{"@id":"https:\/\/deliciaspersas.com\/en\/#website"},"primaryImageOfPage":{"@id":"https:\/\/deliciaspersas.com\/en\/tienda\/encurtidos\/cacahuetes-400g\/#primaryimage"},"image":{"@id":"https:\/\/deliciaspersas.com\/en\/tienda\/encurtidos\/cacahuetes-400g\/#primaryimage"},"thumbnailUrl":"https:\/\/deliciaspersas.com\/wp-content\/uploads\/WhatsApp_Image_2021-09-03_at_16.38.57-removebg-preview.png","datePublished":"2021-09-03T15:37:53+00:00","dateModified":"2024-04-17T16:03:06+00:00","description":"diferentes de color amarillo que luego de la inoculaci\u00f3n, la cola de la flor se dobla y llega a la superficie del suelo para luego...","breadcrumb":{"@id":"https:\/\/deliciaspersas.com\/en\/tienda\/encurtidos\/cacahuetes-400g\/#breadcrumb"},"inLanguage":"en-US","potentialAction":[{"@type":"ReadAction","target":["https:\/\/deliciaspersas.com\/en\/tienda\/encurtidos\/cacahuetes-400g\/"]}]},{"@type":"ImageObject","inLanguage":"en-US","@id":"https:\/\/deliciaspersas.com\/en\/tienda\/encurtidos\/cacahuetes-400g\/#primaryimage","url":"https:\/\/deliciaspersas.com\/wp-content\/uploads\/WhatsApp_Image_2021-09-03_at_16.38.57-removebg-preview.png","contentUrl":"https:\/\/deliciaspersas.com\/wp-content\/uploads\/WhatsApp_Image_2021-09-03_at_16.38.57-removebg-preview.png","width":432,"height":576,"caption":"\u0628\u0627\u062f\u0627\u0645 \u0632\u0645\u06cc\u0646\u06cc 400 \u06af\u0631\u0645\u06cc"},{"@type":"BreadcrumbList","@id":"https:\/\/deliciaspersas.com\/en\/tienda\/encurtidos\/cacahuetes-400g\/#breadcrumb","itemListElement":[{"@type":"ListItem","position":1,"name":"Portada","item":"https:\/\/deliciaspersas.com\/en\/"},{"@type":"ListItem","position":2,"name":"Tienda","item":"https:\/\/deliciaspersas.com\/"},{"@type":"ListItem","position":3,"name":"Cacahuetes 400g"}]},{"@type":"WebSite","@id":"https:\/\/deliciaspersas.com\/en\/#website","url":"https:\/\/deliciaspersas.com\/en\/","name":"Delicias Persas","description":"Gastronom&iacute;a persa al alcance de tus manos","publisher":{"@id":"https:\/\/deliciaspersas.com\/en\/#organization"},"potentialAction":[{"@type":"SearchAction","target":{"@type":"EntryPoint","urlTemplate":"https:\/\/deliciaspersas.com\/en\/?s={search_term_string}"},"query-input":{"@type":"PropertyValueSpecification","valueRequired":true,"valueName":"search_term_string"}}],"inLanguage":"en-US"},{"@type":"Organization","@id":"https:\/\/deliciaspersas.com\/en\/#organization","name":"Delicias Persas","url":"https:\/\/deliciaspersas.com\/en\/","logo":{"@type":"ImageObject","inLanguage":"en-US","@id":"https:\/\/deliciaspersas.com\/en\/#\/schema\/logo\/image\/","url":"https:\/\/deliciaspersas.com\/wp-content\/uploads\/2020\/07\/logo-2020.png","contentUrl":"https:\/\/deliciaspersas.com\/wp-content\/uploads\/2020\/07\/logo-2020.png","width":520,"height":490,"caption":"Delicias Persas"},"image":{"@id":"https:\/\/deliciaspersas.com\/en\/#\/schema\/logo\/image\/"},"sameAs":["https:\/\/www.facebook.com\/Deliciaspersas","https:\/\/www.instagram.com\/delicias_persas\/","https:\/\/www.linkedin.com\/delicias-persas"]}]}},"uagb_featured_image_src":{"full":["https:\/\/deliciaspersas.com\/wp-content\/uploads\/WhatsApp_Image_2021-09-03_at_16.38.57-removebg-preview.png",432,576,false],"thumbnail":["https:\/\/deliciaspersas.com\/wp-content\/uploads\/WhatsApp_Image_2021-09-03_at_16.38.57-removebg-preview-150x150.png",150,150,true],"medium":["https:\/\/deliciaspersas.com\/wp-content\/uploads\/WhatsApp_Image_2021-09-03_at_16.38.57-removebg-preview-225x300.png",225,300,true],"medium_large":["https:\/\/deliciaspersas.com\/wp-content\/uploads\/WhatsApp_Image_2021-09-03_at_16.38.57-removebg-preview.png",432,576,false],"large":["https:\/\/deliciaspersas.com\/wp-content\/uploads\/WhatsApp_Image_2021-09-03_at_16.38.57-removebg-preview.png",432,576,false],"1536x1536":["https:\/\/deliciaspersas.com\/wp-content\/uploads\/WhatsApp_Image_2021-09-03_at_16.38.57-removebg-preview.png",432,576,false],"2048x2048":["https:\/\/deliciaspersas.com\/wp-content\/uploads\/WhatsApp_Image_2021-09-03_at_16.38.57-removebg-preview.png",432,576,false],"woocommerce_thumbnail":["https:\/\/deliciaspersas.com\/wp-content\/uploads\/WhatsApp_Image_2021-09-03_at_16.38.57-removebg-preview-300x300.png",300,300,true],"woocommerce_single":["https:\/\/deliciaspersas.com\/wp-content\/uploads\/WhatsApp_Image_2021-09-03_at_16.38.57-removebg-preview.png",432,576,false],"woocommerce_gallery_thumbnail":["https:\/\/deliciaspersas.com\/wp-content\/uploads\/WhatsApp_Image_2021-09-03_at_16.38.57-removebg-preview-100x100.png",100,100,true]},"uagb_author_info":{"display_name":"Maral Azizi","author_link":"https:\/\/deliciaspersas.com\/en\/author\/"},"uagb_comment_info":0,"uagb_excerpt":"Cacahuetes 400g Informaci\u00f3n del producto: Rica en prote\u00ednas y grasas saludables monoinsaturadas, es una fuente de energ\u00eda inigualable, as\u00ed que es perfecta para antes de entrenar e incluso como recuperador. Y si va a realizar un cardio intenso como montar en bicicleta o salir a correr, es una opci\u00f3n muy recomendada. Beneficios: Su alto contenido&hellip;","brands":[],"_links":{"self":[{"href":"https:\/\/deliciaspersas.com\/en\/wp-json\/wp\/v2\/product\/8617"}],"collection":[{"href":"https:\/\/deliciaspersas.com\/en\/wp-json\/wp\/v2\/product"}],"about":[{"href":"https:\/\/deliciaspersas.com\/en\/wp-json\/wp\/v2\/types\/product"}],"wp:featuredmedia":[{"embeddable":true,"href":"https:\/\/deliciaspersas.com\/en\/wp-json\/wp\/v2\/media\/8618"}],"wp:attachment":[{"href":"https:\/\/deliciaspersas.com\/en\/wp-json\/wp\/v2\/media?parent=8617"}],"wp:term":[{"taxonomy":"pwb-brand","embeddable":true,"href":"https:\/\/deliciaspersas.com\/en\/wp-json\/wp\/v2\/pwb-brand?post=8617"},{"taxonomy":"product_cat","embeddable":true,"href":"https:\/\/deliciaspersas.com\/en\/wp-json\/wp\/v2\/product_cat?post=8617"},{"taxonomy":"product_tag","embeddable":true,"href":"https:\/\/deliciaspersas.com\/en\/wp-json\/wp\/v2\/product_tag?post=8617"}],"curies":[{"name":"wp","href":"https:\/\/api.w.org\/{rel}","templated":true}]}}