{"id":8685,"date":"2021-09-09T18:37:46","date_gmt":"2021-09-09T16:37:46","guid":{"rendered":"https:\/\/deliciaspersas.com\/?post_type=product&#038;p=8685"},"modified":"2024-06-20T21:24:48","modified_gmt":"2024-06-20T19:24:48","slug":"surtido-de-bolsas-de-te-ahmad-tea","status":"publish","type":"product","link":"https:\/\/deliciaspersas.com\/en\/tienda\/te\/surtido-de-bolsas-de-te-ahmad-tea\/","title":{"rendered":"Surtido de bolsas de t\u00e9 Ahmad Tea"},"content":{"rendered":"<h6>Informaci\u00f3n del producto:<\/h6>\n<p>Unidades sueltas de Green Tea, Earl Grey y Cardamom.<\/p>\n<p>Contribuye a reducir el colesterol, es ideal para consumirse antes de las comidas, ya que prepara el aparato digestivo para trabajar correctamente, ayuda a mantener sanas las arterias pudiendo prevenir enfermedades card\u00edacas, protege el sistema inmunitario y ayuda a combatir infecciones, por su contenido de Fl\u00faor ayuda a prevenir caries y enfermedades bucales, permite reducir los niveles de az\u00facar en sangre, colabora a reducir el estr\u00e9s, ayuda a controlar la presi\u00f3n sangu\u00ednea, activa la mente, permite mejorar la concentraci\u00f3n y favorece a la memoria.<\/p>\n<h6>Usos:<\/h6>\n<p>El t\u00e9 es una bebida que posee muchas variedades y usos. Algunos lo consumen para aliviar un malestar digestivo, mientras que otros lo disfrutan en un descanso. pero a parte de este uso clasico hay quienes lo consumen para\u00a0\u00a1mejorar su piel! Este t\u00e9 contiene vitamina B2, C y E adem\u00e1s de ofrecer minerales como el magnesio, el potasio y el zinc.<\/p>\n<p>otro uso de este producto podr\u00eda ser para prevenir infecciones, gracias a las catequinas y los flovonoides de t\u00e9 negro, se reduce la capacidad de reproducci\u00f3n de los microbios. para poder usarlo con tal objetivo les ofrecemos una receta efectiva:<\/p>\n<p><strong>Ingredientes:<\/strong><\/p>\n<ul>\n<li>\u00bc taza de t\u00e9 negro fr\u00edo (62,5 mililitros).<\/li>\n<li>\u00bc taza de agua de rosas fr\u00eda (62,5 mililitros).<\/li>\n<li>1 botella de pl\u00e1stico con atomizador.<\/li>\n<\/ul>\n<p>Mezcla los dos ingredientes y gu\u00e1rdalos en la botella. Aplica este t\u00f3nico para limpiar tu rostro hasta dos veces al d\u00eda.<\/p>\n<h6>Preparaci\u00f3n:<\/h6>\n<p>El t\u00e9 negro se prepara igual que otras infusiones. Una vez que a\u00f1ade las hojas, debe retirarlas a los pocos minutos.<\/p>\n<ul>\n<li>1 cucharadita de t\u00e9 negro seco (5 gramos).<\/li>\n<li>1 taza de agua hirviendo (250 mililitros).<\/li>\n<\/ul>\n<p>A\u00f1ade el t\u00e9 al agua y mu\u00e9velo un poco. Deja reposar por seis minutos (con tapa). Cuela y sirve.<\/p>\n<p>\u00a1Qu\u00e9 aproveche!<\/p>\n<h6>Ingredientes y al\u00e9rgenos:<\/h6>\n<p><span style=\"font-size: 16px\">Hojas de t\u00e9 secas.<\/span><\/p>\n<h6>Condiciones de conservaci\u00f3n:<\/h6>\n<p>Conservar en un lugar fresco, seco y protegido de la luz.<\/p>\n<h6>Informaci\u00f3n adicional:<\/h6>\n<p>Fabricado por: Ahmad Tea Ltd.<br \/>\nWinchester Road<br \/>\nChandlers Ford<br \/>\nHampshire<br \/>\nSO53 2PZ<\/p>\n","protected":false},"excerpt":{"rendered":"<p>Informaci\u00f3n del producto: Unidades sueltas de Green Tea, Earl Grey y Cardamom. Contribuye a reducir el colesterol, es ideal para consumirse antes de las comidas, ya que prepara el aparato digestivo para trabajar correctamente, ayuda a mantener sanas las arterias pudiendo prevenir enfermedades card\u00edacas, protege el sistema inmunitario y ayuda a combatir infecciones, por su [&hellip;]<\/p>\n","protected":false},"featured_media":8687,"template":"","meta":{"_surecart_dashboard_logo_width":"180px","_surecart_dashboard_show_logo":true,"_surecart_dashboard_navigation_orders":true,"_surecart_dashboard_navigation_invoices":true,"_surecart_dashboard_navigation_subscriptions":true,"_surecart_dashboard_navigation_downloads":true,"_surecart_dashboard_navigation_billing":true,"_surecart_dashboard_navigation_account":true,"_uag_custom_page_level_css":"","site-sidebar-layout":"default","site-content-layout":"default","ast-site-content-layout":"","site-content-style":"default","site-sidebar-style":"default","ast-global-header-display":"","ast-banner-title-visibility":"","ast-main-header-display":"","ast-hfb-above-header-display":"","ast-hfb-below-header-display":"","ast-hfb-mobile-header-display":"","site-post-title":"","ast-breadcrumbs-content":"","ast-featured-img":"","footer-sml-layout":"","theme-transparent-header-meta":"default","adv-header-id-meta":"","stick-header-meta":"","header-above-stick-meta":"","header-main-stick-meta":"","header-below-stick-meta":"","astra-migrate-meta-layouts":"default","ast-page-background-enabled":"default","ast-page-background-meta":{"desktop":{"background-color":"","background-image":"","background-repeat":"repeat","background-position":"center center","background-size":"auto","background-attachment":"scroll","background-type":"","background-media":"","overlay-type":"","overlay-color":"","overlay-opacity":"","overlay-gradient":""},"tablet":{"background-color":"","background-image":"","background-repeat":"repeat","background-position":"center center","background-size":"auto","background-attachment":"scroll","background-type":"","background-media":"","overlay-type":"","overlay-color":"","overlay-opacity":"","overlay-gradient":""},"mobile":{"background-color":"","background-image":"","background-repeat":"repeat","background-position":"center center","background-size":"auto","background-attachment":"scroll","background-type":"","background-media":"","overlay-type":"","overlay-color":"","overlay-opacity":"","overlay-gradient":""}},"ast-content-background-meta":{"desktop":{"background-color":"var(--ast-global-color-5)","background-image":"","background-repeat":"repeat","background-position":"center center","background-size":"auto","background-attachment":"scroll","background-type":"","background-media":"","overlay-type":"","overlay-color":"","overlay-opacity":"","overlay-gradient":""},"tablet":{"background-color":"var(--ast-global-color-5)","background-image":"","background-repeat":"repeat","background-position":"center center","background-size":"auto","background-attachment":"scroll","background-type":"","background-media":"","overlay-type":"","overlay-color":"","overlay-opacity":"","overlay-gradient":""},"mobile":{"background-color":"var(--ast-global-color-5)","background-image":"","background-repeat":"repeat","background-position":"center center","background-size":"auto","background-attachment":"scroll","background-type":"","background-media":"","overlay-type":"","overlay-color":"","overlay-opacity":"","overlay-gradient":""}}},"pwb-brand":[43],"product_cat":[30],"product_tag":[804,588,805,293],"class_list":{"0":"post-8685","1":"product","2":"type-product","3":"status-publish","4":"has-post-thumbnail","6":"pwb-brand-ahmad","7":"product_cat-te","8":"product_tag-calor","9":"product_tag-te","10":"product_tag-805","11":"product_tag-293","12":"desktop-align-center","13":"tablet-align-center","14":"mobile-align-center","16":"first","17":"outofstock","18":"sale","19":"taxable","20":"shipping-taxable","21":"purchasable","22":"product-type-simple"},"yoast_head":"<!-- This site is optimized with the Yoast SEO plugin v23.6 - https:\/\/yoast.com\/wordpress\/plugins\/seo\/ -->\n<title>Surtido de bolsas de t\u00e9 Ahmad Tea - Delicias Persas<\/title>\n<meta name=\"robots\" content=\"index, follow, max-snippet:-1, max-image-preview:large, max-video-preview:-1\" \/>\n<link rel=\"canonical\" href=\"https:\/\/deliciaspersas.com\/en\/tienda\/te\/surtido-de-bolsas-de-te-ahmad-tea\/\" \/>\n<meta property=\"og:locale\" content=\"en_US\" \/>\n<meta property=\"og:type\" content=\"article\" \/>\n<meta property=\"og:title\" content=\"Surtido de bolsas de t\u00e9 Ahmad Tea - Delicias Persas\" \/>\n<meta property=\"og:description\" content=\"Informaci\u00f3n del producto: Unidades sueltas de Green Tea, Earl Grey y Cardamom. Contribuye a reducir el colesterol, es ideal para consumirse antes de las comidas, ya que prepara el aparato digestivo para trabajar correctamente, ayuda a mantener sanas las arterias pudiendo prevenir enfermedades card\u00edacas, protege el sistema inmunitario y ayuda a combatir infecciones, por su [&hellip;]\" \/>\n<meta property=\"og:url\" content=\"https:\/\/deliciaspersas.com\/en\/tienda\/te\/surtido-de-bolsas-de-te-ahmad-tea\/\" \/>\n<meta property=\"og:site_name\" content=\"Delicias Persas\" \/>\n<meta property=\"article:publisher\" content=\"https:\/\/www.facebook.com\/Deliciaspersas\" \/>\n<meta property=\"article:modified_time\" content=\"2024-06-20T19:24:48+00:00\" \/>\n<meta property=\"og:image\" content=\"https:\/\/deliciaspersas.com\/wp-content\/uploads\/WhatsApp_Image_2021-09-09_at_21.00.06-removebg-preview.png\" \/>\n\t<meta property=\"og:image:width\" content=\"433\" \/>\n\t<meta property=\"og:image:height\" content=\"577\" \/>\n\t<meta property=\"og:image:type\" content=\"image\/png\" \/>\n<meta name=\"twitter:card\" content=\"summary_large_image\" \/>\n<meta name=\"twitter:label1\" content=\"Est. reading time\" \/>\n\t<meta name=\"twitter:data1\" content=\"2 minutes\" \/>\n<script type=\"application\/ld+json\" class=\"yoast-schema-graph\">{\"@context\":\"https:\/\/schema.org\",\"@graph\":[{\"@type\":\"WebPage\",\"@id\":\"https:\/\/deliciaspersas.com\/en\/tienda\/te\/surtido-de-bolsas-de-te-ahmad-tea\/\",\"url\":\"https:\/\/deliciaspersas.com\/en\/tienda\/te\/surtido-de-bolsas-de-te-ahmad-tea\/\",\"name\":\"Surtido de bolsas de t\u00e9 Ahmad Tea - Delicias Persas\",\"isPartOf\":{\"@id\":\"https:\/\/deliciaspersas.com\/en\/#website\"},\"primaryImageOfPage\":{\"@id\":\"https:\/\/deliciaspersas.com\/en\/tienda\/te\/surtido-de-bolsas-de-te-ahmad-tea\/#primaryimage\"},\"image\":{\"@id\":\"https:\/\/deliciaspersas.com\/en\/tienda\/te\/surtido-de-bolsas-de-te-ahmad-tea\/#primaryimage\"},\"thumbnailUrl\":\"https:\/\/deliciaspersas.com\/wp-content\/uploads\/WhatsApp_Image_2021-09-09_at_21.00.06-removebg-preview.png\",\"datePublished\":\"2021-09-09T16:37:46+00:00\",\"dateModified\":\"2024-06-20T19:24:48+00:00\",\"breadcrumb\":{\"@id\":\"https:\/\/deliciaspersas.com\/en\/tienda\/te\/surtido-de-bolsas-de-te-ahmad-tea\/#breadcrumb\"},\"inLanguage\":\"en-US\",\"potentialAction\":[{\"@type\":\"ReadAction\",\"target\":[\"https:\/\/deliciaspersas.com\/en\/tienda\/te\/surtido-de-bolsas-de-te-ahmad-tea\/\"]}]},{\"@type\":\"ImageObject\",\"inLanguage\":\"en-US\",\"@id\":\"https:\/\/deliciaspersas.com\/en\/tienda\/te\/surtido-de-bolsas-de-te-ahmad-tea\/#primaryimage\",\"url\":\"https:\/\/deliciaspersas.com\/wp-content\/uploads\/WhatsApp_Image_2021-09-09_at_21.00.06-removebg-preview.png\",\"contentUrl\":\"https:\/\/deliciaspersas.com\/wp-content\/uploads\/WhatsApp_Image_2021-09-09_at_21.00.06-removebg-preview.png\",\"width\":433,\"height\":577},{\"@type\":\"BreadcrumbList\",\"@id\":\"https:\/\/deliciaspersas.com\/en\/tienda\/te\/surtido-de-bolsas-de-te-ahmad-tea\/#breadcrumb\",\"itemListElement\":[{\"@type\":\"ListItem\",\"position\":1,\"name\":\"Portada\",\"item\":\"https:\/\/deliciaspersas.com\/en\/\"},{\"@type\":\"ListItem\",\"position\":2,\"name\":\"Tienda\",\"item\":\"https:\/\/deliciaspersas.com\/\"},{\"@type\":\"ListItem\",\"position\":3,\"name\":\"Surtido de bolsas de t\u00e9 Ahmad Tea\"}]},{\"@type\":\"WebSite\",\"@id\":\"https:\/\/deliciaspersas.com\/en\/#website\",\"url\":\"https:\/\/deliciaspersas.com\/en\/\",\"name\":\"Delicias Persas\",\"description\":\"Gastronom&iacute;a persa al alcance de tus manos\",\"publisher\":{\"@id\":\"https:\/\/deliciaspersas.com\/en\/#organization\"},\"potentialAction\":[{\"@type\":\"SearchAction\",\"target\":{\"@type\":\"EntryPoint\",\"urlTemplate\":\"https:\/\/deliciaspersas.com\/en\/?s={search_term_string}\"},\"query-input\":{\"@type\":\"PropertyValueSpecification\",\"valueRequired\":true,\"valueName\":\"search_term_string\"}}],\"inLanguage\":\"en-US\"},{\"@type\":\"Organization\",\"@id\":\"https:\/\/deliciaspersas.com\/en\/#organization\",\"name\":\"Delicias Persas\",\"url\":\"https:\/\/deliciaspersas.com\/en\/\",\"logo\":{\"@type\":\"ImageObject\",\"inLanguage\":\"en-US\",\"@id\":\"https:\/\/deliciaspersas.com\/en\/#\/schema\/logo\/image\/\",\"url\":\"https:\/\/deliciaspersas.com\/wp-content\/uploads\/2020\/07\/logo-2020.png\",\"contentUrl\":\"https:\/\/deliciaspersas.com\/wp-content\/uploads\/2020\/07\/logo-2020.png\",\"width\":520,\"height\":490,\"caption\":\"Delicias Persas\"},\"image\":{\"@id\":\"https:\/\/deliciaspersas.com\/en\/#\/schema\/logo\/image\/\"},\"sameAs\":[\"https:\/\/www.facebook.com\/Deliciaspersas\",\"https:\/\/www.instagram.com\/delicias_persas\/\",\"https:\/\/www.linkedin.com\/delicias-persas\"]}]}<\/script>\n<!-- \/ Yoast SEO plugin. -->","yoast_head_json":{"title":"Surtido de bolsas de t\u00e9 Ahmad Tea - Delicias Persas","robots":{"index":"index","follow":"follow","max-snippet":"max-snippet:-1","max-image-preview":"max-image-preview:large","max-video-preview":"max-video-preview:-1"},"canonical":"https:\/\/deliciaspersas.com\/en\/tienda\/te\/surtido-de-bolsas-de-te-ahmad-tea\/","og_locale":"en_US","og_type":"article","og_title":"Surtido de bolsas de t\u00e9 Ahmad Tea - Delicias Persas","og_description":"Informaci\u00f3n del producto: Unidades sueltas de Green Tea, Earl Grey y Cardamom. Contribuye a reducir el colesterol, es ideal para consumirse antes de las comidas, ya que prepara el aparato digestivo para trabajar correctamente, ayuda a mantener sanas las arterias pudiendo prevenir enfermedades card\u00edacas, protege el sistema inmunitario y ayuda a combatir infecciones, por su [&hellip;]","og_url":"https:\/\/deliciaspersas.com\/en\/tienda\/te\/surtido-de-bolsas-de-te-ahmad-tea\/","og_site_name":"Delicias Persas","article_publisher":"https:\/\/www.facebook.com\/Deliciaspersas","article_modified_time":"2024-06-20T19:24:48+00:00","og_image":[{"width":433,"height":577,"url":"https:\/\/deliciaspersas.com\/wp-content\/uploads\/WhatsApp_Image_2021-09-09_at_21.00.06-removebg-preview.png","type":"image\/png"}],"twitter_card":"summary_large_image","twitter_misc":{"Est. reading time":"2 minutes"},"schema":{"@context":"https:\/\/schema.org","@graph":[{"@type":"WebPage","@id":"https:\/\/deliciaspersas.com\/en\/tienda\/te\/surtido-de-bolsas-de-te-ahmad-tea\/","url":"https:\/\/deliciaspersas.com\/en\/tienda\/te\/surtido-de-bolsas-de-te-ahmad-tea\/","name":"Surtido de bolsas de t\u00e9 Ahmad Tea - Delicias Persas","isPartOf":{"@id":"https:\/\/deliciaspersas.com\/en\/#website"},"primaryImageOfPage":{"@id":"https:\/\/deliciaspersas.com\/en\/tienda\/te\/surtido-de-bolsas-de-te-ahmad-tea\/#primaryimage"},"image":{"@id":"https:\/\/deliciaspersas.com\/en\/tienda\/te\/surtido-de-bolsas-de-te-ahmad-tea\/#primaryimage"},"thumbnailUrl":"https:\/\/deliciaspersas.com\/wp-content\/uploads\/WhatsApp_Image_2021-09-09_at_21.00.06-removebg-preview.png","datePublished":"2021-09-09T16:37:46+00:00","dateModified":"2024-06-20T19:24:48+00:00","breadcrumb":{"@id":"https:\/\/deliciaspersas.com\/en\/tienda\/te\/surtido-de-bolsas-de-te-ahmad-tea\/#breadcrumb"},"inLanguage":"en-US","potentialAction":[{"@type":"ReadAction","target":["https:\/\/deliciaspersas.com\/en\/tienda\/te\/surtido-de-bolsas-de-te-ahmad-tea\/"]}]},{"@type":"ImageObject","inLanguage":"en-US","@id":"https:\/\/deliciaspersas.com\/en\/tienda\/te\/surtido-de-bolsas-de-te-ahmad-tea\/#primaryimage","url":"https:\/\/deliciaspersas.com\/wp-content\/uploads\/WhatsApp_Image_2021-09-09_at_21.00.06-removebg-preview.png","contentUrl":"https:\/\/deliciaspersas.com\/wp-content\/uploads\/WhatsApp_Image_2021-09-09_at_21.00.06-removebg-preview.png","width":433,"height":577},{"@type":"BreadcrumbList","@id":"https:\/\/deliciaspersas.com\/en\/tienda\/te\/surtido-de-bolsas-de-te-ahmad-tea\/#breadcrumb","itemListElement":[{"@type":"ListItem","position":1,"name":"Portada","item":"https:\/\/deliciaspersas.com\/en\/"},{"@type":"ListItem","position":2,"name":"Tienda","item":"https:\/\/deliciaspersas.com\/"},{"@type":"ListItem","position":3,"name":"Surtido de bolsas de t\u00e9 Ahmad Tea"}]},{"@type":"WebSite","@id":"https:\/\/deliciaspersas.com\/en\/#website","url":"https:\/\/deliciaspersas.com\/en\/","name":"Delicias Persas","description":"Gastronom&iacute;a persa al alcance de tus manos","publisher":{"@id":"https:\/\/deliciaspersas.com\/en\/#organization"},"potentialAction":[{"@type":"SearchAction","target":{"@type":"EntryPoint","urlTemplate":"https:\/\/deliciaspersas.com\/en\/?s={search_term_string}"},"query-input":{"@type":"PropertyValueSpecification","valueRequired":true,"valueName":"search_term_string"}}],"inLanguage":"en-US"},{"@type":"Organization","@id":"https:\/\/deliciaspersas.com\/en\/#organization","name":"Delicias Persas","url":"https:\/\/deliciaspersas.com\/en\/","logo":{"@type":"ImageObject","inLanguage":"en-US","@id":"https:\/\/deliciaspersas.com\/en\/#\/schema\/logo\/image\/","url":"https:\/\/deliciaspersas.com\/wp-content\/uploads\/2020\/07\/logo-2020.png","contentUrl":"https:\/\/deliciaspersas.com\/wp-content\/uploads\/2020\/07\/logo-2020.png","width":520,"height":490,"caption":"Delicias Persas"},"image":{"@id":"https:\/\/deliciaspersas.com\/en\/#\/schema\/logo\/image\/"},"sameAs":["https:\/\/www.facebook.com\/Deliciaspersas","https:\/\/www.instagram.com\/delicias_persas\/","https:\/\/www.linkedin.com\/delicias-persas"]}]}},"uagb_featured_image_src":{"full":["https:\/\/deliciaspersas.com\/wp-content\/uploads\/WhatsApp_Image_2021-09-09_at_21.00.06-removebg-preview.png",433,577,false],"thumbnail":["https:\/\/deliciaspersas.com\/wp-content\/uploads\/WhatsApp_Image_2021-09-09_at_21.00.06-removebg-preview-150x150.png",150,150,true],"medium":["https:\/\/deliciaspersas.com\/wp-content\/uploads\/WhatsApp_Image_2021-09-09_at_21.00.06-removebg-preview-225x300.png",225,300,true],"medium_large":["https:\/\/deliciaspersas.com\/wp-content\/uploads\/WhatsApp_Image_2021-09-09_at_21.00.06-removebg-preview.png",433,577,false],"large":["https:\/\/deliciaspersas.com\/wp-content\/uploads\/WhatsApp_Image_2021-09-09_at_21.00.06-removebg-preview.png",433,577,false],"1536x1536":["https:\/\/deliciaspersas.com\/wp-content\/uploads\/WhatsApp_Image_2021-09-09_at_21.00.06-removebg-preview.png",433,577,false],"2048x2048":["https:\/\/deliciaspersas.com\/wp-content\/uploads\/WhatsApp_Image_2021-09-09_at_21.00.06-removebg-preview.png",433,577,false],"woocommerce_thumbnail":["https:\/\/deliciaspersas.com\/wp-content\/uploads\/WhatsApp_Image_2021-09-09_at_21.00.06-removebg-preview-300x300.png",300,300,true],"woocommerce_single":["https:\/\/deliciaspersas.com\/wp-content\/uploads\/WhatsApp_Image_2021-09-09_at_21.00.06-removebg-preview.png",433,577,false],"woocommerce_gallery_thumbnail":["https:\/\/deliciaspersas.com\/wp-content\/uploads\/WhatsApp_Image_2021-09-09_at_21.00.06-removebg-preview-100x100.png",100,100,true]},"uagb_author_info":{"display_name":"Maral Azizi","author_link":"https:\/\/deliciaspersas.com\/en\/author\/"},"uagb_comment_info":0,"uagb_excerpt":"Informaci\u00f3n del producto: Unidades sueltas de Green Tea, Earl Grey y Cardamom. Contribuye a reducir el colesterol, es ideal para consumirse antes de las comidas, ya que prepara el aparato digestivo para trabajar correctamente, ayuda a mantener sanas las arterias pudiendo prevenir enfermedades card\u00edacas, protege el sistema inmunitario y ayuda a combatir infecciones, por su&hellip;","brands":[{"id":43,"name":"Ahmad","slug":"ahmad"}],"_links":{"self":[{"href":"https:\/\/deliciaspersas.com\/en\/wp-json\/wp\/v2\/product\/8685"}],"collection":[{"href":"https:\/\/deliciaspersas.com\/en\/wp-json\/wp\/v2\/product"}],"about":[{"href":"https:\/\/deliciaspersas.com\/en\/wp-json\/wp\/v2\/types\/product"}],"wp:featuredmedia":[{"embeddable":true,"href":"https:\/\/deliciaspersas.com\/en\/wp-json\/wp\/v2\/media\/8687"}],"wp:attachment":[{"href":"https:\/\/deliciaspersas.com\/en\/wp-json\/wp\/v2\/media?parent=8685"}],"wp:term":[{"taxonomy":"pwb-brand","embeddable":true,"href":"https:\/\/deliciaspersas.com\/en\/wp-json\/wp\/v2\/pwb-brand?post=8685"},{"taxonomy":"product_cat","embeddable":true,"href":"https:\/\/deliciaspersas.com\/en\/wp-json\/wp\/v2\/product_cat?post=8685"},{"taxonomy":"product_tag","embeddable":true,"href":"https:\/\/deliciaspersas.com\/en\/wp-json\/wp\/v2\/product_tag?post=8685"}],"curies":[{"name":"wp","href":"https:\/\/api.w.org\/{rel}","templated":true}]}}