{"id":9055,"date":"2021-11-20T15:27:30","date_gmt":"2021-11-20T14:27:30","guid":{"rendered":"https:\/\/deliciaspersas.com\/?post_type=product&#038;p=9055"},"modified":"2024-06-06T17:11:52","modified_gmt":"2024-06-06T15:11:52","slug":"pan-sangak","status":"publish","type":"product","link":"https:\/\/deliciaspersas.com\/en\/tienda\/ready\/pan-sangak\/","title":{"rendered":"Pan Sangak"},"content":{"rendered":"<h1>pan sangak<\/h1>\n<h6>Informaci\u00f3n del producto:<\/h6>\n<p>Pan sangak es un tipo de pan que se hornea sobre una cama de guijarros o grava en un horno plano.\u00a0 La historia de hornear pan Sangak se remonta a Ir\u00e1n. El per\u00edodo Pahlavi era el pan m\u00e1s com\u00fan en Ir\u00e1n. Este pan puede llamarse el pan nacional de Ir\u00e1n. Pan Sangak sol\u00eda ser el pan de la aristocracia y los militares. En el pasado, en algunas ciudades, las panader\u00edas Sangak eran panader\u00edas de temporada. Es el pan m\u00e1s duradero de la familia iran\u00ed y no ha estado rancio durante varios meses. En la primera mitad de la a\u00f1o, las mujeres horneaban pan en el horno para la estaci\u00f3n fr\u00eda y lo secaban completamente con un calor suave.<\/p>\n<p>Es el\u00e1stico, con un sabor inconfundible, se puede comer enrollado y relleno habitualmente con <em>kebab.\u00a0<\/em><\/p>\n<h6>Usos:<\/h6>\n<p>Este producto tan noble tiene muchos usos; igual sirve para un bocadillo que para mojar en una salsa, para incorporar en una receta, hacer una tostada o comerlo solo, y adem\u00e1s gusta a todo el mundo.<\/p>\n<p>Ideal para acompa\u00f1ar salsas o gracias a su forma de \u201cbolsillo\u201d se puede rellenar con los tradicionales <em>\u201ckebab\u201d<\/em>\u00a0y comidas de Oriente Medio.<\/p>\n<h6>Beneficios:<\/h6>\n<p>En su car\u00e1cter de cereal, resulta una excelente fuente de <strong>prote\u00edna vegetal<\/strong>\u00a0y por ende, de energ\u00eda. Tomando en cuenta la m\u00ednima cantidad de levadura usada en su preparaci\u00f3n, resulta excelente para procesos diet\u00e9ticos. Consumirlo en horas de la ma\u00f1ana te ayudar\u00e1 a perder peso con mayor efectividad.<\/p>\n<p>Este pan puede contribuir tambi\u00e9n con los procesos intestinales, propiedad que tiene por ser un cereal. En ese sentido, resulta efectivo para adultos\u00a0mayores y personas con problemas digestivos.<\/p>\n<p>Resulta de ayuda para procesos diet\u00e9ticos porque sus \u00edndices cal\u00f3ricos y de grasas siguen siendo <strong>menores<\/strong> que en el resto de panes<a href=\"https:\/\/es.wikipedia.org\/wiki\/Pita_(pan)\" target=\"_blank\" rel=\"noreferrer noopener\">.<\/a><\/p>\n<h6>Ingredientes y al\u00e9rgenos:<\/h6>\n<p><span style=\"font-size: 16px;\">Harina, agua y levadura.<\/span><\/p>\n<h6>Condiciones de conservaci\u00f3n:<\/h6>\n<p>Conservar en un lugar fresco, seco y protegido de la luz.<\/p>\n","protected":false},"excerpt":{"rendered":"<p>pan sangak Informaci\u00f3n del producto: Pan sangak es un tipo de pan que se hornea sobre una cama de guijarros o grava en un horno plano.\u00a0 La historia de hornear pan Sangak se remonta a Ir\u00e1n. El per\u00edodo Pahlavi era el pan m\u00e1s com\u00fan en Ir\u00e1n. Este pan puede llamarse el pan nacional de Ir\u00e1n. [&hellip;]<\/p>\n","protected":false},"featured_media":9060,"template":"","meta":{"_surecart_dashboard_logo_width":"180px","_surecart_dashboard_show_logo":true,"_surecart_dashboard_navigation_orders":true,"_surecart_dashboard_navigation_invoices":true,"_surecart_dashboard_navigation_subscriptions":true,"_surecart_dashboard_navigation_downloads":true,"_surecart_dashboard_navigation_billing":true,"_surecart_dashboard_navigation_account":true,"_uag_custom_page_level_css":"","site-sidebar-layout":"default","site-content-layout":"default","ast-site-content-layout":"default","site-content-style":"default","site-sidebar-style":"default","ast-global-header-display":"","ast-banner-title-visibility":"","ast-main-header-display":"","ast-hfb-above-header-display":"","ast-hfb-below-header-display":"","ast-hfb-mobile-header-display":"","site-post-title":"","ast-breadcrumbs-content":"","ast-featured-img":"","footer-sml-layout":"","theme-transparent-header-meta":"default","adv-header-id-meta":"","stick-header-meta":"","header-above-stick-meta":"","header-main-stick-meta":"","header-below-stick-meta":"","astra-migrate-meta-layouts":"set","ast-page-background-enabled":"default","ast-page-background-meta":{"desktop":{"background-color":"","background-image":"","background-repeat":"repeat","background-position":"center center","background-size":"auto","background-attachment":"scroll","background-type":"","background-media":"","overlay-type":"","overlay-color":"","overlay-opacity":"","overlay-gradient":""},"tablet":{"background-color":"","background-image":"","background-repeat":"repeat","background-position":"center center","background-size":"auto","background-attachment":"scroll","background-type":"","background-media":"","overlay-type":"","overlay-color":"","overlay-opacity":"","overlay-gradient":""},"mobile":{"background-color":"","background-image":"","background-repeat":"repeat","background-position":"center center","background-size":"auto","background-attachment":"scroll","background-type":"","background-media":"","overlay-type":"","overlay-color":"","overlay-opacity":"","overlay-gradient":""}},"ast-content-background-meta":{"desktop":{"background-color":"var(--ast-global-color-5)","background-image":"","background-repeat":"repeat","background-position":"center center","background-size":"auto","background-attachment":"scroll","background-type":"","background-media":"","overlay-type":"","overlay-color":"","overlay-opacity":"","overlay-gradient":""},"tablet":{"background-color":"var(--ast-global-color-5)","background-image":"","background-repeat":"repeat","background-position":"center center","background-size":"auto","background-attachment":"scroll","background-type":"","background-media":"","overlay-type":"","overlay-color":"","overlay-opacity":"","overlay-gradient":""},"mobile":{"background-color":"var(--ast-global-color-5)","background-image":"","background-repeat":"repeat","background-position":"center center","background-size":"auto","background-attachment":"scroll","background-type":"","background-media":"","overlay-type":"","overlay-color":"","overlay-opacity":"","overlay-gradient":""}}},"pwb-brand":[],"product_cat":[36,34,106],"product_tag":[576,817,654,757,692,759,818],"class_list":{"0":"post-9055","1":"product","2":"type-product","3":"status-publish","4":"has-post-thumbnail","6":"product_cat-desayuno","7":"product_cat-ready","8":"product_cat-nuevos-productos","9":"product_tag-desayuno","10":"product_tag-horno","11":"product_tag-merienda","12":"product_tag-pan","13":"product_tag-rico","14":"product_tag-759","15":"product_tag-818","16":"desktop-align-center","17":"tablet-align-center","18":"mobile-align-center","20":"first","21":"outofstock","22":"taxable","23":"shipping-taxable","24":"purchasable","25":"product-type-simple"},"yoast_head":"<!-- This site is optimized with the Yoast SEO plugin v23.6 - https:\/\/yoast.com\/wordpress\/plugins\/seo\/ -->\n<title>Pan Sangak - Delicias Persas<\/title>\n<meta name=\"description\" content=\"En la primera mitad de la a\u00f1o, las mujeres horneaban pan en el horno para la estaci\u00f3n fr\u00eda y lo secaban completamente con un calor suave.\" \/>\n<meta name=\"robots\" content=\"index, follow, max-snippet:-1, max-image-preview:large, max-video-preview:-1\" \/>\n<link rel=\"canonical\" href=\"https:\/\/deliciaspersas.com\/en\/tienda\/ready\/pan-sangak\/\" \/>\n<meta property=\"og:locale\" content=\"en_US\" \/>\n<meta property=\"og:type\" content=\"article\" \/>\n<meta property=\"og:title\" content=\"Pan Sangak - Delicias Persas\" \/>\n<meta property=\"og:description\" content=\"En la primera mitad de la a\u00f1o, las mujeres horneaban pan en el horno para la estaci\u00f3n fr\u00eda y lo secaban completamente con un calor suave.\" \/>\n<meta property=\"og:url\" content=\"https:\/\/deliciaspersas.com\/en\/tienda\/ready\/pan-sangak\/\" \/>\n<meta property=\"og:site_name\" content=\"Delicias Persas\" \/>\n<meta property=\"article:publisher\" content=\"https:\/\/www.facebook.com\/Deliciaspersas\" \/>\n<meta property=\"article:modified_time\" content=\"2024-06-06T15:11:52+00:00\" \/>\n<meta property=\"og:image\" content=\"https:\/\/deliciaspersas.com\/wp-content\/uploads\/IMG_E0219-scaled.jpg\" \/>\n\t<meta property=\"og:image:width\" content=\"2215\" \/>\n\t<meta property=\"og:image:height\" content=\"2560\" \/>\n\t<meta property=\"og:image:type\" content=\"image\/jpeg\" \/>\n<meta name=\"twitter:card\" content=\"summary_large_image\" \/>\n<meta name=\"twitter:label1\" content=\"Est. reading time\" \/>\n\t<meta name=\"twitter:data1\" content=\"2 minutes\" \/>\n<script type=\"application\/ld+json\" class=\"yoast-schema-graph\">{\"@context\":\"https:\/\/schema.org\",\"@graph\":[{\"@type\":\"WebPage\",\"@id\":\"https:\/\/deliciaspersas.com\/en\/tienda\/ready\/pan-sangak\/\",\"url\":\"https:\/\/deliciaspersas.com\/en\/tienda\/ready\/pan-sangak\/\",\"name\":\"Pan Sangak - Delicias Persas\",\"isPartOf\":{\"@id\":\"https:\/\/deliciaspersas.com\/en\/#website\"},\"primaryImageOfPage\":{\"@id\":\"https:\/\/deliciaspersas.com\/en\/tienda\/ready\/pan-sangak\/#primaryimage\"},\"image\":{\"@id\":\"https:\/\/deliciaspersas.com\/en\/tienda\/ready\/pan-sangak\/#primaryimage\"},\"thumbnailUrl\":\"https:\/\/deliciaspersas.com\/wp-content\/uploads\/IMG_E0219-scaled.jpg\",\"datePublished\":\"2021-11-20T14:27:30+00:00\",\"dateModified\":\"2024-06-06T15:11:52+00:00\",\"description\":\"En la primera mitad de la a\u00f1o, las mujeres horneaban pan en el horno para la estaci\u00f3n fr\u00eda y lo secaban completamente con un calor suave.\",\"breadcrumb\":{\"@id\":\"https:\/\/deliciaspersas.com\/en\/tienda\/ready\/pan-sangak\/#breadcrumb\"},\"inLanguage\":\"en-US\",\"potentialAction\":[{\"@type\":\"ReadAction\",\"target\":[\"https:\/\/deliciaspersas.com\/en\/tienda\/ready\/pan-sangak\/\"]}]},{\"@type\":\"ImageObject\",\"inLanguage\":\"en-US\",\"@id\":\"https:\/\/deliciaspersas.com\/en\/tienda\/ready\/pan-sangak\/#primaryimage\",\"url\":\"https:\/\/deliciaspersas.com\/wp-content\/uploads\/IMG_E0219-scaled.jpg\",\"contentUrl\":\"https:\/\/deliciaspersas.com\/wp-content\/uploads\/IMG_E0219-scaled.jpg\",\"width\":2215,\"height\":2560},{\"@type\":\"BreadcrumbList\",\"@id\":\"https:\/\/deliciaspersas.com\/en\/tienda\/ready\/pan-sangak\/#breadcrumb\",\"itemListElement\":[{\"@type\":\"ListItem\",\"position\":1,\"name\":\"Portada\",\"item\":\"https:\/\/deliciaspersas.com\/en\/\"},{\"@type\":\"ListItem\",\"position\":2,\"name\":\"Tienda\",\"item\":\"https:\/\/deliciaspersas.com\/\"},{\"@type\":\"ListItem\",\"position\":3,\"name\":\"Pan Sangak\"}]},{\"@type\":\"WebSite\",\"@id\":\"https:\/\/deliciaspersas.com\/en\/#website\",\"url\":\"https:\/\/deliciaspersas.com\/en\/\",\"name\":\"Delicias Persas\",\"description\":\"Gastronom&iacute;a persa al alcance de tus manos\",\"publisher\":{\"@id\":\"https:\/\/deliciaspersas.com\/en\/#organization\"},\"potentialAction\":[{\"@type\":\"SearchAction\",\"target\":{\"@type\":\"EntryPoint\",\"urlTemplate\":\"https:\/\/deliciaspersas.com\/en\/?s={search_term_string}\"},\"query-input\":{\"@type\":\"PropertyValueSpecification\",\"valueRequired\":true,\"valueName\":\"search_term_string\"}}],\"inLanguage\":\"en-US\"},{\"@type\":\"Organization\",\"@id\":\"https:\/\/deliciaspersas.com\/en\/#organization\",\"name\":\"Delicias Persas\",\"url\":\"https:\/\/deliciaspersas.com\/en\/\",\"logo\":{\"@type\":\"ImageObject\",\"inLanguage\":\"en-US\",\"@id\":\"https:\/\/deliciaspersas.com\/en\/#\/schema\/logo\/image\/\",\"url\":\"https:\/\/deliciaspersas.com\/wp-content\/uploads\/2020\/07\/logo-2020.png\",\"contentUrl\":\"https:\/\/deliciaspersas.com\/wp-content\/uploads\/2020\/07\/logo-2020.png\",\"width\":520,\"height\":490,\"caption\":\"Delicias Persas\"},\"image\":{\"@id\":\"https:\/\/deliciaspersas.com\/en\/#\/schema\/logo\/image\/\"},\"sameAs\":[\"https:\/\/www.facebook.com\/Deliciaspersas\",\"https:\/\/www.instagram.com\/delicias_persas\/\",\"https:\/\/www.linkedin.com\/delicias-persas\"]}]}<\/script>\n<!-- \/ Yoast SEO plugin. -->","yoast_head_json":{"title":"Pan Sangak - Delicias Persas","description":"En la primera mitad de la a\u00f1o, las mujeres horneaban pan en el horno para la estaci\u00f3n fr\u00eda y lo secaban completamente con un calor suave.","robots":{"index":"index","follow":"follow","max-snippet":"max-snippet:-1","max-image-preview":"max-image-preview:large","max-video-preview":"max-video-preview:-1"},"canonical":"https:\/\/deliciaspersas.com\/en\/tienda\/ready\/pan-sangak\/","og_locale":"en_US","og_type":"article","og_title":"Pan Sangak - Delicias Persas","og_description":"En la primera mitad de la a\u00f1o, las mujeres horneaban pan en el horno para la estaci\u00f3n fr\u00eda y lo secaban completamente con un calor suave.","og_url":"https:\/\/deliciaspersas.com\/en\/tienda\/ready\/pan-sangak\/","og_site_name":"Delicias Persas","article_publisher":"https:\/\/www.facebook.com\/Deliciaspersas","article_modified_time":"2024-06-06T15:11:52+00:00","og_image":[{"width":2215,"height":2560,"url":"https:\/\/deliciaspersas.com\/wp-content\/uploads\/IMG_E0219-scaled.jpg","type":"image\/jpeg"}],"twitter_card":"summary_large_image","twitter_misc":{"Est. reading time":"2 minutes"},"schema":{"@context":"https:\/\/schema.org","@graph":[{"@type":"WebPage","@id":"https:\/\/deliciaspersas.com\/en\/tienda\/ready\/pan-sangak\/","url":"https:\/\/deliciaspersas.com\/en\/tienda\/ready\/pan-sangak\/","name":"Pan Sangak - Delicias Persas","isPartOf":{"@id":"https:\/\/deliciaspersas.com\/en\/#website"},"primaryImageOfPage":{"@id":"https:\/\/deliciaspersas.com\/en\/tienda\/ready\/pan-sangak\/#primaryimage"},"image":{"@id":"https:\/\/deliciaspersas.com\/en\/tienda\/ready\/pan-sangak\/#primaryimage"},"thumbnailUrl":"https:\/\/deliciaspersas.com\/wp-content\/uploads\/IMG_E0219-scaled.jpg","datePublished":"2021-11-20T14:27:30+00:00","dateModified":"2024-06-06T15:11:52+00:00","description":"En la primera mitad de la a\u00f1o, las mujeres horneaban pan en el horno para la estaci\u00f3n fr\u00eda y lo secaban completamente con un calor suave.","breadcrumb":{"@id":"https:\/\/deliciaspersas.com\/en\/tienda\/ready\/pan-sangak\/#breadcrumb"},"inLanguage":"en-US","potentialAction":[{"@type":"ReadAction","target":["https:\/\/deliciaspersas.com\/en\/tienda\/ready\/pan-sangak\/"]}]},{"@type":"ImageObject","inLanguage":"en-US","@id":"https:\/\/deliciaspersas.com\/en\/tienda\/ready\/pan-sangak\/#primaryimage","url":"https:\/\/deliciaspersas.com\/wp-content\/uploads\/IMG_E0219-scaled.jpg","contentUrl":"https:\/\/deliciaspersas.com\/wp-content\/uploads\/IMG_E0219-scaled.jpg","width":2215,"height":2560},{"@type":"BreadcrumbList","@id":"https:\/\/deliciaspersas.com\/en\/tienda\/ready\/pan-sangak\/#breadcrumb","itemListElement":[{"@type":"ListItem","position":1,"name":"Portada","item":"https:\/\/deliciaspersas.com\/en\/"},{"@type":"ListItem","position":2,"name":"Tienda","item":"https:\/\/deliciaspersas.com\/"},{"@type":"ListItem","position":3,"name":"Pan Sangak"}]},{"@type":"WebSite","@id":"https:\/\/deliciaspersas.com\/en\/#website","url":"https:\/\/deliciaspersas.com\/en\/","name":"Delicias Persas","description":"Gastronom&iacute;a persa al alcance de tus manos","publisher":{"@id":"https:\/\/deliciaspersas.com\/en\/#organization"},"potentialAction":[{"@type":"SearchAction","target":{"@type":"EntryPoint","urlTemplate":"https:\/\/deliciaspersas.com\/en\/?s={search_term_string}"},"query-input":{"@type":"PropertyValueSpecification","valueRequired":true,"valueName":"search_term_string"}}],"inLanguage":"en-US"},{"@type":"Organization","@id":"https:\/\/deliciaspersas.com\/en\/#organization","name":"Delicias Persas","url":"https:\/\/deliciaspersas.com\/en\/","logo":{"@type":"ImageObject","inLanguage":"en-US","@id":"https:\/\/deliciaspersas.com\/en\/#\/schema\/logo\/image\/","url":"https:\/\/deliciaspersas.com\/wp-content\/uploads\/2020\/07\/logo-2020.png","contentUrl":"https:\/\/deliciaspersas.com\/wp-content\/uploads\/2020\/07\/logo-2020.png","width":520,"height":490,"caption":"Delicias Persas"},"image":{"@id":"https:\/\/deliciaspersas.com\/en\/#\/schema\/logo\/image\/"},"sameAs":["https:\/\/www.facebook.com\/Deliciaspersas","https:\/\/www.instagram.com\/delicias_persas\/","https:\/\/www.linkedin.com\/delicias-persas"]}]}},"uagb_featured_image_src":{"full":["https:\/\/deliciaspersas.com\/wp-content\/uploads\/IMG_E0219-scaled.jpg",2215,2560,false],"thumbnail":["https:\/\/deliciaspersas.com\/wp-content\/uploads\/IMG_E0219-150x150.jpg",150,150,true],"medium":["https:\/\/deliciaspersas.com\/wp-content\/uploads\/IMG_E0219-260x300.jpg",260,300,true],"medium_large":["https:\/\/deliciaspersas.com\/wp-content\/uploads\/IMG_E0219-768x888.jpg",768,888,true],"large":["https:\/\/deliciaspersas.com\/wp-content\/uploads\/IMG_E0219-886x1024.jpg",886,1024,true],"1536x1536":["https:\/\/deliciaspersas.com\/wp-content\/uploads\/IMG_E0219-1329x1536.jpg",1329,1536,true],"2048x2048":["https:\/\/deliciaspersas.com\/wp-content\/uploads\/IMG_E0219-1772x2048.jpg",1772,2048,true],"woocommerce_thumbnail":["https:\/\/deliciaspersas.com\/wp-content\/uploads\/IMG_E0219-300x300.jpg",300,300,true],"woocommerce_single":["https:\/\/deliciaspersas.com\/wp-content\/uploads\/IMG_E0219-600x694.jpg",600,694,true],"woocommerce_gallery_thumbnail":["https:\/\/deliciaspersas.com\/wp-content\/uploads\/IMG_E0219-100x100.jpg",100,100,true]},"uagb_author_info":{"display_name":"Maral Azizi","author_link":"https:\/\/deliciaspersas.com\/en\/author\/"},"uagb_comment_info":0,"uagb_excerpt":"pan sangak Informaci\u00f3n del producto: Pan sangak es un tipo de pan que se hornea sobre una cama de guijarros o grava en un horno plano.\u00a0 La historia de hornear pan Sangak se remonta a Ir\u00e1n. El per\u00edodo Pahlavi era el pan m\u00e1s com\u00fan en Ir\u00e1n. Este pan puede llamarse el pan nacional de Ir\u00e1n.&hellip;","brands":[],"_links":{"self":[{"href":"https:\/\/deliciaspersas.com\/en\/wp-json\/wp\/v2\/product\/9055"}],"collection":[{"href":"https:\/\/deliciaspersas.com\/en\/wp-json\/wp\/v2\/product"}],"about":[{"href":"https:\/\/deliciaspersas.com\/en\/wp-json\/wp\/v2\/types\/product"}],"wp:featuredmedia":[{"embeddable":true,"href":"https:\/\/deliciaspersas.com\/en\/wp-json\/wp\/v2\/media\/9060"}],"wp:attachment":[{"href":"https:\/\/deliciaspersas.com\/en\/wp-json\/wp\/v2\/media?parent=9055"}],"wp:term":[{"taxonomy":"pwb-brand","embeddable":true,"href":"https:\/\/deliciaspersas.com\/en\/wp-json\/wp\/v2\/pwb-brand?post=9055"},{"taxonomy":"product_cat","embeddable":true,"href":"https:\/\/deliciaspersas.com\/en\/wp-json\/wp\/v2\/product_cat?post=9055"},{"taxonomy":"product_tag","embeddable":true,"href":"https:\/\/deliciaspersas.com\/en\/wp-json\/wp\/v2\/product_tag?post=9055"}],"curies":[{"name":"wp","href":"https:\/\/api.w.org\/{rel}","templated":true}]}}