{"id":9630,"date":"2022-01-27T15:27:45","date_gmt":"2022-01-27T14:27:45","guid":{"rendered":"https:\/\/deliciaspersas.com\/?post_type=product&#038;p=9630"},"modified":"2024-08-30T10:56:00","modified_gmt":"2024-08-30T08:56:00","slug":"arroz-persa-granel-brenje-shomali-tarom-hashemi-sarashpaz","status":"publish","type":"product","link":"https:\/\/deliciaspersas.com\/en\/tienda\/arroz\/arroz-persa-granel-brenje-shomali-tarom-hashemi-sarashpaz\/","title":{"rendered":"Arroz persa Granel (Brenje shomali )\u00a0 Tarom Hashemi Sarashpaz"},"content":{"rendered":"<h1>Arroz persa Granel (Brenje shomali )\u00a0 Tarom Hashemi Sarashpaz<\/h1>\n<h6>Informaci\u00f3n del producto:<\/h6>\n<div>Arroz Hashemi de calidad superior, procedente directamente desde Ir\u00e1n.<\/div>\n<h6>Usos:<\/h6>\n<p>Este exquisito arroz, se emplea en la gran mayor\u00eda de nuestros platos, convirti\u00e9ndose en uno de los alimentos principales de nuestra dieta. Adem\u00e1s, posee gran cantidad de beneficios como: \u00a0vitamina E, la cual act\u00faa como un antioxidante; vitamina K, recomendada para regular la coagulaci\u00f3n de la sangre; minerales como el manganeso para activar el metabolismo de prote\u00ednas e hidratos de carbono; y no contiene grasa, sodio ni gluten.<\/p>\n<p>Hay muchas opciones para preparar el arroz blanco. La m\u00e1s com\u00fan es cocerlo y a\u00f1adirle tomate frito, huevos y salchichas, pero tambi\u00e9n puede ser un perfecto acompa\u00f1ante de la carne<strong>, <\/strong>verduras, pescados y guisos.<\/p>\n<h6>Beneficios:<\/h6>\n<p>Las prote\u00ednas que lleva este arroz persa participan en la formaci\u00f3n y reparaci\u00f3n de los tejidos musculares, manteniendo en buen estado las u\u00f1as, pelo y piel. Se le considera un alimento perfecto para tratar problemas como las quemaduras, acn\u00e9 o sarampi\u00f3n.<\/p>\n<p>Contribuye a\u00a0regular el sistema digestivo gracias a la fibra.<\/p>\n<p>Ayuda a mejorar la salud del sistema nervioso y del coraz\u00f3n.<\/p>\n<p>Cuenta con propiedades\u00a0antiinflamatorias.<\/p>\n<p>Disminuye la presi\u00f3n arterial elevada<\/p>\n<p>Participa en el fortalecimiento de los huesos.<\/p>\n<p>Previene contra la enfermedad del Alzheimer: posee altos niveles de nutrientes que estimulan el crecimiento y la actividad de los neurotransmisores, lo que ayuda a prevenir la aparici\u00f3n de la enfermedad neurodegenerativa del Alzheimer en gran medida.<\/p>\n<p>Es un alimento simple y acesible que mejora nuestro estado de salud. Para los deportistas encaja a la perfecci\u00f3n debido a su alto porcentaje en hidratos de carbono<strong>,<\/strong> sobre todo antes de una competici\u00f3n o una sesi\u00f3n de entrenamiento, ya que nos aportar\u00e1 la energ\u00eda que tanto necesitamos para rendir a un buen nivel.<\/p>\n<h6>Ingredientes y al\u00e9rgenos:<\/h6>\n<p>Este alimento est\u00e1 formado por granos de arroz finos, alargados y de gran aroma, procedentes desde Ir\u00e1n.<\/p>\n<h6>Condiciones de conservaci\u00f3n:<\/h6>\n<p>Conservar en un lugar fresco, seco y protegido de la luz.<\/p>\n<h6>Informaci\u00f3n adicional:<\/h6>\n<p>Fabricado por:Sarashpaz<\/p>\n","protected":false},"excerpt":{"rendered":"<p>Arroz persa Granel (Brenje shomali )\u00a0 Tarom Hashemi Sarashpaz Informaci\u00f3n del producto: Arroz Hashemi de calidad superior, procedente directamente desde Ir\u00e1n. Usos: Este exquisito arroz, se emplea en la gran mayor\u00eda de nuestros platos, convirti\u00e9ndose en uno de los alimentos principales de nuestra dieta. Adem\u00e1s, posee gran cantidad de beneficios como: \u00a0vitamina E, la cual [&hellip;]<\/p>\n","protected":false},"featured_media":9693,"template":"","meta":{"_surecart_dashboard_logo_width":"180px","_surecart_dashboard_show_logo":true,"_surecart_dashboard_navigation_orders":true,"_surecart_dashboard_navigation_invoices":true,"_surecart_dashboard_navigation_subscriptions":true,"_surecart_dashboard_navigation_downloads":true,"_surecart_dashboard_navigation_billing":true,"_surecart_dashboard_navigation_account":true,"_uag_custom_page_level_css":"","site-sidebar-layout":"default","site-content-layout":"default","ast-site-content-layout":"default","site-content-style":"default","site-sidebar-style":"default","ast-global-header-display":"","ast-banner-title-visibility":"","ast-main-header-display":"","ast-hfb-above-header-display":"","ast-hfb-below-header-display":"","ast-hfb-mobile-header-display":"","site-post-title":"","ast-breadcrumbs-content":"","ast-featured-img":"","footer-sml-layout":"","theme-transparent-header-meta":"default","adv-header-id-meta":"","stick-header-meta":"","header-above-stick-meta":"","header-main-stick-meta":"","header-below-stick-meta":"","astra-migrate-meta-layouts":"set","ast-page-background-enabled":"default","ast-page-background-meta":{"desktop":{"background-color":"","background-image":"","background-repeat":"repeat","background-position":"center center","background-size":"auto","background-attachment":"scroll","background-type":"","background-media":"","overlay-type":"","overlay-color":"","overlay-opacity":"","overlay-gradient":""},"tablet":{"background-color":"","background-image":"","background-repeat":"repeat","background-position":"center center","background-size":"auto","background-attachment":"scroll","background-type":"","background-media":"","overlay-type":"","overlay-color":"","overlay-opacity":"","overlay-gradient":""},"mobile":{"background-color":"","background-image":"","background-repeat":"repeat","background-position":"center center","background-size":"auto","background-attachment":"scroll","background-type":"","background-media":"","overlay-type":"","overlay-color":"","overlay-opacity":"","overlay-gradient":""}},"ast-content-background-meta":{"desktop":{"background-color":"var(--ast-global-color-5)","background-image":"","background-repeat":"repeat","background-position":"center center","background-size":"auto","background-attachment":"scroll","background-type":"","background-media":"","overlay-type":"","overlay-color":"","overlay-opacity":"","overlay-gradient":""},"tablet":{"background-color":"var(--ast-global-color-5)","background-image":"","background-repeat":"repeat","background-position":"center center","background-size":"auto","background-attachment":"scroll","background-type":"","background-media":"","overlay-type":"","overlay-color":"","overlay-opacity":"","overlay-gradient":""},"mobile":{"background-color":"var(--ast-global-color-5)","background-image":"","background-repeat":"repeat","background-position":"center center","background-size":"auto","background-attachment":"scroll","background-type":"","background-media":"","overlay-type":"","overlay-color":"","overlay-opacity":"","overlay-gradient":""}}},"pwb-brand":[199],"product_cat":[29,1099,44],"product_tag":[866,700,1258,590,869,1393,393,468],"class_list":{"0":"post-9630","1":"product","2":"type-product","3":"status-publish","4":"has-post-thumbnail","6":"pwb-brand-sarashpaz","7":"product_cat-arroz","8":"product_cat-granel","9":"product_cat-ofertas","10":"product_tag-aroma","11":"product_tag-arroz","12":"product_tag-berenj","13":"product_tag-comida","14":"product_tag-persa","15":"product_tag-rice","16":"product_tag-393","17":"product_tag-468","18":"desktop-align-center","19":"tablet-align-center","20":"mobile-align-center","22":"first","23":"instock","24":"taxable","25":"shipping-taxable","26":"purchasable","27":"product-type-variable"},"yoast_head":"<!-- This site is optimized with the Yoast SEO plugin v23.6 - https:\/\/yoast.com\/wordpress\/plugins\/seo\/ -->\n<title>Arroz persa Granel (Brenje shomali )\u00a0 Tarom Hashemi Sarashpaz - Delicias Persas<\/title>\n<meta name=\"description\" content=\"Arroz Hashemi ahumado de calidad superior, procedente directamente desde Ir\u00e1n. \u00bfA qu\u00e9 esperas a probar este delicioso arroz?\" \/>\n<meta name=\"robots\" content=\"index, follow, max-snippet:-1, max-image-preview:large, max-video-preview:-1\" \/>\n<link rel=\"canonical\" href=\"https:\/\/deliciaspersas.com\/en\/tienda\/arroz\/arroz-persa-granel-brenje-shomali-tarom-hashemi-sarashpaz\/\" \/>\n<meta property=\"og:locale\" content=\"en_US\" \/>\n<meta property=\"og:type\" content=\"article\" \/>\n<meta property=\"og:title\" content=\"Arroz persa Granel (Brenje shomali )\u00a0 Tarom Hashemi Sarashpaz - Delicias Persas\" \/>\n<meta property=\"og:description\" content=\"Arroz Hashemi ahumado de calidad superior, procedente directamente desde Ir\u00e1n. \u00bfA qu\u00e9 esperas a probar este delicioso arroz?\" \/>\n<meta property=\"og:url\" content=\"https:\/\/deliciaspersas.com\/en\/tienda\/arroz\/arroz-persa-granel-brenje-shomali-tarom-hashemi-sarashpaz\/\" \/>\n<meta property=\"og:site_name\" content=\"Delicias Persas\" \/>\n<meta property=\"article:publisher\" content=\"https:\/\/www.facebook.com\/Deliciaspersas\" \/>\n<meta property=\"article:modified_time\" content=\"2024-08-30T08:56:00+00:00\" \/>\n<meta property=\"og:image\" content=\"https:\/\/deliciaspersas.com\/wp-content\/uploads\/arroz_basmati_opt.jpg\" \/>\n\t<meta property=\"og:image:width\" content=\"400\" \/>\n\t<meta property=\"og:image:height\" content=\"267\" \/>\n\t<meta property=\"og:image:type\" content=\"image\/jpeg\" \/>\n<meta name=\"twitter:card\" content=\"summary_large_image\" \/>\n<meta name=\"twitter:label1\" content=\"Est. reading time\" \/>\n\t<meta name=\"twitter:data1\" content=\"2 minutes\" \/>\n<script type=\"application\/ld+json\" class=\"yoast-schema-graph\">{\"@context\":\"https:\/\/schema.org\",\"@graph\":[{\"@type\":\"WebPage\",\"@id\":\"https:\/\/deliciaspersas.com\/en\/tienda\/arroz\/arroz-persa-granel-brenje-shomali-tarom-hashemi-sarashpaz\/\",\"url\":\"https:\/\/deliciaspersas.com\/en\/tienda\/arroz\/arroz-persa-granel-brenje-shomali-tarom-hashemi-sarashpaz\/\",\"name\":\"Arroz persa Granel (Brenje shomali )\u00a0 Tarom Hashemi Sarashpaz - Delicias Persas\",\"isPartOf\":{\"@id\":\"https:\/\/deliciaspersas.com\/en\/#website\"},\"primaryImageOfPage\":{\"@id\":\"https:\/\/deliciaspersas.com\/en\/tienda\/arroz\/arroz-persa-granel-brenje-shomali-tarom-hashemi-sarashpaz\/#primaryimage\"},\"image\":{\"@id\":\"https:\/\/deliciaspersas.com\/en\/tienda\/arroz\/arroz-persa-granel-brenje-shomali-tarom-hashemi-sarashpaz\/#primaryimage\"},\"thumbnailUrl\":\"https:\/\/deliciaspersas.com\/wp-content\/uploads\/arroz_basmati_opt.jpg\",\"datePublished\":\"2022-01-27T14:27:45+00:00\",\"dateModified\":\"2024-08-30T08:56:00+00:00\",\"description\":\"Arroz Hashemi ahumado de calidad superior, procedente directamente desde Ir\u00e1n. \u00bfA qu\u00e9 esperas a probar este delicioso arroz?\",\"breadcrumb\":{\"@id\":\"https:\/\/deliciaspersas.com\/en\/tienda\/arroz\/arroz-persa-granel-brenje-shomali-tarom-hashemi-sarashpaz\/#breadcrumb\"},\"inLanguage\":\"en-US\",\"potentialAction\":[{\"@type\":\"ReadAction\",\"target\":[\"https:\/\/deliciaspersas.com\/en\/tienda\/arroz\/arroz-persa-granel-brenje-shomali-tarom-hashemi-sarashpaz\/\"]}]},{\"@type\":\"ImageObject\",\"inLanguage\":\"en-US\",\"@id\":\"https:\/\/deliciaspersas.com\/en\/tienda\/arroz\/arroz-persa-granel-brenje-shomali-tarom-hashemi-sarashpaz\/#primaryimage\",\"url\":\"https:\/\/deliciaspersas.com\/wp-content\/uploads\/arroz_basmati_opt.jpg\",\"contentUrl\":\"https:\/\/deliciaspersas.com\/wp-content\/uploads\/arroz_basmati_opt.jpg\",\"width\":400,\"height\":267,\"caption\":\"19601061 - close up of basmati rice with wooden scoop\"},{\"@type\":\"BreadcrumbList\",\"@id\":\"https:\/\/deliciaspersas.com\/en\/tienda\/arroz\/arroz-persa-granel-brenje-shomali-tarom-hashemi-sarashpaz\/#breadcrumb\",\"itemListElement\":[{\"@type\":\"ListItem\",\"position\":1,\"name\":\"Portada\",\"item\":\"https:\/\/deliciaspersas.com\/en\/\"},{\"@type\":\"ListItem\",\"position\":2,\"name\":\"Tienda\",\"item\":\"https:\/\/deliciaspersas.com\/\"},{\"@type\":\"ListItem\",\"position\":3,\"name\":\"Arroz persa Granel (Brenje shomali )\u00a0 Tarom Hashemi Sarashpaz\"}]},{\"@type\":\"WebSite\",\"@id\":\"https:\/\/deliciaspersas.com\/en\/#website\",\"url\":\"https:\/\/deliciaspersas.com\/en\/\",\"name\":\"Delicias Persas\",\"description\":\"Gastronom&iacute;a persa al alcance de tus manos\",\"publisher\":{\"@id\":\"https:\/\/deliciaspersas.com\/en\/#organization\"},\"potentialAction\":[{\"@type\":\"SearchAction\",\"target\":{\"@type\":\"EntryPoint\",\"urlTemplate\":\"https:\/\/deliciaspersas.com\/en\/?s={search_term_string}\"},\"query-input\":{\"@type\":\"PropertyValueSpecification\",\"valueRequired\":true,\"valueName\":\"search_term_string\"}}],\"inLanguage\":\"en-US\"},{\"@type\":\"Organization\",\"@id\":\"https:\/\/deliciaspersas.com\/en\/#organization\",\"name\":\"Delicias Persas\",\"url\":\"https:\/\/deliciaspersas.com\/en\/\",\"logo\":{\"@type\":\"ImageObject\",\"inLanguage\":\"en-US\",\"@id\":\"https:\/\/deliciaspersas.com\/en\/#\/schema\/logo\/image\/\",\"url\":\"https:\/\/deliciaspersas.com\/wp-content\/uploads\/2020\/07\/logo-2020.png\",\"contentUrl\":\"https:\/\/deliciaspersas.com\/wp-content\/uploads\/2020\/07\/logo-2020.png\",\"width\":520,\"height\":490,\"caption\":\"Delicias Persas\"},\"image\":{\"@id\":\"https:\/\/deliciaspersas.com\/en\/#\/schema\/logo\/image\/\"},\"sameAs\":[\"https:\/\/www.facebook.com\/Deliciaspersas\",\"https:\/\/www.instagram.com\/delicias_persas\/\",\"https:\/\/www.linkedin.com\/delicias-persas\"]}]}<\/script>\n<!-- \/ Yoast SEO plugin. -->","yoast_head_json":{"title":"Arroz persa Granel (Brenje shomali )\u00a0 Tarom Hashemi Sarashpaz - Delicias Persas","description":"Arroz Hashemi ahumado de calidad superior, procedente directamente desde Ir\u00e1n. \u00bfA qu\u00e9 esperas a probar este delicioso arroz?","robots":{"index":"index","follow":"follow","max-snippet":"max-snippet:-1","max-image-preview":"max-image-preview:large","max-video-preview":"max-video-preview:-1"},"canonical":"https:\/\/deliciaspersas.com\/en\/tienda\/arroz\/arroz-persa-granel-brenje-shomali-tarom-hashemi-sarashpaz\/","og_locale":"en_US","og_type":"article","og_title":"Arroz persa Granel (Brenje shomali )\u00a0 Tarom Hashemi Sarashpaz - Delicias Persas","og_description":"Arroz Hashemi ahumado de calidad superior, procedente directamente desde Ir\u00e1n. \u00bfA qu\u00e9 esperas a probar este delicioso arroz?","og_url":"https:\/\/deliciaspersas.com\/en\/tienda\/arroz\/arroz-persa-granel-brenje-shomali-tarom-hashemi-sarashpaz\/","og_site_name":"Delicias Persas","article_publisher":"https:\/\/www.facebook.com\/Deliciaspersas","article_modified_time":"2024-08-30T08:56:00+00:00","og_image":[{"width":400,"height":267,"url":"https:\/\/deliciaspersas.com\/wp-content\/uploads\/arroz_basmati_opt.jpg","type":"image\/jpeg"}],"twitter_card":"summary_large_image","twitter_misc":{"Est. reading time":"2 minutes"},"schema":{"@context":"https:\/\/schema.org","@graph":[{"@type":"WebPage","@id":"https:\/\/deliciaspersas.com\/en\/tienda\/arroz\/arroz-persa-granel-brenje-shomali-tarom-hashemi-sarashpaz\/","url":"https:\/\/deliciaspersas.com\/en\/tienda\/arroz\/arroz-persa-granel-brenje-shomali-tarom-hashemi-sarashpaz\/","name":"Arroz persa Granel (Brenje shomali )\u00a0 Tarom Hashemi Sarashpaz - Delicias Persas","isPartOf":{"@id":"https:\/\/deliciaspersas.com\/en\/#website"},"primaryImageOfPage":{"@id":"https:\/\/deliciaspersas.com\/en\/tienda\/arroz\/arroz-persa-granel-brenje-shomali-tarom-hashemi-sarashpaz\/#primaryimage"},"image":{"@id":"https:\/\/deliciaspersas.com\/en\/tienda\/arroz\/arroz-persa-granel-brenje-shomali-tarom-hashemi-sarashpaz\/#primaryimage"},"thumbnailUrl":"https:\/\/deliciaspersas.com\/wp-content\/uploads\/arroz_basmati_opt.jpg","datePublished":"2022-01-27T14:27:45+00:00","dateModified":"2024-08-30T08:56:00+00:00","description":"Arroz Hashemi ahumado de calidad superior, procedente directamente desde Ir\u00e1n. \u00bfA qu\u00e9 esperas a probar este delicioso arroz?","breadcrumb":{"@id":"https:\/\/deliciaspersas.com\/en\/tienda\/arroz\/arroz-persa-granel-brenje-shomali-tarom-hashemi-sarashpaz\/#breadcrumb"},"inLanguage":"en-US","potentialAction":[{"@type":"ReadAction","target":["https:\/\/deliciaspersas.com\/en\/tienda\/arroz\/arroz-persa-granel-brenje-shomali-tarom-hashemi-sarashpaz\/"]}]},{"@type":"ImageObject","inLanguage":"en-US","@id":"https:\/\/deliciaspersas.com\/en\/tienda\/arroz\/arroz-persa-granel-brenje-shomali-tarom-hashemi-sarashpaz\/#primaryimage","url":"https:\/\/deliciaspersas.com\/wp-content\/uploads\/arroz_basmati_opt.jpg","contentUrl":"https:\/\/deliciaspersas.com\/wp-content\/uploads\/arroz_basmati_opt.jpg","width":400,"height":267,"caption":"19601061 - close up of basmati rice with wooden scoop"},{"@type":"BreadcrumbList","@id":"https:\/\/deliciaspersas.com\/en\/tienda\/arroz\/arroz-persa-granel-brenje-shomali-tarom-hashemi-sarashpaz\/#breadcrumb","itemListElement":[{"@type":"ListItem","position":1,"name":"Portada","item":"https:\/\/deliciaspersas.com\/en\/"},{"@type":"ListItem","position":2,"name":"Tienda","item":"https:\/\/deliciaspersas.com\/"},{"@type":"ListItem","position":3,"name":"Arroz persa Granel (Brenje shomali )\u00a0 Tarom Hashemi Sarashpaz"}]},{"@type":"WebSite","@id":"https:\/\/deliciaspersas.com\/en\/#website","url":"https:\/\/deliciaspersas.com\/en\/","name":"Delicias Persas","description":"Gastronom&iacute;a persa al alcance de tus manos","publisher":{"@id":"https:\/\/deliciaspersas.com\/en\/#organization"},"potentialAction":[{"@type":"SearchAction","target":{"@type":"EntryPoint","urlTemplate":"https:\/\/deliciaspersas.com\/en\/?s={search_term_string}"},"query-input":{"@type":"PropertyValueSpecification","valueRequired":true,"valueName":"search_term_string"}}],"inLanguage":"en-US"},{"@type":"Organization","@id":"https:\/\/deliciaspersas.com\/en\/#organization","name":"Delicias Persas","url":"https:\/\/deliciaspersas.com\/en\/","logo":{"@type":"ImageObject","inLanguage":"en-US","@id":"https:\/\/deliciaspersas.com\/en\/#\/schema\/logo\/image\/","url":"https:\/\/deliciaspersas.com\/wp-content\/uploads\/2020\/07\/logo-2020.png","contentUrl":"https:\/\/deliciaspersas.com\/wp-content\/uploads\/2020\/07\/logo-2020.png","width":520,"height":490,"caption":"Delicias Persas"},"image":{"@id":"https:\/\/deliciaspersas.com\/en\/#\/schema\/logo\/image\/"},"sameAs":["https:\/\/www.facebook.com\/Deliciaspersas","https:\/\/www.instagram.com\/delicias_persas\/","https:\/\/www.linkedin.com\/delicias-persas"]}]}},"uagb_featured_image_src":{"full":["https:\/\/deliciaspersas.com\/wp-content\/uploads\/arroz_basmati_opt.jpg",400,267,false],"thumbnail":["https:\/\/deliciaspersas.com\/wp-content\/uploads\/arroz_basmati_opt-150x150.jpg",150,150,true],"medium":["https:\/\/deliciaspersas.com\/wp-content\/uploads\/arroz_basmati_opt-300x200.jpg",300,200,true],"medium_large":["https:\/\/deliciaspersas.com\/wp-content\/uploads\/arroz_basmati_opt.jpg",400,267,false],"large":["https:\/\/deliciaspersas.com\/wp-content\/uploads\/arroz_basmati_opt.jpg",400,267,false],"1536x1536":["https:\/\/deliciaspersas.com\/wp-content\/uploads\/arroz_basmati_opt.jpg",400,267,false],"2048x2048":["https:\/\/deliciaspersas.com\/wp-content\/uploads\/arroz_basmati_opt.jpg",400,267,false],"woocommerce_thumbnail":["https:\/\/deliciaspersas.com\/wp-content\/uploads\/arroz_basmati_opt-300x267.jpg",300,267,true],"woocommerce_single":["https:\/\/deliciaspersas.com\/wp-content\/uploads\/arroz_basmati_opt.jpg",400,267,false],"woocommerce_gallery_thumbnail":["https:\/\/deliciaspersas.com\/wp-content\/uploads\/arroz_basmati_opt-100x100.jpg",100,100,true]},"uagb_author_info":{"display_name":"admin","author_link":"https:\/\/deliciaspersas.com\/en\/author\/"},"uagb_comment_info":0,"uagb_excerpt":"Arroz persa Granel (Brenje shomali )\u00a0 Tarom Hashemi Sarashpaz Informaci\u00f3n del producto: Arroz Hashemi de calidad superior, procedente directamente desde Ir\u00e1n. Usos: Este exquisito arroz, se emplea en la gran mayor\u00eda de nuestros platos, convirti\u00e9ndose en uno de los alimentos principales de nuestra dieta. Adem\u00e1s, posee gran cantidad de beneficios como: \u00a0vitamina E, la cual&hellip;","brands":[{"id":199,"name":"Sarashpaz","slug":"sarashpaz"}],"_links":{"self":[{"href":"https:\/\/deliciaspersas.com\/en\/wp-json\/wp\/v2\/product\/9630"}],"collection":[{"href":"https:\/\/deliciaspersas.com\/en\/wp-json\/wp\/v2\/product"}],"about":[{"href":"https:\/\/deliciaspersas.com\/en\/wp-json\/wp\/v2\/types\/product"}],"wp:featuredmedia":[{"embeddable":true,"href":"https:\/\/deliciaspersas.com\/en\/wp-json\/wp\/v2\/media\/9693"}],"wp:attachment":[{"href":"https:\/\/deliciaspersas.com\/en\/wp-json\/wp\/v2\/media?parent=9630"}],"wp:term":[{"taxonomy":"pwb-brand","embeddable":true,"href":"https:\/\/deliciaspersas.com\/en\/wp-json\/wp\/v2\/pwb-brand?post=9630"},{"taxonomy":"product_cat","embeddable":true,"href":"https:\/\/deliciaspersas.com\/en\/wp-json\/wp\/v2\/product_cat?post=9630"},{"taxonomy":"product_tag","embeddable":true,"href":"https:\/\/deliciaspersas.com\/en\/wp-json\/wp\/v2\/product_tag?post=9630"}],"curies":[{"name":"wp","href":"https:\/\/api.w.org\/{rel}","templated":true}]}}