{"id":10751,"date":"2023-02-08T17:25:42","date_gmt":"2023-02-08T16:25:42","guid":{"rendered":"https:\/\/deliciaspersas.com\/?post_type=product&#038;p=10751"},"modified":"2026-03-21T13:20:05","modified_gmt":"2026-03-21T12:20:05","slug":"dulce-gaz-ardi-con-pistachos-28-450g-gaz-kermani","status":"publish","type":"product","link":"https:\/\/deliciaspersas.com\/fa\/tienda\/delicias-dulces\/dulce-gaz-ardi-con-pistachos-28-450g-gaz-kermani\/","title":{"rendered":"Dulce- Gaz Ardi con Pistachos 28%- 450g Gaz Kermani"},"content":{"rendered":"<h1>Dulce- Gaz Ardi con Pistachos 28%- 450g Gaz Kermani<\/h1>\n<p>&nbsp;<\/p>\n<h6>Informaci\u00f3n del producto:<\/h6>\n<p>Gaz es el nombre tradicional del turr\u00f3n persa con pistachos originario de la ciudad de Esfah\u00e1n y Boldaji, situada en la meseta central de Ir\u00e1n<\/p>\n<h6>Usos:<\/h6>\n<p>El gaz con pistacho es un turr\u00f3n dulce persa, considerado como una delicia. Se puede tomar al gusto, solo o acompa\u00f1ado de uno de nuestros deliciosos t\u00e9s.<\/p>\n<p><span style=\"font-size: 17.6px; font-style: normal; font-weight: bold;\">Beneficios:<\/span><\/p>\n<p>Gaz es uno de los suvenires de la provincia de Isfahan que contiene una variedad de vitaminas como: A, C, E, vitaminas B como B1, B2, B3, B6, sodio, potasio, carbohidratos, az\u00facar como glucosa, fructosa, sacarosa y maltosa, fibra, calcio, hierro. , Magnesio, \u00e1cido f\u00f3lico, lute\u00edna y zeaxantina.<\/p>\n<p>Este dulce tiene propiedades antioxidantes debido a sus vitaminas A, C, E, lute\u00edna y zeaxantina, por lo que fortalece el sistema inmunol\u00f3gico del cuerpo y protege al cuerpo contra diversas enfermedades, especialmente varios c\u00e1nceres.<\/p>\n<p>Gaz tiene un gran efecto en la mejora de la funci\u00f3n cerebral y el fortalecimiento de la memoria; Tambi\u00e9n aumenta la vista y la energ\u00eda sexual.<\/p>\n<p>Este dulce alivia la ansiedad y el estr\u00e9s y es muy \u00fatil para las mujeres embarazadas, pero deben usarse con precauci\u00f3n.<\/p>\n<p>Tambi\u00e9n tiene propiedades antibi\u00f3ticas por lo que elimina las infecciones del organismo.<\/p>\n<p>Este producto es rica en vitaminas y metales vegetales. Comer este dulce es \u00fatil para tratar la osteoporosis y mata los microbios da\u00f1inos del cuerpo.<\/p>\n<p>Y el pistacho, un ingrediente importante de Gaz, tambi\u00e9n tiene propiedades como:<\/p>\n<p>Alto contenido en grasas insaturadas (grasas buenas) y\u00a0hidratos de carbono.<\/p>\n<p>Buena fuente de prote\u00ednas vegetales.<\/p>\n<p>Es antioxidante y tiene vitaminas B6 y E, zinc, potasio y f\u00f3sforo,\u00a0magnesio, hierro y calcio.<\/p>\n<h6>Condiciones de conservaci\u00f3n:<\/h6>\n<p>Conservar en un lugar fresco, seco y protegido de la luz.<\/p>\n","protected":false},"excerpt":{"rendered":"<p>Dulce- Gaz Ardi con Pistachos 28%- 450g Gaz Kermani &nbsp; Informaci\u00f3n del producto: Gaz es el nombre tradicional del turr\u00f3n persa con pistachos originario de la ciudad de Esfah\u00e1n y Boldaji, situada en la meseta central de Ir\u00e1n Usos: El gaz con pistacho es un turr\u00f3n dulce persa, considerado como una delicia. Se puede tomar [&hellip;]<\/p>\n","protected":false},"featured_media":12707,"template":"","meta":{"_surecart_dashboard_logo_width":"180px","_surecart_dashboard_show_logo":true,"_surecart_dashboard_navigation_orders":true,"_surecart_dashboard_navigation_invoices":true,"_surecart_dashboard_navigation_subscriptions":true,"_surecart_dashboard_navigation_downloads":true,"_surecart_dashboard_navigation_billing":true,"_surecart_dashboard_navigation_account":true,"_uag_custom_page_level_css":"","site-sidebar-layout":"default","site-content-layout":"default","ast-site-content-layout":"default","site-content-style":"default","site-sidebar-style":"default","ast-global-header-display":"","ast-banner-title-visibility":"","ast-main-header-display":"","ast-hfb-above-header-display":"","ast-hfb-below-header-display":"","ast-hfb-mobile-header-display":"","site-post-title":"","ast-breadcrumbs-content":"","ast-featured-img":"","footer-sml-layout":"","theme-transparent-header-meta":"default","adv-header-id-meta":"","stick-header-meta":"","header-above-stick-meta":"","header-main-stick-meta":"","header-below-stick-meta":"","astra-migrate-meta-layouts":"set","ast-page-background-enabled":"default","ast-page-background-meta":{"desktop":{"background-color":"","background-image":"","background-repeat":"repeat","background-position":"center center","background-size":"auto","background-attachment":"scroll","background-type":"","background-media":"","overlay-type":"","overlay-color":"","overlay-opacity":"","overlay-gradient":""},"tablet":{"background-color":"","background-image":"","background-repeat":"repeat","background-position":"center center","background-size":"auto","background-attachment":"scroll","background-type":"","background-media":"","overlay-type":"","overlay-color":"","overlay-opacity":"","overlay-gradient":""},"mobile":{"background-color":"","background-image":"","background-repeat":"repeat","background-position":"center center","background-size":"auto","background-attachment":"scroll","background-type":"","background-media":"","overlay-type":"","overlay-color":"","overlay-opacity":"","overlay-gradient":""}},"ast-content-background-meta":{"desktop":{"background-color":"var(--ast-global-color-5)","background-image":"","background-repeat":"repeat","background-position":"center center","background-size":"auto","background-attachment":"scroll","background-type":"","background-media":"","overlay-type":"","overlay-color":"","overlay-opacity":"","overlay-gradient":""},"tablet":{"background-color":"var(--ast-global-color-5)","background-image":"","background-repeat":"repeat","background-position":"center center","background-size":"auto","background-attachment":"scroll","background-type":"","background-media":"","overlay-type":"","overlay-color":"","overlay-opacity":"","overlay-gradient":""},"mobile":{"background-color":"var(--ast-global-color-5)","background-image":"","background-repeat":"repeat","background-position":"center center","background-size":"auto","background-attachment":"scroll","background-type":"","background-media":"","overlay-type":"","overlay-color":"","overlay-opacity":"","overlay-gradient":""}}},"pwb-brand":[1142],"product_cat":[31,106],"product_tag":[764,1140,1143,679],"class_list":{"0":"post-10751","1":"product","2":"type-product","3":"status-publish","4":"has-post-thumbnail","6":"pwb-brand-kermani","7":"product_cat-delicias-dulces","8":"product_cat-nuevos-productos","9":"product_tag-dulce","10":"product_tag-gaz","11":"product_tag-kermani","12":"product_tag-pistacho","13":"desktop-align-center","14":"tablet-align-center","15":"mobile-align-center","17":"first","18":"instock","19":"taxable","20":"shipping-taxable","21":"purchasable","22":"product-type-simple"},"yoast_head":"<!-- This site is optimized with the Yoast SEO plugin v23.6 - https:\/\/yoast.com\/wordpress\/plugins\/seo\/ -->\n<title>Dulce- Gaz Ardi con Pistachos 28%- 450g Gaz Kermani - Delicias Persas<\/title>\n<meta name=\"robots\" content=\"index, follow, max-snippet:-1, max-image-preview:large, max-video-preview:-1\" \/>\n<link rel=\"canonical\" href=\"https:\/\/deliciaspersas.com\/fa\/tienda\/delicias-dulces\/dulce-gaz-ardi-con-pistachos-28-450g-gaz-kermani\/\" \/>\n<meta property=\"og:locale\" content=\"fa_IR\" \/>\n<meta property=\"og:type\" content=\"article\" \/>\n<meta property=\"og:title\" content=\"Dulce- Gaz Ardi con Pistachos 28%- 450g Gaz Kermani - Delicias Persas\" \/>\n<meta property=\"og:description\" content=\"Dulce- Gaz Ardi con Pistachos 28%- 450g Gaz Kermani &nbsp; Informaci\u00f3n del producto: Gaz es el nombre tradicional del turr\u00f3n persa con pistachos originario de la ciudad de Esfah\u00e1n y Boldaji, situada en la meseta central de Ir\u00e1n Usos: El gaz con pistacho es un turr\u00f3n dulce persa, considerado como una delicia. Se puede tomar [&hellip;]\" \/>\n<meta property=\"og:url\" content=\"https:\/\/deliciaspersas.com\/fa\/tienda\/delicias-dulces\/dulce-gaz-ardi-con-pistachos-28-450g-gaz-kermani\/\" \/>\n<meta property=\"og:site_name\" content=\"Delicias Persas\" \/>\n<meta property=\"article:publisher\" content=\"https:\/\/www.facebook.com\/Deliciaspersas\" \/>\n<meta property=\"article:modified_time\" content=\"2026-03-21T12:20:05+00:00\" \/>\n<meta property=\"og:image\" content=\"https:\/\/deliciaspersas.com\/wp-content\/uploads\/14_c-700x700.jpg.webp\" \/>\n\t<meta property=\"og:image:width\" content=\"700\" \/>\n\t<meta property=\"og:image:height\" content=\"700\" \/>\n\t<meta property=\"og:image:type\" content=\"image\/webp\" \/>\n<meta name=\"twitter:card\" content=\"summary_large_image\" \/>\n<meta name=\"twitter:label1\" content=\"\u0632\u0645\u0627\u0646 \u062a\u0642\u0631\u06cc\u0628\u06cc \u0628\u0631\u0627\u06cc \u062e\u0648\u0627\u0646\u062f\u0646\" \/>\n\t<meta name=\"twitter:data1\" content=\"2 \u062f\u0642\u06cc\u0642\u0647\" \/>\n<script type=\"application\/ld+json\" class=\"yoast-schema-graph\">{\"@context\":\"https:\/\/schema.org\",\"@graph\":[{\"@type\":\"WebPage\",\"@id\":\"https:\/\/deliciaspersas.com\/fa\/tienda\/delicias-dulces\/dulce-gaz-ardi-con-pistachos-28-450g-gaz-kermani\/\",\"url\":\"https:\/\/deliciaspersas.com\/fa\/tienda\/delicias-dulces\/dulce-gaz-ardi-con-pistachos-28-450g-gaz-kermani\/\",\"name\":\"Dulce- Gaz Ardi con Pistachos 28%- 450g Gaz Kermani - Delicias Persas\",\"isPartOf\":{\"@id\":\"https:\/\/deliciaspersas.com\/fa\/#website\"},\"primaryImageOfPage\":{\"@id\":\"https:\/\/deliciaspersas.com\/fa\/tienda\/delicias-dulces\/dulce-gaz-ardi-con-pistachos-28-450g-gaz-kermani\/#primaryimage\"},\"image\":{\"@id\":\"https:\/\/deliciaspersas.com\/fa\/tienda\/delicias-dulces\/dulce-gaz-ardi-con-pistachos-28-450g-gaz-kermani\/#primaryimage\"},\"thumbnailUrl\":\"https:\/\/deliciaspersas.com\/wp-content\/uploads\/14_c-700x700.jpg.webp\",\"datePublished\":\"2023-02-08T16:25:42+00:00\",\"dateModified\":\"2026-03-21T12:20:05+00:00\",\"breadcrumb\":{\"@id\":\"https:\/\/deliciaspersas.com\/fa\/tienda\/delicias-dulces\/dulce-gaz-ardi-con-pistachos-28-450g-gaz-kermani\/#breadcrumb\"},\"inLanguage\":\"fa-IR\",\"potentialAction\":[{\"@type\":\"ReadAction\",\"target\":[\"https:\/\/deliciaspersas.com\/fa\/tienda\/delicias-dulces\/dulce-gaz-ardi-con-pistachos-28-450g-gaz-kermani\/\"]}]},{\"@type\":\"ImageObject\",\"inLanguage\":\"fa-IR\",\"@id\":\"https:\/\/deliciaspersas.com\/fa\/tienda\/delicias-dulces\/dulce-gaz-ardi-con-pistachos-28-450g-gaz-kermani\/#primaryimage\",\"url\":\"https:\/\/deliciaspersas.com\/wp-content\/uploads\/14_c-700x700.jpg.webp\",\"contentUrl\":\"https:\/\/deliciaspersas.com\/wp-content\/uploads\/14_c-700x700.jpg.webp\",\"width\":700,\"height\":700},{\"@type\":\"BreadcrumbList\",\"@id\":\"https:\/\/deliciaspersas.com\/fa\/tienda\/delicias-dulces\/dulce-gaz-ardi-con-pistachos-28-450g-gaz-kermani\/#breadcrumb\",\"itemListElement\":[{\"@type\":\"ListItem\",\"position\":1,\"name\":\"Portada\",\"item\":\"https:\/\/deliciaspersas.com\/fa\/\"},{\"@type\":\"ListItem\",\"position\":2,\"name\":\"Tienda\",\"item\":\"https:\/\/deliciaspersas.com\/\"},{\"@type\":\"ListItem\",\"position\":3,\"name\":\"Dulce- Gaz Ardi con Pistachos 28%- 450g Gaz Kermani\"}]},{\"@type\":\"WebSite\",\"@id\":\"https:\/\/deliciaspersas.com\/fa\/#website\",\"url\":\"https:\/\/deliciaspersas.com\/fa\/\",\"name\":\"Delicias Persas\",\"description\":\"Gastronom&iacute;a persa al alcance de tus manos\",\"publisher\":{\"@id\":\"https:\/\/deliciaspersas.com\/fa\/#organization\"},\"potentialAction\":[{\"@type\":\"SearchAction\",\"target\":{\"@type\":\"EntryPoint\",\"urlTemplate\":\"https:\/\/deliciaspersas.com\/fa\/?s={search_term_string}\"},\"query-input\":{\"@type\":\"PropertyValueSpecification\",\"valueRequired\":true,\"valueName\":\"search_term_string\"}}],\"inLanguage\":\"fa-IR\"},{\"@type\":\"Organization\",\"@id\":\"https:\/\/deliciaspersas.com\/fa\/#organization\",\"name\":\"Delicias Persas\",\"url\":\"https:\/\/deliciaspersas.com\/fa\/\",\"logo\":{\"@type\":\"ImageObject\",\"inLanguage\":\"fa-IR\",\"@id\":\"https:\/\/deliciaspersas.com\/fa\/#\/schema\/logo\/image\/\",\"url\":\"https:\/\/deliciaspersas.com\/wp-content\/uploads\/2020\/07\/logo-2020.png\",\"contentUrl\":\"https:\/\/deliciaspersas.com\/wp-content\/uploads\/2020\/07\/logo-2020.png\",\"width\":520,\"height\":490,\"caption\":\"Delicias Persas\"},\"image\":{\"@id\":\"https:\/\/deliciaspersas.com\/fa\/#\/schema\/logo\/image\/\"},\"sameAs\":[\"https:\/\/www.facebook.com\/Deliciaspersas\",\"https:\/\/www.instagram.com\/delicias_persas\/\",\"https:\/\/www.linkedin.com\/delicias-persas\"]}]}<\/script>\n<!-- \/ Yoast SEO plugin. -->","yoast_head_json":{"title":"Dulce- Gaz Ardi con Pistachos 28%- 450g Gaz Kermani - Delicias Persas","robots":{"index":"index","follow":"follow","max-snippet":"max-snippet:-1","max-image-preview":"max-image-preview:large","max-video-preview":"max-video-preview:-1"},"canonical":"https:\/\/deliciaspersas.com\/fa\/tienda\/delicias-dulces\/dulce-gaz-ardi-con-pistachos-28-450g-gaz-kermani\/","og_locale":"fa_IR","og_type":"article","og_title":"Dulce- Gaz Ardi con Pistachos 28%- 450g Gaz Kermani - Delicias Persas","og_description":"Dulce- Gaz Ardi con Pistachos 28%- 450g Gaz Kermani &nbsp; Informaci\u00f3n del producto: Gaz es el nombre tradicional del turr\u00f3n persa con pistachos originario de la ciudad de Esfah\u00e1n y Boldaji, situada en la meseta central de Ir\u00e1n Usos: El gaz con pistacho es un turr\u00f3n dulce persa, considerado como una delicia. Se puede tomar [&hellip;]","og_url":"https:\/\/deliciaspersas.com\/fa\/tienda\/delicias-dulces\/dulce-gaz-ardi-con-pistachos-28-450g-gaz-kermani\/","og_site_name":"Delicias Persas","article_publisher":"https:\/\/www.facebook.com\/Deliciaspersas","article_modified_time":"2026-03-21T12:20:05+00:00","og_image":[{"width":700,"height":700,"url":"https:\/\/deliciaspersas.com\/wp-content\/uploads\/14_c-700x700.jpg.webp","type":"image\/webp"}],"twitter_card":"summary_large_image","twitter_misc":{"\u0632\u0645\u0627\u0646 \u062a\u0642\u0631\u06cc\u0628\u06cc \u0628\u0631\u0627\u06cc \u062e\u0648\u0627\u0646\u062f\u0646":"2 \u062f\u0642\u06cc\u0642\u0647"},"schema":{"@context":"https:\/\/schema.org","@graph":[{"@type":"WebPage","@id":"https:\/\/deliciaspersas.com\/fa\/tienda\/delicias-dulces\/dulce-gaz-ardi-con-pistachos-28-450g-gaz-kermani\/","url":"https:\/\/deliciaspersas.com\/fa\/tienda\/delicias-dulces\/dulce-gaz-ardi-con-pistachos-28-450g-gaz-kermani\/","name":"Dulce- Gaz Ardi con Pistachos 28%- 450g Gaz Kermani - Delicias Persas","isPartOf":{"@id":"https:\/\/deliciaspersas.com\/fa\/#website"},"primaryImageOfPage":{"@id":"https:\/\/deliciaspersas.com\/fa\/tienda\/delicias-dulces\/dulce-gaz-ardi-con-pistachos-28-450g-gaz-kermani\/#primaryimage"},"image":{"@id":"https:\/\/deliciaspersas.com\/fa\/tienda\/delicias-dulces\/dulce-gaz-ardi-con-pistachos-28-450g-gaz-kermani\/#primaryimage"},"thumbnailUrl":"https:\/\/deliciaspersas.com\/wp-content\/uploads\/14_c-700x700.jpg.webp","datePublished":"2023-02-08T16:25:42+00:00","dateModified":"2026-03-21T12:20:05+00:00","breadcrumb":{"@id":"https:\/\/deliciaspersas.com\/fa\/tienda\/delicias-dulces\/dulce-gaz-ardi-con-pistachos-28-450g-gaz-kermani\/#breadcrumb"},"inLanguage":"fa-IR","potentialAction":[{"@type":"ReadAction","target":["https:\/\/deliciaspersas.com\/fa\/tienda\/delicias-dulces\/dulce-gaz-ardi-con-pistachos-28-450g-gaz-kermani\/"]}]},{"@type":"ImageObject","inLanguage":"fa-IR","@id":"https:\/\/deliciaspersas.com\/fa\/tienda\/delicias-dulces\/dulce-gaz-ardi-con-pistachos-28-450g-gaz-kermani\/#primaryimage","url":"https:\/\/deliciaspersas.com\/wp-content\/uploads\/14_c-700x700.jpg.webp","contentUrl":"https:\/\/deliciaspersas.com\/wp-content\/uploads\/14_c-700x700.jpg.webp","width":700,"height":700},{"@type":"BreadcrumbList","@id":"https:\/\/deliciaspersas.com\/fa\/tienda\/delicias-dulces\/dulce-gaz-ardi-con-pistachos-28-450g-gaz-kermani\/#breadcrumb","itemListElement":[{"@type":"ListItem","position":1,"name":"Portada","item":"https:\/\/deliciaspersas.com\/fa\/"},{"@type":"ListItem","position":2,"name":"Tienda","item":"https:\/\/deliciaspersas.com\/"},{"@type":"ListItem","position":3,"name":"Dulce- Gaz Ardi con Pistachos 28%- 450g Gaz Kermani"}]},{"@type":"WebSite","@id":"https:\/\/deliciaspersas.com\/fa\/#website","url":"https:\/\/deliciaspersas.com\/fa\/","name":"Delicias Persas","description":"Gastronom&iacute;a persa al alcance de tus manos","publisher":{"@id":"https:\/\/deliciaspersas.com\/fa\/#organization"},"potentialAction":[{"@type":"SearchAction","target":{"@type":"EntryPoint","urlTemplate":"https:\/\/deliciaspersas.com\/fa\/?s={search_term_string}"},"query-input":{"@type":"PropertyValueSpecification","valueRequired":true,"valueName":"search_term_string"}}],"inLanguage":"fa-IR"},{"@type":"Organization","@id":"https:\/\/deliciaspersas.com\/fa\/#organization","name":"Delicias Persas","url":"https:\/\/deliciaspersas.com\/fa\/","logo":{"@type":"ImageObject","inLanguage":"fa-IR","@id":"https:\/\/deliciaspersas.com\/fa\/#\/schema\/logo\/image\/","url":"https:\/\/deliciaspersas.com\/wp-content\/uploads\/2020\/07\/logo-2020.png","contentUrl":"https:\/\/deliciaspersas.com\/wp-content\/uploads\/2020\/07\/logo-2020.png","width":520,"height":490,"caption":"Delicias Persas"},"image":{"@id":"https:\/\/deliciaspersas.com\/fa\/#\/schema\/logo\/image\/"},"sameAs":["https:\/\/www.facebook.com\/Deliciaspersas","https:\/\/www.instagram.com\/delicias_persas\/","https:\/\/www.linkedin.com\/delicias-persas"]}]}},"uagb_featured_image_src":{"full":["https:\/\/deliciaspersas.com\/wp-content\/uploads\/14_c-700x700.jpg.webp",700,700,false],"thumbnail":["https:\/\/deliciaspersas.com\/wp-content\/uploads\/14_c-700x700.jpg-150x150.webp",150,150,true],"medium":["https:\/\/deliciaspersas.com\/wp-content\/uploads\/14_c-700x700.jpg-300x300.webp",300,300,true],"medium_large":["https:\/\/deliciaspersas.com\/wp-content\/uploads\/14_c-700x700.jpg.webp",700,700,false],"large":["https:\/\/deliciaspersas.com\/wp-content\/uploads\/14_c-700x700.jpg.webp",700,700,false],"1536x1536":["https:\/\/deliciaspersas.com\/wp-content\/uploads\/14_c-700x700.jpg.webp",700,700,false],"2048x2048":["https:\/\/deliciaspersas.com\/wp-content\/uploads\/14_c-700x700.jpg.webp",700,700,false],"woocommerce_thumbnail":["https:\/\/deliciaspersas.com\/wp-content\/uploads\/14_c-700x700.jpg-300x300.webp",300,300,true],"woocommerce_single":["https:\/\/deliciaspersas.com\/wp-content\/uploads\/14_c-700x700.jpg-600x600.webp",600,600,true],"woocommerce_gallery_thumbnail":["https:\/\/deliciaspersas.com\/wp-content\/uploads\/14_c-700x700.jpg-100x100.webp",100,100,true]},"uagb_author_info":{"display_name":"admin","author_link":"https:\/\/deliciaspersas.com\/fa\/author\/"},"uagb_comment_info":0,"uagb_excerpt":"Dulce- Gaz Ardi con Pistachos 28%- 450g Gaz Kermani &nbsp; Informaci\u00f3n del producto: Gaz es el nombre tradicional del turr\u00f3n persa con pistachos originario de la ciudad de Esfah\u00e1n y Boldaji, situada en la meseta central de Ir\u00e1n Usos: El gaz con pistacho es un turr\u00f3n dulce persa, considerado como una delicia. Se puede tomar&hellip;","brands":[{"id":1142,"name":"Kermani","slug":"kermani"}],"_links":{"self":[{"href":"https:\/\/deliciaspersas.com\/fa\/wp-json\/wp\/v2\/product\/10751"}],"collection":[{"href":"https:\/\/deliciaspersas.com\/fa\/wp-json\/wp\/v2\/product"}],"about":[{"href":"https:\/\/deliciaspersas.com\/fa\/wp-json\/wp\/v2\/types\/product"}],"wp:featuredmedia":[{"embeddable":true,"href":"https:\/\/deliciaspersas.com\/fa\/wp-json\/wp\/v2\/media\/12707"}],"wp:attachment":[{"href":"https:\/\/deliciaspersas.com\/fa\/wp-json\/wp\/v2\/media?parent=10751"}],"wp:term":[{"taxonomy":"pwb-brand","embeddable":true,"href":"https:\/\/deliciaspersas.com\/fa\/wp-json\/wp\/v2\/pwb-brand?post=10751"},{"taxonomy":"product_cat","embeddable":true,"href":"https:\/\/deliciaspersas.com\/fa\/wp-json\/wp\/v2\/product_cat?post=10751"},{"taxonomy":"product_tag","embeddable":true,"href":"https:\/\/deliciaspersas.com\/fa\/wp-json\/wp\/v2\/product_tag?post=10751"}],"curies":[{"name":"wp","href":"https:\/\/api.w.org\/{rel}","templated":true}]}}