{"id":11255,"date":"2023-04-25T18:12:20","date_gmt":"2023-04-25T16:12:20","guid":{"rendered":"https:\/\/deliciaspersas.com\/?post_type=product&#038;p=11255"},"modified":"2024-03-15T10:49:36","modified_gmt":"2024-03-15T09:49:36","slug":"polow-paz-olla-arrocera-para-8-a-10-personas-2-2-l-pars-khazar","status":"publish","type":"product","link":"https:\/\/deliciaspersas.com\/fa\/tienda\/nuevos-productos\/polow-paz-olla-arrocera-para-8-a-10-personas-2-2-l-pars-khazar\/","title":{"rendered":"Polow Paz- Olla arrocera para 8 a 10 personas 2.2 L Pars Khazar"},"content":{"rendered":"<h1>Polow Paz- Olla arrocera para 8 a 10 personas 2.2 L<\/h1>\n<h6>Descripci\u00f3n:<\/h6>\n<p>La olla arrocera Pars Khazares un producto de muy alta capacidad que ofrece muchas caracter\u00edsticas junto con su dise\u00f1o simple. Con la ayuda de su alt\u00edsima capacidad, este producto puede servir de 8 a 10 personas. Por tanto, este producto es una buena opci\u00f3n para usuarios con una capacidad muy alta. Este producto tambi\u00e9n est\u00e1 hecho de una sart\u00e9n antiadherente de tefl\u00f3n y una olla desmontable, m\u00e1s f\u00e1cil de usar. Otras caracter\u00edsticas generales de este producto pueden ser un consumo de energ\u00eda relativamente alto, el uso de temporizadores y termostatos externos de alta precisi\u00f3n para establecer diferentes modos de cocci\u00f3n y un consumo de energ\u00eda \u00f3ptimo, una olla arrocera especial con revestimiento de tefl\u00f3n, antiadherente, higi\u00e9nica y duradera, alta calidad y Posee un Alambre removible del producto para facilitar el transporte. Se puede mencionar que las ollas arroceras Pars Khazar son una de las marcas de ollas arroceras m\u00e1s vendidas en toda Europa.<\/p>\n","protected":false},"excerpt":{"rendered":"<p>Polow Paz- Olla arrocera para 8 a 10 personas 2.2 L Descripci\u00f3n: La olla arrocera Pars Khazares un producto de muy alta capacidad que ofrece muchas caracter\u00edsticas junto con su dise\u00f1o simple. Con la ayuda de su alt\u00edsima capacidad, este producto puede servir de 8 a 10 personas. Por tanto, este producto es una buena [&hellip;]<\/p>\n","protected":false},"featured_media":11259,"template":"","meta":{"_surecart_dashboard_logo_width":"180px","_surecart_dashboard_show_logo":true,"_surecart_dashboard_navigation_orders":true,"_surecart_dashboard_navigation_invoices":true,"_surecart_dashboard_navigation_subscriptions":true,"_surecart_dashboard_navigation_downloads":true,"_surecart_dashboard_navigation_billing":true,"_surecart_dashboard_navigation_account":true,"_uag_custom_page_level_css":"","site-sidebar-layout":"default","site-content-layout":"default","ast-site-content-layout":"default","site-content-style":"default","site-sidebar-style":"default","ast-global-header-display":"","ast-banner-title-visibility":"","ast-main-header-display":"","ast-hfb-above-header-display":"","ast-hfb-below-header-display":"","ast-hfb-mobile-header-display":"","site-post-title":"","ast-breadcrumbs-content":"","ast-featured-img":"","footer-sml-layout":"","theme-transparent-header-meta":"default","adv-header-id-meta":"","stick-header-meta":"","header-above-stick-meta":"","header-main-stick-meta":"","header-below-stick-meta":"","astra-migrate-meta-layouts":"set","ast-page-background-enabled":"default","ast-page-background-meta":{"desktop":{"background-color":"","background-image":"","background-repeat":"repeat","background-position":"center center","background-size":"auto","background-attachment":"scroll","background-type":"","background-media":"","overlay-type":"","overlay-color":"","overlay-opacity":"","overlay-gradient":""},"tablet":{"background-color":"","background-image":"","background-repeat":"repeat","background-position":"center center","background-size":"auto","background-attachment":"scroll","background-type":"","background-media":"","overlay-type":"","overlay-color":"","overlay-opacity":"","overlay-gradient":""},"mobile":{"background-color":"","background-image":"","background-repeat":"repeat","background-position":"center center","background-size":"auto","background-attachment":"scroll","background-type":"","background-media":"","overlay-type":"","overlay-color":"","overlay-opacity":"","overlay-gradient":""}},"ast-content-background-meta":{"desktop":{"background-color":"var(--ast-global-color-5)","background-image":"","background-repeat":"repeat","background-position":"center center","background-size":"auto","background-attachment":"scroll","background-type":"","background-media":"","overlay-type":"","overlay-color":"","overlay-opacity":"","overlay-gradient":""},"tablet":{"background-color":"var(--ast-global-color-5)","background-image":"","background-repeat":"repeat","background-position":"center center","background-size":"auto","background-attachment":"scroll","background-type":"","background-media":"","overlay-type":"","overlay-color":"","overlay-opacity":"","overlay-gradient":""},"mobile":{"background-color":"var(--ast-global-color-5)","background-image":"","background-repeat":"repeat","background-position":"center center","background-size":"auto","background-attachment":"scroll","background-type":"","background-media":"","overlay-type":"","overlay-color":"","overlay-opacity":"","overlay-gradient":""}}},"pwb-brand":[533],"product_cat":[1169,106,1161],"product_tag":[1164,1162,1165,1166,1163,534],"class_list":{"0":"post-11255","1":"product","2":"type-product","3":"status-publish","4":"has-post-thumbnail","6":"pwb-brand-parskhazar","7":"product_cat-cocina","8":"product_cat-nuevos-productos","9":"product_cat-polow-paz","10":"product_tag-olla-arrocera","11":"product_tag-polo","12":"product_tag-polo-paz","13":"product_tag-polopaz","14":"product_tag-polow-paz","15":"product_tag-534","16":"desktop-align-center","17":"tablet-align-center","18":"mobile-align-center","20":"first","21":"outofstock","22":"taxable","23":"shipping-taxable","24":"purchasable","25":"product-type-simple"},"yoast_head":"<!-- This site is optimized with the Yoast SEO plugin v23.6 - https:\/\/yoast.com\/wordpress\/plugins\/seo\/ -->\n<title>Polow Paz- Olla arrocera para 8 a 10 personas 2.2 L Pars Khazar - Delicias Persas<\/title>\n<meta name=\"robots\" content=\"index, follow, max-snippet:-1, max-image-preview:large, max-video-preview:-1\" \/>\n<link rel=\"canonical\" href=\"https:\/\/deliciaspersas.com\/fa\/tienda\/nuevos-productos\/polow-paz-olla-arrocera-para-8-a-10-personas-2-2-l-pars-khazar\/\" \/>\n<meta property=\"og:locale\" content=\"fa_IR\" \/>\n<meta property=\"og:type\" content=\"article\" \/>\n<meta property=\"og:title\" content=\"Polow Paz- Olla arrocera para 8 a 10 personas 2.2 L Pars Khazar - Delicias Persas\" \/>\n<meta property=\"og:description\" content=\"Polow Paz- Olla arrocera para 8 a 10 personas 2.2 L Descripci\u00f3n: La olla arrocera Pars Khazares un producto de muy alta capacidad que ofrece muchas caracter\u00edsticas junto con su dise\u00f1o simple. Con la ayuda de su alt\u00edsima capacidad, este producto puede servir de 8 a 10 personas. Por tanto, este producto es una buena [&hellip;]\" \/>\n<meta property=\"og:url\" content=\"https:\/\/deliciaspersas.com\/fa\/tienda\/nuevos-productos\/polow-paz-olla-arrocera-para-8-a-10-personas-2-2-l-pars-khazar\/\" \/>\n<meta property=\"og:site_name\" content=\"Delicias Persas\" \/>\n<meta property=\"article:publisher\" content=\"https:\/\/www.facebook.com\/Deliciaspersas\" \/>\n<meta property=\"article:modified_time\" content=\"2024-03-15T09:49:36+00:00\" \/>\n<meta property=\"og:image\" content=\"https:\/\/deliciaspersas.com\/wp-content\/uploads\/59dd24-1.jpg\" \/>\n\t<meta property=\"og:image:width\" content=\"600\" \/>\n\t<meta property=\"og:image:height\" content=\"600\" \/>\n\t<meta property=\"og:image:type\" content=\"image\/jpeg\" \/>\n<meta name=\"twitter:card\" content=\"summary_large_image\" \/>\n<meta name=\"twitter:label1\" content=\"\u0632\u0645\u0627\u0646 \u062a\u0642\u0631\u06cc\u0628\u06cc \u0628\u0631\u0627\u06cc \u062e\u0648\u0627\u0646\u062f\u0646\" \/>\n\t<meta name=\"twitter:data1\" content=\"1 \u062f\u0642\u06cc\u0642\u0647\" \/>\n<script type=\"application\/ld+json\" class=\"yoast-schema-graph\">{\"@context\":\"https:\/\/schema.org\",\"@graph\":[{\"@type\":\"WebPage\",\"@id\":\"https:\/\/deliciaspersas.com\/fa\/tienda\/nuevos-productos\/polow-paz-olla-arrocera-para-8-a-10-personas-2-2-l-pars-khazar\/\",\"url\":\"https:\/\/deliciaspersas.com\/fa\/tienda\/nuevos-productos\/polow-paz-olla-arrocera-para-8-a-10-personas-2-2-l-pars-khazar\/\",\"name\":\"Polow Paz- Olla arrocera para 8 a 10 personas 2.2 L Pars Khazar - Delicias Persas\",\"isPartOf\":{\"@id\":\"https:\/\/deliciaspersas.com\/fa\/#website\"},\"primaryImageOfPage\":{\"@id\":\"https:\/\/deliciaspersas.com\/fa\/tienda\/nuevos-productos\/polow-paz-olla-arrocera-para-8-a-10-personas-2-2-l-pars-khazar\/#primaryimage\"},\"image\":{\"@id\":\"https:\/\/deliciaspersas.com\/fa\/tienda\/nuevos-productos\/polow-paz-olla-arrocera-para-8-a-10-personas-2-2-l-pars-khazar\/#primaryimage\"},\"thumbnailUrl\":\"https:\/\/deliciaspersas.com\/wp-content\/uploads\/59dd24-1.jpg\",\"datePublished\":\"2023-04-25T16:12:20+00:00\",\"dateModified\":\"2024-03-15T09:49:36+00:00\",\"breadcrumb\":{\"@id\":\"https:\/\/deliciaspersas.com\/fa\/tienda\/nuevos-productos\/polow-paz-olla-arrocera-para-8-a-10-personas-2-2-l-pars-khazar\/#breadcrumb\"},\"inLanguage\":\"fa-IR\",\"potentialAction\":[{\"@type\":\"ReadAction\",\"target\":[\"https:\/\/deliciaspersas.com\/fa\/tienda\/nuevos-productos\/polow-paz-olla-arrocera-para-8-a-10-personas-2-2-l-pars-khazar\/\"]}]},{\"@type\":\"ImageObject\",\"inLanguage\":\"fa-IR\",\"@id\":\"https:\/\/deliciaspersas.com\/fa\/tienda\/nuevos-productos\/polow-paz-olla-arrocera-para-8-a-10-personas-2-2-l-pars-khazar\/#primaryimage\",\"url\":\"https:\/\/deliciaspersas.com\/wp-content\/uploads\/59dd24-1.jpg\",\"contentUrl\":\"https:\/\/deliciaspersas.com\/wp-content\/uploads\/59dd24-1.jpg\",\"width\":600,\"height\":600},{\"@type\":\"BreadcrumbList\",\"@id\":\"https:\/\/deliciaspersas.com\/fa\/tienda\/nuevos-productos\/polow-paz-olla-arrocera-para-8-a-10-personas-2-2-l-pars-khazar\/#breadcrumb\",\"itemListElement\":[{\"@type\":\"ListItem\",\"position\":1,\"name\":\"Portada\",\"item\":\"https:\/\/deliciaspersas.com\/fa\/\"},{\"@type\":\"ListItem\",\"position\":2,\"name\":\"Tienda\",\"item\":\"https:\/\/deliciaspersas.com\/\"},{\"@type\":\"ListItem\",\"position\":3,\"name\":\"Polow Paz- Olla arrocera para 8 a 10 personas 2.2 L Pars Khazar\"}]},{\"@type\":\"WebSite\",\"@id\":\"https:\/\/deliciaspersas.com\/fa\/#website\",\"url\":\"https:\/\/deliciaspersas.com\/fa\/\",\"name\":\"Delicias Persas\",\"description\":\"Gastronom&iacute;a persa al alcance de tus manos\",\"publisher\":{\"@id\":\"https:\/\/deliciaspersas.com\/fa\/#organization\"},\"potentialAction\":[{\"@type\":\"SearchAction\",\"target\":{\"@type\":\"EntryPoint\",\"urlTemplate\":\"https:\/\/deliciaspersas.com\/fa\/?s={search_term_string}\"},\"query-input\":{\"@type\":\"PropertyValueSpecification\",\"valueRequired\":true,\"valueName\":\"search_term_string\"}}],\"inLanguage\":\"fa-IR\"},{\"@type\":\"Organization\",\"@id\":\"https:\/\/deliciaspersas.com\/fa\/#organization\",\"name\":\"Delicias Persas\",\"url\":\"https:\/\/deliciaspersas.com\/fa\/\",\"logo\":{\"@type\":\"ImageObject\",\"inLanguage\":\"fa-IR\",\"@id\":\"https:\/\/deliciaspersas.com\/fa\/#\/schema\/logo\/image\/\",\"url\":\"https:\/\/deliciaspersas.com\/wp-content\/uploads\/2020\/07\/logo-2020.png\",\"contentUrl\":\"https:\/\/deliciaspersas.com\/wp-content\/uploads\/2020\/07\/logo-2020.png\",\"width\":520,\"height\":490,\"caption\":\"Delicias Persas\"},\"image\":{\"@id\":\"https:\/\/deliciaspersas.com\/fa\/#\/schema\/logo\/image\/\"},\"sameAs\":[\"https:\/\/www.facebook.com\/Deliciaspersas\",\"https:\/\/www.instagram.com\/delicias_persas\/\",\"https:\/\/www.linkedin.com\/delicias-persas\"]}]}<\/script>\n<!-- \/ Yoast SEO plugin. -->","yoast_head_json":{"title":"Polow Paz- Olla arrocera para 8 a 10 personas 2.2 L Pars Khazar - Delicias Persas","robots":{"index":"index","follow":"follow","max-snippet":"max-snippet:-1","max-image-preview":"max-image-preview:large","max-video-preview":"max-video-preview:-1"},"canonical":"https:\/\/deliciaspersas.com\/fa\/tienda\/nuevos-productos\/polow-paz-olla-arrocera-para-8-a-10-personas-2-2-l-pars-khazar\/","og_locale":"fa_IR","og_type":"article","og_title":"Polow Paz- Olla arrocera para 8 a 10 personas 2.2 L Pars Khazar - Delicias Persas","og_description":"Polow Paz- Olla arrocera para 8 a 10 personas 2.2 L Descripci\u00f3n: La olla arrocera Pars Khazares un producto de muy alta capacidad que ofrece muchas caracter\u00edsticas junto con su dise\u00f1o simple. Con la ayuda de su alt\u00edsima capacidad, este producto puede servir de 8 a 10 personas. Por tanto, este producto es una buena [&hellip;]","og_url":"https:\/\/deliciaspersas.com\/fa\/tienda\/nuevos-productos\/polow-paz-olla-arrocera-para-8-a-10-personas-2-2-l-pars-khazar\/","og_site_name":"Delicias Persas","article_publisher":"https:\/\/www.facebook.com\/Deliciaspersas","article_modified_time":"2024-03-15T09:49:36+00:00","og_image":[{"width":600,"height":600,"url":"https:\/\/deliciaspersas.com\/wp-content\/uploads\/59dd24-1.jpg","type":"image\/jpeg"}],"twitter_card":"summary_large_image","twitter_misc":{"\u0632\u0645\u0627\u0646 \u062a\u0642\u0631\u06cc\u0628\u06cc \u0628\u0631\u0627\u06cc \u062e\u0648\u0627\u0646\u062f\u0646":"1 \u062f\u0642\u06cc\u0642\u0647"},"schema":{"@context":"https:\/\/schema.org","@graph":[{"@type":"WebPage","@id":"https:\/\/deliciaspersas.com\/fa\/tienda\/nuevos-productos\/polow-paz-olla-arrocera-para-8-a-10-personas-2-2-l-pars-khazar\/","url":"https:\/\/deliciaspersas.com\/fa\/tienda\/nuevos-productos\/polow-paz-olla-arrocera-para-8-a-10-personas-2-2-l-pars-khazar\/","name":"Polow Paz- Olla arrocera para 8 a 10 personas 2.2 L Pars Khazar - Delicias Persas","isPartOf":{"@id":"https:\/\/deliciaspersas.com\/fa\/#website"},"primaryImageOfPage":{"@id":"https:\/\/deliciaspersas.com\/fa\/tienda\/nuevos-productos\/polow-paz-olla-arrocera-para-8-a-10-personas-2-2-l-pars-khazar\/#primaryimage"},"image":{"@id":"https:\/\/deliciaspersas.com\/fa\/tienda\/nuevos-productos\/polow-paz-olla-arrocera-para-8-a-10-personas-2-2-l-pars-khazar\/#primaryimage"},"thumbnailUrl":"https:\/\/deliciaspersas.com\/wp-content\/uploads\/59dd24-1.jpg","datePublished":"2023-04-25T16:12:20+00:00","dateModified":"2024-03-15T09:49:36+00:00","breadcrumb":{"@id":"https:\/\/deliciaspersas.com\/fa\/tienda\/nuevos-productos\/polow-paz-olla-arrocera-para-8-a-10-personas-2-2-l-pars-khazar\/#breadcrumb"},"inLanguage":"fa-IR","potentialAction":[{"@type":"ReadAction","target":["https:\/\/deliciaspersas.com\/fa\/tienda\/nuevos-productos\/polow-paz-olla-arrocera-para-8-a-10-personas-2-2-l-pars-khazar\/"]}]},{"@type":"ImageObject","inLanguage":"fa-IR","@id":"https:\/\/deliciaspersas.com\/fa\/tienda\/nuevos-productos\/polow-paz-olla-arrocera-para-8-a-10-personas-2-2-l-pars-khazar\/#primaryimage","url":"https:\/\/deliciaspersas.com\/wp-content\/uploads\/59dd24-1.jpg","contentUrl":"https:\/\/deliciaspersas.com\/wp-content\/uploads\/59dd24-1.jpg","width":600,"height":600},{"@type":"BreadcrumbList","@id":"https:\/\/deliciaspersas.com\/fa\/tienda\/nuevos-productos\/polow-paz-olla-arrocera-para-8-a-10-personas-2-2-l-pars-khazar\/#breadcrumb","itemListElement":[{"@type":"ListItem","position":1,"name":"Portada","item":"https:\/\/deliciaspersas.com\/fa\/"},{"@type":"ListItem","position":2,"name":"Tienda","item":"https:\/\/deliciaspersas.com\/"},{"@type":"ListItem","position":3,"name":"Polow Paz- Olla arrocera para 8 a 10 personas 2.2 L Pars Khazar"}]},{"@type":"WebSite","@id":"https:\/\/deliciaspersas.com\/fa\/#website","url":"https:\/\/deliciaspersas.com\/fa\/","name":"Delicias Persas","description":"Gastronom&iacute;a persa al alcance de tus manos","publisher":{"@id":"https:\/\/deliciaspersas.com\/fa\/#organization"},"potentialAction":[{"@type":"SearchAction","target":{"@type":"EntryPoint","urlTemplate":"https:\/\/deliciaspersas.com\/fa\/?s={search_term_string}"},"query-input":{"@type":"PropertyValueSpecification","valueRequired":true,"valueName":"search_term_string"}}],"inLanguage":"fa-IR"},{"@type":"Organization","@id":"https:\/\/deliciaspersas.com\/fa\/#organization","name":"Delicias Persas","url":"https:\/\/deliciaspersas.com\/fa\/","logo":{"@type":"ImageObject","inLanguage":"fa-IR","@id":"https:\/\/deliciaspersas.com\/fa\/#\/schema\/logo\/image\/","url":"https:\/\/deliciaspersas.com\/wp-content\/uploads\/2020\/07\/logo-2020.png","contentUrl":"https:\/\/deliciaspersas.com\/wp-content\/uploads\/2020\/07\/logo-2020.png","width":520,"height":490,"caption":"Delicias Persas"},"image":{"@id":"https:\/\/deliciaspersas.com\/fa\/#\/schema\/logo\/image\/"},"sameAs":["https:\/\/www.facebook.com\/Deliciaspersas","https:\/\/www.instagram.com\/delicias_persas\/","https:\/\/www.linkedin.com\/delicias-persas"]}]}},"uagb_featured_image_src":{"full":["https:\/\/deliciaspersas.com\/wp-content\/uploads\/59dd24-1.jpg",600,600,false],"thumbnail":["https:\/\/deliciaspersas.com\/wp-content\/uploads\/59dd24-1-150x150.jpg",150,150,true],"medium":["https:\/\/deliciaspersas.com\/wp-content\/uploads\/59dd24-1-300x300.jpg",300,300,true],"medium_large":["https:\/\/deliciaspersas.com\/wp-content\/uploads\/59dd24-1.jpg",600,600,false],"large":["https:\/\/deliciaspersas.com\/wp-content\/uploads\/59dd24-1.jpg",600,600,false],"1536x1536":["https:\/\/deliciaspersas.com\/wp-content\/uploads\/59dd24-1.jpg",600,600,false],"2048x2048":["https:\/\/deliciaspersas.com\/wp-content\/uploads\/59dd24-1.jpg",600,600,false],"woocommerce_thumbnail":["https:\/\/deliciaspersas.com\/wp-content\/uploads\/59dd24-1-300x300.jpg",300,300,true],"woocommerce_single":["https:\/\/deliciaspersas.com\/wp-content\/uploads\/59dd24-1.jpg",600,600,false],"woocommerce_gallery_thumbnail":["https:\/\/deliciaspersas.com\/wp-content\/uploads\/59dd24-1-100x100.jpg",100,100,true]},"uagb_author_info":{"display_name":"admin","author_link":"https:\/\/deliciaspersas.com\/fa\/author\/"},"uagb_comment_info":0,"uagb_excerpt":"Polow Paz- Olla arrocera para 8 a 10 personas 2.2 L Descripci\u00f3n: La olla arrocera Pars Khazares un producto de muy alta capacidad que ofrece muchas caracter\u00edsticas junto con su dise\u00f1o simple. Con la ayuda de su alt\u00edsima capacidad, este producto puede servir de 8 a 10 personas. Por tanto, este producto es una buena&hellip;","brands":[{"id":533,"name":"parskhazar","slug":"parskhazar"}],"_links":{"self":[{"href":"https:\/\/deliciaspersas.com\/fa\/wp-json\/wp\/v2\/product\/11255"}],"collection":[{"href":"https:\/\/deliciaspersas.com\/fa\/wp-json\/wp\/v2\/product"}],"about":[{"href":"https:\/\/deliciaspersas.com\/fa\/wp-json\/wp\/v2\/types\/product"}],"wp:featuredmedia":[{"embeddable":true,"href":"https:\/\/deliciaspersas.com\/fa\/wp-json\/wp\/v2\/media\/11259"}],"wp:attachment":[{"href":"https:\/\/deliciaspersas.com\/fa\/wp-json\/wp\/v2\/media?parent=11255"}],"wp:term":[{"taxonomy":"pwb-brand","embeddable":true,"href":"https:\/\/deliciaspersas.com\/fa\/wp-json\/wp\/v2\/pwb-brand?post=11255"},{"taxonomy":"product_cat","embeddable":true,"href":"https:\/\/deliciaspersas.com\/fa\/wp-json\/wp\/v2\/product_cat?post=11255"},{"taxonomy":"product_tag","embeddable":true,"href":"https:\/\/deliciaspersas.com\/fa\/wp-json\/wp\/v2\/product_tag?post=11255"}],"curies":[{"name":"wp","href":"https:\/\/api.w.org\/{rel}","templated":true}]}}