{"id":11301,"date":"2023-05-10T20:44:22","date_gmt":"2023-05-10T18:44:22","guid":{"rendered":"https:\/\/deliciaspersas.com\/?post_type=product&#038;p=11301"},"modified":"2023-11-02T17:59:23","modified_gmt":"2023-11-02T16:59:23","slug":"molinillo-de-azafran-modelo-cuadratico","status":"publish","type":"product","link":"https:\/\/deliciaspersas.com\/fa\/tienda\/azafran\/molinillo-de-azafran-modelo-cuadratico\/","title":{"rendered":"Molinillo de Azafr\u00e1n &#8211; Modelo Cuadr\u00e1tico"},"content":{"rendered":"<h1>Molinillo de Azafr\u00e1n &#8211; Modelo Cuadr\u00e1tico<\/h1>\n<p>Proporciona azafr\u00e1n en polvo uniformemente<br \/>\nQueda un exceso de azafr\u00e1n sin moler en el conjunto<br \/>\nEl exceso de azafr\u00e1n en polvo se acumula en el recipiente al final del molinillo, de modo que no se desperdicia azafr\u00e1n conservando su sabor.<br \/>\nEl peque\u00f1o tama\u00f1o del conjunto lo convierte en una alternativa port\u00e1til que se puede llevar a cabo y utilizar para aplicaciones en interiores y exteriores.<br \/>\nEl cuerpo acr\u00edlico del conjunto est\u00e1 fabricado con materias primas de primera calidad. Esto contribuye a su transparencia a largo plazo y m\u00ednima susceptibilidad a posibles ara\u00f1azos durante los a\u00f1os de funcionamiento.<br \/>\nLa incorporaci\u00f3n de piezas met\u00e1licas en la cuchilla del molinillo, el mango y el mecanismo giratorio ha hecho que el conjunto sea duradero, para que brille en tu cocina durante a\u00f1os.<br \/>\nLa belleza y la apariencia del conjunto pueden llamar la atenci\u00f3n cuando uno mira sus muebles.<\/p>\n<h6>Informaci\u00f3n del producto:<\/h6>\n<p>Peso (g) : 252<br \/>\nDimensiones del producto (cm): 12 * 5<\/p>\n","protected":false},"excerpt":{"rendered":"<p>Molinillo de Azafr\u00e1n &#8211; Modelo Cuadr\u00e1tico Proporciona azafr\u00e1n en polvo uniformemente Queda un exceso de azafr\u00e1n sin moler en el conjunto El exceso de azafr\u00e1n en polvo se acumula en el recipiente al final del molinillo, de modo que no se desperdicia azafr\u00e1n conservando su sabor. El peque\u00f1o tama\u00f1o del conjunto lo convierte en una [&hellip;]<\/p>\n","protected":false},"featured_media":11305,"template":"","meta":{"_surecart_dashboard_logo_width":"180px","_surecart_dashboard_show_logo":true,"_surecart_dashboard_navigation_orders":true,"_surecart_dashboard_navigation_invoices":true,"_surecart_dashboard_navigation_subscriptions":true,"_surecart_dashboard_navigation_downloads":true,"_surecart_dashboard_navigation_billing":true,"_surecart_dashboard_navigation_account":true,"_uag_custom_page_level_css":"","site-sidebar-layout":"default","site-content-layout":"default","ast-site-content-layout":"","site-content-style":"default","site-sidebar-style":"default","ast-global-header-display":"","ast-banner-title-visibility":"","ast-main-header-display":"","ast-hfb-above-header-display":"","ast-hfb-below-header-display":"","ast-hfb-mobile-header-display":"","site-post-title":"","ast-breadcrumbs-content":"","ast-featured-img":"","footer-sml-layout":"","theme-transparent-header-meta":"default","adv-header-id-meta":"","stick-header-meta":"","header-above-stick-meta":"","header-main-stick-meta":"","header-below-stick-meta":"","astra-migrate-meta-layouts":"default","ast-page-background-enabled":"default","ast-page-background-meta":{"desktop":{"background-color":"","background-image":"","background-repeat":"repeat","background-position":"center center","background-size":"auto","background-attachment":"scroll","background-type":"","background-media":"","overlay-type":"","overlay-color":"","overlay-opacity":"","overlay-gradient":""},"tablet":{"background-color":"","background-image":"","background-repeat":"repeat","background-position":"center center","background-size":"auto","background-attachment":"scroll","background-type":"","background-media":"","overlay-type":"","overlay-color":"","overlay-opacity":"","overlay-gradient":""},"mobile":{"background-color":"","background-image":"","background-repeat":"repeat","background-position":"center center","background-size":"auto","background-attachment":"scroll","background-type":"","background-media":"","overlay-type":"","overlay-color":"","overlay-opacity":"","overlay-gradient":""}},"ast-content-background-meta":{"desktop":{"background-color":"var(--ast-global-color-5)","background-image":"","background-repeat":"repeat","background-position":"center center","background-size":"auto","background-attachment":"scroll","background-type":"","background-media":"","overlay-type":"","overlay-color":"","overlay-opacity":"","overlay-gradient":""},"tablet":{"background-color":"var(--ast-global-color-5)","background-image":"","background-repeat":"repeat","background-position":"center center","background-size":"auto","background-attachment":"scroll","background-type":"","background-media":"","overlay-type":"","overlay-color":"","overlay-opacity":"","overlay-gradient":""},"mobile":{"background-color":"var(--ast-global-color-5)","background-image":"","background-repeat":"repeat","background-position":"center center","background-size":"auto","background-attachment":"scroll","background-type":"","background-media":"","overlay-type":"","overlay-color":"","overlay-opacity":"","overlay-gradient":""}}},"pwb-brand":[113],"product_cat":[49,1169,106],"product_tag":[866,717,877,428],"class_list":{"0":"post-11301","1":"product","2":"type-product","3":"status-publish","4":"has-post-thumbnail","6":"pwb-brand-dayan-2","7":"product_cat-azafran","8":"product_cat-cocina","9":"product_cat-nuevos-productos","10":"product_tag-aroma","11":"product_tag-azafran","12":"product_tag-puro","13":"product_tag-428","14":"desktop-align-center","15":"tablet-align-center","16":"mobile-align-center","18":"first","19":"outofstock","20":"taxable","21":"shipping-taxable","22":"purchasable","23":"product-type-simple"},"yoast_head":"<!-- This site is optimized with the Yoast SEO plugin v23.6 - https:\/\/yoast.com\/wordpress\/plugins\/seo\/ -->\n<title>Molinillo de Azafr\u00e1n - Modelo Cuadr\u00e1tico - Delicias Persas<\/title>\n<meta name=\"description\" content=\"El\u00a0azafr\u00e1n puro espa\u00f1ol es una de las especias m\u00e1s cara del mundo cosechada a mano en Ir\u00e1n, y venerada por sus propiedades medicinales.\" \/>\n<meta name=\"robots\" content=\"index, follow, max-snippet:-1, max-image-preview:large, max-video-preview:-1\" \/>\n<link rel=\"canonical\" href=\"https:\/\/deliciaspersas.com\/fa\/tienda\/azafran\/molinillo-de-azafran-modelo-cuadratico\/\" \/>\n<meta property=\"og:locale\" content=\"fa_IR\" \/>\n<meta property=\"og:type\" content=\"article\" \/>\n<meta property=\"og:title\" content=\"Molinillo de Azafr\u00e1n - Modelo Cuadr\u00e1tico - Delicias Persas\" \/>\n<meta property=\"og:description\" content=\"El\u00a0azafr\u00e1n puro espa\u00f1ol es una de las especias m\u00e1s cara del mundo cosechada a mano en Ir\u00e1n, y venerada por sus propiedades medicinales.\" \/>\n<meta property=\"og:url\" content=\"https:\/\/deliciaspersas.com\/fa\/tienda\/azafran\/molinillo-de-azafran-modelo-cuadratico\/\" \/>\n<meta property=\"og:site_name\" content=\"Delicias Persas\" \/>\n<meta property=\"article:publisher\" content=\"https:\/\/www.facebook.com\/Deliciaspersas\" \/>\n<meta property=\"article:modified_time\" content=\"2023-11-02T16:59:23+00:00\" \/>\n<meta property=\"og:image\" content=\"https:\/\/deliciaspersas.com\/wp-content\/uploads\/molinillo2.jpg\" \/>\n\t<meta property=\"og:image:width\" content=\"800\" \/>\n\t<meta property=\"og:image:height\" content=\"759\" \/>\n\t<meta property=\"og:image:type\" content=\"image\/jpeg\" \/>\n<meta name=\"twitter:card\" content=\"summary_large_image\" \/>\n<meta name=\"twitter:label1\" content=\"\u0632\u0645\u0627\u0646 \u062a\u0642\u0631\u06cc\u0628\u06cc \u0628\u0631\u0627\u06cc \u062e\u0648\u0627\u0646\u062f\u0646\" \/>\n\t<meta name=\"twitter:data1\" content=\"1 \u062f\u0642\u06cc\u0642\u0647\" \/>\n<script type=\"application\/ld+json\" class=\"yoast-schema-graph\">{\"@context\":\"https:\/\/schema.org\",\"@graph\":[{\"@type\":\"WebPage\",\"@id\":\"https:\/\/deliciaspersas.com\/fa\/tienda\/azafran\/molinillo-de-azafran-modelo-cuadratico\/\",\"url\":\"https:\/\/deliciaspersas.com\/fa\/tienda\/azafran\/molinillo-de-azafran-modelo-cuadratico\/\",\"name\":\"Molinillo de Azafr\u00e1n - Modelo Cuadr\u00e1tico - Delicias Persas\",\"isPartOf\":{\"@id\":\"https:\/\/deliciaspersas.com\/fa\/#website\"},\"primaryImageOfPage\":{\"@id\":\"https:\/\/deliciaspersas.com\/fa\/tienda\/azafran\/molinillo-de-azafran-modelo-cuadratico\/#primaryimage\"},\"image\":{\"@id\":\"https:\/\/deliciaspersas.com\/fa\/tienda\/azafran\/molinillo-de-azafran-modelo-cuadratico\/#primaryimage\"},\"thumbnailUrl\":\"https:\/\/deliciaspersas.com\/wp-content\/uploads\/molinillo2.jpg\",\"datePublished\":\"2023-05-10T18:44:22+00:00\",\"dateModified\":\"2023-11-02T16:59:23+00:00\",\"description\":\"El\u00a0azafr\u00e1n puro espa\u00f1ol es una de las especias m\u00e1s cara del mundo cosechada a mano en Ir\u00e1n, y venerada por sus propiedades medicinales.\",\"breadcrumb\":{\"@id\":\"https:\/\/deliciaspersas.com\/fa\/tienda\/azafran\/molinillo-de-azafran-modelo-cuadratico\/#breadcrumb\"},\"inLanguage\":\"fa-IR\",\"potentialAction\":[{\"@type\":\"ReadAction\",\"target\":[\"https:\/\/deliciaspersas.com\/fa\/tienda\/azafran\/molinillo-de-azafran-modelo-cuadratico\/\"]}]},{\"@type\":\"ImageObject\",\"inLanguage\":\"fa-IR\",\"@id\":\"https:\/\/deliciaspersas.com\/fa\/tienda\/azafran\/molinillo-de-azafran-modelo-cuadratico\/#primaryimage\",\"url\":\"https:\/\/deliciaspersas.com\/wp-content\/uploads\/molinillo2.jpg\",\"contentUrl\":\"https:\/\/deliciaspersas.com\/wp-content\/uploads\/molinillo2.jpg\",\"width\":800,\"height\":759},{\"@type\":\"BreadcrumbList\",\"@id\":\"https:\/\/deliciaspersas.com\/fa\/tienda\/azafran\/molinillo-de-azafran-modelo-cuadratico\/#breadcrumb\",\"itemListElement\":[{\"@type\":\"ListItem\",\"position\":1,\"name\":\"Portada\",\"item\":\"https:\/\/deliciaspersas.com\/fa\/\"},{\"@type\":\"ListItem\",\"position\":2,\"name\":\"Tienda\",\"item\":\"https:\/\/deliciaspersas.com\/\"},{\"@type\":\"ListItem\",\"position\":3,\"name\":\"Molinillo de Azafr\u00e1n &#8211; Modelo Cuadr\u00e1tico\"}]},{\"@type\":\"WebSite\",\"@id\":\"https:\/\/deliciaspersas.com\/fa\/#website\",\"url\":\"https:\/\/deliciaspersas.com\/fa\/\",\"name\":\"Delicias Persas\",\"description\":\"Gastronom&iacute;a persa al alcance de tus manos\",\"publisher\":{\"@id\":\"https:\/\/deliciaspersas.com\/fa\/#organization\"},\"potentialAction\":[{\"@type\":\"SearchAction\",\"target\":{\"@type\":\"EntryPoint\",\"urlTemplate\":\"https:\/\/deliciaspersas.com\/fa\/?s={search_term_string}\"},\"query-input\":{\"@type\":\"PropertyValueSpecification\",\"valueRequired\":true,\"valueName\":\"search_term_string\"}}],\"inLanguage\":\"fa-IR\"},{\"@type\":\"Organization\",\"@id\":\"https:\/\/deliciaspersas.com\/fa\/#organization\",\"name\":\"Delicias Persas\",\"url\":\"https:\/\/deliciaspersas.com\/fa\/\",\"logo\":{\"@type\":\"ImageObject\",\"inLanguage\":\"fa-IR\",\"@id\":\"https:\/\/deliciaspersas.com\/fa\/#\/schema\/logo\/image\/\",\"url\":\"https:\/\/deliciaspersas.com\/wp-content\/uploads\/2020\/07\/logo-2020.png\",\"contentUrl\":\"https:\/\/deliciaspersas.com\/wp-content\/uploads\/2020\/07\/logo-2020.png\",\"width\":520,\"height\":490,\"caption\":\"Delicias Persas\"},\"image\":{\"@id\":\"https:\/\/deliciaspersas.com\/fa\/#\/schema\/logo\/image\/\"},\"sameAs\":[\"https:\/\/www.facebook.com\/Deliciaspersas\",\"https:\/\/www.instagram.com\/delicias_persas\/\",\"https:\/\/www.linkedin.com\/delicias-persas\"]}]}<\/script>\n<!-- \/ Yoast SEO plugin. -->","yoast_head_json":{"title":"Molinillo de Azafr\u00e1n - Modelo Cuadr\u00e1tico - Delicias Persas","description":"El\u00a0azafr\u00e1n puro espa\u00f1ol es una de las especias m\u00e1s cara del mundo cosechada a mano en Ir\u00e1n, y venerada por sus propiedades medicinales.","robots":{"index":"index","follow":"follow","max-snippet":"max-snippet:-1","max-image-preview":"max-image-preview:large","max-video-preview":"max-video-preview:-1"},"canonical":"https:\/\/deliciaspersas.com\/fa\/tienda\/azafran\/molinillo-de-azafran-modelo-cuadratico\/","og_locale":"fa_IR","og_type":"article","og_title":"Molinillo de Azafr\u00e1n - Modelo Cuadr\u00e1tico - Delicias Persas","og_description":"El\u00a0azafr\u00e1n puro espa\u00f1ol es una de las especias m\u00e1s cara del mundo cosechada a mano en Ir\u00e1n, y venerada por sus propiedades medicinales.","og_url":"https:\/\/deliciaspersas.com\/fa\/tienda\/azafran\/molinillo-de-azafran-modelo-cuadratico\/","og_site_name":"Delicias Persas","article_publisher":"https:\/\/www.facebook.com\/Deliciaspersas","article_modified_time":"2023-11-02T16:59:23+00:00","og_image":[{"width":800,"height":759,"url":"https:\/\/deliciaspersas.com\/wp-content\/uploads\/molinillo2.jpg","type":"image\/jpeg"}],"twitter_card":"summary_large_image","twitter_misc":{"\u0632\u0645\u0627\u0646 \u062a\u0642\u0631\u06cc\u0628\u06cc \u0628\u0631\u0627\u06cc \u062e\u0648\u0627\u0646\u062f\u0646":"1 \u062f\u0642\u06cc\u0642\u0647"},"schema":{"@context":"https:\/\/schema.org","@graph":[{"@type":"WebPage","@id":"https:\/\/deliciaspersas.com\/fa\/tienda\/azafran\/molinillo-de-azafran-modelo-cuadratico\/","url":"https:\/\/deliciaspersas.com\/fa\/tienda\/azafran\/molinillo-de-azafran-modelo-cuadratico\/","name":"Molinillo de Azafr\u00e1n - Modelo Cuadr\u00e1tico - Delicias Persas","isPartOf":{"@id":"https:\/\/deliciaspersas.com\/fa\/#website"},"primaryImageOfPage":{"@id":"https:\/\/deliciaspersas.com\/fa\/tienda\/azafran\/molinillo-de-azafran-modelo-cuadratico\/#primaryimage"},"image":{"@id":"https:\/\/deliciaspersas.com\/fa\/tienda\/azafran\/molinillo-de-azafran-modelo-cuadratico\/#primaryimage"},"thumbnailUrl":"https:\/\/deliciaspersas.com\/wp-content\/uploads\/molinillo2.jpg","datePublished":"2023-05-10T18:44:22+00:00","dateModified":"2023-11-02T16:59:23+00:00","description":"El\u00a0azafr\u00e1n puro espa\u00f1ol es una de las especias m\u00e1s cara del mundo cosechada a mano en Ir\u00e1n, y venerada por sus propiedades medicinales.","breadcrumb":{"@id":"https:\/\/deliciaspersas.com\/fa\/tienda\/azafran\/molinillo-de-azafran-modelo-cuadratico\/#breadcrumb"},"inLanguage":"fa-IR","potentialAction":[{"@type":"ReadAction","target":["https:\/\/deliciaspersas.com\/fa\/tienda\/azafran\/molinillo-de-azafran-modelo-cuadratico\/"]}]},{"@type":"ImageObject","inLanguage":"fa-IR","@id":"https:\/\/deliciaspersas.com\/fa\/tienda\/azafran\/molinillo-de-azafran-modelo-cuadratico\/#primaryimage","url":"https:\/\/deliciaspersas.com\/wp-content\/uploads\/molinillo2.jpg","contentUrl":"https:\/\/deliciaspersas.com\/wp-content\/uploads\/molinillo2.jpg","width":800,"height":759},{"@type":"BreadcrumbList","@id":"https:\/\/deliciaspersas.com\/fa\/tienda\/azafran\/molinillo-de-azafran-modelo-cuadratico\/#breadcrumb","itemListElement":[{"@type":"ListItem","position":1,"name":"Portada","item":"https:\/\/deliciaspersas.com\/fa\/"},{"@type":"ListItem","position":2,"name":"Tienda","item":"https:\/\/deliciaspersas.com\/"},{"@type":"ListItem","position":3,"name":"Molinillo de Azafr\u00e1n &#8211; Modelo Cuadr\u00e1tico"}]},{"@type":"WebSite","@id":"https:\/\/deliciaspersas.com\/fa\/#website","url":"https:\/\/deliciaspersas.com\/fa\/","name":"Delicias Persas","description":"Gastronom&iacute;a persa al alcance de tus manos","publisher":{"@id":"https:\/\/deliciaspersas.com\/fa\/#organization"},"potentialAction":[{"@type":"SearchAction","target":{"@type":"EntryPoint","urlTemplate":"https:\/\/deliciaspersas.com\/fa\/?s={search_term_string}"},"query-input":{"@type":"PropertyValueSpecification","valueRequired":true,"valueName":"search_term_string"}}],"inLanguage":"fa-IR"},{"@type":"Organization","@id":"https:\/\/deliciaspersas.com\/fa\/#organization","name":"Delicias Persas","url":"https:\/\/deliciaspersas.com\/fa\/","logo":{"@type":"ImageObject","inLanguage":"fa-IR","@id":"https:\/\/deliciaspersas.com\/fa\/#\/schema\/logo\/image\/","url":"https:\/\/deliciaspersas.com\/wp-content\/uploads\/2020\/07\/logo-2020.png","contentUrl":"https:\/\/deliciaspersas.com\/wp-content\/uploads\/2020\/07\/logo-2020.png","width":520,"height":490,"caption":"Delicias Persas"},"image":{"@id":"https:\/\/deliciaspersas.com\/fa\/#\/schema\/logo\/image\/"},"sameAs":["https:\/\/www.facebook.com\/Deliciaspersas","https:\/\/www.instagram.com\/delicias_persas\/","https:\/\/www.linkedin.com\/delicias-persas"]}]}},"uagb_featured_image_src":{"full":["https:\/\/deliciaspersas.com\/wp-content\/uploads\/molinillo2.jpg",800,759,false],"thumbnail":["https:\/\/deliciaspersas.com\/wp-content\/uploads\/molinillo2-150x150.jpg",150,150,true],"medium":["https:\/\/deliciaspersas.com\/wp-content\/uploads\/molinillo2-300x285.jpg",300,285,true],"medium_large":["https:\/\/deliciaspersas.com\/wp-content\/uploads\/molinillo2-768x729.jpg",768,729,true],"large":["https:\/\/deliciaspersas.com\/wp-content\/uploads\/molinillo2.jpg",800,759,false],"1536x1536":["https:\/\/deliciaspersas.com\/wp-content\/uploads\/molinillo2.jpg",800,759,false],"2048x2048":["https:\/\/deliciaspersas.com\/wp-content\/uploads\/molinillo2.jpg",800,759,false],"woocommerce_thumbnail":["https:\/\/deliciaspersas.com\/wp-content\/uploads\/molinillo2-300x300.jpg",300,300,true],"woocommerce_single":["https:\/\/deliciaspersas.com\/wp-content\/uploads\/molinillo2-600x569.jpg",600,569,true],"woocommerce_gallery_thumbnail":["https:\/\/deliciaspersas.com\/wp-content\/uploads\/molinillo2-100x100.jpg",100,100,true]},"uagb_author_info":{"display_name":"admin","author_link":"https:\/\/deliciaspersas.com\/fa\/author\/"},"uagb_comment_info":0,"uagb_excerpt":"Molinillo de Azafr\u00e1n &#8211; Modelo Cuadr\u00e1tico Proporciona azafr\u00e1n en polvo uniformemente Queda un exceso de azafr\u00e1n sin moler en el conjunto El exceso de azafr\u00e1n en polvo se acumula en el recipiente al final del molinillo, de modo que no se desperdicia azafr\u00e1n conservando su sabor. El peque\u00f1o tama\u00f1o del conjunto lo convierte en una&hellip;","brands":[{"id":113,"name":"Dayan","slug":"dayan-2"}],"_links":{"self":[{"href":"https:\/\/deliciaspersas.com\/fa\/wp-json\/wp\/v2\/product\/11301"}],"collection":[{"href":"https:\/\/deliciaspersas.com\/fa\/wp-json\/wp\/v2\/product"}],"about":[{"href":"https:\/\/deliciaspersas.com\/fa\/wp-json\/wp\/v2\/types\/product"}],"wp:featuredmedia":[{"embeddable":true,"href":"https:\/\/deliciaspersas.com\/fa\/wp-json\/wp\/v2\/media\/11305"}],"wp:attachment":[{"href":"https:\/\/deliciaspersas.com\/fa\/wp-json\/wp\/v2\/media?parent=11301"}],"wp:term":[{"taxonomy":"pwb-brand","embeddable":true,"href":"https:\/\/deliciaspersas.com\/fa\/wp-json\/wp\/v2\/pwb-brand?post=11301"},{"taxonomy":"product_cat","embeddable":true,"href":"https:\/\/deliciaspersas.com\/fa\/wp-json\/wp\/v2\/product_cat?post=11301"},{"taxonomy":"product_tag","embeddable":true,"href":"https:\/\/deliciaspersas.com\/fa\/wp-json\/wp\/v2\/product_tag?post=11301"}],"curies":[{"name":"wp","href":"https:\/\/api.w.org\/{rel}","templated":true}]}}