{"id":11850,"date":"2023-07-14T17:41:35","date_gmt":"2023-07-14T15:41:35","guid":{"rendered":"https:\/\/deliciaspersas.com\/?post_type=product&#038;p=11850"},"modified":"2026-04-19T11:41:31","modified_gmt":"2026-04-19T09:41:31","slug":"arroz-con-frutos-secos-ghabeli-polow-350g-sar-ashpaz","status":"publish","type":"product","link":"https:\/\/deliciaspersas.com\/fa\/tienda\/ready\/arroz-con-frutos-secos-ghabeli-polow-350g-sar-ashpaz\/","title":{"rendered":"Arroz con frutos secos (Ghabeli polow) &#8211; 350g Sar Ashpaz"},"content":{"rendered":"<h1>Arroz con frutos secos (Ghabeli polow) &#8211; 350g Sar Ashpaz<br \/>\nSin CARNE<\/h1>\n<p>&nbsp;<\/p>\n<p>Ghabli Polow- Kabuli Polow es uno de los platos originales de Afganist\u00e1n, que se puede llamar como la comida de asamblea afgana. En la preparaci\u00f3n de este plato se utilizan arroz, aceite, pasas, rodajas de pistacho, rodajas de almendras y varias especias. Apoy\u00e1ndose en su experiencia en la producci\u00f3n de todo tipo de conservas y utilizando las mejores m\u00e1quinas y lo m\u00e1s importante, las mejores y mejores materias primas, Gilani Group produce este delicioso alimento y espera que sea del agrado de sus seres queridos.<\/p>\n","protected":false},"excerpt":{"rendered":"<p>Arroz con frutos secos (Ghabeli polow) &#8211; 350g Sar Ashpaz Sin CARNE &nbsp; Ghabli Polow- Kabuli Polow es uno de los platos originales de Afganist\u00e1n, que se puede llamar como la comida de asamblea afgana. En la preparaci\u00f3n de este plato se utilizan arroz, aceite, pasas, rodajas de pistacho, rodajas de almendras y varias especias. [&hellip;]<\/p>\n","protected":false},"featured_media":11873,"template":"","meta":{"_surecart_dashboard_logo_width":"180px","_surecart_dashboard_show_logo":true,"_surecart_dashboard_navigation_orders":true,"_surecart_dashboard_navigation_invoices":true,"_surecart_dashboard_navigation_subscriptions":true,"_surecart_dashboard_navigation_downloads":true,"_surecart_dashboard_navigation_billing":true,"_surecart_dashboard_navigation_account":true,"_uag_custom_page_level_css":"","site-sidebar-layout":"default","site-content-layout":"default","ast-site-content-layout":"default","site-content-style":"default","site-sidebar-style":"default","ast-global-header-display":"","ast-banner-title-visibility":"","ast-main-header-display":"","ast-hfb-above-header-display":"","ast-hfb-below-header-display":"","ast-hfb-mobile-header-display":"","site-post-title":"","ast-breadcrumbs-content":"","ast-featured-img":"","footer-sml-layout":"","theme-transparent-header-meta":"default","adv-header-id-meta":"","stick-header-meta":"","header-above-stick-meta":"","header-main-stick-meta":"","header-below-stick-meta":"","astra-migrate-meta-layouts":"set","ast-page-background-enabled":"default","ast-page-background-meta":{"desktop":{"background-color":"","background-image":"","background-repeat":"repeat","background-position":"center center","background-size":"auto","background-attachment":"scroll","background-type":"","background-media":"","overlay-type":"","overlay-color":"","overlay-opacity":"","overlay-gradient":""},"tablet":{"background-color":"","background-image":"","background-repeat":"repeat","background-position":"center center","background-size":"auto","background-attachment":"scroll","background-type":"","background-media":"","overlay-type":"","overlay-color":"","overlay-opacity":"","overlay-gradient":""},"mobile":{"background-color":"","background-image":"","background-repeat":"repeat","background-position":"center center","background-size":"auto","background-attachment":"scroll","background-type":"","background-media":"","overlay-type":"","overlay-color":"","overlay-opacity":"","overlay-gradient":""}},"ast-content-background-meta":{"desktop":{"background-color":"var(--ast-global-color-5)","background-image":"","background-repeat":"repeat","background-position":"center center","background-size":"auto","background-attachment":"scroll","background-type":"","background-media":"","overlay-type":"","overlay-color":"","overlay-opacity":"","overlay-gradient":""},"tablet":{"background-color":"var(--ast-global-color-5)","background-image":"","background-repeat":"repeat","background-position":"center center","background-size":"auto","background-attachment":"scroll","background-type":"","background-media":"","overlay-type":"","overlay-color":"","overlay-opacity":"","overlay-gradient":""},"mobile":{"background-color":"var(--ast-global-color-5)","background-image":"","background-repeat":"repeat","background-position":"center center","background-size":"auto","background-attachment":"scroll","background-type":"","background-media":"","overlay-type":"","overlay-color":"","overlay-opacity":"","overlay-gradient":""}}},"pwb-brand":[199],"product_cat":[35,34,106],"product_tag":[564,667,573,668,669,450],"class_list":{"0":"post-11850","1":"product","2":"type-product","3":"status-publish","4":"has-post-thumbnail","6":"pwb-brand-sarashpaz","7":"product_cat-conservas","8":"product_cat-ready","9":"product_cat-nuevos-productos","10":"product_tag-conserva","11":"product_tag-ghorme-sabzi","12":"product_tag-guiso","13":"product_tag-listo-para-comer","14":"product_tag-669","15":"product_tag-450","16":"desktop-align-center","17":"tablet-align-center","18":"mobile-align-center","20":"first","21":"instock","22":"taxable","23":"shipping-taxable","24":"purchasable","25":"product-type-simple"},"yoast_head":"<!-- This site is optimized with the Yoast SEO plugin v23.6 - https:\/\/yoast.com\/wordpress\/plugins\/seo\/ -->\n<title>Arroz con frutos secos (Ghabeli polow) - 350g Sar Ashpaz - Delicias Persas<\/title>\n<meta name=\"description\" content=\"Ghorme Sabzi 460g SarashpazInformaci\u00f3n del producto:El estofado Ghormeh Sabzi es uno de los guisos iran\u00edes m\u00e1s populares que....\" \/>\n<meta name=\"robots\" content=\"index, follow, max-snippet:-1, max-image-preview:large, max-video-preview:-1\" \/>\n<link rel=\"canonical\" href=\"https:\/\/deliciaspersas.com\/fa\/tienda\/ready\/arroz-con-frutos-secos-ghabeli-polow-350g-sar-ashpaz\/\" \/>\n<meta property=\"og:locale\" content=\"fa_IR\" \/>\n<meta property=\"og:type\" content=\"article\" \/>\n<meta property=\"og:title\" content=\"Arroz con frutos secos (Ghabeli polow) - 350g Sar Ashpaz - Delicias Persas\" \/>\n<meta property=\"og:description\" content=\"Ghorme Sabzi 460g SarashpazInformaci\u00f3n del producto:El estofado Ghormeh Sabzi es uno de los guisos iran\u00edes m\u00e1s populares que....\" \/>\n<meta property=\"og:url\" content=\"https:\/\/deliciaspersas.com\/fa\/tienda\/ready\/arroz-con-frutos-secos-ghabeli-polow-350g-sar-ashpaz\/\" \/>\n<meta property=\"og:site_name\" content=\"Delicias Persas\" \/>\n<meta property=\"article:publisher\" content=\"https:\/\/www.facebook.com\/Deliciaspersas\" \/>\n<meta property=\"article:modified_time\" content=\"2026-04-19T09:41:31+00:00\" \/>\n<meta property=\"og:image\" content=\"https:\/\/deliciaspersas.com\/wp-content\/uploads\/d0a1059e388acdb2139725370e4df24566ebc5e9_1626868320-1-1.jpg\" \/>\n\t<meta property=\"og:image:width\" content=\"800\" \/>\n\t<meta property=\"og:image:height\" content=\"800\" \/>\n\t<meta property=\"og:image:type\" content=\"image\/jpeg\" \/>\n<meta name=\"twitter:card\" content=\"summary_large_image\" \/>\n<meta name=\"twitter:label1\" content=\"\u0632\u0645\u0627\u0646 \u062a\u0642\u0631\u06cc\u0628\u06cc \u0628\u0631\u0627\u06cc \u062e\u0648\u0627\u0646\u062f\u0646\" \/>\n\t<meta name=\"twitter:data1\" content=\"1 \u062f\u0642\u06cc\u0642\u0647\" \/>\n<script type=\"application\/ld+json\" class=\"yoast-schema-graph\">{\"@context\":\"https:\/\/schema.org\",\"@graph\":[{\"@type\":\"WebPage\",\"@id\":\"https:\/\/deliciaspersas.com\/fa\/tienda\/ready\/arroz-con-frutos-secos-ghabeli-polow-350g-sar-ashpaz\/\",\"url\":\"https:\/\/deliciaspersas.com\/fa\/tienda\/ready\/arroz-con-frutos-secos-ghabeli-polow-350g-sar-ashpaz\/\",\"name\":\"Arroz con frutos secos (Ghabeli polow) - 350g Sar Ashpaz - Delicias Persas\",\"isPartOf\":{\"@id\":\"https:\/\/deliciaspersas.com\/fa\/#website\"},\"primaryImageOfPage\":{\"@id\":\"https:\/\/deliciaspersas.com\/fa\/tienda\/ready\/arroz-con-frutos-secos-ghabeli-polow-350g-sar-ashpaz\/#primaryimage\"},\"image\":{\"@id\":\"https:\/\/deliciaspersas.com\/fa\/tienda\/ready\/arroz-con-frutos-secos-ghabeli-polow-350g-sar-ashpaz\/#primaryimage\"},\"thumbnailUrl\":\"https:\/\/deliciaspersas.com\/wp-content\/uploads\/d0a1059e388acdb2139725370e4df24566ebc5e9_1626868320-1-1.jpg\",\"datePublished\":\"2023-07-14T15:41:35+00:00\",\"dateModified\":\"2026-04-19T09:41:31+00:00\",\"description\":\"Ghorme Sabzi 460g SarashpazInformaci\u00f3n del producto:El estofado Ghormeh Sabzi es uno de los guisos iran\u00edes m\u00e1s populares que....\",\"breadcrumb\":{\"@id\":\"https:\/\/deliciaspersas.com\/fa\/tienda\/ready\/arroz-con-frutos-secos-ghabeli-polow-350g-sar-ashpaz\/#breadcrumb\"},\"inLanguage\":\"fa-IR\",\"potentialAction\":[{\"@type\":\"ReadAction\",\"target\":[\"https:\/\/deliciaspersas.com\/fa\/tienda\/ready\/arroz-con-frutos-secos-ghabeli-polow-350g-sar-ashpaz\/\"]}]},{\"@type\":\"ImageObject\",\"inLanguage\":\"fa-IR\",\"@id\":\"https:\/\/deliciaspersas.com\/fa\/tienda\/ready\/arroz-con-frutos-secos-ghabeli-polow-350g-sar-ashpaz\/#primaryimage\",\"url\":\"https:\/\/deliciaspersas.com\/wp-content\/uploads\/d0a1059e388acdb2139725370e4df24566ebc5e9_1626868320-1-1.jpg\",\"contentUrl\":\"https:\/\/deliciaspersas.com\/wp-content\/uploads\/d0a1059e388acdb2139725370e4df24566ebc5e9_1626868320-1-1.jpg\",\"width\":800,\"height\":800},{\"@type\":\"BreadcrumbList\",\"@id\":\"https:\/\/deliciaspersas.com\/fa\/tienda\/ready\/arroz-con-frutos-secos-ghabeli-polow-350g-sar-ashpaz\/#breadcrumb\",\"itemListElement\":[{\"@type\":\"ListItem\",\"position\":1,\"name\":\"Portada\",\"item\":\"https:\/\/deliciaspersas.com\/fa\/\"},{\"@type\":\"ListItem\",\"position\":2,\"name\":\"Tienda\",\"item\":\"https:\/\/deliciaspersas.com\/\"},{\"@type\":\"ListItem\",\"position\":3,\"name\":\"Arroz con frutos secos (Ghabeli polow) &#8211; 350g Sar Ashpaz\"}]},{\"@type\":\"WebSite\",\"@id\":\"https:\/\/deliciaspersas.com\/fa\/#website\",\"url\":\"https:\/\/deliciaspersas.com\/fa\/\",\"name\":\"Delicias Persas\",\"description\":\"Gastronom&iacute;a persa al alcance de tus manos\",\"publisher\":{\"@id\":\"https:\/\/deliciaspersas.com\/fa\/#organization\"},\"potentialAction\":[{\"@type\":\"SearchAction\",\"target\":{\"@type\":\"EntryPoint\",\"urlTemplate\":\"https:\/\/deliciaspersas.com\/fa\/?s={search_term_string}\"},\"query-input\":{\"@type\":\"PropertyValueSpecification\",\"valueRequired\":true,\"valueName\":\"search_term_string\"}}],\"inLanguage\":\"fa-IR\"},{\"@type\":\"Organization\",\"@id\":\"https:\/\/deliciaspersas.com\/fa\/#organization\",\"name\":\"Delicias Persas\",\"url\":\"https:\/\/deliciaspersas.com\/fa\/\",\"logo\":{\"@type\":\"ImageObject\",\"inLanguage\":\"fa-IR\",\"@id\":\"https:\/\/deliciaspersas.com\/fa\/#\/schema\/logo\/image\/\",\"url\":\"https:\/\/deliciaspersas.com\/wp-content\/uploads\/2020\/07\/logo-2020.png\",\"contentUrl\":\"https:\/\/deliciaspersas.com\/wp-content\/uploads\/2020\/07\/logo-2020.png\",\"width\":520,\"height\":490,\"caption\":\"Delicias Persas\"},\"image\":{\"@id\":\"https:\/\/deliciaspersas.com\/fa\/#\/schema\/logo\/image\/\"},\"sameAs\":[\"https:\/\/www.facebook.com\/Deliciaspersas\",\"https:\/\/www.instagram.com\/delicias_persas\/\",\"https:\/\/www.linkedin.com\/delicias-persas\"]}]}<\/script>\n<!-- \/ Yoast SEO plugin. -->","yoast_head_json":{"title":"Arroz con frutos secos (Ghabeli polow) - 350g Sar Ashpaz - Delicias Persas","description":"Ghorme Sabzi 460g SarashpazInformaci\u00f3n del producto:El estofado Ghormeh Sabzi es uno de los guisos iran\u00edes m\u00e1s populares que....","robots":{"index":"index","follow":"follow","max-snippet":"max-snippet:-1","max-image-preview":"max-image-preview:large","max-video-preview":"max-video-preview:-1"},"canonical":"https:\/\/deliciaspersas.com\/fa\/tienda\/ready\/arroz-con-frutos-secos-ghabeli-polow-350g-sar-ashpaz\/","og_locale":"fa_IR","og_type":"article","og_title":"Arroz con frutos secos (Ghabeli polow) - 350g Sar Ashpaz - Delicias Persas","og_description":"Ghorme Sabzi 460g SarashpazInformaci\u00f3n del producto:El estofado Ghormeh Sabzi es uno de los guisos iran\u00edes m\u00e1s populares que....","og_url":"https:\/\/deliciaspersas.com\/fa\/tienda\/ready\/arroz-con-frutos-secos-ghabeli-polow-350g-sar-ashpaz\/","og_site_name":"Delicias Persas","article_publisher":"https:\/\/www.facebook.com\/Deliciaspersas","article_modified_time":"2026-04-19T09:41:31+00:00","og_image":[{"width":800,"height":800,"url":"https:\/\/deliciaspersas.com\/wp-content\/uploads\/d0a1059e388acdb2139725370e4df24566ebc5e9_1626868320-1-1.jpg","type":"image\/jpeg"}],"twitter_card":"summary_large_image","twitter_misc":{"\u0632\u0645\u0627\u0646 \u062a\u0642\u0631\u06cc\u0628\u06cc \u0628\u0631\u0627\u06cc \u062e\u0648\u0627\u0646\u062f\u0646":"1 \u062f\u0642\u06cc\u0642\u0647"},"schema":{"@context":"https:\/\/schema.org","@graph":[{"@type":"WebPage","@id":"https:\/\/deliciaspersas.com\/fa\/tienda\/ready\/arroz-con-frutos-secos-ghabeli-polow-350g-sar-ashpaz\/","url":"https:\/\/deliciaspersas.com\/fa\/tienda\/ready\/arroz-con-frutos-secos-ghabeli-polow-350g-sar-ashpaz\/","name":"Arroz con frutos secos (Ghabeli polow) - 350g Sar Ashpaz - Delicias Persas","isPartOf":{"@id":"https:\/\/deliciaspersas.com\/fa\/#website"},"primaryImageOfPage":{"@id":"https:\/\/deliciaspersas.com\/fa\/tienda\/ready\/arroz-con-frutos-secos-ghabeli-polow-350g-sar-ashpaz\/#primaryimage"},"image":{"@id":"https:\/\/deliciaspersas.com\/fa\/tienda\/ready\/arroz-con-frutos-secos-ghabeli-polow-350g-sar-ashpaz\/#primaryimage"},"thumbnailUrl":"https:\/\/deliciaspersas.com\/wp-content\/uploads\/d0a1059e388acdb2139725370e4df24566ebc5e9_1626868320-1-1.jpg","datePublished":"2023-07-14T15:41:35+00:00","dateModified":"2026-04-19T09:41:31+00:00","description":"Ghorme Sabzi 460g SarashpazInformaci\u00f3n del producto:El estofado Ghormeh Sabzi es uno de los guisos iran\u00edes m\u00e1s populares que....","breadcrumb":{"@id":"https:\/\/deliciaspersas.com\/fa\/tienda\/ready\/arroz-con-frutos-secos-ghabeli-polow-350g-sar-ashpaz\/#breadcrumb"},"inLanguage":"fa-IR","potentialAction":[{"@type":"ReadAction","target":["https:\/\/deliciaspersas.com\/fa\/tienda\/ready\/arroz-con-frutos-secos-ghabeli-polow-350g-sar-ashpaz\/"]}]},{"@type":"ImageObject","inLanguage":"fa-IR","@id":"https:\/\/deliciaspersas.com\/fa\/tienda\/ready\/arroz-con-frutos-secos-ghabeli-polow-350g-sar-ashpaz\/#primaryimage","url":"https:\/\/deliciaspersas.com\/wp-content\/uploads\/d0a1059e388acdb2139725370e4df24566ebc5e9_1626868320-1-1.jpg","contentUrl":"https:\/\/deliciaspersas.com\/wp-content\/uploads\/d0a1059e388acdb2139725370e4df24566ebc5e9_1626868320-1-1.jpg","width":800,"height":800},{"@type":"BreadcrumbList","@id":"https:\/\/deliciaspersas.com\/fa\/tienda\/ready\/arroz-con-frutos-secos-ghabeli-polow-350g-sar-ashpaz\/#breadcrumb","itemListElement":[{"@type":"ListItem","position":1,"name":"Portada","item":"https:\/\/deliciaspersas.com\/fa\/"},{"@type":"ListItem","position":2,"name":"Tienda","item":"https:\/\/deliciaspersas.com\/"},{"@type":"ListItem","position":3,"name":"Arroz con frutos secos (Ghabeli polow) &#8211; 350g Sar Ashpaz"}]},{"@type":"WebSite","@id":"https:\/\/deliciaspersas.com\/fa\/#website","url":"https:\/\/deliciaspersas.com\/fa\/","name":"Delicias Persas","description":"Gastronom&iacute;a persa al alcance de tus manos","publisher":{"@id":"https:\/\/deliciaspersas.com\/fa\/#organization"},"potentialAction":[{"@type":"SearchAction","target":{"@type":"EntryPoint","urlTemplate":"https:\/\/deliciaspersas.com\/fa\/?s={search_term_string}"},"query-input":{"@type":"PropertyValueSpecification","valueRequired":true,"valueName":"search_term_string"}}],"inLanguage":"fa-IR"},{"@type":"Organization","@id":"https:\/\/deliciaspersas.com\/fa\/#organization","name":"Delicias Persas","url":"https:\/\/deliciaspersas.com\/fa\/","logo":{"@type":"ImageObject","inLanguage":"fa-IR","@id":"https:\/\/deliciaspersas.com\/fa\/#\/schema\/logo\/image\/","url":"https:\/\/deliciaspersas.com\/wp-content\/uploads\/2020\/07\/logo-2020.png","contentUrl":"https:\/\/deliciaspersas.com\/wp-content\/uploads\/2020\/07\/logo-2020.png","width":520,"height":490,"caption":"Delicias Persas"},"image":{"@id":"https:\/\/deliciaspersas.com\/fa\/#\/schema\/logo\/image\/"},"sameAs":["https:\/\/www.facebook.com\/Deliciaspersas","https:\/\/www.instagram.com\/delicias_persas\/","https:\/\/www.linkedin.com\/delicias-persas"]}]}},"uagb_featured_image_src":{"full":["https:\/\/deliciaspersas.com\/wp-content\/uploads\/d0a1059e388acdb2139725370e4df24566ebc5e9_1626868320-1-1.jpg",800,800,false],"thumbnail":["https:\/\/deliciaspersas.com\/wp-content\/uploads\/d0a1059e388acdb2139725370e4df24566ebc5e9_1626868320-1-1-150x150.jpg",150,150,true],"medium":["https:\/\/deliciaspersas.com\/wp-content\/uploads\/d0a1059e388acdb2139725370e4df24566ebc5e9_1626868320-1-1-300x300.jpg",300,300,true],"medium_large":["https:\/\/deliciaspersas.com\/wp-content\/uploads\/d0a1059e388acdb2139725370e4df24566ebc5e9_1626868320-1-1-768x768.jpg",768,768,true],"large":["https:\/\/deliciaspersas.com\/wp-content\/uploads\/d0a1059e388acdb2139725370e4df24566ebc5e9_1626868320-1-1.jpg",800,800,false],"1536x1536":["https:\/\/deliciaspersas.com\/wp-content\/uploads\/d0a1059e388acdb2139725370e4df24566ebc5e9_1626868320-1-1.jpg",800,800,false],"2048x2048":["https:\/\/deliciaspersas.com\/wp-content\/uploads\/d0a1059e388acdb2139725370e4df24566ebc5e9_1626868320-1-1.jpg",800,800,false],"woocommerce_thumbnail":["https:\/\/deliciaspersas.com\/wp-content\/uploads\/d0a1059e388acdb2139725370e4df24566ebc5e9_1626868320-1-1-300x300.jpg",300,300,true],"woocommerce_single":["https:\/\/deliciaspersas.com\/wp-content\/uploads\/d0a1059e388acdb2139725370e4df24566ebc5e9_1626868320-1-1-600x600.jpg",600,600,true],"woocommerce_gallery_thumbnail":["https:\/\/deliciaspersas.com\/wp-content\/uploads\/d0a1059e388acdb2139725370e4df24566ebc5e9_1626868320-1-1-100x100.jpg",100,100,true]},"uagb_author_info":{"display_name":"admin","author_link":"https:\/\/deliciaspersas.com\/fa\/author\/"},"uagb_comment_info":0,"uagb_excerpt":"Arroz con frutos secos (Ghabeli polow) &#8211; 350g Sar Ashpaz Sin CARNE &nbsp; Ghabli Polow- Kabuli Polow es uno de los platos originales de Afganist\u00e1n, que se puede llamar como la comida de asamblea afgana. En la preparaci\u00f3n de este plato se utilizan arroz, aceite, pasas, rodajas de pistacho, rodajas de almendras y varias especias.&hellip;","brands":[{"id":199,"name":"Sarashpaz","slug":"sarashpaz"}],"_links":{"self":[{"href":"https:\/\/deliciaspersas.com\/fa\/wp-json\/wp\/v2\/product\/11850"}],"collection":[{"href":"https:\/\/deliciaspersas.com\/fa\/wp-json\/wp\/v2\/product"}],"about":[{"href":"https:\/\/deliciaspersas.com\/fa\/wp-json\/wp\/v2\/types\/product"}],"wp:featuredmedia":[{"embeddable":true,"href":"https:\/\/deliciaspersas.com\/fa\/wp-json\/wp\/v2\/media\/11873"}],"wp:attachment":[{"href":"https:\/\/deliciaspersas.com\/fa\/wp-json\/wp\/v2\/media?parent=11850"}],"wp:term":[{"taxonomy":"pwb-brand","embeddable":true,"href":"https:\/\/deliciaspersas.com\/fa\/wp-json\/wp\/v2\/pwb-brand?post=11850"},{"taxonomy":"product_cat","embeddable":true,"href":"https:\/\/deliciaspersas.com\/fa\/wp-json\/wp\/v2\/product_cat?post=11850"},{"taxonomy":"product_tag","embeddable":true,"href":"https:\/\/deliciaspersas.com\/fa\/wp-json\/wp\/v2\/product_tag?post=11850"}],"curies":[{"name":"wp","href":"https:\/\/api.w.org\/{rel}","templated":true}]}}